{"id":6651,"date":"2025-04-18T07:56:46","date_gmt":"2025-04-18T07:56:46","guid":{"rendered":"https:\/\/thenordicsauna.com\/gdpr\/"},"modified":"2025-10-21T17:02:35","modified_gmt":"2025-10-21T17:02:35","slug":"gdpr","status":"publish","type":"page","link":"https:\/\/thenordicsauna.com\/et\/gdpr\/","title":{"rendered":"GDPR"},"content":{"rendered":"\t\t<div data-elementor-type=\"wp-page\" data-elementor-id=\"6651\" class=\"elementor elementor-6651 elementor-551\" data-elementor-post-type=\"page\">\n\t\t\t\t<div class=\"elementor-element elementor-element-57930d8 e-flex e-con-boxed e-con e-parent\" data-id=\"57930d8\" data-element_type=\"container\">\n\t\t\t\t\t<div class=\"e-con-inner\">\n\t\t\t\t<div class=\"elementor-element elementor-element-469c0ed elementor-widget elementor-widget-heading\" data-id=\"469c0ed\" data-element_type=\"widget\" data-widget_type=\"heading.default\">\n\t\t\t\t<div class=\"elementor-widget-container\">\n\t\t\t\t\t<h1 class=\"elementor-heading-title elementor-size-default\">Privaatsuspoliitika<\/h1>\t\t\t\t<\/div>\n\t\t\t\t<\/div>\n\t\t\t\t<div class=\"elementor-element elementor-element-ed027a3 elementor-widget elementor-widget-text-editor\" data-id=\"ed027a3\" data-element_type=\"widget\" data-widget_type=\"text-editor.default\">\n\t\t\t\t<div class=\"elementor-widget-container\">\n\t\t\t\t\t\t\t\t\t<p>K\u00e4esolevat privaatsuspoliitikat kohaldatakse k\u00f5igi isikuandmete suhtes, mida te meile edastate v\u00f5i mida me kogume ja t\u00f6\u00f6tleme, kui kasutate veebilehte thenordicsauna.com.<\/p><p>Teie andmeid, mida me kogume meie veebilehel, t\u00f6\u00f6tleb Nordic Elements O\u00dc, reg. kood 12754276, registrij\u00e4rgne aadress Jakobsoni tn 17-61, 10128 Tallinn, Eesti. \u201eMeie\u201c v\u00f5i \u201emeid\u201c k\u00e4esolevas privaatsuspoliitikas viitab vastavale Nordic Elements O\u00dc-le. <\/p><p>kellega te olete veebilehe kasutamise kaudu \u00fchendust v\u00f5tnud v\u00f5i kes on veebilehe v\u00f5i muude vastavate teenuste kasutamise tulemusena teie isikuandmetele ligi p\u00e4\u00e4senud.<\/p><p>K\u00e4esolevas privaatsuspoliitikas selgitatakse, miks me kogume teie isikuandmeid ja k\u00fcpsiseid, kuidas need toimivad ja kuidas me neid kasutame.<\/p><h3>Kontaktvorm<\/h3><p>Me kasutame ja t\u00f6\u00f6tleme teie isikuandmeid (nimi, ettev\u00f5tte nimi, e-posti aadress, telefoninumber ja teie p\u00e4ringu sisu), mille olete sisestanud meie veebisaidi jaotistes \u201eV\u00f5tke meiega \u00fchendust\u201c ja \u201eSaada p\u00e4ring\u201c, et anda vastuseid teie p\u00e4ringutele meie \u00f5igustatud huvide alusel, eelk\u00f5ige seoses kutsetegevuse teostamisega. Vastuste andmine ja edasine suhtlemine s\u00f5ltub meile esitatud isikuandmetest. <\/p><p>Teie isikuandmeid p\u00e4ringutele vastuste koostamiseks s\u00e4ilitatakse mitte kauem kui 3 aastat.<\/p><h3>Uudiskiri<\/h3><p>Me kasutame ja t\u00f6\u00f6tleme teie isikuandmeid (e-posti aadressi) otseturunduse eesm\u00e4rgil teie n\u00f5usoleku alusel, mida v\u00e4ljendate, kui sisestate oma isikuandmed meie veebisaidi jaotises \u201eTellige meie uudiskiri\u201c. Samuti v\u00f5ime t\u00f6\u00f6delda otseturunduse eesm\u00e4rgil meie klientide, nende esindajate ja t\u00f6\u00f6tajate e-posti aadresse meie \u00f5igustatud huvi alusel, v\u00e4lja arvatud juhul, kui klient esitab selliste turunduss\u00f5numite suhtes vastuv\u00e4iteid t\u00f6\u00f6v\u00f5tukirjas v\u00f5i v\u00e4ljendab oma vastuv\u00e4iteid, v\u00f5ttes meiega \u00fchendust. <\/p><p>Me s\u00e4ilitame ja t\u00f6\u00f6tleme teie isikuandmeid otseturunduse eesm\u00e4rgil vastavalt kohalikele seadustele ja tavadele v\u00f5i kuni te olete loobunud tellimusest v\u00f5i t\u00fchistanud oma n\u00f5usoleku.<\/p><h3>Karj\u00e4\u00e4r<\/h3><p>T\u00f6\u00f6tleme personalivaliku eesm\u00e4rgil nende kandidaatide isikuandmeid (nimi, e-posti aadress, telefoninumber, t\u00f6\u00f6kogemuse kirjeldus, CV ja muud failid), kes on saatnud oma CV otse meile e-posti teel v\u00f5i t\u00f6\u00f6portaalide kaudu v\u00f5i kasutades meie veebisaidi rubriigis \u201eKarj\u00e4\u00e4r\u201c k\u00e4ttesaadavat kandideerimisvormi. Kui kandidaadid esitavad meile oma andmeid, p\u00f5hineb andmete esitamine kandidaadi vabalt antud n\u00f5usolekul. Isikuandmete edasine t\u00f6\u00f6tlemine personalivaliku eesm\u00e4rgil p\u00f5hineb meie \u00f5igustatud huvidel kandidaadi avalduse t\u00f6\u00f6tlemisel, selles esitatud teabe hindamisel, l\u00e4bir\u00e4\u00e4kimismenetluse korraldamisel, l\u00e4bir\u00e4\u00e4kimiste pidamisel ja v\u00e4rbamisprotsessi \u00f5igusp\u00e4rasust t\u00f5endavate t\u00f5endite s\u00e4ilitamisel.  <\/p><p>T\u00f6\u00f6kohtadele valiku tegemisel t\u00f6\u00f6tleme ainult selliseid kandidaatide isikuandmeid, mis on seotud kvalifikatsiooni, kutsealaste p\u00e4devuste ja omadustega. Me ei kogu ega t\u00f6\u00f6tle kandidaatide eriliigilisi isikuandmeid, v\u00e4lja arvatud juhul, kui seda n\u00f5uab seadus. <\/p><p>Me s\u00e4ilitame kandidaatide isikuandmeid nii kaua, kui toimub valik konkreetsele ametikohale, ja kuni 6 kuud p\u00e4rast seda. Konkreetsele ametikohale valimise perioodi l\u00f5ppedes kustutame CV ja muud kandidaatide saadetud andmed, v\u00e4lja arvatud juhul, kui oleme saanud kandidaadi n\u00f5usoleku tema isikuandmete pikemaks t\u00f6\u00f6tlemiseks, et v\u00f5imaldada meil pakkuda t\u00f6\u00f6kohta. Sellisel juhul s\u00e4ilitame kandidaadi isikuandmeid 1 aasta jooksul.  <\/p><h3>Andmete edastamine<\/h3><p>Me v\u00f5ime edastada teie isikuandmeid t\u00f6\u00f6tlemiseks kolmandatele isikutele, kes osutavad meie veebisaidi tugi- ja hooldusteenuseid. Selliste isikute hulka kuuluvad tarkvara tarnijad (sh pilveteenus), turundusteenused jne. Teie isikuandmeid v\u00f5ib avaldada kolmandatele isikutele ainult siis, kui seda n\u00f5uab kohaldatav \u00f5igus. Juhul, kui olete n\u00f5us andma tagasisidet teenuste kvaliteedi kohta, v\u00f5idakse teie isikuandmeid edastada teistele kataloogidele.   <\/p><h3>Andmekaitse<\/h3><p>T\u00f6\u00f6tleme andmeid koosk\u00f5las Euroopa Liidu m\u00e4\u00e4rusega 2016\/679 (isikuandmete kaitse \u00fcldm\u00e4\u00e4rus) ja Eestis kehtivate andmekaitseseadustega. Rakendame n\u00f5uetekohaseid tehnilisi ja korralduslikke meetmeid, et tagada isikuandmete t\u00f6\u00f6tlemise turvalisus edastatavate, s\u00e4ilitatavate v\u00f5i muul viisil t\u00f6\u00f6deldavate isikuandmete juhusliku v\u00f5i ebaseadusliku h\u00e4vitamise, kadumise, muutmise, omavolilise avalikustamise v\u00f5i neile juurdep\u00e4\u00e4su vastu. <\/p><h3>Teie \u00f5igused<\/h3><p>Teil on j\u00e4rgmised teie isikuandmetega seotud \u00f5igused:<\/p><ul><li>\u00f5igus esitada vastuv\u00e4iteid andmete t\u00f6\u00f6tlemisele;<\/li><li>\u00f5igus n\u00f5usolek tagasi v\u00f5tta;<\/li><li>\u00f5igus saada oma isikuandmeid struktureeritud, \u00fcldkasutatavas ja masinloetavas vormis ning \u00f5igus edastada need andmed takistusteta teisele vastutavale t\u00f6\u00f6tlejale (\u00f5igus andmete \u00fclekantavusele);<\/li><li>\u00f5igus esitada kaebus Eesti Andmekaitse Inspektsioonile (Tatari 39, 10134 Tallinn; e-post <a href=\"mailto:info@aki.ee\">info@aki.ee)<\/a>.<\/li><\/ul><p>Kui soovite neid \u00f5igusi kasutada v\u00f5i kui teil on k\u00fcsimusi seoses teie isikuandmete t\u00f6\u00f6tlemisega, v\u00f5tke meiega \u00fchendust aadressil <a href=\"mailto:info@thenordicsauna.com\">info@thenordicsauna.com<\/a>.<\/p><h3>Millist t\u00fc\u00fcpi k\u00fcpsiseid me kogume?<\/h3><h4>Vajalikud k\u00fcpsised<\/h4><p>Need k\u00fcpsised on vajalikud, et kasutaja saaks veebilehte sirvida ning seda ja selle funktsioone kasutada.<\/p><h4>Statistika\/n\u00e4itajad k\u00fcpsised<\/h4><p>Neid k\u00fcpsiseid kasutame selleks, et koguda teavet selle kohta, kuidas k\u00fclastajad meie veebisaiti kasutavad. See statistika annab meile teavet selle kohta, kui tihti meie veebilehte k\u00fclastatakse, millistel veebilehe lehek\u00fclgedel k\u00fclastajad k\u00f5ige rohkem aega veedavad ja kui tihti nad lehek\u00fclge v\u00f5i nende osi kasutavad. <\/p><p>Anal\u00fc\u00fctika eesm\u00e4rgil kasutame Google Analyticsi teenuseid ja selle pakutavaid k\u00fcpsiseid. Lisateavet selle kohta, kuidas Google t\u00f6\u00f6tleb teie isikuandmeid, leiate veebilehelt <a href=\"https:\/\/policies.google.com\/privacy?hl=et\" target=\"_blank\" rel=\"noopener\">https:\/\/policies.google.com\/privacy?hl=et<\/a>. Pange t\u00e4hele, et see on h\u00fcperlink kolmanda osapoole veebisaidile, mille \u00fcle meil puudub kontroll ja mille sisu eest me ei vastuta. Kolmanda osapoole k\u00fcpsiste aktsepteerimisega n\u00f5ustute ka vastavate teenusepakkujate privaatsuspoliitikaga.   <\/p><h3>Veebisaidil kasutatavad k\u00fcpsised<\/h3><h4>Vajalikud k\u00fcpsised<\/h4><p><strong>gotoandplay_cookie_agreement<\/strong><br>See on k\u00fcpsis, mida kasutatakse veebilehel kuvatava vaikimisi k\u00fcpsisteate sulgemiseks (t\u00e4psemalt s\u00f5numi aktsepteerimisel) ja selle k\u00fcpsise v\u00e4\u00e4rtus on \u201eaktsepteeritud\u201c, kui nuppu vajutatakse.<br> 6<em>kuud<\/em><\/p><h4>Statistika\/n\u00e4itajad k\u00fcpsised<\/h4><p><strong>_gat<\/strong><br>See on Google Analyticsi k\u00fcpsis, mille eesm\u00e4rk on koguda teavet veebisaidi k\u00fclastuste kohta.<br> 1<em>p\u00e4ev<\/em><\/p><p><strong>_gid<\/strong><br>See on Google Analyticsi k\u00fcpsis, mis on m\u00f5eldud veebilehe kasutajate eristamiseks. K\u00fcpsis on aktiivne 24 tundi. <br><em>1 p\u00e4ev<\/em><\/p><p><strong>_ga<br><\/strong>See on Google Analyticsi k\u00fcpsis, mis on m\u00f5eldud veebilehe kasutajate eristamiseks. K\u00fcpsis on aktiivne 2 aastat.<br>2 aastat. <\/p>\t\t\t\t\t\t\t\t<\/div>\n\t\t\t\t<\/div>\n\t\t\t\t\t<\/div>\n\t\t\t\t<\/div>\n\t\t<div data-dce-background-color=\"#271A10\" data-dce-background-overlay-color=\"#31302D\" data-dce-background-image-url=\"https:\/\/thenordicsauna.com\/wp-content\/uploads\/2025\/04\/333.jpg\" class=\"elementor-element elementor-element-30861180 e-flex e-con-boxed e-con e-parent\" data-id=\"30861180\" data-element_type=\"container\" data-settings=\"{&quot;background_background&quot;:&quot;classic&quot;,&quot;shape_divider_top&quot;:&quot;pyramids&quot;,&quot;shape_divider_bottom&quot;:&quot;pyramids&quot;}\">\n\t\t\t\t\t<div class=\"e-con-inner\">\n\t\t\t\t<div class=\"elementor-shape elementor-shape-top\" aria-hidden=\"true\" data-negative=\"false\">\n\t\t\t<svg xmlns=\"http:\/\/www.w3.org\/2000\/svg\" viewBox=\"0 0 1000 100\" preserveAspectRatio=\"none\">\n\t<path class=\"elementor-shape-fill\" d=\"M761.9,44.1L643.1,27.2L333.8,98L0,3.8V0l1000,0v3.9\"\/>\n<\/svg>\t\t<\/div>\n\t\t\t\t<div class=\"elementor-shape elementor-shape-bottom\" aria-hidden=\"true\" data-negative=\"false\">\n\t\t\t<svg xmlns=\"http:\/\/www.w3.org\/2000\/svg\" viewBox=\"0 0 1000 100\" preserveAspectRatio=\"none\">\n\t<path class=\"elementor-shape-fill\" d=\"M761.9,44.1L643.1,27.2L333.8,98L0,3.8V0l1000,0v3.9\"\/>\n<\/svg>\t\t<\/div>\n\t\t\t\t<div class=\"elementor-element elementor-element-1fcfb557 animated-fast elementor-headline--style-highlight elementor-invisible elementor-widget elementor-widget-animated-headline\" data-id=\"1fcfb557\" data-element_type=\"widget\" data-settings=\"{&quot;highlighted_text&quot;:&quot;kohe&quot;,&quot;_animation&quot;:&quot;fadeIn&quot;,&quot;headline_style&quot;:&quot;highlight&quot;,&quot;marker&quot;:&quot;circle&quot;,&quot;loop&quot;:&quot;yes&quot;,&quot;highlight_animation_duration&quot;:1200,&quot;highlight_iteration_delay&quot;:8000}\" data-widget_type=\"animated-headline.default\">\n\t\t\t\t<div class=\"elementor-widget-container\">\n\t\t\t\t\t\t\t<h2 class=\"elementor-headline\">\n\t\t\t\t\t<span class=\"elementor-headline-plain-text elementor-headline-text-wrapper\">Telli <\/span>\n\t\t\t\t<span class=\"elementor-headline-dynamic-wrapper elementor-headline-text-wrapper\">\n\t\t\t\t\t<span class=\"elementor-headline-dynamic-text elementor-headline-text-active\">kohe<\/span>\n\t\t\t\t<\/span>\n\t\t\t\t<\/h2>\n\t\t\t\t\t\t<\/div>\n\t\t\t\t<\/div>\n\t\t\t\t<div class=\"elementor-element elementor-element-550c90bc elementor-invisible elementor-widget elementor-widget-text-editor\" data-id=\"550c90bc\" data-element_type=\"widget\" data-settings=\"{&quot;_animation&quot;:&quot;fadeIn&quot;,&quot;_animation_delay&quot;:300}\" data-widget_type=\"text-editor.default\">\n\t\t\t\t<div class=\"elementor-widget-container\">\n\t\t\t\t\t\t\t\t\t<p>\u00c4ra l\u00fckka m\u00f5nusaid l\u00f5\u00f5gastushetki enam edasi! Telli oma unistuste saun v\u00f5i k\u00fcmblust\u00fcnn ja hellita ennast!<\/p>\t\t\t\t\t\t\t\t<\/div>\n\t\t\t\t<\/div>\n\t\t\t\t<div class=\"elementor-element elementor-element-1e42c82f elementor-align-center elementor-tablet-align-center elementor-mobile-align-center elementor-widget elementor-widget-button\" data-id=\"1e42c82f\" data-element_type=\"widget\" data-widget_type=\"button.default\">\n\t\t\t\t<div class=\"elementor-widget-container\">\n\t\t\t\t\t\t\t\t\t<div class=\"elementor-button-wrapper\">\n\t\t\t\t\t<a class=\"elementor-button elementor-button-link elementor-size-sm\" href=\"https:\/\/thenordicsauna.com\/et\/e-pood\/\">\n\t\t\t\t\t\t<span class=\"elementor-button-content-wrapper\">\n\t\t\t\t\t\t\t\t\t<span class=\"elementor-button-text\">Vali sobiv toode<\/span>\n\t\t\t\t\t<\/span>\n\t\t\t\t\t<\/a>\n\t\t\t\t<\/div>\n\t\t\t\t\t\t\t\t<\/div>\n\t\t\t\t<\/div>\n\t\t\t\t\t<\/div>\n\t\t\t\t<\/div>\n\t\t\t\t<\/div>\n\t\t","protected":false},"excerpt":{"rendered":"<p>Privaatsuspoliitika K\u00e4esolevat privaatsuspoliitikat kohaldatakse k\u00f5igi isikuandmete suhtes, mida te meile edastate v\u00f5i mida me kogume ja t\u00f6\u00f6tleme, kui kasutate veebilehte thenordicsauna.com. Teie andmeid, mida me kogume meie veebilehel, t\u00f6\u00f6tleb Nordic Elements O\u00dc, reg. kood 12754276, registrij\u00e4rgne aadress Jakobsoni tn 17-61, 10128 Tallinn, Eesti. \u201eMeie\u201c v\u00f5i \u201emeid\u201c k\u00e4esolevas privaatsuspoliitikas viitab vastavale Nordic Elements O\u00dc-le. kellega te [&hellip;]<\/p>\n","protected":false},"author":2,"featured_media":0,"parent":0,"menu_order":0,"comment_status":"closed","ping_status":"closed","template":"","meta":{"_acf_changed":false,"footnotes":""},"class_list":["post-6651","page","type-page","status-publish","hentry"],"acf":[],"yoast_head":"<!-- This site is optimized with the Yoast SEO plugin v26.6 - https:\/\/yoast.com\/wordpress\/plugins\/seo\/ -->\n<title>GDPR | TheNordicSauna<\/title>\n<meta name=\"robots\" content=\"index, follow, max-snippet:-1, max-image-preview:large, max-video-preview:-1\" \/>\n<link rel=\"canonical\" href=\"https:\/\/thenordicsauna.com\/et\/gdpr\/\" \/>\n<meta property=\"og:locale\" content=\"et_EE\" \/>\n<meta property=\"og:type\" content=\"article\" \/>\n<meta property=\"og:title\" content=\"GDPR | TheNordicSauna\" \/>\n<meta property=\"og:description\" content=\"Privaatsuspoliitika K\u00e4esolevat privaatsuspoliitikat kohaldatakse k\u00f5igi isikuandmete suhtes, mida te meile edastate v\u00f5i mida me kogume ja t\u00f6\u00f6tleme, kui kasutate veebilehte thenordicsauna.com. Teie andmeid, mida me kogume meie veebilehel, t\u00f6\u00f6tleb Nordic Elements O\u00dc, reg. kood 12754276, registrij\u00e4rgne aadress Jakobsoni tn 17-61, 10128 Tallinn, Eesti. \u201eMeie\u201c v\u00f5i \u201emeid\u201c k\u00e4esolevas privaatsuspoliitikas viitab vastavale Nordic Elements O\u00dc-le. kellega te [&hellip;]\" \/>\n<meta property=\"og:url\" content=\"https:\/\/thenordicsauna.com\/et\/gdpr\/\" \/>\n<meta property=\"og:site_name\" content=\"TheNordicSauna\" \/>\n<meta property=\"article:publisher\" content=\"https:\/\/www.facebook.com\/TheNordicSauna\/\" \/>\n<meta property=\"article:modified_time\" content=\"2025-10-21T17:02:35+00:00\" \/>\n<meta name=\"twitter:card\" content=\"summary_large_image\" \/>\n<meta name=\"twitter:label1\" content=\"Est. reading time\" \/>\n\t<meta name=\"twitter:data1\" content=\"5 minutit\" \/>\n<script type=\"application\/ld+json\" class=\"yoast-schema-graph\">{\"@context\":\"https:\/\/schema.org\",\"@graph\":[{\"@type\":\"WebPage\",\"@id\":\"https:\/\/thenordicsauna.com\/et\/gdpr\/\",\"url\":\"https:\/\/thenordicsauna.com\/et\/gdpr\/\",\"name\":\"GDPR | TheNordicSauna\",\"isPartOf\":{\"@id\":\"https:\/\/thenordicsauna.com\/et\/#website\"},\"datePublished\":\"2025-04-18T07:56:46+00:00\",\"dateModified\":\"2025-10-21T17:02:35+00:00\",\"breadcrumb\":{\"@id\":\"https:\/\/thenordicsauna.com\/et\/gdpr\/#breadcrumb\"},\"inLanguage\":\"et\",\"potentialAction\":[{\"@type\":\"ReadAction\",\"target\":[\"https:\/\/thenordicsauna.com\/et\/gdpr\/\"]}]},{\"@type\":\"BreadcrumbList\",\"@id\":\"https:\/\/thenordicsauna.com\/et\/gdpr\/#breadcrumb\",\"itemListElement\":[{\"@type\":\"ListItem\",\"position\":1,\"name\":\"Home\",\"item\":\"https:\/\/thenordicsauna.com\/et\/taiuslik-spaaelamus-sinu-koduoues\/\"},{\"@type\":\"ListItem\",\"position\":2,\"name\":\"GDPR\"}]},{\"@type\":\"WebSite\",\"@id\":\"https:\/\/thenordicsauna.com\/et\/#website\",\"url\":\"https:\/\/thenordicsauna.com\/et\/\",\"name\":\"TheNordicSauna\",\"description\":\"Ultimate Outdoor SPA experience\",\"publisher\":{\"@id\":\"https:\/\/thenordicsauna.com\/et\/#organization\"},\"alternateName\":\"TNS\",\"potentialAction\":[{\"@type\":\"SearchAction\",\"target\":{\"@type\":\"EntryPoint\",\"urlTemplate\":\"https:\/\/thenordicsauna.com\/et\/?s={search_term_string}\"},\"query-input\":{\"@type\":\"PropertyValueSpecification\",\"valueRequired\":true,\"valueName\":\"search_term_string\"}}],\"inLanguage\":\"et\"},{\"@type\":\"Organization\",\"@id\":\"https:\/\/thenordicsauna.com\/et\/#organization\",\"name\":\"TheNordicSauna\",\"alternateName\":\"TNS\",\"url\":\"https:\/\/thenordicsauna.com\/et\/\",\"logo\":{\"@type\":\"ImageObject\",\"inLanguage\":\"et\",\"@id\":\"https:\/\/thenordicsauna.com\/et\/#\/schema\/logo\/image\/\",\"url\":\"https:\/\/thenordicsauna.com\/wp-content\/uploads\/2025\/04\/TheNordicSauna-logo-white.svg\",\"contentUrl\":\"https:\/\/thenordicsauna.com\/wp-content\/uploads\/2025\/04\/TheNordicSauna-logo-white.svg\",\"width\":203,\"height\":203,\"caption\":\"TheNordicSauna\"},\"image\":{\"@id\":\"https:\/\/thenordicsauna.com\/et\/#\/schema\/logo\/image\/\"},\"sameAs\":[\"https:\/\/www.facebook.com\/TheNordicSauna\/\",\"https:\/\/www.instagram.com\/thenordicsauna\"]}]}<\/script>\n<!-- \/ Yoast SEO plugin. -->","yoast_head_json":{"title":"GDPR | TheNordicSauna","robots":{"index":"index","follow":"follow","max-snippet":"max-snippet:-1","max-image-preview":"max-image-preview:large","max-video-preview":"max-video-preview:-1"},"canonical":"https:\/\/thenordicsauna.com\/et\/gdpr\/","og_locale":"et_EE","og_type":"article","og_title":"GDPR | TheNordicSauna","og_description":"Privaatsuspoliitika K\u00e4esolevat privaatsuspoliitikat kohaldatakse k\u00f5igi isikuandmete suhtes, mida te meile edastate v\u00f5i mida me kogume ja t\u00f6\u00f6tleme, kui kasutate veebilehte thenordicsauna.com. Teie andmeid, mida me kogume meie veebilehel, t\u00f6\u00f6tleb Nordic Elements O\u00dc, reg. kood 12754276, registrij\u00e4rgne aadress Jakobsoni tn 17-61, 10128 Tallinn, Eesti. \u201eMeie\u201c v\u00f5i \u201emeid\u201c k\u00e4esolevas privaatsuspoliitikas viitab vastavale Nordic Elements O\u00dc-le. kellega te [&hellip;]","og_url":"https:\/\/thenordicsauna.com\/et\/gdpr\/","og_site_name":"TheNordicSauna","article_publisher":"https:\/\/www.facebook.com\/TheNordicSauna\/","article_modified_time":"2025-10-21T17:02:35+00:00","twitter_card":"summary_large_image","twitter_misc":{"Est. reading time":"5 minutit"},"schema":{"@context":"https:\/\/schema.org","@graph":[{"@type":"WebPage","@id":"https:\/\/thenordicsauna.com\/et\/gdpr\/","url":"https:\/\/thenordicsauna.com\/et\/gdpr\/","name":"GDPR | TheNordicSauna","isPartOf":{"@id":"https:\/\/thenordicsauna.com\/et\/#website"},"datePublished":"2025-04-18T07:56:46+00:00","dateModified":"2025-10-21T17:02:35+00:00","breadcrumb":{"@id":"https:\/\/thenordicsauna.com\/et\/gdpr\/#breadcrumb"},"inLanguage":"et","potentialAction":[{"@type":"ReadAction","target":["https:\/\/thenordicsauna.com\/et\/gdpr\/"]}]},{"@type":"BreadcrumbList","@id":"https:\/\/thenordicsauna.com\/et\/gdpr\/#breadcrumb","itemListElement":[{"@type":"ListItem","position":1,"name":"Home","item":"https:\/\/thenordicsauna.com\/et\/taiuslik-spaaelamus-sinu-koduoues\/"},{"@type":"ListItem","position":2,"name":"GDPR"}]},{"@type":"WebSite","@id":"https:\/\/thenordicsauna.com\/et\/#website","url":"https:\/\/thenordicsauna.com\/et\/","name":"TheNordicSauna","description":"Ultimate Outdoor SPA experience","publisher":{"@id":"https:\/\/thenordicsauna.com\/et\/#organization"},"alternateName":"TNS","potentialAction":[{"@type":"SearchAction","target":{"@type":"EntryPoint","urlTemplate":"https:\/\/thenordicsauna.com\/et\/?s={search_term_string}"},"query-input":{"@type":"PropertyValueSpecification","valueRequired":true,"valueName":"search_term_string"}}],"inLanguage":"et"},{"@type":"Organization","@id":"https:\/\/thenordicsauna.com\/et\/#organization","name":"TheNordicSauna","alternateName":"TNS","url":"https:\/\/thenordicsauna.com\/et\/","logo":{"@type":"ImageObject","inLanguage":"et","@id":"https:\/\/thenordicsauna.com\/et\/#\/schema\/logo\/image\/","url":"https:\/\/thenordicsauna.com\/wp-content\/uploads\/2025\/04\/TheNordicSauna-logo-white.svg","contentUrl":"https:\/\/thenordicsauna.com\/wp-content\/uploads\/2025\/04\/TheNordicSauna-logo-white.svg","width":203,"height":203,"caption":"TheNordicSauna"},"image":{"@id":"https:\/\/thenordicsauna.com\/et\/#\/schema\/logo\/image\/"},"sameAs":["https:\/\/www.facebook.com\/TheNordicSauna\/","https:\/\/www.instagram.com\/thenordicsauna"]}]}},"_links":{"self":[{"href":"https:\/\/thenordicsauna.com\/et\/wp-json\/wp\/v2\/pages\/6651","targetHints":{"allow":["GET"]}}],"collection":[{"href":"https:\/\/thenordicsauna.com\/et\/wp-json\/wp\/v2\/pages"}],"about":[{"href":"https:\/\/thenordicsauna.com\/et\/wp-json\/wp\/v2\/types\/page"}],"author":[{"embeddable":true,"href":"https:\/\/thenordicsauna.com\/et\/wp-json\/wp\/v2\/users\/2"}],"replies":[{"embeddable":true,"href":"https:\/\/thenordicsauna.com\/et\/wp-json\/wp\/v2\/comments?post=6651"}],"version-history":[{"count":4,"href":"https:\/\/thenordicsauna.com\/et\/wp-json\/wp\/v2\/pages\/6651\/revisions"}],"predecessor-version":[{"id":8939,"href":"https:\/\/thenordicsauna.com\/et\/wp-json\/wp\/v2\/pages\/6651\/revisions\/8939"}],"wp:attachment":[{"href":"https:\/\/thenordicsauna.com\/et\/wp-json\/wp\/v2\/media?parent=6651"}],"curies":[{"name":"wp","href":"https:\/\/api.w.org\/{rel}","templated":true}]}}