{"id":6655,"date":"2025-05-03T04:59:55","date_gmt":"2025-05-03T04:59:55","guid":{"rendered":"https:\/\/thenordicsauna.com\/soojuspumbad\/"},"modified":"2025-10-12T18:26:34","modified_gmt":"2025-10-12T18:26:34","slug":"soojuspumbad","status":"publish","type":"page","link":"https:\/\/thenordicsauna.com\/et\/soojuspumbad\/","title":{"rendered":"Soojuspumbad"},"content":{"rendered":"\t\t<div data-elementor-type=\"wp-page\" data-elementor-id=\"6655\" class=\"elementor elementor-6655 elementor-3132\" data-elementor-settings=\"{&quot;scroll_snap&quot;:&quot;yes&quot;}\" data-elementor-post-type=\"page\">\n\t\t\t\t<div data-dce-background-overlay-color=\"#24242400\" data-dce-background-image-url=\"https:\/\/thenordicsauna.com\/wp-content\/uploads\/2025\/04\/Hot-Tub-Heat-Pump-Spawer-Ospa-scaled-1.jpg\" class=\"elementor-element elementor-element-67c73ce e-flex e-con-boxed e-con e-parent\" data-id=\"67c73ce\" data-element_type=\"container\" data-settings=\"{&quot;background_background&quot;:&quot;classic&quot;}\">\n\t\t\t\t\t<div class=\"e-con-inner\">\n\t\t\t\t<div class=\"elementor-element elementor-element-d8d5c75 elementor-widget elementor-widget-heading\" data-id=\"d8d5c75\" data-element_type=\"widget\" data-widget_type=\"heading.default\">\n\t\t\t\t<div class=\"elementor-widget-container\">\n\t\t\t\t\t<h1 class=\"elementor-heading-title elementor-size-default\"><a href=\"https:\/\/thenordicsauna.com\/heat-pumps\/poolex-ospa\/\">Poolex O'Spa 3kW \/ 5kW<\/a><\/h1>\t\t\t\t<\/div>\n\t\t\t\t<\/div>\n\t\t\t\t<div class=\"elementor-element elementor-element-acb4382 elementor-widget elementor-widget-text-editor\" data-id=\"acb4382\" data-element_type=\"widget\" data-widget_type=\"text-editor.default\">\n\t\t\t\t<div class=\"elementor-widget-container\">\n\t\t\t\t\t\t\t\t\t<p>T\u00e4iuslik lahendus sinu k\u00fcmblust\u00fcnni veetemperatuuri reguleerimiseks.<\/p>\t\t\t\t\t\t\t\t<\/div>\n\t\t\t\t<\/div>\n\t\t<div class=\"elementor-element elementor-element-d06fe94 e-flex e-con-boxed e-con e-child\" data-id=\"d06fe94\" data-element_type=\"container\">\n\t\t\t\t\t<div class=\"e-con-inner\">\n\t\t<div class=\"elementor-element elementor-element-a2f86fb e-con-full e-flex e-con e-child\" data-id=\"a2f86fb\" data-element_type=\"container\">\n\t\t<div class=\"elementor-element elementor-element-f043bb0 e-con-full e-flex e-con e-child\" data-id=\"f043bb0\" data-element_type=\"container\">\n\t\t\t\t<div class=\"elementor-element elementor-element-02f4f8a elementor-widget elementor-widget-heading\" data-id=\"02f4f8a\" data-element_type=\"widget\" data-widget_type=\"heading.default\">\n\t\t\t\t<div class=\"elementor-widget-container\">\n\t\t\t\t\t<div class=\"elementor-heading-title elementor-size-default\">Alates<\/div>\t\t\t\t<\/div>\n\t\t\t\t<\/div>\n\t\t\t\t<div class=\"elementor-element elementor-element-307b5b8 elementor-widget elementor-widget-heading\" data-id=\"307b5b8\" data-element_type=\"widget\" data-widget_type=\"heading.default\">\n\t\t\t\t<div class=\"elementor-widget-container\">\n\t\t\t\t\t<div class=\"elementor-heading-title elementor-size-default\"><span class=\"wcpbc-price wcpbc-price-2063\" data-product-id=\"2063\"><span class=\"woocommerce-Price-amount amount\" aria-hidden=\"true\"><span class=\"woocommerce-Price-currencySymbol\">&euro;<\/span>\u00a0649,00<\/span> <span aria-hidden=\"true\">&ndash;<\/span> <span class=\"woocommerce-Price-amount amount\" aria-hidden=\"true\"><span class=\"woocommerce-Price-currencySymbol\">&euro;<\/span>\u00a01 099,00<\/span><span class=\"screen-reader-text\">Price range: &euro;\u00a0649,00 through &euro;\u00a01 099,00<\/span><\/span><\/div>\t\t\t\t<\/div>\n\t\t\t\t<\/div>\n\t\t\t\t<\/div>\n\t\t<div class=\"elementor-element elementor-element-64996ea e-con-full e-flex e-con e-child\" data-id=\"64996ea\" data-element_type=\"container\">\n\t\t\t\t<div class=\"elementor-element elementor-element-f1cf974 elementor-widget elementor-widget-heading\" data-id=\"f1cf974\" data-element_type=\"widget\" data-widget_type=\"heading.default\">\n\t\t\t\t<div class=\"elementor-widget-container\">\n\t\t\t\t\t<div class=\"elementor-heading-title elementor-size-default\">Opereerimistemperatuur<\/div>\t\t\t\t<\/div>\n\t\t\t\t<\/div>\n\t\t\t\t<div class=\"elementor-element elementor-element-1656410 elementor-widget elementor-widget-heading\" data-id=\"1656410\" data-element_type=\"widget\" data-widget_type=\"heading.default\">\n\t\t\t\t<div class=\"elementor-widget-container\">\n\t\t\t\t\t<div class=\"elementor-heading-title elementor-size-default\">-7\u00b0C-43\u00b0C<\/div>\t\t\t\t<\/div>\n\t\t\t\t<\/div>\n\t\t\t\t<\/div>\n\t\t\t\t<\/div>\n\t\t\t\t<div class=\"elementor-element elementor-element-a88ef69 elementor-widget elementor-widget-button\" data-id=\"a88ef69\" data-element_type=\"widget\" data-widget_type=\"button.default\">\n\t\t\t\t<div class=\"elementor-widget-container\">\n\t\t\t\t\t\t\t\t\t<div class=\"elementor-button-wrapper\">\n\t\t\t\t\t<a class=\"elementor-button elementor-button-link elementor-size-sm\" href=\"https:\/\/thenordicsauna.com\/et\/soojuspumbad\/poolex-ospa\/\">\n\t\t\t\t\t\t<span class=\"elementor-button-content-wrapper\">\n\t\t\t\t\t\t\t\t\t<span class=\"elementor-button-text\">Vaata l\u00e4hemalt<\/span>\n\t\t\t\t\t<\/span>\n\t\t\t\t\t<\/a>\n\t\t\t\t<\/div>\n\t\t\t\t\t\t\t\t<\/div>\n\t\t\t\t<\/div>\n\t\t\t\t\t<\/div>\n\t\t\t\t<\/div>\n\t\t\t\t\t<\/div>\n\t\t\t\t<\/div>\n\t\t<div data-dce-background-overlay-color=\"#24242400\" data-dce-background-image-url=\"https:\/\/thenordicsauna.com\/wp-content\/uploads\/2025\/04\/Ice-Spa.jpg\" class=\"elementor-element elementor-element-35fd6bd9 e-flex e-con-boxed e-con e-parent\" data-id=\"35fd6bd9\" data-element_type=\"container\" data-settings=\"{&quot;background_background&quot;:&quot;classic&quot;}\">\n\t\t\t\t\t<div class=\"e-con-inner\">\n\t\t\t\t<div class=\"elementor-element elementor-element-77d5833e elementor-widget elementor-widget-heading\" data-id=\"77d5833e\" data-element_type=\"widget\" data-widget_type=\"heading.default\">\n\t\t\t\t<div class=\"elementor-widget-container\">\n\t\t\t\t\t<h1 class=\"elementor-heading-title elementor-size-default\"><a href=\"https:\/\/thenordicsauna.com\/heat-pumps\/poolex-ospa\/\">Poolex Ice Spa 7kw<\/a><\/h1>\t\t\t\t<\/div>\n\t\t\t\t<\/div>\n\t\t\t\t<div class=\"elementor-element elementor-element-6ff54140 elementor-widget elementor-widget-text-editor\" data-id=\"6ff54140\" data-element_type=\"widget\" data-widget_type=\"text-editor.default\">\n\t\t\t\t<div class=\"elementor-widget-container\">\n\t\t\t\t\t\t\t\t\t<p>T\u00e4isinverter soojuspump, mis peab vastu kuni -25 kraadisele pakasele.<\/p>\t\t\t\t\t\t\t\t<\/div>\n\t\t\t\t<\/div>\n\t\t<div class=\"elementor-element elementor-element-2cfe2eea e-flex e-con-boxed e-con e-child\" data-id=\"2cfe2eea\" data-element_type=\"container\">\n\t\t\t\t\t<div class=\"e-con-inner\">\n\t\t<div class=\"elementor-element elementor-element-3558137c e-con-full e-flex e-con e-child\" data-id=\"3558137c\" data-element_type=\"container\">\n\t\t<div class=\"elementor-element elementor-element-2b156840 e-con-full e-flex e-con e-child\" data-id=\"2b156840\" data-element_type=\"container\">\n\t\t\t\t<div class=\"elementor-element elementor-element-51930b18 elementor-widget elementor-widget-heading\" data-id=\"51930b18\" data-element_type=\"widget\" data-widget_type=\"heading.default\">\n\t\t\t\t<div class=\"elementor-widget-container\">\n\t\t\t\t\t<div class=\"elementor-heading-title elementor-size-default\">Alates<\/div>\t\t\t\t<\/div>\n\t\t\t\t<\/div>\n\t\t\t\t<div class=\"elementor-element elementor-element-239c280 elementor-widget elementor-widget-heading\" data-id=\"239c280\" data-element_type=\"widget\" data-widget_type=\"heading.default\">\n\t\t\t\t<div class=\"elementor-widget-container\">\n\t\t\t\t\t<div class=\"elementor-heading-title elementor-size-default\"><span class=\"wcpbc-price wcpbc-price-2064\" data-product-id=\"2064\"><span class=\"woocommerce-Price-amount amount\"><span class=\"woocommerce-Price-currencySymbol\">&euro;<\/span>\u00a01 399,00<\/span><\/span><\/div>\t\t\t\t<\/div>\n\t\t\t\t<\/div>\n\t\t\t\t<\/div>\n\t\t<div class=\"elementor-element elementor-element-76953c0a e-con-full e-flex e-con e-child\" data-id=\"76953c0a\" data-element_type=\"container\">\n\t\t\t\t<div class=\"elementor-element elementor-element-32173979 elementor-widget elementor-widget-heading\" data-id=\"32173979\" data-element_type=\"widget\" data-widget_type=\"heading.default\">\n\t\t\t\t<div class=\"elementor-widget-container\">\n\t\t\t\t\t<div class=\"elementor-heading-title elementor-size-default\">Opereerimistemperatuur<\/div>\t\t\t\t<\/div>\n\t\t\t\t<\/div>\n\t\t\t\t<div class=\"elementor-element elementor-element-457a0694 elementor-widget elementor-widget-heading\" data-id=\"457a0694\" data-element_type=\"widget\" data-widget_type=\"heading.default\">\n\t\t\t\t<div class=\"elementor-widget-container\">\n\t\t\t\t\t<div class=\"elementor-heading-title elementor-size-default\">-25\u00b0C-43\u00b0C<\/div>\t\t\t\t<\/div>\n\t\t\t\t<\/div>\n\t\t\t\t<\/div>\n\t\t\t\t<\/div>\n\t\t\t\t<div class=\"elementor-element elementor-element-4d941bf3 elementor-widget elementor-widget-button\" data-id=\"4d941bf3\" data-element_type=\"widget\" data-widget_type=\"button.default\">\n\t\t\t\t<div class=\"elementor-widget-container\">\n\t\t\t\t\t\t\t\t\t<div class=\"elementor-button-wrapper\">\n\t\t\t\t\t<a class=\"elementor-button elementor-button-link elementor-size-sm\" href=\"https:\/\/thenordicsauna.com\/et\/soojuspumbad\/poolex-ice-spa\/\">\n\t\t\t\t\t\t<span class=\"elementor-button-content-wrapper\">\n\t\t\t\t\t\t\t\t\t<span class=\"elementor-button-text\">Vaata l\u00e4hemalt<\/span>\n\t\t\t\t\t<\/span>\n\t\t\t\t\t<\/a>\n\t\t\t\t<\/div>\n\t\t\t\t\t\t\t\t<\/div>\n\t\t\t\t<\/div>\n\t\t\t\t\t<\/div>\n\t\t\t\t<\/div>\n\t\t\t\t\t<\/div>\n\t\t\t\t<\/div>\n\t\t\t\t<\/div>\n\t\t","protected":false},"excerpt":{"rendered":"<p>Poolex O&#8217;Spa 3kW \/ 5kW T\u00e4iuslik lahendus sinu k\u00fcmblust\u00fcnni veetemperatuuri reguleerimiseks. Alates Opereerimistemperatuur -7\u00b0C-43\u00b0C Vaata l\u00e4hemalt Poolex Ice Spa 7kw T\u00e4isinverter soojuspump, mis peab vastu kuni -25 kraadisele pakasele. Alates Opereerimistemperatuur -25\u00b0C-43\u00b0C Vaata l\u00e4hemalt<\/p>\n","protected":false},"author":2,"featured_media":0,"parent":0,"menu_order":0,"comment_status":"closed","ping_status":"closed","template":"","meta":{"_acf_changed":false,"footnotes":""},"class_list":["post-6655","page","type-page","status-publish","hentry"],"acf":[],"yoast_head":"<!-- This site is optimized with the Yoast SEO plugin v26.6 - https:\/\/yoast.com\/wordpress\/plugins\/seo\/ -->\n<title>Soojuspumbad | TheNordicSauna<\/title>\n<meta name=\"robots\" content=\"index, follow, max-snippet:-1, max-image-preview:large, max-video-preview:-1\" \/>\n<link rel=\"canonical\" href=\"https:\/\/thenordicsauna.com\/et\/soojuspumbad\/\" \/>\n<meta property=\"og:locale\" content=\"et_EE\" \/>\n<meta property=\"og:type\" content=\"article\" \/>\n<meta property=\"og:title\" content=\"Soojuspumbad | TheNordicSauna\" \/>\n<meta property=\"og:description\" content=\"Poolex O&#8217;Spa 3kW \/ 5kW T\u00e4iuslik lahendus sinu k\u00fcmblust\u00fcnni veetemperatuuri reguleerimiseks. Alates Opereerimistemperatuur -7\u00b0C-43\u00b0C Vaata l\u00e4hemalt Poolex Ice Spa 7kw T\u00e4isinverter soojuspump, mis peab vastu kuni -25 kraadisele pakasele. Alates Opereerimistemperatuur -25\u00b0C-43\u00b0C Vaata l\u00e4hemalt\" \/>\n<meta property=\"og:url\" content=\"https:\/\/thenordicsauna.com\/et\/soojuspumbad\/\" \/>\n<meta property=\"og:site_name\" content=\"TheNordicSauna\" \/>\n<meta property=\"article:publisher\" content=\"https:\/\/www.facebook.com\/TheNordicSauna\/\" \/>\n<meta property=\"article:modified_time\" content=\"2025-10-12T18:26:34+00:00\" \/>\n<meta name=\"twitter:card\" content=\"summary_large_image\" \/>\n<script type=\"application\/ld+json\" class=\"yoast-schema-graph\">{\"@context\":\"https:\/\/schema.org\",\"@graph\":[{\"@type\":\"WebPage\",\"@id\":\"https:\/\/thenordicsauna.com\/et\/soojuspumbad\/\",\"url\":\"https:\/\/thenordicsauna.com\/et\/soojuspumbad\/\",\"name\":\"Soojuspumbad | TheNordicSauna\",\"isPartOf\":{\"@id\":\"https:\/\/thenordicsauna.com\/et\/#website\"},\"datePublished\":\"2025-05-03T04:59:55+00:00\",\"dateModified\":\"2025-10-12T18:26:34+00:00\",\"breadcrumb\":{\"@id\":\"https:\/\/thenordicsauna.com\/et\/soojuspumbad\/#breadcrumb\"},\"inLanguage\":\"et\",\"potentialAction\":[{\"@type\":\"ReadAction\",\"target\":[\"https:\/\/thenordicsauna.com\/et\/soojuspumbad\/\"]}]},{\"@type\":\"BreadcrumbList\",\"@id\":\"https:\/\/thenordicsauna.com\/et\/soojuspumbad\/#breadcrumb\",\"itemListElement\":[{\"@type\":\"ListItem\",\"position\":1,\"name\":\"Home\",\"item\":\"https:\/\/thenordicsauna.com\/et\/taiuslik-spaaelamus-sinu-koduoues\/\"},{\"@type\":\"ListItem\",\"position\":2,\"name\":\"Soojuspumbad\"}]},{\"@type\":\"WebSite\",\"@id\":\"https:\/\/thenordicsauna.com\/et\/#website\",\"url\":\"https:\/\/thenordicsauna.com\/et\/\",\"name\":\"TheNordicSauna\",\"description\":\"Ultimate Outdoor SPA experience\",\"publisher\":{\"@id\":\"https:\/\/thenordicsauna.com\/et\/#organization\"},\"alternateName\":\"TNS\",\"potentialAction\":[{\"@type\":\"SearchAction\",\"target\":{\"@type\":\"EntryPoint\",\"urlTemplate\":\"https:\/\/thenordicsauna.com\/et\/?s={search_term_string}\"},\"query-input\":{\"@type\":\"PropertyValueSpecification\",\"valueRequired\":true,\"valueName\":\"search_term_string\"}}],\"inLanguage\":\"et\"},{\"@type\":\"Organization\",\"@id\":\"https:\/\/thenordicsauna.com\/et\/#organization\",\"name\":\"TheNordicSauna\",\"alternateName\":\"TNS\",\"url\":\"https:\/\/thenordicsauna.com\/et\/\",\"logo\":{\"@type\":\"ImageObject\",\"inLanguage\":\"et\",\"@id\":\"https:\/\/thenordicsauna.com\/et\/#\/schema\/logo\/image\/\",\"url\":\"https:\/\/thenordicsauna.com\/wp-content\/uploads\/2025\/04\/TheNordicSauna-logo-white.svg\",\"contentUrl\":\"https:\/\/thenordicsauna.com\/wp-content\/uploads\/2025\/04\/TheNordicSauna-logo-white.svg\",\"width\":203,\"height\":203,\"caption\":\"TheNordicSauna\"},\"image\":{\"@id\":\"https:\/\/thenordicsauna.com\/et\/#\/schema\/logo\/image\/\"},\"sameAs\":[\"https:\/\/www.facebook.com\/TheNordicSauna\/\",\"https:\/\/www.instagram.com\/thenordicsauna\"]}]}<\/script>\n<!-- \/ Yoast SEO plugin. -->","yoast_head_json":{"title":"Soojuspumbad | TheNordicSauna","robots":{"index":"index","follow":"follow","max-snippet":"max-snippet:-1","max-image-preview":"max-image-preview:large","max-video-preview":"max-video-preview:-1"},"canonical":"https:\/\/thenordicsauna.com\/et\/soojuspumbad\/","og_locale":"et_EE","og_type":"article","og_title":"Soojuspumbad | TheNordicSauna","og_description":"Poolex O&#8217;Spa 3kW \/ 5kW T\u00e4iuslik lahendus sinu k\u00fcmblust\u00fcnni veetemperatuuri reguleerimiseks. Alates Opereerimistemperatuur -7\u00b0C-43\u00b0C Vaata l\u00e4hemalt Poolex Ice Spa 7kw T\u00e4isinverter soojuspump, mis peab vastu kuni -25 kraadisele pakasele. Alates Opereerimistemperatuur -25\u00b0C-43\u00b0C Vaata l\u00e4hemalt","og_url":"https:\/\/thenordicsauna.com\/et\/soojuspumbad\/","og_site_name":"TheNordicSauna","article_publisher":"https:\/\/www.facebook.com\/TheNordicSauna\/","article_modified_time":"2025-10-12T18:26:34+00:00","twitter_card":"summary_large_image","schema":{"@context":"https:\/\/schema.org","@graph":[{"@type":"WebPage","@id":"https:\/\/thenordicsauna.com\/et\/soojuspumbad\/","url":"https:\/\/thenordicsauna.com\/et\/soojuspumbad\/","name":"Soojuspumbad | TheNordicSauna","isPartOf":{"@id":"https:\/\/thenordicsauna.com\/et\/#website"},"datePublished":"2025-05-03T04:59:55+00:00","dateModified":"2025-10-12T18:26:34+00:00","breadcrumb":{"@id":"https:\/\/thenordicsauna.com\/et\/soojuspumbad\/#breadcrumb"},"inLanguage":"et","potentialAction":[{"@type":"ReadAction","target":["https:\/\/thenordicsauna.com\/et\/soojuspumbad\/"]}]},{"@type":"BreadcrumbList","@id":"https:\/\/thenordicsauna.com\/et\/soojuspumbad\/#breadcrumb","itemListElement":[{"@type":"ListItem","position":1,"name":"Home","item":"https:\/\/thenordicsauna.com\/et\/taiuslik-spaaelamus-sinu-koduoues\/"},{"@type":"ListItem","position":2,"name":"Soojuspumbad"}]},{"@type":"WebSite","@id":"https:\/\/thenordicsauna.com\/et\/#website","url":"https:\/\/thenordicsauna.com\/et\/","name":"TheNordicSauna","description":"Ultimate Outdoor SPA experience","publisher":{"@id":"https:\/\/thenordicsauna.com\/et\/#organization"},"alternateName":"TNS","potentialAction":[{"@type":"SearchAction","target":{"@type":"EntryPoint","urlTemplate":"https:\/\/thenordicsauna.com\/et\/?s={search_term_string}"},"query-input":{"@type":"PropertyValueSpecification","valueRequired":true,"valueName":"search_term_string"}}],"inLanguage":"et"},{"@type":"Organization","@id":"https:\/\/thenordicsauna.com\/et\/#organization","name":"TheNordicSauna","alternateName":"TNS","url":"https:\/\/thenordicsauna.com\/et\/","logo":{"@type":"ImageObject","inLanguage":"et","@id":"https:\/\/thenordicsauna.com\/et\/#\/schema\/logo\/image\/","url":"https:\/\/thenordicsauna.com\/wp-content\/uploads\/2025\/04\/TheNordicSauna-logo-white.svg","contentUrl":"https:\/\/thenordicsauna.com\/wp-content\/uploads\/2025\/04\/TheNordicSauna-logo-white.svg","width":203,"height":203,"caption":"TheNordicSauna"},"image":{"@id":"https:\/\/thenordicsauna.com\/et\/#\/schema\/logo\/image\/"},"sameAs":["https:\/\/www.facebook.com\/TheNordicSauna\/","https:\/\/www.instagram.com\/thenordicsauna"]}]}},"_links":{"self":[{"href":"https:\/\/thenordicsauna.com\/et\/wp-json\/wp\/v2\/pages\/6655","targetHints":{"allow":["GET"]}}],"collection":[{"href":"https:\/\/thenordicsauna.com\/et\/wp-json\/wp\/v2\/pages"}],"about":[{"href":"https:\/\/thenordicsauna.com\/et\/wp-json\/wp\/v2\/types\/page"}],"author":[{"embeddable":true,"href":"https:\/\/thenordicsauna.com\/et\/wp-json\/wp\/v2\/users\/2"}],"replies":[{"embeddable":true,"href":"https:\/\/thenordicsauna.com\/et\/wp-json\/wp\/v2\/comments?post=6655"}],"version-history":[{"count":6,"href":"https:\/\/thenordicsauna.com\/et\/wp-json\/wp\/v2\/pages\/6655\/revisions"}],"predecessor-version":[{"id":8896,"href":"https:\/\/thenordicsauna.com\/et\/wp-json\/wp\/v2\/pages\/6655\/revisions\/8896"}],"wp:attachment":[{"href":"https:\/\/thenordicsauna.com\/et\/wp-json\/wp\/v2\/media?parent=6655"}],"curies":[{"name":"wp","href":"https:\/\/api.w.org\/{rel}","templated":true}]}}