{"id":6859,"date":"2025-04-16T17:33:29","date_gmt":"2025-04-16T17:33:29","guid":{"rendered":"https:\/\/thenordicsauna.com\/saunad\/"},"modified":"2025-09-27T10:37:33","modified_gmt":"2025-09-27T10:37:33","slug":"saunad","status":"publish","type":"page","link":"https:\/\/thenordicsauna.com\/et\/saunad\/","title":{"rendered":"Saunad"},"content":{"rendered":"\t\t<div data-elementor-type=\"wp-page\" data-elementor-id=\"6859\" class=\"elementor elementor-6859 elementor-199\" data-elementor-settings=\"{&quot;scroll_snap&quot;:&quot;yes&quot;}\" data-elementor-post-type=\"page\">\n\t\t\t\t<div data-dce-background-overlay-color=\"#24242400\" data-dce-background-image-url=\"https:\/\/thenordicsauna.com\/wp-content\/uploads\/2025\/04\/A7402383-1-scaled-1.jpg\" class=\"elementor-element elementor-element-598b3756 e-flex e-con-boxed e-con e-parent\" data-id=\"598b3756\" data-element_type=\"container\" data-settings=\"{&quot;background_background&quot;:&quot;classic&quot;}\">\n\t\t\t\t\t<div class=\"e-con-inner\">\n\t\t\t\t<div class=\"elementor-element elementor-element-d416b5e elementor-widget elementor-widget-heading\" data-id=\"d416b5e\" data-element_type=\"widget\" data-widget_type=\"heading.default\">\n\t\t\t\t<div class=\"elementor-widget-container\">\n\t\t\t\t\t<h1 class=\"elementor-heading-title elementor-size-default\"><a href=\"https:\/\/thenordicsauna.com\/saunas\/nordic-cube\/\">Nordic Cube<\/a><\/h1>\t\t\t\t<\/div>\n\t\t\t\t<\/div>\n\t\t\t\t<div class=\"elementor-element elementor-element-55ff3b62 elementor-widget elementor-widget-text-editor\" data-id=\"55ff3b62\" data-element_type=\"widget\" data-widget_type=\"text-editor.default\">\n\t\t\t\t<div class=\"elementor-widget-container\">\n\t\t\t\t\t\t\t\t\t<p>Traditsiooniline saunakogemus kaasaegses ruumis<\/p>\t\t\t\t\t\t\t\t<\/div>\n\t\t\t\t<\/div>\n\t\t<div class=\"elementor-element elementor-element-51502f41 e-flex e-con-boxed e-con e-child\" data-id=\"51502f41\" data-element_type=\"container\">\n\t\t\t\t\t<div class=\"e-con-inner\">\n\t\t<div class=\"elementor-element elementor-element-3299fa84 e-con-full e-flex e-con e-child\" data-id=\"3299fa84\" data-element_type=\"container\">\n\t\t<div class=\"elementor-element elementor-element-3b85df12 e-con-full e-flex e-con e-child\" data-id=\"3b85df12\" data-element_type=\"container\">\n\t\t\t\t<div class=\"elementor-element elementor-element-6a748651 elementor-widget elementor-widget-heading\" data-id=\"6a748651\" data-element_type=\"widget\" data-widget_type=\"heading.default\">\n\t\t\t\t<div class=\"elementor-widget-container\">\n\t\t\t\t\t<div class=\"elementor-heading-title elementor-size-default\">Alates<\/div>\t\t\t\t<\/div>\n\t\t\t\t<\/div>\n\t\t\t\t<div class=\"elementor-element elementor-element-2f441184 elementor-widget elementor-widget-heading\" data-id=\"2f441184\" data-element_type=\"widget\" data-widget_type=\"heading.default\">\n\t\t\t\t<div class=\"elementor-widget-container\">\n\t\t\t\t\t<div class=\"elementor-heading-title elementor-size-default\"><span class=\"wcpbc-price wcpbc-price-4927\" data-product-id=\"4927\"><span class=\"woocommerce-Price-amount amount\"><span class=\"woocommerce-Price-currencySymbol\">&euro;<\/span>\u00a012 150,00<\/span><\/span><\/div>\t\t\t\t<\/div>\n\t\t\t\t<\/div>\n\t\t\t\t<\/div>\n\t\t<div class=\"elementor-element elementor-element-2ff1746 e-con-full e-flex e-con e-child\" data-id=\"2ff1746\" data-element_type=\"container\">\n\t\t\t\t<div class=\"elementor-element elementor-element-3e6d0189 elementor-widget elementor-widget-heading\" data-id=\"3e6d0189\" data-element_type=\"widget\" data-widget_type=\"heading.default\">\n\t\t\t\t<div class=\"elementor-widget-container\">\n\t\t\t\t\t<div class=\"elementor-heading-title elementor-size-default\">Pikkus x laius<\/div>\t\t\t\t<\/div>\n\t\t\t\t<\/div>\n\t\t\t\t<div class=\"elementor-element elementor-element-2c18ef44 elementor-widget elementor-widget-heading\" data-id=\"2c18ef44\" data-element_type=\"widget\" data-widget_type=\"heading.default\">\n\t\t\t\t<div class=\"elementor-widget-container\">\n\t\t\t\t\t<div class=\"elementor-heading-title elementor-size-default\">2,4m x 3,8m<\/div>\t\t\t\t<\/div>\n\t\t\t\t<\/div>\n\t\t\t\t<\/div>\n\t\t\t\t<\/div>\n\t\t\t\t<div class=\"elementor-element elementor-element-561397b9 elementor-widget elementor-widget-button\" data-id=\"561397b9\" data-element_type=\"widget\" data-widget_type=\"button.default\">\n\t\t\t\t<div class=\"elementor-widget-container\">\n\t\t\t\t\t\t\t\t\t<div class=\"elementor-button-wrapper\">\n\t\t\t\t\t<a class=\"elementor-button elementor-button-link elementor-size-sm\" href=\"https:\/\/thenordicsauna.com\/et\/saunad\/nordic-cube\/\">\n\t\t\t\t\t\t<span class=\"elementor-button-content-wrapper\">\n\t\t\t\t\t\t\t\t\t<span class=\"elementor-button-text\">Vaata l\u00e4hemalt<\/span>\n\t\t\t\t\t<\/span>\n\t\t\t\t\t<\/a>\n\t\t\t\t<\/div>\n\t\t\t\t\t\t\t\t<\/div>\n\t\t\t\t<\/div>\n\t\t\t\t\t<\/div>\n\t\t\t\t<\/div>\n\t\t\t\t\t<\/div>\n\t\t\t\t<\/div>\n\t\t<div data-dce-background-overlay-color=\"#24242400\" data-dce-background-image-url=\"https:\/\/thenordicsauna.com\/wp-content\/uploads\/2025\/05\/Nordic-Moon-Gallery-2.jpg\" class=\"elementor-element elementor-element-652f9d54 e-flex e-con-boxed e-con e-parent\" data-id=\"652f9d54\" data-element_type=\"container\" data-settings=\"{&quot;background_background&quot;:&quot;classic&quot;}\">\n\t\t\t\t\t<div class=\"e-con-inner\">\n\t\t\t\t<div class=\"elementor-element elementor-element-4e6fa020 elementor-widget elementor-widget-heading\" data-id=\"4e6fa020\" data-element_type=\"widget\" data-widget_type=\"heading.default\">\n\t\t\t\t<div class=\"elementor-widget-container\">\n\t\t\t\t\t<h1 class=\"elementor-heading-title elementor-size-default\"><a href=\"https:\/\/thenordicsauna.com\/saunas\/nordic-moon\/\">Nordic Moon<\/a><\/h1>\t\t\t\t<\/div>\n\t\t\t\t<\/div>\n\t\t\t\t<div class=\"elementor-element elementor-element-29b94532 elementor-widget elementor-widget-text-editor\" data-id=\"29b94532\" data-element_type=\"widget\" data-widget_type=\"text-editor.default\">\n\t\t\t\t<div class=\"elementor-widget-container\">\n\t\t\t\t\t\t\t\t\t<p>Leia oma rahu ovaalsaunas.<\/p>\t\t\t\t\t\t\t\t<\/div>\n\t\t\t\t<\/div>\n\t\t<div class=\"elementor-element elementor-element-16b6bb0c e-flex e-con-boxed e-con e-child\" data-id=\"16b6bb0c\" data-element_type=\"container\">\n\t\t\t\t\t<div class=\"e-con-inner\">\n\t\t<div class=\"elementor-element elementor-element-4e72f6eb e-con-full e-flex e-con e-child\" data-id=\"4e72f6eb\" data-element_type=\"container\">\n\t\t<div class=\"elementor-element elementor-element-5e0ca1a2 e-con-full e-flex e-con e-child\" data-id=\"5e0ca1a2\" data-element_type=\"container\">\n\t\t\t\t<div class=\"elementor-element elementor-element-5d5ce3d0 elementor-widget elementor-widget-heading\" data-id=\"5d5ce3d0\" data-element_type=\"widget\" data-widget_type=\"heading.default\">\n\t\t\t\t<div class=\"elementor-widget-container\">\n\t\t\t\t\t<div class=\"elementor-heading-title elementor-size-default\">Alates<\/div>\t\t\t\t<\/div>\n\t\t\t\t<\/div>\n\t\t\t\t<div class=\"elementor-element elementor-element-1ec612cc elementor-widget elementor-widget-heading\" data-id=\"1ec612cc\" data-element_type=\"widget\" data-widget_type=\"heading.default\">\n\t\t\t\t<div class=\"elementor-widget-container\">\n\t\t\t\t\t<div class=\"elementor-heading-title elementor-size-default\"><span class=\"wcpbc-price wcpbc-price-4930\" data-product-id=\"4930\"><span class=\"woocommerce-Price-amount amount\"><span class=\"woocommerce-Price-currencySymbol\">&euro;<\/span>\u00a011 650,00<\/span><\/span><\/div>\t\t\t\t<\/div>\n\t\t\t\t<\/div>\n\t\t\t\t<\/div>\n\t\t<div class=\"elementor-element elementor-element-5b45e2d1 e-con-full e-flex e-con e-child\" data-id=\"5b45e2d1\" data-element_type=\"container\">\n\t\t\t\t<div class=\"elementor-element elementor-element-6a8bb21d elementor-widget elementor-widget-heading\" data-id=\"6a8bb21d\" data-element_type=\"widget\" data-widget_type=\"heading.default\">\n\t\t\t\t<div class=\"elementor-widget-container\">\n\t\t\t\t\t<div class=\"elementor-heading-title elementor-size-default\">Pikkus x laius<\/div>\t\t\t\t<\/div>\n\t\t\t\t<\/div>\n\t\t\t\t<div class=\"elementor-element elementor-element-1baab7b4 elementor-widget elementor-widget-heading\" data-id=\"1baab7b4\" data-element_type=\"widget\" data-widget_type=\"heading.default\">\n\t\t\t\t<div class=\"elementor-widget-container\">\n\t\t\t\t\t<div class=\"elementor-heading-title elementor-size-default\">2,4m x 4,4m<\/div>\t\t\t\t<\/div>\n\t\t\t\t<\/div>\n\t\t\t\t<\/div>\n\t\t\t\t<\/div>\n\t\t\t\t<div class=\"elementor-element elementor-element-6accb9cc elementor-widget elementor-widget-button\" data-id=\"6accb9cc\" data-element_type=\"widget\" data-widget_type=\"button.default\">\n\t\t\t\t<div class=\"elementor-widget-container\">\n\t\t\t\t\t\t\t\t\t<div class=\"elementor-button-wrapper\">\n\t\t\t\t\t<a class=\"elementor-button elementor-button-link elementor-size-sm\" href=\"https:\/\/thenordicsauna.com\/et\/saunad\/nordic-moon\/\">\n\t\t\t\t\t\t<span class=\"elementor-button-content-wrapper\">\n\t\t\t\t\t\t\t\t\t<span class=\"elementor-button-text\">Vaata l\u00e4hemalt<\/span>\n\t\t\t\t\t<\/span>\n\t\t\t\t\t<\/a>\n\t\t\t\t<\/div>\n\t\t\t\t\t\t\t\t<\/div>\n\t\t\t\t<\/div>\n\t\t\t\t\t<\/div>\n\t\t\t\t<\/div>\n\t\t\t\t\t<\/div>\n\t\t\t\t<\/div>\n\t\t<div data-dce-background-overlay-color=\"#24242400\" data-dce-background-image-url=\"https:\/\/thenordicsauna.com\/wp-content\/uploads\/2025\/04\/1-Nordic-Barrel-scaled-1.jpg\" class=\"elementor-element elementor-element-39945ba0 e-flex e-con-boxed e-con e-parent\" data-id=\"39945ba0\" data-element_type=\"container\" data-settings=\"{&quot;background_background&quot;:&quot;classic&quot;}\">\n\t\t\t\t\t<div class=\"e-con-inner\">\n\t\t\t\t<div class=\"elementor-element elementor-element-27271f66 elementor-widget elementor-widget-heading\" data-id=\"27271f66\" data-element_type=\"widget\" data-widget_type=\"heading.default\">\n\t\t\t\t<div class=\"elementor-widget-container\">\n\t\t\t\t\t<h1 class=\"elementor-heading-title elementor-size-default\"><a href=\"https:\/\/thenordicsauna.com\/saunas\/nordic-barrel\/\">Nordic Barrel<\/a><\/h1>\t\t\t\t<\/div>\n\t\t\t\t<\/div>\n\t\t\t\t<div class=\"elementor-element elementor-element-3a5d1f83 elementor-widget elementor-widget-text-editor\" data-id=\"3a5d1f83\" data-element_type=\"widget\" data-widget_type=\"text-editor.default\">\n\t\t\t\t<div class=\"elementor-widget-container\">\n\t\t\t\t\t\t\t\t\t<p>Koge m\u00e4gimajakese h\u00f5ngu torusaunas.<\/p>\t\t\t\t\t\t\t\t<\/div>\n\t\t\t\t<\/div>\n\t\t<div class=\"elementor-element elementor-element-3985b8c0 e-flex e-con-boxed e-con e-child\" data-id=\"3985b8c0\" data-element_type=\"container\">\n\t\t\t\t\t<div class=\"e-con-inner\">\n\t\t<div class=\"elementor-element elementor-element-16426b7c e-con-full e-flex e-con e-child\" data-id=\"16426b7c\" data-element_type=\"container\">\n\t\t<div class=\"elementor-element elementor-element-41a9b07d e-con-full e-flex e-con e-child\" data-id=\"41a9b07d\" data-element_type=\"container\">\n\t\t\t\t<div class=\"elementor-element elementor-element-253ea827 elementor-widget elementor-widget-heading\" data-id=\"253ea827\" data-element_type=\"widget\" data-widget_type=\"heading.default\">\n\t\t\t\t<div class=\"elementor-widget-container\">\n\t\t\t\t\t<div class=\"elementor-heading-title elementor-size-default\">Alates<\/div>\t\t\t\t<\/div>\n\t\t\t\t<\/div>\n\t\t\t\t<div class=\"elementor-element elementor-element-110a93a8 elementor-widget elementor-widget-heading\" data-id=\"110a93a8\" data-element_type=\"widget\" data-widget_type=\"heading.default\">\n\t\t\t\t<div class=\"elementor-widget-container\">\n\t\t\t\t\t<div class=\"elementor-heading-title elementor-size-default\"><span class=\"wcpbc-price wcpbc-price-4932\" data-product-id=\"4932\"><span class=\"woocommerce-Price-amount amount\"><span class=\"woocommerce-Price-currencySymbol\">&euro;<\/span>\u00a06 550,00<\/span><\/span><\/div>\t\t\t\t<\/div>\n\t\t\t\t<\/div>\n\t\t\t\t<\/div>\n\t\t<div class=\"elementor-element elementor-element-720a940d e-con-full e-flex e-con e-child\" data-id=\"720a940d\" data-element_type=\"container\">\n\t\t\t\t<div class=\"elementor-element elementor-element-676f2ec1 elementor-widget elementor-widget-heading\" data-id=\"676f2ec1\" data-element_type=\"widget\" data-widget_type=\"heading.default\">\n\t\t\t\t<div class=\"elementor-widget-container\">\n\t\t\t\t\t<div class=\"elementor-heading-title elementor-size-default\">Pikkus x laius<\/div>\t\t\t\t<\/div>\n\t\t\t\t<\/div>\n\t\t\t\t<div class=\"elementor-element elementor-element-66e32e0b elementor-widget elementor-widget-heading\" data-id=\"66e32e0b\" data-element_type=\"widget\" data-widget_type=\"heading.default\">\n\t\t\t\t<div class=\"elementor-widget-container\">\n\t\t\t\t\t<div class=\"elementor-heading-title elementor-size-default\">3,95-4,5m<\/div>\t\t\t\t<\/div>\n\t\t\t\t<\/div>\n\t\t\t\t<\/div>\n\t\t\t\t<\/div>\n\t\t\t\t<div class=\"elementor-element elementor-element-c2c224a elementor-widget elementor-widget-button\" data-id=\"c2c224a\" data-element_type=\"widget\" data-widget_type=\"button.default\">\n\t\t\t\t<div class=\"elementor-widget-container\">\n\t\t\t\t\t\t\t\t\t<div class=\"elementor-button-wrapper\">\n\t\t\t\t\t<a class=\"elementor-button elementor-button-link elementor-size-sm\" href=\"https:\/\/thenordicsauna.com\/et\/saunad\/nordic-barrel\/\">\n\t\t\t\t\t\t<span class=\"elementor-button-content-wrapper\">\n\t\t\t\t\t\t\t\t\t<span class=\"elementor-button-text\">Vaata l\u00e4hemalt<\/span>\n\t\t\t\t\t<\/span>\n\t\t\t\t\t<\/a>\n\t\t\t\t<\/div>\n\t\t\t\t\t\t\t\t<\/div>\n\t\t\t\t<\/div>\n\t\t\t\t\t<\/div>\n\t\t\t\t<\/div>\n\t\t\t\t\t<\/div>\n\t\t\t\t<\/div>\n\t\t\t\t<\/div>\n\t\t","protected":false},"excerpt":{"rendered":"<p>Nordic Cube Traditsiooniline saunakogemus kaasaegses ruumis Alates Pikkus x laius 2,4m x 3,8m Vaata l\u00e4hemalt Nordic Moon Leia oma rahu ovaalsaunas. Alates Pikkus x laius 2,4m x 4,4m Vaata l\u00e4hemalt Nordic Barrel Koge m\u00e4gimajakese h\u00f5ngu torusaunas. Alates Pikkus x laius 3,95-4,5m Vaata l\u00e4hemalt<\/p>\n","protected":false},"author":2,"featured_media":0,"parent":0,"menu_order":0,"comment_status":"closed","ping_status":"closed","template":"","meta":{"_acf_changed":false,"footnotes":""},"class_list":["post-6859","page","type-page","status-publish","hentry"],"acf":[],"yoast_head":"<!-- This site is optimized with the Yoast SEO plugin v26.6 - https:\/\/yoast.com\/wordpress\/plugins\/seo\/ -->\n<title>Saunad | TheNordicSauna<\/title>\n<meta name=\"robots\" content=\"index, follow, max-snippet:-1, max-image-preview:large, max-video-preview:-1\" \/>\n<link rel=\"canonical\" href=\"https:\/\/thenordicsauna.com\/et\/saunad\/\" \/>\n<meta property=\"og:locale\" content=\"et_EE\" \/>\n<meta property=\"og:type\" content=\"article\" \/>\n<meta property=\"og:title\" content=\"Saunad | TheNordicSauna\" \/>\n<meta property=\"og:description\" content=\"Nordic Cube Traditsiooniline saunakogemus kaasaegses ruumis Alates Pikkus x laius 2,4m x 3,8m Vaata l\u00e4hemalt Nordic Moon Leia oma rahu ovaalsaunas. Alates Pikkus x laius 2,4m x 4,4m Vaata l\u00e4hemalt Nordic Barrel Koge m\u00e4gimajakese h\u00f5ngu torusaunas. Alates Pikkus x laius 3,95-4,5m Vaata l\u00e4hemalt\" \/>\n<meta property=\"og:url\" content=\"https:\/\/thenordicsauna.com\/et\/saunad\/\" \/>\n<meta property=\"og:site_name\" content=\"TheNordicSauna\" \/>\n<meta property=\"article:publisher\" content=\"https:\/\/www.facebook.com\/TheNordicSauna\/\" \/>\n<meta property=\"article:modified_time\" content=\"2025-09-27T10:37:33+00:00\" \/>\n<meta name=\"twitter:card\" content=\"summary_large_image\" \/>\n<script type=\"application\/ld+json\" class=\"yoast-schema-graph\">{\"@context\":\"https:\/\/schema.org\",\"@graph\":[{\"@type\":\"WebPage\",\"@id\":\"https:\/\/thenordicsauna.com\/et\/saunad\/\",\"url\":\"https:\/\/thenordicsauna.com\/et\/saunad\/\",\"name\":\"Saunad | TheNordicSauna\",\"isPartOf\":{\"@id\":\"https:\/\/thenordicsauna.com\/et\/#website\"},\"datePublished\":\"2025-04-16T17:33:29+00:00\",\"dateModified\":\"2025-09-27T10:37:33+00:00\",\"breadcrumb\":{\"@id\":\"https:\/\/thenordicsauna.com\/et\/saunad\/#breadcrumb\"},\"inLanguage\":\"et\",\"potentialAction\":[{\"@type\":\"ReadAction\",\"target\":[\"https:\/\/thenordicsauna.com\/et\/saunad\/\"]}]},{\"@type\":\"BreadcrumbList\",\"@id\":\"https:\/\/thenordicsauna.com\/et\/saunad\/#breadcrumb\",\"itemListElement\":[{\"@type\":\"ListItem\",\"position\":1,\"name\":\"Home\",\"item\":\"https:\/\/thenordicsauna.com\/et\/taiuslik-spaaelamus-sinu-koduoues\/\"},{\"@type\":\"ListItem\",\"position\":2,\"name\":\"Saunad\"}]},{\"@type\":\"WebSite\",\"@id\":\"https:\/\/thenordicsauna.com\/et\/#website\",\"url\":\"https:\/\/thenordicsauna.com\/et\/\",\"name\":\"TheNordicSauna\",\"description\":\"Ultimate Outdoor SPA experience\",\"publisher\":{\"@id\":\"https:\/\/thenordicsauna.com\/et\/#organization\"},\"alternateName\":\"TNS\",\"potentialAction\":[{\"@type\":\"SearchAction\",\"target\":{\"@type\":\"EntryPoint\",\"urlTemplate\":\"https:\/\/thenordicsauna.com\/et\/?s={search_term_string}\"},\"query-input\":{\"@type\":\"PropertyValueSpecification\",\"valueRequired\":true,\"valueName\":\"search_term_string\"}}],\"inLanguage\":\"et\"},{\"@type\":\"Organization\",\"@id\":\"https:\/\/thenordicsauna.com\/et\/#organization\",\"name\":\"TheNordicSauna\",\"alternateName\":\"TNS\",\"url\":\"https:\/\/thenordicsauna.com\/et\/\",\"logo\":{\"@type\":\"ImageObject\",\"inLanguage\":\"et\",\"@id\":\"https:\/\/thenordicsauna.com\/et\/#\/schema\/logo\/image\/\",\"url\":\"https:\/\/thenordicsauna.com\/wp-content\/uploads\/2025\/04\/TheNordicSauna-logo-white.svg\",\"contentUrl\":\"https:\/\/thenordicsauna.com\/wp-content\/uploads\/2025\/04\/TheNordicSauna-logo-white.svg\",\"width\":203,\"height\":203,\"caption\":\"TheNordicSauna\"},\"image\":{\"@id\":\"https:\/\/thenordicsauna.com\/et\/#\/schema\/logo\/image\/\"},\"sameAs\":[\"https:\/\/www.facebook.com\/TheNordicSauna\/\",\"https:\/\/www.instagram.com\/thenordicsauna\"]}]}<\/script>\n<!-- \/ Yoast SEO plugin. -->","yoast_head_json":{"title":"Saunad | TheNordicSauna","robots":{"index":"index","follow":"follow","max-snippet":"max-snippet:-1","max-image-preview":"max-image-preview:large","max-video-preview":"max-video-preview:-1"},"canonical":"https:\/\/thenordicsauna.com\/et\/saunad\/","og_locale":"et_EE","og_type":"article","og_title":"Saunad | TheNordicSauna","og_description":"Nordic Cube Traditsiooniline saunakogemus kaasaegses ruumis Alates Pikkus x laius 2,4m x 3,8m Vaata l\u00e4hemalt Nordic Moon Leia oma rahu ovaalsaunas. Alates Pikkus x laius 2,4m x 4,4m Vaata l\u00e4hemalt Nordic Barrel Koge m\u00e4gimajakese h\u00f5ngu torusaunas. Alates Pikkus x laius 3,95-4,5m Vaata l\u00e4hemalt","og_url":"https:\/\/thenordicsauna.com\/et\/saunad\/","og_site_name":"TheNordicSauna","article_publisher":"https:\/\/www.facebook.com\/TheNordicSauna\/","article_modified_time":"2025-09-27T10:37:33+00:00","twitter_card":"summary_large_image","schema":{"@context":"https:\/\/schema.org","@graph":[{"@type":"WebPage","@id":"https:\/\/thenordicsauna.com\/et\/saunad\/","url":"https:\/\/thenordicsauna.com\/et\/saunad\/","name":"Saunad | TheNordicSauna","isPartOf":{"@id":"https:\/\/thenordicsauna.com\/et\/#website"},"datePublished":"2025-04-16T17:33:29+00:00","dateModified":"2025-09-27T10:37:33+00:00","breadcrumb":{"@id":"https:\/\/thenordicsauna.com\/et\/saunad\/#breadcrumb"},"inLanguage":"et","potentialAction":[{"@type":"ReadAction","target":["https:\/\/thenordicsauna.com\/et\/saunad\/"]}]},{"@type":"BreadcrumbList","@id":"https:\/\/thenordicsauna.com\/et\/saunad\/#breadcrumb","itemListElement":[{"@type":"ListItem","position":1,"name":"Home","item":"https:\/\/thenordicsauna.com\/et\/taiuslik-spaaelamus-sinu-koduoues\/"},{"@type":"ListItem","position":2,"name":"Saunad"}]},{"@type":"WebSite","@id":"https:\/\/thenordicsauna.com\/et\/#website","url":"https:\/\/thenordicsauna.com\/et\/","name":"TheNordicSauna","description":"Ultimate Outdoor SPA experience","publisher":{"@id":"https:\/\/thenordicsauna.com\/et\/#organization"},"alternateName":"TNS","potentialAction":[{"@type":"SearchAction","target":{"@type":"EntryPoint","urlTemplate":"https:\/\/thenordicsauna.com\/et\/?s={search_term_string}"},"query-input":{"@type":"PropertyValueSpecification","valueRequired":true,"valueName":"search_term_string"}}],"inLanguage":"et"},{"@type":"Organization","@id":"https:\/\/thenordicsauna.com\/et\/#organization","name":"TheNordicSauna","alternateName":"TNS","url":"https:\/\/thenordicsauna.com\/et\/","logo":{"@type":"ImageObject","inLanguage":"et","@id":"https:\/\/thenordicsauna.com\/et\/#\/schema\/logo\/image\/","url":"https:\/\/thenordicsauna.com\/wp-content\/uploads\/2025\/04\/TheNordicSauna-logo-white.svg","contentUrl":"https:\/\/thenordicsauna.com\/wp-content\/uploads\/2025\/04\/TheNordicSauna-logo-white.svg","width":203,"height":203,"caption":"TheNordicSauna"},"image":{"@id":"https:\/\/thenordicsauna.com\/et\/#\/schema\/logo\/image\/"},"sameAs":["https:\/\/www.facebook.com\/TheNordicSauna\/","https:\/\/www.instagram.com\/thenordicsauna"]}]}},"_links":{"self":[{"href":"https:\/\/thenordicsauna.com\/et\/wp-json\/wp\/v2\/pages\/6859","targetHints":{"allow":["GET"]}}],"collection":[{"href":"https:\/\/thenordicsauna.com\/et\/wp-json\/wp\/v2\/pages"}],"about":[{"href":"https:\/\/thenordicsauna.com\/et\/wp-json\/wp\/v2\/types\/page"}],"author":[{"embeddable":true,"href":"https:\/\/thenordicsauna.com\/et\/wp-json\/wp\/v2\/users\/2"}],"replies":[{"embeddable":true,"href":"https:\/\/thenordicsauna.com\/et\/wp-json\/wp\/v2\/comments?post=6859"}],"version-history":[{"count":2,"href":"https:\/\/thenordicsauna.com\/et\/wp-json\/wp\/v2\/pages\/6859\/revisions"}],"predecessor-version":[{"id":7977,"href":"https:\/\/thenordicsauna.com\/et\/wp-json\/wp\/v2\/pages\/6859\/revisions\/7977"}],"wp:attachment":[{"href":"https:\/\/thenordicsauna.com\/et\/wp-json\/wp\/v2\/media?parent=6859"}],"curies":[{"name":"wp","href":"https:\/\/api.w.org\/{rel}","templated":true}]}}