{"id":7313,"date":"2025-05-28T21:24:34","date_gmt":"2025-05-28T21:24:34","guid":{"rendered":"https:\/\/thenordicsauna.com\/shop\/lisauks-nordic-domeile\/"},"modified":"2025-10-12T19:08:06","modified_gmt":"2025-10-12T19:08:06","slug":"lisauks-nordic-domeile","status":"publish","type":"product","link":"https:\/\/thenordicsauna.com\/et\/e-pood\/lisauks-nordic-domeile\/","title":{"rendered":"Lisauks Nordic Dome\u2019ile"},"content":{"rendered":"","protected":false},"excerpt":{"rendered":"<p>T\u00e4ienda oma Nordic Dome\u2019i lisaliugustega. Vaikimisi on komplektis \u00fcks uks, kuid juurde saab lisada kuni kolm ust \u2013 kokku maksimaalselt neli. Ideaalne lahendus mugavamaks sissep\u00e4\u00e4suks, parema \u00f5huringluse tagamiseks v\u00f5i paindlike lahenduste loomiseks \u00fchiskasutatavates ja avalikes ruumides.  <\/p>\n","protected":false},"featured_media":6518,"template":"","meta":{"_acf_changed":false},"product_brand":[],"product_cat":[100],"product_tag":[],"class_list":{"0":"post-7313","1":"product","2":"type-product","3":"status-publish","4":"has-post-thumbnail","6":"product_cat-saunade-lisad","8":"first","9":"instock","10":"taxable","11":"shipping-taxable","12":"purchasable","13":"product-type-simple"},"acf":[],"yoast_head":"<!-- This site is optimized with the Yoast SEO plugin v26.6 - https:\/\/yoast.com\/wordpress\/plugins\/seo\/ -->\n<title>Lisauks Nordic Dome\u2019ile | TheNordicSauna<\/title>\n<meta name=\"robots\" content=\"index, follow, max-snippet:-1, max-image-preview:large, max-video-preview:-1\" \/>\n<link rel=\"canonical\" href=\"https:\/\/thenordicsauna.com\/et\/e-pood\/lisauks-nordic-domeile\/\" \/>\n<meta property=\"og:locale\" content=\"et_EE\" \/>\n<meta property=\"og:type\" content=\"article\" \/>\n<meta property=\"og:title\" content=\"Lisauks Nordic Dome\u2019ile | TheNordicSauna\" \/>\n<meta property=\"og:description\" content=\"T\u00e4ienda oma Nordic Dome\u2019i lisaliugustega. Vaikimisi on komplektis \u00fcks uks, kuid juurde saab lisada kuni kolm ust \u2013 kokku maksimaalselt neli. Ideaalne lahendus mugavamaks sissep\u00e4\u00e4suks, parema \u00f5huringluse tagamiseks v\u00f5i paindlike lahenduste loomiseks \u00fchiskasutatavates ja avalikes ruumides.\" \/>\n<meta property=\"og:url\" content=\"https:\/\/thenordicsauna.com\/et\/e-pood\/lisauks-nordic-domeile\/\" \/>\n<meta property=\"og:site_name\" content=\"TheNordicSauna\" \/>\n<meta property=\"article:publisher\" content=\"https:\/\/www.facebook.com\/TheNordicSauna\/\" \/>\n<meta property=\"article:modified_time\" content=\"2025-10-12T19:08:06+00:00\" \/>\n<meta property=\"og:image\" content=\"https:\/\/thenordicsauna.com\/wp-content\/uploads\/2025\/05\/1dooreach.png.webp\" \/>\n\t<meta property=\"og:image:width\" content=\"400\" \/>\n\t<meta property=\"og:image:height\" content=\"400\" \/>\n\t<meta property=\"og:image:type\" content=\"image\/webp\" \/>\n<meta name=\"twitter:card\" content=\"summary_large_image\" \/>\n<script type=\"application\/ld+json\" class=\"yoast-schema-graph\">{\"@context\":\"https:\/\/schema.org\",\"@graph\":[{\"@type\":\"WebPage\",\"@id\":\"https:\/\/thenordicsauna.com\/et\/e-pood\/lisauks-nordic-domeile\/\",\"url\":\"https:\/\/thenordicsauna.com\/et\/e-pood\/lisauks-nordic-domeile\/\",\"name\":\"Lisauks Nordic Dome\u2019ile | TheNordicSauna\",\"isPartOf\":{\"@id\":\"https:\/\/thenordicsauna.com\/et\/#website\"},\"primaryImageOfPage\":{\"@id\":\"https:\/\/thenordicsauna.com\/et\/e-pood\/lisauks-nordic-domeile\/#primaryimage\"},\"image\":{\"@id\":\"https:\/\/thenordicsauna.com\/et\/e-pood\/lisauks-nordic-domeile\/#primaryimage\"},\"thumbnailUrl\":\"https:\/\/thenordicsauna.com\/wp-content\/uploads\/2025\/05\/1dooreach.png.webp\",\"datePublished\":\"2025-05-28T21:24:34+00:00\",\"dateModified\":\"2025-10-12T19:08:06+00:00\",\"breadcrumb\":{\"@id\":\"https:\/\/thenordicsauna.com\/et\/e-pood\/lisauks-nordic-domeile\/#breadcrumb\"},\"inLanguage\":\"et\",\"potentialAction\":[{\"@type\":\"ReadAction\",\"target\":[\"https:\/\/thenordicsauna.com\/et\/e-pood\/lisauks-nordic-domeile\/\"]}]},{\"@type\":\"ImageObject\",\"inLanguage\":\"et\",\"@id\":\"https:\/\/thenordicsauna.com\/et\/e-pood\/lisauks-nordic-domeile\/#primaryimage\",\"url\":\"https:\/\/thenordicsauna.com\/wp-content\/uploads\/2025\/05\/1dooreach.png.webp\",\"contentUrl\":\"https:\/\/thenordicsauna.com\/wp-content\/uploads\/2025\/05\/1dooreach.png.webp\",\"width\":400,\"height\":400,\"caption\":\"Nordic Dome lisauks\"},{\"@type\":\"BreadcrumbList\",\"@id\":\"https:\/\/thenordicsauna.com\/et\/e-pood\/lisauks-nordic-domeile\/#breadcrumb\",\"itemListElement\":[{\"@type\":\"ListItem\",\"position\":1,\"name\":\"Home\",\"item\":\"https:\/\/thenordicsauna.com\/et\/taiuslik-spaaelamus-sinu-koduoues\/\"},{\"@type\":\"ListItem\",\"position\":2,\"name\":\"E-pood\",\"item\":\"https:\/\/thenordicsauna.com\/shop\/\"},{\"@type\":\"ListItem\",\"position\":3,\"name\":\"Muu\",\"item\":\"https:\/\/thenordicsauna.com\/et\/tootekategooria\/muu\/\"},{\"@type\":\"ListItem\",\"position\":4,\"name\":\"Lisauks Nordic Dome\u2019ile\"}]},{\"@type\":\"WebSite\",\"@id\":\"https:\/\/thenordicsauna.com\/et\/#website\",\"url\":\"https:\/\/thenordicsauna.com\/et\/\",\"name\":\"TheNordicSauna\",\"description\":\"Ultimate Outdoor SPA experience\",\"publisher\":{\"@id\":\"https:\/\/thenordicsauna.com\/et\/#organization\"},\"alternateName\":\"TNS\",\"potentialAction\":[{\"@type\":\"SearchAction\",\"target\":{\"@type\":\"EntryPoint\",\"urlTemplate\":\"https:\/\/thenordicsauna.com\/et\/?s={search_term_string}\"},\"query-input\":{\"@type\":\"PropertyValueSpecification\",\"valueRequired\":true,\"valueName\":\"search_term_string\"}}],\"inLanguage\":\"et\"},{\"@type\":\"Organization\",\"@id\":\"https:\/\/thenordicsauna.com\/et\/#organization\",\"name\":\"TheNordicSauna\",\"alternateName\":\"TNS\",\"url\":\"https:\/\/thenordicsauna.com\/et\/\",\"logo\":{\"@type\":\"ImageObject\",\"inLanguage\":\"et\",\"@id\":\"https:\/\/thenordicsauna.com\/et\/#\/schema\/logo\/image\/\",\"url\":\"https:\/\/thenordicsauna.com\/wp-content\/uploads\/2025\/04\/TheNordicSauna-logo-white.svg\",\"contentUrl\":\"https:\/\/thenordicsauna.com\/wp-content\/uploads\/2025\/04\/TheNordicSauna-logo-white.svg\",\"width\":203,\"height\":203,\"caption\":\"TheNordicSauna\"},\"image\":{\"@id\":\"https:\/\/thenordicsauna.com\/et\/#\/schema\/logo\/image\/\"},\"sameAs\":[\"https:\/\/www.facebook.com\/TheNordicSauna\/\",\"https:\/\/www.instagram.com\/thenordicsauna\"]}]}<\/script>\n<!-- \/ Yoast SEO plugin. -->","yoast_head_json":{"title":"Lisauks Nordic Dome\u2019ile | TheNordicSauna","robots":{"index":"index","follow":"follow","max-snippet":"max-snippet:-1","max-image-preview":"max-image-preview:large","max-video-preview":"max-video-preview:-1"},"canonical":"https:\/\/thenordicsauna.com\/et\/e-pood\/lisauks-nordic-domeile\/","og_locale":"et_EE","og_type":"article","og_title":"Lisauks Nordic Dome\u2019ile | TheNordicSauna","og_description":"T\u00e4ienda oma Nordic Dome\u2019i lisaliugustega. Vaikimisi on komplektis \u00fcks uks, kuid juurde saab lisada kuni kolm ust \u2013 kokku maksimaalselt neli. Ideaalne lahendus mugavamaks sissep\u00e4\u00e4suks, parema \u00f5huringluse tagamiseks v\u00f5i paindlike lahenduste loomiseks \u00fchiskasutatavates ja avalikes ruumides.","og_url":"https:\/\/thenordicsauna.com\/et\/e-pood\/lisauks-nordic-domeile\/","og_site_name":"TheNordicSauna","article_publisher":"https:\/\/www.facebook.com\/TheNordicSauna\/","article_modified_time":"2025-10-12T19:08:06+00:00","og_image":[{"width":400,"height":400,"url":"https:\/\/thenordicsauna.com\/wp-content\/uploads\/2025\/05\/1dooreach.png.webp","type":"image\/webp"}],"twitter_card":"summary_large_image","schema":{"@context":"https:\/\/schema.org","@graph":[{"@type":"WebPage","@id":"https:\/\/thenordicsauna.com\/et\/e-pood\/lisauks-nordic-domeile\/","url":"https:\/\/thenordicsauna.com\/et\/e-pood\/lisauks-nordic-domeile\/","name":"Lisauks Nordic Dome\u2019ile | TheNordicSauna","isPartOf":{"@id":"https:\/\/thenordicsauna.com\/et\/#website"},"primaryImageOfPage":{"@id":"https:\/\/thenordicsauna.com\/et\/e-pood\/lisauks-nordic-domeile\/#primaryimage"},"image":{"@id":"https:\/\/thenordicsauna.com\/et\/e-pood\/lisauks-nordic-domeile\/#primaryimage"},"thumbnailUrl":"https:\/\/thenordicsauna.com\/wp-content\/uploads\/2025\/05\/1dooreach.png.webp","datePublished":"2025-05-28T21:24:34+00:00","dateModified":"2025-10-12T19:08:06+00:00","breadcrumb":{"@id":"https:\/\/thenordicsauna.com\/et\/e-pood\/lisauks-nordic-domeile\/#breadcrumb"},"inLanguage":"et","potentialAction":[{"@type":"ReadAction","target":["https:\/\/thenordicsauna.com\/et\/e-pood\/lisauks-nordic-domeile\/"]}]},{"@type":"ImageObject","inLanguage":"et","@id":"https:\/\/thenordicsauna.com\/et\/e-pood\/lisauks-nordic-domeile\/#primaryimage","url":"https:\/\/thenordicsauna.com\/wp-content\/uploads\/2025\/05\/1dooreach.png.webp","contentUrl":"https:\/\/thenordicsauna.com\/wp-content\/uploads\/2025\/05\/1dooreach.png.webp","width":400,"height":400,"caption":"Nordic Dome lisauks"},{"@type":"BreadcrumbList","@id":"https:\/\/thenordicsauna.com\/et\/e-pood\/lisauks-nordic-domeile\/#breadcrumb","itemListElement":[{"@type":"ListItem","position":1,"name":"Home","item":"https:\/\/thenordicsauna.com\/et\/taiuslik-spaaelamus-sinu-koduoues\/"},{"@type":"ListItem","position":2,"name":"E-pood","item":"https:\/\/thenordicsauna.com\/shop\/"},{"@type":"ListItem","position":3,"name":"Muu","item":"https:\/\/thenordicsauna.com\/et\/tootekategooria\/muu\/"},{"@type":"ListItem","position":4,"name":"Lisauks Nordic Dome\u2019ile"}]},{"@type":"WebSite","@id":"https:\/\/thenordicsauna.com\/et\/#website","url":"https:\/\/thenordicsauna.com\/et\/","name":"TheNordicSauna","description":"Ultimate Outdoor SPA experience","publisher":{"@id":"https:\/\/thenordicsauna.com\/et\/#organization"},"alternateName":"TNS","potentialAction":[{"@type":"SearchAction","target":{"@type":"EntryPoint","urlTemplate":"https:\/\/thenordicsauna.com\/et\/?s={search_term_string}"},"query-input":{"@type":"PropertyValueSpecification","valueRequired":true,"valueName":"search_term_string"}}],"inLanguage":"et"},{"@type":"Organization","@id":"https:\/\/thenordicsauna.com\/et\/#organization","name":"TheNordicSauna","alternateName":"TNS","url":"https:\/\/thenordicsauna.com\/et\/","logo":{"@type":"ImageObject","inLanguage":"et","@id":"https:\/\/thenordicsauna.com\/et\/#\/schema\/logo\/image\/","url":"https:\/\/thenordicsauna.com\/wp-content\/uploads\/2025\/04\/TheNordicSauna-logo-white.svg","contentUrl":"https:\/\/thenordicsauna.com\/wp-content\/uploads\/2025\/04\/TheNordicSauna-logo-white.svg","width":203,"height":203,"caption":"TheNordicSauna"},"image":{"@id":"https:\/\/thenordicsauna.com\/et\/#\/schema\/logo\/image\/"},"sameAs":["https:\/\/www.facebook.com\/TheNordicSauna\/","https:\/\/www.instagram.com\/thenordicsauna"]}]}},"_links":{"self":[{"href":"https:\/\/thenordicsauna.com\/et\/wp-json\/wp\/v2\/product\/7313","targetHints":{"allow":["GET"]}}],"collection":[{"href":"https:\/\/thenordicsauna.com\/et\/wp-json\/wp\/v2\/product"}],"about":[{"href":"https:\/\/thenordicsauna.com\/et\/wp-json\/wp\/v2\/types\/product"}],"version-history":[{"count":1,"href":"https:\/\/thenordicsauna.com\/et\/wp-json\/wp\/v2\/product\/7313\/revisions"}],"predecessor-version":[{"id":8903,"href":"https:\/\/thenordicsauna.com\/et\/wp-json\/wp\/v2\/product\/7313\/revisions\/8903"}],"wp:featuredmedia":[{"embeddable":true,"href":"https:\/\/thenordicsauna.com\/et\/wp-json\/wp\/v2\/media\/6518"}],"wp:attachment":[{"href":"https:\/\/thenordicsauna.com\/et\/wp-json\/wp\/v2\/media?parent=7313"}],"wp:term":[{"taxonomy":"product_brand","embeddable":true,"href":"https:\/\/thenordicsauna.com\/et\/wp-json\/wp\/v2\/product_brand?post=7313"},{"taxonomy":"product_cat","embeddable":true,"href":"https:\/\/thenordicsauna.com\/et\/wp-json\/wp\/v2\/product_cat?post=7313"},{"taxonomy":"product_tag","embeddable":true,"href":"https:\/\/thenordicsauna.com\/et\/wp-json\/wp\/v2\/product_tag?post=7313"}],"curies":[{"name":"wp","href":"https:\/\/api.w.org\/{rel}","templated":true}]}}