{"id":7318,"date":"2025-05-27T18:24:46","date_gmt":"2025-05-27T18:24:46","guid":{"rendered":"https:\/\/thenordicsauna.com\/shop\/filtermax-kumblustunnide-ja-jaavannide-veefilter\/"},"modified":"2025-10-12T19:11:52","modified_gmt":"2025-10-12T19:11:52","slug":"filtermax-kumblustunni-jaavanni-veefilter","status":"publish","type":"product","link":"https:\/\/thenordicsauna.com\/et\/e-pood\/filtermax-kumblustunni-jaavanni-veefilter\/","title":{"rendered":"FilterMax &#8211; K\u00fcmblust\u00fcnni v\u00f5i j\u00e4\u00e4vanni veefilter."},"content":{"rendered":"<p class=\"p1\"><b>FilterMax &#8211; uus standard k\u00fcmblust\u00fcnnide ja j\u00e4\u00e4vannide vee filtreerimisel.<\/b><b><\/b><\/p>\n<p class=\"p3\">Aastate jooksul oleme katsetanud k\u00fcmneid erinevaid filtris\u00fcsteeme nii erakasutuses kui ka rendit\u00fcnnides. Oleme n\u00e4inud k\u00f5iki t\u00fc\u00fcpilisi probleeme: liiga l\u00fchikesed toitejuhtmed, puuduvad ohutusmeetmed, ebamugav liiva v\u00f5i filterpallide k\u00e4sitsemine, eelfiltri puudumine v\u00f5i puhastusprotsess, mis vajab t\u00f6\u00f6riistade kasutamist.<\/p>\n<p class=\"p3\">FilterMax on esimene s\u00fcsteem, mis lahendab k\u00f5ik need mured \u2013 \u00fches kompaktses ja kasutajas\u00f5bralikus seadmes.<\/p>\n<p class=\"p3\">Erinevalt traditsioonilistest liivafiltritest kasutab FilterMax pestavaid puuvillapalle \u2013 taaskasutatavad, h\u00fcgieenilised ja lihtsasti hooldatavad. Ei mingit liiva k\u00fchveldamist v\u00f5i m\u00e4\u00e4rdunud filterpallide k\u00e4sitsi eemaldamist paagist. <\/p>\n<p class=\"p1\"><b>Mis teeb FilterMaxi eriliseks:<\/b><b><\/b><\/p>\n<ul>\n<li> <strong> \u00dclipeen filtreerimine<\/strong> &#8211; eemaldab osakesed kuni 3 mikronini (0,003 mm), sealhulgas \u00f5li, mustuse ja peened osad sh. nahat\u00fckid ja ihukarvad.<\/li>\n<li>\n<p class=\"p1\"><span class=\"s1\"><br \/>\n  <b>Sisaldab eelfiltrit<\/b><br \/>\n<\/span> &#8211; p\u00fc\u00fcab suuremad osakesed <i>enne<\/i>, kui need j\u00f5uavad p\u00f5hifiltrini (v\u00e4ga haruldane \u201eplug &amp; play\u201c s\u00fcsteemide puhul).<\/p>\n<\/li>\n<li>\n<p class=\"p1\"><span class=\"s1\"><br \/>\n  <b>T\u00f6\u00f6riistavaba hooldus<\/b><br \/>\n<\/span> &#8211; kaas on mugavalt k\u00e4sitsi avatav, t\u00f6\u00f6riistu pole vaja.<\/p>\n<\/li>\n<li>\n<p class=\"p1\"><span class=\"s1\"><br \/>\n  <b>Eemaldatav sisekorv<\/b><br \/>\n<\/span> &#8211; v\u00f5imaldab h\u00f5lpsasti k\u00f5ik filtripallid korraga v\u00e4lja t\u00f5sta k\u00e4si m\u00e4\u00e4rimata.<\/p>\n<\/li>\n<li>\n<p class=\"p1\"><span class=\"s1\"><br \/>\n  <b>Sisseehitatud rikkevoolukaitse<\/b><br \/>\n<\/span> &#8211; lisa turvaelement, mis enamikul turul olevatest filtritest t\u00e4ielikult puudub.<\/p>\n<\/li>\n<li>\n<p class=\"p1\"><span class=\"s1\"><br \/>\n  <b>3,5 m pikkune toitejuhe<\/b><br \/>\n<\/span> &#8211; piisavalt pikk, et v\u00e4ltida ohtlikke j\u00e4tkukohti nt. k\u00fcmblust\u00fcnni all v\u00f5i l\u00e4hedal. Konkureerivatel toodetel on tihti levinud k\u00f5igest 1m pikkused toitekaablid.<\/p>\n<\/li>\n<li>\n<p class=\"p1\"><span class=\"s1\"><br \/>\n  <b>Energiat\u00f5hus<\/b><br \/>\n<\/span> &#8211; T\u00f6\u00f6tab vaid 80 W v\u00f5imsusel. V\u00f5rreldes n\u00e4iteks 250W seadmega v\u00f5ib FilterMax t\u00f6\u00f6tada \u00f6\u00f6p\u00e4evaringselt, ilma et elektrikulu m\u00e4rgatavalt suureneks.<\/p>\n<\/li>\n<li>\n<p class=\"p1\"><span class=\"s1\"><br \/>\n  <b>Pestavad puuvillapallid filterelemendina<\/b><br \/>\n<\/span> &#8211; lihtne puhastada tavalises pesumasinas.<\/p>\n<\/li>\n<li>\n<p class=\"p1\"><span class=\"s1\"><br \/>\n  <b>Manomeeter<\/b><br \/>\n<\/span> \u2013 FilterMaxi kaanel olev r\u00f5hun\u00e4idik annab m\u00e4rku, kui filterpallid on mustaks muutunud ja vajavad pesu. Kui vesi liigub liiga aeglaselt l\u00e4bi filterpallide, tekib r\u00f5hu t\u00f5us ning manomeeter n\u00e4itab, et on aeg hoolduseks. <\/p>\n<\/li>\n<li>\n<p class=\"p1\"><span class=\"s1\"><br \/>\n  <b>T\u00f5hus vooluhulk<\/b><br \/>\n<\/span> \u2013 4,8 m\u00b3\/h, tagades kiire ja \u00fchtlase veeringluse. Sobib igas suuruses k\u00fcmblust\u00fcnnidele ja j\u00e4\u00e4vannidele ning kuni 30 m\u00b3 basseinidele. <\/p>\n<\/li>\n<\/ul>\n<p class=\"p1\"><b>Komplektis sisaldub:<\/b><b><\/b><\/p>\n<ul>\n<li>\n<p class=\"p1\">FilterMax filtriseade<\/p>\n<\/li>\n<li>\n<p class=\"p1\">250g filtripalle<\/p>\n<\/li>\n<li>\n<p class=\"p1\">Voolikute liitmikud (nii 32mm kui 38 mm voolikute jaoks)<\/p>\n<\/li>\n<li>\n<p class=\"p1\">Kasutusjuhend<\/p>\n<\/li>\n<\/ul>\n<p class=\"p1\"><b>Miks valida FilterMax?<\/b><b><\/b><\/p>\n<p class=\"p3\">Olgu sul k\u00fcmblust\u00fcnn, j\u00e4\u00e4vann v\u00f5i k\u00fclmavee bassein \u2013 FilterMax on loodud lahendama probleeme, mida enamik filtreid eirab.<\/p>\n<p class=\"p3\">FilterMax pakub lihtsat hooldust, vastupidavaid osi ja t\u00f6\u00f6kindlust, mis kestab aastaid.<\/p>\n<p><strong>Soovitus:<\/strong> Soovitame kasutada <a href=\"https:\/\/thenordicsauna.com\/et\/e-pood\/basseinivoolik-9-m-o38-mm\/\" target=\"_blank\" rel=\"noopener\">38 mm voolikuid<\/a> koos komplektis olevate 32 mm liitmikuga, lisades vahele <a href=\"https:\/\/thenordicsauna.com\/et\/e-pood\/kummireduktor-voolikule-o32-38-mm-2-tk\/\" target=\"_blank\" rel=\"noopener\">kummireduktorid<\/a>. Elastne kummikiht vooliku ja plastliitmiku vahel parandab tihendust ning v\u00e4hendab lekkimise ohtu. <\/p>\n<p>Parima tulemuse saavutamiseks kasuta alati tugevaid metallist toruklambreid \u2013 kinnita need alguses m\u00f5\u00f5duka j\u00f5uga ning pinguta l\u00f5plikult alles p\u00e4rast seda, kui tsirkulatsioonipump on t\u00f6\u00f6le hakanud, just niipalju, et peatada n\u00e4htav lekkimine. See aitab v\u00e4ltida nii vooliku kui liitmiku kahjustamist. <\/p>\n","protected":false},"excerpt":{"rendered":"<p class=\"p1\"><b>J\u00e4rgmise p\u00f5lvkonna filtreerimine k\u00fcmblust\u00fcnnide ja j\u00e4\u00e4vannide jaoks.<\/b><\/p>\n<p>P\u00e4rast aastatepikkust erinevate s\u00fcsteemide katsetamist oleme l\u00f5puks leidnud lahenduse, mis k\u00f5rvaldab k\u00f5ik levinud probleemid.<\/p>\n<p>T\u00f6\u00f6riistavaba, energias\u00e4\u00e4stlik, h\u00e4\u00e4letu ja turvaline.<\/p>\n<p>Pestavad puuvillased filterpallid tagavad puhta vee ja hooldus on \u00e4\u00e4rmiselt lihtne.<\/p>\n<p><a href=\"https:\/\/thenordicsauna.com\/files\/Equipment\/FilterMax.pdf\" target=\"_blank\" rel=\"noopener\">Lae alla t\u00e4ielik tootekirjeldus (PDF)<\/a><\/p>\n<p>Kerige alla, et n\u00e4ha p\u00f5hjalikumat infot.<\/p>\n","protected":false},"featured_media":7343,"template":"","meta":{"_acf_changed":false},"product_brand":[],"product_cat":[98,99],"product_tag":[],"class_list":{"0":"post-7318","1":"product","2":"type-product","3":"status-publish","4":"has-post-thumbnail","6":"product_cat-veetootlus","7":"product_cat-kumblustunni-tarvikud","8":"product_shipping_class-keskmise-suurusega-esemed","10":"first","11":"instock","12":"sale","13":"taxable","14":"shipping-taxable","15":"purchasable","16":"product-type-variable","17":"has-default-attributes"},"acf":[],"yoast_head":"<!-- This site is optimized with the Yoast SEO plugin v26.6 - https:\/\/yoast.com\/wordpress\/plugins\/seo\/ -->\n<title>FilterMax veefilter k\u00fcmblust\u00fcnnidele, j\u00e4\u00e4vannidele ja basseinidele - t\u00f6\u00f6riistavaba, 80W<\/title>\n<meta name=\"description\" content=\"FilterMax on t\u00f6\u00f6riistavaba 80W veefilter k\u00fcmblust\u00fcnnidele ja j\u00e4\u00e4vannidele \u2013 pikk kaabel, rikkevoolukaitse, pestavad puuvillapallid ja eel-filter.\" \/>\n<meta name=\"robots\" content=\"index, follow, max-snippet:-1, max-image-preview:large, max-video-preview:-1\" \/>\n<link rel=\"canonical\" href=\"https:\/\/thenordicsauna.com\/et\/e-pood\/filtermax-kumblustunni-jaavanni-veefilter\/\" \/>\n<meta property=\"og:locale\" content=\"et_EE\" \/>\n<meta property=\"og:type\" content=\"article\" \/>\n<meta property=\"og:title\" content=\"FilterMax veefilter k\u00fcmblust\u00fcnnidele, j\u00e4\u00e4vannidele ja basseinidele - t\u00f6\u00f6riistavaba, 80W\" \/>\n<meta property=\"og:description\" content=\"FilterMax on t\u00f6\u00f6riistavaba 80W veefilter k\u00fcmblust\u00fcnnidele ja j\u00e4\u00e4vannidele \u2013 pikk kaabel, rikkevoolukaitse, pestavad puuvillapallid ja eel-filter.\" \/>\n<meta property=\"og:url\" content=\"https:\/\/thenordicsauna.com\/et\/e-pood\/filtermax-kumblustunni-jaavanni-veefilter\/\" \/>\n<meta property=\"og:site_name\" content=\"TheNordicSauna\" \/>\n<meta property=\"article:publisher\" content=\"https:\/\/www.facebook.com\/TheNordicSauna\/\" \/>\n<meta property=\"article:modified_time\" content=\"2025-10-12T19:11:52+00:00\" \/>\n<meta property=\"og:image\" content=\"https:\/\/thenordicsauna.com\/wp-content\/uploads\/2025\/05\/FilterMax-1-web.jpg\" \/>\n\t<meta property=\"og:image:width\" content=\"800\" \/>\n\t<meta property=\"og:image:height\" content=\"533\" \/>\n\t<meta property=\"og:image:type\" content=\"image\/jpeg\" \/>\n<meta name=\"twitter:card\" content=\"summary_large_image\" \/>\n<meta name=\"twitter:label1\" content=\"Est. reading time\" \/>\n\t<meta name=\"twitter:data1\" content=\"2 minutit\" \/>\n<script type=\"application\/ld+json\" class=\"yoast-schema-graph\">{\"@context\":\"https:\/\/schema.org\",\"@graph\":[{\"@type\":\"WebPage\",\"@id\":\"https:\/\/thenordicsauna.com\/et\/e-pood\/filtermax-kumblustunni-jaavanni-veefilter\/\",\"url\":\"https:\/\/thenordicsauna.com\/et\/e-pood\/filtermax-kumblustunni-jaavanni-veefilter\/\",\"name\":\"FilterMax veefilter k\u00fcmblust\u00fcnnidele, j\u00e4\u00e4vannidele ja basseinidele - t\u00f6\u00f6riistavaba, 80W\",\"isPartOf\":{\"@id\":\"https:\/\/thenordicsauna.com\/et\/#website\"},\"primaryImageOfPage\":{\"@id\":\"https:\/\/thenordicsauna.com\/et\/e-pood\/filtermax-kumblustunni-jaavanni-veefilter\/#primaryimage\"},\"image\":{\"@id\":\"https:\/\/thenordicsauna.com\/et\/e-pood\/filtermax-kumblustunni-jaavanni-veefilter\/#primaryimage\"},\"thumbnailUrl\":\"https:\/\/thenordicsauna.com\/wp-content\/uploads\/2025\/05\/FilterMax-1-web.jpg\",\"datePublished\":\"2025-05-27T18:24:46+00:00\",\"dateModified\":\"2025-10-12T19:11:52+00:00\",\"description\":\"FilterMax on t\u00f6\u00f6riistavaba 80W veefilter k\u00fcmblust\u00fcnnidele ja j\u00e4\u00e4vannidele \u2013 pikk kaabel, rikkevoolukaitse, pestavad puuvillapallid ja eel-filter.\",\"breadcrumb\":{\"@id\":\"https:\/\/thenordicsauna.com\/et\/e-pood\/filtermax-kumblustunni-jaavanni-veefilter\/#breadcrumb\"},\"inLanguage\":\"et\",\"potentialAction\":[{\"@type\":\"ReadAction\",\"target\":[\"https:\/\/thenordicsauna.com\/et\/e-pood\/filtermax-kumblustunni-jaavanni-veefilter\/\"]}]},{\"@type\":\"ImageObject\",\"inLanguage\":\"et\",\"@id\":\"https:\/\/thenordicsauna.com\/et\/e-pood\/filtermax-kumblustunni-jaavanni-veefilter\/#primaryimage\",\"url\":\"https:\/\/thenordicsauna.com\/wp-content\/uploads\/2025\/05\/FilterMax-1-web.jpg\",\"contentUrl\":\"https:\/\/thenordicsauna.com\/wp-content\/uploads\/2025\/05\/FilterMax-1-web.jpg\",\"width\":800,\"height\":533,\"caption\":\"FilterMax filter t\u00fcnnisaunadele ja j\u00e4\u00e4vannidele\"},{\"@type\":\"BreadcrumbList\",\"@id\":\"https:\/\/thenordicsauna.com\/et\/e-pood\/filtermax-kumblustunni-jaavanni-veefilter\/#breadcrumb\",\"itemListElement\":[{\"@type\":\"ListItem\",\"position\":1,\"name\":\"Home\",\"item\":\"https:\/\/thenordicsauna.com\/et\/taiuslik-spaaelamus-sinu-koduoues\/\"},{\"@type\":\"ListItem\",\"position\":2,\"name\":\"E-pood\",\"item\":\"https:\/\/thenordicsauna.com\/shop\/\"},{\"@type\":\"ListItem\",\"position\":3,\"name\":\"K\u00fcmblust\u00fcnni tarvikud\",\"item\":\"https:\/\/thenordicsauna.com\/et\/tootekategooria\/kumblustunni-tarvikud\/\"},{\"@type\":\"ListItem\",\"position\":4,\"name\":\"FilterMax &#8211; K\u00fcmblust\u00fcnni v\u00f5i j\u00e4\u00e4vanni veefilter.\"}]},{\"@type\":\"WebSite\",\"@id\":\"https:\/\/thenordicsauna.com\/et\/#website\",\"url\":\"https:\/\/thenordicsauna.com\/et\/\",\"name\":\"TheNordicSauna\",\"description\":\"Ultimate Outdoor SPA experience\",\"publisher\":{\"@id\":\"https:\/\/thenordicsauna.com\/et\/#organization\"},\"alternateName\":\"TNS\",\"potentialAction\":[{\"@type\":\"SearchAction\",\"target\":{\"@type\":\"EntryPoint\",\"urlTemplate\":\"https:\/\/thenordicsauna.com\/et\/?s={search_term_string}\"},\"query-input\":{\"@type\":\"PropertyValueSpecification\",\"valueRequired\":true,\"valueName\":\"search_term_string\"}}],\"inLanguage\":\"et\"},{\"@type\":\"Organization\",\"@id\":\"https:\/\/thenordicsauna.com\/et\/#organization\",\"name\":\"TheNordicSauna\",\"alternateName\":\"TNS\",\"url\":\"https:\/\/thenordicsauna.com\/et\/\",\"logo\":{\"@type\":\"ImageObject\",\"inLanguage\":\"et\",\"@id\":\"https:\/\/thenordicsauna.com\/et\/#\/schema\/logo\/image\/\",\"url\":\"https:\/\/thenordicsauna.com\/wp-content\/uploads\/2025\/04\/TheNordicSauna-logo-white.svg\",\"contentUrl\":\"https:\/\/thenordicsauna.com\/wp-content\/uploads\/2025\/04\/TheNordicSauna-logo-white.svg\",\"width\":203,\"height\":203,\"caption\":\"TheNordicSauna\"},\"image\":{\"@id\":\"https:\/\/thenordicsauna.com\/et\/#\/schema\/logo\/image\/\"},\"sameAs\":[\"https:\/\/www.facebook.com\/TheNordicSauna\/\",\"https:\/\/www.instagram.com\/thenordicsauna\"]}]}<\/script>\n<!-- \/ Yoast SEO plugin. -->","yoast_head_json":{"title":"FilterMax veefilter k\u00fcmblust\u00fcnnidele, j\u00e4\u00e4vannidele ja basseinidele - t\u00f6\u00f6riistavaba, 80W","description":"FilterMax on t\u00f6\u00f6riistavaba 80W veefilter k\u00fcmblust\u00fcnnidele ja j\u00e4\u00e4vannidele \u2013 pikk kaabel, rikkevoolukaitse, pestavad puuvillapallid ja eel-filter.","robots":{"index":"index","follow":"follow","max-snippet":"max-snippet:-1","max-image-preview":"max-image-preview:large","max-video-preview":"max-video-preview:-1"},"canonical":"https:\/\/thenordicsauna.com\/et\/e-pood\/filtermax-kumblustunni-jaavanni-veefilter\/","og_locale":"et_EE","og_type":"article","og_title":"FilterMax veefilter k\u00fcmblust\u00fcnnidele, j\u00e4\u00e4vannidele ja basseinidele - t\u00f6\u00f6riistavaba, 80W","og_description":"FilterMax on t\u00f6\u00f6riistavaba 80W veefilter k\u00fcmblust\u00fcnnidele ja j\u00e4\u00e4vannidele \u2013 pikk kaabel, rikkevoolukaitse, pestavad puuvillapallid ja eel-filter.","og_url":"https:\/\/thenordicsauna.com\/et\/e-pood\/filtermax-kumblustunni-jaavanni-veefilter\/","og_site_name":"TheNordicSauna","article_publisher":"https:\/\/www.facebook.com\/TheNordicSauna\/","article_modified_time":"2025-10-12T19:11:52+00:00","og_image":[{"width":800,"height":533,"url":"https:\/\/thenordicsauna.com\/wp-content\/uploads\/2025\/05\/FilterMax-1-web.jpg","type":"image\/jpeg"}],"twitter_card":"summary_large_image","twitter_misc":{"Est. reading time":"2 minutit"},"schema":{"@context":"https:\/\/schema.org","@graph":[{"@type":"WebPage","@id":"https:\/\/thenordicsauna.com\/et\/e-pood\/filtermax-kumblustunni-jaavanni-veefilter\/","url":"https:\/\/thenordicsauna.com\/et\/e-pood\/filtermax-kumblustunni-jaavanni-veefilter\/","name":"FilterMax veefilter k\u00fcmblust\u00fcnnidele, j\u00e4\u00e4vannidele ja basseinidele - t\u00f6\u00f6riistavaba, 80W","isPartOf":{"@id":"https:\/\/thenordicsauna.com\/et\/#website"},"primaryImageOfPage":{"@id":"https:\/\/thenordicsauna.com\/et\/e-pood\/filtermax-kumblustunni-jaavanni-veefilter\/#primaryimage"},"image":{"@id":"https:\/\/thenordicsauna.com\/et\/e-pood\/filtermax-kumblustunni-jaavanni-veefilter\/#primaryimage"},"thumbnailUrl":"https:\/\/thenordicsauna.com\/wp-content\/uploads\/2025\/05\/FilterMax-1-web.jpg","datePublished":"2025-05-27T18:24:46+00:00","dateModified":"2025-10-12T19:11:52+00:00","description":"FilterMax on t\u00f6\u00f6riistavaba 80W veefilter k\u00fcmblust\u00fcnnidele ja j\u00e4\u00e4vannidele \u2013 pikk kaabel, rikkevoolukaitse, pestavad puuvillapallid ja eel-filter.","breadcrumb":{"@id":"https:\/\/thenordicsauna.com\/et\/e-pood\/filtermax-kumblustunni-jaavanni-veefilter\/#breadcrumb"},"inLanguage":"et","potentialAction":[{"@type":"ReadAction","target":["https:\/\/thenordicsauna.com\/et\/e-pood\/filtermax-kumblustunni-jaavanni-veefilter\/"]}]},{"@type":"ImageObject","inLanguage":"et","@id":"https:\/\/thenordicsauna.com\/et\/e-pood\/filtermax-kumblustunni-jaavanni-veefilter\/#primaryimage","url":"https:\/\/thenordicsauna.com\/wp-content\/uploads\/2025\/05\/FilterMax-1-web.jpg","contentUrl":"https:\/\/thenordicsauna.com\/wp-content\/uploads\/2025\/05\/FilterMax-1-web.jpg","width":800,"height":533,"caption":"FilterMax filter t\u00fcnnisaunadele ja j\u00e4\u00e4vannidele"},{"@type":"BreadcrumbList","@id":"https:\/\/thenordicsauna.com\/et\/e-pood\/filtermax-kumblustunni-jaavanni-veefilter\/#breadcrumb","itemListElement":[{"@type":"ListItem","position":1,"name":"Home","item":"https:\/\/thenordicsauna.com\/et\/taiuslik-spaaelamus-sinu-koduoues\/"},{"@type":"ListItem","position":2,"name":"E-pood","item":"https:\/\/thenordicsauna.com\/shop\/"},{"@type":"ListItem","position":3,"name":"K\u00fcmblust\u00fcnni tarvikud","item":"https:\/\/thenordicsauna.com\/et\/tootekategooria\/kumblustunni-tarvikud\/"},{"@type":"ListItem","position":4,"name":"FilterMax &#8211; K\u00fcmblust\u00fcnni v\u00f5i j\u00e4\u00e4vanni veefilter."}]},{"@type":"WebSite","@id":"https:\/\/thenordicsauna.com\/et\/#website","url":"https:\/\/thenordicsauna.com\/et\/","name":"TheNordicSauna","description":"Ultimate Outdoor SPA experience","publisher":{"@id":"https:\/\/thenordicsauna.com\/et\/#organization"},"alternateName":"TNS","potentialAction":[{"@type":"SearchAction","target":{"@type":"EntryPoint","urlTemplate":"https:\/\/thenordicsauna.com\/et\/?s={search_term_string}"},"query-input":{"@type":"PropertyValueSpecification","valueRequired":true,"valueName":"search_term_string"}}],"inLanguage":"et"},{"@type":"Organization","@id":"https:\/\/thenordicsauna.com\/et\/#organization","name":"TheNordicSauna","alternateName":"TNS","url":"https:\/\/thenordicsauna.com\/et\/","logo":{"@type":"ImageObject","inLanguage":"et","@id":"https:\/\/thenordicsauna.com\/et\/#\/schema\/logo\/image\/","url":"https:\/\/thenordicsauna.com\/wp-content\/uploads\/2025\/04\/TheNordicSauna-logo-white.svg","contentUrl":"https:\/\/thenordicsauna.com\/wp-content\/uploads\/2025\/04\/TheNordicSauna-logo-white.svg","width":203,"height":203,"caption":"TheNordicSauna"},"image":{"@id":"https:\/\/thenordicsauna.com\/et\/#\/schema\/logo\/image\/"},"sameAs":["https:\/\/www.facebook.com\/TheNordicSauna\/","https:\/\/www.instagram.com\/thenordicsauna"]}]}},"_links":{"self":[{"href":"https:\/\/thenordicsauna.com\/et\/wp-json\/wp\/v2\/product\/7318","targetHints":{"allow":["GET"]}}],"collection":[{"href":"https:\/\/thenordicsauna.com\/et\/wp-json\/wp\/v2\/product"}],"about":[{"href":"https:\/\/thenordicsauna.com\/et\/wp-json\/wp\/v2\/types\/product"}],"version-history":[{"count":9,"href":"https:\/\/thenordicsauna.com\/et\/wp-json\/wp\/v2\/product\/7318\/revisions"}],"predecessor-version":[{"id":8904,"href":"https:\/\/thenordicsauna.com\/et\/wp-json\/wp\/v2\/product\/7318\/revisions\/8904"}],"wp:featuredmedia":[{"embeddable":true,"href":"https:\/\/thenordicsauna.com\/et\/wp-json\/wp\/v2\/media\/7343"}],"wp:attachment":[{"href":"https:\/\/thenordicsauna.com\/et\/wp-json\/wp\/v2\/media?parent=7318"}],"wp:term":[{"taxonomy":"product_brand","embeddable":true,"href":"https:\/\/thenordicsauna.com\/et\/wp-json\/wp\/v2\/product_brand?post=7318"},{"taxonomy":"product_cat","embeddable":true,"href":"https:\/\/thenordicsauna.com\/et\/wp-json\/wp\/v2\/product_cat?post=7318"},{"taxonomy":"product_tag","embeddable":true,"href":"https:\/\/thenordicsauna.com\/et\/wp-json\/wp\/v2\/product_tag?post=7318"}],"curies":[{"name":"wp","href":"https:\/\/api.w.org\/{rel}","templated":true}]}}