{"id":7329,"date":"2025-08-22T21:12:12","date_gmt":"2025-08-22T21:12:12","guid":{"rendered":"https:\/\/thenordicsauna.com\/shop\/kummireduktor-voolikule-o32-38-mm-2-tk\/"},"modified":"2025-10-12T19:07:42","modified_gmt":"2025-10-12T19:07:42","slug":"kummireduktor-voolikule-o32-38-mm-2-tk","status":"publish","type":"product","link":"https:\/\/thenordicsauna.com\/et\/e-pood\/kummireduktor-voolikule-o32-38-mm-2-tk\/","title":{"rendered":"Kummireduktor voolikule, \u00d832\/38 mm, 2 tk"},"content":{"rendered":"","protected":false},"excerpt":{"rendered":"<p>Soovitame kasutada 38 mm voolikut koos kummireduktoriga, isegi juhul, kui seadmel on juba olemas ka 38 mm liitmik lisaks 32mm liitmikule. \u00dchendades vooliku 32 mm liitmiku k\u00fclge l\u00e4bi reduktori, j\u00e4\u00e4b seadme ja vooliku vahele elastne kummikiht, mis parandab lekkekindlust ja tagab parema tihenduse. <\/p>\n<p>Teisis\u00f5nu: kuigi seade v\u00f5imaldab otse 38 mm \u00fchendust, saavutad usaldusv\u00e4\u00e4rsema ja tihedama tulemuse, kui \u00fchendad 38 mm vooliku 32 mm liitmiku k\u00fclge kummireduktori abil.<\/p>\n<p><strong>Soovitus:<\/strong><br \/>\nAlati tasub kasutada tugevaid metallist toruklambreid, kuna plastikust v\u00f5i odavamad variandid ei pruugi tagada piisavat survet ega kestvust. V\u00e4ldi ka toruklambri liigset pingutamist kuivalt paigaldades. Kinnita see esmalt m\u00f5\u00f5duka j\u00f5uga ja pinguta l\u00f5plikult alles siis, kui tsirkulatsioonipump on t\u00f6\u00f6le hakanud \u2013 just niipalju, et peatada v\u00f5imalik veeleke. Nii tagad parema tihenduse ja v\u00e4ldid liitmiku v\u00f5i vooliku kahjustamist.    <\/p>\n","protected":false},"featured_media":7331,"template":"","meta":{"_acf_changed":false},"product_brand":[],"product_cat":[98],"product_tag":[],"class_list":{"0":"post-7329","1":"product","2":"type-product","3":"status-publish","4":"has-post-thumbnail","6":"product_cat-veetootlus","7":"product_shipping_class-vaikesed-esemed","9":"first","10":"instock","11":"taxable","12":"shipping-taxable","13":"purchasable","14":"product-type-simple"},"acf":[],"yoast_head":"<!-- This site is optimized with the Yoast SEO plugin v26.6 - https:\/\/yoast.com\/wordpress\/plugins\/seo\/ -->\n<title>Kummireduktor voolikule, \u00d832\/38 mm, 2 tk | TheNordicSauna<\/title>\n<meta name=\"robots\" content=\"index, follow, max-snippet:-1, max-image-preview:large, max-video-preview:-1\" \/>\n<link rel=\"canonical\" href=\"https:\/\/thenordicsauna.com\/et\/e-pood\/kummireduktor-voolikule-o32-38-mm-2-tk\/\" \/>\n<meta property=\"og:locale\" content=\"et_EE\" \/>\n<meta property=\"og:type\" content=\"article\" \/>\n<meta property=\"og:title\" content=\"Kummireduktor voolikule, \u00d832\/38 mm, 2 tk | TheNordicSauna\" \/>\n<meta property=\"og:description\" content=\"Soovitame kasutada 38 mm voolikut koos kummireduktoriga, isegi juhul, kui seadmel on juba olemas ka 38 mm liitmik lisaks 32mm liitmikule. \u00dchendades vooliku 32 mm liitmiku k\u00fclge l\u00e4bi reduktori, j\u00e4\u00e4b seadme ja vooliku vahele elastne kummikiht, mis parandab lekkekindlust ja tagab parema tihenduse.  Teisis\u00f5nu: kuigi seade v\u00f5imaldab otse 38 mm \u00fchendust, saavutad usaldusv\u00e4\u00e4rsema ja tihedama tulemuse, kui \u00fchendad 38 mm vooliku 32 mm liitmiku k\u00fclge kummireduktori abil. Soovitus: Alati tasub kasutada tugevaid metallist toruklambreid, kuna plastikust v\u00f5i odavamad variandid ei pruugi tagada piisavat survet ega kestvust. V\u00e4ldi ka toruklambri liigset pingutamist kuivalt paigaldades. Kinnita see esmalt m\u00f5\u00f5duka j\u00f5uga ja pinguta l\u00f5plikult alles siis, kui tsirkulatsioonipump on t\u00f6\u00f6le hakanud \u2013 just niipalju, et peatada v\u00f5imalik veeleke. Nii tagad parema tihenduse ja v\u00e4ldid liitmiku v\u00f5i vooliku kahjustamist.\" \/>\n<meta property=\"og:url\" content=\"https:\/\/thenordicsauna.com\/et\/e-pood\/kummireduktor-voolikule-o32-38-mm-2-tk\/\" \/>\n<meta property=\"og:site_name\" content=\"TheNordicSauna\" \/>\n<meta property=\"article:publisher\" content=\"https:\/\/www.facebook.com\/TheNordicSauna\/\" \/>\n<meta property=\"article:modified_time\" content=\"2025-10-12T19:07:42+00:00\" \/>\n<meta property=\"og:image\" content=\"https:\/\/thenordicsauna.com\/wp-content\/uploads\/2025\/08\/Hose-reduction-unit.png\" \/>\n\t<meta property=\"og:image:width\" content=\"800\" \/>\n\t<meta property=\"og:image:height\" content=\"531\" \/>\n\t<meta property=\"og:image:type\" content=\"image\/png\" \/>\n<meta name=\"twitter:card\" content=\"summary_large_image\" \/>\n<script type=\"application\/ld+json\" class=\"yoast-schema-graph\">{\"@context\":\"https:\/\/schema.org\",\"@graph\":[{\"@type\":\"WebPage\",\"@id\":\"https:\/\/thenordicsauna.com\/et\/e-pood\/kummireduktor-voolikule-o32-38-mm-2-tk\/\",\"url\":\"https:\/\/thenordicsauna.com\/et\/e-pood\/kummireduktor-voolikule-o32-38-mm-2-tk\/\",\"name\":\"Kummireduktor voolikule, \u00d832\/38 mm, 2 tk | TheNordicSauna\",\"isPartOf\":{\"@id\":\"https:\/\/thenordicsauna.com\/et\/#website\"},\"primaryImageOfPage\":{\"@id\":\"https:\/\/thenordicsauna.com\/et\/e-pood\/kummireduktor-voolikule-o32-38-mm-2-tk\/#primaryimage\"},\"image\":{\"@id\":\"https:\/\/thenordicsauna.com\/et\/e-pood\/kummireduktor-voolikule-o32-38-mm-2-tk\/#primaryimage\"},\"thumbnailUrl\":\"https:\/\/thenordicsauna.com\/wp-content\/uploads\/2025\/08\/Hose-reduction-unit.png\",\"datePublished\":\"2025-08-22T21:12:12+00:00\",\"dateModified\":\"2025-10-12T19:07:42+00:00\",\"breadcrumb\":{\"@id\":\"https:\/\/thenordicsauna.com\/et\/e-pood\/kummireduktor-voolikule-o32-38-mm-2-tk\/#breadcrumb\"},\"inLanguage\":\"et\",\"potentialAction\":[{\"@type\":\"ReadAction\",\"target\":[\"https:\/\/thenordicsauna.com\/et\/e-pood\/kummireduktor-voolikule-o32-38-mm-2-tk\/\"]}]},{\"@type\":\"ImageObject\",\"inLanguage\":\"et\",\"@id\":\"https:\/\/thenordicsauna.com\/et\/e-pood\/kummireduktor-voolikule-o32-38-mm-2-tk\/#primaryimage\",\"url\":\"https:\/\/thenordicsauna.com\/wp-content\/uploads\/2025\/08\/Hose-reduction-unit.png\",\"contentUrl\":\"https:\/\/thenordicsauna.com\/wp-content\/uploads\/2025\/08\/Hose-reduction-unit.png\",\"width\":800,\"height\":531,\"caption\":\"Kummireduktor voolikule, \u00d832\/38 mm\"},{\"@type\":\"BreadcrumbList\",\"@id\":\"https:\/\/thenordicsauna.com\/et\/e-pood\/kummireduktor-voolikule-o32-38-mm-2-tk\/#breadcrumb\",\"itemListElement\":[{\"@type\":\"ListItem\",\"position\":1,\"name\":\"Home\",\"item\":\"https:\/\/thenordicsauna.com\/et\/taiuslik-spaaelamus-sinu-koduoues\/\"},{\"@type\":\"ListItem\",\"position\":2,\"name\":\"E-pood\",\"item\":\"https:\/\/thenordicsauna.com\/shop\/\"},{\"@type\":\"ListItem\",\"position\":3,\"name\":\"K\u00fcte\/jahutus, filtreerimine\",\"item\":\"https:\/\/thenordicsauna.com\/et\/tootekategooria\/veetootlus\/\"},{\"@type\":\"ListItem\",\"position\":4,\"name\":\"Kummireduktor voolikule, \u00d832\/38 mm, 2 tk\"}]},{\"@type\":\"WebSite\",\"@id\":\"https:\/\/thenordicsauna.com\/et\/#website\",\"url\":\"https:\/\/thenordicsauna.com\/et\/\",\"name\":\"TheNordicSauna\",\"description\":\"Ultimate Outdoor SPA experience\",\"publisher\":{\"@id\":\"https:\/\/thenordicsauna.com\/et\/#organization\"},\"alternateName\":\"TNS\",\"potentialAction\":[{\"@type\":\"SearchAction\",\"target\":{\"@type\":\"EntryPoint\",\"urlTemplate\":\"https:\/\/thenordicsauna.com\/et\/?s={search_term_string}\"},\"query-input\":{\"@type\":\"PropertyValueSpecification\",\"valueRequired\":true,\"valueName\":\"search_term_string\"}}],\"inLanguage\":\"et\"},{\"@type\":\"Organization\",\"@id\":\"https:\/\/thenordicsauna.com\/et\/#organization\",\"name\":\"TheNordicSauna\",\"alternateName\":\"TNS\",\"url\":\"https:\/\/thenordicsauna.com\/et\/\",\"logo\":{\"@type\":\"ImageObject\",\"inLanguage\":\"et\",\"@id\":\"https:\/\/thenordicsauna.com\/et\/#\/schema\/logo\/image\/\",\"url\":\"https:\/\/thenordicsauna.com\/wp-content\/uploads\/2025\/04\/TheNordicSauna-logo-white.svg\",\"contentUrl\":\"https:\/\/thenordicsauna.com\/wp-content\/uploads\/2025\/04\/TheNordicSauna-logo-white.svg\",\"width\":203,\"height\":203,\"caption\":\"TheNordicSauna\"},\"image\":{\"@id\":\"https:\/\/thenordicsauna.com\/et\/#\/schema\/logo\/image\/\"},\"sameAs\":[\"https:\/\/www.facebook.com\/TheNordicSauna\/\",\"https:\/\/www.instagram.com\/thenordicsauna\"]}]}<\/script>\n<!-- \/ Yoast SEO plugin. -->","yoast_head_json":{"title":"Kummireduktor voolikule, \u00d832\/38 mm, 2 tk | TheNordicSauna","robots":{"index":"index","follow":"follow","max-snippet":"max-snippet:-1","max-image-preview":"max-image-preview:large","max-video-preview":"max-video-preview:-1"},"canonical":"https:\/\/thenordicsauna.com\/et\/e-pood\/kummireduktor-voolikule-o32-38-mm-2-tk\/","og_locale":"et_EE","og_type":"article","og_title":"Kummireduktor voolikule, \u00d832\/38 mm, 2 tk | TheNordicSauna","og_description":"Soovitame kasutada 38 mm voolikut koos kummireduktoriga, isegi juhul, kui seadmel on juba olemas ka 38 mm liitmik lisaks 32mm liitmikule. \u00dchendades vooliku 32 mm liitmiku k\u00fclge l\u00e4bi reduktori, j\u00e4\u00e4b seadme ja vooliku vahele elastne kummikiht, mis parandab lekkekindlust ja tagab parema tihenduse.  Teisis\u00f5nu: kuigi seade v\u00f5imaldab otse 38 mm \u00fchendust, saavutad usaldusv\u00e4\u00e4rsema ja tihedama tulemuse, kui \u00fchendad 38 mm vooliku 32 mm liitmiku k\u00fclge kummireduktori abil. Soovitus: Alati tasub kasutada tugevaid metallist toruklambreid, kuna plastikust v\u00f5i odavamad variandid ei pruugi tagada piisavat survet ega kestvust. V\u00e4ldi ka toruklambri liigset pingutamist kuivalt paigaldades. Kinnita see esmalt m\u00f5\u00f5duka j\u00f5uga ja pinguta l\u00f5plikult alles siis, kui tsirkulatsioonipump on t\u00f6\u00f6le hakanud \u2013 just niipalju, et peatada v\u00f5imalik veeleke. Nii tagad parema tihenduse ja v\u00e4ldid liitmiku v\u00f5i vooliku kahjustamist.","og_url":"https:\/\/thenordicsauna.com\/et\/e-pood\/kummireduktor-voolikule-o32-38-mm-2-tk\/","og_site_name":"TheNordicSauna","article_publisher":"https:\/\/www.facebook.com\/TheNordicSauna\/","article_modified_time":"2025-10-12T19:07:42+00:00","og_image":[{"width":800,"height":531,"url":"https:\/\/thenordicsauna.com\/wp-content\/uploads\/2025\/08\/Hose-reduction-unit.png","type":"image\/png"}],"twitter_card":"summary_large_image","schema":{"@context":"https:\/\/schema.org","@graph":[{"@type":"WebPage","@id":"https:\/\/thenordicsauna.com\/et\/e-pood\/kummireduktor-voolikule-o32-38-mm-2-tk\/","url":"https:\/\/thenordicsauna.com\/et\/e-pood\/kummireduktor-voolikule-o32-38-mm-2-tk\/","name":"Kummireduktor voolikule, \u00d832\/38 mm, 2 tk | TheNordicSauna","isPartOf":{"@id":"https:\/\/thenordicsauna.com\/et\/#website"},"primaryImageOfPage":{"@id":"https:\/\/thenordicsauna.com\/et\/e-pood\/kummireduktor-voolikule-o32-38-mm-2-tk\/#primaryimage"},"image":{"@id":"https:\/\/thenordicsauna.com\/et\/e-pood\/kummireduktor-voolikule-o32-38-mm-2-tk\/#primaryimage"},"thumbnailUrl":"https:\/\/thenordicsauna.com\/wp-content\/uploads\/2025\/08\/Hose-reduction-unit.png","datePublished":"2025-08-22T21:12:12+00:00","dateModified":"2025-10-12T19:07:42+00:00","breadcrumb":{"@id":"https:\/\/thenordicsauna.com\/et\/e-pood\/kummireduktor-voolikule-o32-38-mm-2-tk\/#breadcrumb"},"inLanguage":"et","potentialAction":[{"@type":"ReadAction","target":["https:\/\/thenordicsauna.com\/et\/e-pood\/kummireduktor-voolikule-o32-38-mm-2-tk\/"]}]},{"@type":"ImageObject","inLanguage":"et","@id":"https:\/\/thenordicsauna.com\/et\/e-pood\/kummireduktor-voolikule-o32-38-mm-2-tk\/#primaryimage","url":"https:\/\/thenordicsauna.com\/wp-content\/uploads\/2025\/08\/Hose-reduction-unit.png","contentUrl":"https:\/\/thenordicsauna.com\/wp-content\/uploads\/2025\/08\/Hose-reduction-unit.png","width":800,"height":531,"caption":"Kummireduktor voolikule, \u00d832\/38 mm"},{"@type":"BreadcrumbList","@id":"https:\/\/thenordicsauna.com\/et\/e-pood\/kummireduktor-voolikule-o32-38-mm-2-tk\/#breadcrumb","itemListElement":[{"@type":"ListItem","position":1,"name":"Home","item":"https:\/\/thenordicsauna.com\/et\/taiuslik-spaaelamus-sinu-koduoues\/"},{"@type":"ListItem","position":2,"name":"E-pood","item":"https:\/\/thenordicsauna.com\/shop\/"},{"@type":"ListItem","position":3,"name":"K\u00fcte\/jahutus, filtreerimine","item":"https:\/\/thenordicsauna.com\/et\/tootekategooria\/veetootlus\/"},{"@type":"ListItem","position":4,"name":"Kummireduktor voolikule, \u00d832\/38 mm, 2 tk"}]},{"@type":"WebSite","@id":"https:\/\/thenordicsauna.com\/et\/#website","url":"https:\/\/thenordicsauna.com\/et\/","name":"TheNordicSauna","description":"Ultimate Outdoor SPA experience","publisher":{"@id":"https:\/\/thenordicsauna.com\/et\/#organization"},"alternateName":"TNS","potentialAction":[{"@type":"SearchAction","target":{"@type":"EntryPoint","urlTemplate":"https:\/\/thenordicsauna.com\/et\/?s={search_term_string}"},"query-input":{"@type":"PropertyValueSpecification","valueRequired":true,"valueName":"search_term_string"}}],"inLanguage":"et"},{"@type":"Organization","@id":"https:\/\/thenordicsauna.com\/et\/#organization","name":"TheNordicSauna","alternateName":"TNS","url":"https:\/\/thenordicsauna.com\/et\/","logo":{"@type":"ImageObject","inLanguage":"et","@id":"https:\/\/thenordicsauna.com\/et\/#\/schema\/logo\/image\/","url":"https:\/\/thenordicsauna.com\/wp-content\/uploads\/2025\/04\/TheNordicSauna-logo-white.svg","contentUrl":"https:\/\/thenordicsauna.com\/wp-content\/uploads\/2025\/04\/TheNordicSauna-logo-white.svg","width":203,"height":203,"caption":"TheNordicSauna"},"image":{"@id":"https:\/\/thenordicsauna.com\/et\/#\/schema\/logo\/image\/"},"sameAs":["https:\/\/www.facebook.com\/TheNordicSauna\/","https:\/\/www.instagram.com\/thenordicsauna"]}]}},"_links":{"self":[{"href":"https:\/\/thenordicsauna.com\/et\/wp-json\/wp\/v2\/product\/7329","targetHints":{"allow":["GET"]}}],"collection":[{"href":"https:\/\/thenordicsauna.com\/et\/wp-json\/wp\/v2\/product"}],"about":[{"href":"https:\/\/thenordicsauna.com\/et\/wp-json\/wp\/v2\/types\/product"}],"version-history":[{"count":1,"href":"https:\/\/thenordicsauna.com\/et\/wp-json\/wp\/v2\/product\/7329\/revisions"}],"predecessor-version":[{"id":7334,"href":"https:\/\/thenordicsauna.com\/et\/wp-json\/wp\/v2\/product\/7329\/revisions\/7334"}],"wp:featuredmedia":[{"embeddable":true,"href":"https:\/\/thenordicsauna.com\/et\/wp-json\/wp\/v2\/media\/7331"}],"wp:attachment":[{"href":"https:\/\/thenordicsauna.com\/et\/wp-json\/wp\/v2\/media?parent=7329"}],"wp:term":[{"taxonomy":"product_brand","embeddable":true,"href":"https:\/\/thenordicsauna.com\/et\/wp-json\/wp\/v2\/product_brand?post=7329"},{"taxonomy":"product_cat","embeddable":true,"href":"https:\/\/thenordicsauna.com\/et\/wp-json\/wp\/v2\/product_cat?post=7329"},{"taxonomy":"product_tag","embeddable":true,"href":"https:\/\/thenordicsauna.com\/et\/wp-json\/wp\/v2\/product_tag?post=7329"}],"curies":[{"name":"wp","href":"https:\/\/api.w.org\/{rel}","templated":true}]}}