{"id":7358,"date":"2025-05-27T14:05:48","date_gmt":"2025-05-27T14:05:48","guid":{"rendered":"https:\/\/thenordicsauna.com\/shop\/sauna-siseviimistlus-teknos-satu-saunasuoja\/"},"modified":"2025-12-17T04:36:32","modified_gmt":"2025-12-17T04:36:32","slug":"sauna-siseviimistlus-teknos-satu-saunasuoja","status":"publish","type":"product","link":"https:\/\/thenordicsauna.com\/et\/e-pood\/sauna-siseviimistlus-teknos-satu-saunasuoja\/","title":{"rendered":"Sauna siseviimistlus \u2013 Teknos Satu Saunasuoja"},"content":{"rendered":"","protected":false},"excerpt":{"rendered":"<p class=\"p1\">Pakume sauna sisepindadele kaitset <span class=\"s1\"><b>Teknos Satu Saunasuojaga<\/b><\/span>. See on spetsiaalselt saunatingimustesse loodud t\u00f5hus kaitsekiht, mis hoiab lavad, seinad ja laed niiskuse, mustuse ja kulumise eest, s\u00e4ilitades samas puidu loomuliku ilme. Sobib h\u00e4sti k\u00f5rge kuumuse ja niiskusega ruumidesse, ka. leiliruumi.  <\/p>\n<p>Standardtoonide hulka kuuluvad:<\/p>\n<ul>\n<li>V\u00e4rvitu (selge)<\/li>\n<li>Valge (\u00f5rn p\u00e4rlvalge efekt)<\/li>\n<li>Hall (hele tuhatoon)<\/li>\n<\/ul>\n<p>K\u00f5ik toonid on pooll\u00e4bipaistvad, mist\u00f5ttu j\u00e4\u00e4b puidu kaunis struktuur n\u00e4ha.<\/p>\n<p><strong>Palun lisa tellimust vormistades ostukorvi kommentaaridesse oma eelistatud toon.<\/strong><\/p>\n","protected":false},"featured_media":6444,"template":"","meta":{"_acf_changed":false},"product_brand":[],"product_cat":[100],"product_tag":[],"class_list":{"0":"post-7358","1":"product","2":"type-product","3":"status-publish","4":"has-post-thumbnail","6":"product_cat-saunade-lisad","8":"first","9":"instock","10":"taxable","11":"shipping-taxable","12":"purchasable","13":"product-type-simple"},"acf":[],"yoast_head":"<!-- This site is optimized with the Yoast SEO plugin v26.6 - https:\/\/yoast.com\/wordpress\/plugins\/seo\/ -->\n<title>Sauna siseviimistlus \u2013 Teknos Satu Saunasuoja | TheNordicSauna<\/title>\n<meta name=\"robots\" content=\"index, follow, max-snippet:-1, max-image-preview:large, max-video-preview:-1\" \/>\n<link rel=\"canonical\" href=\"https:\/\/thenordicsauna.com\/et\/e-pood\/sauna-siseviimistlus-teknos-satu-saunasuoja\/\" \/>\n<meta property=\"og:locale\" content=\"et_EE\" \/>\n<meta property=\"og:type\" content=\"article\" \/>\n<meta property=\"og:title\" content=\"Sauna siseviimistlus \u2013 Teknos Satu Saunasuoja | TheNordicSauna\" \/>\n<meta property=\"og:description\" content=\"Pakume sauna sisepindadele kaitset Teknos Satu Saunasuojaga. See on spetsiaalselt saunatingimustesse loodud t\u00f5hus kaitsekiht, mis hoiab lavad, seinad ja laed niiskuse, mustuse ja kulumise eest, s\u00e4ilitades samas puidu loomuliku ilme. Sobib h\u00e4sti k\u00f5rge kuumuse ja niiskusega ruumidesse, ka. leiliruumi.  Standardtoonide hulka kuuluvad:  V\u00e4rvitu (selge)  Valge (\u00f5rn p\u00e4rlvalge efekt)  Hall (hele tuhatoon) K\u00f5ik toonid on pooll\u00e4bipaistvad, mist\u00f5ttu j\u00e4\u00e4b puidu kaunis struktuur n\u00e4ha. Palun lisa tellimust vormistades ostukorvi kommentaaridesse oma eelistatud toon.\" \/>\n<meta property=\"og:url\" content=\"https:\/\/thenordicsauna.com\/et\/e-pood\/sauna-siseviimistlus-teknos-satu-saunasuoja\/\" \/>\n<meta property=\"og:site_name\" content=\"TheNordicSauna\" \/>\n<meta property=\"article:publisher\" content=\"https:\/\/www.facebook.com\/TheNordicSauna\/\" \/>\n<meta property=\"article:modified_time\" content=\"2025-12-17T04:36:32+00:00\" \/>\n<meta property=\"og:image\" content=\"https:\/\/thenordicsauna.com\/wp-content\/uploads\/2025\/05\/TEKNOS-Satu-Saunasuoja.png\" \/>\n\t<meta property=\"og:image:width\" content=\"580\" \/>\n\t<meta property=\"og:image:height\" content=\"580\" \/>\n\t<meta property=\"og:image:type\" content=\"image\/png\" \/>\n<meta name=\"twitter:card\" content=\"summary_large_image\" \/>\n<script type=\"application\/ld+json\" class=\"yoast-schema-graph\">{\"@context\":\"https:\/\/schema.org\",\"@graph\":[{\"@type\":\"WebPage\",\"@id\":\"https:\/\/thenordicsauna.com\/et\/e-pood\/sauna-siseviimistlus-teknos-satu-saunasuoja\/\",\"url\":\"https:\/\/thenordicsauna.com\/et\/e-pood\/sauna-siseviimistlus-teknos-satu-saunasuoja\/\",\"name\":\"Sauna siseviimistlus \u2013 Teknos Satu Saunasuoja | TheNordicSauna\",\"isPartOf\":{\"@id\":\"https:\/\/thenordicsauna.com\/et\/#website\"},\"primaryImageOfPage\":{\"@id\":\"https:\/\/thenordicsauna.com\/et\/e-pood\/sauna-siseviimistlus-teknos-satu-saunasuoja\/#primaryimage\"},\"image\":{\"@id\":\"https:\/\/thenordicsauna.com\/et\/e-pood\/sauna-siseviimistlus-teknos-satu-saunasuoja\/#primaryimage\"},\"thumbnailUrl\":\"https:\/\/thenordicsauna.com\/wp-content\/uploads\/2025\/05\/TEKNOS-Satu-Saunasuoja.png\",\"datePublished\":\"2025-05-27T14:05:48+00:00\",\"dateModified\":\"2025-12-17T04:36:32+00:00\",\"breadcrumb\":{\"@id\":\"https:\/\/thenordicsauna.com\/et\/e-pood\/sauna-siseviimistlus-teknos-satu-saunasuoja\/#breadcrumb\"},\"inLanguage\":\"et\",\"potentialAction\":[{\"@type\":\"ReadAction\",\"target\":[\"https:\/\/thenordicsauna.com\/et\/e-pood\/sauna-siseviimistlus-teknos-satu-saunasuoja\/\"]}]},{\"@type\":\"ImageObject\",\"inLanguage\":\"et\",\"@id\":\"https:\/\/thenordicsauna.com\/et\/e-pood\/sauna-siseviimistlus-teknos-satu-saunasuoja\/#primaryimage\",\"url\":\"https:\/\/thenordicsauna.com\/wp-content\/uploads\/2025\/05\/TEKNOS-Satu-Saunasuoja.png\",\"contentUrl\":\"https:\/\/thenordicsauna.com\/wp-content\/uploads\/2025\/05\/TEKNOS-Satu-Saunasuoja.png\",\"width\":580,\"height\":580,\"caption\":\"TEKNOS Satu Saunasuoja\"},{\"@type\":\"BreadcrumbList\",\"@id\":\"https:\/\/thenordicsauna.com\/et\/e-pood\/sauna-siseviimistlus-teknos-satu-saunasuoja\/#breadcrumb\",\"itemListElement\":[{\"@type\":\"ListItem\",\"position\":1,\"name\":\"Home\",\"item\":\"https:\/\/thenordicsauna.com\/et\/taiuslik-spaaelamus-sinu-koduoues\/\"},{\"@type\":\"ListItem\",\"position\":2,\"name\":\"E-pood\",\"item\":\"https:\/\/thenordicsauna.com\/shop\/\"},{\"@type\":\"ListItem\",\"position\":3,\"name\":\"Saunade lisad\",\"item\":\"https:\/\/thenordicsauna.com\/et\/tootekategooria\/saunade-lisad\/\"},{\"@type\":\"ListItem\",\"position\":4,\"name\":\"Sauna siseviimistlus \u2013 Teknos Satu Saunasuoja\"}]},{\"@type\":\"WebSite\",\"@id\":\"https:\/\/thenordicsauna.com\/et\/#website\",\"url\":\"https:\/\/thenordicsauna.com\/et\/\",\"name\":\"TheNordicSauna\",\"description\":\"Ultimate Outdoor SPA experience\",\"publisher\":{\"@id\":\"https:\/\/thenordicsauna.com\/et\/#organization\"},\"alternateName\":\"TNS\",\"potentialAction\":[{\"@type\":\"SearchAction\",\"target\":{\"@type\":\"EntryPoint\",\"urlTemplate\":\"https:\/\/thenordicsauna.com\/et\/?s={search_term_string}\"},\"query-input\":{\"@type\":\"PropertyValueSpecification\",\"valueRequired\":true,\"valueName\":\"search_term_string\"}}],\"inLanguage\":\"et\"},{\"@type\":\"Organization\",\"@id\":\"https:\/\/thenordicsauna.com\/et\/#organization\",\"name\":\"TheNordicSauna\",\"alternateName\":\"TNS\",\"url\":\"https:\/\/thenordicsauna.com\/et\/\",\"logo\":{\"@type\":\"ImageObject\",\"inLanguage\":\"et\",\"@id\":\"https:\/\/thenordicsauna.com\/et\/#\/schema\/logo\/image\/\",\"url\":\"https:\/\/thenordicsauna.com\/wp-content\/uploads\/2025\/04\/TheNordicSauna-logo-white.svg\",\"contentUrl\":\"https:\/\/thenordicsauna.com\/wp-content\/uploads\/2025\/04\/TheNordicSauna-logo-white.svg\",\"width\":203,\"height\":203,\"caption\":\"TheNordicSauna\"},\"image\":{\"@id\":\"https:\/\/thenordicsauna.com\/et\/#\/schema\/logo\/image\/\"},\"sameAs\":[\"https:\/\/www.facebook.com\/TheNordicSauna\/\",\"https:\/\/www.instagram.com\/thenordicsauna\"]}]}<\/script>\n<!-- \/ Yoast SEO plugin. -->","yoast_head_json":{"title":"Sauna siseviimistlus \u2013 Teknos Satu Saunasuoja | TheNordicSauna","robots":{"index":"index","follow":"follow","max-snippet":"max-snippet:-1","max-image-preview":"max-image-preview:large","max-video-preview":"max-video-preview:-1"},"canonical":"https:\/\/thenordicsauna.com\/et\/e-pood\/sauna-siseviimistlus-teknos-satu-saunasuoja\/","og_locale":"et_EE","og_type":"article","og_title":"Sauna siseviimistlus \u2013 Teknos Satu Saunasuoja | TheNordicSauna","og_description":"Pakume sauna sisepindadele kaitset Teknos Satu Saunasuojaga. See on spetsiaalselt saunatingimustesse loodud t\u00f5hus kaitsekiht, mis hoiab lavad, seinad ja laed niiskuse, mustuse ja kulumise eest, s\u00e4ilitades samas puidu loomuliku ilme. Sobib h\u00e4sti k\u00f5rge kuumuse ja niiskusega ruumidesse, ka. leiliruumi.  Standardtoonide hulka kuuluvad:  V\u00e4rvitu (selge)  Valge (\u00f5rn p\u00e4rlvalge efekt)  Hall (hele tuhatoon) K\u00f5ik toonid on pooll\u00e4bipaistvad, mist\u00f5ttu j\u00e4\u00e4b puidu kaunis struktuur n\u00e4ha. Palun lisa tellimust vormistades ostukorvi kommentaaridesse oma eelistatud toon.","og_url":"https:\/\/thenordicsauna.com\/et\/e-pood\/sauna-siseviimistlus-teknos-satu-saunasuoja\/","og_site_name":"TheNordicSauna","article_publisher":"https:\/\/www.facebook.com\/TheNordicSauna\/","article_modified_time":"2025-12-17T04:36:32+00:00","og_image":[{"width":580,"height":580,"url":"https:\/\/thenordicsauna.com\/wp-content\/uploads\/2025\/05\/TEKNOS-Satu-Saunasuoja.png","type":"image\/png"}],"twitter_card":"summary_large_image","schema":{"@context":"https:\/\/schema.org","@graph":[{"@type":"WebPage","@id":"https:\/\/thenordicsauna.com\/et\/e-pood\/sauna-siseviimistlus-teknos-satu-saunasuoja\/","url":"https:\/\/thenordicsauna.com\/et\/e-pood\/sauna-siseviimistlus-teknos-satu-saunasuoja\/","name":"Sauna siseviimistlus \u2013 Teknos Satu Saunasuoja | TheNordicSauna","isPartOf":{"@id":"https:\/\/thenordicsauna.com\/et\/#website"},"primaryImageOfPage":{"@id":"https:\/\/thenordicsauna.com\/et\/e-pood\/sauna-siseviimistlus-teknos-satu-saunasuoja\/#primaryimage"},"image":{"@id":"https:\/\/thenordicsauna.com\/et\/e-pood\/sauna-siseviimistlus-teknos-satu-saunasuoja\/#primaryimage"},"thumbnailUrl":"https:\/\/thenordicsauna.com\/wp-content\/uploads\/2025\/05\/TEKNOS-Satu-Saunasuoja.png","datePublished":"2025-05-27T14:05:48+00:00","dateModified":"2025-12-17T04:36:32+00:00","breadcrumb":{"@id":"https:\/\/thenordicsauna.com\/et\/e-pood\/sauna-siseviimistlus-teknos-satu-saunasuoja\/#breadcrumb"},"inLanguage":"et","potentialAction":[{"@type":"ReadAction","target":["https:\/\/thenordicsauna.com\/et\/e-pood\/sauna-siseviimistlus-teknos-satu-saunasuoja\/"]}]},{"@type":"ImageObject","inLanguage":"et","@id":"https:\/\/thenordicsauna.com\/et\/e-pood\/sauna-siseviimistlus-teknos-satu-saunasuoja\/#primaryimage","url":"https:\/\/thenordicsauna.com\/wp-content\/uploads\/2025\/05\/TEKNOS-Satu-Saunasuoja.png","contentUrl":"https:\/\/thenordicsauna.com\/wp-content\/uploads\/2025\/05\/TEKNOS-Satu-Saunasuoja.png","width":580,"height":580,"caption":"TEKNOS Satu Saunasuoja"},{"@type":"BreadcrumbList","@id":"https:\/\/thenordicsauna.com\/et\/e-pood\/sauna-siseviimistlus-teknos-satu-saunasuoja\/#breadcrumb","itemListElement":[{"@type":"ListItem","position":1,"name":"Home","item":"https:\/\/thenordicsauna.com\/et\/taiuslik-spaaelamus-sinu-koduoues\/"},{"@type":"ListItem","position":2,"name":"E-pood","item":"https:\/\/thenordicsauna.com\/shop\/"},{"@type":"ListItem","position":3,"name":"Saunade lisad","item":"https:\/\/thenordicsauna.com\/et\/tootekategooria\/saunade-lisad\/"},{"@type":"ListItem","position":4,"name":"Sauna siseviimistlus \u2013 Teknos Satu Saunasuoja"}]},{"@type":"WebSite","@id":"https:\/\/thenordicsauna.com\/et\/#website","url":"https:\/\/thenordicsauna.com\/et\/","name":"TheNordicSauna","description":"Ultimate Outdoor SPA experience","publisher":{"@id":"https:\/\/thenordicsauna.com\/et\/#organization"},"alternateName":"TNS","potentialAction":[{"@type":"SearchAction","target":{"@type":"EntryPoint","urlTemplate":"https:\/\/thenordicsauna.com\/et\/?s={search_term_string}"},"query-input":{"@type":"PropertyValueSpecification","valueRequired":true,"valueName":"search_term_string"}}],"inLanguage":"et"},{"@type":"Organization","@id":"https:\/\/thenordicsauna.com\/et\/#organization","name":"TheNordicSauna","alternateName":"TNS","url":"https:\/\/thenordicsauna.com\/et\/","logo":{"@type":"ImageObject","inLanguage":"et","@id":"https:\/\/thenordicsauna.com\/et\/#\/schema\/logo\/image\/","url":"https:\/\/thenordicsauna.com\/wp-content\/uploads\/2025\/04\/TheNordicSauna-logo-white.svg","contentUrl":"https:\/\/thenordicsauna.com\/wp-content\/uploads\/2025\/04\/TheNordicSauna-logo-white.svg","width":203,"height":203,"caption":"TheNordicSauna"},"image":{"@id":"https:\/\/thenordicsauna.com\/et\/#\/schema\/logo\/image\/"},"sameAs":["https:\/\/www.facebook.com\/TheNordicSauna\/","https:\/\/www.instagram.com\/thenordicsauna"]}]}},"_links":{"self":[{"href":"https:\/\/thenordicsauna.com\/et\/wp-json\/wp\/v2\/product\/7358","targetHints":{"allow":["GET"]}}],"collection":[{"href":"https:\/\/thenordicsauna.com\/et\/wp-json\/wp\/v2\/product"}],"about":[{"href":"https:\/\/thenordicsauna.com\/et\/wp-json\/wp\/v2\/types\/product"}],"version-history":[{"count":1,"href":"https:\/\/thenordicsauna.com\/et\/wp-json\/wp\/v2\/product\/7358\/revisions"}],"predecessor-version":[{"id":9505,"href":"https:\/\/thenordicsauna.com\/et\/wp-json\/wp\/v2\/product\/7358\/revisions\/9505"}],"wp:featuredmedia":[{"embeddable":true,"href":"https:\/\/thenordicsauna.com\/et\/wp-json\/wp\/v2\/media\/6444"}],"wp:attachment":[{"href":"https:\/\/thenordicsauna.com\/et\/wp-json\/wp\/v2\/media?parent=7358"}],"wp:term":[{"taxonomy":"product_brand","embeddable":true,"href":"https:\/\/thenordicsauna.com\/et\/wp-json\/wp\/v2\/product_brand?post=7358"},{"taxonomy":"product_cat","embeddable":true,"href":"https:\/\/thenordicsauna.com\/et\/wp-json\/wp\/v2\/product_cat?post=7358"},{"taxonomy":"product_tag","embeddable":true,"href":"https:\/\/thenordicsauna.com\/et\/wp-json\/wp\/v2\/product_tag?post=7358"}],"curies":[{"name":"wp","href":"https:\/\/api.w.org\/{rel}","templated":true}]}}