{"id":7361,"date":"2025-05-27T12:10:32","date_gmt":"2025-05-27T12:10:32","guid":{"rendered":"https:\/\/thenordicsauna.com\/shop\/valjastkoetav-keris-nordic-barrel-saunale\/"},"modified":"2025-12-17T04:37:59","modified_gmt":"2025-12-17T04:37:59","slug":"valjastkoetav-keris-nordic-barrel-saunale","status":"publish","type":"product","link":"https:\/\/thenordicsauna.com\/et\/e-pood\/valjastkoetav-keris-nordic-barrel-saunale\/","title":{"rendered":"V\u00e4ljastk\u00f6etav keris Nordic Barrel saunale"},"content":{"rendered":"","protected":false},"excerpt":{"rendered":"<p class=\"p1\">Vaheta standardne Stoveman 13 keris lisatasu eest Stoveman 13LS mudeli vastu. See t\u00e4iendus v\u00f5imaldab lisada k\u00fcttepuid sauna v\u00e4ljastpoolt, hoides leiliruumi puhta ja suitsuvaba. Praktiline lahendus, mis lisab mugavust ning loob samas ka traditsioonilise sauna\u00f5hkkonna. <\/p>\n","protected":false},"featured_media":6428,"template":"","meta":{"_acf_changed":false},"product_brand":[],"product_cat":[100],"product_tag":[],"class_list":{"0":"post-7361","1":"product","2":"type-product","3":"status-publish","4":"has-post-thumbnail","6":"product_cat-saunade-lisad","8":"first","9":"instock","10":"taxable","11":"shipping-taxable","12":"purchasable","13":"product-type-simple"},"acf":[],"yoast_head":"<!-- This site is optimized with the Yoast SEO plugin v26.6 - https:\/\/yoast.com\/wordpress\/plugins\/seo\/ -->\n<title>V\u00e4ljastk\u00f6etav keris Nordic Barrel saunale | TheNordicSauna<\/title>\n<meta name=\"robots\" content=\"index, follow, max-snippet:-1, max-image-preview:large, max-video-preview:-1\" \/>\n<link rel=\"canonical\" href=\"https:\/\/thenordicsauna.com\/et\/e-pood\/valjastkoetav-keris-nordic-barrel-saunale\/\" \/>\n<meta property=\"og:locale\" content=\"et_EE\" \/>\n<meta property=\"og:type\" content=\"article\" \/>\n<meta property=\"og:title\" content=\"V\u00e4ljastk\u00f6etav keris Nordic Barrel saunale | TheNordicSauna\" \/>\n<meta property=\"og:description\" content=\"Vaheta standardne Stoveman 13 keris lisatasu eest Stoveman 13LS mudeli vastu. See t\u00e4iendus v\u00f5imaldab lisada k\u00fcttepuid sauna v\u00e4ljastpoolt, hoides leiliruumi puhta ja suitsuvaba. Praktiline lahendus, mis lisab mugavust ning loob samas ka traditsioonilise sauna\u00f5hkkonna.\" \/>\n<meta property=\"og:url\" content=\"https:\/\/thenordicsauna.com\/et\/e-pood\/valjastkoetav-keris-nordic-barrel-saunale\/\" \/>\n<meta property=\"og:site_name\" content=\"TheNordicSauna\" \/>\n<meta property=\"article:publisher\" content=\"https:\/\/www.facebook.com\/TheNordicSauna\/\" \/>\n<meta property=\"article:modified_time\" content=\"2025-12-17T04:37:59+00:00\" \/>\n<meta property=\"og:image\" content=\"https:\/\/thenordicsauna.com\/wp-content\/uploads\/2025\/05\/Nordic-Barrel-Lisa-3-valjast-koetav-keris2.jpg\" \/>\n\t<meta property=\"og:image:width\" content=\"2400\" \/>\n\t<meta property=\"og:image:height\" content=\"2400\" \/>\n\t<meta property=\"og:image:type\" content=\"image\/jpeg\" \/>\n<meta name=\"twitter:card\" content=\"summary_large_image\" \/>\n<script type=\"application\/ld+json\" class=\"yoast-schema-graph\">{\"@context\":\"https:\/\/schema.org\",\"@graph\":[{\"@type\":\"WebPage\",\"@id\":\"https:\/\/thenordicsauna.com\/et\/e-pood\/valjastkoetav-keris-nordic-barrel-saunale\/\",\"url\":\"https:\/\/thenordicsauna.com\/et\/e-pood\/valjastkoetav-keris-nordic-barrel-saunale\/\",\"name\":\"V\u00e4ljastk\u00f6etav keris Nordic Barrel saunale | TheNordicSauna\",\"isPartOf\":{\"@id\":\"https:\/\/thenordicsauna.com\/et\/#website\"},\"primaryImageOfPage\":{\"@id\":\"https:\/\/thenordicsauna.com\/et\/e-pood\/valjastkoetav-keris-nordic-barrel-saunale\/#primaryimage\"},\"image\":{\"@id\":\"https:\/\/thenordicsauna.com\/et\/e-pood\/valjastkoetav-keris-nordic-barrel-saunale\/#primaryimage\"},\"thumbnailUrl\":\"https:\/\/thenordicsauna.com\/wp-content\/uploads\/2025\/05\/Nordic-Barrel-Lisa-3-valjast-koetav-keris2.jpg\",\"datePublished\":\"2025-05-27T12:10:32+00:00\",\"dateModified\":\"2025-12-17T04:37:59+00:00\",\"breadcrumb\":{\"@id\":\"https:\/\/thenordicsauna.com\/et\/e-pood\/valjastkoetav-keris-nordic-barrel-saunale\/#breadcrumb\"},\"inLanguage\":\"et\",\"potentialAction\":[{\"@type\":\"ReadAction\",\"target\":[\"https:\/\/thenordicsauna.com\/et\/e-pood\/valjastkoetav-keris-nordic-barrel-saunale\/\"]}]},{\"@type\":\"ImageObject\",\"inLanguage\":\"et\",\"@id\":\"https:\/\/thenordicsauna.com\/et\/e-pood\/valjastkoetav-keris-nordic-barrel-saunale\/#primaryimage\",\"url\":\"https:\/\/thenordicsauna.com\/wp-content\/uploads\/2025\/05\/Nordic-Barrel-Lisa-3-valjast-koetav-keris2.jpg\",\"contentUrl\":\"https:\/\/thenordicsauna.com\/wp-content\/uploads\/2025\/05\/Nordic-Barrel-Lisa-3-valjast-koetav-keris2.jpg\",\"width\":2400,\"height\":2400,\"caption\":\"V\u00e4ljastpoolt laaditav puupliit Nordic Barrelile\"},{\"@type\":\"BreadcrumbList\",\"@id\":\"https:\/\/thenordicsauna.com\/et\/e-pood\/valjastkoetav-keris-nordic-barrel-saunale\/#breadcrumb\",\"itemListElement\":[{\"@type\":\"ListItem\",\"position\":1,\"name\":\"Home\",\"item\":\"https:\/\/thenordicsauna.com\/et\/taiuslik-spaaelamus-sinu-koduoues\/\"},{\"@type\":\"ListItem\",\"position\":2,\"name\":\"E-pood\",\"item\":\"https:\/\/thenordicsauna.com\/shop\/\"},{\"@type\":\"ListItem\",\"position\":3,\"name\":\"Saunade lisad\",\"item\":\"https:\/\/thenordicsauna.com\/et\/tootekategooria\/saunade-lisad\/\"},{\"@type\":\"ListItem\",\"position\":4,\"name\":\"V\u00e4ljastk\u00f6etav keris Nordic Barrel saunale\"}]},{\"@type\":\"WebSite\",\"@id\":\"https:\/\/thenordicsauna.com\/et\/#website\",\"url\":\"https:\/\/thenordicsauna.com\/et\/\",\"name\":\"TheNordicSauna\",\"description\":\"Ultimate Outdoor SPA experience\",\"publisher\":{\"@id\":\"https:\/\/thenordicsauna.com\/et\/#organization\"},\"alternateName\":\"TNS\",\"potentialAction\":[{\"@type\":\"SearchAction\",\"target\":{\"@type\":\"EntryPoint\",\"urlTemplate\":\"https:\/\/thenordicsauna.com\/et\/?s={search_term_string}\"},\"query-input\":{\"@type\":\"PropertyValueSpecification\",\"valueRequired\":true,\"valueName\":\"search_term_string\"}}],\"inLanguage\":\"et\"},{\"@type\":\"Organization\",\"@id\":\"https:\/\/thenordicsauna.com\/et\/#organization\",\"name\":\"TheNordicSauna\",\"alternateName\":\"TNS\",\"url\":\"https:\/\/thenordicsauna.com\/et\/\",\"logo\":{\"@type\":\"ImageObject\",\"inLanguage\":\"et\",\"@id\":\"https:\/\/thenordicsauna.com\/et\/#\/schema\/logo\/image\/\",\"url\":\"https:\/\/thenordicsauna.com\/wp-content\/uploads\/2025\/04\/TheNordicSauna-logo-white.svg\",\"contentUrl\":\"https:\/\/thenordicsauna.com\/wp-content\/uploads\/2025\/04\/TheNordicSauna-logo-white.svg\",\"width\":203,\"height\":203,\"caption\":\"TheNordicSauna\"},\"image\":{\"@id\":\"https:\/\/thenordicsauna.com\/et\/#\/schema\/logo\/image\/\"},\"sameAs\":[\"https:\/\/www.facebook.com\/TheNordicSauna\/\",\"https:\/\/www.instagram.com\/thenordicsauna\"]}]}<\/script>\n<!-- \/ Yoast SEO plugin. -->","yoast_head_json":{"title":"V\u00e4ljastk\u00f6etav keris Nordic Barrel saunale | TheNordicSauna","robots":{"index":"index","follow":"follow","max-snippet":"max-snippet:-1","max-image-preview":"max-image-preview:large","max-video-preview":"max-video-preview:-1"},"canonical":"https:\/\/thenordicsauna.com\/et\/e-pood\/valjastkoetav-keris-nordic-barrel-saunale\/","og_locale":"et_EE","og_type":"article","og_title":"V\u00e4ljastk\u00f6etav keris Nordic Barrel saunale | TheNordicSauna","og_description":"Vaheta standardne Stoveman 13 keris lisatasu eest Stoveman 13LS mudeli vastu. See t\u00e4iendus v\u00f5imaldab lisada k\u00fcttepuid sauna v\u00e4ljastpoolt, hoides leiliruumi puhta ja suitsuvaba. Praktiline lahendus, mis lisab mugavust ning loob samas ka traditsioonilise sauna\u00f5hkkonna.","og_url":"https:\/\/thenordicsauna.com\/et\/e-pood\/valjastkoetav-keris-nordic-barrel-saunale\/","og_site_name":"TheNordicSauna","article_publisher":"https:\/\/www.facebook.com\/TheNordicSauna\/","article_modified_time":"2025-12-17T04:37:59+00:00","og_image":[{"width":2400,"height":2400,"url":"https:\/\/thenordicsauna.com\/wp-content\/uploads\/2025\/05\/Nordic-Barrel-Lisa-3-valjast-koetav-keris2.jpg","type":"image\/jpeg"}],"twitter_card":"summary_large_image","schema":{"@context":"https:\/\/schema.org","@graph":[{"@type":"WebPage","@id":"https:\/\/thenordicsauna.com\/et\/e-pood\/valjastkoetav-keris-nordic-barrel-saunale\/","url":"https:\/\/thenordicsauna.com\/et\/e-pood\/valjastkoetav-keris-nordic-barrel-saunale\/","name":"V\u00e4ljastk\u00f6etav keris Nordic Barrel saunale | TheNordicSauna","isPartOf":{"@id":"https:\/\/thenordicsauna.com\/et\/#website"},"primaryImageOfPage":{"@id":"https:\/\/thenordicsauna.com\/et\/e-pood\/valjastkoetav-keris-nordic-barrel-saunale\/#primaryimage"},"image":{"@id":"https:\/\/thenordicsauna.com\/et\/e-pood\/valjastkoetav-keris-nordic-barrel-saunale\/#primaryimage"},"thumbnailUrl":"https:\/\/thenordicsauna.com\/wp-content\/uploads\/2025\/05\/Nordic-Barrel-Lisa-3-valjast-koetav-keris2.jpg","datePublished":"2025-05-27T12:10:32+00:00","dateModified":"2025-12-17T04:37:59+00:00","breadcrumb":{"@id":"https:\/\/thenordicsauna.com\/et\/e-pood\/valjastkoetav-keris-nordic-barrel-saunale\/#breadcrumb"},"inLanguage":"et","potentialAction":[{"@type":"ReadAction","target":["https:\/\/thenordicsauna.com\/et\/e-pood\/valjastkoetav-keris-nordic-barrel-saunale\/"]}]},{"@type":"ImageObject","inLanguage":"et","@id":"https:\/\/thenordicsauna.com\/et\/e-pood\/valjastkoetav-keris-nordic-barrel-saunale\/#primaryimage","url":"https:\/\/thenordicsauna.com\/wp-content\/uploads\/2025\/05\/Nordic-Barrel-Lisa-3-valjast-koetav-keris2.jpg","contentUrl":"https:\/\/thenordicsauna.com\/wp-content\/uploads\/2025\/05\/Nordic-Barrel-Lisa-3-valjast-koetav-keris2.jpg","width":2400,"height":2400,"caption":"V\u00e4ljastpoolt laaditav puupliit Nordic Barrelile"},{"@type":"BreadcrumbList","@id":"https:\/\/thenordicsauna.com\/et\/e-pood\/valjastkoetav-keris-nordic-barrel-saunale\/#breadcrumb","itemListElement":[{"@type":"ListItem","position":1,"name":"Home","item":"https:\/\/thenordicsauna.com\/et\/taiuslik-spaaelamus-sinu-koduoues\/"},{"@type":"ListItem","position":2,"name":"E-pood","item":"https:\/\/thenordicsauna.com\/shop\/"},{"@type":"ListItem","position":3,"name":"Saunade lisad","item":"https:\/\/thenordicsauna.com\/et\/tootekategooria\/saunade-lisad\/"},{"@type":"ListItem","position":4,"name":"V\u00e4ljastk\u00f6etav keris Nordic Barrel saunale"}]},{"@type":"WebSite","@id":"https:\/\/thenordicsauna.com\/et\/#website","url":"https:\/\/thenordicsauna.com\/et\/","name":"TheNordicSauna","description":"Ultimate Outdoor SPA experience","publisher":{"@id":"https:\/\/thenordicsauna.com\/et\/#organization"},"alternateName":"TNS","potentialAction":[{"@type":"SearchAction","target":{"@type":"EntryPoint","urlTemplate":"https:\/\/thenordicsauna.com\/et\/?s={search_term_string}"},"query-input":{"@type":"PropertyValueSpecification","valueRequired":true,"valueName":"search_term_string"}}],"inLanguage":"et"},{"@type":"Organization","@id":"https:\/\/thenordicsauna.com\/et\/#organization","name":"TheNordicSauna","alternateName":"TNS","url":"https:\/\/thenordicsauna.com\/et\/","logo":{"@type":"ImageObject","inLanguage":"et","@id":"https:\/\/thenordicsauna.com\/et\/#\/schema\/logo\/image\/","url":"https:\/\/thenordicsauna.com\/wp-content\/uploads\/2025\/04\/TheNordicSauna-logo-white.svg","contentUrl":"https:\/\/thenordicsauna.com\/wp-content\/uploads\/2025\/04\/TheNordicSauna-logo-white.svg","width":203,"height":203,"caption":"TheNordicSauna"},"image":{"@id":"https:\/\/thenordicsauna.com\/et\/#\/schema\/logo\/image\/"},"sameAs":["https:\/\/www.facebook.com\/TheNordicSauna\/","https:\/\/www.instagram.com\/thenordicsauna"]}]}},"_links":{"self":[{"href":"https:\/\/thenordicsauna.com\/et\/wp-json\/wp\/v2\/product\/7361","targetHints":{"allow":["GET"]}}],"collection":[{"href":"https:\/\/thenordicsauna.com\/et\/wp-json\/wp\/v2\/product"}],"about":[{"href":"https:\/\/thenordicsauna.com\/et\/wp-json\/wp\/v2\/types\/product"}],"version-history":[{"count":1,"href":"https:\/\/thenordicsauna.com\/et\/wp-json\/wp\/v2\/product\/7361\/revisions"}],"predecessor-version":[{"id":8907,"href":"https:\/\/thenordicsauna.com\/et\/wp-json\/wp\/v2\/product\/7361\/revisions\/8907"}],"wp:featuredmedia":[{"embeddable":true,"href":"https:\/\/thenordicsauna.com\/et\/wp-json\/wp\/v2\/media\/6428"}],"wp:attachment":[{"href":"https:\/\/thenordicsauna.com\/et\/wp-json\/wp\/v2\/media?parent=7361"}],"wp:term":[{"taxonomy":"product_brand","embeddable":true,"href":"https:\/\/thenordicsauna.com\/et\/wp-json\/wp\/v2\/product_brand?post=7361"},{"taxonomy":"product_cat","embeddable":true,"href":"https:\/\/thenordicsauna.com\/et\/wp-json\/wp\/v2\/product_cat?post=7361"},{"taxonomy":"product_tag","embeddable":true,"href":"https:\/\/thenordicsauna.com\/et\/wp-json\/wp\/v2\/product_tag?post=7361"}],"curies":[{"name":"wp","href":"https:\/\/api.w.org\/{rel}","templated":true}]}}