{"id":7363,"date":"2025-05-27T12:30:15","date_gmt":"2025-05-27T12:30:15","guid":{"rendered":"https:\/\/thenordicsauna.com\/shop\/poolkuu-aken-nordic-barrel-saunale\/"},"modified":"2025-12-17T04:37:12","modified_gmt":"2025-12-17T04:37:12","slug":"poolkuu-aken-nordic-barrel-saunale","status":"publish","type":"product","link":"https:\/\/thenordicsauna.com\/et\/e-pood\/poolkuu-aken-nordic-barrel-saunale\/","title":{"rendered":"Poolkuu aken Nordic Barrel saunale"},"content":{"rendered":"","protected":false},"excerpt":{"rendered":"<p class=\"p1\">Modernne t\u00e4iendus, mis lisab leiliruumi seina \u00fclemisse ossa poolpanoraamklaasi. Poolkuu disain laseb sisse loomulikku valgust, s\u00e4ilitades samal ajal privaatsuse alumises osas. Tulemuseks on ideaalne tasakaal avaruse, mugavuse ja elegantse v\u00e4limuse vahel.  <\/p>\n","protected":false},"featured_media":6392,"template":"","meta":{"_acf_changed":false},"product_brand":[],"product_cat":[100],"product_tag":[],"class_list":{"0":"post-7363","1":"product","2":"type-product","3":"status-publish","4":"has-post-thumbnail","6":"product_cat-saunade-lisad","8":"first","9":"instock","10":"taxable","11":"shipping-taxable","12":"purchasable","13":"product-type-simple"},"acf":[],"yoast_head":"<!-- This site is optimized with the Yoast SEO plugin v26.6 - https:\/\/yoast.com\/wordpress\/plugins\/seo\/ -->\n<title>Poolkuu aken Nordic Barrel saunale | TheNordicSauna<\/title>\n<meta name=\"robots\" content=\"index, follow, max-snippet:-1, max-image-preview:large, max-video-preview:-1\" \/>\n<link rel=\"canonical\" href=\"https:\/\/thenordicsauna.com\/et\/e-pood\/poolkuu-aken-nordic-barrel-saunale\/\" \/>\n<meta property=\"og:locale\" content=\"et_EE\" \/>\n<meta property=\"og:type\" content=\"article\" \/>\n<meta property=\"og:title\" content=\"Poolkuu aken Nordic Barrel saunale | TheNordicSauna\" \/>\n<meta property=\"og:description\" content=\"Modernne t\u00e4iendus, mis lisab leiliruumi seina \u00fclemisse ossa poolpanoraamklaasi. Poolkuu disain laseb sisse loomulikku valgust, s\u00e4ilitades samal ajal privaatsuse alumises osas. Tulemuseks on ideaalne tasakaal avaruse, mugavuse ja elegantse v\u00e4limuse vahel.\" \/>\n<meta property=\"og:url\" content=\"https:\/\/thenordicsauna.com\/et\/e-pood\/poolkuu-aken-nordic-barrel-saunale\/\" \/>\n<meta property=\"og:site_name\" content=\"TheNordicSauna\" \/>\n<meta property=\"article:publisher\" content=\"https:\/\/www.facebook.com\/TheNordicSauna\/\" \/>\n<meta property=\"article:modified_time\" content=\"2025-12-17T04:37:12+00:00\" \/>\n<meta property=\"og:image\" content=\"https:\/\/thenordicsauna.com\/wp-content\/uploads\/2025\/05\/9-Nordic-Barrel-1.jpg\" \/>\n\t<meta property=\"og:image:width\" content=\"1707\" \/>\n\t<meta property=\"og:image:height\" content=\"2560\" \/>\n\t<meta property=\"og:image:type\" content=\"image\/jpeg\" \/>\n<meta name=\"twitter:card\" content=\"summary_large_image\" \/>\n<script type=\"application\/ld+json\" class=\"yoast-schema-graph\">{\"@context\":\"https:\/\/schema.org\",\"@graph\":[{\"@type\":\"WebPage\",\"@id\":\"https:\/\/thenordicsauna.com\/et\/e-pood\/poolkuu-aken-nordic-barrel-saunale\/\",\"url\":\"https:\/\/thenordicsauna.com\/et\/e-pood\/poolkuu-aken-nordic-barrel-saunale\/\",\"name\":\"Poolkuu aken Nordic Barrel saunale | TheNordicSauna\",\"isPartOf\":{\"@id\":\"https:\/\/thenordicsauna.com\/et\/#website\"},\"primaryImageOfPage\":{\"@id\":\"https:\/\/thenordicsauna.com\/et\/e-pood\/poolkuu-aken-nordic-barrel-saunale\/#primaryimage\"},\"image\":{\"@id\":\"https:\/\/thenordicsauna.com\/et\/e-pood\/poolkuu-aken-nordic-barrel-saunale\/#primaryimage\"},\"thumbnailUrl\":\"https:\/\/thenordicsauna.com\/wp-content\/uploads\/2025\/05\/9-Nordic-Barrel-1.jpg\",\"datePublished\":\"2025-05-27T12:30:15+00:00\",\"dateModified\":\"2025-12-17T04:37:12+00:00\",\"breadcrumb\":{\"@id\":\"https:\/\/thenordicsauna.com\/et\/e-pood\/poolkuu-aken-nordic-barrel-saunale\/#breadcrumb\"},\"inLanguage\":\"et\",\"potentialAction\":[{\"@type\":\"ReadAction\",\"target\":[\"https:\/\/thenordicsauna.com\/et\/e-pood\/poolkuu-aken-nordic-barrel-saunale\/\"]}]},{\"@type\":\"ImageObject\",\"inLanguage\":\"et\",\"@id\":\"https:\/\/thenordicsauna.com\/et\/e-pood\/poolkuu-aken-nordic-barrel-saunale\/#primaryimage\",\"url\":\"https:\/\/thenordicsauna.com\/wp-content\/uploads\/2025\/05\/9-Nordic-Barrel-1.jpg\",\"contentUrl\":\"https:\/\/thenordicsauna.com\/wp-content\/uploads\/2025\/05\/9-Nordic-Barrel-1.jpg\",\"width\":1707,\"height\":2560,\"caption\":\"Nordic Barrel t\u00fcnnisaun\"},{\"@type\":\"BreadcrumbList\",\"@id\":\"https:\/\/thenordicsauna.com\/et\/e-pood\/poolkuu-aken-nordic-barrel-saunale\/#breadcrumb\",\"itemListElement\":[{\"@type\":\"ListItem\",\"position\":1,\"name\":\"Home\",\"item\":\"https:\/\/thenordicsauna.com\/et\/taiuslik-spaaelamus-sinu-koduoues\/\"},{\"@type\":\"ListItem\",\"position\":2,\"name\":\"E-pood\",\"item\":\"https:\/\/thenordicsauna.com\/shop\/\"},{\"@type\":\"ListItem\",\"position\":3,\"name\":\"Saunade lisad\",\"item\":\"https:\/\/thenordicsauna.com\/et\/tootekategooria\/saunade-lisad\/\"},{\"@type\":\"ListItem\",\"position\":4,\"name\":\"Poolkuu aken Nordic Barrel saunale\"}]},{\"@type\":\"WebSite\",\"@id\":\"https:\/\/thenordicsauna.com\/et\/#website\",\"url\":\"https:\/\/thenordicsauna.com\/et\/\",\"name\":\"TheNordicSauna\",\"description\":\"Ultimate Outdoor SPA experience\",\"publisher\":{\"@id\":\"https:\/\/thenordicsauna.com\/et\/#organization\"},\"alternateName\":\"TNS\",\"potentialAction\":[{\"@type\":\"SearchAction\",\"target\":{\"@type\":\"EntryPoint\",\"urlTemplate\":\"https:\/\/thenordicsauna.com\/et\/?s={search_term_string}\"},\"query-input\":{\"@type\":\"PropertyValueSpecification\",\"valueRequired\":true,\"valueName\":\"search_term_string\"}}],\"inLanguage\":\"et\"},{\"@type\":\"Organization\",\"@id\":\"https:\/\/thenordicsauna.com\/et\/#organization\",\"name\":\"TheNordicSauna\",\"alternateName\":\"TNS\",\"url\":\"https:\/\/thenordicsauna.com\/et\/\",\"logo\":{\"@type\":\"ImageObject\",\"inLanguage\":\"et\",\"@id\":\"https:\/\/thenordicsauna.com\/et\/#\/schema\/logo\/image\/\",\"url\":\"https:\/\/thenordicsauna.com\/wp-content\/uploads\/2025\/04\/TheNordicSauna-logo-white.svg\",\"contentUrl\":\"https:\/\/thenordicsauna.com\/wp-content\/uploads\/2025\/04\/TheNordicSauna-logo-white.svg\",\"width\":203,\"height\":203,\"caption\":\"TheNordicSauna\"},\"image\":{\"@id\":\"https:\/\/thenordicsauna.com\/et\/#\/schema\/logo\/image\/\"},\"sameAs\":[\"https:\/\/www.facebook.com\/TheNordicSauna\/\",\"https:\/\/www.instagram.com\/thenordicsauna\"]}]}<\/script>\n<!-- \/ Yoast SEO plugin. -->","yoast_head_json":{"title":"Poolkuu aken Nordic Barrel saunale | TheNordicSauna","robots":{"index":"index","follow":"follow","max-snippet":"max-snippet:-1","max-image-preview":"max-image-preview:large","max-video-preview":"max-video-preview:-1"},"canonical":"https:\/\/thenordicsauna.com\/et\/e-pood\/poolkuu-aken-nordic-barrel-saunale\/","og_locale":"et_EE","og_type":"article","og_title":"Poolkuu aken Nordic Barrel saunale | TheNordicSauna","og_description":"Modernne t\u00e4iendus, mis lisab leiliruumi seina \u00fclemisse ossa poolpanoraamklaasi. Poolkuu disain laseb sisse loomulikku valgust, s\u00e4ilitades samal ajal privaatsuse alumises osas. Tulemuseks on ideaalne tasakaal avaruse, mugavuse ja elegantse v\u00e4limuse vahel.","og_url":"https:\/\/thenordicsauna.com\/et\/e-pood\/poolkuu-aken-nordic-barrel-saunale\/","og_site_name":"TheNordicSauna","article_publisher":"https:\/\/www.facebook.com\/TheNordicSauna\/","article_modified_time":"2025-12-17T04:37:12+00:00","og_image":[{"width":1707,"height":2560,"url":"https:\/\/thenordicsauna.com\/wp-content\/uploads\/2025\/05\/9-Nordic-Barrel-1.jpg","type":"image\/jpeg"}],"twitter_card":"summary_large_image","schema":{"@context":"https:\/\/schema.org","@graph":[{"@type":"WebPage","@id":"https:\/\/thenordicsauna.com\/et\/e-pood\/poolkuu-aken-nordic-barrel-saunale\/","url":"https:\/\/thenordicsauna.com\/et\/e-pood\/poolkuu-aken-nordic-barrel-saunale\/","name":"Poolkuu aken Nordic Barrel saunale | TheNordicSauna","isPartOf":{"@id":"https:\/\/thenordicsauna.com\/et\/#website"},"primaryImageOfPage":{"@id":"https:\/\/thenordicsauna.com\/et\/e-pood\/poolkuu-aken-nordic-barrel-saunale\/#primaryimage"},"image":{"@id":"https:\/\/thenordicsauna.com\/et\/e-pood\/poolkuu-aken-nordic-barrel-saunale\/#primaryimage"},"thumbnailUrl":"https:\/\/thenordicsauna.com\/wp-content\/uploads\/2025\/05\/9-Nordic-Barrel-1.jpg","datePublished":"2025-05-27T12:30:15+00:00","dateModified":"2025-12-17T04:37:12+00:00","breadcrumb":{"@id":"https:\/\/thenordicsauna.com\/et\/e-pood\/poolkuu-aken-nordic-barrel-saunale\/#breadcrumb"},"inLanguage":"et","potentialAction":[{"@type":"ReadAction","target":["https:\/\/thenordicsauna.com\/et\/e-pood\/poolkuu-aken-nordic-barrel-saunale\/"]}]},{"@type":"ImageObject","inLanguage":"et","@id":"https:\/\/thenordicsauna.com\/et\/e-pood\/poolkuu-aken-nordic-barrel-saunale\/#primaryimage","url":"https:\/\/thenordicsauna.com\/wp-content\/uploads\/2025\/05\/9-Nordic-Barrel-1.jpg","contentUrl":"https:\/\/thenordicsauna.com\/wp-content\/uploads\/2025\/05\/9-Nordic-Barrel-1.jpg","width":1707,"height":2560,"caption":"Nordic Barrel t\u00fcnnisaun"},{"@type":"BreadcrumbList","@id":"https:\/\/thenordicsauna.com\/et\/e-pood\/poolkuu-aken-nordic-barrel-saunale\/#breadcrumb","itemListElement":[{"@type":"ListItem","position":1,"name":"Home","item":"https:\/\/thenordicsauna.com\/et\/taiuslik-spaaelamus-sinu-koduoues\/"},{"@type":"ListItem","position":2,"name":"E-pood","item":"https:\/\/thenordicsauna.com\/shop\/"},{"@type":"ListItem","position":3,"name":"Saunade lisad","item":"https:\/\/thenordicsauna.com\/et\/tootekategooria\/saunade-lisad\/"},{"@type":"ListItem","position":4,"name":"Poolkuu aken Nordic Barrel saunale"}]},{"@type":"WebSite","@id":"https:\/\/thenordicsauna.com\/et\/#website","url":"https:\/\/thenordicsauna.com\/et\/","name":"TheNordicSauna","description":"Ultimate Outdoor SPA experience","publisher":{"@id":"https:\/\/thenordicsauna.com\/et\/#organization"},"alternateName":"TNS","potentialAction":[{"@type":"SearchAction","target":{"@type":"EntryPoint","urlTemplate":"https:\/\/thenordicsauna.com\/et\/?s={search_term_string}"},"query-input":{"@type":"PropertyValueSpecification","valueRequired":true,"valueName":"search_term_string"}}],"inLanguage":"et"},{"@type":"Organization","@id":"https:\/\/thenordicsauna.com\/et\/#organization","name":"TheNordicSauna","alternateName":"TNS","url":"https:\/\/thenordicsauna.com\/et\/","logo":{"@type":"ImageObject","inLanguage":"et","@id":"https:\/\/thenordicsauna.com\/et\/#\/schema\/logo\/image\/","url":"https:\/\/thenordicsauna.com\/wp-content\/uploads\/2025\/04\/TheNordicSauna-logo-white.svg","contentUrl":"https:\/\/thenordicsauna.com\/wp-content\/uploads\/2025\/04\/TheNordicSauna-logo-white.svg","width":203,"height":203,"caption":"TheNordicSauna"},"image":{"@id":"https:\/\/thenordicsauna.com\/et\/#\/schema\/logo\/image\/"},"sameAs":["https:\/\/www.facebook.com\/TheNordicSauna\/","https:\/\/www.instagram.com\/thenordicsauna"]}]}},"_links":{"self":[{"href":"https:\/\/thenordicsauna.com\/et\/wp-json\/wp\/v2\/product\/7363","targetHints":{"allow":["GET"]}}],"collection":[{"href":"https:\/\/thenordicsauna.com\/et\/wp-json\/wp\/v2\/product"}],"about":[{"href":"https:\/\/thenordicsauna.com\/et\/wp-json\/wp\/v2\/types\/product"}],"version-history":[{"count":1,"href":"https:\/\/thenordicsauna.com\/et\/wp-json\/wp\/v2\/product\/7363\/revisions"}],"predecessor-version":[{"id":9506,"href":"https:\/\/thenordicsauna.com\/et\/wp-json\/wp\/v2\/product\/7363\/revisions\/9506"}],"wp:featuredmedia":[{"embeddable":true,"href":"https:\/\/thenordicsauna.com\/et\/wp-json\/wp\/v2\/media\/6392"}],"wp:attachment":[{"href":"https:\/\/thenordicsauna.com\/et\/wp-json\/wp\/v2\/media?parent=7363"}],"wp:term":[{"taxonomy":"product_brand","embeddable":true,"href":"https:\/\/thenordicsauna.com\/et\/wp-json\/wp\/v2\/product_brand?post=7363"},{"taxonomy":"product_cat","embeddable":true,"href":"https:\/\/thenordicsauna.com\/et\/wp-json\/wp\/v2\/product_cat?post=7363"},{"taxonomy":"product_tag","embeddable":true,"href":"https:\/\/thenordicsauna.com\/et\/wp-json\/wp\/v2\/product_tag?post=7363"}],"curies":[{"name":"wp","href":"https:\/\/api.w.org\/{rel}","templated":true}]}}