{"id":7367,"date":"2025-05-22T05:29:52","date_gmt":"2025-05-22T05:29:52","guid":{"rendered":"https:\/\/thenordicsauna.com\/shop\/kerisekivid-80kg\/"},"modified":"2025-12-17T04:38:58","modified_gmt":"2025-12-17T04:38:58","slug":"kerisekivid-80kg","status":"publish","type":"product","link":"https:\/\/thenordicsauna.com\/et\/e-pood\/kerisekivid-80kg\/","title":{"rendered":"Kerisekivid (80kg)"},"content":{"rendered":"","protected":false},"excerpt":{"rendered":"<ul>\n<li>K\u00f5rgekvaliteedilised looduslikud kerisekivid<\/li>\n<li>Vastupidavad ja kuumakindlad kivid, mis hoiavad ning annavad leili \u00fchtlaselt.<\/li>\n<li>T\u00e4iusliku saunaelamuse v\u00e4ltimatu osa.<\/li>\n<\/ul>\n","protected":false},"featured_media":6306,"template":"","meta":{"_acf_changed":false},"product_brand":[],"product_cat":[100],"product_tag":[],"class_list":{"0":"post-7367","1":"product","2":"type-product","3":"status-publish","4":"has-post-thumbnail","6":"product_cat-saunade-lisad","7":"product_shipping_class-keskmise-suurusega-esemed","9":"first","10":"instock","11":"taxable","12":"shipping-taxable","13":"purchasable","14":"product-type-simple"},"acf":[],"yoast_head":"<!-- This site is optimized with the Yoast SEO plugin v26.6 - https:\/\/yoast.com\/wordpress\/plugins\/seo\/ -->\n<title>Kerisekivid (80kg) | TheNordicSauna<\/title>\n<meta name=\"description\" content=\"Kvaliteetsed looduslikud kivid saunaahjude jaoks. Vastupidavad, kuumakindlad ja sobivad suurep\u00e4raselt auru s\u00e4ilitamiseks ja \u00fchtlaseks eraldamiseks.\" \/>\n<meta name=\"robots\" content=\"index, follow, max-snippet:-1, max-image-preview:large, max-video-preview:-1\" \/>\n<link rel=\"canonical\" href=\"https:\/\/thenordicsauna.com\/et\/e-pood\/kerisekivid-80kg\/\" \/>\n<meta property=\"og:locale\" content=\"et_EE\" \/>\n<meta property=\"og:type\" content=\"article\" \/>\n<meta property=\"og:title\" content=\"Kerisekivid (80kg) | TheNordicSauna\" \/>\n<meta property=\"og:description\" content=\"Kvaliteetsed looduslikud kivid saunaahjude jaoks. Vastupidavad, kuumakindlad ja sobivad suurep\u00e4raselt auru s\u00e4ilitamiseks ja \u00fchtlaseks eraldamiseks.\" \/>\n<meta property=\"og:url\" content=\"https:\/\/thenordicsauna.com\/et\/e-pood\/kerisekivid-80kg\/\" \/>\n<meta property=\"og:site_name\" content=\"TheNordicSauna\" \/>\n<meta property=\"article:publisher\" content=\"https:\/\/www.facebook.com\/TheNordicSauna\/\" \/>\n<meta property=\"article:modified_time\" content=\"2025-12-17T04:38:58+00:00\" \/>\n<meta property=\"og:image\" content=\"https:\/\/thenordicsauna.com\/wp-content\/uploads\/2025\/05\/Heater-Stones.jpg\" \/>\n\t<meta property=\"og:image:width\" content=\"2400\" \/>\n\t<meta property=\"og:image:height\" content=\"1615\" \/>\n\t<meta property=\"og:image:type\" content=\"image\/jpeg\" \/>\n<meta name=\"twitter:card\" content=\"summary_large_image\" \/>\n<script type=\"application\/ld+json\" class=\"yoast-schema-graph\">{\"@context\":\"https:\/\/schema.org\",\"@graph\":[{\"@type\":\"WebPage\",\"@id\":\"https:\/\/thenordicsauna.com\/et\/e-pood\/kerisekivid-80kg\/\",\"url\":\"https:\/\/thenordicsauna.com\/et\/e-pood\/kerisekivid-80kg\/\",\"name\":\"Kerisekivid (80kg) | TheNordicSauna\",\"isPartOf\":{\"@id\":\"https:\/\/thenordicsauna.com\/et\/#website\"},\"primaryImageOfPage\":{\"@id\":\"https:\/\/thenordicsauna.com\/et\/e-pood\/kerisekivid-80kg\/#primaryimage\"},\"image\":{\"@id\":\"https:\/\/thenordicsauna.com\/et\/e-pood\/kerisekivid-80kg\/#primaryimage\"},\"thumbnailUrl\":\"https:\/\/thenordicsauna.com\/wp-content\/uploads\/2025\/05\/Heater-Stones.jpg\",\"datePublished\":\"2025-05-22T05:29:52+00:00\",\"dateModified\":\"2025-12-17T04:38:58+00:00\",\"description\":\"Kvaliteetsed looduslikud kivid saunaahjude jaoks. Vastupidavad, kuumakindlad ja sobivad suurep\u00e4raselt auru s\u00e4ilitamiseks ja \u00fchtlaseks eraldamiseks.\",\"breadcrumb\":{\"@id\":\"https:\/\/thenordicsauna.com\/et\/e-pood\/kerisekivid-80kg\/#breadcrumb\"},\"inLanguage\":\"et\",\"potentialAction\":[{\"@type\":\"ReadAction\",\"target\":[\"https:\/\/thenordicsauna.com\/et\/e-pood\/kerisekivid-80kg\/\"]}]},{\"@type\":\"ImageObject\",\"inLanguage\":\"et\",\"@id\":\"https:\/\/thenordicsauna.com\/et\/e-pood\/kerisekivid-80kg\/#primaryimage\",\"url\":\"https:\/\/thenordicsauna.com\/wp-content\/uploads\/2025\/05\/Heater-Stones.jpg\",\"contentUrl\":\"https:\/\/thenordicsauna.com\/wp-content\/uploads\/2025\/05\/Heater-Stones.jpg\",\"width\":2400,\"height\":1615,\"caption\":\"K\u00fcttekivid\"},{\"@type\":\"BreadcrumbList\",\"@id\":\"https:\/\/thenordicsauna.com\/et\/e-pood\/kerisekivid-80kg\/#breadcrumb\",\"itemListElement\":[{\"@type\":\"ListItem\",\"position\":1,\"name\":\"Home\",\"item\":\"https:\/\/thenordicsauna.com\/et\/taiuslik-spaaelamus-sinu-koduoues\/\"},{\"@type\":\"ListItem\",\"position\":2,\"name\":\"E-pood\",\"item\":\"https:\/\/thenordicsauna.com\/shop\/\"},{\"@type\":\"ListItem\",\"position\":3,\"name\":\"Saunade lisad\",\"item\":\"https:\/\/thenordicsauna.com\/et\/tootekategooria\/saunade-lisad\/\"},{\"@type\":\"ListItem\",\"position\":4,\"name\":\"Kerisekivid (80kg)\"}]},{\"@type\":\"WebSite\",\"@id\":\"https:\/\/thenordicsauna.com\/et\/#website\",\"url\":\"https:\/\/thenordicsauna.com\/et\/\",\"name\":\"TheNordicSauna\",\"description\":\"Ultimate Outdoor SPA experience\",\"publisher\":{\"@id\":\"https:\/\/thenordicsauna.com\/et\/#organization\"},\"alternateName\":\"TNS\",\"potentialAction\":[{\"@type\":\"SearchAction\",\"target\":{\"@type\":\"EntryPoint\",\"urlTemplate\":\"https:\/\/thenordicsauna.com\/et\/?s={search_term_string}\"},\"query-input\":{\"@type\":\"PropertyValueSpecification\",\"valueRequired\":true,\"valueName\":\"search_term_string\"}}],\"inLanguage\":\"et\"},{\"@type\":\"Organization\",\"@id\":\"https:\/\/thenordicsauna.com\/et\/#organization\",\"name\":\"TheNordicSauna\",\"alternateName\":\"TNS\",\"url\":\"https:\/\/thenordicsauna.com\/et\/\",\"logo\":{\"@type\":\"ImageObject\",\"inLanguage\":\"et\",\"@id\":\"https:\/\/thenordicsauna.com\/et\/#\/schema\/logo\/image\/\",\"url\":\"https:\/\/thenordicsauna.com\/wp-content\/uploads\/2025\/04\/TheNordicSauna-logo-white.svg\",\"contentUrl\":\"https:\/\/thenordicsauna.com\/wp-content\/uploads\/2025\/04\/TheNordicSauna-logo-white.svg\",\"width\":203,\"height\":203,\"caption\":\"TheNordicSauna\"},\"image\":{\"@id\":\"https:\/\/thenordicsauna.com\/et\/#\/schema\/logo\/image\/\"},\"sameAs\":[\"https:\/\/www.facebook.com\/TheNordicSauna\/\",\"https:\/\/www.instagram.com\/thenordicsauna\"]}]}<\/script>\n<!-- \/ Yoast SEO plugin. -->","yoast_head_json":{"title":"Kerisekivid (80kg) | TheNordicSauna","description":"Kvaliteetsed looduslikud kivid saunaahjude jaoks. Vastupidavad, kuumakindlad ja sobivad suurep\u00e4raselt auru s\u00e4ilitamiseks ja \u00fchtlaseks eraldamiseks.","robots":{"index":"index","follow":"follow","max-snippet":"max-snippet:-1","max-image-preview":"max-image-preview:large","max-video-preview":"max-video-preview:-1"},"canonical":"https:\/\/thenordicsauna.com\/et\/e-pood\/kerisekivid-80kg\/","og_locale":"et_EE","og_type":"article","og_title":"Kerisekivid (80kg) | TheNordicSauna","og_description":"Kvaliteetsed looduslikud kivid saunaahjude jaoks. Vastupidavad, kuumakindlad ja sobivad suurep\u00e4raselt auru s\u00e4ilitamiseks ja \u00fchtlaseks eraldamiseks.","og_url":"https:\/\/thenordicsauna.com\/et\/e-pood\/kerisekivid-80kg\/","og_site_name":"TheNordicSauna","article_publisher":"https:\/\/www.facebook.com\/TheNordicSauna\/","article_modified_time":"2025-12-17T04:38:58+00:00","og_image":[{"width":2400,"height":1615,"url":"https:\/\/thenordicsauna.com\/wp-content\/uploads\/2025\/05\/Heater-Stones.jpg","type":"image\/jpeg"}],"twitter_card":"summary_large_image","schema":{"@context":"https:\/\/schema.org","@graph":[{"@type":"WebPage","@id":"https:\/\/thenordicsauna.com\/et\/e-pood\/kerisekivid-80kg\/","url":"https:\/\/thenordicsauna.com\/et\/e-pood\/kerisekivid-80kg\/","name":"Kerisekivid (80kg) | TheNordicSauna","isPartOf":{"@id":"https:\/\/thenordicsauna.com\/et\/#website"},"primaryImageOfPage":{"@id":"https:\/\/thenordicsauna.com\/et\/e-pood\/kerisekivid-80kg\/#primaryimage"},"image":{"@id":"https:\/\/thenordicsauna.com\/et\/e-pood\/kerisekivid-80kg\/#primaryimage"},"thumbnailUrl":"https:\/\/thenordicsauna.com\/wp-content\/uploads\/2025\/05\/Heater-Stones.jpg","datePublished":"2025-05-22T05:29:52+00:00","dateModified":"2025-12-17T04:38:58+00:00","description":"Kvaliteetsed looduslikud kivid saunaahjude jaoks. Vastupidavad, kuumakindlad ja sobivad suurep\u00e4raselt auru s\u00e4ilitamiseks ja \u00fchtlaseks eraldamiseks.","breadcrumb":{"@id":"https:\/\/thenordicsauna.com\/et\/e-pood\/kerisekivid-80kg\/#breadcrumb"},"inLanguage":"et","potentialAction":[{"@type":"ReadAction","target":["https:\/\/thenordicsauna.com\/et\/e-pood\/kerisekivid-80kg\/"]}]},{"@type":"ImageObject","inLanguage":"et","@id":"https:\/\/thenordicsauna.com\/et\/e-pood\/kerisekivid-80kg\/#primaryimage","url":"https:\/\/thenordicsauna.com\/wp-content\/uploads\/2025\/05\/Heater-Stones.jpg","contentUrl":"https:\/\/thenordicsauna.com\/wp-content\/uploads\/2025\/05\/Heater-Stones.jpg","width":2400,"height":1615,"caption":"K\u00fcttekivid"},{"@type":"BreadcrumbList","@id":"https:\/\/thenordicsauna.com\/et\/e-pood\/kerisekivid-80kg\/#breadcrumb","itemListElement":[{"@type":"ListItem","position":1,"name":"Home","item":"https:\/\/thenordicsauna.com\/et\/taiuslik-spaaelamus-sinu-koduoues\/"},{"@type":"ListItem","position":2,"name":"E-pood","item":"https:\/\/thenordicsauna.com\/shop\/"},{"@type":"ListItem","position":3,"name":"Saunade lisad","item":"https:\/\/thenordicsauna.com\/et\/tootekategooria\/saunade-lisad\/"},{"@type":"ListItem","position":4,"name":"Kerisekivid (80kg)"}]},{"@type":"WebSite","@id":"https:\/\/thenordicsauna.com\/et\/#website","url":"https:\/\/thenordicsauna.com\/et\/","name":"TheNordicSauna","description":"Ultimate Outdoor SPA experience","publisher":{"@id":"https:\/\/thenordicsauna.com\/et\/#organization"},"alternateName":"TNS","potentialAction":[{"@type":"SearchAction","target":{"@type":"EntryPoint","urlTemplate":"https:\/\/thenordicsauna.com\/et\/?s={search_term_string}"},"query-input":{"@type":"PropertyValueSpecification","valueRequired":true,"valueName":"search_term_string"}}],"inLanguage":"et"},{"@type":"Organization","@id":"https:\/\/thenordicsauna.com\/et\/#organization","name":"TheNordicSauna","alternateName":"TNS","url":"https:\/\/thenordicsauna.com\/et\/","logo":{"@type":"ImageObject","inLanguage":"et","@id":"https:\/\/thenordicsauna.com\/et\/#\/schema\/logo\/image\/","url":"https:\/\/thenordicsauna.com\/wp-content\/uploads\/2025\/04\/TheNordicSauna-logo-white.svg","contentUrl":"https:\/\/thenordicsauna.com\/wp-content\/uploads\/2025\/04\/TheNordicSauna-logo-white.svg","width":203,"height":203,"caption":"TheNordicSauna"},"image":{"@id":"https:\/\/thenordicsauna.com\/et\/#\/schema\/logo\/image\/"},"sameAs":["https:\/\/www.facebook.com\/TheNordicSauna\/","https:\/\/www.instagram.com\/thenordicsauna"]}]}},"_links":{"self":[{"href":"https:\/\/thenordicsauna.com\/et\/wp-json\/wp\/v2\/product\/7367","targetHints":{"allow":["GET"]}}],"collection":[{"href":"https:\/\/thenordicsauna.com\/et\/wp-json\/wp\/v2\/product"}],"about":[{"href":"https:\/\/thenordicsauna.com\/et\/wp-json\/wp\/v2\/types\/product"}],"version-history":[{"count":1,"href":"https:\/\/thenordicsauna.com\/et\/wp-json\/wp\/v2\/product\/7367\/revisions"}],"predecessor-version":[{"id":9509,"href":"https:\/\/thenordicsauna.com\/et\/wp-json\/wp\/v2\/product\/7367\/revisions\/9509"}],"wp:featuredmedia":[{"embeddable":true,"href":"https:\/\/thenordicsauna.com\/et\/wp-json\/wp\/v2\/media\/6306"}],"wp:attachment":[{"href":"https:\/\/thenordicsauna.com\/et\/wp-json\/wp\/v2\/media?parent=7367"}],"wp:term":[{"taxonomy":"product_brand","embeddable":true,"href":"https:\/\/thenordicsauna.com\/et\/wp-json\/wp\/v2\/product_brand?post=7367"},{"taxonomy":"product_cat","embeddable":true,"href":"https:\/\/thenordicsauna.com\/et\/wp-json\/wp\/v2\/product_cat?post=7367"},{"taxonomy":"product_tag","embeddable":true,"href":"https:\/\/thenordicsauna.com\/et\/wp-json\/wp\/v2\/product_tag?post=7367"}],"curies":[{"name":"wp","href":"https:\/\/api.w.org\/{rel}","templated":true}]}}