{"id":7369,"date":"2025-05-12T09:43:21","date_gmt":"2025-05-12T09:43:21","guid":{"rendered":"https:\/\/thenordicsauna.com\/shop\/swim-fun-filterballs-700-g\/"},"modified":"2026-02-04T07:22:31","modified_gmt":"2026-02-04T07:22:31","slug":"swim-fun-filterballs-700-g","status":"publish","type":"product","link":"https:\/\/thenordicsauna.com\/et\/e-pood\/swim-fun-filterballs-700-g\/","title":{"rendered":"Swim &amp; Fun Filterpallid 700 g"},"content":{"rendered":"<p><strong>Lihtne kasutada:<\/strong><\/p>\n<p>Filterballid on valmistatud patenteeritud pol\u00fcesterkiudude segust, millel on tihe s\u00fcdamik ja avatum v\u00e4limine kiht. T\u00e4nu sellele kohanduvad pallid iga filtri kujuga ja tagavad optimaalse tulemuse. Paigaldamiseks l\u00fclita pump v\u00e4lja, ava filtri korpus ja eemalda vana filtrit\u00e4idis. T\u00e4ida korpus lahtiselt filterpallidega &#8211; <strong>\u00e4rge suruge neid kokku!<\/strong> Sulge filtrikorpus korralikult ja kontrolli veekindlust.  <\/p>\n<p class=\"p1\"><b>Pestav ja kauakestev:  <\/b><\/p>\n<p class=\"p1\">Filterballid on pestavad ja taaskasutatavad 3\u20135 aastat. T\u00e4nu l\u00e4bipaistvale filtri kaanele on lihtne m\u00e4rgata, millal need vajavad puhastamist. Pane pallid pesuv\u00f5rku, <span class=\"s1\">pese k\u00fclmas vees ilma pesupulbrita<\/span> ning lase <span class=\"s1\">\u00f5hu k\u00e4es kuivada<\/span>. Seej\u00e4rel aseta need uuesti filtrisse.  <\/p>\n","protected":false},"excerpt":{"rendered":"<p>Filterballid on loodud kasutamiseks nii k\u00fcmblust\u00fcnnides, j\u00e4\u00e4vannides kui ka basseinides. Need moodustavad painduva filtrikihi, mis p\u00fc\u00fcab kinni vees h\u00f5ljuvad osakesed kuni 10 mikroni suuruseni (0,01 mm!) \u2013 oluliselt t\u00f5husam kui tavaline liiv, mis filtreerib vaid 40\u201350 mikroni osakesi. <\/p>\n<ul>\n<li>Puhas ja kristallselge vesi k\u00fcmblust\u00fcnnides, j\u00e4\u00e4vannides ja basseinides<\/li>\n<li>Filtreerib kuni 10 \u03bcm osakesed (liiv ainult 40\u201350 \u03bcm)<\/li>\n<li>700 g filterpalle asendab 25 kg filtriliiva<\/li>\n<li>Ei j\u00e4ta liivaj\u00e4\u00e4ke k\u00fcmblust\u00fcnni<\/li>\n<li>Hooldusvaba ja pestav (ei vaja seepi)<\/li>\n<li>Vastupidav \u2013 kestab 3\u20135 aastat<\/li>\n<\/ul>\n","protected":false},"featured_media":6272,"template":"","meta":{"_acf_changed":false},"product_brand":[],"product_cat":[98,99],"product_tag":[],"class_list":{"0":"post-7369","1":"product","2":"type-product","3":"status-publish","4":"has-post-thumbnail","6":"product_cat-veetootlus","7":"product_cat-kumblustunni-tarvikud","8":"product_shipping_class-keskmise-suurusega-esemed","10":"first","11":"outofstock","12":"taxable","13":"shipping-taxable","14":"purchasable","15":"product-type-simple"},"acf":[],"yoast_head":"<!-- This site is optimized with the Yoast SEO plugin v26.6 - https:\/\/yoast.com\/wordpress\/plugins\/seo\/ -->\n<title>Swim &amp; Fun Filterpallid 700 g | TheNordicSauna<\/title>\n<meta name=\"robots\" content=\"index, follow, max-snippet:-1, max-image-preview:large, max-video-preview:-1\" \/>\n<link rel=\"canonical\" href=\"https:\/\/thenordicsauna.com\/et\/e-pood\/swim-fun-filterballs-700-g\/\" \/>\n<meta property=\"og:locale\" content=\"et_EE\" \/>\n<meta property=\"og:type\" content=\"article\" \/>\n<meta property=\"og:title\" content=\"Swim &amp; Fun Filterpallid 700 g | TheNordicSauna\" \/>\n<meta property=\"og:description\" content=\"Filterballid on loodud kasutamiseks nii k\u00fcmblust\u00fcnnides, j\u00e4\u00e4vannides kui ka basseinides. Need moodustavad painduva filtrikihi, mis p\u00fc\u00fcab kinni vees h\u00f5ljuvad osakesed kuni 10 mikroni suuruseni (0,01 mm!) \u2013 oluliselt t\u00f5husam kui tavaline liiv, mis filtreerib vaid 40\u201350 mikroni osakesi.   Puhas ja kristallselge vesi k\u00fcmblust\u00fcnnides, j\u00e4\u00e4vannides ja basseinides  Filtreerib kuni 10 \u03bcm osakesed (liiv ainult 40\u201350 \u03bcm)  700 g filterpalle asendab 25 kg filtriliiva  Ei j\u00e4ta liivaj\u00e4\u00e4ke k\u00fcmblust\u00fcnni  Hooldusvaba ja pestav (ei vaja seepi)  Vastupidav \u2013 kestab 3\u20135 aastat\" \/>\n<meta property=\"og:url\" content=\"https:\/\/thenordicsauna.com\/et\/e-pood\/swim-fun-filterballs-700-g\/\" \/>\n<meta property=\"og:site_name\" content=\"TheNordicSauna\" \/>\n<meta property=\"article:publisher\" content=\"https:\/\/www.facebook.com\/TheNordicSauna\/\" \/>\n<meta property=\"article:modified_time\" content=\"2026-02-04T07:22:31+00:00\" \/>\n<meta property=\"og:image\" content=\"https:\/\/thenordicsauna.com\/wp-content\/uploads\/2025\/05\/1069-Swim-Fun-Filterballs-700g.jpg\" \/>\n\t<meta property=\"og:image:width\" content=\"839\" \/>\n\t<meta property=\"og:image:height\" content=\"838\" \/>\n\t<meta property=\"og:image:type\" content=\"image\/jpeg\" \/>\n<meta name=\"twitter:card\" content=\"summary_large_image\" \/>\n<meta name=\"twitter:label1\" content=\"Est. reading time\" \/>\n\t<meta name=\"twitter:data1\" content=\"1 minut\" \/>\n<script type=\"application\/ld+json\" class=\"yoast-schema-graph\">{\"@context\":\"https:\/\/schema.org\",\"@graph\":[{\"@type\":\"WebPage\",\"@id\":\"https:\/\/thenordicsauna.com\/et\/e-pood\/swim-fun-filterballs-700-g\/\",\"url\":\"https:\/\/thenordicsauna.com\/et\/e-pood\/swim-fun-filterballs-700-g\/\",\"name\":\"Swim &amp; Fun Filterpallid 700 g | TheNordicSauna\",\"isPartOf\":{\"@id\":\"https:\/\/thenordicsauna.com\/et\/#website\"},\"primaryImageOfPage\":{\"@id\":\"https:\/\/thenordicsauna.com\/et\/e-pood\/swim-fun-filterballs-700-g\/#primaryimage\"},\"image\":{\"@id\":\"https:\/\/thenordicsauna.com\/et\/e-pood\/swim-fun-filterballs-700-g\/#primaryimage\"},\"thumbnailUrl\":\"https:\/\/thenordicsauna.com\/wp-content\/uploads\/2025\/05\/1069-Swim-Fun-Filterballs-700g.jpg\",\"datePublished\":\"2025-05-12T09:43:21+00:00\",\"dateModified\":\"2026-02-04T07:22:31+00:00\",\"breadcrumb\":{\"@id\":\"https:\/\/thenordicsauna.com\/et\/e-pood\/swim-fun-filterballs-700-g\/#breadcrumb\"},\"inLanguage\":\"et\",\"potentialAction\":[{\"@type\":\"ReadAction\",\"target\":[\"https:\/\/thenordicsauna.com\/et\/e-pood\/swim-fun-filterballs-700-g\/\"]}]},{\"@type\":\"ImageObject\",\"inLanguage\":\"et\",\"@id\":\"https:\/\/thenordicsauna.com\/et\/e-pood\/swim-fun-filterballs-700-g\/#primaryimage\",\"url\":\"https:\/\/thenordicsauna.com\/wp-content\/uploads\/2025\/05\/1069-Swim-Fun-Filterballs-700g.jpg\",\"contentUrl\":\"https:\/\/thenordicsauna.com\/wp-content\/uploads\/2025\/05\/1069-Swim-Fun-Filterballs-700g.jpg\",\"width\":839,\"height\":838,\"caption\":\"1069 Swim & Fun Filterballs 700g\"},{\"@type\":\"BreadcrumbList\",\"@id\":\"https:\/\/thenordicsauna.com\/et\/e-pood\/swim-fun-filterballs-700-g\/#breadcrumb\",\"itemListElement\":[{\"@type\":\"ListItem\",\"position\":1,\"name\":\"Home\",\"item\":\"https:\/\/thenordicsauna.com\/et\/taiuslik-spaaelamus-sinu-koduoues\/\"},{\"@type\":\"ListItem\",\"position\":2,\"name\":\"E-pood\",\"item\":\"https:\/\/thenordicsauna.com\/shop\/\"},{\"@type\":\"ListItem\",\"position\":3,\"name\":\"K\u00fcmblust\u00fcnni tarvikud\",\"item\":\"https:\/\/thenordicsauna.com\/et\/tootekategooria\/kumblustunni-tarvikud\/\"},{\"@type\":\"ListItem\",\"position\":4,\"name\":\"Swim &amp; Fun Filterpallid 700 g\"}]},{\"@type\":\"WebSite\",\"@id\":\"https:\/\/thenordicsauna.com\/et\/#website\",\"url\":\"https:\/\/thenordicsauna.com\/et\/\",\"name\":\"TheNordicSauna\",\"description\":\"Ultimate Outdoor SPA experience\",\"publisher\":{\"@id\":\"https:\/\/thenordicsauna.com\/et\/#organization\"},\"alternateName\":\"TNS\",\"potentialAction\":[{\"@type\":\"SearchAction\",\"target\":{\"@type\":\"EntryPoint\",\"urlTemplate\":\"https:\/\/thenordicsauna.com\/et\/?s={search_term_string}\"},\"query-input\":{\"@type\":\"PropertyValueSpecification\",\"valueRequired\":true,\"valueName\":\"search_term_string\"}}],\"inLanguage\":\"et\"},{\"@type\":\"Organization\",\"@id\":\"https:\/\/thenordicsauna.com\/et\/#organization\",\"name\":\"TheNordicSauna\",\"alternateName\":\"TNS\",\"url\":\"https:\/\/thenordicsauna.com\/et\/\",\"logo\":{\"@type\":\"ImageObject\",\"inLanguage\":\"et\",\"@id\":\"https:\/\/thenordicsauna.com\/et\/#\/schema\/logo\/image\/\",\"url\":\"https:\/\/thenordicsauna.com\/wp-content\/uploads\/2025\/04\/TheNordicSauna-logo-white.svg\",\"contentUrl\":\"https:\/\/thenordicsauna.com\/wp-content\/uploads\/2025\/04\/TheNordicSauna-logo-white.svg\",\"width\":203,\"height\":203,\"caption\":\"TheNordicSauna\"},\"image\":{\"@id\":\"https:\/\/thenordicsauna.com\/et\/#\/schema\/logo\/image\/\"},\"sameAs\":[\"https:\/\/www.facebook.com\/TheNordicSauna\/\",\"https:\/\/www.instagram.com\/thenordicsauna\"]}]}<\/script>\n<!-- \/ Yoast SEO plugin. -->","yoast_head_json":{"title":"Swim &amp; Fun Filterpallid 700 g | TheNordicSauna","robots":{"index":"index","follow":"follow","max-snippet":"max-snippet:-1","max-image-preview":"max-image-preview:large","max-video-preview":"max-video-preview:-1"},"canonical":"https:\/\/thenordicsauna.com\/et\/e-pood\/swim-fun-filterballs-700-g\/","og_locale":"et_EE","og_type":"article","og_title":"Swim &amp; Fun Filterpallid 700 g | TheNordicSauna","og_description":"Filterballid on loodud kasutamiseks nii k\u00fcmblust\u00fcnnides, j\u00e4\u00e4vannides kui ka basseinides. Need moodustavad painduva filtrikihi, mis p\u00fc\u00fcab kinni vees h\u00f5ljuvad osakesed kuni 10 mikroni suuruseni (0,01 mm!) \u2013 oluliselt t\u00f5husam kui tavaline liiv, mis filtreerib vaid 40\u201350 mikroni osakesi.   Puhas ja kristallselge vesi k\u00fcmblust\u00fcnnides, j\u00e4\u00e4vannides ja basseinides  Filtreerib kuni 10 \u03bcm osakesed (liiv ainult 40\u201350 \u03bcm)  700 g filterpalle asendab 25 kg filtriliiva  Ei j\u00e4ta liivaj\u00e4\u00e4ke k\u00fcmblust\u00fcnni  Hooldusvaba ja pestav (ei vaja seepi)  Vastupidav \u2013 kestab 3\u20135 aastat","og_url":"https:\/\/thenordicsauna.com\/et\/e-pood\/swim-fun-filterballs-700-g\/","og_site_name":"TheNordicSauna","article_publisher":"https:\/\/www.facebook.com\/TheNordicSauna\/","article_modified_time":"2026-02-04T07:22:31+00:00","og_image":[{"width":839,"height":838,"url":"https:\/\/thenordicsauna.com\/wp-content\/uploads\/2025\/05\/1069-Swim-Fun-Filterballs-700g.jpg","type":"image\/jpeg"}],"twitter_card":"summary_large_image","twitter_misc":{"Est. reading time":"1 minut"},"schema":{"@context":"https:\/\/schema.org","@graph":[{"@type":"WebPage","@id":"https:\/\/thenordicsauna.com\/et\/e-pood\/swim-fun-filterballs-700-g\/","url":"https:\/\/thenordicsauna.com\/et\/e-pood\/swim-fun-filterballs-700-g\/","name":"Swim &amp; Fun Filterpallid 700 g | TheNordicSauna","isPartOf":{"@id":"https:\/\/thenordicsauna.com\/et\/#website"},"primaryImageOfPage":{"@id":"https:\/\/thenordicsauna.com\/et\/e-pood\/swim-fun-filterballs-700-g\/#primaryimage"},"image":{"@id":"https:\/\/thenordicsauna.com\/et\/e-pood\/swim-fun-filterballs-700-g\/#primaryimage"},"thumbnailUrl":"https:\/\/thenordicsauna.com\/wp-content\/uploads\/2025\/05\/1069-Swim-Fun-Filterballs-700g.jpg","datePublished":"2025-05-12T09:43:21+00:00","dateModified":"2026-02-04T07:22:31+00:00","breadcrumb":{"@id":"https:\/\/thenordicsauna.com\/et\/e-pood\/swim-fun-filterballs-700-g\/#breadcrumb"},"inLanguage":"et","potentialAction":[{"@type":"ReadAction","target":["https:\/\/thenordicsauna.com\/et\/e-pood\/swim-fun-filterballs-700-g\/"]}]},{"@type":"ImageObject","inLanguage":"et","@id":"https:\/\/thenordicsauna.com\/et\/e-pood\/swim-fun-filterballs-700-g\/#primaryimage","url":"https:\/\/thenordicsauna.com\/wp-content\/uploads\/2025\/05\/1069-Swim-Fun-Filterballs-700g.jpg","contentUrl":"https:\/\/thenordicsauna.com\/wp-content\/uploads\/2025\/05\/1069-Swim-Fun-Filterballs-700g.jpg","width":839,"height":838,"caption":"1069 Swim & Fun Filterballs 700g"},{"@type":"BreadcrumbList","@id":"https:\/\/thenordicsauna.com\/et\/e-pood\/swim-fun-filterballs-700-g\/#breadcrumb","itemListElement":[{"@type":"ListItem","position":1,"name":"Home","item":"https:\/\/thenordicsauna.com\/et\/taiuslik-spaaelamus-sinu-koduoues\/"},{"@type":"ListItem","position":2,"name":"E-pood","item":"https:\/\/thenordicsauna.com\/shop\/"},{"@type":"ListItem","position":3,"name":"K\u00fcmblust\u00fcnni tarvikud","item":"https:\/\/thenordicsauna.com\/et\/tootekategooria\/kumblustunni-tarvikud\/"},{"@type":"ListItem","position":4,"name":"Swim &amp; Fun Filterpallid 700 g"}]},{"@type":"WebSite","@id":"https:\/\/thenordicsauna.com\/et\/#website","url":"https:\/\/thenordicsauna.com\/et\/","name":"TheNordicSauna","description":"Ultimate Outdoor SPA experience","publisher":{"@id":"https:\/\/thenordicsauna.com\/et\/#organization"},"alternateName":"TNS","potentialAction":[{"@type":"SearchAction","target":{"@type":"EntryPoint","urlTemplate":"https:\/\/thenordicsauna.com\/et\/?s={search_term_string}"},"query-input":{"@type":"PropertyValueSpecification","valueRequired":true,"valueName":"search_term_string"}}],"inLanguage":"et"},{"@type":"Organization","@id":"https:\/\/thenordicsauna.com\/et\/#organization","name":"TheNordicSauna","alternateName":"TNS","url":"https:\/\/thenordicsauna.com\/et\/","logo":{"@type":"ImageObject","inLanguage":"et","@id":"https:\/\/thenordicsauna.com\/et\/#\/schema\/logo\/image\/","url":"https:\/\/thenordicsauna.com\/wp-content\/uploads\/2025\/04\/TheNordicSauna-logo-white.svg","contentUrl":"https:\/\/thenordicsauna.com\/wp-content\/uploads\/2025\/04\/TheNordicSauna-logo-white.svg","width":203,"height":203,"caption":"TheNordicSauna"},"image":{"@id":"https:\/\/thenordicsauna.com\/et\/#\/schema\/logo\/image\/"},"sameAs":["https:\/\/www.facebook.com\/TheNordicSauna\/","https:\/\/www.instagram.com\/thenordicsauna"]}]}},"_links":{"self":[{"href":"https:\/\/thenordicsauna.com\/et\/wp-json\/wp\/v2\/product\/7369","targetHints":{"allow":["GET"]}}],"collection":[{"href":"https:\/\/thenordicsauna.com\/et\/wp-json\/wp\/v2\/product"}],"about":[{"href":"https:\/\/thenordicsauna.com\/et\/wp-json\/wp\/v2\/types\/product"}],"version-history":[{"count":1,"href":"https:\/\/thenordicsauna.com\/et\/wp-json\/wp\/v2\/product\/7369\/revisions"}],"predecessor-version":[{"id":7370,"href":"https:\/\/thenordicsauna.com\/et\/wp-json\/wp\/v2\/product\/7369\/revisions\/7370"}],"wp:featuredmedia":[{"embeddable":true,"href":"https:\/\/thenordicsauna.com\/et\/wp-json\/wp\/v2\/media\/6272"}],"wp:attachment":[{"href":"https:\/\/thenordicsauna.com\/et\/wp-json\/wp\/v2\/media?parent=7369"}],"wp:term":[{"taxonomy":"product_brand","embeddable":true,"href":"https:\/\/thenordicsauna.com\/et\/wp-json\/wp\/v2\/product_brand?post=7369"},{"taxonomy":"product_cat","embeddable":true,"href":"https:\/\/thenordicsauna.com\/et\/wp-json\/wp\/v2\/product_cat?post=7369"},{"taxonomy":"product_tag","embeddable":true,"href":"https:\/\/thenordicsauna.com\/et\/wp-json\/wp\/v2\/product_tag?post=7369"}],"curies":[{"name":"wp","href":"https:\/\/api.w.org\/{rel}","templated":true}]}}