{"id":7384,"date":"2025-04-26T00:47:07","date_gmt":"2025-04-26T00:47:07","guid":{"rendered":"https:\/\/thenordicsauna.com\/shop\/kloordioksiidi-tabletid\/"},"modified":"2026-04-01T10:15:52","modified_gmt":"2026-04-01T10:15:52","slug":"kloordioksiidi-tabletid","status":"publish","type":"product","link":"https:\/\/thenordicsauna.com\/et\/e-pood\/kloordioksiidi-tabletid\/","title":{"rendered":"Kloordioksiidi tabletid 12pcs"},"content":{"rendered":"","protected":false},"excerpt":{"rendered":"<ul>\n<li>Ennetab biofilmi teket \u2013 p\u00e4rsib bakterite kasvu ja hoiab vees\u00fcsteemi puhtana.<\/li>\n<li>S\u00f5bralik tundlikule nahale \u2013 oluliselt v\u00e4hem \u00e4rritav kui traditsiooniline kloor.<\/li>\n<li>V\u00e4hem l\u00f5hna \u2013 ei teki tugevat klooril\u00f5hna.<\/li>\n<li>Lihtne doseerida \u2013 1 tablett n\u00e4dalas 1350L vee kohta hoiab vee kirkana<\/li>\n<li>J\u00e4tkub kauaks \u2013 12 tabletti katab kuni 12 n\u00e4dalat hooldust.<\/li>\n<li>NB! Ei ole tavaline kloor \u2013 kuigi nimi on sarnane, on tegu t\u00e4iesti teistsuguse \u00fchendiga, mis on laialt levinud ka joogivee desifintseerimisel ja mahep\u00f5llumajanduses.<\/li>\n<li>Pakend &#8211; sisaldab 12 \u00d7 20 g tabletti, mis katab kuni 12 n\u00e4dalat hooldust<\/li>\n<\/ul>\n","protected":false},"featured_media":6174,"template":"","meta":{"_acf_changed":false},"product_brand":[],"product_cat":[98,104],"product_tag":[],"class_list":{"0":"post-7384","1":"product","2":"type-product","3":"status-publish","4":"has-post-thumbnail","6":"product_cat-veetootlus","7":"product_cat-nordicsix-lisad","8":"product_shipping_class-vaikesed-esemed","10":"first","11":"instock","12":"taxable","13":"shipping-taxable","14":"purchasable","15":"product-type-simple"},"acf":[],"yoast_head":"<!-- This site is optimized with the Yoast SEO plugin v26.6 - https:\/\/yoast.com\/wordpress\/plugins\/seo\/ -->\n<title>Kloordioksiidi tabletid 12pcs | TheNordicSauna<\/title>\n<meta name=\"description\" content=\"Klooridioksiidi tabletid biofilmi ennetamiseks ja veehoolduseks. Nahas\u00f5bralik, l\u00f5hnatu, 12 n\u00e4dalat puhast vett vaid \u00fche tabletiga n\u00e4dalas.\" \/>\n<meta name=\"robots\" content=\"index, follow, max-snippet:-1, max-image-preview:large, max-video-preview:-1\" \/>\n<link rel=\"canonical\" href=\"https:\/\/thenordicsauna.com\/et\/e-pood\/kloordioksiidi-tabletid\/\" \/>\n<meta property=\"og:locale\" content=\"et_EE\" \/>\n<meta property=\"og:type\" content=\"article\" \/>\n<meta property=\"og:title\" content=\"Kloordioksiidi tabletid 12pcs | TheNordicSauna\" \/>\n<meta property=\"og:description\" content=\"Klooridioksiidi tabletid biofilmi ennetamiseks ja veehoolduseks. Nahas\u00f5bralik, l\u00f5hnatu, 12 n\u00e4dalat puhast vett vaid \u00fche tabletiga n\u00e4dalas.\" \/>\n<meta property=\"og:url\" content=\"https:\/\/thenordicsauna.com\/et\/e-pood\/kloordioksiidi-tabletid\/\" \/>\n<meta property=\"og:site_name\" content=\"TheNordicSauna\" \/>\n<meta property=\"article:publisher\" content=\"https:\/\/www.facebook.com\/TheNordicSauna\/\" \/>\n<meta property=\"article:modified_time\" content=\"2026-04-01T10:15:52+00:00\" \/>\n<meta property=\"og:image\" content=\"https:\/\/thenordicsauna.com\/wp-content\/uploads\/2025\/04\/dioxidetablets-e1730986848525.jpeg\" \/>\n\t<meta property=\"og:image:width\" content=\"800\" \/>\n\t<meta property=\"og:image:height\" content=\"530\" \/>\n\t<meta property=\"og:image:type\" content=\"image\/jpeg\" \/>\n<meta name=\"twitter:card\" content=\"summary_large_image\" \/>\n<script type=\"application\/ld+json\" class=\"yoast-schema-graph\">{\"@context\":\"https:\/\/schema.org\",\"@graph\":[{\"@type\":\"WebPage\",\"@id\":\"https:\/\/thenordicsauna.com\/et\/e-pood\/kloordioksiidi-tabletid\/\",\"url\":\"https:\/\/thenordicsauna.com\/et\/e-pood\/kloordioksiidi-tabletid\/\",\"name\":\"Kloordioksiidi tabletid 12pcs | TheNordicSauna\",\"isPartOf\":{\"@id\":\"https:\/\/thenordicsauna.com\/et\/#website\"},\"primaryImageOfPage\":{\"@id\":\"https:\/\/thenordicsauna.com\/et\/e-pood\/kloordioksiidi-tabletid\/#primaryimage\"},\"image\":{\"@id\":\"https:\/\/thenordicsauna.com\/et\/e-pood\/kloordioksiidi-tabletid\/#primaryimage\"},\"thumbnailUrl\":\"https:\/\/thenordicsauna.com\/wp-content\/uploads\/2025\/04\/dioxidetablets-e1730986848525.jpeg\",\"datePublished\":\"2025-04-26T00:47:07+00:00\",\"dateModified\":\"2026-04-01T10:15:52+00:00\",\"description\":\"Klooridioksiidi tabletid biofilmi ennetamiseks ja veehoolduseks. Nahas\u00f5bralik, l\u00f5hnatu, 12 n\u00e4dalat puhast vett vaid \u00fche tabletiga n\u00e4dalas.\",\"breadcrumb\":{\"@id\":\"https:\/\/thenordicsauna.com\/et\/e-pood\/kloordioksiidi-tabletid\/#breadcrumb\"},\"inLanguage\":\"et\",\"potentialAction\":[{\"@type\":\"ReadAction\",\"target\":[\"https:\/\/thenordicsauna.com\/et\/e-pood\/kloordioksiidi-tabletid\/\"]}]},{\"@type\":\"ImageObject\",\"inLanguage\":\"et\",\"@id\":\"https:\/\/thenordicsauna.com\/et\/e-pood\/kloordioksiidi-tabletid\/#primaryimage\",\"url\":\"https:\/\/thenordicsauna.com\/wp-content\/uploads\/2025\/04\/dioxidetablets-e1730986848525.jpeg\",\"contentUrl\":\"https:\/\/thenordicsauna.com\/wp-content\/uploads\/2025\/04\/dioxidetablets-e1730986848525.jpeg\",\"width\":800,\"height\":530,\"caption\":\"Kloordioksiidi tabletid 12pcs\"},{\"@type\":\"BreadcrumbList\",\"@id\":\"https:\/\/thenordicsauna.com\/et\/e-pood\/kloordioksiidi-tabletid\/#breadcrumb\",\"itemListElement\":[{\"@type\":\"ListItem\",\"position\":1,\"name\":\"Home\",\"item\":\"https:\/\/thenordicsauna.com\/et\/taiuslik-spaaelamus-sinu-koduoues\/\"},{\"@type\":\"ListItem\",\"position\":2,\"name\":\"E-pood\",\"item\":\"https:\/\/thenordicsauna.com\/shop\/\"},{\"@type\":\"ListItem\",\"position\":3,\"name\":\"K\u00fcte\/jahutus, filtreerimine\",\"item\":\"https:\/\/thenordicsauna.com\/et\/tootekategooria\/veetootlus\/\"},{\"@type\":\"ListItem\",\"position\":4,\"name\":\"Kloordioksiidi tabletid 12pcs\"}]},{\"@type\":\"WebSite\",\"@id\":\"https:\/\/thenordicsauna.com\/et\/#website\",\"url\":\"https:\/\/thenordicsauna.com\/et\/\",\"name\":\"TheNordicSauna\",\"description\":\"Ultimate Outdoor SPA experience\",\"publisher\":{\"@id\":\"https:\/\/thenordicsauna.com\/et\/#organization\"},\"alternateName\":\"TNS\",\"potentialAction\":[{\"@type\":\"SearchAction\",\"target\":{\"@type\":\"EntryPoint\",\"urlTemplate\":\"https:\/\/thenordicsauna.com\/et\/?s={search_term_string}\"},\"query-input\":{\"@type\":\"PropertyValueSpecification\",\"valueRequired\":true,\"valueName\":\"search_term_string\"}}],\"inLanguage\":\"et\"},{\"@type\":\"Organization\",\"@id\":\"https:\/\/thenordicsauna.com\/et\/#organization\",\"name\":\"TheNordicSauna\",\"alternateName\":\"TNS\",\"url\":\"https:\/\/thenordicsauna.com\/et\/\",\"logo\":{\"@type\":\"ImageObject\",\"inLanguage\":\"et\",\"@id\":\"https:\/\/thenordicsauna.com\/et\/#\/schema\/logo\/image\/\",\"url\":\"https:\/\/thenordicsauna.com\/wp-content\/uploads\/2025\/04\/TheNordicSauna-logo-white.svg\",\"contentUrl\":\"https:\/\/thenordicsauna.com\/wp-content\/uploads\/2025\/04\/TheNordicSauna-logo-white.svg\",\"width\":203,\"height\":203,\"caption\":\"TheNordicSauna\"},\"image\":{\"@id\":\"https:\/\/thenordicsauna.com\/et\/#\/schema\/logo\/image\/\"},\"sameAs\":[\"https:\/\/www.facebook.com\/TheNordicSauna\/\",\"https:\/\/www.instagram.com\/thenordicsauna\"]}]}<\/script>\n<!-- \/ Yoast SEO plugin. -->","yoast_head_json":{"title":"Kloordioksiidi tabletid 12pcs | TheNordicSauna","description":"Klooridioksiidi tabletid biofilmi ennetamiseks ja veehoolduseks. Nahas\u00f5bralik, l\u00f5hnatu, 12 n\u00e4dalat puhast vett vaid \u00fche tabletiga n\u00e4dalas.","robots":{"index":"index","follow":"follow","max-snippet":"max-snippet:-1","max-image-preview":"max-image-preview:large","max-video-preview":"max-video-preview:-1"},"canonical":"https:\/\/thenordicsauna.com\/et\/e-pood\/kloordioksiidi-tabletid\/","og_locale":"et_EE","og_type":"article","og_title":"Kloordioksiidi tabletid 12pcs | TheNordicSauna","og_description":"Klooridioksiidi tabletid biofilmi ennetamiseks ja veehoolduseks. Nahas\u00f5bralik, l\u00f5hnatu, 12 n\u00e4dalat puhast vett vaid \u00fche tabletiga n\u00e4dalas.","og_url":"https:\/\/thenordicsauna.com\/et\/e-pood\/kloordioksiidi-tabletid\/","og_site_name":"TheNordicSauna","article_publisher":"https:\/\/www.facebook.com\/TheNordicSauna\/","article_modified_time":"2026-04-01T10:15:52+00:00","og_image":[{"width":800,"height":530,"url":"https:\/\/thenordicsauna.com\/wp-content\/uploads\/2025\/04\/dioxidetablets-e1730986848525.jpeg","type":"image\/jpeg"}],"twitter_card":"summary_large_image","schema":{"@context":"https:\/\/schema.org","@graph":[{"@type":"WebPage","@id":"https:\/\/thenordicsauna.com\/et\/e-pood\/kloordioksiidi-tabletid\/","url":"https:\/\/thenordicsauna.com\/et\/e-pood\/kloordioksiidi-tabletid\/","name":"Kloordioksiidi tabletid 12pcs | TheNordicSauna","isPartOf":{"@id":"https:\/\/thenordicsauna.com\/et\/#website"},"primaryImageOfPage":{"@id":"https:\/\/thenordicsauna.com\/et\/e-pood\/kloordioksiidi-tabletid\/#primaryimage"},"image":{"@id":"https:\/\/thenordicsauna.com\/et\/e-pood\/kloordioksiidi-tabletid\/#primaryimage"},"thumbnailUrl":"https:\/\/thenordicsauna.com\/wp-content\/uploads\/2025\/04\/dioxidetablets-e1730986848525.jpeg","datePublished":"2025-04-26T00:47:07+00:00","dateModified":"2026-04-01T10:15:52+00:00","description":"Klooridioksiidi tabletid biofilmi ennetamiseks ja veehoolduseks. Nahas\u00f5bralik, l\u00f5hnatu, 12 n\u00e4dalat puhast vett vaid \u00fche tabletiga n\u00e4dalas.","breadcrumb":{"@id":"https:\/\/thenordicsauna.com\/et\/e-pood\/kloordioksiidi-tabletid\/#breadcrumb"},"inLanguage":"et","potentialAction":[{"@type":"ReadAction","target":["https:\/\/thenordicsauna.com\/et\/e-pood\/kloordioksiidi-tabletid\/"]}]},{"@type":"ImageObject","inLanguage":"et","@id":"https:\/\/thenordicsauna.com\/et\/e-pood\/kloordioksiidi-tabletid\/#primaryimage","url":"https:\/\/thenordicsauna.com\/wp-content\/uploads\/2025\/04\/dioxidetablets-e1730986848525.jpeg","contentUrl":"https:\/\/thenordicsauna.com\/wp-content\/uploads\/2025\/04\/dioxidetablets-e1730986848525.jpeg","width":800,"height":530,"caption":"Kloordioksiidi tabletid 12pcs"},{"@type":"BreadcrumbList","@id":"https:\/\/thenordicsauna.com\/et\/e-pood\/kloordioksiidi-tabletid\/#breadcrumb","itemListElement":[{"@type":"ListItem","position":1,"name":"Home","item":"https:\/\/thenordicsauna.com\/et\/taiuslik-spaaelamus-sinu-koduoues\/"},{"@type":"ListItem","position":2,"name":"E-pood","item":"https:\/\/thenordicsauna.com\/shop\/"},{"@type":"ListItem","position":3,"name":"K\u00fcte\/jahutus, filtreerimine","item":"https:\/\/thenordicsauna.com\/et\/tootekategooria\/veetootlus\/"},{"@type":"ListItem","position":4,"name":"Kloordioksiidi tabletid 12pcs"}]},{"@type":"WebSite","@id":"https:\/\/thenordicsauna.com\/et\/#website","url":"https:\/\/thenordicsauna.com\/et\/","name":"TheNordicSauna","description":"Ultimate Outdoor SPA experience","publisher":{"@id":"https:\/\/thenordicsauna.com\/et\/#organization"},"alternateName":"TNS","potentialAction":[{"@type":"SearchAction","target":{"@type":"EntryPoint","urlTemplate":"https:\/\/thenordicsauna.com\/et\/?s={search_term_string}"},"query-input":{"@type":"PropertyValueSpecification","valueRequired":true,"valueName":"search_term_string"}}],"inLanguage":"et"},{"@type":"Organization","@id":"https:\/\/thenordicsauna.com\/et\/#organization","name":"TheNordicSauna","alternateName":"TNS","url":"https:\/\/thenordicsauna.com\/et\/","logo":{"@type":"ImageObject","inLanguage":"et","@id":"https:\/\/thenordicsauna.com\/et\/#\/schema\/logo\/image\/","url":"https:\/\/thenordicsauna.com\/wp-content\/uploads\/2025\/04\/TheNordicSauna-logo-white.svg","contentUrl":"https:\/\/thenordicsauna.com\/wp-content\/uploads\/2025\/04\/TheNordicSauna-logo-white.svg","width":203,"height":203,"caption":"TheNordicSauna"},"image":{"@id":"https:\/\/thenordicsauna.com\/et\/#\/schema\/logo\/image\/"},"sameAs":["https:\/\/www.facebook.com\/TheNordicSauna\/","https:\/\/www.instagram.com\/thenordicsauna"]}]}},"_links":{"self":[{"href":"https:\/\/thenordicsauna.com\/et\/wp-json\/wp\/v2\/product\/7384","targetHints":{"allow":["GET"]}}],"collection":[{"href":"https:\/\/thenordicsauna.com\/et\/wp-json\/wp\/v2\/product"}],"about":[{"href":"https:\/\/thenordicsauna.com\/et\/wp-json\/wp\/v2\/types\/product"}],"version-history":[{"count":2,"href":"https:\/\/thenordicsauna.com\/et\/wp-json\/wp\/v2\/product\/7384\/revisions"}],"predecessor-version":[{"id":8912,"href":"https:\/\/thenordicsauna.com\/et\/wp-json\/wp\/v2\/product\/7384\/revisions\/8912"}],"wp:featuredmedia":[{"embeddable":true,"href":"https:\/\/thenordicsauna.com\/et\/wp-json\/wp\/v2\/media\/6174"}],"wp:attachment":[{"href":"https:\/\/thenordicsauna.com\/et\/wp-json\/wp\/v2\/media?parent=7384"}],"wp:term":[{"taxonomy":"product_brand","embeddable":true,"href":"https:\/\/thenordicsauna.com\/et\/wp-json\/wp\/v2\/product_brand?post=7384"},{"taxonomy":"product_cat","embeddable":true,"href":"https:\/\/thenordicsauna.com\/et\/wp-json\/wp\/v2\/product_cat?post=7384"},{"taxonomy":"product_tag","embeddable":true,"href":"https:\/\/thenordicsauna.com\/et\/wp-json\/wp\/v2\/product_tag?post=7384"}],"curies":[{"name":"wp","href":"https:\/\/api.w.org\/{rel}","templated":true}]}}