{"id":7394,"date":"2025-04-26T00:47:07","date_gmt":"2025-04-26T00:47:07","guid":{"rendered":"https:\/\/thenordicsauna.com\/shop\/mullisusteem-nordicsix-kumblustunnile\/"},"modified":"2025-08-25T20:38:40","modified_gmt":"2025-08-25T20:38:40","slug":"mullisusteem-nordicsix-kumblustunnile","status":"publish","type":"product","link":"https:\/\/thenordicsauna.com\/et\/e-pood\/mullisusteem-nordicsix-kumblustunnile\/","title":{"rendered":"Mullis\u00fcsteem NordicSix k\u00fcmblust\u00fcnnile"},"content":{"rendered":"","protected":false},"excerpt":{"rendered":"<p>Mullis\u00fcsteem lisab k\u00fcmblust\u00fcnnile l\u00f5\u00f5gastava mullimassaa\u017ei funktsiooni \u2013 ideaalne viis l\u00f5\u00f5gastuda p\u00e4rast pikka p\u00e4eva.<\/p>\n<ul>\n<li>Mullis\u00fcsteem sisaldab 8 \u00f5hud\u00fc\u00fcsi, millest iga\u00fcks jaguneb neljaks avaks, tagades \u00fchtlase massaa\u017eiefekti kogu t\u00fcnni ulatuses.<\/li>\n<li>Integreeritud \u00f5hupump on paigaldatud t\u00fcnni konstruktsiooni sisse, s\u00e4ilitades ilusa ja kompaktse disaini.<\/li>\n<li>Vastupidavad ja talvekindlad materjalid tagavad t\u00f6\u00f6kindluse ka k\u00fclmades tingimustes.<\/li>\n<li>Lisaks l\u00f5\u00f5gastavale efektile aitab mullis\u00fcsteem k\u00fctmise ajal vett segada, kiirendades vee \u00fchtlast soojenemist \u2013 ilma et peaks m\u00f5la kasutama.<\/li>\n<li>Mullis\u00fcsteemi kuldreegel: Nagu ka tubastes mullivannides, tuleb p\u00e4rast vee t\u00fchjendamist lasta mullis\u00fcsteemil t\u00f6\u00f6tada 10\u201320 sekundit t\u00fchjalt, kuni d\u00fc\u00fcsidest enam vett ei tule. See aitab v\u00e4ltida bakterite kogunemist d\u00fc\u00fcsidesse ning hoiab \u00e4ra j\u00e4\u00e4kahjustused. \u00d5ige kasutuse korral teenib see s\u00fcsteem sind kaua ja usaldusv\u00e4\u00e4rselt.  <\/li>\n<li>\n<p class=\"p1\"><strong>Seda lisatarvikut m\u00fc\u00fcakse ainult koos k\u00fcmblust\u00fcnni ostuga.<\/strong><\/p>\n<\/li>\n<\/ul>\n","protected":false},"featured_media":6184,"template":"","meta":{"_acf_changed":false},"product_brand":[],"product_cat":[104],"product_tag":[],"class_list":{"0":"post-7394","1":"product","2":"type-product","3":"status-publish","4":"has-post-thumbnail","6":"product_cat-nordicsix-lisad","8":"first","9":"instock","10":"purchasable","11":"product-type-simple"},"acf":[],"yoast_head":"<!-- This site is optimized with the Yoast SEO plugin v26.6 - https:\/\/yoast.com\/wordpress\/plugins\/seo\/ -->\n<title>Mullis\u00fcsteem NordicSix k\u00fcmblust\u00fcnnile | TheNordicSauna<\/title>\n<meta name=\"description\" content=\"Mullis\u00fcsteem pakub NordicSix k\u00fcmblust\u00fcnnile rahustavat massaa\u017ei, kiirendab vee soojenemist ja t\u00f6\u00f6tab ka talvel. Ideaalne lisavarustus l\u00f5\u00f5gastumiseks.\" \/>\n<meta name=\"robots\" content=\"index, follow, max-snippet:-1, max-image-preview:large, max-video-preview:-1\" \/>\n<link rel=\"canonical\" href=\"https:\/\/thenordicsauna.com\/et\/e-pood\/mullisusteem-nordicsix-kumblustunnile\/\" \/>\n<meta property=\"og:locale\" content=\"et_EE\" \/>\n<meta property=\"og:type\" content=\"article\" \/>\n<meta property=\"og:title\" content=\"Mullis\u00fcsteem NordicSix k\u00fcmblust\u00fcnnile | TheNordicSauna\" \/>\n<meta property=\"og:description\" content=\"Mullis\u00fcsteem pakub NordicSix k\u00fcmblust\u00fcnnile rahustavat massaa\u017ei, kiirendab vee soojenemist ja t\u00f6\u00f6tab ka talvel. Ideaalne lisavarustus l\u00f5\u00f5gastumiseks.\" \/>\n<meta property=\"og:url\" content=\"https:\/\/thenordicsauna.com\/et\/e-pood\/mullisusteem-nordicsix-kumblustunnile\/\" \/>\n<meta property=\"og:site_name\" content=\"TheNordicSauna\" \/>\n<meta property=\"article:publisher\" content=\"https:\/\/www.facebook.com\/TheNordicSauna\/\" \/>\n<meta property=\"article:modified_time\" content=\"2025-08-25T20:38:40+00:00\" \/>\n<meta property=\"og:image\" content=\"https:\/\/thenordicsauna.com\/wp-content\/uploads\/2025\/04\/Lisa-3-mullisusteem-e1730994632279.jpg\" \/>\n\t<meta property=\"og:image:width\" content=\"800\" \/>\n\t<meta property=\"og:image:height\" content=\"450\" \/>\n\t<meta property=\"og:image:type\" content=\"image\/jpeg\" \/>\n<meta name=\"twitter:card\" content=\"summary_large_image\" \/>\n<script type=\"application\/ld+json\" class=\"yoast-schema-graph\">{\"@context\":\"https:\/\/schema.org\",\"@graph\":[{\"@type\":\"WebPage\",\"@id\":\"https:\/\/thenordicsauna.com\/et\/e-pood\/mullisusteem-nordicsix-kumblustunnile\/\",\"url\":\"https:\/\/thenordicsauna.com\/et\/e-pood\/mullisusteem-nordicsix-kumblustunnile\/\",\"name\":\"Mullis\u00fcsteem NordicSix k\u00fcmblust\u00fcnnile | TheNordicSauna\",\"isPartOf\":{\"@id\":\"https:\/\/thenordicsauna.com\/et\/#website\"},\"primaryImageOfPage\":{\"@id\":\"https:\/\/thenordicsauna.com\/et\/e-pood\/mullisusteem-nordicsix-kumblustunnile\/#primaryimage\"},\"image\":{\"@id\":\"https:\/\/thenordicsauna.com\/et\/e-pood\/mullisusteem-nordicsix-kumblustunnile\/#primaryimage\"},\"thumbnailUrl\":\"https:\/\/thenordicsauna.com\/wp-content\/uploads\/2025\/04\/Lisa-3-mullisusteem-e1730994632279.jpg\",\"datePublished\":\"2025-04-26T00:47:07+00:00\",\"dateModified\":\"2025-08-25T20:38:40+00:00\",\"description\":\"Mullis\u00fcsteem pakub NordicSix k\u00fcmblust\u00fcnnile rahustavat massaa\u017ei, kiirendab vee soojenemist ja t\u00f6\u00f6tab ka talvel. Ideaalne lisavarustus l\u00f5\u00f5gastumiseks.\",\"breadcrumb\":{\"@id\":\"https:\/\/thenordicsauna.com\/et\/e-pood\/mullisusteem-nordicsix-kumblustunnile\/#breadcrumb\"},\"inLanguage\":\"et\",\"potentialAction\":[{\"@type\":\"ReadAction\",\"target\":[\"https:\/\/thenordicsauna.com\/et\/e-pood\/mullisusteem-nordicsix-kumblustunnile\/\"]}]},{\"@type\":\"ImageObject\",\"inLanguage\":\"et\",\"@id\":\"https:\/\/thenordicsauna.com\/et\/e-pood\/mullisusteem-nordicsix-kumblustunnile\/#primaryimage\",\"url\":\"https:\/\/thenordicsauna.com\/wp-content\/uploads\/2025\/04\/Lisa-3-mullisusteem-e1730994632279.jpg\",\"contentUrl\":\"https:\/\/thenordicsauna.com\/wp-content\/uploads\/2025\/04\/Lisa-3-mullisusteem-e1730994632279.jpg\",\"width\":800,\"height\":450,\"caption\":\"NordicSix Extra bubble system\"},{\"@type\":\"BreadcrumbList\",\"@id\":\"https:\/\/thenordicsauna.com\/et\/e-pood\/mullisusteem-nordicsix-kumblustunnile\/#breadcrumb\",\"itemListElement\":[{\"@type\":\"ListItem\",\"position\":1,\"name\":\"Home\",\"item\":\"https:\/\/thenordicsauna.com\/et\/taiuslik-spaaelamus-sinu-koduoues\/\"},{\"@type\":\"ListItem\",\"position\":2,\"name\":\"E-pood\",\"item\":\"https:\/\/thenordicsauna.com\/shop\/\"},{\"@type\":\"ListItem\",\"position\":3,\"name\":\"NordicSix lisad\",\"item\":\"https:\/\/thenordicsauna.com\/et\/tootekategooria\/nordicsix-lisad\/\"},{\"@type\":\"ListItem\",\"position\":4,\"name\":\"Mullis\u00fcsteem NordicSix k\u00fcmblust\u00fcnnile\"}]},{\"@type\":\"WebSite\",\"@id\":\"https:\/\/thenordicsauna.com\/et\/#website\",\"url\":\"https:\/\/thenordicsauna.com\/et\/\",\"name\":\"TheNordicSauna\",\"description\":\"Ultimate Outdoor SPA experience\",\"publisher\":{\"@id\":\"https:\/\/thenordicsauna.com\/et\/#organization\"},\"alternateName\":\"TNS\",\"potentialAction\":[{\"@type\":\"SearchAction\",\"target\":{\"@type\":\"EntryPoint\",\"urlTemplate\":\"https:\/\/thenordicsauna.com\/et\/?s={search_term_string}\"},\"query-input\":{\"@type\":\"PropertyValueSpecification\",\"valueRequired\":true,\"valueName\":\"search_term_string\"}}],\"inLanguage\":\"et\"},{\"@type\":\"Organization\",\"@id\":\"https:\/\/thenordicsauna.com\/et\/#organization\",\"name\":\"TheNordicSauna\",\"alternateName\":\"TNS\",\"url\":\"https:\/\/thenordicsauna.com\/et\/\",\"logo\":{\"@type\":\"ImageObject\",\"inLanguage\":\"et\",\"@id\":\"https:\/\/thenordicsauna.com\/et\/#\/schema\/logo\/image\/\",\"url\":\"https:\/\/thenordicsauna.com\/wp-content\/uploads\/2025\/04\/TheNordicSauna-logo-white.svg\",\"contentUrl\":\"https:\/\/thenordicsauna.com\/wp-content\/uploads\/2025\/04\/TheNordicSauna-logo-white.svg\",\"width\":203,\"height\":203,\"caption\":\"TheNordicSauna\"},\"image\":{\"@id\":\"https:\/\/thenordicsauna.com\/et\/#\/schema\/logo\/image\/\"},\"sameAs\":[\"https:\/\/www.facebook.com\/TheNordicSauna\/\",\"https:\/\/www.instagram.com\/thenordicsauna\"]}]}<\/script>\n<!-- \/ Yoast SEO plugin. -->","yoast_head_json":{"title":"Mullis\u00fcsteem NordicSix k\u00fcmblust\u00fcnnile | TheNordicSauna","description":"Mullis\u00fcsteem pakub NordicSix k\u00fcmblust\u00fcnnile rahustavat massaa\u017ei, kiirendab vee soojenemist ja t\u00f6\u00f6tab ka talvel. Ideaalne lisavarustus l\u00f5\u00f5gastumiseks.","robots":{"index":"index","follow":"follow","max-snippet":"max-snippet:-1","max-image-preview":"max-image-preview:large","max-video-preview":"max-video-preview:-1"},"canonical":"https:\/\/thenordicsauna.com\/et\/e-pood\/mullisusteem-nordicsix-kumblustunnile\/","og_locale":"et_EE","og_type":"article","og_title":"Mullis\u00fcsteem NordicSix k\u00fcmblust\u00fcnnile | TheNordicSauna","og_description":"Mullis\u00fcsteem pakub NordicSix k\u00fcmblust\u00fcnnile rahustavat massaa\u017ei, kiirendab vee soojenemist ja t\u00f6\u00f6tab ka talvel. Ideaalne lisavarustus l\u00f5\u00f5gastumiseks.","og_url":"https:\/\/thenordicsauna.com\/et\/e-pood\/mullisusteem-nordicsix-kumblustunnile\/","og_site_name":"TheNordicSauna","article_publisher":"https:\/\/www.facebook.com\/TheNordicSauna\/","article_modified_time":"2025-08-25T20:38:40+00:00","og_image":[{"width":800,"height":450,"url":"https:\/\/thenordicsauna.com\/wp-content\/uploads\/2025\/04\/Lisa-3-mullisusteem-e1730994632279.jpg","type":"image\/jpeg"}],"twitter_card":"summary_large_image","schema":{"@context":"https:\/\/schema.org","@graph":[{"@type":"WebPage","@id":"https:\/\/thenordicsauna.com\/et\/e-pood\/mullisusteem-nordicsix-kumblustunnile\/","url":"https:\/\/thenordicsauna.com\/et\/e-pood\/mullisusteem-nordicsix-kumblustunnile\/","name":"Mullis\u00fcsteem NordicSix k\u00fcmblust\u00fcnnile | TheNordicSauna","isPartOf":{"@id":"https:\/\/thenordicsauna.com\/et\/#website"},"primaryImageOfPage":{"@id":"https:\/\/thenordicsauna.com\/et\/e-pood\/mullisusteem-nordicsix-kumblustunnile\/#primaryimage"},"image":{"@id":"https:\/\/thenordicsauna.com\/et\/e-pood\/mullisusteem-nordicsix-kumblustunnile\/#primaryimage"},"thumbnailUrl":"https:\/\/thenordicsauna.com\/wp-content\/uploads\/2025\/04\/Lisa-3-mullisusteem-e1730994632279.jpg","datePublished":"2025-04-26T00:47:07+00:00","dateModified":"2025-08-25T20:38:40+00:00","description":"Mullis\u00fcsteem pakub NordicSix k\u00fcmblust\u00fcnnile rahustavat massaa\u017ei, kiirendab vee soojenemist ja t\u00f6\u00f6tab ka talvel. Ideaalne lisavarustus l\u00f5\u00f5gastumiseks.","breadcrumb":{"@id":"https:\/\/thenordicsauna.com\/et\/e-pood\/mullisusteem-nordicsix-kumblustunnile\/#breadcrumb"},"inLanguage":"et","potentialAction":[{"@type":"ReadAction","target":["https:\/\/thenordicsauna.com\/et\/e-pood\/mullisusteem-nordicsix-kumblustunnile\/"]}]},{"@type":"ImageObject","inLanguage":"et","@id":"https:\/\/thenordicsauna.com\/et\/e-pood\/mullisusteem-nordicsix-kumblustunnile\/#primaryimage","url":"https:\/\/thenordicsauna.com\/wp-content\/uploads\/2025\/04\/Lisa-3-mullisusteem-e1730994632279.jpg","contentUrl":"https:\/\/thenordicsauna.com\/wp-content\/uploads\/2025\/04\/Lisa-3-mullisusteem-e1730994632279.jpg","width":800,"height":450,"caption":"NordicSix Extra bubble system"},{"@type":"BreadcrumbList","@id":"https:\/\/thenordicsauna.com\/et\/e-pood\/mullisusteem-nordicsix-kumblustunnile\/#breadcrumb","itemListElement":[{"@type":"ListItem","position":1,"name":"Home","item":"https:\/\/thenordicsauna.com\/et\/taiuslik-spaaelamus-sinu-koduoues\/"},{"@type":"ListItem","position":2,"name":"E-pood","item":"https:\/\/thenordicsauna.com\/shop\/"},{"@type":"ListItem","position":3,"name":"NordicSix lisad","item":"https:\/\/thenordicsauna.com\/et\/tootekategooria\/nordicsix-lisad\/"},{"@type":"ListItem","position":4,"name":"Mullis\u00fcsteem NordicSix k\u00fcmblust\u00fcnnile"}]},{"@type":"WebSite","@id":"https:\/\/thenordicsauna.com\/et\/#website","url":"https:\/\/thenordicsauna.com\/et\/","name":"TheNordicSauna","description":"Ultimate Outdoor SPA experience","publisher":{"@id":"https:\/\/thenordicsauna.com\/et\/#organization"},"alternateName":"TNS","potentialAction":[{"@type":"SearchAction","target":{"@type":"EntryPoint","urlTemplate":"https:\/\/thenordicsauna.com\/et\/?s={search_term_string}"},"query-input":{"@type":"PropertyValueSpecification","valueRequired":true,"valueName":"search_term_string"}}],"inLanguage":"et"},{"@type":"Organization","@id":"https:\/\/thenordicsauna.com\/et\/#organization","name":"TheNordicSauna","alternateName":"TNS","url":"https:\/\/thenordicsauna.com\/et\/","logo":{"@type":"ImageObject","inLanguage":"et","@id":"https:\/\/thenordicsauna.com\/et\/#\/schema\/logo\/image\/","url":"https:\/\/thenordicsauna.com\/wp-content\/uploads\/2025\/04\/TheNordicSauna-logo-white.svg","contentUrl":"https:\/\/thenordicsauna.com\/wp-content\/uploads\/2025\/04\/TheNordicSauna-logo-white.svg","width":203,"height":203,"caption":"TheNordicSauna"},"image":{"@id":"https:\/\/thenordicsauna.com\/et\/#\/schema\/logo\/image\/"},"sameAs":["https:\/\/www.facebook.com\/TheNordicSauna\/","https:\/\/www.instagram.com\/thenordicsauna"]}]}},"_links":{"self":[{"href":"https:\/\/thenordicsauna.com\/et\/wp-json\/wp\/v2\/product\/7394","targetHints":{"allow":["GET"]}}],"collection":[{"href":"https:\/\/thenordicsauna.com\/et\/wp-json\/wp\/v2\/product"}],"about":[{"href":"https:\/\/thenordicsauna.com\/et\/wp-json\/wp\/v2\/types\/product"}],"version-history":[{"count":1,"href":"https:\/\/thenordicsauna.com\/et\/wp-json\/wp\/v2\/product\/7394\/revisions"}],"predecessor-version":[{"id":7396,"href":"https:\/\/thenordicsauna.com\/et\/wp-json\/wp\/v2\/product\/7394\/revisions\/7396"}],"wp:featuredmedia":[{"embeddable":true,"href":"https:\/\/thenordicsauna.com\/et\/wp-json\/wp\/v2\/media\/6184"}],"wp:attachment":[{"href":"https:\/\/thenordicsauna.com\/et\/wp-json\/wp\/v2\/media?parent=7394"}],"wp:term":[{"taxonomy":"product_brand","embeddable":true,"href":"https:\/\/thenordicsauna.com\/et\/wp-json\/wp\/v2\/product_brand?post=7394"},{"taxonomy":"product_cat","embeddable":true,"href":"https:\/\/thenordicsauna.com\/et\/wp-json\/wp\/v2\/product_cat?post=7394"},{"taxonomy":"product_tag","embeddable":true,"href":"https:\/\/thenordicsauna.com\/et\/wp-json\/wp\/v2\/product_tag?post=7394"}],"curies":[{"name":"wp","href":"https:\/\/api.w.org\/{rel}","templated":true}]}}