{"id":7431,"date":"2025-05-22T06:00:19","date_gmt":"2025-05-22T06:00:19","guid":{"rendered":"https:\/\/thenordicsauna.com\/shop\/nordic-barrel\/"},"modified":"2025-12-17T04:39:03","modified_gmt":"2025-12-17T04:39:03","slug":"nordic-barrel","status":"publish","type":"product","link":"https:\/\/thenordicsauna.com\/et\/e-pood\/nordic-barrel\/","title":{"rendered":"Nordic Barrel"},"content":{"rendered":"<p><b>Tarneinfo:<\/b><\/p>\n<ul>\n<li class=\"p1\">Transpordikulu arvutatakse p\u00e4rast ostu sooritamist. Saadame sulle <span class=\"s1\">t\u00e4pse hinnapakkumise oma logistikapartnerilt<\/span> \u2013 ilma juurdehindluseta. <\/li>\n<li class=\"p1\">Tavaline tarnehind Euroopas: 500\u20131500 \u20ac, <span class=\"s1\" style=\"font-family: -apple-system, BlinkMacSystemFont, 'Segoe UI', Roboto, 'Helvetica Neue', Arial, 'Noto Sans', sans-serif, 'Apple Color Emoji', 'Segoe UI Emoji', 'Segoe UI Symbol', 'Noto Color Emoji';\">Eestis : 400-600\u20ac + KM<\/span><\/li>\n<li class=\"p1\">V\u00f5imalik<span class=\"s1\" style=\"font-family: -apple-system, BlinkMacSystemFont, 'Segoe UI', Roboto, 'Helvetica Neue', Arial, 'Noto Sans', sans-serif, 'Apple Color Emoji', 'Segoe UI Emoji', 'Segoe UI Symbol', 'Noto Color Emoji';\"> <\/span>valida:<span style=\"font-family: -apple-system, BlinkMacSystemFont, 'Segoe UI', Roboto, 'Helvetica Neue', Arial, 'Noto Sans', sans-serif, 'Apple Color Emoji', 'Segoe UI Emoji', 'Segoe UI Symbol', 'Noto Color Emoji';\"> <\/span>kas<span class=\"s1\" style=\"font-family: -apple-system, BlinkMacSystemFont, 'Segoe UI', Roboto, 'Helvetica Neue', Arial, 'Noto Sans', sans-serif, 'Apple Color Emoji', 'Segoe UI Emoji', 'Segoe UI Symbol', 'Noto Color Emoji';\"> <\/span>saun<span style=\"font-family: -apple-system, BlinkMacSystemFont, 'Segoe UI', Roboto, 'Helvetica Neue', Arial, 'Noto Sans', sans-serif, 'Apple Color Emoji', 'Segoe UI Emoji', 'Segoe UI Symbol', 'Noto Color Emoji';\"> <\/span>on kokkupandud v\u00f5i saabub osadena, et v\u00e4hendada transpordikulusid (eelk\u00f5ige oluline ekspordil).<\/li>\n<\/ul>\n","protected":false},"excerpt":{"rendered":"<p class=\"p1\">Ajatu t\u00fcnnisaun, mis loob ehtsa p\u00f5hjamaise saunakogemuse. Nordic Barrel \u00fchendab klassikalise \u00fcmarvormi ja hubase varjualuse, pakkudes saunaelamust, mis sobib suurep\u00e4raselt nii aeda, suvekodusse kui ka maamajja. <\/p>\n<p class=\"p3\"><b>P\u00f5hiomadused:<\/b><b><\/b><\/p>\n<ul>\n<li class=\"p1\">Mahutab mugavalt 6\u20138 inimest<\/li>\n<li class=\"p1\">Klassikaline \u00fcmar disain koos varikatusega terrassi kohal<\/li>\n<li class=\"p1\">Valmistatud vastupidavast termopuidust (termokuusk), seinapaksus 45 mm<\/li>\n<li class=\"p1\">Komplektis kvaliteetne Harvia M3 puukeris (kivid ei kuulu komplekti)<\/li>\n<li class=\"p1\">Kaasas moodulkorsten ja 25 L veepaak<\/li>\n<li class=\"p1\">Tarnitakse Eestis t\u00e4ielikult kokkupanduna<\/li>\n<li class=\"p1\">Kaal ligikaudu 1200 kg <\/li>\n<li class=\"p1\">Tarneaeg 60 p\u00e4eva<\/li>\n<\/ul>\n<p>&nbsp;<\/p>\n<p>Rohkem lisainfot ja pilte <a href=\"https:\/\/thenordicsauna.com\/et\/saunad\/nordic-barrel\/\">Nordic Barrel&#8217;i tootelehel<\/a>.<\/p>\n","protected":false},"featured_media":6082,"template":"","meta":{"_acf_changed":false},"product_brand":[],"product_cat":[97],"product_tag":[],"class_list":{"0":"post-7431","1":"product","2":"type-product","3":"status-publish","4":"has-post-thumbnail","6":"product_cat-saunad","8":"first","9":"instock","10":"taxable","11":"shipping-taxable","12":"purchasable","13":"product-type-simple"},"acf":[],"yoast_head":"<!-- This site is optimized with the Yoast SEO plugin v26.6 - https:\/\/yoast.com\/wordpress\/plugins\/seo\/ -->\n<title>Nordic Barrel | TheNordicSauna<\/title>\n<meta name=\"description\" content=\"Ajatu t\u00fcnnisaun, millel on p\u00f5hjamaine h\u00f5ng. Nordic Barrel Soome saun toob endaga kaasa m\u00e4gimajade hubase v\u00f5lu ja sobib ilusti igasse aeda.\" \/>\n<meta name=\"robots\" content=\"index, follow, max-snippet:-1, max-image-preview:large, max-video-preview:-1\" \/>\n<link rel=\"canonical\" href=\"https:\/\/thenordicsauna.com\/et\/e-pood\/nordic-barrel\/\" \/>\n<meta property=\"og:locale\" content=\"et_EE\" \/>\n<meta property=\"og:type\" content=\"article\" \/>\n<meta property=\"og:title\" content=\"Nordic Barrel | TheNordicSauna\" \/>\n<meta property=\"og:description\" content=\"Ajatu t\u00fcnnisaun, millel on p\u00f5hjamaine h\u00f5ng. Nordic Barrel Soome saun toob endaga kaasa m\u00e4gimajade hubase v\u00f5lu ja sobib ilusti igasse aeda.\" \/>\n<meta property=\"og:url\" content=\"https:\/\/thenordicsauna.com\/et\/e-pood\/nordic-barrel\/\" \/>\n<meta property=\"og:site_name\" content=\"TheNordicSauna\" \/>\n<meta property=\"article:publisher\" content=\"https:\/\/www.facebook.com\/TheNordicSauna\/\" \/>\n<meta property=\"article:modified_time\" content=\"2025-12-17T04:39:03+00:00\" \/>\n<meta property=\"og:image\" content=\"https:\/\/thenordicsauna.com\/wp-content\/uploads\/2025\/04\/1-Nordic-Barrel-scaled-1.jpg\" \/>\n\t<meta property=\"og:image:width\" content=\"2560\" \/>\n\t<meta property=\"og:image:height\" content=\"1707\" \/>\n\t<meta property=\"og:image:type\" content=\"image\/jpeg\" \/>\n<meta name=\"twitter:card\" content=\"summary_large_image\" \/>\n<script type=\"application\/ld+json\" class=\"yoast-schema-graph\">{\"@context\":\"https:\/\/schema.org\",\"@graph\":[{\"@type\":\"WebPage\",\"@id\":\"https:\/\/thenordicsauna.com\/et\/e-pood\/nordic-barrel\/\",\"url\":\"https:\/\/thenordicsauna.com\/et\/e-pood\/nordic-barrel\/\",\"name\":\"Nordic Barrel | TheNordicSauna\",\"isPartOf\":{\"@id\":\"https:\/\/thenordicsauna.com\/et\/#website\"},\"primaryImageOfPage\":{\"@id\":\"https:\/\/thenordicsauna.com\/et\/e-pood\/nordic-barrel\/#primaryimage\"},\"image\":{\"@id\":\"https:\/\/thenordicsauna.com\/et\/e-pood\/nordic-barrel\/#primaryimage\"},\"thumbnailUrl\":\"https:\/\/thenordicsauna.com\/wp-content\/uploads\/2025\/04\/1-Nordic-Barrel-scaled-1.jpg\",\"datePublished\":\"2025-05-22T06:00:19+00:00\",\"dateModified\":\"2025-12-17T04:39:03+00:00\",\"description\":\"Ajatu t\u00fcnnisaun, millel on p\u00f5hjamaine h\u00f5ng. Nordic Barrel Soome saun toob endaga kaasa m\u00e4gimajade hubase v\u00f5lu ja sobib ilusti igasse aeda.\",\"breadcrumb\":{\"@id\":\"https:\/\/thenordicsauna.com\/et\/e-pood\/nordic-barrel\/#breadcrumb\"},\"inLanguage\":\"et\",\"potentialAction\":[{\"@type\":\"ReadAction\",\"target\":[\"https:\/\/thenordicsauna.com\/et\/e-pood\/nordic-barrel\/\"]}]},{\"@type\":\"ImageObject\",\"inLanguage\":\"et\",\"@id\":\"https:\/\/thenordicsauna.com\/et\/e-pood\/nordic-barrel\/#primaryimage\",\"url\":\"https:\/\/thenordicsauna.com\/wp-content\/uploads\/2025\/04\/1-Nordic-Barrel-scaled-1.jpg\",\"contentUrl\":\"https:\/\/thenordicsauna.com\/wp-content\/uploads\/2025\/04\/1-Nordic-Barrel-scaled-1.jpg\",\"width\":2560,\"height\":1707,\"caption\":\"TheNordicSauna Nordic Barrel Soome saun\"},{\"@type\":\"BreadcrumbList\",\"@id\":\"https:\/\/thenordicsauna.com\/et\/e-pood\/nordic-barrel\/#breadcrumb\",\"itemListElement\":[{\"@type\":\"ListItem\",\"position\":1,\"name\":\"Home\",\"item\":\"https:\/\/thenordicsauna.com\/et\/taiuslik-spaaelamus-sinu-koduoues\/\"},{\"@type\":\"ListItem\",\"position\":2,\"name\":\"E-pood\",\"item\":\"https:\/\/thenordicsauna.com\/shop\/\"},{\"@type\":\"ListItem\",\"position\":3,\"name\":\"Saunad\",\"item\":\"https:\/\/thenordicsauna.com\/et\/tootekategooria\/saunad\/\"},{\"@type\":\"ListItem\",\"position\":4,\"name\":\"Nordic Barrel\"}]},{\"@type\":\"WebSite\",\"@id\":\"https:\/\/thenordicsauna.com\/et\/#website\",\"url\":\"https:\/\/thenordicsauna.com\/et\/\",\"name\":\"TheNordicSauna\",\"description\":\"Ultimate Outdoor SPA experience\",\"publisher\":{\"@id\":\"https:\/\/thenordicsauna.com\/et\/#organization\"},\"alternateName\":\"TNS\",\"potentialAction\":[{\"@type\":\"SearchAction\",\"target\":{\"@type\":\"EntryPoint\",\"urlTemplate\":\"https:\/\/thenordicsauna.com\/et\/?s={search_term_string}\"},\"query-input\":{\"@type\":\"PropertyValueSpecification\",\"valueRequired\":true,\"valueName\":\"search_term_string\"}}],\"inLanguage\":\"et\"},{\"@type\":\"Organization\",\"@id\":\"https:\/\/thenordicsauna.com\/et\/#organization\",\"name\":\"TheNordicSauna\",\"alternateName\":\"TNS\",\"url\":\"https:\/\/thenordicsauna.com\/et\/\",\"logo\":{\"@type\":\"ImageObject\",\"inLanguage\":\"et\",\"@id\":\"https:\/\/thenordicsauna.com\/et\/#\/schema\/logo\/image\/\",\"url\":\"https:\/\/thenordicsauna.com\/wp-content\/uploads\/2025\/04\/TheNordicSauna-logo-white.svg\",\"contentUrl\":\"https:\/\/thenordicsauna.com\/wp-content\/uploads\/2025\/04\/TheNordicSauna-logo-white.svg\",\"width\":203,\"height\":203,\"caption\":\"TheNordicSauna\"},\"image\":{\"@id\":\"https:\/\/thenordicsauna.com\/et\/#\/schema\/logo\/image\/\"},\"sameAs\":[\"https:\/\/www.facebook.com\/TheNordicSauna\/\",\"https:\/\/www.instagram.com\/thenordicsauna\"]}]}<\/script>\n<!-- \/ Yoast SEO plugin. -->","yoast_head_json":{"title":"Nordic Barrel | TheNordicSauna","description":"Ajatu t\u00fcnnisaun, millel on p\u00f5hjamaine h\u00f5ng. Nordic Barrel Soome saun toob endaga kaasa m\u00e4gimajade hubase v\u00f5lu ja sobib ilusti igasse aeda.","robots":{"index":"index","follow":"follow","max-snippet":"max-snippet:-1","max-image-preview":"max-image-preview:large","max-video-preview":"max-video-preview:-1"},"canonical":"https:\/\/thenordicsauna.com\/et\/e-pood\/nordic-barrel\/","og_locale":"et_EE","og_type":"article","og_title":"Nordic Barrel | TheNordicSauna","og_description":"Ajatu t\u00fcnnisaun, millel on p\u00f5hjamaine h\u00f5ng. Nordic Barrel Soome saun toob endaga kaasa m\u00e4gimajade hubase v\u00f5lu ja sobib ilusti igasse aeda.","og_url":"https:\/\/thenordicsauna.com\/et\/e-pood\/nordic-barrel\/","og_site_name":"TheNordicSauna","article_publisher":"https:\/\/www.facebook.com\/TheNordicSauna\/","article_modified_time":"2025-12-17T04:39:03+00:00","og_image":[{"width":2560,"height":1707,"url":"https:\/\/thenordicsauna.com\/wp-content\/uploads\/2025\/04\/1-Nordic-Barrel-scaled-1.jpg","type":"image\/jpeg"}],"twitter_card":"summary_large_image","schema":{"@context":"https:\/\/schema.org","@graph":[{"@type":"WebPage","@id":"https:\/\/thenordicsauna.com\/et\/e-pood\/nordic-barrel\/","url":"https:\/\/thenordicsauna.com\/et\/e-pood\/nordic-barrel\/","name":"Nordic Barrel | TheNordicSauna","isPartOf":{"@id":"https:\/\/thenordicsauna.com\/et\/#website"},"primaryImageOfPage":{"@id":"https:\/\/thenordicsauna.com\/et\/e-pood\/nordic-barrel\/#primaryimage"},"image":{"@id":"https:\/\/thenordicsauna.com\/et\/e-pood\/nordic-barrel\/#primaryimage"},"thumbnailUrl":"https:\/\/thenordicsauna.com\/wp-content\/uploads\/2025\/04\/1-Nordic-Barrel-scaled-1.jpg","datePublished":"2025-05-22T06:00:19+00:00","dateModified":"2025-12-17T04:39:03+00:00","description":"Ajatu t\u00fcnnisaun, millel on p\u00f5hjamaine h\u00f5ng. Nordic Barrel Soome saun toob endaga kaasa m\u00e4gimajade hubase v\u00f5lu ja sobib ilusti igasse aeda.","breadcrumb":{"@id":"https:\/\/thenordicsauna.com\/et\/e-pood\/nordic-barrel\/#breadcrumb"},"inLanguage":"et","potentialAction":[{"@type":"ReadAction","target":["https:\/\/thenordicsauna.com\/et\/e-pood\/nordic-barrel\/"]}]},{"@type":"ImageObject","inLanguage":"et","@id":"https:\/\/thenordicsauna.com\/et\/e-pood\/nordic-barrel\/#primaryimage","url":"https:\/\/thenordicsauna.com\/wp-content\/uploads\/2025\/04\/1-Nordic-Barrel-scaled-1.jpg","contentUrl":"https:\/\/thenordicsauna.com\/wp-content\/uploads\/2025\/04\/1-Nordic-Barrel-scaled-1.jpg","width":2560,"height":1707,"caption":"TheNordicSauna Nordic Barrel Soome saun"},{"@type":"BreadcrumbList","@id":"https:\/\/thenordicsauna.com\/et\/e-pood\/nordic-barrel\/#breadcrumb","itemListElement":[{"@type":"ListItem","position":1,"name":"Home","item":"https:\/\/thenordicsauna.com\/et\/taiuslik-spaaelamus-sinu-koduoues\/"},{"@type":"ListItem","position":2,"name":"E-pood","item":"https:\/\/thenordicsauna.com\/shop\/"},{"@type":"ListItem","position":3,"name":"Saunad","item":"https:\/\/thenordicsauna.com\/et\/tootekategooria\/saunad\/"},{"@type":"ListItem","position":4,"name":"Nordic Barrel"}]},{"@type":"WebSite","@id":"https:\/\/thenordicsauna.com\/et\/#website","url":"https:\/\/thenordicsauna.com\/et\/","name":"TheNordicSauna","description":"Ultimate Outdoor SPA experience","publisher":{"@id":"https:\/\/thenordicsauna.com\/et\/#organization"},"alternateName":"TNS","potentialAction":[{"@type":"SearchAction","target":{"@type":"EntryPoint","urlTemplate":"https:\/\/thenordicsauna.com\/et\/?s={search_term_string}"},"query-input":{"@type":"PropertyValueSpecification","valueRequired":true,"valueName":"search_term_string"}}],"inLanguage":"et"},{"@type":"Organization","@id":"https:\/\/thenordicsauna.com\/et\/#organization","name":"TheNordicSauna","alternateName":"TNS","url":"https:\/\/thenordicsauna.com\/et\/","logo":{"@type":"ImageObject","inLanguage":"et","@id":"https:\/\/thenordicsauna.com\/et\/#\/schema\/logo\/image\/","url":"https:\/\/thenordicsauna.com\/wp-content\/uploads\/2025\/04\/TheNordicSauna-logo-white.svg","contentUrl":"https:\/\/thenordicsauna.com\/wp-content\/uploads\/2025\/04\/TheNordicSauna-logo-white.svg","width":203,"height":203,"caption":"TheNordicSauna"},"image":{"@id":"https:\/\/thenordicsauna.com\/et\/#\/schema\/logo\/image\/"},"sameAs":["https:\/\/www.facebook.com\/TheNordicSauna\/","https:\/\/www.instagram.com\/thenordicsauna"]}]}},"_links":{"self":[{"href":"https:\/\/thenordicsauna.com\/et\/wp-json\/wp\/v2\/product\/7431","targetHints":{"allow":["GET"]}}],"collection":[{"href":"https:\/\/thenordicsauna.com\/et\/wp-json\/wp\/v2\/product"}],"about":[{"href":"https:\/\/thenordicsauna.com\/et\/wp-json\/wp\/v2\/types\/product"}],"version-history":[{"count":5,"href":"https:\/\/thenordicsauna.com\/et\/wp-json\/wp\/v2\/product\/7431\/revisions"}],"predecessor-version":[{"id":9510,"href":"https:\/\/thenordicsauna.com\/et\/wp-json\/wp\/v2\/product\/7431\/revisions\/9510"}],"wp:featuredmedia":[{"embeddable":true,"href":"https:\/\/thenordicsauna.com\/et\/wp-json\/wp\/v2\/media\/6082"}],"wp:attachment":[{"href":"https:\/\/thenordicsauna.com\/et\/wp-json\/wp\/v2\/media?parent=7431"}],"wp:term":[{"taxonomy":"product_brand","embeddable":true,"href":"https:\/\/thenordicsauna.com\/et\/wp-json\/wp\/v2\/product_brand?post=7431"},{"taxonomy":"product_cat","embeddable":true,"href":"https:\/\/thenordicsauna.com\/et\/wp-json\/wp\/v2\/product_cat?post=7431"},{"taxonomy":"product_tag","embeddable":true,"href":"https:\/\/thenordicsauna.com\/et\/wp-json\/wp\/v2\/product_tag?post=7431"}],"curies":[{"name":"wp","href":"https:\/\/api.w.org\/{rel}","templated":true}]}}