{"id":7480,"date":"2025-09-05T00:20:23","date_gmt":"2025-09-05T00:20:23","guid":{"rendered":"https:\/\/thenordicsauna.com\/shop\/aktiivhapniku-tabletid-20tk\/"},"modified":"2025-09-15T15:48:59","modified_gmt":"2025-09-15T15:48:59","slug":"aktiivhapniku-tabletid-20tk","status":"publish","type":"product","link":"https:\/\/thenordicsauna.com\/et\/e-pood\/aktiivhapniku-tabletid-20tk\/","title":{"rendered":"Aktiivhapniku tabletid 20tk"},"content":{"rendered":"","protected":false},"excerpt":{"rendered":"<ul>\n<li class=\"p1\"><span class=\"s1\"><b>Kristallselge vesi:<\/b><\/span> Aktiivhapnik hoiab sinu k\u00fcmblust\u00fcnni v\u00f5i j\u00e4\u00e4vanni vee v\u00e4rske ja s\u00e4ravana ilma tugeva keemiata.<\/li>\n<li class=\"p1\"><span class=\"s1\"><b>Nahas\u00f5bralik:<\/b><\/span> \u00d5rn ka tundlikule nahale \u2013 ei mingit klooril\u00f5hna ega \u00e4rritust.<\/li>\n<li class=\"p1\"><span class=\"s1\"><b>V\u00e4hene l\u00f5hn:<\/b><\/span> Puhtam ja v\u00e4rskem v\u00f5rreldes traditsiooniliste veehooldusvahenditega.<\/li>\n<li class=\"p1\"><span class=\"s1\"><b>Lihtne hooldusrutiin:<\/b><\/span> Soovituslik kasutus \u2014 v\u00e4hemalt 1 tablett n\u00e4dalas tagab vee selguse ja h\u00fcgieeni.<\/li>\n<li class=\"p1\"><span class=\"s1\"><b>Mitmek\u00fclgne kasutus:<\/b><\/span> Sobib suurep\u00e4raselt nii k\u00fcmblust\u00fcnni kui ka j\u00e4\u00e4vanni veehoolduseks.<\/li>\n<li class=\"p1\"><span class=\"s1\"><b>Kloorivaba:<\/b><\/span> 100% kloorivaba \u2013 kaasaegne ja \u00f5rn alternatiiv.<\/li>\n<li><strong>Pakend:<\/strong> sisaldab 20 \u00d7 20 g tabletti, mis katab kuni 20 n\u00e4dalat hooldust.<\/li>\n<\/ul>\n","protected":false},"featured_media":8438,"template":"","meta":{"_acf_changed":false},"product_brand":[],"product_cat":[98,104],"product_tag":[],"class_list":{"0":"post-7480","1":"product","2":"type-product","3":"status-publish","4":"has-post-thumbnail","6":"product_cat-veetootlus","7":"product_cat-nordicsix-lisad","8":"product_shipping_class-vaikesed-esemed","10":"first","11":"instock","12":"taxable","13":"shipping-taxable","14":"purchasable","15":"product-type-simple"},"acf":[],"yoast_head":"<!-- This site is optimized with the Yoast SEO plugin v26.6 - https:\/\/yoast.com\/wordpress\/plugins\/seo\/ -->\n<title>Aktiivhapniku tabletid 20tk | TheNordicSauna<\/title>\n<meta name=\"robots\" content=\"index, follow, max-snippet:-1, max-image-preview:large, max-video-preview:-1\" \/>\n<link rel=\"canonical\" href=\"https:\/\/thenordicsauna.com\/et\/e-pood\/aktiivhapniku-tabletid-20tk\/\" \/>\n<meta property=\"og:locale\" content=\"et_EE\" \/>\n<meta property=\"og:type\" content=\"article\" \/>\n<meta property=\"og:title\" content=\"Aktiivhapniku tabletid 20tk | TheNordicSauna\" \/>\n<meta property=\"og:description\" content=\"Kristallselge vesi: Aktiivhapnik hoiab sinu k\u00fcmblust\u00fcnni v\u00f5i j\u00e4\u00e4vanni vee v\u00e4rske ja s\u00e4ravana ilma tugeva keemiata.  Nahas\u00f5bralik: \u00d5rn ka tundlikule nahale \u2013 ei mingit klooril\u00f5hna ega \u00e4rritust.  V\u00e4hene l\u00f5hn: Puhtam ja v\u00e4rskem v\u00f5rreldes traditsiooniliste veehooldusvahenditega.  Lihtne hooldusrutiin: Soovituslik kasutus \u2014 v\u00e4hemalt 1 tablett n\u00e4dalas tagab vee selguse ja h\u00fcgieeni.  Mitmek\u00fclgne kasutus: Sobib suurep\u00e4raselt nii k\u00fcmblust\u00fcnni kui ka j\u00e4\u00e4vanni veehoolduseks.  Kloorivaba: 100% kloorivaba \u2013 kaasaegne ja \u00f5rn alternatiiv.  Pakend: sisaldab 20 \u00d7 20 g tabletti, mis katab kuni 20 n\u00e4dalat hooldust.\" \/>\n<meta property=\"og:url\" content=\"https:\/\/thenordicsauna.com\/et\/e-pood\/aktiivhapniku-tabletid-20tk\/\" \/>\n<meta property=\"og:site_name\" content=\"TheNordicSauna\" \/>\n<meta property=\"article:publisher\" content=\"https:\/\/www.facebook.com\/TheNordicSauna\/\" \/>\n<meta property=\"article:modified_time\" content=\"2025-09-15T15:48:59+00:00\" \/>\n<meta property=\"og:image\" content=\"https:\/\/thenordicsauna.com\/wp-content\/uploads\/2025\/04\/dioxidetablets-e1730986848525.jpeg\" \/>\n\t<meta property=\"og:image:width\" content=\"800\" \/>\n\t<meta property=\"og:image:height\" content=\"530\" \/>\n\t<meta property=\"og:image:type\" content=\"image\/jpeg\" \/>\n<meta name=\"twitter:card\" content=\"summary_large_image\" \/>\n<script type=\"application\/ld+json\" class=\"yoast-schema-graph\">{\"@context\":\"https:\/\/schema.org\",\"@graph\":[{\"@type\":\"WebPage\",\"@id\":\"https:\/\/thenordicsauna.com\/et\/e-pood\/aktiivhapniku-tabletid-20tk\/\",\"url\":\"https:\/\/thenordicsauna.com\/et\/e-pood\/aktiivhapniku-tabletid-20tk\/\",\"name\":\"Aktiivhapniku tabletid 20tk | TheNordicSauna\",\"isPartOf\":{\"@id\":\"https:\/\/thenordicsauna.com\/et\/#website\"},\"primaryImageOfPage\":{\"@id\":\"https:\/\/thenordicsauna.com\/et\/e-pood\/aktiivhapniku-tabletid-20tk\/#primaryimage\"},\"image\":{\"@id\":\"https:\/\/thenordicsauna.com\/et\/e-pood\/aktiivhapniku-tabletid-20tk\/#primaryimage\"},\"thumbnailUrl\":\"https:\/\/thenordicsauna.com\/wp-content\/uploads\/2025\/09\/Active-Oxygen.jpg\",\"datePublished\":\"2025-09-05T00:20:23+00:00\",\"dateModified\":\"2025-09-15T15:48:59+00:00\",\"breadcrumb\":{\"@id\":\"https:\/\/thenordicsauna.com\/et\/e-pood\/aktiivhapniku-tabletid-20tk\/#breadcrumb\"},\"inLanguage\":\"et\",\"potentialAction\":[{\"@type\":\"ReadAction\",\"target\":[\"https:\/\/thenordicsauna.com\/et\/e-pood\/aktiivhapniku-tabletid-20tk\/\"]}]},{\"@type\":\"ImageObject\",\"inLanguage\":\"et\",\"@id\":\"https:\/\/thenordicsauna.com\/et\/e-pood\/aktiivhapniku-tabletid-20tk\/#primaryimage\",\"url\":\"https:\/\/thenordicsauna.com\/wp-content\/uploads\/2025\/09\/Active-Oxygen.jpg\",\"contentUrl\":\"https:\/\/thenordicsauna.com\/wp-content\/uploads\/2025\/09\/Active-Oxygen.jpg\",\"width\":800,\"height\":533,\"caption\":\"Active Oxygen\"},{\"@type\":\"BreadcrumbList\",\"@id\":\"https:\/\/thenordicsauna.com\/et\/e-pood\/aktiivhapniku-tabletid-20tk\/#breadcrumb\",\"itemListElement\":[{\"@type\":\"ListItem\",\"position\":1,\"name\":\"Home\",\"item\":\"https:\/\/thenordicsauna.com\/et\/taiuslik-spaaelamus-sinu-koduoues\/\"},{\"@type\":\"ListItem\",\"position\":2,\"name\":\"E-pood\",\"item\":\"https:\/\/thenordicsauna.com\/shop\/\"},{\"@type\":\"ListItem\",\"position\":3,\"name\":\"K\u00fcte\/jahutus, filtreerimine\",\"item\":\"https:\/\/thenordicsauna.com\/et\/tootekategooria\/veetootlus\/\"},{\"@type\":\"ListItem\",\"position\":4,\"name\":\"Aktiivhapniku tabletid 20tk\"}]},{\"@type\":\"WebSite\",\"@id\":\"https:\/\/thenordicsauna.com\/et\/#website\",\"url\":\"https:\/\/thenordicsauna.com\/et\/\",\"name\":\"TheNordicSauna\",\"description\":\"Ultimate Outdoor SPA experience\",\"publisher\":{\"@id\":\"https:\/\/thenordicsauna.com\/et\/#organization\"},\"alternateName\":\"TNS\",\"potentialAction\":[{\"@type\":\"SearchAction\",\"target\":{\"@type\":\"EntryPoint\",\"urlTemplate\":\"https:\/\/thenordicsauna.com\/et\/?s={search_term_string}\"},\"query-input\":{\"@type\":\"PropertyValueSpecification\",\"valueRequired\":true,\"valueName\":\"search_term_string\"}}],\"inLanguage\":\"et\"},{\"@type\":\"Organization\",\"@id\":\"https:\/\/thenordicsauna.com\/et\/#organization\",\"name\":\"TheNordicSauna\",\"alternateName\":\"TNS\",\"url\":\"https:\/\/thenordicsauna.com\/et\/\",\"logo\":{\"@type\":\"ImageObject\",\"inLanguage\":\"et\",\"@id\":\"https:\/\/thenordicsauna.com\/et\/#\/schema\/logo\/image\/\",\"url\":\"https:\/\/thenordicsauna.com\/wp-content\/uploads\/2025\/04\/TheNordicSauna-logo-white.svg\",\"contentUrl\":\"https:\/\/thenordicsauna.com\/wp-content\/uploads\/2025\/04\/TheNordicSauna-logo-white.svg\",\"width\":203,\"height\":203,\"caption\":\"TheNordicSauna\"},\"image\":{\"@id\":\"https:\/\/thenordicsauna.com\/et\/#\/schema\/logo\/image\/\"},\"sameAs\":[\"https:\/\/www.facebook.com\/TheNordicSauna\/\",\"https:\/\/www.instagram.com\/thenordicsauna\"]}]}<\/script>\n<!-- \/ Yoast SEO plugin. -->","yoast_head_json":{"title":"Aktiivhapniku tabletid 20tk | TheNordicSauna","robots":{"index":"index","follow":"follow","max-snippet":"max-snippet:-1","max-image-preview":"max-image-preview:large","max-video-preview":"max-video-preview:-1"},"canonical":"https:\/\/thenordicsauna.com\/et\/e-pood\/aktiivhapniku-tabletid-20tk\/","og_locale":"et_EE","og_type":"article","og_title":"Aktiivhapniku tabletid 20tk | TheNordicSauna","og_description":"Kristallselge vesi: Aktiivhapnik hoiab sinu k\u00fcmblust\u00fcnni v\u00f5i j\u00e4\u00e4vanni vee v\u00e4rske ja s\u00e4ravana ilma tugeva keemiata.  Nahas\u00f5bralik: \u00d5rn ka tundlikule nahale \u2013 ei mingit klooril\u00f5hna ega \u00e4rritust.  V\u00e4hene l\u00f5hn: Puhtam ja v\u00e4rskem v\u00f5rreldes traditsiooniliste veehooldusvahenditega.  Lihtne hooldusrutiin: Soovituslik kasutus \u2014 v\u00e4hemalt 1 tablett n\u00e4dalas tagab vee selguse ja h\u00fcgieeni.  Mitmek\u00fclgne kasutus: Sobib suurep\u00e4raselt nii k\u00fcmblust\u00fcnni kui ka j\u00e4\u00e4vanni veehoolduseks.  Kloorivaba: 100% kloorivaba \u2013 kaasaegne ja \u00f5rn alternatiiv.  Pakend: sisaldab 20 \u00d7 20 g tabletti, mis katab kuni 20 n\u00e4dalat hooldust.","og_url":"https:\/\/thenordicsauna.com\/et\/e-pood\/aktiivhapniku-tabletid-20tk\/","og_site_name":"TheNordicSauna","article_publisher":"https:\/\/www.facebook.com\/TheNordicSauna\/","article_modified_time":"2025-09-15T15:48:59+00:00","og_image":[{"width":800,"height":530,"url":"https:\/\/thenordicsauna.com\/wp-content\/uploads\/2025\/04\/dioxidetablets-e1730986848525.jpeg","type":"image\/jpeg"}],"twitter_card":"summary_large_image","schema":{"@context":"https:\/\/schema.org","@graph":[{"@type":"WebPage","@id":"https:\/\/thenordicsauna.com\/et\/e-pood\/aktiivhapniku-tabletid-20tk\/","url":"https:\/\/thenordicsauna.com\/et\/e-pood\/aktiivhapniku-tabletid-20tk\/","name":"Aktiivhapniku tabletid 20tk | TheNordicSauna","isPartOf":{"@id":"https:\/\/thenordicsauna.com\/et\/#website"},"primaryImageOfPage":{"@id":"https:\/\/thenordicsauna.com\/et\/e-pood\/aktiivhapniku-tabletid-20tk\/#primaryimage"},"image":{"@id":"https:\/\/thenordicsauna.com\/et\/e-pood\/aktiivhapniku-tabletid-20tk\/#primaryimage"},"thumbnailUrl":"https:\/\/thenordicsauna.com\/wp-content\/uploads\/2025\/09\/Active-Oxygen.jpg","datePublished":"2025-09-05T00:20:23+00:00","dateModified":"2025-09-15T15:48:59+00:00","breadcrumb":{"@id":"https:\/\/thenordicsauna.com\/et\/e-pood\/aktiivhapniku-tabletid-20tk\/#breadcrumb"},"inLanguage":"et","potentialAction":[{"@type":"ReadAction","target":["https:\/\/thenordicsauna.com\/et\/e-pood\/aktiivhapniku-tabletid-20tk\/"]}]},{"@type":"ImageObject","inLanguage":"et","@id":"https:\/\/thenordicsauna.com\/et\/e-pood\/aktiivhapniku-tabletid-20tk\/#primaryimage","url":"https:\/\/thenordicsauna.com\/wp-content\/uploads\/2025\/09\/Active-Oxygen.jpg","contentUrl":"https:\/\/thenordicsauna.com\/wp-content\/uploads\/2025\/09\/Active-Oxygen.jpg","width":800,"height":533,"caption":"Active Oxygen"},{"@type":"BreadcrumbList","@id":"https:\/\/thenordicsauna.com\/et\/e-pood\/aktiivhapniku-tabletid-20tk\/#breadcrumb","itemListElement":[{"@type":"ListItem","position":1,"name":"Home","item":"https:\/\/thenordicsauna.com\/et\/taiuslik-spaaelamus-sinu-koduoues\/"},{"@type":"ListItem","position":2,"name":"E-pood","item":"https:\/\/thenordicsauna.com\/shop\/"},{"@type":"ListItem","position":3,"name":"K\u00fcte\/jahutus, filtreerimine","item":"https:\/\/thenordicsauna.com\/et\/tootekategooria\/veetootlus\/"},{"@type":"ListItem","position":4,"name":"Aktiivhapniku tabletid 20tk"}]},{"@type":"WebSite","@id":"https:\/\/thenordicsauna.com\/et\/#website","url":"https:\/\/thenordicsauna.com\/et\/","name":"TheNordicSauna","description":"Ultimate Outdoor SPA experience","publisher":{"@id":"https:\/\/thenordicsauna.com\/et\/#organization"},"alternateName":"TNS","potentialAction":[{"@type":"SearchAction","target":{"@type":"EntryPoint","urlTemplate":"https:\/\/thenordicsauna.com\/et\/?s={search_term_string}"},"query-input":{"@type":"PropertyValueSpecification","valueRequired":true,"valueName":"search_term_string"}}],"inLanguage":"et"},{"@type":"Organization","@id":"https:\/\/thenordicsauna.com\/et\/#organization","name":"TheNordicSauna","alternateName":"TNS","url":"https:\/\/thenordicsauna.com\/et\/","logo":{"@type":"ImageObject","inLanguage":"et","@id":"https:\/\/thenordicsauna.com\/et\/#\/schema\/logo\/image\/","url":"https:\/\/thenordicsauna.com\/wp-content\/uploads\/2025\/04\/TheNordicSauna-logo-white.svg","contentUrl":"https:\/\/thenordicsauna.com\/wp-content\/uploads\/2025\/04\/TheNordicSauna-logo-white.svg","width":203,"height":203,"caption":"TheNordicSauna"},"image":{"@id":"https:\/\/thenordicsauna.com\/et\/#\/schema\/logo\/image\/"},"sameAs":["https:\/\/www.facebook.com\/TheNordicSauna\/","https:\/\/www.instagram.com\/thenordicsauna"]}]}},"_links":{"self":[{"href":"https:\/\/thenordicsauna.com\/et\/wp-json\/wp\/v2\/product\/7480","targetHints":{"allow":["GET"]}}],"collection":[{"href":"https:\/\/thenordicsauna.com\/et\/wp-json\/wp\/v2\/product"}],"about":[{"href":"https:\/\/thenordicsauna.com\/et\/wp-json\/wp\/v2\/types\/product"}],"version-history":[{"count":1,"href":"https:\/\/thenordicsauna.com\/et\/wp-json\/wp\/v2\/product\/7480\/revisions"}],"predecessor-version":[{"id":7724,"href":"https:\/\/thenordicsauna.com\/et\/wp-json\/wp\/v2\/product\/7480\/revisions\/7724"}],"wp:featuredmedia":[{"embeddable":true,"href":"https:\/\/thenordicsauna.com\/et\/wp-json\/wp\/v2\/media\/8438"}],"wp:attachment":[{"href":"https:\/\/thenordicsauna.com\/et\/wp-json\/wp\/v2\/media?parent=7480"}],"wp:term":[{"taxonomy":"product_brand","embeddable":true,"href":"https:\/\/thenordicsauna.com\/et\/wp-json\/wp\/v2\/product_brand?post=7480"},{"taxonomy":"product_cat","embeddable":true,"href":"https:\/\/thenordicsauna.com\/et\/wp-json\/wp\/v2\/product_cat?post=7480"},{"taxonomy":"product_tag","embeddable":true,"href":"https:\/\/thenordicsauna.com\/et\/wp-json\/wp\/v2\/product_tag?post=7480"}],"curies":[{"name":"wp","href":"https:\/\/api.w.org\/{rel}","templated":true}]}}