{"id":8015,"date":"2025-04-26T00:47:07","date_gmt":"2025-04-26T00:47:07","guid":{"rendered":"https:\/\/thenordicsauna.com\/shop\/digitaalne-termomeeter\/"},"modified":"2025-04-26T00:47:07","modified_gmt":"2025-04-26T00:47:07","slug":"digitaalne-termomeeter","status":"publish","type":"product","link":"https:\/\/thenordicsauna.com\/et\/e-pood\/digitaalne-termomeeter\/","title":{"rendered":"Digitaalne termomeeter"},"content":{"rendered":"","protected":false},"excerpt":{"rendered":"<ul>\n<li>Annab t\u00e4psed temperatuurin\u00e4idu.<\/li>\n<li>Lisatakse otse k\u00fcmblust\u00fcnni kesta sisse.<\/li>\n<li>Vastupidav ja veekindel disain.<\/li>\n<li>\n<p class=\"p1\">Seda lisatarvikut m\u00fc\u00fcakse ainult koos k\u00fcmblust\u00fcnni ostuga.<\/p>\n<\/li>\n<\/ul>\n","protected":false},"featured_media":6180,"template":"","meta":{"_acf_changed":false},"product_brand":[],"product_cat":[104],"product_tag":[],"class_list":{"0":"post-8015","1":"product","2":"type-product","3":"status-publish","4":"has-post-thumbnail","6":"product_cat-nordicsix-lisad","8":"first","9":"instock","10":"purchasable","11":"product-type-simple"},"acf":[],"yoast_head":"<!-- This site is optimized with the Yoast SEO plugin v26.6 - https:\/\/yoast.com\/wordpress\/plugins\/seo\/ -->\n<title>Digitaalne termomeeter | TheNordicSauna<\/title>\n<meta name=\"description\" content=\"Digitaalne termomeeter annab t\u00e4psed temperatuurin\u00e4idud ja \u00fchendub otse sinu k\u00fcmblust\u00fcnniga. Vastupidav ja veekindel disain. M\u00fc\u00fcgil ainult koos k\u00fcmblust\u00fcnniga.\" \/>\n<meta name=\"robots\" content=\"index, follow, max-snippet:-1, max-image-preview:large, max-video-preview:-1\" \/>\n<link rel=\"canonical\" href=\"https:\/\/thenordicsauna.com\/et\/e-pood\/digitaalne-termomeeter\/\" \/>\n<meta property=\"og:locale\" content=\"et_EE\" \/>\n<meta property=\"og:type\" content=\"article\" \/>\n<meta property=\"og:title\" content=\"Digitaalne termomeeter | TheNordicSauna\" \/>\n<meta property=\"og:description\" content=\"Digitaalne termomeeter annab t\u00e4psed temperatuurin\u00e4idud ja \u00fchendub otse sinu k\u00fcmblust\u00fcnniga. Vastupidav ja veekindel disain. M\u00fc\u00fcgil ainult koos k\u00fcmblust\u00fcnniga.\" \/>\n<meta property=\"og:url\" content=\"https:\/\/thenordicsauna.com\/et\/e-pood\/digitaalne-termomeeter\/\" \/>\n<meta property=\"og:site_name\" content=\"TheNordicSauna\" \/>\n<meta property=\"article:publisher\" content=\"https:\/\/www.facebook.com\/TheNordicSauna\/\" \/>\n<meta property=\"og:image\" content=\"https:\/\/thenordicsauna.com\/wp-content\/uploads\/2025\/04\/digital-thermometer-1x1-1-e1730986829628.jpg\" \/>\n\t<meta property=\"og:image:width\" content=\"800\" \/>\n\t<meta property=\"og:image:height\" content=\"450\" \/>\n\t<meta property=\"og:image:type\" content=\"image\/jpeg\" \/>\n<meta name=\"twitter:card\" content=\"summary_large_image\" \/>\n<script type=\"application\/ld+json\" class=\"yoast-schema-graph\">{\"@context\":\"https:\/\/schema.org\",\"@graph\":[{\"@type\":\"WebPage\",\"@id\":\"https:\/\/thenordicsauna.com\/et\/e-pood\/digitaalne-termomeeter\/\",\"url\":\"https:\/\/thenordicsauna.com\/et\/e-pood\/digitaalne-termomeeter\/\",\"name\":\"Digitaalne termomeeter | TheNordicSauna\",\"isPartOf\":{\"@id\":\"https:\/\/thenordicsauna.com\/et\/#website\"},\"primaryImageOfPage\":{\"@id\":\"https:\/\/thenordicsauna.com\/et\/e-pood\/digitaalne-termomeeter\/#primaryimage\"},\"image\":{\"@id\":\"https:\/\/thenordicsauna.com\/et\/e-pood\/digitaalne-termomeeter\/#primaryimage\"},\"thumbnailUrl\":\"https:\/\/thenordicsauna.com\/wp-content\/uploads\/2025\/04\/digital-thermometer-1x1-1-e1730986829628.jpg\",\"datePublished\":\"2025-04-26T00:47:07+00:00\",\"description\":\"Digitaalne termomeeter annab t\u00e4psed temperatuurin\u00e4idud ja \u00fchendub otse sinu k\u00fcmblust\u00fcnniga. Vastupidav ja veekindel disain. M\u00fc\u00fcgil ainult koos k\u00fcmblust\u00fcnniga.\",\"breadcrumb\":{\"@id\":\"https:\/\/thenordicsauna.com\/et\/e-pood\/digitaalne-termomeeter\/#breadcrumb\"},\"inLanguage\":\"et\",\"potentialAction\":[{\"@type\":\"ReadAction\",\"target\":[\"https:\/\/thenordicsauna.com\/et\/e-pood\/digitaalne-termomeeter\/\"]}]},{\"@type\":\"ImageObject\",\"inLanguage\":\"et\",\"@id\":\"https:\/\/thenordicsauna.com\/et\/e-pood\/digitaalne-termomeeter\/#primaryimage\",\"url\":\"https:\/\/thenordicsauna.com\/wp-content\/uploads\/2025\/04\/digital-thermometer-1x1-1-e1730986829628.jpg\",\"contentUrl\":\"https:\/\/thenordicsauna.com\/wp-content\/uploads\/2025\/04\/digital-thermometer-1x1-1-e1730986829628.jpg\",\"width\":800,\"height\":450,\"caption\":\"K\u00fcmblust\u00fcnni termomeeter\"},{\"@type\":\"BreadcrumbList\",\"@id\":\"https:\/\/thenordicsauna.com\/et\/e-pood\/digitaalne-termomeeter\/#breadcrumb\",\"itemListElement\":[{\"@type\":\"ListItem\",\"position\":1,\"name\":\"Home\",\"item\":\"https:\/\/thenordicsauna.com\/et\/taiuslik-spaaelamus-sinu-koduoues\/\"},{\"@type\":\"ListItem\",\"position\":2,\"name\":\"E-pood\",\"item\":\"https:\/\/thenordicsauna.com\/shop\/\"},{\"@type\":\"ListItem\",\"position\":3,\"name\":\"Digitaalne termomeeter\"}]},{\"@type\":\"WebSite\",\"@id\":\"https:\/\/thenordicsauna.com\/et\/#website\",\"url\":\"https:\/\/thenordicsauna.com\/et\/\",\"name\":\"TheNordicSauna\",\"description\":\"Ultimate Outdoor SPA experience\",\"publisher\":{\"@id\":\"https:\/\/thenordicsauna.com\/et\/#organization\"},\"alternateName\":\"TNS\",\"potentialAction\":[{\"@type\":\"SearchAction\",\"target\":{\"@type\":\"EntryPoint\",\"urlTemplate\":\"https:\/\/thenordicsauna.com\/et\/?s={search_term_string}\"},\"query-input\":{\"@type\":\"PropertyValueSpecification\",\"valueRequired\":true,\"valueName\":\"search_term_string\"}}],\"inLanguage\":\"et\"},{\"@type\":\"Organization\",\"@id\":\"https:\/\/thenordicsauna.com\/et\/#organization\",\"name\":\"TheNordicSauna\",\"alternateName\":\"TNS\",\"url\":\"https:\/\/thenordicsauna.com\/et\/\",\"logo\":{\"@type\":\"ImageObject\",\"inLanguage\":\"et\",\"@id\":\"https:\/\/thenordicsauna.com\/et\/#\/schema\/logo\/image\/\",\"url\":\"https:\/\/thenordicsauna.com\/wp-content\/uploads\/2025\/04\/TheNordicSauna-logo-white.svg\",\"contentUrl\":\"https:\/\/thenordicsauna.com\/wp-content\/uploads\/2025\/04\/TheNordicSauna-logo-white.svg\",\"width\":203,\"height\":203,\"caption\":\"TheNordicSauna\"},\"image\":{\"@id\":\"https:\/\/thenordicsauna.com\/et\/#\/schema\/logo\/image\/\"},\"sameAs\":[\"https:\/\/www.facebook.com\/TheNordicSauna\/\",\"https:\/\/www.instagram.com\/thenordicsauna\"]}]}<\/script>\n<!-- \/ Yoast SEO plugin. -->","yoast_head_json":{"title":"Digitaalne termomeeter | TheNordicSauna","description":"Digitaalne termomeeter annab t\u00e4psed temperatuurin\u00e4idud ja \u00fchendub otse sinu k\u00fcmblust\u00fcnniga. Vastupidav ja veekindel disain. M\u00fc\u00fcgil ainult koos k\u00fcmblust\u00fcnniga.","robots":{"index":"index","follow":"follow","max-snippet":"max-snippet:-1","max-image-preview":"max-image-preview:large","max-video-preview":"max-video-preview:-1"},"canonical":"https:\/\/thenordicsauna.com\/et\/e-pood\/digitaalne-termomeeter\/","og_locale":"et_EE","og_type":"article","og_title":"Digitaalne termomeeter | TheNordicSauna","og_description":"Digitaalne termomeeter annab t\u00e4psed temperatuurin\u00e4idud ja \u00fchendub otse sinu k\u00fcmblust\u00fcnniga. Vastupidav ja veekindel disain. M\u00fc\u00fcgil ainult koos k\u00fcmblust\u00fcnniga.","og_url":"https:\/\/thenordicsauna.com\/et\/e-pood\/digitaalne-termomeeter\/","og_site_name":"TheNordicSauna","article_publisher":"https:\/\/www.facebook.com\/TheNordicSauna\/","og_image":[{"width":800,"height":450,"url":"https:\/\/thenordicsauna.com\/wp-content\/uploads\/2025\/04\/digital-thermometer-1x1-1-e1730986829628.jpg","type":"image\/jpeg"}],"twitter_card":"summary_large_image","schema":{"@context":"https:\/\/schema.org","@graph":[{"@type":"WebPage","@id":"https:\/\/thenordicsauna.com\/et\/e-pood\/digitaalne-termomeeter\/","url":"https:\/\/thenordicsauna.com\/et\/e-pood\/digitaalne-termomeeter\/","name":"Digitaalne termomeeter | TheNordicSauna","isPartOf":{"@id":"https:\/\/thenordicsauna.com\/et\/#website"},"primaryImageOfPage":{"@id":"https:\/\/thenordicsauna.com\/et\/e-pood\/digitaalne-termomeeter\/#primaryimage"},"image":{"@id":"https:\/\/thenordicsauna.com\/et\/e-pood\/digitaalne-termomeeter\/#primaryimage"},"thumbnailUrl":"https:\/\/thenordicsauna.com\/wp-content\/uploads\/2025\/04\/digital-thermometer-1x1-1-e1730986829628.jpg","datePublished":"2025-04-26T00:47:07+00:00","description":"Digitaalne termomeeter annab t\u00e4psed temperatuurin\u00e4idud ja \u00fchendub otse sinu k\u00fcmblust\u00fcnniga. Vastupidav ja veekindel disain. M\u00fc\u00fcgil ainult koos k\u00fcmblust\u00fcnniga.","breadcrumb":{"@id":"https:\/\/thenordicsauna.com\/et\/e-pood\/digitaalne-termomeeter\/#breadcrumb"},"inLanguage":"et","potentialAction":[{"@type":"ReadAction","target":["https:\/\/thenordicsauna.com\/et\/e-pood\/digitaalne-termomeeter\/"]}]},{"@type":"ImageObject","inLanguage":"et","@id":"https:\/\/thenordicsauna.com\/et\/e-pood\/digitaalne-termomeeter\/#primaryimage","url":"https:\/\/thenordicsauna.com\/wp-content\/uploads\/2025\/04\/digital-thermometer-1x1-1-e1730986829628.jpg","contentUrl":"https:\/\/thenordicsauna.com\/wp-content\/uploads\/2025\/04\/digital-thermometer-1x1-1-e1730986829628.jpg","width":800,"height":450,"caption":"K\u00fcmblust\u00fcnni termomeeter"},{"@type":"BreadcrumbList","@id":"https:\/\/thenordicsauna.com\/et\/e-pood\/digitaalne-termomeeter\/#breadcrumb","itemListElement":[{"@type":"ListItem","position":1,"name":"Home","item":"https:\/\/thenordicsauna.com\/et\/taiuslik-spaaelamus-sinu-koduoues\/"},{"@type":"ListItem","position":2,"name":"E-pood","item":"https:\/\/thenordicsauna.com\/shop\/"},{"@type":"ListItem","position":3,"name":"Digitaalne termomeeter"}]},{"@type":"WebSite","@id":"https:\/\/thenordicsauna.com\/et\/#website","url":"https:\/\/thenordicsauna.com\/et\/","name":"TheNordicSauna","description":"Ultimate Outdoor SPA experience","publisher":{"@id":"https:\/\/thenordicsauna.com\/et\/#organization"},"alternateName":"TNS","potentialAction":[{"@type":"SearchAction","target":{"@type":"EntryPoint","urlTemplate":"https:\/\/thenordicsauna.com\/et\/?s={search_term_string}"},"query-input":{"@type":"PropertyValueSpecification","valueRequired":true,"valueName":"search_term_string"}}],"inLanguage":"et"},{"@type":"Organization","@id":"https:\/\/thenordicsauna.com\/et\/#organization","name":"TheNordicSauna","alternateName":"TNS","url":"https:\/\/thenordicsauna.com\/et\/","logo":{"@type":"ImageObject","inLanguage":"et","@id":"https:\/\/thenordicsauna.com\/et\/#\/schema\/logo\/image\/","url":"https:\/\/thenordicsauna.com\/wp-content\/uploads\/2025\/04\/TheNordicSauna-logo-white.svg","contentUrl":"https:\/\/thenordicsauna.com\/wp-content\/uploads\/2025\/04\/TheNordicSauna-logo-white.svg","width":203,"height":203,"caption":"TheNordicSauna"},"image":{"@id":"https:\/\/thenordicsauna.com\/et\/#\/schema\/logo\/image\/"},"sameAs":["https:\/\/www.facebook.com\/TheNordicSauna\/","https:\/\/www.instagram.com\/thenordicsauna"]}]}},"_links":{"self":[{"href":"https:\/\/thenordicsauna.com\/et\/wp-json\/wp\/v2\/product\/8015","targetHints":{"allow":["GET"]}}],"collection":[{"href":"https:\/\/thenordicsauna.com\/et\/wp-json\/wp\/v2\/product"}],"about":[{"href":"https:\/\/thenordicsauna.com\/et\/wp-json\/wp\/v2\/types\/product"}],"version-history":[{"count":0,"href":"https:\/\/thenordicsauna.com\/et\/wp-json\/wp\/v2\/product\/8015\/revisions"}],"wp:featuredmedia":[{"embeddable":true,"href":"https:\/\/thenordicsauna.com\/et\/wp-json\/wp\/v2\/media\/6180"}],"wp:attachment":[{"href":"https:\/\/thenordicsauna.com\/et\/wp-json\/wp\/v2\/media?parent=8015"}],"wp:term":[{"taxonomy":"product_brand","embeddable":true,"href":"https:\/\/thenordicsauna.com\/et\/wp-json\/wp\/v2\/product_brand?post=8015"},{"taxonomy":"product_cat","embeddable":true,"href":"https:\/\/thenordicsauna.com\/et\/wp-json\/wp\/v2\/product_cat?post=8015"},{"taxonomy":"product_tag","embeddable":true,"href":"https:\/\/thenordicsauna.com\/et\/wp-json\/wp\/v2\/product_tag?post=8015"}],"curies":[{"name":"wp","href":"https:\/\/api.w.org\/{rel}","templated":true}]}}