{"id":8622,"date":"2025-04-18T07:49:18","date_gmt":"2025-04-18T07:49:18","guid":{"rendered":"https:\/\/thenordicsauna.com\/kontakt\/"},"modified":"2025-10-27T17:52:04","modified_gmt":"2025-10-27T17:52:04","slug":"kontakt","status":"publish","type":"page","link":"https:\/\/thenordicsauna.com\/pl\/kontakt\/","title":{"rendered":"Kontakt"},"content":{"rendered":"\t\t<div data-elementor-type=\"wp-page\" data-elementor-id=\"8622\" class=\"elementor elementor-8622 elementor-547\" data-elementor-post-type=\"page\">\n\t\t\t\t<div class=\"elementor-element elementor-element-fa087ae e-flex e-con-boxed e-con e-parent\" data-id=\"fa087ae\" data-element_type=\"container\">\n\t\t\t\t\t<div class=\"e-con-inner\">\n\t\t<div class=\"elementor-element elementor-element-b2a6b47 e-con-full e-flex e-con e-child\" data-id=\"b2a6b47\" data-element_type=\"container\">\n\t\t\t\t<div class=\"elementor-element elementor-element-d428a2d elementor-widget elementor-widget-heading\" data-id=\"d428a2d\" data-element_type=\"widget\" data-widget_type=\"heading.default\">\n\t\t\t\t<div class=\"elementor-widget-container\">\n\t\t\t\t\t<h1 class=\"elementor-heading-title elementor-size-default\">Kontakt<\/h1>\t\t\t\t<\/div>\n\t\t\t\t<\/div>\n\t\t\t\t<div class=\"elementor-element elementor-element-5840f2a elementor-widget elementor-widget-text-editor\" data-id=\"5840f2a\" data-element_type=\"widget\" data-widget_type=\"text-editor.default\">\n\t\t\t\t<div class=\"elementor-widget-container\">\n\t\t\t\t\t\t\t\t\t<p>Przekszta\u0142\u0107 sw\u00f3j wolny czas w niezwyk\u0142e do\u015bwiadczenie.<\/p>\t\t\t\t\t\t\t\t<\/div>\n\t\t\t\t<\/div>\n\t\t\t\t<\/div>\n\t\t<div class=\"elementor-element elementor-element-4d19d67 e-con-full e-grid e-con e-child\" data-id=\"4d19d67\" data-element_type=\"container\">\n\t\t<div class=\"elementor-element elementor-element-9a4dbb4 e-con-full e-flex e-con e-child\" data-id=\"9a4dbb4\" data-element_type=\"container\">\n\t\t\t\t<div class=\"elementor-element elementor-element-17f5115 elementor-widget elementor-widget-heading\" data-id=\"17f5115\" data-element_type=\"widget\" data-widget_type=\"heading.default\">\n\t\t\t\t<div class=\"elementor-widget-container\">\n\t\t\t\t\t<h2 class=\"elementor-heading-title elementor-size-default\">Kontakty<\/h2>\t\t\t\t<\/div>\n\t\t\t\t<\/div>\n\t\t\t\t<div class=\"elementor-element elementor-element-fc484f7 elementor-list-item-link-inline elementor-icon-list--layout-traditional elementor-widget elementor-widget-icon-list\" data-id=\"fc484f7\" data-element_type=\"widget\" data-widget_type=\"icon-list.default\">\n\t\t\t\t<div class=\"elementor-widget-container\">\n\t\t\t\t\t\t\t<ul class=\"elementor-icon-list-items\">\n\t\t\t\t\t\t\t<li class=\"elementor-icon-list-item\">\n\t\t\t\t\t\t\t\t\t\t\t<a href=\"tel:+48501137692\">\n\n\t\t\t\t\t\t\t\t\t\t\t<span class=\"elementor-icon-list-text\">+48 501137692<\/span>\n\t\t\t\t\t\t\t\t\t\t\t<\/a>\n\t\t\t\t\t\t\t\t\t<\/li>\n\t\t\t\t\t\t\t\t<li class=\"elementor-icon-list-item\">\n\t\t\t\t\t\t\t\t\t\t\t<a href=\"mailto:poland@thenordicsauna.com\">\n\n\t\t\t\t\t\t\t\t\t\t\t<span class=\"elementor-icon-list-text\">poland@thenordicsauna.com<\/span>\n\t\t\t\t\t\t\t\t\t\t\t<\/a>\n\t\t\t\t\t\t\t\t\t<\/li>\n\t\t\t\t\t\t<\/ul>\n\t\t\t\t\t\t<\/div>\n\t\t\t\t<\/div>\n\t\t\t\t<div class=\"elementor-element elementor-element-ca005b5 elementor-widget elementor-widget-heading\" data-id=\"ca005b5\" data-element_type=\"widget\" data-widget_type=\"heading.default\">\n\t\t\t\t<div class=\"elementor-widget-container\">\n\t\t\t\t\t<p class=\"elementor-heading-title elementor-size-default\"><a href=\"mailto:poland@thenordicsauna.com\" target=\"_blank\" rel=\"nofollow\">Wy\u015blij e-mail<\/a><\/p>\t\t\t\t<\/div>\n\t\t\t\t<\/div>\n\t\t\t\t<div class=\"elementor-element elementor-element-846ba64 elementor-mobile-align-start elementor-align-start elementor-icon-list--layout-inline elementor-list-item-link-full_width elementor-widget elementor-widget-icon-list\" data-id=\"846ba64\" data-element_type=\"widget\" data-widget_type=\"icon-list.default\">\n\t\t\t\t<div class=\"elementor-widget-container\">\n\t\t\t\t\t\t\t<ul class=\"elementor-icon-list-items elementor-inline-items\">\n\t\t\t\t\t\t\t<li class=\"elementor-icon-list-item elementor-inline-item\">\n\t\t\t\t\t\t\t\t\t\t\t<a href=\"https:\/\/www.facebook.com\/TheNordicSauna\/\" target=\"_blank\" rel=\"nofollow\" aria-label=\"Facebook\">\n\n\t\t\t\t\t\t\t\t\t\t\t\t<span class=\"elementor-icon-list-icon\">\n\t\t\t\t\t\t\t<svg xmlns=\"http:\/\/www.w3.org\/2000\/svg\" xmlns:xlink=\"http:\/\/www.w3.org\/1999\/xlink\" id=\"bd4334e6-09da-43ff-b58e-ba2604a2631a\" x=\"0px\" y=\"0px\" viewBox=\"0 0 179.1 179.1\" style=\"enable-background:new 0 0 179.1 179.1;\" xml:space=\"preserve\"><style type=\"text\/css\">\t.st0{fill:#BCA582;}\t.st1{fill:#FFF5EC;}<\/style><g>\t<circle class=\"st0\" cx=\"89.6\" cy=\"89.6\" r=\"89.6\"><\/circle>\t<path class=\"st1\" d=\"M106.1,93.7l2-12.9H95.7v-8.4c0-3.5,1.7-7,7.3-7h5.6v-11c-3.3-0.5-6.6-0.8-10-0.9c-10.2,0-16.8,6.2-16.8,17.3  v9.8H70.5v12.9h11.3v31.1c4.6,0.7,9.3,0.7,13.9,0V93.7H106.1z\"><\/path><\/g><\/svg>\t\t\t\t\t\t<\/span>\n\t\t\t\t\t\t\t\t\t\t<span class=\"elementor-icon-list-text\"><\/span>\n\t\t\t\t\t\t\t\t\t\t\t<\/a>\n\t\t\t\t\t\t\t\t\t<\/li>\n\t\t\t\t\t\t\t\t<li class=\"elementor-icon-list-item elementor-inline-item\">\n\t\t\t\t\t\t\t\t\t\t\t<a href=\"https:\/\/instagram.com\/TheNordicSauna\" target=\"_blank\" rel=\"nofollow\" aria-label=\"Instagram\">\n\n\t\t\t\t\t\t\t\t\t\t\t\t<span class=\"elementor-icon-list-icon\">\n\t\t\t\t\t\t\t<svg xmlns=\"http:\/\/www.w3.org\/2000\/svg\" xmlns:xlink=\"http:\/\/www.w3.org\/1999\/xlink\" id=\"b841895f-3558-4f35-a6df-1cdbad6ba51a\" x=\"0px\" y=\"0px\" viewBox=\"0 0 179.1 179.1\" style=\"enable-background:new 0 0 179.1 179.1;\" xml:space=\"preserve\"><style type=\"text\/css\">\t.st0{fill:#BCA582;}\t.st1{fill:#FFF5EC;}<\/style><g>\t<circle class=\"st0\" cx=\"89.6\" cy=\"89.6\" r=\"89.6\"><\/circle>\t<g>\t\t<path class=\"st1\" d=\"M103.5,59.6c8.9,0,16.1,7.2,16.1,16.1v27.8c0,8.9-7.2,16.1-16.1,16.1l0,0H75.7c-8.9,0-16.1-7.2-16.1-16.1l0,0   V75.7c0-8.9,7.2-16.1,16.1-16.1H103.5 M103.5,53.7H75.7c-12.1,0-21.9,9.8-21.9,21.9v27.8c0,12.1,9.8,21.9,21.9,21.9h27.8   c12.1,0,21.9-9.8,21.9-21.9V75.7C125.4,63.6,115.6,53.8,103.5,53.7L103.5,53.7z\"><\/path>\t\t<path class=\"st1\" d=\"M108.7,66.2c-2.3,0-4.2,1.9-4.2,4.2s1.9,4.2,4.2,4.2c2.3,0,4.2-1.9,4.2-4.2C112.9,68,111,66.2,108.7,66.2   L108.7,66.2z\"><\/path>\t\t<path class=\"st1\" d=\"M89.8,76.7c7.1,0,12.9,5.8,12.9,12.9s-5.8,12.9-12.9,12.9s-12.9-5.8-12.9-12.9l0,0l0,0   C76.9,82.5,82.6,76.8,89.8,76.7 M89.8,70.9C79.4,70.9,71,79.3,71,89.7s8.4,18.8,18.8,18.8s18.8-8.4,18.8-18.8   C108.6,79.3,100.2,70.9,89.8,70.9L89.8,70.9z\"><\/path>\t<\/g><\/g><\/svg>\t\t\t\t\t\t<\/span>\n\t\t\t\t\t\t\t\t\t\t<span class=\"elementor-icon-list-text\"><\/span>\n\t\t\t\t\t\t\t\t\t\t\t<\/a>\n\t\t\t\t\t\t\t\t\t<\/li>\n\t\t\t\t\t\t<\/ul>\n\t\t\t\t\t\t<\/div>\n\t\t\t\t<\/div>\n\t\t\t\t<\/div>\n\t\t<div class=\"elementor-element elementor-element-11da06e e-con-full e-flex e-con e-child\" data-id=\"11da06e\" data-element_type=\"container\">\n\t\t\t\t<div class=\"elementor-element elementor-element-cb72dea elementor-widget elementor-widget-heading\" data-id=\"cb72dea\" data-element_type=\"widget\" data-widget_type=\"heading.default\">\n\t\t\t\t<div class=\"elementor-widget-container\">\n\t\t\t\t\t<h2 class=\"elementor-heading-title elementor-size-default\">Biuro<\/h2>\t\t\t\t<\/div>\n\t\t\t\t<\/div>\n\t\t\t\t<div class=\"elementor-element elementor-element-1e230b8 elementor-list-item-link-inline elementor-icon-list--layout-traditional elementor-widget elementor-widget-icon-list\" data-id=\"1e230b8\" data-element_type=\"widget\" data-widget_type=\"icon-list.default\">\n\t\t\t\t<div class=\"elementor-widget-container\">\n\t\t\t\t\t\t\t<ul class=\"elementor-icon-list-items\">\n\t\t\t\t\t\t\t<li class=\"elementor-icon-list-item\">\n\t\t\t\t\t\t\t\t\t\t<span class=\"elementor-icon-list-text\">UL. NADBRZE\u017bNA 38C<br>58-250 Pieszyce, Polska<\/span>\n\t\t\t\t\t\t\t\t\t<\/li>\n\t\t\t\t\t\t<\/ul>\n\t\t\t\t\t\t<\/div>\n\t\t\t\t<\/div>\n\t\t\t\t<div class=\"elementor-element elementor-element-88fbd3a elementor-widget elementor-widget-heading\" data-id=\"88fbd3a\" data-element_type=\"widget\" data-widget_type=\"heading.default\">\n\t\t\t\t<div class=\"elementor-widget-container\">\n\t\t\t\t\t<p class=\"elementor-heading-title elementor-size-default\"><a href=\"https:\/\/maps.app.goo.gl\/orvhPt1hq93ETwsh6\" target=\"_blank\" rel=\"nofollow\">Wy\u015bwietl na mapie<\/a><\/p>\t\t\t\t<\/div>\n\t\t\t\t<\/div>\n\t\t\t\t<\/div>\n\t\t<div class=\"elementor-element elementor-element-ebd0be9 e-con-full e-flex e-con e-child\" data-id=\"ebd0be9\" data-element_type=\"container\">\n\t\t\t\t<div class=\"elementor-element elementor-element-42160a8 elementor-widget elementor-widget-heading\" data-id=\"42160a8\" data-element_type=\"widget\" data-widget_type=\"heading.default\">\n\t\t\t\t<div class=\"elementor-widget-container\">\n\t\t\t\t\t<h2 class=\"elementor-heading-title elementor-size-default\">Biznes<\/h2>\t\t\t\t<\/div>\n\t\t\t\t<\/div>\n\t\t\t\t<div class=\"elementor-element elementor-element-de5362e elementor-list-item-link-inline elementor-icon-list--layout-traditional elementor-widget elementor-widget-icon-list\" data-id=\"de5362e\" data-element_type=\"widget\" data-widget_type=\"icon-list.default\">\n\t\t\t\t<div class=\"elementor-widget-container\">\n\t\t\t\t\t\t\t<ul class=\"elementor-icon-list-items\">\n\t\t\t\t\t\t\t<li class=\"elementor-icon-list-item\">\n\t\t\t\t\t\t\t\t\t\t<span class=\"elementor-icon-list-text\">Leda Chemical Consulting Sp. z o.o<\/span>\n\t\t\t\t\t\t\t\t\t<\/li>\n\t\t\t\t\t\t\t\t<li class=\"elementor-icon-list-item\">\n\t\t\t\t\t\t\t\t\t\t<span class=\"elementor-icon-list-text\">Reg. 894-23-32-255<\/span>\n\t\t\t\t\t\t\t\t\t<\/li>\n\t\t\t\t\t\t<\/ul>\n\t\t\t\t\t\t<\/div>\n\t\t\t\t<\/div>\n\t\t\t\t<div class=\"elementor-element elementor-element-cf98aaa elementor-widget elementor-widget-heading\" data-id=\"cf98aaa\" data-element_type=\"widget\" data-widget_type=\"heading.default\">\n\t\t\t\t<div class=\"elementor-widget-container\">\n\t\t\t\t\t<p class=\"elementor-heading-title elementor-size-default\"><a href=\"https:\/\/www.biznes.gov.pl\/pl\/wyszukiwarka-firm\/wpis\/krs\/0000175308\" target=\"_blank\" rel=\"nofollow\">Szczeg\u00f3\u0142y finansowe<\/a><\/p>\t\t\t\t<\/div>\n\t\t\t\t<\/div>\n\t\t\t\t<\/div>\n\t\t<div class=\"elementor-element elementor-element-44296f5 e-con-full e-flex e-con e-child\" data-id=\"44296f5\" data-element_type=\"container\">\n\t\t\t\t<div class=\"elementor-element elementor-element-9f435b8 elementor-widget elementor-widget-heading\" data-id=\"9f435b8\" data-element_type=\"widget\" data-widget_type=\"heading.default\">\n\t\t\t\t<div class=\"elementor-widget-container\">\n\t\t\t\t\t<h2 class=\"elementor-heading-title elementor-size-default\">Wysy\u0142ka<\/h2>\t\t\t\t<\/div>\n\t\t\t\t<\/div>\n\t\t\t\t<div class=\"elementor-element elementor-element-fccf544 elementor-list-item-link-inline elementor-icon-list--layout-traditional elementor-widget elementor-widget-icon-list\" data-id=\"fccf544\" data-element_type=\"widget\" data-widget_type=\"icon-list.default\">\n\t\t\t\t<div class=\"elementor-widget-container\">\n\t\t\t\t\t\t\t<ul class=\"elementor-icon-list-items\">\n\t\t\t\t\t\t\t<li class=\"elementor-icon-list-item\">\n\t\t\t\t\t\t\t\t\t\t<span class=\"elementor-icon-list-text\">Tak, wysy\u0142ka jest mo\u017cliwa:&nbsp;Estonia, Baltic States, Scandinavia, EU.<\/span>\n\t\t\t\t\t\t\t\t\t<\/li>\n\t\t\t\t\t\t\t\t<li class=\"elementor-icon-list-item\">\n\t\t\t\t\t\t\t\t\t\t<span class=\"elementor-icon-list-text\">Jeste\u015b zainteresowany dystrybucj\u0105? Skontaktuj si\u0119 z nami! <\/span>\n\t\t\t\t\t\t\t\t\t<\/li>\n\t\t\t\t\t\t<\/ul>\n\t\t\t\t\t\t<\/div>\n\t\t\t\t<\/div>\n\t\t\t\t<\/div>\n\t\t\t\t<\/div>\n\t\t\t\t\t<\/div>\n\t\t\t\t<\/div>\n\t\t<div data-dce-background-color=\"#271A10\" data-dce-background-overlay-color=\"#31302D\" data-dce-background-image-url=\"https:\/\/thenordicsauna.com\/wp-content\/uploads\/2025\/04\/333.jpg\" class=\"elementor-element elementor-element-4d01a8f1 e-flex e-con-boxed e-con e-parent\" data-id=\"4d01a8f1\" data-element_type=\"container\" data-settings=\"{&quot;background_background&quot;:&quot;classic&quot;,&quot;shape_divider_top&quot;:&quot;pyramids&quot;,&quot;shape_divider_bottom&quot;:&quot;pyramids&quot;}\">\n\t\t\t\t\t<div class=\"e-con-inner\">\n\t\t\t\t<div class=\"elementor-shape elementor-shape-top\" aria-hidden=\"true\" data-negative=\"false\">\n\t\t\t<svg xmlns=\"http:\/\/www.w3.org\/2000\/svg\" viewBox=\"0 0 1000 100\" preserveAspectRatio=\"none\">\n\t<path class=\"elementor-shape-fill\" d=\"M761.9,44.1L643.1,27.2L333.8,98L0,3.8V0l1000,0v3.9\"\/>\n<\/svg>\t\t<\/div>\n\t\t\t\t<div class=\"elementor-shape elementor-shape-bottom\" aria-hidden=\"true\" data-negative=\"false\">\n\t\t\t<svg xmlns=\"http:\/\/www.w3.org\/2000\/svg\" viewBox=\"0 0 1000 100\" preserveAspectRatio=\"none\">\n\t<path class=\"elementor-shape-fill\" d=\"M761.9,44.1L643.1,27.2L333.8,98L0,3.8V0l1000,0v3.9\"\/>\n<\/svg>\t\t<\/div>\n\t\t\t\t<div class=\"elementor-element elementor-element-597f263f animated-fast elementor-headline--style-highlight elementor-invisible elementor-widget elementor-widget-animated-headline\" data-id=\"597f263f\" data-element_type=\"widget\" data-settings=\"{&quot;highlighted_text&quot;:&quot;Teraz&quot;,&quot;_animation&quot;:&quot;fadeIn&quot;,&quot;headline_style&quot;:&quot;highlight&quot;,&quot;marker&quot;:&quot;circle&quot;,&quot;loop&quot;:&quot;yes&quot;,&quot;highlight_animation_duration&quot;:1200,&quot;highlight_iteration_delay&quot;:8000}\" data-widget_type=\"animated-headline.default\">\n\t\t\t\t<div class=\"elementor-widget-container\">\n\t\t\t\t\t\t\t<h2 class=\"elementor-headline\">\n\t\t\t\t\t<span class=\"elementor-headline-plain-text elementor-headline-text-wrapper\">Zam\u00f3wienie  <\/span>\n\t\t\t\t<span class=\"elementor-headline-dynamic-wrapper elementor-headline-text-wrapper\">\n\t\t\t\t\t<span class=\"elementor-headline-dynamic-text elementor-headline-text-active\">Teraz<\/span>\n\t\t\t\t<\/span>\n\t\t\t\t<\/h2>\n\t\t\t\t\t\t<\/div>\n\t\t\t\t<\/div>\n\t\t\t\t<div class=\"elementor-element elementor-element-590cf34c elementor-invisible elementor-widget elementor-widget-text-editor\" data-id=\"590cf34c\" data-element_type=\"widget\" data-settings=\"{&quot;_animation&quot;:&quot;fadeIn&quot;,&quot;_animation_delay&quot;:300}\" data-widget_type=\"text-editor.default\">\n\t\t\t\t<div class=\"elementor-widget-container\">\n\t\t\t\t\t\t\t\t\t<p>Ulepsz swoje doznania relaksacyjne ju\u017c dzi\u015b. Zam\u00f3w swoj\u0105 wymarzon\u0105 saun\u0119 lub wann\u0119 z hydromasa\u017cem i zanurz si\u0119 w najwy\u017cszym komforcie.<\/p>\t\t\t\t\t\t\t\t<\/div>\n\t\t\t\t<\/div>\n\t\t\t\t<div class=\"elementor-element elementor-element-7dac63f0 elementor-align-center elementor-tablet-align-center elementor-mobile-align-center elementor-widget elementor-widget-button\" data-id=\"7dac63f0\" data-element_type=\"widget\" data-widget_type=\"button.default\">\n\t\t\t\t<div class=\"elementor-widget-container\">\n\t\t\t\t\t\t\t\t\t<div class=\"elementor-button-wrapper\">\n\t\t\t\t\t<a class=\"elementor-button elementor-button-link elementor-size-sm\" href=\"https:\/\/thenordicsauna.com\/pl\/sklep\/\">\n\t\t\t\t\t\t<span class=\"elementor-button-content-wrapper\">\n\t\t\t\t\t\t\t\t\t<span class=\"elementor-button-text\">Znajd\u017a sw\u00f3j produkt<\/span>\n\t\t\t\t\t<\/span>\n\t\t\t\t\t<\/a>\n\t\t\t\t<\/div>\n\t\t\t\t\t\t\t\t<\/div>\n\t\t\t\t<\/div>\n\t\t\t\t\t<\/div>\n\t\t\t\t<\/div>\n\t\t\t\t<\/div>\n\t\t","protected":false},"excerpt":{"rendered":"<p>Kontakt Przekszta\u0142\u0107 sw\u00f3j wolny czas w niezwyk\u0142e do\u015bwiadczenie. Kontakty +48 501137692 poland@thenordicsauna.com Wy\u015blij e-mail Biuro UL. NADBRZE\u017bNA 38C58-250 Pieszyce, Polska Wy\u015bwietl na mapie Biznes Leda Chemical Consulting Sp. z o.o Reg. 894-23-32-255 Szczeg\u00f3\u0142y finansowe Wysy\u0142ka Tak, wysy\u0142ka jest mo\u017cliwa:&nbsp;Estonia, Baltic States, Scandinavia, EU. Jeste\u015b zainteresowany dystrybucj\u0105? Skontaktuj si\u0119 z nami! Zam\u00f3wienie Teraz Ulepsz swoje doznania [&hellip;]<\/p>\n","protected":false},"author":2,"featured_media":6065,"parent":0,"menu_order":0,"comment_status":"closed","ping_status":"closed","template":"","meta":{"_acf_changed":false,"footnotes":""},"class_list":["post-8622","page","type-page","status-publish","has-post-thumbnail","hentry"],"acf":[],"yoast_head":"<!-- This site is optimized with the Yoast SEO plugin v26.6 - https:\/\/yoast.com\/wordpress\/plugins\/seo\/ -->\n<title>Kontakt | TheNordicSauna<\/title>\n<meta name=\"robots\" content=\"index, follow, max-snippet:-1, max-image-preview:large, max-video-preview:-1\" \/>\n<link rel=\"canonical\" href=\"https:\/\/thenordicsauna.com\/pl\/kontakt\/\" \/>\n<meta property=\"og:locale\" content=\"pl_PL\" \/>\n<meta property=\"og:type\" content=\"article\" \/>\n<meta property=\"og:title\" content=\"Kontakt | TheNordicSauna\" \/>\n<meta property=\"og:description\" content=\"Kontakt Przekszta\u0142\u0107 sw\u00f3j wolny czas w niezwyk\u0142e do\u015bwiadczenie. Kontakty +48 501137692 poland@thenordicsauna.com Wy\u015blij e-mail Biuro UL. NADBRZE\u017bNA 38C58-250 Pieszyce, Polska Wy\u015bwietl na mapie Biznes Leda Chemical Consulting Sp. z o.o Reg. 894-23-32-255 Szczeg\u00f3\u0142y finansowe Wysy\u0142ka Tak, wysy\u0142ka jest mo\u017cliwa:&nbsp;Estonia, Baltic States, Scandinavia, EU. Jeste\u015b zainteresowany dystrybucj\u0105? Skontaktuj si\u0119 z nami! Zam\u00f3wienie Teraz Ulepsz swoje doznania [&hellip;]\" \/>\n<meta property=\"og:url\" content=\"https:\/\/thenordicsauna.com\/pl\/kontakt\/\" \/>\n<meta property=\"og:site_name\" content=\"TheNordicSauna\" \/>\n<meta property=\"article:publisher\" content=\"https:\/\/www.facebook.com\/TheNordicSauna\/\" \/>\n<meta property=\"article:modified_time\" content=\"2025-10-27T17:52:04+00:00\" \/>\n<meta property=\"og:image\" content=\"https:\/\/thenordicsauna.com\/wp-content\/uploads\/2025\/04\/TNS-metal-logo.jpg\" \/>\n\t<meta property=\"og:image:width\" content=\"2400\" \/>\n\t<meta property=\"og:image:height\" content=\"2400\" \/>\n\t<meta property=\"og:image:type\" content=\"image\/jpeg\" \/>\n<meta name=\"twitter:card\" content=\"summary_large_image\" \/>\n<script type=\"application\/ld+json\" class=\"yoast-schema-graph\">{\"@context\":\"https:\/\/schema.org\",\"@graph\":[{\"@type\":\"WebPage\",\"@id\":\"https:\/\/thenordicsauna.com\/pl\/kontakt\/\",\"url\":\"https:\/\/thenordicsauna.com\/pl\/kontakt\/\",\"name\":\"Kontakt | TheNordicSauna\",\"isPartOf\":{\"@id\":\"https:\/\/thenordicsauna.com\/pl\/#website\"},\"primaryImageOfPage\":{\"@id\":\"https:\/\/thenordicsauna.com\/pl\/kontakt\/#primaryimage\"},\"image\":{\"@id\":\"https:\/\/thenordicsauna.com\/pl\/kontakt\/#primaryimage\"},\"thumbnailUrl\":\"https:\/\/thenordicsauna.com\/wp-content\/uploads\/2025\/04\/TNS-metal-logo.jpg\",\"datePublished\":\"2025-04-18T07:49:18+00:00\",\"dateModified\":\"2025-10-27T17:52:04+00:00\",\"breadcrumb\":{\"@id\":\"https:\/\/thenordicsauna.com\/pl\/kontakt\/#breadcrumb\"},\"inLanguage\":\"pl-PL\",\"potentialAction\":[{\"@type\":\"ReadAction\",\"target\":[\"https:\/\/thenordicsauna.com\/pl\/kontakt\/\"]}]},{\"@type\":\"ImageObject\",\"inLanguage\":\"pl-PL\",\"@id\":\"https:\/\/thenordicsauna.com\/pl\/kontakt\/#primaryimage\",\"url\":\"https:\/\/thenordicsauna.com\/wp-content\/uploads\/2025\/04\/TNS-metal-logo.jpg\",\"contentUrl\":\"https:\/\/thenordicsauna.com\/wp-content\/uploads\/2025\/04\/TNS-metal-logo.jpg\",\"width\":2400,\"height\":2400,\"caption\":\"TheNordicSauna\"},{\"@type\":\"BreadcrumbList\",\"@id\":\"https:\/\/thenordicsauna.com\/pl\/kontakt\/#breadcrumb\",\"itemListElement\":[{\"@type\":\"ListItem\",\"position\":1,\"name\":\"Home\",\"item\":\"https:\/\/thenordicsauna.com\/pl\/strona-glowna\/\"},{\"@type\":\"ListItem\",\"position\":2,\"name\":\"Kontakt\"}]},{\"@type\":\"WebSite\",\"@id\":\"https:\/\/thenordicsauna.com\/pl\/#website\",\"url\":\"https:\/\/thenordicsauna.com\/pl\/\",\"name\":\"TheNordicSauna\",\"description\":\"Ultimate Outdoor SPA experience\",\"publisher\":{\"@id\":\"https:\/\/thenordicsauna.com\/pl\/#organization\"},\"alternateName\":\"TNS\",\"potentialAction\":[{\"@type\":\"SearchAction\",\"target\":{\"@type\":\"EntryPoint\",\"urlTemplate\":\"https:\/\/thenordicsauna.com\/pl\/?s={search_term_string}\"},\"query-input\":{\"@type\":\"PropertyValueSpecification\",\"valueRequired\":true,\"valueName\":\"search_term_string\"}}],\"inLanguage\":\"pl-PL\"},{\"@type\":\"Organization\",\"@id\":\"https:\/\/thenordicsauna.com\/pl\/#organization\",\"name\":\"TheNordicSauna\",\"alternateName\":\"TNS\",\"url\":\"https:\/\/thenordicsauna.com\/pl\/\",\"logo\":{\"@type\":\"ImageObject\",\"inLanguage\":\"pl-PL\",\"@id\":\"https:\/\/thenordicsauna.com\/pl\/#\/schema\/logo\/image\/\",\"url\":\"https:\/\/thenordicsauna.com\/wp-content\/uploads\/2025\/04\/TheNordicSauna-logo-white.svg\",\"contentUrl\":\"https:\/\/thenordicsauna.com\/wp-content\/uploads\/2025\/04\/TheNordicSauna-logo-white.svg\",\"width\":203,\"height\":203,\"caption\":\"TheNordicSauna\"},\"image\":{\"@id\":\"https:\/\/thenordicsauna.com\/pl\/#\/schema\/logo\/image\/\"},\"sameAs\":[\"https:\/\/www.facebook.com\/TheNordicSauna\/\",\"https:\/\/www.instagram.com\/thenordicsauna\"]}]}<\/script>\n<!-- \/ Yoast SEO plugin. -->","yoast_head_json":{"title":"Kontakt | TheNordicSauna","robots":{"index":"index","follow":"follow","max-snippet":"max-snippet:-1","max-image-preview":"max-image-preview:large","max-video-preview":"max-video-preview:-1"},"canonical":"https:\/\/thenordicsauna.com\/pl\/kontakt\/","og_locale":"pl_PL","og_type":"article","og_title":"Kontakt | TheNordicSauna","og_description":"Kontakt Przekszta\u0142\u0107 sw\u00f3j wolny czas w niezwyk\u0142e do\u015bwiadczenie. Kontakty +48 501137692 poland@thenordicsauna.com Wy\u015blij e-mail Biuro UL. NADBRZE\u017bNA 38C58-250 Pieszyce, Polska Wy\u015bwietl na mapie Biznes Leda Chemical Consulting Sp. z o.o Reg. 894-23-32-255 Szczeg\u00f3\u0142y finansowe Wysy\u0142ka Tak, wysy\u0142ka jest mo\u017cliwa:&nbsp;Estonia, Baltic States, Scandinavia, EU. Jeste\u015b zainteresowany dystrybucj\u0105? Skontaktuj si\u0119 z nami! Zam\u00f3wienie Teraz Ulepsz swoje doznania [&hellip;]","og_url":"https:\/\/thenordicsauna.com\/pl\/kontakt\/","og_site_name":"TheNordicSauna","article_publisher":"https:\/\/www.facebook.com\/TheNordicSauna\/","article_modified_time":"2025-10-27T17:52:04+00:00","og_image":[{"width":2400,"height":2400,"url":"https:\/\/thenordicsauna.com\/wp-content\/uploads\/2025\/04\/TNS-metal-logo.jpg","type":"image\/jpeg"}],"twitter_card":"summary_large_image","schema":{"@context":"https:\/\/schema.org","@graph":[{"@type":"WebPage","@id":"https:\/\/thenordicsauna.com\/pl\/kontakt\/","url":"https:\/\/thenordicsauna.com\/pl\/kontakt\/","name":"Kontakt | TheNordicSauna","isPartOf":{"@id":"https:\/\/thenordicsauna.com\/pl\/#website"},"primaryImageOfPage":{"@id":"https:\/\/thenordicsauna.com\/pl\/kontakt\/#primaryimage"},"image":{"@id":"https:\/\/thenordicsauna.com\/pl\/kontakt\/#primaryimage"},"thumbnailUrl":"https:\/\/thenordicsauna.com\/wp-content\/uploads\/2025\/04\/TNS-metal-logo.jpg","datePublished":"2025-04-18T07:49:18+00:00","dateModified":"2025-10-27T17:52:04+00:00","breadcrumb":{"@id":"https:\/\/thenordicsauna.com\/pl\/kontakt\/#breadcrumb"},"inLanguage":"pl-PL","potentialAction":[{"@type":"ReadAction","target":["https:\/\/thenordicsauna.com\/pl\/kontakt\/"]}]},{"@type":"ImageObject","inLanguage":"pl-PL","@id":"https:\/\/thenordicsauna.com\/pl\/kontakt\/#primaryimage","url":"https:\/\/thenordicsauna.com\/wp-content\/uploads\/2025\/04\/TNS-metal-logo.jpg","contentUrl":"https:\/\/thenordicsauna.com\/wp-content\/uploads\/2025\/04\/TNS-metal-logo.jpg","width":2400,"height":2400,"caption":"TheNordicSauna"},{"@type":"BreadcrumbList","@id":"https:\/\/thenordicsauna.com\/pl\/kontakt\/#breadcrumb","itemListElement":[{"@type":"ListItem","position":1,"name":"Home","item":"https:\/\/thenordicsauna.com\/pl\/strona-glowna\/"},{"@type":"ListItem","position":2,"name":"Kontakt"}]},{"@type":"WebSite","@id":"https:\/\/thenordicsauna.com\/pl\/#website","url":"https:\/\/thenordicsauna.com\/pl\/","name":"TheNordicSauna","description":"Ultimate Outdoor SPA experience","publisher":{"@id":"https:\/\/thenordicsauna.com\/pl\/#organization"},"alternateName":"TNS","potentialAction":[{"@type":"SearchAction","target":{"@type":"EntryPoint","urlTemplate":"https:\/\/thenordicsauna.com\/pl\/?s={search_term_string}"},"query-input":{"@type":"PropertyValueSpecification","valueRequired":true,"valueName":"search_term_string"}}],"inLanguage":"pl-PL"},{"@type":"Organization","@id":"https:\/\/thenordicsauna.com\/pl\/#organization","name":"TheNordicSauna","alternateName":"TNS","url":"https:\/\/thenordicsauna.com\/pl\/","logo":{"@type":"ImageObject","inLanguage":"pl-PL","@id":"https:\/\/thenordicsauna.com\/pl\/#\/schema\/logo\/image\/","url":"https:\/\/thenordicsauna.com\/wp-content\/uploads\/2025\/04\/TheNordicSauna-logo-white.svg","contentUrl":"https:\/\/thenordicsauna.com\/wp-content\/uploads\/2025\/04\/TheNordicSauna-logo-white.svg","width":203,"height":203,"caption":"TheNordicSauna"},"image":{"@id":"https:\/\/thenordicsauna.com\/pl\/#\/schema\/logo\/image\/"},"sameAs":["https:\/\/www.facebook.com\/TheNordicSauna\/","https:\/\/www.instagram.com\/thenordicsauna"]}]}},"_links":{"self":[{"href":"https:\/\/thenordicsauna.com\/pl\/wp-json\/wp\/v2\/pages\/8622","targetHints":{"allow":["GET"]}}],"collection":[{"href":"https:\/\/thenordicsauna.com\/pl\/wp-json\/wp\/v2\/pages"}],"about":[{"href":"https:\/\/thenordicsauna.com\/pl\/wp-json\/wp\/v2\/types\/page"}],"author":[{"embeddable":true,"href":"https:\/\/thenordicsauna.com\/pl\/wp-json\/wp\/v2\/users\/2"}],"replies":[{"embeddable":true,"href":"https:\/\/thenordicsauna.com\/pl\/wp-json\/wp\/v2\/comments?post=8622"}],"version-history":[{"count":14,"href":"https:\/\/thenordicsauna.com\/pl\/wp-json\/wp\/v2\/pages\/8622\/revisions"}],"predecessor-version":[{"id":8982,"href":"https:\/\/thenordicsauna.com\/pl\/wp-json\/wp\/v2\/pages\/8622\/revisions\/8982"}],"wp:featuredmedia":[{"embeddable":true,"href":"https:\/\/thenordicsauna.com\/pl\/wp-json\/wp\/v2\/media\/6065"}],"wp:attachment":[{"href":"https:\/\/thenordicsauna.com\/pl\/wp-json\/wp\/v2\/media?parent=8622"}],"curies":[{"name":"wp","href":"https:\/\/api.w.org\/{rel}","templated":true}]}}