{"id":8675,"date":"2025-04-18T07:56:46","date_gmt":"2025-04-18T07:56:46","guid":{"rendered":"https:\/\/thenordicsauna.com\/rodo\/"},"modified":"2025-10-21T17:04:28","modified_gmt":"2025-10-21T17:04:28","slug":"rodo","status":"publish","type":"page","link":"https:\/\/thenordicsauna.com\/pl\/rodo\/","title":{"rendered":"RODO"},"content":{"rendered":"\t\t<div data-elementor-type=\"wp-page\" data-elementor-id=\"8675\" class=\"elementor elementor-8675 elementor-551\" data-elementor-post-type=\"page\">\n\t\t\t\t<div class=\"elementor-element elementor-element-57930d8 e-flex e-con-boxed e-con e-parent\" data-id=\"57930d8\" data-element_type=\"container\">\n\t\t\t\t\t<div class=\"e-con-inner\">\n\t\t\t\t<div class=\"elementor-element elementor-element-469c0ed elementor-widget elementor-widget-heading\" data-id=\"469c0ed\" data-element_type=\"widget\" data-widget_type=\"heading.default\">\n\t\t\t\t<div class=\"elementor-widget-container\">\n\t\t\t\t\t<h1 class=\"elementor-heading-title elementor-size-default\">Polityka prywatno\u015bci<\/h1>\t\t\t\t<\/div>\n\t\t\t\t<\/div>\n\t\t\t\t<div class=\"elementor-element elementor-element-ed027a3 elementor-widget elementor-widget-text-editor\" data-id=\"ed027a3\" data-element_type=\"widget\" data-widget_type=\"text-editor.default\">\n\t\t\t\t<div class=\"elementor-widget-container\">\n\t\t\t\t\t\t\t\t\t<p>Niniejsza Polityka prywatno\u015bci ma zastosowanie do wszystkich danych osobowych, kt\u00f3re nam przekazujesz lub kt\u00f3re zbieramy i przetwarzamy podczas korzystania z witryny thenordicsauna.com.<\/p><p>Twoje dane, kt\u00f3re zbieramy na naszej stronie internetowej, s\u0105 przetwarzane przez E.M.Group O\u00dc, kod podmiotu prawnego 12754276, adres siedziby Jakobsoni tn 17-61, 10128 Tallinn, Estonia. \u201eMy\u201d lub \u201enas\u201d w niniejszej Polityce prywatno\u015bci odnosi si\u0119 do odpowiedniej sp\u00f3\u0142ki E.M.Group O\u00dc <\/p><p>z kim u\u017cytkownik skontaktowa\u0142 si\u0119 za po\u015brednictwem strony internetowej lub kto uzyska\u0142 dost\u0119p do danych osobowych u\u017cytkownika w wyniku korzystania przez niego ze strony internetowej lub innych odpowiednich us\u0142ug.<\/p><p>Niniejsza Polityka prywatno\u015bci wyja\u015bnia, dlaczego gromadzimy dane osobowe u\u017cytkownik\u00f3w i pliki cookie, jak one dzia\u0142aj\u0105 i jak z nich korzystamy.<\/p><h3>Formularz kontaktowy<\/h3><p>Wykorzystujemy i przetwarzamy Twoje dane osobowe (imi\u0119 i nazwisko, nazw\u0119 firmy, adres e-mail, numer telefonu i tre\u015b\u0107 zapytania) wprowadzone w sekcjach \u201eKontakt\u201d i \u201eWy\u015blij zapytanie\u201d na naszej stronie internetowej w celu udzielenia odpowiedzi na Twoje zapytania na podstawie naszych uzasadnionych interes\u00f3w, w szczeg\u00f3lno\u015bci zwi\u0105zanych z prowadzeniem dzia\u0142alno\u015bci zawodowej. Udzielenie odpowiedzi i dalsza komunikacja s\u0105 uzale\u017cnione od przekazania nam danych osobowych. <\/p><p>Twoje dane osobowe w celu przygotowania odpowiedzi na zapytania s\u0105 przechowywane nie d\u0142u\u017cej ni\u017c 3 lata.<\/p><h3>Newsletter<\/h3><p>Wykorzystujemy i przetwarzamy dane osobowe u\u017cytkownika (adres e-mail) do cel\u00f3w marketingu bezpo\u015bredniego na podstawie zgody wyra\u017conej przez u\u017cytkownika poprzez wprowadzenie danych osobowych w sekcji \u201eZapisz si\u0119 do naszego newslettera\u201d na naszej stronie internetowej. Mo\u017cemy r\u00f3wnie\u017c przetwarza\u0107 w celach marketingu bezpo\u015bredniego adresy e-mail naszych klient\u00f3w, ich przedstawicieli i pracownik\u00f3w na podstawie naszego prawnie uzasadnionego interesu, chyba \u017ce klient sprzeciwi si\u0119 takim wiadomo\u015bciom marketingowym w pi\u015bmie zlecaj\u0105cym lub wyrazi sw\u00f3j sprzeciw, kontaktuj\u0105c si\u0119 z nami. <\/p><p>Przechowujemy i przetwarzamy dane osobowe u\u017cytkownika do cel\u00f3w marketingu bezpo\u015bredniego zgodnie z lokalnymi przepisami i praktykami lub do momentu rezygnacji z subskrypcji lub wycofania zgody.<\/p><h3>Kariera<\/h3><p>Przetwarzamy dane osobowe (imi\u0119 i nazwisko, adres e-mail, numer telefonu, opis do\u015bwiadczenia zawodowego, CV i inne pliki) kandydat\u00f3w, kt\u00f3rzy przes\u0142ali nam swoje CV bezpo\u015brednio poczt\u0105 elektroniczn\u0105 lub za po\u015brednictwem portali z ofertami pracy lub korzystaj\u0105c z formularza aplikacyjnego dost\u0119pnego w sekcji \u201eKariera\u201d na naszej stronie internetowej w celu selekcji personelu. Przekazanie nam danych przez kandydat\u00f3w odbywa si\u0119 na podstawie dobrowolnie udzielonej przez nich zgody. Dalsze przetwarzanie danych osobowych do cel\u00f3w selekcji personelu opiera si\u0119 na naszych uzasadnionych interesach w przetwarzaniu aplikacji kandydat\u00f3w, ocenie dostarczonych w nich informacji, organizowaniu procedury negocjacyjnej, prowadzeniu negocjacji i przechowywaniu dowod\u00f3w potwierdzaj\u0105cych legalno\u015b\u0107 procesu rekrutacji.  <\/p><p>Podczas przeprowadzania selekcji na stanowiska pracy przetwarzamy tylko takie dane osobowe kandydat\u00f3w, kt\u00f3re s\u0105 zwi\u0105zane z kwalifikacjami, kompetencjami zawodowymi i cechami. Nie gromadzimy ani nie przetwarzamy szczeg\u00f3lnych kategorii danych osobowych kandydat\u00f3w, chyba \u017ce wymagaj\u0105 tego przepisy prawa. <\/p><p>Przechowujemy dane osobowe kandydat\u00f3w tak d\u0142ugo, jak prowadzony jest nab\u00f3r na okre\u015blone stanowisko i do 6 miesi\u0119cy po jego zako\u0144czeniu. Po up\u0142ywie okresu naboru na okre\u015blone stanowisko usuwamy CV i inne dane przes\u0142ane przez kandydat\u00f3w, chyba \u017ce uzyskali\u015bmy zgod\u0119 kandydata na d\u0142u\u017csze przetwarzanie jego danych osobowych w celu umo\u017cliwienia nam zaoferowania stanowiska pracy. W takim przypadku przechowujemy dane osobowe kandydata przez 1 rok.  <\/p><h3>Transfer danych<\/h3><p>Mo\u017cemy przekazywa\u0107 dane osobowe u\u017cytkownika do przetwarzania osobom trzecim, kt\u00f3re \u015bwiadcz\u0105 us\u0142ugi wsparcia i konserwacji naszej witryny internetowej. Takie osoby obejmuj\u0105 dostawc\u00f3w oprogramowania (w tym us\u0142ug w chmurze), us\u0142ug marketingowych itp. Dane osobowe u\u017cytkownika mog\u0105 by\u0107 ujawniane stronom trzecim tylko wtedy, gdy wymaga tego obowi\u0105zuj\u0105ce prawo. W przypadku wyra\u017cenia zgody na przekazanie opinii na temat jako\u015bci us\u0142ug, dane osobowe u\u017cytkownika mog\u0105 zosta\u0107 przekazane innym katalogom.   <\/p><h3>Ochrona danych<\/h3><p>Przetwarzamy dane zgodnie z rozporz\u0105dzeniem Unii Europejskiej 2016\/679 (og\u00f3lne rozporz\u0105dzenie o ochronie danych) oraz obowi\u0105zuj\u0105cymi w Estonii przepisami o ochronie danych. Stosujemy odpowiednie \u015brodki techniczne i organizacyjne w celu zapewnienia bezpiecze\u0144stwa przetwarzania danych osobowych przed przypadkowym lub niezgodnym z prawem zniszczeniem, utrat\u0105, zmian\u0105, nieuprawnionym ujawnieniem lub dost\u0119pem do danych osobowych przesy\u0142anych, przechowywanych lub przetwarzanych w inny spos\u00f3b. <\/p><h3>Twoje prawa<\/h3><p>U\u017cytkownikowi przys\u0142uguj\u0105 nast\u0119puj\u0105ce prawa zwi\u0105zane z jego danymi osobowymi:<\/p><ul><li>prawo do sprzeciwu wobec przetwarzania danych;<\/li><li>prawo do wycofania zgody;<\/li><li>prawo do otrzymania swoich danych osobowych w ustrukturyzowanym, powszechnie u\u017cywanym formacie nadaj\u0105cym si\u0119 do odczytu maszynowego oraz prawo do przekazania tych danych innemu administratorowi bez przeszk\u00f3d (prawo do przenoszenia danych);<\/li><li>prawo do z\u0142o\u017cenia skargi do organu ochrony danych w Estonii Esto\u0144ski Inspektorat Ochrony Danych (Tatari 39, 10134 Tallinn; e-mail <a href=\"mailto:info@aki.ee\">info@aki.ee)<\/a>.<\/li><\/ul><p>Je\u015bli u\u017cytkownik chce skorzysta\u0107 z tych praw lub ma jakiekolwiek pytania dotycz\u0105ce przetwarzania przez nas jego danych osobowych, prosimy o kontakt pod adresem <a href=\"mailto:info@thenordicsauna.com\">info@thenordicsauna.com<\/a><\/p><h3>Jakiego rodzaju pliki cookie zbieramy?<\/h3><h4>Niezb\u0119dne pliki cookie<\/h4><p>Te pliki cookie s\u0105 niezb\u0119dne, aby u\u017cytkownik m\u00f3g\u0142 przegl\u0105da\u0107 witryn\u0119 i korzysta\u0107 z niej oraz jej funkcji.<\/p><h4>Statystyczne\/wydajno\u015bciowe pliki cookie<\/h4><p>Te pliki cookie s\u0105 wykorzystywane przez nas do zbierania informacji o tym, w jaki spos\u00f3b odwiedzaj\u0105cy korzystaj\u0105 z naszej witryny. Statystyki te dostarczaj\u0105 nam informacji o tym, jak cz\u0119sto odwiedzana jest nasza witryna, na kt\u00f3rych stronach witryny odwiedzaj\u0105cy sp\u0119dzaj\u0105 najwi\u0119cej czasu i jak cz\u0119sto korzystaj\u0105 z danej strony lub jej cz\u0119\u015bci. <\/p><p>Do cel\u00f3w analitycznych korzystamy z us\u0142ug Google Analytics i dostarczonych przez ni\u0105 plik\u00f3w cookie. Wi\u0119cej informacji na temat przetwarzania danych osobowych przez Google mo\u017cna znale\u017a\u0107 na stronie <a href=\"https:\/\/policies.google.com\/privacy?hl=en-US\" target=\"_blank\" rel=\"noopener\">https:\/\/policies.google.com\/privacy?hl=en-US.<\/a> Nale\u017cy pami\u0119ta\u0107, \u017ce jest to hiper\u0142\u0105cze do strony internetowej strony trzeciej, nad kt\u00f3r\u0105 nie mamy kontroli i nie ponosimy odpowiedzialno\u015bci za jej zawarto\u015b\u0107. Akceptuj\u0105c pliki cookie stron trzecich, u\u017cytkownik wyra\u017ca r\u00f3wnie\u017c zgod\u0119 na polityk\u0119 prywatno\u015bci odpowiednich dostawc\u00f3w us\u0142ug.   <\/p><h3>Pliki cookie u\u017cywane na stronie internetowej<\/h3><h4>Niezb\u0119dne pliki cookie<\/h4><p><strong>gotoandplay_cookie_agreement<\/strong><br>Jest to plik cookie, kt\u00f3ry s\u0142u\u017cy do zamykania domy\u015blnego komunikatu o plikach cookie wy\u015bwietlanego na stronie internetowej (a dok\u0142adniej podczas akceptowania komunikatu), a warto\u015b\u0107 tego pliku cookie jest \u201eakceptowana\u201d po naci\u015bni\u0119ciu przycisku.<br> 6<em>miesi\u0119cy<\/em><\/p><h4>Statystyczne\/wydajno\u015bciowe pliki cookie<\/h4><p><strong>_gat<\/strong><br>Jest to plik cookie Google Analytics przeznaczony do zbierania informacji o odwiedzinach witryny.<br> 1<em>dzie\u0144<\/em><\/p><p><strong>_gid<\/strong><br>Jest to plik cookie Google Analytics przeznaczony do rozr\u00f3\u017cniania u\u017cytkownik\u00f3w witryny. Plik cookie jest aktywny przez 24 godziny. <br><em>1 dzie\u0144<\/em><\/p><p><strong>_ga<br><\/strong>Jest to plik cookie Google Analytics przeznaczony do rozr\u00f3\u017cniania u\u017cytkownik\u00f3w strony internetowej. Plik cookie jest aktywny przez 2 lata.<br>2 lata <\/p>\t\t\t\t\t\t\t\t<\/div>\n\t\t\t\t<\/div>\n\t\t\t\t\t<\/div>\n\t\t\t\t<\/div>\n\t\t<div data-dce-background-color=\"#271A10\" data-dce-background-overlay-color=\"#31302D\" data-dce-background-image-url=\"https:\/\/thenordicsauna.com\/wp-content\/uploads\/2025\/04\/333.jpg\" class=\"elementor-element elementor-element-30861180 e-flex e-con-boxed e-con e-parent\" data-id=\"30861180\" data-element_type=\"container\" data-settings=\"{&quot;background_background&quot;:&quot;classic&quot;,&quot;shape_divider_top&quot;:&quot;pyramids&quot;,&quot;shape_divider_bottom&quot;:&quot;pyramids&quot;}\">\n\t\t\t\t\t<div class=\"e-con-inner\">\n\t\t\t\t<div class=\"elementor-shape elementor-shape-top\" aria-hidden=\"true\" data-negative=\"false\">\n\t\t\t<svg xmlns=\"http:\/\/www.w3.org\/2000\/svg\" viewBox=\"0 0 1000 100\" preserveAspectRatio=\"none\">\n\t<path class=\"elementor-shape-fill\" d=\"M761.9,44.1L643.1,27.2L333.8,98L0,3.8V0l1000,0v3.9\"\/>\n<\/svg>\t\t<\/div>\n\t\t\t\t<div class=\"elementor-shape elementor-shape-bottom\" aria-hidden=\"true\" data-negative=\"false\">\n\t\t\t<svg xmlns=\"http:\/\/www.w3.org\/2000\/svg\" viewBox=\"0 0 1000 100\" preserveAspectRatio=\"none\">\n\t<path class=\"elementor-shape-fill\" d=\"M761.9,44.1L643.1,27.2L333.8,98L0,3.8V0l1000,0v3.9\"\/>\n<\/svg>\t\t<\/div>\n\t\t\t\t<div class=\"elementor-element elementor-element-1fcfb557 animated-fast elementor-headline--style-highlight elementor-invisible elementor-widget elementor-widget-animated-headline\" data-id=\"1fcfb557\" data-element_type=\"widget\" data-settings=\"{&quot;highlighted_text&quot;:&quot;Teraz&quot;,&quot;_animation&quot;:&quot;fadeIn&quot;,&quot;headline_style&quot;:&quot;highlight&quot;,&quot;marker&quot;:&quot;circle&quot;,&quot;loop&quot;:&quot;yes&quot;,&quot;highlight_animation_duration&quot;:1200,&quot;highlight_iteration_delay&quot;:8000}\" data-widget_type=\"animated-headline.default\">\n\t\t\t\t<div class=\"elementor-widget-container\">\n\t\t\t\t\t\t\t<h2 class=\"elementor-headline\">\n\t\t\t\t\t<span class=\"elementor-headline-plain-text elementor-headline-text-wrapper\">Zam\u00f3wienie  <\/span>\n\t\t\t\t<span class=\"elementor-headline-dynamic-wrapper elementor-headline-text-wrapper\">\n\t\t\t\t\t<span class=\"elementor-headline-dynamic-text elementor-headline-text-active\">Teraz<\/span>\n\t\t\t\t<\/span>\n\t\t\t\t<\/h2>\n\t\t\t\t\t\t<\/div>\n\t\t\t\t<\/div>\n\t\t\t\t<div class=\"elementor-element elementor-element-550c90bc elementor-invisible elementor-widget elementor-widget-text-editor\" data-id=\"550c90bc\" data-element_type=\"widget\" data-settings=\"{&quot;_animation&quot;:&quot;fadeIn&quot;,&quot;_animation_delay&quot;:300}\" data-widget_type=\"text-editor.default\">\n\t\t\t\t<div class=\"elementor-widget-container\">\n\t\t\t\t\t\t\t\t\t<p>Ulepsz swoje doznania relaksacyjne ju\u017c dzi\u015b. Zam\u00f3w swoj\u0105 wymarzon\u0105 saun\u0119 lub wann\u0119 z hydromasa\u017cem i zanurz si\u0119 w najwy\u017cszym komforcie.<\/p>\t\t\t\t\t\t\t\t<\/div>\n\t\t\t\t<\/div>\n\t\t\t\t<div class=\"elementor-element elementor-element-1e42c82f elementor-align-center elementor-tablet-align-center elementor-mobile-align-center elementor-widget elementor-widget-button\" data-id=\"1e42c82f\" data-element_type=\"widget\" data-widget_type=\"button.default\">\n\t\t\t\t<div class=\"elementor-widget-container\">\n\t\t\t\t\t\t\t\t\t<div class=\"elementor-button-wrapper\">\n\t\t\t\t\t<a class=\"elementor-button elementor-button-link elementor-size-sm\" href=\"https:\/\/thenordicsauna.com\/pl\/sklep\/\">\n\t\t\t\t\t\t<span class=\"elementor-button-content-wrapper\">\n\t\t\t\t\t\t\t\t\t<span class=\"elementor-button-text\">Znajd\u017a sw\u00f3j produkt<\/span>\n\t\t\t\t\t<\/span>\n\t\t\t\t\t<\/a>\n\t\t\t\t<\/div>\n\t\t\t\t\t\t\t\t<\/div>\n\t\t\t\t<\/div>\n\t\t\t\t\t<\/div>\n\t\t\t\t<\/div>\n\t\t\t\t<\/div>\n\t\t","protected":false},"excerpt":{"rendered":"<p>Polityka prywatno\u015bci Niniejsza Polityka prywatno\u015bci ma zastosowanie do wszystkich danych osobowych, kt\u00f3re nam przekazujesz lub kt\u00f3re zbieramy i przetwarzamy podczas korzystania z witryny thenordicsauna.com. Twoje dane, kt\u00f3re zbieramy na naszej stronie internetowej, s\u0105 przetwarzane przez E.M.Group O\u00dc, kod podmiotu prawnego 12754276, adres siedziby Jakobsoni tn 17-61, 10128 Tallinn, Estonia. \u201eMy\u201d lub \u201enas\u201d w niniejszej Polityce [&hellip;]<\/p>\n","protected":false},"author":2,"featured_media":0,"parent":0,"menu_order":0,"comment_status":"closed","ping_status":"closed","template":"","meta":{"_acf_changed":false,"footnotes":""},"class_list":["post-8675","page","type-page","status-publish","hentry"],"acf":[],"yoast_head":"<!-- This site is optimized with the Yoast SEO plugin v26.6 - https:\/\/yoast.com\/wordpress\/plugins\/seo\/ -->\n<title>RODO | TheNordicSauna<\/title>\n<meta name=\"robots\" content=\"index, follow, max-snippet:-1, max-image-preview:large, max-video-preview:-1\" \/>\n<link rel=\"canonical\" href=\"https:\/\/thenordicsauna.com\/pl\/rodo\/\" \/>\n<meta property=\"og:locale\" content=\"pl_PL\" \/>\n<meta property=\"og:type\" content=\"article\" \/>\n<meta property=\"og:title\" content=\"RODO | TheNordicSauna\" \/>\n<meta property=\"og:description\" content=\"Polityka prywatno\u015bci Niniejsza Polityka prywatno\u015bci ma zastosowanie do wszystkich danych osobowych, kt\u00f3re nam przekazujesz lub kt\u00f3re zbieramy i przetwarzamy podczas korzystania z witryny thenordicsauna.com. Twoje dane, kt\u00f3re zbieramy na naszej stronie internetowej, s\u0105 przetwarzane przez E.M.Group O\u00dc, kod podmiotu prawnego 12754276, adres siedziby Jakobsoni tn 17-61, 10128 Tallinn, Estonia. \u201eMy\u201d lub \u201enas\u201d w niniejszej Polityce [&hellip;]\" \/>\n<meta property=\"og:url\" content=\"https:\/\/thenordicsauna.com\/pl\/rodo\/\" \/>\n<meta property=\"og:site_name\" content=\"TheNordicSauna\" \/>\n<meta property=\"article:publisher\" content=\"https:\/\/www.facebook.com\/TheNordicSauna\/\" \/>\n<meta property=\"article:modified_time\" content=\"2025-10-21T17:04:28+00:00\" \/>\n<meta name=\"twitter:card\" content=\"summary_large_image\" \/>\n<meta name=\"twitter:label1\" content=\"Szacowany czas czytania\" \/>\n\t<meta name=\"twitter:data1\" content=\"6 minut\" \/>\n<script type=\"application\/ld+json\" class=\"yoast-schema-graph\">{\"@context\":\"https:\/\/schema.org\",\"@graph\":[{\"@type\":\"WebPage\",\"@id\":\"https:\/\/thenordicsauna.com\/pl\/rodo\/\",\"url\":\"https:\/\/thenordicsauna.com\/pl\/rodo\/\",\"name\":\"RODO | TheNordicSauna\",\"isPartOf\":{\"@id\":\"https:\/\/thenordicsauna.com\/pl\/#website\"},\"datePublished\":\"2025-04-18T07:56:46+00:00\",\"dateModified\":\"2025-10-21T17:04:28+00:00\",\"breadcrumb\":{\"@id\":\"https:\/\/thenordicsauna.com\/pl\/rodo\/#breadcrumb\"},\"inLanguage\":\"pl-PL\",\"potentialAction\":[{\"@type\":\"ReadAction\",\"target\":[\"https:\/\/thenordicsauna.com\/pl\/rodo\/\"]}]},{\"@type\":\"BreadcrumbList\",\"@id\":\"https:\/\/thenordicsauna.com\/pl\/rodo\/#breadcrumb\",\"itemListElement\":[{\"@type\":\"ListItem\",\"position\":1,\"name\":\"Home\",\"item\":\"https:\/\/thenordicsauna.com\/pl\/strona-glowna\/\"},{\"@type\":\"ListItem\",\"position\":2,\"name\":\"RODO\"}]},{\"@type\":\"WebSite\",\"@id\":\"https:\/\/thenordicsauna.com\/pl\/#website\",\"url\":\"https:\/\/thenordicsauna.com\/pl\/\",\"name\":\"TheNordicSauna\",\"description\":\"Ultimate Outdoor SPA experience\",\"publisher\":{\"@id\":\"https:\/\/thenordicsauna.com\/pl\/#organization\"},\"alternateName\":\"TNS\",\"potentialAction\":[{\"@type\":\"SearchAction\",\"target\":{\"@type\":\"EntryPoint\",\"urlTemplate\":\"https:\/\/thenordicsauna.com\/pl\/?s={search_term_string}\"},\"query-input\":{\"@type\":\"PropertyValueSpecification\",\"valueRequired\":true,\"valueName\":\"search_term_string\"}}],\"inLanguage\":\"pl-PL\"},{\"@type\":\"Organization\",\"@id\":\"https:\/\/thenordicsauna.com\/pl\/#organization\",\"name\":\"TheNordicSauna\",\"alternateName\":\"TNS\",\"url\":\"https:\/\/thenordicsauna.com\/pl\/\",\"logo\":{\"@type\":\"ImageObject\",\"inLanguage\":\"pl-PL\",\"@id\":\"https:\/\/thenordicsauna.com\/pl\/#\/schema\/logo\/image\/\",\"url\":\"https:\/\/thenordicsauna.com\/wp-content\/uploads\/2025\/04\/TheNordicSauna-logo-white.svg\",\"contentUrl\":\"https:\/\/thenordicsauna.com\/wp-content\/uploads\/2025\/04\/TheNordicSauna-logo-white.svg\",\"width\":203,\"height\":203,\"caption\":\"TheNordicSauna\"},\"image\":{\"@id\":\"https:\/\/thenordicsauna.com\/pl\/#\/schema\/logo\/image\/\"},\"sameAs\":[\"https:\/\/www.facebook.com\/TheNordicSauna\/\",\"https:\/\/www.instagram.com\/thenordicsauna\"]}]}<\/script>\n<!-- \/ Yoast SEO plugin. -->","yoast_head_json":{"title":"RODO | TheNordicSauna","robots":{"index":"index","follow":"follow","max-snippet":"max-snippet:-1","max-image-preview":"max-image-preview:large","max-video-preview":"max-video-preview:-1"},"canonical":"https:\/\/thenordicsauna.com\/pl\/rodo\/","og_locale":"pl_PL","og_type":"article","og_title":"RODO | TheNordicSauna","og_description":"Polityka prywatno\u015bci Niniejsza Polityka prywatno\u015bci ma zastosowanie do wszystkich danych osobowych, kt\u00f3re nam przekazujesz lub kt\u00f3re zbieramy i przetwarzamy podczas korzystania z witryny thenordicsauna.com. Twoje dane, kt\u00f3re zbieramy na naszej stronie internetowej, s\u0105 przetwarzane przez E.M.Group O\u00dc, kod podmiotu prawnego 12754276, adres siedziby Jakobsoni tn 17-61, 10128 Tallinn, Estonia. \u201eMy\u201d lub \u201enas\u201d w niniejszej Polityce [&hellip;]","og_url":"https:\/\/thenordicsauna.com\/pl\/rodo\/","og_site_name":"TheNordicSauna","article_publisher":"https:\/\/www.facebook.com\/TheNordicSauna\/","article_modified_time":"2025-10-21T17:04:28+00:00","twitter_card":"summary_large_image","twitter_misc":{"Szacowany czas czytania":"6 minut"},"schema":{"@context":"https:\/\/schema.org","@graph":[{"@type":"WebPage","@id":"https:\/\/thenordicsauna.com\/pl\/rodo\/","url":"https:\/\/thenordicsauna.com\/pl\/rodo\/","name":"RODO | TheNordicSauna","isPartOf":{"@id":"https:\/\/thenordicsauna.com\/pl\/#website"},"datePublished":"2025-04-18T07:56:46+00:00","dateModified":"2025-10-21T17:04:28+00:00","breadcrumb":{"@id":"https:\/\/thenordicsauna.com\/pl\/rodo\/#breadcrumb"},"inLanguage":"pl-PL","potentialAction":[{"@type":"ReadAction","target":["https:\/\/thenordicsauna.com\/pl\/rodo\/"]}]},{"@type":"BreadcrumbList","@id":"https:\/\/thenordicsauna.com\/pl\/rodo\/#breadcrumb","itemListElement":[{"@type":"ListItem","position":1,"name":"Home","item":"https:\/\/thenordicsauna.com\/pl\/strona-glowna\/"},{"@type":"ListItem","position":2,"name":"RODO"}]},{"@type":"WebSite","@id":"https:\/\/thenordicsauna.com\/pl\/#website","url":"https:\/\/thenordicsauna.com\/pl\/","name":"TheNordicSauna","description":"Ultimate Outdoor SPA experience","publisher":{"@id":"https:\/\/thenordicsauna.com\/pl\/#organization"},"alternateName":"TNS","potentialAction":[{"@type":"SearchAction","target":{"@type":"EntryPoint","urlTemplate":"https:\/\/thenordicsauna.com\/pl\/?s={search_term_string}"},"query-input":{"@type":"PropertyValueSpecification","valueRequired":true,"valueName":"search_term_string"}}],"inLanguage":"pl-PL"},{"@type":"Organization","@id":"https:\/\/thenordicsauna.com\/pl\/#organization","name":"TheNordicSauna","alternateName":"TNS","url":"https:\/\/thenordicsauna.com\/pl\/","logo":{"@type":"ImageObject","inLanguage":"pl-PL","@id":"https:\/\/thenordicsauna.com\/pl\/#\/schema\/logo\/image\/","url":"https:\/\/thenordicsauna.com\/wp-content\/uploads\/2025\/04\/TheNordicSauna-logo-white.svg","contentUrl":"https:\/\/thenordicsauna.com\/wp-content\/uploads\/2025\/04\/TheNordicSauna-logo-white.svg","width":203,"height":203,"caption":"TheNordicSauna"},"image":{"@id":"https:\/\/thenordicsauna.com\/pl\/#\/schema\/logo\/image\/"},"sameAs":["https:\/\/www.facebook.com\/TheNordicSauna\/","https:\/\/www.instagram.com\/thenordicsauna"]}]}},"_links":{"self":[{"href":"https:\/\/thenordicsauna.com\/pl\/wp-json\/wp\/v2\/pages\/8675","targetHints":{"allow":["GET"]}}],"collection":[{"href":"https:\/\/thenordicsauna.com\/pl\/wp-json\/wp\/v2\/pages"}],"about":[{"href":"https:\/\/thenordicsauna.com\/pl\/wp-json\/wp\/v2\/types\/page"}],"author":[{"embeddable":true,"href":"https:\/\/thenordicsauna.com\/pl\/wp-json\/wp\/v2\/users\/2"}],"replies":[{"embeddable":true,"href":"https:\/\/thenordicsauna.com\/pl\/wp-json\/wp\/v2\/comments?post=8675"}],"version-history":[{"count":6,"href":"https:\/\/thenordicsauna.com\/pl\/wp-json\/wp\/v2\/pages\/8675\/revisions"}],"predecessor-version":[{"id":8942,"href":"https:\/\/thenordicsauna.com\/pl\/wp-json\/wp\/v2\/pages\/8675\/revisions\/8942"}],"wp:attachment":[{"href":"https:\/\/thenordicsauna.com\/pl\/wp-json\/wp\/v2\/media?parent=8675"}],"curies":[{"name":"wp","href":"https:\/\/api.w.org\/{rel}","templated":true}]}}