{"id":8445,"date":"2025-04-26T00:47:07","date_gmt":"2025-04-26T00:47:07","guid":{"rendered":"https:\/\/thenordicsauna.com\/shop\/oswietlenie-led-klasy-premium-rgb\/"},"modified":"2025-10-06T16:35:01","modified_gmt":"2025-10-06T16:35:01","slug":"oswietlenie-led-klasy-premium-rgb","status":"publish","type":"product","link":"https:\/\/thenordicsauna.com\/pl\/shop\/oswietlenie-led-klasy-premium-rgb\/","title":{"rendered":"O\u015bwietlenie LED klasy premium (RGB)"},"content":{"rendered":"","protected":false},"excerpt":{"rendered":"<ul>\n<li>Wyposa\u017cony w osiem ma\u0142ych element\u00f3w LED, zapewnia r\u00f3wnomierne rozprowadzanie \u015bwiat\u0142a, zapewniaj\u0105c wysokiej jako\u015bci, luksusowy wygl\u0105d.<\/li>\n<li>Mo\u017cliwo\u015b\u0107 dostosowania ustawie\u0144 kolor\u00f3w do w\u0142asnych preferencji.<\/li>\n<li>Posiada tryb dynamicznej zmiany kolor\u00f3w, w kt\u00f3rym kolory przechodz\u0105 p\u0142ynnie same, zwi\u0119kszaj\u0105c atmosfer\u0119.<\/li>\n<li>W przypadku bardziej ekonomicznej opcji, warto rozwa\u017cy\u0107 nasze <a href=\"https:\/\/www.thenordicsauna.com\/shop\/led-light-rgb\/\" target=\"_blank\" rel=\"noopener\">standardowe o\u015bwietlenie LED<\/a>.<\/li>\n<li>\n<p class=\"p1\">To akcesorium jest sprzedawane wy\u0142\u0105cznie przy zakupie wanny z hydromasa\u017cem.<\/p>\n<\/li>\n<\/ul>\n","protected":false},"featured_media":6187,"template":"","meta":{"_acf_changed":false},"product_brand":[],"product_cat":[131],"product_tag":[],"class_list":{"0":"post-8445","1":"product","2":"type-product","3":"status-publish","4":"has-post-thumbnail","6":"product_cat-akcesoria-nordicsix","8":"first","9":"instock","10":"purchasable","11":"product-type-simple"},"acf":[],"yoast_head":"<!-- This site is optimized with the Yoast SEO plugin v26.6 - https:\/\/yoast.com\/wordpress\/plugins\/seo\/ -->\n<title>O\u015bwietlenie LED klasy premium (RGB) | TheNordicSauna<\/title>\n<meta name=\"description\" content=\"Wysokiej jako\u015bci o\u015bwietlenie LED z 8 elementami zapewniaj\u0105cymi r\u00f3wnomierne o\u015bwietlenie, konfigurowalne kolory i dynamiczne przej\u015bcia. Sprzedawane wy\u0142\u0105cznie przy zakupie wanny z hydromasa\u017cem.\" \/>\n<meta name=\"robots\" content=\"index, follow, max-snippet:-1, max-image-preview:large, max-video-preview:-1\" \/>\n<link rel=\"canonical\" href=\"https:\/\/thenordicsauna.com\/pl\/shop\/oswietlenie-led-klasy-premium-rgb\/\" \/>\n<meta property=\"og:locale\" content=\"pl_PL\" \/>\n<meta property=\"og:type\" content=\"article\" \/>\n<meta property=\"og:title\" content=\"O\u015bwietlenie LED klasy premium (RGB) | TheNordicSauna\" \/>\n<meta property=\"og:description\" content=\"Wysokiej jako\u015bci o\u015bwietlenie LED z 8 elementami zapewniaj\u0105cymi r\u00f3wnomierne o\u015bwietlenie, konfigurowalne kolory i dynamiczne przej\u015bcia. Sprzedawane wy\u0142\u0105cznie przy zakupie wanny z hydromasa\u017cem.\" \/>\n<meta property=\"og:url\" content=\"https:\/\/thenordicsauna.com\/pl\/shop\/oswietlenie-led-klasy-premium-rgb\/\" \/>\n<meta property=\"og:site_name\" content=\"TheNordicSauna\" \/>\n<meta property=\"article:publisher\" content=\"https:\/\/www.facebook.com\/TheNordicSauna\/\" \/>\n<meta property=\"article:modified_time\" content=\"2025-10-06T16:35:01+00:00\" \/>\n<meta property=\"og:image\" content=\"https:\/\/thenordicsauna.com\/wp-content\/uploads\/2025\/04\/Lisa-4-LED-8-tulega-e1730996082640.jpg\" \/>\n\t<meta property=\"og:image:width\" content=\"800\" \/>\n\t<meta property=\"og:image:height\" content=\"450\" \/>\n\t<meta property=\"og:image:type\" content=\"image\/jpeg\" \/>\n<meta name=\"twitter:card\" content=\"summary_large_image\" \/>\n<script type=\"application\/ld+json\" class=\"yoast-schema-graph\">{\"@context\":\"https:\/\/schema.org\",\"@graph\":[{\"@type\":\"WebPage\",\"@id\":\"https:\/\/thenordicsauna.com\/pl\/shop\/oswietlenie-led-klasy-premium-rgb\/\",\"url\":\"https:\/\/thenordicsauna.com\/pl\/shop\/oswietlenie-led-klasy-premium-rgb\/\",\"name\":\"O\u015bwietlenie LED klasy premium (RGB) | TheNordicSauna\",\"isPartOf\":{\"@id\":\"https:\/\/thenordicsauna.com\/pl\/#website\"},\"primaryImageOfPage\":{\"@id\":\"https:\/\/thenordicsauna.com\/pl\/shop\/oswietlenie-led-klasy-premium-rgb\/#primaryimage\"},\"image\":{\"@id\":\"https:\/\/thenordicsauna.com\/pl\/shop\/oswietlenie-led-klasy-premium-rgb\/#primaryimage\"},\"thumbnailUrl\":\"https:\/\/thenordicsauna.com\/wp-content\/uploads\/2025\/04\/Lisa-4-LED-8-tulega-e1730996082640.jpg\",\"datePublished\":\"2025-04-26T00:47:07+00:00\",\"dateModified\":\"2025-10-06T16:35:01+00:00\",\"description\":\"Wysokiej jako\u015bci o\u015bwietlenie LED z 8 elementami zapewniaj\u0105cymi r\u00f3wnomierne o\u015bwietlenie, konfigurowalne kolory i dynamiczne przej\u015bcia. Sprzedawane wy\u0142\u0105cznie przy zakupie wanny z hydromasa\u017cem.\",\"breadcrumb\":{\"@id\":\"https:\/\/thenordicsauna.com\/pl\/shop\/oswietlenie-led-klasy-premium-rgb\/#breadcrumb\"},\"inLanguage\":\"pl-PL\",\"potentialAction\":[{\"@type\":\"ReadAction\",\"target\":[\"https:\/\/thenordicsauna.com\/pl\/shop\/oswietlenie-led-klasy-premium-rgb\/\"]}]},{\"@type\":\"ImageObject\",\"inLanguage\":\"pl-PL\",\"@id\":\"https:\/\/thenordicsauna.com\/pl\/shop\/oswietlenie-led-klasy-premium-rgb\/#primaryimage\",\"url\":\"https:\/\/thenordicsauna.com\/wp-content\/uploads\/2025\/04\/Lisa-4-LED-8-tulega-e1730996082640.jpg\",\"contentUrl\":\"https:\/\/thenordicsauna.com\/wp-content\/uploads\/2025\/04\/Lisa-4-LED-8-tulega-e1730996082640.jpg\",\"width\":800,\"height\":450,\"caption\":\"NordicSix z 8 elementami LED\"},{\"@type\":\"BreadcrumbList\",\"@id\":\"https:\/\/thenordicsauna.com\/pl\/shop\/oswietlenie-led-klasy-premium-rgb\/#breadcrumb\",\"itemListElement\":[{\"@type\":\"ListItem\",\"position\":1,\"name\":\"Home\",\"item\":\"https:\/\/thenordicsauna.com\/pl\/strona-glowna\/\"},{\"@type\":\"ListItem\",\"position\":2,\"name\":\"Sklep\",\"item\":\"https:\/\/thenordicsauna.com\/shop\/\"},{\"@type\":\"ListItem\",\"position\":3,\"name\":\"Akcesoria NordicSix\",\"item\":\"https:\/\/thenordicsauna.com\/pl\/kategoria-produktu\/akcesoria-nordicsix\/\"},{\"@type\":\"ListItem\",\"position\":4,\"name\":\"O\u015bwietlenie LED klasy premium (RGB)\"}]},{\"@type\":\"WebSite\",\"@id\":\"https:\/\/thenordicsauna.com\/pl\/#website\",\"url\":\"https:\/\/thenordicsauna.com\/pl\/\",\"name\":\"TheNordicSauna\",\"description\":\"Ultimate Outdoor SPA experience\",\"publisher\":{\"@id\":\"https:\/\/thenordicsauna.com\/pl\/#organization\"},\"alternateName\":\"TNS\",\"potentialAction\":[{\"@type\":\"SearchAction\",\"target\":{\"@type\":\"EntryPoint\",\"urlTemplate\":\"https:\/\/thenordicsauna.com\/pl\/?s={search_term_string}\"},\"query-input\":{\"@type\":\"PropertyValueSpecification\",\"valueRequired\":true,\"valueName\":\"search_term_string\"}}],\"inLanguage\":\"pl-PL\"},{\"@type\":\"Organization\",\"@id\":\"https:\/\/thenordicsauna.com\/pl\/#organization\",\"name\":\"TheNordicSauna\",\"alternateName\":\"TNS\",\"url\":\"https:\/\/thenordicsauna.com\/pl\/\",\"logo\":{\"@type\":\"ImageObject\",\"inLanguage\":\"pl-PL\",\"@id\":\"https:\/\/thenordicsauna.com\/pl\/#\/schema\/logo\/image\/\",\"url\":\"https:\/\/thenordicsauna.com\/wp-content\/uploads\/2025\/04\/TheNordicSauna-logo-white.svg\",\"contentUrl\":\"https:\/\/thenordicsauna.com\/wp-content\/uploads\/2025\/04\/TheNordicSauna-logo-white.svg\",\"width\":203,\"height\":203,\"caption\":\"TheNordicSauna\"},\"image\":{\"@id\":\"https:\/\/thenordicsauna.com\/pl\/#\/schema\/logo\/image\/\"},\"sameAs\":[\"https:\/\/www.facebook.com\/TheNordicSauna\/\",\"https:\/\/www.instagram.com\/thenordicsauna\"]}]}<\/script>\n<!-- \/ Yoast SEO plugin. -->","yoast_head_json":{"title":"O\u015bwietlenie LED klasy premium (RGB) | TheNordicSauna","description":"Wysokiej jako\u015bci o\u015bwietlenie LED z 8 elementami zapewniaj\u0105cymi r\u00f3wnomierne o\u015bwietlenie, konfigurowalne kolory i dynamiczne przej\u015bcia. Sprzedawane wy\u0142\u0105cznie przy zakupie wanny z hydromasa\u017cem.","robots":{"index":"index","follow":"follow","max-snippet":"max-snippet:-1","max-image-preview":"max-image-preview:large","max-video-preview":"max-video-preview:-1"},"canonical":"https:\/\/thenordicsauna.com\/pl\/shop\/oswietlenie-led-klasy-premium-rgb\/","og_locale":"pl_PL","og_type":"article","og_title":"O\u015bwietlenie LED klasy premium (RGB) | TheNordicSauna","og_description":"Wysokiej jako\u015bci o\u015bwietlenie LED z 8 elementami zapewniaj\u0105cymi r\u00f3wnomierne o\u015bwietlenie, konfigurowalne kolory i dynamiczne przej\u015bcia. Sprzedawane wy\u0142\u0105cznie przy zakupie wanny z hydromasa\u017cem.","og_url":"https:\/\/thenordicsauna.com\/pl\/shop\/oswietlenie-led-klasy-premium-rgb\/","og_site_name":"TheNordicSauna","article_publisher":"https:\/\/www.facebook.com\/TheNordicSauna\/","article_modified_time":"2025-10-06T16:35:01+00:00","og_image":[{"width":800,"height":450,"url":"https:\/\/thenordicsauna.com\/wp-content\/uploads\/2025\/04\/Lisa-4-LED-8-tulega-e1730996082640.jpg","type":"image\/jpeg"}],"twitter_card":"summary_large_image","schema":{"@context":"https:\/\/schema.org","@graph":[{"@type":"WebPage","@id":"https:\/\/thenordicsauna.com\/pl\/shop\/oswietlenie-led-klasy-premium-rgb\/","url":"https:\/\/thenordicsauna.com\/pl\/shop\/oswietlenie-led-klasy-premium-rgb\/","name":"O\u015bwietlenie LED klasy premium (RGB) | TheNordicSauna","isPartOf":{"@id":"https:\/\/thenordicsauna.com\/pl\/#website"},"primaryImageOfPage":{"@id":"https:\/\/thenordicsauna.com\/pl\/shop\/oswietlenie-led-klasy-premium-rgb\/#primaryimage"},"image":{"@id":"https:\/\/thenordicsauna.com\/pl\/shop\/oswietlenie-led-klasy-premium-rgb\/#primaryimage"},"thumbnailUrl":"https:\/\/thenordicsauna.com\/wp-content\/uploads\/2025\/04\/Lisa-4-LED-8-tulega-e1730996082640.jpg","datePublished":"2025-04-26T00:47:07+00:00","dateModified":"2025-10-06T16:35:01+00:00","description":"Wysokiej jako\u015bci o\u015bwietlenie LED z 8 elementami zapewniaj\u0105cymi r\u00f3wnomierne o\u015bwietlenie, konfigurowalne kolory i dynamiczne przej\u015bcia. Sprzedawane wy\u0142\u0105cznie przy zakupie wanny z hydromasa\u017cem.","breadcrumb":{"@id":"https:\/\/thenordicsauna.com\/pl\/shop\/oswietlenie-led-klasy-premium-rgb\/#breadcrumb"},"inLanguage":"pl-PL","potentialAction":[{"@type":"ReadAction","target":["https:\/\/thenordicsauna.com\/pl\/shop\/oswietlenie-led-klasy-premium-rgb\/"]}]},{"@type":"ImageObject","inLanguage":"pl-PL","@id":"https:\/\/thenordicsauna.com\/pl\/shop\/oswietlenie-led-klasy-premium-rgb\/#primaryimage","url":"https:\/\/thenordicsauna.com\/wp-content\/uploads\/2025\/04\/Lisa-4-LED-8-tulega-e1730996082640.jpg","contentUrl":"https:\/\/thenordicsauna.com\/wp-content\/uploads\/2025\/04\/Lisa-4-LED-8-tulega-e1730996082640.jpg","width":800,"height":450,"caption":"NordicSix z 8 elementami LED"},{"@type":"BreadcrumbList","@id":"https:\/\/thenordicsauna.com\/pl\/shop\/oswietlenie-led-klasy-premium-rgb\/#breadcrumb","itemListElement":[{"@type":"ListItem","position":1,"name":"Home","item":"https:\/\/thenordicsauna.com\/pl\/strona-glowna\/"},{"@type":"ListItem","position":2,"name":"Sklep","item":"https:\/\/thenordicsauna.com\/shop\/"},{"@type":"ListItem","position":3,"name":"Akcesoria NordicSix","item":"https:\/\/thenordicsauna.com\/pl\/kategoria-produktu\/akcesoria-nordicsix\/"},{"@type":"ListItem","position":4,"name":"O\u015bwietlenie LED klasy premium (RGB)"}]},{"@type":"WebSite","@id":"https:\/\/thenordicsauna.com\/pl\/#website","url":"https:\/\/thenordicsauna.com\/pl\/","name":"TheNordicSauna","description":"Ultimate Outdoor SPA experience","publisher":{"@id":"https:\/\/thenordicsauna.com\/pl\/#organization"},"alternateName":"TNS","potentialAction":[{"@type":"SearchAction","target":{"@type":"EntryPoint","urlTemplate":"https:\/\/thenordicsauna.com\/pl\/?s={search_term_string}"},"query-input":{"@type":"PropertyValueSpecification","valueRequired":true,"valueName":"search_term_string"}}],"inLanguage":"pl-PL"},{"@type":"Organization","@id":"https:\/\/thenordicsauna.com\/pl\/#organization","name":"TheNordicSauna","alternateName":"TNS","url":"https:\/\/thenordicsauna.com\/pl\/","logo":{"@type":"ImageObject","inLanguage":"pl-PL","@id":"https:\/\/thenordicsauna.com\/pl\/#\/schema\/logo\/image\/","url":"https:\/\/thenordicsauna.com\/wp-content\/uploads\/2025\/04\/TheNordicSauna-logo-white.svg","contentUrl":"https:\/\/thenordicsauna.com\/wp-content\/uploads\/2025\/04\/TheNordicSauna-logo-white.svg","width":203,"height":203,"caption":"TheNordicSauna"},"image":{"@id":"https:\/\/thenordicsauna.com\/pl\/#\/schema\/logo\/image\/"},"sameAs":["https:\/\/www.facebook.com\/TheNordicSauna\/","https:\/\/www.instagram.com\/thenordicsauna"]}]}},"_links":{"self":[{"href":"https:\/\/thenordicsauna.com\/pl\/wp-json\/wp\/v2\/product\/8445","targetHints":{"allow":["GET"]}}],"collection":[{"href":"https:\/\/thenordicsauna.com\/pl\/wp-json\/wp\/v2\/product"}],"about":[{"href":"https:\/\/thenordicsauna.com\/pl\/wp-json\/wp\/v2\/types\/product"}],"version-history":[{"count":1,"href":"https:\/\/thenordicsauna.com\/pl\/wp-json\/wp\/v2\/product\/8445\/revisions"}],"predecessor-version":[{"id":8721,"href":"https:\/\/thenordicsauna.com\/pl\/wp-json\/wp\/v2\/product\/8445\/revisions\/8721"}],"wp:featuredmedia":[{"embeddable":true,"href":"https:\/\/thenordicsauna.com\/pl\/wp-json\/wp\/v2\/media\/6187"}],"wp:attachment":[{"href":"https:\/\/thenordicsauna.com\/pl\/wp-json\/wp\/v2\/media?parent=8445"}],"wp:term":[{"taxonomy":"product_brand","embeddable":true,"href":"https:\/\/thenordicsauna.com\/pl\/wp-json\/wp\/v2\/product_brand?post=8445"},{"taxonomy":"product_cat","embeddable":true,"href":"https:\/\/thenordicsauna.com\/pl\/wp-json\/wp\/v2\/product_cat?post=8445"},{"taxonomy":"product_tag","embeddable":true,"href":"https:\/\/thenordicsauna.com\/pl\/wp-json\/wp\/v2\/product_tag?post=8445"}],"curies":[{"name":"wp","href":"https:\/\/api.w.org\/{rel}","templated":true}]}}