{"id":8446,"date":"2025-04-26T00:47:07","date_gmt":"2025-04-26T00:47:07","guid":{"rendered":"https:\/\/thenordicsauna.com\/shop\/filtracja-i-gniazda-gotowe-do-pracy-z-pompa-ciepla\/"},"modified":"2025-09-30T12:16:09","modified_gmt":"2025-09-30T12:16:09","slug":"filtracja-i-gniazda-gotowe-do-pracy-z-pompa-ciepla","status":"publish","type":"product","link":"https:\/\/thenordicsauna.com\/pl\/shop\/filtracja-i-gniazda-gotowe-do-pracy-z-pompa-ciepla\/","title":{"rendered":"Filtracja i gniazda gotowe do pracy z pomp\u0105 ciep\u0142a"},"content":{"rendered":"","protected":false},"excerpt":{"rendered":"<ul>\n<li>\n<p class=\"p1\">W plastikowej ok\u0142adzinie wywiercone s\u0105 otwory umo\u017cliwiaj\u0105ce precyzyjn\u0105 instalacj\u0119 dysz.<\/p>\n<\/li>\n<li>\n<p class=\"p1\">Dwa wyloty s\u0105 bezpiecznie przyklejone do plastikowej ok\u0142adziny i mechanicznie przykr\u0119cone z drugiej strony w celu zwi\u0119kszenia trwa\u0142o\u015bci i wodoszczelno\u015bci.<\/p>\n<\/li>\n<li>\n<p class=\"p1\">Dwa w\u0119\u017ce s\u0105 pod\u0142\u0105czone do wylot\u00f3w i wyci\u0105gni\u0119te poza obudow\u0119 wanny z hydromasa\u017cem.<\/p>\n<\/li>\n<li>\n<p class=\"p1\">Zapewnia p\u0142ynn\u0105 integracj\u0119 system\u00f3w filtracji i pomp ciep\u0142a.<\/p>\n<\/li>\n<li>\n<p class=\"p1\">Na \u017cyczenie mo\u017cliwa jest instalacja na miejscu w Estonii za dodatkow\u0105 op\u0142at\u0105 200 Euro<\/p>\n<\/li>\n<\/ul>\n","protected":false},"featured_media":6195,"template":"","meta":{"_acf_changed":false},"product_brand":[],"product_cat":[131],"product_tag":[],"class_list":{"0":"post-8446","1":"product","2":"type-product","3":"status-publish","4":"has-post-thumbnail","6":"product_cat-akcesoria-nordicsix","8":"first","9":"instock","10":"purchasable","11":"product-type-simple"},"acf":[],"yoast_head":"<!-- This site is optimized with the Yoast SEO plugin v26.6 - https:\/\/yoast.com\/wordpress\/plugins\/seo\/ -->\n<title>Filtracja i gniazda gotowe do pracy z pomp\u0105 ciep\u0142a | TheNordicSauna<\/title>\n<meta name=\"description\" content=\"Zapewnia bezproblemow\u0105 integracj\u0119 system\u00f3w filtracji i pomp ciep\u0142a z naszymi wylotami do wanien z hydromasa\u017cem. Bezpieczny monta\u017c za pomoc\u0105 kleju i \u015brub mechanicznych zapewnia trwa\u0142e, wodoszczelne dopasowanie. Zawiera wst\u0119pnie przymocowane w\u0119\u017ce u\u0142atwiaj\u0105ce konfiguracj\u0119 i zwi\u0119kszaj\u0105ce wydajno\u015b\u0107.\" \/>\n<meta name=\"robots\" content=\"index, follow, max-snippet:-1, max-image-preview:large, max-video-preview:-1\" \/>\n<link rel=\"canonical\" href=\"https:\/\/thenordicsauna.com\/pl\/shop\/filtracja-i-gniazda-gotowe-do-pracy-z-pompa-ciepla\/\" \/>\n<meta property=\"og:locale\" content=\"pl_PL\" \/>\n<meta property=\"og:type\" content=\"article\" \/>\n<meta property=\"og:title\" content=\"Filtracja i gniazda gotowe do pracy z pomp\u0105 ciep\u0142a | TheNordicSauna\" \/>\n<meta property=\"og:description\" content=\"Zapewnia bezproblemow\u0105 integracj\u0119 system\u00f3w filtracji i pomp ciep\u0142a z naszymi wylotami do wanien z hydromasa\u017cem. Bezpieczny monta\u017c za pomoc\u0105 kleju i \u015brub mechanicznych zapewnia trwa\u0142e, wodoszczelne dopasowanie. Zawiera wst\u0119pnie przymocowane w\u0119\u017ce u\u0142atwiaj\u0105ce konfiguracj\u0119 i zwi\u0119kszaj\u0105ce wydajno\u015b\u0107.\" \/>\n<meta property=\"og:url\" content=\"https:\/\/thenordicsauna.com\/pl\/shop\/filtracja-i-gniazda-gotowe-do-pracy-z-pompa-ciepla\/\" \/>\n<meta property=\"og:site_name\" content=\"TheNordicSauna\" \/>\n<meta property=\"article:publisher\" content=\"https:\/\/www.facebook.com\/TheNordicSauna\/\" \/>\n<meta property=\"article:modified_time\" content=\"2025-09-30T12:16:09+00:00\" \/>\n<meta property=\"og:image\" content=\"https:\/\/thenordicsauna.com\/wp-content\/uploads\/2025\/04\/Lisa-7-Filtriohksoojuspumba-valmidus-e1730998524249.jpg\" \/>\n\t<meta property=\"og:image:width\" content=\"800\" \/>\n\t<meta property=\"og:image:height\" content=\"450\" \/>\n\t<meta property=\"og:image:type\" content=\"image\/jpeg\" \/>\n<meta name=\"twitter:card\" content=\"summary_large_image\" \/>\n<script type=\"application\/ld+json\" class=\"yoast-schema-graph\">{\"@context\":\"https:\/\/schema.org\",\"@graph\":[{\"@type\":\"WebPage\",\"@id\":\"https:\/\/thenordicsauna.com\/pl\/shop\/filtracja-i-gniazda-gotowe-do-pracy-z-pompa-ciepla\/\",\"url\":\"https:\/\/thenordicsauna.com\/pl\/shop\/filtracja-i-gniazda-gotowe-do-pracy-z-pompa-ciepla\/\",\"name\":\"Filtracja i gniazda gotowe do pracy z pomp\u0105 ciep\u0142a | TheNordicSauna\",\"isPartOf\":{\"@id\":\"https:\/\/thenordicsauna.com\/pl\/#website\"},\"primaryImageOfPage\":{\"@id\":\"https:\/\/thenordicsauna.com\/pl\/shop\/filtracja-i-gniazda-gotowe-do-pracy-z-pompa-ciepla\/#primaryimage\"},\"image\":{\"@id\":\"https:\/\/thenordicsauna.com\/pl\/shop\/filtracja-i-gniazda-gotowe-do-pracy-z-pompa-ciepla\/#primaryimage\"},\"thumbnailUrl\":\"https:\/\/thenordicsauna.com\/wp-content\/uploads\/2025\/04\/Lisa-7-Filtriohksoojuspumba-valmidus-e1730998524249.jpg\",\"datePublished\":\"2025-04-26T00:47:07+00:00\",\"dateModified\":\"2025-09-30T12:16:09+00:00\",\"description\":\"Zapewnia bezproblemow\u0105 integracj\u0119 system\u00f3w filtracji i pomp ciep\u0142a z naszymi wylotami do wanien z hydromasa\u017cem. Bezpieczny monta\u017c za pomoc\u0105 kleju i \u015brub mechanicznych zapewnia trwa\u0142e, wodoszczelne dopasowanie. Zawiera wst\u0119pnie przymocowane w\u0119\u017ce u\u0142atwiaj\u0105ce konfiguracj\u0119 i zwi\u0119kszaj\u0105ce wydajno\u015b\u0107.\",\"breadcrumb\":{\"@id\":\"https:\/\/thenordicsauna.com\/pl\/shop\/filtracja-i-gniazda-gotowe-do-pracy-z-pompa-ciepla\/#breadcrumb\"},\"inLanguage\":\"pl-PL\",\"potentialAction\":[{\"@type\":\"ReadAction\",\"target\":[\"https:\/\/thenordicsauna.com\/pl\/shop\/filtracja-i-gniazda-gotowe-do-pracy-z-pompa-ciepla\/\"]}]},{\"@type\":\"ImageObject\",\"inLanguage\":\"pl-PL\",\"@id\":\"https:\/\/thenordicsauna.com\/pl\/shop\/filtracja-i-gniazda-gotowe-do-pracy-z-pompa-ciepla\/#primaryimage\",\"url\":\"https:\/\/thenordicsauna.com\/wp-content\/uploads\/2025\/04\/Lisa-7-Filtriohksoojuspumba-valmidus-e1730998524249.jpg\",\"contentUrl\":\"https:\/\/thenordicsauna.com\/wp-content\/uploads\/2025\/04\/Lisa-7-Filtriohksoojuspumba-valmidus-e1730998524249.jpg\",\"width\":800,\"height\":450,\"caption\":\"NordicSix Filtration & Heat Pump Ready Outlets\"},{\"@type\":\"BreadcrumbList\",\"@id\":\"https:\/\/thenordicsauna.com\/pl\/shop\/filtracja-i-gniazda-gotowe-do-pracy-z-pompa-ciepla\/#breadcrumb\",\"itemListElement\":[{\"@type\":\"ListItem\",\"position\":1,\"name\":\"Home\",\"item\":\"https:\/\/thenordicsauna.com\/pl\/strona-glowna\/\"},{\"@type\":\"ListItem\",\"position\":2,\"name\":\"Sklep\",\"item\":\"https:\/\/thenordicsauna.com\/shop\/\"},{\"@type\":\"ListItem\",\"position\":3,\"name\":\"Akcesoria NordicSix\",\"item\":\"https:\/\/thenordicsauna.com\/pl\/kategoria-produktu\/akcesoria-nordicsix\/\"},{\"@type\":\"ListItem\",\"position\":4,\"name\":\"Filtracja i gniazda gotowe do pracy z pomp\u0105 ciep\u0142a\"}]},{\"@type\":\"WebSite\",\"@id\":\"https:\/\/thenordicsauna.com\/pl\/#website\",\"url\":\"https:\/\/thenordicsauna.com\/pl\/\",\"name\":\"TheNordicSauna\",\"description\":\"Ultimate Outdoor SPA experience\",\"publisher\":{\"@id\":\"https:\/\/thenordicsauna.com\/pl\/#organization\"},\"alternateName\":\"TNS\",\"potentialAction\":[{\"@type\":\"SearchAction\",\"target\":{\"@type\":\"EntryPoint\",\"urlTemplate\":\"https:\/\/thenordicsauna.com\/pl\/?s={search_term_string}\"},\"query-input\":{\"@type\":\"PropertyValueSpecification\",\"valueRequired\":true,\"valueName\":\"search_term_string\"}}],\"inLanguage\":\"pl-PL\"},{\"@type\":\"Organization\",\"@id\":\"https:\/\/thenordicsauna.com\/pl\/#organization\",\"name\":\"TheNordicSauna\",\"alternateName\":\"TNS\",\"url\":\"https:\/\/thenordicsauna.com\/pl\/\",\"logo\":{\"@type\":\"ImageObject\",\"inLanguage\":\"pl-PL\",\"@id\":\"https:\/\/thenordicsauna.com\/pl\/#\/schema\/logo\/image\/\",\"url\":\"https:\/\/thenordicsauna.com\/wp-content\/uploads\/2025\/04\/TheNordicSauna-logo-white.svg\",\"contentUrl\":\"https:\/\/thenordicsauna.com\/wp-content\/uploads\/2025\/04\/TheNordicSauna-logo-white.svg\",\"width\":203,\"height\":203,\"caption\":\"TheNordicSauna\"},\"image\":{\"@id\":\"https:\/\/thenordicsauna.com\/pl\/#\/schema\/logo\/image\/\"},\"sameAs\":[\"https:\/\/www.facebook.com\/TheNordicSauna\/\",\"https:\/\/www.instagram.com\/thenordicsauna\"]}]}<\/script>\n<!-- \/ Yoast SEO plugin. -->","yoast_head_json":{"title":"Filtracja i gniazda gotowe do pracy z pomp\u0105 ciep\u0142a | TheNordicSauna","description":"Zapewnia bezproblemow\u0105 integracj\u0119 system\u00f3w filtracji i pomp ciep\u0142a z naszymi wylotami do wanien z hydromasa\u017cem. Bezpieczny monta\u017c za pomoc\u0105 kleju i \u015brub mechanicznych zapewnia trwa\u0142e, wodoszczelne dopasowanie. Zawiera wst\u0119pnie przymocowane w\u0119\u017ce u\u0142atwiaj\u0105ce konfiguracj\u0119 i zwi\u0119kszaj\u0105ce wydajno\u015b\u0107.","robots":{"index":"index","follow":"follow","max-snippet":"max-snippet:-1","max-image-preview":"max-image-preview:large","max-video-preview":"max-video-preview:-1"},"canonical":"https:\/\/thenordicsauna.com\/pl\/shop\/filtracja-i-gniazda-gotowe-do-pracy-z-pompa-ciepla\/","og_locale":"pl_PL","og_type":"article","og_title":"Filtracja i gniazda gotowe do pracy z pomp\u0105 ciep\u0142a | TheNordicSauna","og_description":"Zapewnia bezproblemow\u0105 integracj\u0119 system\u00f3w filtracji i pomp ciep\u0142a z naszymi wylotami do wanien z hydromasa\u017cem. Bezpieczny monta\u017c za pomoc\u0105 kleju i \u015brub mechanicznych zapewnia trwa\u0142e, wodoszczelne dopasowanie. Zawiera wst\u0119pnie przymocowane w\u0119\u017ce u\u0142atwiaj\u0105ce konfiguracj\u0119 i zwi\u0119kszaj\u0105ce wydajno\u015b\u0107.","og_url":"https:\/\/thenordicsauna.com\/pl\/shop\/filtracja-i-gniazda-gotowe-do-pracy-z-pompa-ciepla\/","og_site_name":"TheNordicSauna","article_publisher":"https:\/\/www.facebook.com\/TheNordicSauna\/","article_modified_time":"2025-09-30T12:16:09+00:00","og_image":[{"width":800,"height":450,"url":"https:\/\/thenordicsauna.com\/wp-content\/uploads\/2025\/04\/Lisa-7-Filtriohksoojuspumba-valmidus-e1730998524249.jpg","type":"image\/jpeg"}],"twitter_card":"summary_large_image","schema":{"@context":"https:\/\/schema.org","@graph":[{"@type":"WebPage","@id":"https:\/\/thenordicsauna.com\/pl\/shop\/filtracja-i-gniazda-gotowe-do-pracy-z-pompa-ciepla\/","url":"https:\/\/thenordicsauna.com\/pl\/shop\/filtracja-i-gniazda-gotowe-do-pracy-z-pompa-ciepla\/","name":"Filtracja i gniazda gotowe do pracy z pomp\u0105 ciep\u0142a | TheNordicSauna","isPartOf":{"@id":"https:\/\/thenordicsauna.com\/pl\/#website"},"primaryImageOfPage":{"@id":"https:\/\/thenordicsauna.com\/pl\/shop\/filtracja-i-gniazda-gotowe-do-pracy-z-pompa-ciepla\/#primaryimage"},"image":{"@id":"https:\/\/thenordicsauna.com\/pl\/shop\/filtracja-i-gniazda-gotowe-do-pracy-z-pompa-ciepla\/#primaryimage"},"thumbnailUrl":"https:\/\/thenordicsauna.com\/wp-content\/uploads\/2025\/04\/Lisa-7-Filtriohksoojuspumba-valmidus-e1730998524249.jpg","datePublished":"2025-04-26T00:47:07+00:00","dateModified":"2025-09-30T12:16:09+00:00","description":"Zapewnia bezproblemow\u0105 integracj\u0119 system\u00f3w filtracji i pomp ciep\u0142a z naszymi wylotami do wanien z hydromasa\u017cem. Bezpieczny monta\u017c za pomoc\u0105 kleju i \u015brub mechanicznych zapewnia trwa\u0142e, wodoszczelne dopasowanie. Zawiera wst\u0119pnie przymocowane w\u0119\u017ce u\u0142atwiaj\u0105ce konfiguracj\u0119 i zwi\u0119kszaj\u0105ce wydajno\u015b\u0107.","breadcrumb":{"@id":"https:\/\/thenordicsauna.com\/pl\/shop\/filtracja-i-gniazda-gotowe-do-pracy-z-pompa-ciepla\/#breadcrumb"},"inLanguage":"pl-PL","potentialAction":[{"@type":"ReadAction","target":["https:\/\/thenordicsauna.com\/pl\/shop\/filtracja-i-gniazda-gotowe-do-pracy-z-pompa-ciepla\/"]}]},{"@type":"ImageObject","inLanguage":"pl-PL","@id":"https:\/\/thenordicsauna.com\/pl\/shop\/filtracja-i-gniazda-gotowe-do-pracy-z-pompa-ciepla\/#primaryimage","url":"https:\/\/thenordicsauna.com\/wp-content\/uploads\/2025\/04\/Lisa-7-Filtriohksoojuspumba-valmidus-e1730998524249.jpg","contentUrl":"https:\/\/thenordicsauna.com\/wp-content\/uploads\/2025\/04\/Lisa-7-Filtriohksoojuspumba-valmidus-e1730998524249.jpg","width":800,"height":450,"caption":"NordicSix Filtration & Heat Pump Ready Outlets"},{"@type":"BreadcrumbList","@id":"https:\/\/thenordicsauna.com\/pl\/shop\/filtracja-i-gniazda-gotowe-do-pracy-z-pompa-ciepla\/#breadcrumb","itemListElement":[{"@type":"ListItem","position":1,"name":"Home","item":"https:\/\/thenordicsauna.com\/pl\/strona-glowna\/"},{"@type":"ListItem","position":2,"name":"Sklep","item":"https:\/\/thenordicsauna.com\/shop\/"},{"@type":"ListItem","position":3,"name":"Akcesoria NordicSix","item":"https:\/\/thenordicsauna.com\/pl\/kategoria-produktu\/akcesoria-nordicsix\/"},{"@type":"ListItem","position":4,"name":"Filtracja i gniazda gotowe do pracy z pomp\u0105 ciep\u0142a"}]},{"@type":"WebSite","@id":"https:\/\/thenordicsauna.com\/pl\/#website","url":"https:\/\/thenordicsauna.com\/pl\/","name":"TheNordicSauna","description":"Ultimate Outdoor SPA experience","publisher":{"@id":"https:\/\/thenordicsauna.com\/pl\/#organization"},"alternateName":"TNS","potentialAction":[{"@type":"SearchAction","target":{"@type":"EntryPoint","urlTemplate":"https:\/\/thenordicsauna.com\/pl\/?s={search_term_string}"},"query-input":{"@type":"PropertyValueSpecification","valueRequired":true,"valueName":"search_term_string"}}],"inLanguage":"pl-PL"},{"@type":"Organization","@id":"https:\/\/thenordicsauna.com\/pl\/#organization","name":"TheNordicSauna","alternateName":"TNS","url":"https:\/\/thenordicsauna.com\/pl\/","logo":{"@type":"ImageObject","inLanguage":"pl-PL","@id":"https:\/\/thenordicsauna.com\/pl\/#\/schema\/logo\/image\/","url":"https:\/\/thenordicsauna.com\/wp-content\/uploads\/2025\/04\/TheNordicSauna-logo-white.svg","contentUrl":"https:\/\/thenordicsauna.com\/wp-content\/uploads\/2025\/04\/TheNordicSauna-logo-white.svg","width":203,"height":203,"caption":"TheNordicSauna"},"image":{"@id":"https:\/\/thenordicsauna.com\/pl\/#\/schema\/logo\/image\/"},"sameAs":["https:\/\/www.facebook.com\/TheNordicSauna\/","https:\/\/www.instagram.com\/thenordicsauna"]}]}},"_links":{"self":[{"href":"https:\/\/thenordicsauna.com\/pl\/wp-json\/wp\/v2\/product\/8446","targetHints":{"allow":["GET"]}}],"collection":[{"href":"https:\/\/thenordicsauna.com\/pl\/wp-json\/wp\/v2\/product"}],"about":[{"href":"https:\/\/thenordicsauna.com\/pl\/wp-json\/wp\/v2\/types\/product"}],"version-history":[{"count":1,"href":"https:\/\/thenordicsauna.com\/pl\/wp-json\/wp\/v2\/product\/8446\/revisions"}],"predecessor-version":[{"id":8447,"href":"https:\/\/thenordicsauna.com\/pl\/wp-json\/wp\/v2\/product\/8446\/revisions\/8447"}],"wp:featuredmedia":[{"embeddable":true,"href":"https:\/\/thenordicsauna.com\/pl\/wp-json\/wp\/v2\/media\/6195"}],"wp:attachment":[{"href":"https:\/\/thenordicsauna.com\/pl\/wp-json\/wp\/v2\/media?parent=8446"}],"wp:term":[{"taxonomy":"product_brand","embeddable":true,"href":"https:\/\/thenordicsauna.com\/pl\/wp-json\/wp\/v2\/product_brand?post=8446"},{"taxonomy":"product_cat","embeddable":true,"href":"https:\/\/thenordicsauna.com\/pl\/wp-json\/wp\/v2\/product_cat?post=8446"},{"taxonomy":"product_tag","embeddable":true,"href":"https:\/\/thenordicsauna.com\/pl\/wp-json\/wp\/v2\/product_tag?post=8446"}],"curies":[{"name":"wp","href":"https:\/\/api.w.org\/{rel}","templated":true}]}}