{"id":8450,"date":"2025-04-26T00:47:07","date_gmt":"2025-04-26T00:47:07","guid":{"rendered":"https:\/\/thenordicsauna.com\/shop\/zaokraglone-schody\/"},"modified":"2025-04-26T00:47:07","modified_gmt":"2025-04-26T00:47:07","slug":"zaokraglone-schody","status":"publish","type":"product","link":"https:\/\/thenordicsauna.com\/pl\/shop\/zaokraglone-schody\/","title":{"rendered":"Zaokr\u0105glone schody"},"content":{"rendered":"","protected":false},"excerpt":{"rendered":"<ul>\n<li>Zaokr\u0105glone schody zaprojektowane z my\u015bl\u0105 o wygodzie; g\u00f3rny stopie\u0144 jest dopasowany do wysoko\u015bci wewn\u0119trznego siedziska NordicSix, co u\u0142atwia dost\u0119p.<\/li>\n<li>Wymiary: wysoko\u015b\u0107 52 cm, szeroko\u015b\u0107 98 cm, g\u0142\u0119boko\u015b\u0107 73 cm. Zobacz schematy <a href=\"https:\/\/thenordicsauna.com\/files\/HotTub\/NordicSix_schemes.pdf\" target=\"_blank\" rel=\"noopener\">tutaj<\/a>. <\/li>\n<\/ul>\n","protected":false},"featured_media":6189,"template":"","meta":{"_acf_changed":false},"product_brand":[],"product_cat":[128,131],"product_tag":[],"class_list":{"0":"post-8450","1":"product","2":"type-product","3":"status-publish","4":"has-post-thumbnail","6":"product_cat-akcesoria-do-balii-do-kapieli","7":"product_cat-akcesoria-nordicsix","9":"first","10":"instock","11":"purchasable","12":"product-type-simple"},"acf":[],"yoast_head":"<!-- This site is optimized with the Yoast SEO plugin v26.6 - https:\/\/yoast.com\/wordpress\/plugins\/seo\/ -->\n<title>Zaokr\u0105glone schody | TheNordicSauna<\/title>\n<meta name=\"description\" content=\"Zaokr\u0105glone schody zaprojektowane z my\u015bl\u0105 o wygodzie; g\u00f3rny stopie\u0144 jest dopasowany do wysoko\u015bci wewn\u0119trznego siedziska NordicSix, co u\u0142atwia dost\u0119p. Wymiary: wysoko\u015b\u0107 52 cm, szeroko\u015b\u0107 98 cm, g\u0142\u0119boko\u015b\u0107 73 cm.\" \/>\n<meta name=\"robots\" content=\"index, follow, max-snippet:-1, max-image-preview:large, max-video-preview:-1\" \/>\n<link rel=\"canonical\" href=\"https:\/\/thenordicsauna.com\/pl\/shop\/zaokraglone-schody\/\" \/>\n<meta property=\"og:locale\" content=\"pl_PL\" \/>\n<meta property=\"og:type\" content=\"article\" \/>\n<meta property=\"og:title\" content=\"Zaokr\u0105glone schody | TheNordicSauna\" \/>\n<meta property=\"og:description\" content=\"Zaokr\u0105glone schody zaprojektowane z my\u015bl\u0105 o wygodzie; g\u00f3rny stopie\u0144 jest dopasowany do wysoko\u015bci wewn\u0119trznego siedziska NordicSix, co u\u0142atwia dost\u0119p. Wymiary: wysoko\u015b\u0107 52 cm, szeroko\u015b\u0107 98 cm, g\u0142\u0119boko\u015b\u0107 73 cm.\" \/>\n<meta property=\"og:url\" content=\"https:\/\/thenordicsauna.com\/pl\/shop\/zaokraglone-schody\/\" \/>\n<meta property=\"og:site_name\" content=\"TheNordicSauna\" \/>\n<meta property=\"article:publisher\" content=\"https:\/\/www.facebook.com\/TheNordicSauna\/\" \/>\n<meta property=\"og:image\" content=\"https:\/\/thenordicsauna.com\/wp-content\/uploads\/2025\/04\/Lisa-2-Umartrepp-xl-e1730997261162.jpg\" \/>\n\t<meta property=\"og:image:width\" content=\"800\" \/>\n\t<meta property=\"og:image:height\" content=\"533\" \/>\n\t<meta property=\"og:image:type\" content=\"image\/jpeg\" \/>\n<meta name=\"twitter:card\" content=\"summary_large_image\" \/>\n<script type=\"application\/ld+json\" class=\"yoast-schema-graph\">{\"@context\":\"https:\/\/schema.org\",\"@graph\":[{\"@type\":\"WebPage\",\"@id\":\"https:\/\/thenordicsauna.com\/pl\/shop\/zaokraglone-schody\/\",\"url\":\"https:\/\/thenordicsauna.com\/pl\/shop\/zaokraglone-schody\/\",\"name\":\"Zaokr\u0105glone schody | TheNordicSauna\",\"isPartOf\":{\"@id\":\"https:\/\/thenordicsauna.com\/pl\/#website\"},\"primaryImageOfPage\":{\"@id\":\"https:\/\/thenordicsauna.com\/pl\/shop\/zaokraglone-schody\/#primaryimage\"},\"image\":{\"@id\":\"https:\/\/thenordicsauna.com\/pl\/shop\/zaokraglone-schody\/#primaryimage\"},\"thumbnailUrl\":\"https:\/\/thenordicsauna.com\/wp-content\/uploads\/2025\/04\/Lisa-2-Umartrepp-xl-e1730997261162.jpg\",\"datePublished\":\"2025-04-26T00:47:07+00:00\",\"description\":\"Zaokr\u0105glone schody zaprojektowane z my\u015bl\u0105 o wygodzie; g\u00f3rny stopie\u0144 jest dopasowany do wysoko\u015bci wewn\u0119trznego siedziska NordicSix, co u\u0142atwia dost\u0119p. Wymiary: wysoko\u015b\u0107 52 cm, szeroko\u015b\u0107 98 cm, g\u0142\u0119boko\u015b\u0107 73 cm.\",\"breadcrumb\":{\"@id\":\"https:\/\/thenordicsauna.com\/pl\/shop\/zaokraglone-schody\/#breadcrumb\"},\"inLanguage\":\"pl-PL\",\"potentialAction\":[{\"@type\":\"ReadAction\",\"target\":[\"https:\/\/thenordicsauna.com\/pl\/shop\/zaokraglone-schody\/\"]}]},{\"@type\":\"ImageObject\",\"inLanguage\":\"pl-PL\",\"@id\":\"https:\/\/thenordicsauna.com\/pl\/shop\/zaokraglone-schody\/#primaryimage\",\"url\":\"https:\/\/thenordicsauna.com\/wp-content\/uploads\/2025\/04\/Lisa-2-Umartrepp-xl-e1730997261162.jpg\",\"contentUrl\":\"https:\/\/thenordicsauna.com\/wp-content\/uploads\/2025\/04\/Lisa-2-Umartrepp-xl-e1730997261162.jpg\",\"width\":800,\"height\":533,\"caption\":\"Round\"},{\"@type\":\"BreadcrumbList\",\"@id\":\"https:\/\/thenordicsauna.com\/pl\/shop\/zaokraglone-schody\/#breadcrumb\",\"itemListElement\":[{\"@type\":\"ListItem\",\"position\":1,\"name\":\"Home\",\"item\":\"https:\/\/thenordicsauna.com\/pl\/strona-glowna\/\"},{\"@type\":\"ListItem\",\"position\":2,\"name\":\"Sklep\",\"item\":\"https:\/\/thenordicsauna.com\/shop\/\"},{\"@type\":\"ListItem\",\"position\":3,\"name\":\"Akcesoria do balii do k\u0105pieli\",\"item\":\"https:\/\/thenordicsauna.com\/pl\/kategoria-produktu\/akcesoria-do-balii-do-kapieli\/\"},{\"@type\":\"ListItem\",\"position\":4,\"name\":\"Zaokr\u0105glone schody\"}]},{\"@type\":\"WebSite\",\"@id\":\"https:\/\/thenordicsauna.com\/pl\/#website\",\"url\":\"https:\/\/thenordicsauna.com\/pl\/\",\"name\":\"TheNordicSauna\",\"description\":\"Ultimate Outdoor SPA experience\",\"publisher\":{\"@id\":\"https:\/\/thenordicsauna.com\/pl\/#organization\"},\"alternateName\":\"TNS\",\"potentialAction\":[{\"@type\":\"SearchAction\",\"target\":{\"@type\":\"EntryPoint\",\"urlTemplate\":\"https:\/\/thenordicsauna.com\/pl\/?s={search_term_string}\"},\"query-input\":{\"@type\":\"PropertyValueSpecification\",\"valueRequired\":true,\"valueName\":\"search_term_string\"}}],\"inLanguage\":\"pl-PL\"},{\"@type\":\"Organization\",\"@id\":\"https:\/\/thenordicsauna.com\/pl\/#organization\",\"name\":\"TheNordicSauna\",\"alternateName\":\"TNS\",\"url\":\"https:\/\/thenordicsauna.com\/pl\/\",\"logo\":{\"@type\":\"ImageObject\",\"inLanguage\":\"pl-PL\",\"@id\":\"https:\/\/thenordicsauna.com\/pl\/#\/schema\/logo\/image\/\",\"url\":\"https:\/\/thenordicsauna.com\/wp-content\/uploads\/2025\/04\/TheNordicSauna-logo-white.svg\",\"contentUrl\":\"https:\/\/thenordicsauna.com\/wp-content\/uploads\/2025\/04\/TheNordicSauna-logo-white.svg\",\"width\":203,\"height\":203,\"caption\":\"TheNordicSauna\"},\"image\":{\"@id\":\"https:\/\/thenordicsauna.com\/pl\/#\/schema\/logo\/image\/\"},\"sameAs\":[\"https:\/\/www.facebook.com\/TheNordicSauna\/\",\"https:\/\/www.instagram.com\/thenordicsauna\"]}]}<\/script>\n<!-- \/ Yoast SEO plugin. -->","yoast_head_json":{"title":"Zaokr\u0105glone schody | TheNordicSauna","description":"Zaokr\u0105glone schody zaprojektowane z my\u015bl\u0105 o wygodzie; g\u00f3rny stopie\u0144 jest dopasowany do wysoko\u015bci wewn\u0119trznego siedziska NordicSix, co u\u0142atwia dost\u0119p. Wymiary: wysoko\u015b\u0107 52 cm, szeroko\u015b\u0107 98 cm, g\u0142\u0119boko\u015b\u0107 73 cm.","robots":{"index":"index","follow":"follow","max-snippet":"max-snippet:-1","max-image-preview":"max-image-preview:large","max-video-preview":"max-video-preview:-1"},"canonical":"https:\/\/thenordicsauna.com\/pl\/shop\/zaokraglone-schody\/","og_locale":"pl_PL","og_type":"article","og_title":"Zaokr\u0105glone schody | TheNordicSauna","og_description":"Zaokr\u0105glone schody zaprojektowane z my\u015bl\u0105 o wygodzie; g\u00f3rny stopie\u0144 jest dopasowany do wysoko\u015bci wewn\u0119trznego siedziska NordicSix, co u\u0142atwia dost\u0119p. Wymiary: wysoko\u015b\u0107 52 cm, szeroko\u015b\u0107 98 cm, g\u0142\u0119boko\u015b\u0107 73 cm.","og_url":"https:\/\/thenordicsauna.com\/pl\/shop\/zaokraglone-schody\/","og_site_name":"TheNordicSauna","article_publisher":"https:\/\/www.facebook.com\/TheNordicSauna\/","og_image":[{"width":800,"height":533,"url":"https:\/\/thenordicsauna.com\/wp-content\/uploads\/2025\/04\/Lisa-2-Umartrepp-xl-e1730997261162.jpg","type":"image\/jpeg"}],"twitter_card":"summary_large_image","schema":{"@context":"https:\/\/schema.org","@graph":[{"@type":"WebPage","@id":"https:\/\/thenordicsauna.com\/pl\/shop\/zaokraglone-schody\/","url":"https:\/\/thenordicsauna.com\/pl\/shop\/zaokraglone-schody\/","name":"Zaokr\u0105glone schody | TheNordicSauna","isPartOf":{"@id":"https:\/\/thenordicsauna.com\/pl\/#website"},"primaryImageOfPage":{"@id":"https:\/\/thenordicsauna.com\/pl\/shop\/zaokraglone-schody\/#primaryimage"},"image":{"@id":"https:\/\/thenordicsauna.com\/pl\/shop\/zaokraglone-schody\/#primaryimage"},"thumbnailUrl":"https:\/\/thenordicsauna.com\/wp-content\/uploads\/2025\/04\/Lisa-2-Umartrepp-xl-e1730997261162.jpg","datePublished":"2025-04-26T00:47:07+00:00","description":"Zaokr\u0105glone schody zaprojektowane z my\u015bl\u0105 o wygodzie; g\u00f3rny stopie\u0144 jest dopasowany do wysoko\u015bci wewn\u0119trznego siedziska NordicSix, co u\u0142atwia dost\u0119p. Wymiary: wysoko\u015b\u0107 52 cm, szeroko\u015b\u0107 98 cm, g\u0142\u0119boko\u015b\u0107 73 cm.","breadcrumb":{"@id":"https:\/\/thenordicsauna.com\/pl\/shop\/zaokraglone-schody\/#breadcrumb"},"inLanguage":"pl-PL","potentialAction":[{"@type":"ReadAction","target":["https:\/\/thenordicsauna.com\/pl\/shop\/zaokraglone-schody\/"]}]},{"@type":"ImageObject","inLanguage":"pl-PL","@id":"https:\/\/thenordicsauna.com\/pl\/shop\/zaokraglone-schody\/#primaryimage","url":"https:\/\/thenordicsauna.com\/wp-content\/uploads\/2025\/04\/Lisa-2-Umartrepp-xl-e1730997261162.jpg","contentUrl":"https:\/\/thenordicsauna.com\/wp-content\/uploads\/2025\/04\/Lisa-2-Umartrepp-xl-e1730997261162.jpg","width":800,"height":533,"caption":"Round"},{"@type":"BreadcrumbList","@id":"https:\/\/thenordicsauna.com\/pl\/shop\/zaokraglone-schody\/#breadcrumb","itemListElement":[{"@type":"ListItem","position":1,"name":"Home","item":"https:\/\/thenordicsauna.com\/pl\/strona-glowna\/"},{"@type":"ListItem","position":2,"name":"Sklep","item":"https:\/\/thenordicsauna.com\/shop\/"},{"@type":"ListItem","position":3,"name":"Akcesoria do balii do k\u0105pieli","item":"https:\/\/thenordicsauna.com\/pl\/kategoria-produktu\/akcesoria-do-balii-do-kapieli\/"},{"@type":"ListItem","position":4,"name":"Zaokr\u0105glone schody"}]},{"@type":"WebSite","@id":"https:\/\/thenordicsauna.com\/pl\/#website","url":"https:\/\/thenordicsauna.com\/pl\/","name":"TheNordicSauna","description":"Ultimate Outdoor SPA experience","publisher":{"@id":"https:\/\/thenordicsauna.com\/pl\/#organization"},"alternateName":"TNS","potentialAction":[{"@type":"SearchAction","target":{"@type":"EntryPoint","urlTemplate":"https:\/\/thenordicsauna.com\/pl\/?s={search_term_string}"},"query-input":{"@type":"PropertyValueSpecification","valueRequired":true,"valueName":"search_term_string"}}],"inLanguage":"pl-PL"},{"@type":"Organization","@id":"https:\/\/thenordicsauna.com\/pl\/#organization","name":"TheNordicSauna","alternateName":"TNS","url":"https:\/\/thenordicsauna.com\/pl\/","logo":{"@type":"ImageObject","inLanguage":"pl-PL","@id":"https:\/\/thenordicsauna.com\/pl\/#\/schema\/logo\/image\/","url":"https:\/\/thenordicsauna.com\/wp-content\/uploads\/2025\/04\/TheNordicSauna-logo-white.svg","contentUrl":"https:\/\/thenordicsauna.com\/wp-content\/uploads\/2025\/04\/TheNordicSauna-logo-white.svg","width":203,"height":203,"caption":"TheNordicSauna"},"image":{"@id":"https:\/\/thenordicsauna.com\/pl\/#\/schema\/logo\/image\/"},"sameAs":["https:\/\/www.facebook.com\/TheNordicSauna\/","https:\/\/www.instagram.com\/thenordicsauna"]}]}},"_links":{"self":[{"href":"https:\/\/thenordicsauna.com\/pl\/wp-json\/wp\/v2\/product\/8450","targetHints":{"allow":["GET"]}}],"collection":[{"href":"https:\/\/thenordicsauna.com\/pl\/wp-json\/wp\/v2\/product"}],"about":[{"href":"https:\/\/thenordicsauna.com\/pl\/wp-json\/wp\/v2\/types\/product"}],"version-history":[{"count":0,"href":"https:\/\/thenordicsauna.com\/pl\/wp-json\/wp\/v2\/product\/8450\/revisions"}],"wp:featuredmedia":[{"embeddable":true,"href":"https:\/\/thenordicsauna.com\/pl\/wp-json\/wp\/v2\/media\/6189"}],"wp:attachment":[{"href":"https:\/\/thenordicsauna.com\/pl\/wp-json\/wp\/v2\/media?parent=8450"}],"wp:term":[{"taxonomy":"product_brand","embeddable":true,"href":"https:\/\/thenordicsauna.com\/pl\/wp-json\/wp\/v2\/product_brand?post=8450"},{"taxonomy":"product_cat","embeddable":true,"href":"https:\/\/thenordicsauna.com\/pl\/wp-json\/wp\/v2\/product_cat?post=8450"},{"taxonomy":"product_tag","embeddable":true,"href":"https:\/\/thenordicsauna.com\/pl\/wp-json\/wp\/v2\/product_tag?post=8450"}],"curies":[{"name":"wp","href":"https:\/\/api.w.org\/{rel}","templated":true}]}}