{"id":8451,"date":"2025-04-26T00:47:07","date_gmt":"2025-04-26T00:47:07","guid":{"rendered":"https:\/\/thenordicsauna.com\/shop\/system-filtracji\/"},"modified":"2025-04-26T00:47:07","modified_gmt":"2025-04-26T00:47:07","slug":"system-filtracji","status":"publish","type":"product","link":"https:\/\/thenordicsauna.com\/pl\/shop\/system-filtracji\/","title":{"rendered":"System filtracji"},"content":{"rendered":"","protected":false},"excerpt":{"rendered":"<ul>\n<li>\n<p class=\"p1\">Zapewnia czyst\u0105 i krystalicznie czyst\u0105 wod\u0119, filtruj\u0105c zanieczyszczenia.<\/p>\n<\/li>\n<li>\n<p class=\"p1\">Posiada dwa oddzielne wyloty i w\u0119\u017ce do dedykowanej cyrkulacji, co usprawnia proces filtracji.<\/p>\n<\/li>\n<li>\n<p class=\"p1\">U\u017cywaj w po\u0142\u0105czeniu z <a href=\"https:\/\/www.thenordicsauna.com\/product\/chlorinedioxide\/\" target=\"_blank\" rel=\"noopener\">tabletkami zawieraj\u0105cymi dwutlenek chloru<\/a>, aby utrzyma\u0107 czyst\u0105 i klarown\u0105 wod\u0119 przez wiele miesi\u0119cy.<\/p>\n<\/li>\n<li>\n<p class=\"p1\">Wyposa\u017cony w kulki filtruj\u0105ce zapewniaj\u0105ce wy\u017csz\u0105 skuteczno\u015b\u0107 filtracji w por\u00f3wnaniu z tradycyjnym piaskiem.<\/p>\n<\/li>\n<li>\n<p class=\"p1\">Akcesorium to sprzedawane jest wy\u0142\u0105cznie przy zakupie wanny z hydromasa\u017cem.<\/p>\n<\/li>\n<\/ul>\n","protected":false},"featured_media":7344,"template":"","meta":{"_acf_changed":false},"product_brand":[],"product_cat":[131],"product_tag":[],"class_list":{"0":"post-8451","1":"product","2":"type-product","3":"status-publish","4":"has-post-thumbnail","6":"product_cat-akcesoria-nordicsix","8":"first","9":"instock","10":"purchasable","11":"product-type-simple"},"acf":[],"yoast_head":"<!-- This site is optimized with the Yoast SEO plugin v26.6 - https:\/\/yoast.com\/wordpress\/plugins\/seo\/ -->\n<title>System filtracji | TheNordicSauna<\/title>\n<meta name=\"description\" content=\"Zapewnia czyst\u0105 i krystalicznie czyst\u0105 wod\u0119 poprzez filtrowanie zanieczyszcze\u0144. Wyposa\u017cony w kulki filtruj\u0105ce zapewniaj\u0105ce lepsz\u0105 skuteczno\u015b\u0107 filtracji ni\u017c tradycyjny piasek.\" \/>\n<meta name=\"robots\" content=\"index, follow, max-snippet:-1, max-image-preview:large, max-video-preview:-1\" \/>\n<link rel=\"canonical\" href=\"https:\/\/thenordicsauna.com\/pl\/shop\/system-filtracji\/\" \/>\n<meta property=\"og:locale\" content=\"pl_PL\" \/>\n<meta property=\"og:type\" content=\"article\" \/>\n<meta property=\"og:title\" content=\"System filtracji | TheNordicSauna\" \/>\n<meta property=\"og:description\" content=\"Zapewnia czyst\u0105 i krystalicznie czyst\u0105 wod\u0119 poprzez filtrowanie zanieczyszcze\u0144. Wyposa\u017cony w kulki filtruj\u0105ce zapewniaj\u0105ce lepsz\u0105 skuteczno\u015b\u0107 filtracji ni\u017c tradycyjny piasek.\" \/>\n<meta property=\"og:url\" content=\"https:\/\/thenordicsauna.com\/pl\/shop\/system-filtracji\/\" \/>\n<meta property=\"og:site_name\" content=\"TheNordicSauna\" \/>\n<meta property=\"article:publisher\" content=\"https:\/\/www.facebook.com\/TheNordicSauna\/\" \/>\n<meta property=\"og:image\" content=\"https:\/\/thenordicsauna.com\/wp-content\/uploads\/2025\/05\/FilterMax-1-web.jpg\" \/>\n\t<meta property=\"og:image:width\" content=\"800\" \/>\n\t<meta property=\"og:image:height\" content=\"533\" \/>\n\t<meta property=\"og:image:type\" content=\"image\/jpeg\" \/>\n<meta name=\"twitter:card\" content=\"summary_large_image\" \/>\n<script type=\"application\/ld+json\" class=\"yoast-schema-graph\">{\"@context\":\"https:\/\/schema.org\",\"@graph\":[{\"@type\":\"WebPage\",\"@id\":\"https:\/\/thenordicsauna.com\/pl\/shop\/system-filtracji\/\",\"url\":\"https:\/\/thenordicsauna.com\/pl\/shop\/system-filtracji\/\",\"name\":\"System filtracji | TheNordicSauna\",\"isPartOf\":{\"@id\":\"https:\/\/thenordicsauna.com\/pl\/#website\"},\"primaryImageOfPage\":{\"@id\":\"https:\/\/thenordicsauna.com\/pl\/shop\/system-filtracji\/#primaryimage\"},\"image\":{\"@id\":\"https:\/\/thenordicsauna.com\/pl\/shop\/system-filtracji\/#primaryimage\"},\"thumbnailUrl\":\"https:\/\/thenordicsauna.com\/wp-content\/uploads\/2025\/05\/FilterMax-1-web.jpg\",\"datePublished\":\"2025-04-26T00:47:07+00:00\",\"description\":\"Zapewnia czyst\u0105 i krystalicznie czyst\u0105 wod\u0119 poprzez filtrowanie zanieczyszcze\u0144. Wyposa\u017cony w kulki filtruj\u0105ce zapewniaj\u0105ce lepsz\u0105 skuteczno\u015b\u0107 filtracji ni\u017c tradycyjny piasek.\",\"breadcrumb\":{\"@id\":\"https:\/\/thenordicsauna.com\/pl\/shop\/system-filtracji\/#breadcrumb\"},\"inLanguage\":\"pl-PL\",\"potentialAction\":[{\"@type\":\"ReadAction\",\"target\":[\"https:\/\/thenordicsauna.com\/pl\/shop\/system-filtracji\/\"]}]},{\"@type\":\"ImageObject\",\"inLanguage\":\"pl-PL\",\"@id\":\"https:\/\/thenordicsauna.com\/pl\/shop\/system-filtracji\/#primaryimage\",\"url\":\"https:\/\/thenordicsauna.com\/wp-content\/uploads\/2025\/05\/FilterMax-1-web.jpg\",\"contentUrl\":\"https:\/\/thenordicsauna.com\/wp-content\/uploads\/2025\/05\/FilterMax-1-web.jpg\",\"width\":800,\"height\":533,\"caption\":\"Filtracja FilterMax do wanien z hydromasa\u017cem i k\u0105pieli lodowych\"},{\"@type\":\"BreadcrumbList\",\"@id\":\"https:\/\/thenordicsauna.com\/pl\/shop\/system-filtracji\/#breadcrumb\",\"itemListElement\":[{\"@type\":\"ListItem\",\"position\":1,\"name\":\"Home\",\"item\":\"https:\/\/thenordicsauna.com\/pl\/strona-glowna\/\"},{\"@type\":\"ListItem\",\"position\":2,\"name\":\"Sklep\",\"item\":\"https:\/\/thenordicsauna.com\/shop\/\"},{\"@type\":\"ListItem\",\"position\":3,\"name\":\"Akcesoria NordicSix\",\"item\":\"https:\/\/thenordicsauna.com\/pl\/kategoria-produktu\/akcesoria-nordicsix\/\"},{\"@type\":\"ListItem\",\"position\":4,\"name\":\"System filtracji\"}]},{\"@type\":\"WebSite\",\"@id\":\"https:\/\/thenordicsauna.com\/pl\/#website\",\"url\":\"https:\/\/thenordicsauna.com\/pl\/\",\"name\":\"TheNordicSauna\",\"description\":\"Ultimate Outdoor SPA experience\",\"publisher\":{\"@id\":\"https:\/\/thenordicsauna.com\/pl\/#organization\"},\"alternateName\":\"TNS\",\"potentialAction\":[{\"@type\":\"SearchAction\",\"target\":{\"@type\":\"EntryPoint\",\"urlTemplate\":\"https:\/\/thenordicsauna.com\/pl\/?s={search_term_string}\"},\"query-input\":{\"@type\":\"PropertyValueSpecification\",\"valueRequired\":true,\"valueName\":\"search_term_string\"}}],\"inLanguage\":\"pl-PL\"},{\"@type\":\"Organization\",\"@id\":\"https:\/\/thenordicsauna.com\/pl\/#organization\",\"name\":\"TheNordicSauna\",\"alternateName\":\"TNS\",\"url\":\"https:\/\/thenordicsauna.com\/pl\/\",\"logo\":{\"@type\":\"ImageObject\",\"inLanguage\":\"pl-PL\",\"@id\":\"https:\/\/thenordicsauna.com\/pl\/#\/schema\/logo\/image\/\",\"url\":\"https:\/\/thenordicsauna.com\/wp-content\/uploads\/2025\/04\/TheNordicSauna-logo-white.svg\",\"contentUrl\":\"https:\/\/thenordicsauna.com\/wp-content\/uploads\/2025\/04\/TheNordicSauna-logo-white.svg\",\"width\":203,\"height\":203,\"caption\":\"TheNordicSauna\"},\"image\":{\"@id\":\"https:\/\/thenordicsauna.com\/pl\/#\/schema\/logo\/image\/\"},\"sameAs\":[\"https:\/\/www.facebook.com\/TheNordicSauna\/\",\"https:\/\/www.instagram.com\/thenordicsauna\"]}]}<\/script>\n<!-- \/ Yoast SEO plugin. -->","yoast_head_json":{"title":"System filtracji | TheNordicSauna","description":"Zapewnia czyst\u0105 i krystalicznie czyst\u0105 wod\u0119 poprzez filtrowanie zanieczyszcze\u0144. Wyposa\u017cony w kulki filtruj\u0105ce zapewniaj\u0105ce lepsz\u0105 skuteczno\u015b\u0107 filtracji ni\u017c tradycyjny piasek.","robots":{"index":"index","follow":"follow","max-snippet":"max-snippet:-1","max-image-preview":"max-image-preview:large","max-video-preview":"max-video-preview:-1"},"canonical":"https:\/\/thenordicsauna.com\/pl\/shop\/system-filtracji\/","og_locale":"pl_PL","og_type":"article","og_title":"System filtracji | TheNordicSauna","og_description":"Zapewnia czyst\u0105 i krystalicznie czyst\u0105 wod\u0119 poprzez filtrowanie zanieczyszcze\u0144. Wyposa\u017cony w kulki filtruj\u0105ce zapewniaj\u0105ce lepsz\u0105 skuteczno\u015b\u0107 filtracji ni\u017c tradycyjny piasek.","og_url":"https:\/\/thenordicsauna.com\/pl\/shop\/system-filtracji\/","og_site_name":"TheNordicSauna","article_publisher":"https:\/\/www.facebook.com\/TheNordicSauna\/","og_image":[{"width":800,"height":533,"url":"https:\/\/thenordicsauna.com\/wp-content\/uploads\/2025\/05\/FilterMax-1-web.jpg","type":"image\/jpeg"}],"twitter_card":"summary_large_image","schema":{"@context":"https:\/\/schema.org","@graph":[{"@type":"WebPage","@id":"https:\/\/thenordicsauna.com\/pl\/shop\/system-filtracji\/","url":"https:\/\/thenordicsauna.com\/pl\/shop\/system-filtracji\/","name":"System filtracji | TheNordicSauna","isPartOf":{"@id":"https:\/\/thenordicsauna.com\/pl\/#website"},"primaryImageOfPage":{"@id":"https:\/\/thenordicsauna.com\/pl\/shop\/system-filtracji\/#primaryimage"},"image":{"@id":"https:\/\/thenordicsauna.com\/pl\/shop\/system-filtracji\/#primaryimage"},"thumbnailUrl":"https:\/\/thenordicsauna.com\/wp-content\/uploads\/2025\/05\/FilterMax-1-web.jpg","datePublished":"2025-04-26T00:47:07+00:00","description":"Zapewnia czyst\u0105 i krystalicznie czyst\u0105 wod\u0119 poprzez filtrowanie zanieczyszcze\u0144. Wyposa\u017cony w kulki filtruj\u0105ce zapewniaj\u0105ce lepsz\u0105 skuteczno\u015b\u0107 filtracji ni\u017c tradycyjny piasek.","breadcrumb":{"@id":"https:\/\/thenordicsauna.com\/pl\/shop\/system-filtracji\/#breadcrumb"},"inLanguage":"pl-PL","potentialAction":[{"@type":"ReadAction","target":["https:\/\/thenordicsauna.com\/pl\/shop\/system-filtracji\/"]}]},{"@type":"ImageObject","inLanguage":"pl-PL","@id":"https:\/\/thenordicsauna.com\/pl\/shop\/system-filtracji\/#primaryimage","url":"https:\/\/thenordicsauna.com\/wp-content\/uploads\/2025\/05\/FilterMax-1-web.jpg","contentUrl":"https:\/\/thenordicsauna.com\/wp-content\/uploads\/2025\/05\/FilterMax-1-web.jpg","width":800,"height":533,"caption":"Filtracja FilterMax do wanien z hydromasa\u017cem i k\u0105pieli lodowych"},{"@type":"BreadcrumbList","@id":"https:\/\/thenordicsauna.com\/pl\/shop\/system-filtracji\/#breadcrumb","itemListElement":[{"@type":"ListItem","position":1,"name":"Home","item":"https:\/\/thenordicsauna.com\/pl\/strona-glowna\/"},{"@type":"ListItem","position":2,"name":"Sklep","item":"https:\/\/thenordicsauna.com\/shop\/"},{"@type":"ListItem","position":3,"name":"Akcesoria NordicSix","item":"https:\/\/thenordicsauna.com\/pl\/kategoria-produktu\/akcesoria-nordicsix\/"},{"@type":"ListItem","position":4,"name":"System filtracji"}]},{"@type":"WebSite","@id":"https:\/\/thenordicsauna.com\/pl\/#website","url":"https:\/\/thenordicsauna.com\/pl\/","name":"TheNordicSauna","description":"Ultimate Outdoor SPA experience","publisher":{"@id":"https:\/\/thenordicsauna.com\/pl\/#organization"},"alternateName":"TNS","potentialAction":[{"@type":"SearchAction","target":{"@type":"EntryPoint","urlTemplate":"https:\/\/thenordicsauna.com\/pl\/?s={search_term_string}"},"query-input":{"@type":"PropertyValueSpecification","valueRequired":true,"valueName":"search_term_string"}}],"inLanguage":"pl-PL"},{"@type":"Organization","@id":"https:\/\/thenordicsauna.com\/pl\/#organization","name":"TheNordicSauna","alternateName":"TNS","url":"https:\/\/thenordicsauna.com\/pl\/","logo":{"@type":"ImageObject","inLanguage":"pl-PL","@id":"https:\/\/thenordicsauna.com\/pl\/#\/schema\/logo\/image\/","url":"https:\/\/thenordicsauna.com\/wp-content\/uploads\/2025\/04\/TheNordicSauna-logo-white.svg","contentUrl":"https:\/\/thenordicsauna.com\/wp-content\/uploads\/2025\/04\/TheNordicSauna-logo-white.svg","width":203,"height":203,"caption":"TheNordicSauna"},"image":{"@id":"https:\/\/thenordicsauna.com\/pl\/#\/schema\/logo\/image\/"},"sameAs":["https:\/\/www.facebook.com\/TheNordicSauna\/","https:\/\/www.instagram.com\/thenordicsauna"]}]}},"_links":{"self":[{"href":"https:\/\/thenordicsauna.com\/pl\/wp-json\/wp\/v2\/product\/8451","targetHints":{"allow":["GET"]}}],"collection":[{"href":"https:\/\/thenordicsauna.com\/pl\/wp-json\/wp\/v2\/product"}],"about":[{"href":"https:\/\/thenordicsauna.com\/pl\/wp-json\/wp\/v2\/types\/product"}],"version-history":[{"count":0,"href":"https:\/\/thenordicsauna.com\/pl\/wp-json\/wp\/v2\/product\/8451\/revisions"}],"wp:featuredmedia":[{"embeddable":true,"href":"https:\/\/thenordicsauna.com\/pl\/wp-json\/wp\/v2\/media\/7344"}],"wp:attachment":[{"href":"https:\/\/thenordicsauna.com\/pl\/wp-json\/wp\/v2\/media?parent=8451"}],"wp:term":[{"taxonomy":"product_brand","embeddable":true,"href":"https:\/\/thenordicsauna.com\/pl\/wp-json\/wp\/v2\/product_brand?post=8451"},{"taxonomy":"product_cat","embeddable":true,"href":"https:\/\/thenordicsauna.com\/pl\/wp-json\/wp\/v2\/product_cat?post=8451"},{"taxonomy":"product_tag","embeddable":true,"href":"https:\/\/thenordicsauna.com\/pl\/wp-json\/wp\/v2\/product_tag?post=8451"}],"curies":[{"name":"wp","href":"https:\/\/api.w.org\/{rel}","templated":true}]}}