{"id":8462,"date":"2025-05-12T09:43:21","date_gmt":"2025-05-12T09:43:21","guid":{"rendered":"https:\/\/thenordicsauna.com\/shop\/kulki-filtrujace-swim-fun-700-g\/"},"modified":"2025-12-17T04:34:19","modified_gmt":"2025-12-17T04:34:19","slug":"kulki-filtrujace-swim-fun-700-g","status":"publish","type":"product","link":"https:\/\/thenordicsauna.com\/pl\/shop\/kulki-filtrujace-swim-fun-700-g\/","title":{"rendered":"Kulki filtruj\u0105ce Swim &amp; Fun 700 g"},"content":{"rendered":"<p><strong>\u0141atwy w u\u017cyciu:<\/strong><\/p>\n<p>Wykonane z opatentowanej mieszanki w\u0142\u00f3kien poliestrowych z g\u0119stym rdzeniem i otwart\u0105 warstw\u0105 zewn\u0119trzn\u0105, kulki dostosowuj\u0105 si\u0119 do ka\u017cdego kszta\u0142tu filtra, zapewniaj\u0105c optymaln\u0105 wydajno\u015b\u0107. Aby je zainstalowa\u0107, od\u0142\u0105cz pomp\u0119, otw\u00f3rz obudow\u0119 filtra i usu\u0144 stary wk\u0142ad. Nape\u0142nij pojemnik filtra kulkami filtracyjnymi lu\u017ano do g\u00f3ry &#8211; <strong>nie \u015bciskaj ich!<\/strong> Zamknij bezpiecznie obudow\u0119 i sprawd\u017a cyrkulacj\u0119.  <\/p>\n<p class=\"p1\"><b>Nadaj\u0105ce si\u0119 do mycia &amp; i d\u0142ugotrwa\u0142e: <\/b><\/p>\n<p class=\"p1\">Kule filtruj\u0105ce mo\u017cna my\u0107 i u\u017cywa\u0107 ponownie nawet przez 3-5 lat. Dzi\u0119ki przezroczystej pokrywie filtra \u0142atwo zauwa\u017cysz, kiedy s\u0105 brudne. Wystarczy umie\u015bci\u0107 je w siatkowym worku do prania, <span class=\"s1\">uruchomi\u0107 zimny cykl prania bez myd\u0142a<\/span> nast\u0119pnie <span class=\"s1\">pozostawi\u0107 do wysuszy\u0107 na powietrzu<\/span> przed umieszczeniem ich z powrotem.  <\/p>\n","protected":false},"excerpt":{"rendered":"<p>Kule filtracyjne Swim &amp; Fun stanowi\u0105 wysokowydajn\u0105 alternatyw\u0119 dla tradycyjnego piasku filtracyjnego lub filtr\u00f3w z wk\u0142adem lu\u017anym. Zaprojektowane zar\u00f3wno do wanien z hydromasa\u017cem, jak i basen\u00f3w, tworz\u0105 elastyczn\u0105 warstw\u0119 filtruj\u0105c\u0105, kt\u00f3ra wychwytuje swobodnie unosz\u0105ce si\u0119 cz\u0105steczki o wielko\u015bci do 10 mikron\u00f3w (0,01 mm!) &#8211; znacznie powy\u017cej zakresu 40-50 mikron\u00f3w standardowego piasku. <\/p>\n<ul>\n<li>Czystsza, krystalicznie czysta woda w wannach z hydromasa\u017cem i basenach<\/li>\n<li>Filtruje do 10 \u03bcm (w por\u00f3wnaniu do 40-50 \u03bcm dla piasku)<\/li>\n<li>700 g zast\u0119puje 25 kg piasku filtracyjnego<\/li>\n<li>Brak pozosta\u0142o\u015bci piasku filtracyjnego lub dodatkowych flokulant\u00f3w<\/li>\n<li>Bezobs\u0142ugowe i nadaj\u0105ce si\u0119 do mycia (bez myd\u0142a)<\/li>\n<li>D\u0142ugotrwa\u0142o\u015b\u0107: do 3-5 lat<\/li>\n<\/ul>\n","protected":false},"featured_media":6273,"template":"","meta":{"_acf_changed":false},"product_brand":[],"product_cat":[128,127],"product_tag":[],"class_list":{"0":"post-8462","1":"product","2":"type-product","3":"status-publish","4":"has-post-thumbnail","6":"product_cat-akcesoria-do-balii-do-kapieli","7":"product_cat-kontrola-wody","8":"product_shipping_class-srednie-przedmioty-schowek-na-paczki","10":"first","11":"outofstock","12":"taxable","13":"shipping-taxable","14":"purchasable","15":"product-type-simple"},"acf":[],"yoast_head":"<!-- This site is optimized with the Yoast SEO plugin v26.6 - https:\/\/yoast.com\/wordpress\/plugins\/seo\/ -->\n<title>Kulki filtruj\u0105ce Swim &amp; Fun 700 g | TheNordicSauna<\/title>\n<meta name=\"robots\" content=\"index, follow, max-snippet:-1, max-image-preview:large, max-video-preview:-1\" \/>\n<link rel=\"canonical\" href=\"https:\/\/thenordicsauna.com\/pl\/shop\/kulki-filtrujace-swim-fun-700-g\/\" \/>\n<meta property=\"og:locale\" content=\"pl_PL\" \/>\n<meta property=\"og:type\" content=\"article\" \/>\n<meta property=\"og:title\" content=\"Kulki filtruj\u0105ce Swim &amp; Fun 700 g | TheNordicSauna\" \/>\n<meta property=\"og:description\" content=\"Kule filtracyjne Swim &amp; Fun stanowi\u0105 wysokowydajn\u0105 alternatyw\u0119 dla tradycyjnego piasku filtracyjnego lub filtr\u00f3w z wk\u0142adem lu\u017anym. Zaprojektowane zar\u00f3wno do wanien z hydromasa\u017cem, jak i basen\u00f3w, tworz\u0105 elastyczn\u0105 warstw\u0119 filtruj\u0105c\u0105, kt\u00f3ra wychwytuje swobodnie unosz\u0105ce si\u0119 cz\u0105steczki o wielko\u015bci do 10 mikron\u00f3w (0,01 mm!) - znacznie powy\u017cej zakresu 40-50 mikron\u00f3w standardowego piasku.   Czystsza, krystalicznie czysta woda w wannach z hydromasa\u017cem i basenach  Filtruje do 10 \u03bcm (w por\u00f3wnaniu do 40-50 \u03bcm dla piasku)  700 g zast\u0119puje 25 kg piasku filtracyjnego  Brak pozosta\u0142o\u015bci piasku filtracyjnego lub dodatkowych flokulant\u00f3w  Bezobs\u0142ugowe i nadaj\u0105ce si\u0119 do mycia (bez myd\u0142a)  D\u0142ugotrwa\u0142o\u015b\u0107: do 3-5 lat\" \/>\n<meta property=\"og:url\" content=\"https:\/\/thenordicsauna.com\/pl\/shop\/kulki-filtrujace-swim-fun-700-g\/\" \/>\n<meta property=\"og:site_name\" content=\"TheNordicSauna\" \/>\n<meta property=\"article:publisher\" content=\"https:\/\/www.facebook.com\/TheNordicSauna\/\" \/>\n<meta property=\"article:modified_time\" content=\"2025-12-17T04:34:19+00:00\" \/>\n<meta property=\"og:image\" content=\"https:\/\/thenordicsauna.com\/wp-content\/uploads\/2025\/05\/1069-Swim-Fun-Filterballs-700g.jpg\" \/>\n\t<meta property=\"og:image:width\" content=\"839\" \/>\n\t<meta property=\"og:image:height\" content=\"838\" \/>\n\t<meta property=\"og:image:type\" content=\"image\/jpeg\" \/>\n<meta name=\"twitter:card\" content=\"summary_large_image\" \/>\n<meta name=\"twitter:label1\" content=\"Szacowany czas czytania\" \/>\n\t<meta name=\"twitter:data1\" content=\"1 minuta\" \/>\n<script type=\"application\/ld+json\" class=\"yoast-schema-graph\">{\"@context\":\"https:\/\/schema.org\",\"@graph\":[{\"@type\":\"WebPage\",\"@id\":\"https:\/\/thenordicsauna.com\/pl\/shop\/kulki-filtrujace-swim-fun-700-g\/\",\"url\":\"https:\/\/thenordicsauna.com\/pl\/shop\/kulki-filtrujace-swim-fun-700-g\/\",\"name\":\"Kulki filtruj\u0105ce Swim &amp; Fun 700 g | TheNordicSauna\",\"isPartOf\":{\"@id\":\"https:\/\/thenordicsauna.com\/pl\/#website\"},\"primaryImageOfPage\":{\"@id\":\"https:\/\/thenordicsauna.com\/pl\/shop\/kulki-filtrujace-swim-fun-700-g\/#primaryimage\"},\"image\":{\"@id\":\"https:\/\/thenordicsauna.com\/pl\/shop\/kulki-filtrujace-swim-fun-700-g\/#primaryimage\"},\"thumbnailUrl\":\"https:\/\/thenordicsauna.com\/wp-content\/uploads\/2025\/05\/1069-Swim-Fun-Filterballs-700g.jpg\",\"datePublished\":\"2025-05-12T09:43:21+00:00\",\"dateModified\":\"2025-12-17T04:34:19+00:00\",\"breadcrumb\":{\"@id\":\"https:\/\/thenordicsauna.com\/pl\/shop\/kulki-filtrujace-swim-fun-700-g\/#breadcrumb\"},\"inLanguage\":\"pl-PL\",\"potentialAction\":[{\"@type\":\"ReadAction\",\"target\":[\"https:\/\/thenordicsauna.com\/pl\/shop\/kulki-filtrujace-swim-fun-700-g\/\"]}]},{\"@type\":\"ImageObject\",\"inLanguage\":\"pl-PL\",\"@id\":\"https:\/\/thenordicsauna.com\/pl\/shop\/kulki-filtrujace-swim-fun-700-g\/#primaryimage\",\"url\":\"https:\/\/thenordicsauna.com\/wp-content\/uploads\/2025\/05\/1069-Swim-Fun-Filterballs-700g.jpg\",\"contentUrl\":\"https:\/\/thenordicsauna.com\/wp-content\/uploads\/2025\/05\/1069-Swim-Fun-Filterballs-700g.jpg\",\"width\":839,\"height\":838,\"caption\":\"1069 Kulki filtruj\u0105ce Swim &amp; Fun 700g\"},{\"@type\":\"BreadcrumbList\",\"@id\":\"https:\/\/thenordicsauna.com\/pl\/shop\/kulki-filtrujace-swim-fun-700-g\/#breadcrumb\",\"itemListElement\":[{\"@type\":\"ListItem\",\"position\":1,\"name\":\"Home\",\"item\":\"https:\/\/thenordicsauna.com\/pl\/strona-glowna\/\"},{\"@type\":\"ListItem\",\"position\":2,\"name\":\"Sklep\",\"item\":\"https:\/\/thenordicsauna.com\/shop\/\"},{\"@type\":\"ListItem\",\"position\":3,\"name\":\"Akcesoria do balii do k\u0105pieli\",\"item\":\"https:\/\/thenordicsauna.com\/pl\/kategoria-produktu\/akcesoria-do-balii-do-kapieli\/\"},{\"@type\":\"ListItem\",\"position\":4,\"name\":\"Kulki filtruj\u0105ce Swim &amp; Fun 700 g\"}]},{\"@type\":\"WebSite\",\"@id\":\"https:\/\/thenordicsauna.com\/pl\/#website\",\"url\":\"https:\/\/thenordicsauna.com\/pl\/\",\"name\":\"TheNordicSauna\",\"description\":\"Ultimate Outdoor SPA experience\",\"publisher\":{\"@id\":\"https:\/\/thenordicsauna.com\/pl\/#organization\"},\"alternateName\":\"TNS\",\"potentialAction\":[{\"@type\":\"SearchAction\",\"target\":{\"@type\":\"EntryPoint\",\"urlTemplate\":\"https:\/\/thenordicsauna.com\/pl\/?s={search_term_string}\"},\"query-input\":{\"@type\":\"PropertyValueSpecification\",\"valueRequired\":true,\"valueName\":\"search_term_string\"}}],\"inLanguage\":\"pl-PL\"},{\"@type\":\"Organization\",\"@id\":\"https:\/\/thenordicsauna.com\/pl\/#organization\",\"name\":\"TheNordicSauna\",\"alternateName\":\"TNS\",\"url\":\"https:\/\/thenordicsauna.com\/pl\/\",\"logo\":{\"@type\":\"ImageObject\",\"inLanguage\":\"pl-PL\",\"@id\":\"https:\/\/thenordicsauna.com\/pl\/#\/schema\/logo\/image\/\",\"url\":\"https:\/\/thenordicsauna.com\/wp-content\/uploads\/2025\/04\/TheNordicSauna-logo-white.svg\",\"contentUrl\":\"https:\/\/thenordicsauna.com\/wp-content\/uploads\/2025\/04\/TheNordicSauna-logo-white.svg\",\"width\":203,\"height\":203,\"caption\":\"TheNordicSauna\"},\"image\":{\"@id\":\"https:\/\/thenordicsauna.com\/pl\/#\/schema\/logo\/image\/\"},\"sameAs\":[\"https:\/\/www.facebook.com\/TheNordicSauna\/\",\"https:\/\/www.instagram.com\/thenordicsauna\"]}]}<\/script>\n<!-- \/ Yoast SEO plugin. -->","yoast_head_json":{"title":"Kulki filtruj\u0105ce Swim &amp; Fun 700 g | TheNordicSauna","robots":{"index":"index","follow":"follow","max-snippet":"max-snippet:-1","max-image-preview":"max-image-preview:large","max-video-preview":"max-video-preview:-1"},"canonical":"https:\/\/thenordicsauna.com\/pl\/shop\/kulki-filtrujace-swim-fun-700-g\/","og_locale":"pl_PL","og_type":"article","og_title":"Kulki filtruj\u0105ce Swim &amp; Fun 700 g | TheNordicSauna","og_description":"Kule filtracyjne Swim &amp; Fun stanowi\u0105 wysokowydajn\u0105 alternatyw\u0119 dla tradycyjnego piasku filtracyjnego lub filtr\u00f3w z wk\u0142adem lu\u017anym. Zaprojektowane zar\u00f3wno do wanien z hydromasa\u017cem, jak i basen\u00f3w, tworz\u0105 elastyczn\u0105 warstw\u0119 filtruj\u0105c\u0105, kt\u00f3ra wychwytuje swobodnie unosz\u0105ce si\u0119 cz\u0105steczki o wielko\u015bci do 10 mikron\u00f3w (0,01 mm!) - znacznie powy\u017cej zakresu 40-50 mikron\u00f3w standardowego piasku.   Czystsza, krystalicznie czysta woda w wannach z hydromasa\u017cem i basenach  Filtruje do 10 \u03bcm (w por\u00f3wnaniu do 40-50 \u03bcm dla piasku)  700 g zast\u0119puje 25 kg piasku filtracyjnego  Brak pozosta\u0142o\u015bci piasku filtracyjnego lub dodatkowych flokulant\u00f3w  Bezobs\u0142ugowe i nadaj\u0105ce si\u0119 do mycia (bez myd\u0142a)  D\u0142ugotrwa\u0142o\u015b\u0107: do 3-5 lat","og_url":"https:\/\/thenordicsauna.com\/pl\/shop\/kulki-filtrujace-swim-fun-700-g\/","og_site_name":"TheNordicSauna","article_publisher":"https:\/\/www.facebook.com\/TheNordicSauna\/","article_modified_time":"2025-12-17T04:34:19+00:00","og_image":[{"width":839,"height":838,"url":"https:\/\/thenordicsauna.com\/wp-content\/uploads\/2025\/05\/1069-Swim-Fun-Filterballs-700g.jpg","type":"image\/jpeg"}],"twitter_card":"summary_large_image","twitter_misc":{"Szacowany czas czytania":"1 minuta"},"schema":{"@context":"https:\/\/schema.org","@graph":[{"@type":"WebPage","@id":"https:\/\/thenordicsauna.com\/pl\/shop\/kulki-filtrujace-swim-fun-700-g\/","url":"https:\/\/thenordicsauna.com\/pl\/shop\/kulki-filtrujace-swim-fun-700-g\/","name":"Kulki filtruj\u0105ce Swim &amp; Fun 700 g | TheNordicSauna","isPartOf":{"@id":"https:\/\/thenordicsauna.com\/pl\/#website"},"primaryImageOfPage":{"@id":"https:\/\/thenordicsauna.com\/pl\/shop\/kulki-filtrujace-swim-fun-700-g\/#primaryimage"},"image":{"@id":"https:\/\/thenordicsauna.com\/pl\/shop\/kulki-filtrujace-swim-fun-700-g\/#primaryimage"},"thumbnailUrl":"https:\/\/thenordicsauna.com\/wp-content\/uploads\/2025\/05\/1069-Swim-Fun-Filterballs-700g.jpg","datePublished":"2025-05-12T09:43:21+00:00","dateModified":"2025-12-17T04:34:19+00:00","breadcrumb":{"@id":"https:\/\/thenordicsauna.com\/pl\/shop\/kulki-filtrujace-swim-fun-700-g\/#breadcrumb"},"inLanguage":"pl-PL","potentialAction":[{"@type":"ReadAction","target":["https:\/\/thenordicsauna.com\/pl\/shop\/kulki-filtrujace-swim-fun-700-g\/"]}]},{"@type":"ImageObject","inLanguage":"pl-PL","@id":"https:\/\/thenordicsauna.com\/pl\/shop\/kulki-filtrujace-swim-fun-700-g\/#primaryimage","url":"https:\/\/thenordicsauna.com\/wp-content\/uploads\/2025\/05\/1069-Swim-Fun-Filterballs-700g.jpg","contentUrl":"https:\/\/thenordicsauna.com\/wp-content\/uploads\/2025\/05\/1069-Swim-Fun-Filterballs-700g.jpg","width":839,"height":838,"caption":"1069 Kulki filtruj\u0105ce Swim &amp; Fun 700g"},{"@type":"BreadcrumbList","@id":"https:\/\/thenordicsauna.com\/pl\/shop\/kulki-filtrujace-swim-fun-700-g\/#breadcrumb","itemListElement":[{"@type":"ListItem","position":1,"name":"Home","item":"https:\/\/thenordicsauna.com\/pl\/strona-glowna\/"},{"@type":"ListItem","position":2,"name":"Sklep","item":"https:\/\/thenordicsauna.com\/shop\/"},{"@type":"ListItem","position":3,"name":"Akcesoria do balii do k\u0105pieli","item":"https:\/\/thenordicsauna.com\/pl\/kategoria-produktu\/akcesoria-do-balii-do-kapieli\/"},{"@type":"ListItem","position":4,"name":"Kulki filtruj\u0105ce Swim &amp; Fun 700 g"}]},{"@type":"WebSite","@id":"https:\/\/thenordicsauna.com\/pl\/#website","url":"https:\/\/thenordicsauna.com\/pl\/","name":"TheNordicSauna","description":"Ultimate Outdoor SPA experience","publisher":{"@id":"https:\/\/thenordicsauna.com\/pl\/#organization"},"alternateName":"TNS","potentialAction":[{"@type":"SearchAction","target":{"@type":"EntryPoint","urlTemplate":"https:\/\/thenordicsauna.com\/pl\/?s={search_term_string}"},"query-input":{"@type":"PropertyValueSpecification","valueRequired":true,"valueName":"search_term_string"}}],"inLanguage":"pl-PL"},{"@type":"Organization","@id":"https:\/\/thenordicsauna.com\/pl\/#organization","name":"TheNordicSauna","alternateName":"TNS","url":"https:\/\/thenordicsauna.com\/pl\/","logo":{"@type":"ImageObject","inLanguage":"pl-PL","@id":"https:\/\/thenordicsauna.com\/pl\/#\/schema\/logo\/image\/","url":"https:\/\/thenordicsauna.com\/wp-content\/uploads\/2025\/04\/TheNordicSauna-logo-white.svg","contentUrl":"https:\/\/thenordicsauna.com\/wp-content\/uploads\/2025\/04\/TheNordicSauna-logo-white.svg","width":203,"height":203,"caption":"TheNordicSauna"},"image":{"@id":"https:\/\/thenordicsauna.com\/pl\/#\/schema\/logo\/image\/"},"sameAs":["https:\/\/www.facebook.com\/TheNordicSauna\/","https:\/\/www.instagram.com\/thenordicsauna"]}]}},"_links":{"self":[{"href":"https:\/\/thenordicsauna.com\/pl\/wp-json\/wp\/v2\/product\/8462","targetHints":{"allow":["GET"]}}],"collection":[{"href":"https:\/\/thenordicsauna.com\/pl\/wp-json\/wp\/v2\/product"}],"about":[{"href":"https:\/\/thenordicsauna.com\/pl\/wp-json\/wp\/v2\/types\/product"}],"version-history":[{"count":1,"href":"https:\/\/thenordicsauna.com\/pl\/wp-json\/wp\/v2\/product\/8462\/revisions"}],"predecessor-version":[{"id":9501,"href":"https:\/\/thenordicsauna.com\/pl\/wp-json\/wp\/v2\/product\/8462\/revisions\/9501"}],"wp:featuredmedia":[{"embeddable":true,"href":"https:\/\/thenordicsauna.com\/pl\/wp-json\/wp\/v2\/media\/6273"}],"wp:attachment":[{"href":"https:\/\/thenordicsauna.com\/pl\/wp-json\/wp\/v2\/media?parent=8462"}],"wp:term":[{"taxonomy":"product_brand","embeddable":true,"href":"https:\/\/thenordicsauna.com\/pl\/wp-json\/wp\/v2\/product_brand?post=8462"},{"taxonomy":"product_cat","embeddable":true,"href":"https:\/\/thenordicsauna.com\/pl\/wp-json\/wp\/v2\/product_cat?post=8462"},{"taxonomy":"product_tag","embeddable":true,"href":"https:\/\/thenordicsauna.com\/pl\/wp-json\/wp\/v2\/product_tag?post=8462"}],"curies":[{"name":"wp","href":"https:\/\/api.w.org\/{rel}","templated":true}]}}