{"id":8464,"date":"2025-05-22T05:41:29","date_gmt":"2025-05-22T05:41:29","guid":{"rendered":"https:\/\/thenordicsauna.com\/shop\/sauna-nordic-cube\/"},"modified":"2025-12-17T04:33:36","modified_gmt":"2025-12-17T04:33:36","slug":"sauna-nordic-cube","status":"publish","type":"product","link":"https:\/\/thenordicsauna.com\/pl\/shop\/sauna-nordic-cube\/","title":{"rendered":"Sauna Nordic Cube"},"content":{"rendered":"<p class=\"p1\"><b>Informacje o dostawie:<\/b><b><\/b><\/p>\n<ul>\n<li class=\"p2\">Koszty wysy\u0142ki s\u0105 obliczane po dokonaniu p\u0142atno\u015bci. Wy\u015blemy Ci dok\u0142adn\u0105 wycen\u0119 przesy\u0142ki kurierskiej od naszego partnera <span class=\"s1\"><b>MyDello.com<\/b><\/span> &#8211; bez doliczania mar\u017cy. <\/li>\n<li class=\"p2\">Typowa dostawa w Europie: <span class=\"s1\" style=\"font-family: -apple-system, BlinkMacSystemFont, 'Segoe UI', Roboto, 'Helvetica Neue', Arial, 'Noto Sans', sans-serif, 'Apple Color Emoji', 'Segoe UI Emoji', 'Segoe UI Symbol', 'Noto Color Emoji';\"><b>\u20ac500-1,500<\/b><\/span><\/li>\n<li class=\"p2\">Ten model jest <span class=\"s1\" style=\"font-family: -apple-system, BlinkMacSystemFont, 'Segoe UI', Roboto, 'Helvetica Neue', Arial, 'Noto Sans', sans-serif, 'Apple Color Emoji', 'Segoe UI Emoji', 'Segoe UI Symbol', 'Noto Color Emoji';\"><b>dostarczany w pe\u0142ni zmontowany<\/b><\/span><span style=\"font-family: -apple-system, BlinkMacSystemFont, 'Segoe UI', Roboto, 'Helvetica Neue', Arial, 'Noto Sans', sans-serif, 'Apple Color Emoji', 'Segoe UI Emoji', 'Segoe UI Symbol', 'Noto Color Emoji';\"> aby zapewni\u0107, \u017ce wszystkie fabryczne po\u0142\u0105czenia i warstwy izolacyjne pozostan\u0105 idealnie uszczelnione i profesjonalnie zainstalowane.<\/span><\/li>\n<\/ul>\n","protected":false},"excerpt":{"rendered":"<p class=\"p1\">Nowoczesna sauna w kszta\u0142cie sze\u015bcianu, kt\u00f3ra zapewnia tradycyjne nordyckie doznania dzi\u0119ki eleganckiemu wzornictwu i najwy\u017cszej jako\u015bci wykonania. Zbudowana z wytrzyma\u0142ego drewna CLT i termo drewna, NordicCube jest trwa\u0142a i imponuj\u0105ca. <\/p>\n<p><strong>Podstawowe funkcje:<\/strong><\/p>\n<ul>\n<li>Pok\u00f3j dla 4 os\u00f3b<\/li>\n<li>Wykonane z CLT i termo drewna<\/li>\n<li>Piec opalany drewnem Harvia M3 (kamienie nie wchodz\u0105 w sk\u0142ad zestawu)<\/li>\n<li>Du\u017ce okno panoramiczne<\/li>\n<li>Waga: oko\u0142o 1400 kg <\/li>\n<li>Dostarczany w pe\u0142ni zmontowany<\/li>\n<li>Gotowy w ci\u0105gu 60 dni<\/li>\n<li>Pe\u0142n\u0105 specyfikacj\u0119 i zdj\u0119cia mo\u017cna znale\u017a\u0107 na <a style=\"font-family: -apple-system, BlinkMacSystemFont, 'Segoe UI', Roboto, 'Helvetica Neue', Arial, 'Noto Sans', sans-serif, 'Apple Color Emoji', 'Segoe UI Emoji', 'Segoe UI Symbol', 'Noto Color Emoji';\" href=\"https:\/\/thenordicsauna.com\/pl\/sauny\/nordic-cube\/\" target=\"_blank\" rel=\"noopener\">stronie Nordic<\/a><span style=\"font-family: -apple-system, BlinkMacSystemFont, 'Segoe UI', Roboto, 'Helvetica Neue', Arial, 'Noto Sans', sans-serif, 'Apple Color Emoji', 'Segoe UI Emoji', 'Segoe UI Symbol', 'Noto Color Emoji';\"> Cube<\/span>.<\/li>\n<\/ul>\n","protected":false},"featured_media":6301,"template":"","meta":{"_acf_changed":false},"product_brand":[],"product_cat":[133],"product_tag":[],"class_list":{"0":"post-8464","1":"product","2":"type-product","3":"status-publish","4":"has-post-thumbnail","6":"product_cat-sauna","8":"first","9":"instock","10":"taxable","11":"shipping-taxable","12":"purchasable","13":"product-type-simple"},"acf":[],"yoast_head":"<!-- This site is optimized with the Yoast SEO plugin v26.6 - https:\/\/yoast.com\/wordpress\/plugins\/seo\/ -->\n<title>Sauna Nordic Cube | TheNordicSauna<\/title>\n<meta name=\"robots\" content=\"index, follow, max-snippet:-1, max-image-preview:large, max-video-preview:-1\" \/>\n<link rel=\"canonical\" href=\"https:\/\/thenordicsauna.com\/pl\/shop\/sauna-nordic-cube\/\" \/>\n<meta property=\"og:locale\" content=\"pl_PL\" \/>\n<meta property=\"og:type\" content=\"article\" \/>\n<meta property=\"og:title\" content=\"Sauna Nordic Cube | TheNordicSauna\" \/>\n<meta property=\"og:description\" content=\"Nowoczesna sauna w kszta\u0142cie sze\u015bcianu, kt\u00f3ra zapewnia tradycyjne nordyckie doznania dzi\u0119ki eleganckiemu wzornictwu i najwy\u017cszej jako\u015bci wykonania. Zbudowana z wytrzyma\u0142ego drewna CLT i termo drewna, NordicCube jest trwa\u0142a i imponuj\u0105ca. Podstawowe funkcje:  Pok\u00f3j dla 4 os\u00f3b  Wykonane z CLT i termo drewna  Piec opalany drewnem Harvia M3 (kamienie nie wchodz\u0105 w sk\u0142ad zestawu)  Du\u017ce okno panoramiczne  Waga: oko\u0142o 1400 kg  Dostarczany w pe\u0142ni zmontowany  Gotowy w ci\u0105gu 60 dni  Pe\u0142n\u0105 specyfikacj\u0119 i zdj\u0119cia mo\u017cna znale\u017a\u0107 na stronie Nordic Cube.\" \/>\n<meta property=\"og:url\" content=\"https:\/\/thenordicsauna.com\/pl\/shop\/sauna-nordic-cube\/\" \/>\n<meta property=\"og:site_name\" content=\"TheNordicSauna\" \/>\n<meta property=\"article:publisher\" content=\"https:\/\/www.facebook.com\/TheNordicSauna\/\" \/>\n<meta property=\"article:modified_time\" content=\"2025-12-17T04:33:36+00:00\" \/>\n<meta property=\"og:image\" content=\"https:\/\/thenordicsauna.com\/wp-content\/uploads\/2025\/05\/Nordic-Cube-14-Hero-1-scaled.webp\" \/>\n\t<meta property=\"og:image:width\" content=\"2560\" \/>\n\t<meta property=\"og:image:height\" content=\"1707\" \/>\n\t<meta property=\"og:image:type\" content=\"image\/webp\" \/>\n<meta name=\"twitter:card\" content=\"summary_large_image\" \/>\n<script type=\"application\/ld+json\" class=\"yoast-schema-graph\">{\"@context\":\"https:\/\/schema.org\",\"@graph\":[{\"@type\":\"WebPage\",\"@id\":\"https:\/\/thenordicsauna.com\/pl\/shop\/sauna-nordic-cube\/\",\"url\":\"https:\/\/thenordicsauna.com\/pl\/shop\/sauna-nordic-cube\/\",\"name\":\"Sauna Nordic Cube | TheNordicSauna\",\"isPartOf\":{\"@id\":\"https:\/\/thenordicsauna.com\/pl\/#website\"},\"primaryImageOfPage\":{\"@id\":\"https:\/\/thenordicsauna.com\/pl\/shop\/sauna-nordic-cube\/#primaryimage\"},\"image\":{\"@id\":\"https:\/\/thenordicsauna.com\/pl\/shop\/sauna-nordic-cube\/#primaryimage\"},\"thumbnailUrl\":\"https:\/\/thenordicsauna.com\/wp-content\/uploads\/2025\/05\/Nordic-Cube-14-Hero-1-scaled.webp\",\"datePublished\":\"2025-05-22T05:41:29+00:00\",\"dateModified\":\"2025-12-17T04:33:36+00:00\",\"breadcrumb\":{\"@id\":\"https:\/\/thenordicsauna.com\/pl\/shop\/sauna-nordic-cube\/#breadcrumb\"},\"inLanguage\":\"pl-PL\",\"potentialAction\":[{\"@type\":\"ReadAction\",\"target\":[\"https:\/\/thenordicsauna.com\/pl\/shop\/sauna-nordic-cube\/\"]}]},{\"@type\":\"ImageObject\",\"inLanguage\":\"pl-PL\",\"@id\":\"https:\/\/thenordicsauna.com\/pl\/shop\/sauna-nordic-cube\/#primaryimage\",\"url\":\"https:\/\/thenordicsauna.com\/wp-content\/uploads\/2025\/05\/Nordic-Cube-14-Hero-1-scaled.webp\",\"contentUrl\":\"https:\/\/thenordicsauna.com\/wp-content\/uploads\/2025\/05\/Nordic-Cube-14-Hero-1-scaled.webp\",\"width\":2560,\"height\":1707,\"caption\":\"TheNordicSauna Nordic Cube Sauna fi\u0144ska\"},{\"@type\":\"BreadcrumbList\",\"@id\":\"https:\/\/thenordicsauna.com\/pl\/shop\/sauna-nordic-cube\/#breadcrumb\",\"itemListElement\":[{\"@type\":\"ListItem\",\"position\":1,\"name\":\"Home\",\"item\":\"https:\/\/thenordicsauna.com\/pl\/strona-glowna\/\"},{\"@type\":\"ListItem\",\"position\":2,\"name\":\"Sklep\",\"item\":\"https:\/\/thenordicsauna.com\/shop\/\"},{\"@type\":\"ListItem\",\"position\":3,\"name\":\"Sauny\",\"item\":\"https:\/\/thenordicsauna.com\/pl\/kategoria-produktu\/sauna\/\"},{\"@type\":\"ListItem\",\"position\":4,\"name\":\"Sauna Nordic Cube\"}]},{\"@type\":\"WebSite\",\"@id\":\"https:\/\/thenordicsauna.com\/pl\/#website\",\"url\":\"https:\/\/thenordicsauna.com\/pl\/\",\"name\":\"TheNordicSauna\",\"description\":\"Ultimate Outdoor SPA experience\",\"publisher\":{\"@id\":\"https:\/\/thenordicsauna.com\/pl\/#organization\"},\"alternateName\":\"TNS\",\"potentialAction\":[{\"@type\":\"SearchAction\",\"target\":{\"@type\":\"EntryPoint\",\"urlTemplate\":\"https:\/\/thenordicsauna.com\/pl\/?s={search_term_string}\"},\"query-input\":{\"@type\":\"PropertyValueSpecification\",\"valueRequired\":true,\"valueName\":\"search_term_string\"}}],\"inLanguage\":\"pl-PL\"},{\"@type\":\"Organization\",\"@id\":\"https:\/\/thenordicsauna.com\/pl\/#organization\",\"name\":\"TheNordicSauna\",\"alternateName\":\"TNS\",\"url\":\"https:\/\/thenordicsauna.com\/pl\/\",\"logo\":{\"@type\":\"ImageObject\",\"inLanguage\":\"pl-PL\",\"@id\":\"https:\/\/thenordicsauna.com\/pl\/#\/schema\/logo\/image\/\",\"url\":\"https:\/\/thenordicsauna.com\/wp-content\/uploads\/2025\/04\/TheNordicSauna-logo-white.svg\",\"contentUrl\":\"https:\/\/thenordicsauna.com\/wp-content\/uploads\/2025\/04\/TheNordicSauna-logo-white.svg\",\"width\":203,\"height\":203,\"caption\":\"TheNordicSauna\"},\"image\":{\"@id\":\"https:\/\/thenordicsauna.com\/pl\/#\/schema\/logo\/image\/\"},\"sameAs\":[\"https:\/\/www.facebook.com\/TheNordicSauna\/\",\"https:\/\/www.instagram.com\/thenordicsauna\"]}]}<\/script>\n<!-- \/ Yoast SEO plugin. -->","yoast_head_json":{"title":"Sauna Nordic Cube | TheNordicSauna","robots":{"index":"index","follow":"follow","max-snippet":"max-snippet:-1","max-image-preview":"max-image-preview:large","max-video-preview":"max-video-preview:-1"},"canonical":"https:\/\/thenordicsauna.com\/pl\/shop\/sauna-nordic-cube\/","og_locale":"pl_PL","og_type":"article","og_title":"Sauna Nordic Cube | TheNordicSauna","og_description":"Nowoczesna sauna w kszta\u0142cie sze\u015bcianu, kt\u00f3ra zapewnia tradycyjne nordyckie doznania dzi\u0119ki eleganckiemu wzornictwu i najwy\u017cszej jako\u015bci wykonania. Zbudowana z wytrzyma\u0142ego drewna CLT i termo drewna, NordicCube jest trwa\u0142a i imponuj\u0105ca. Podstawowe funkcje:  Pok\u00f3j dla 4 os\u00f3b  Wykonane z CLT i termo drewna  Piec opalany drewnem Harvia M3 (kamienie nie wchodz\u0105 w sk\u0142ad zestawu)  Du\u017ce okno panoramiczne  Waga: oko\u0142o 1400 kg  Dostarczany w pe\u0142ni zmontowany  Gotowy w ci\u0105gu 60 dni  Pe\u0142n\u0105 specyfikacj\u0119 i zdj\u0119cia mo\u017cna znale\u017a\u0107 na stronie Nordic Cube.","og_url":"https:\/\/thenordicsauna.com\/pl\/shop\/sauna-nordic-cube\/","og_site_name":"TheNordicSauna","article_publisher":"https:\/\/www.facebook.com\/TheNordicSauna\/","article_modified_time":"2025-12-17T04:33:36+00:00","og_image":[{"width":2560,"height":1707,"url":"https:\/\/thenordicsauna.com\/wp-content\/uploads\/2025\/05\/Nordic-Cube-14-Hero-1-scaled.webp","type":"image\/webp"}],"twitter_card":"summary_large_image","schema":{"@context":"https:\/\/schema.org","@graph":[{"@type":"WebPage","@id":"https:\/\/thenordicsauna.com\/pl\/shop\/sauna-nordic-cube\/","url":"https:\/\/thenordicsauna.com\/pl\/shop\/sauna-nordic-cube\/","name":"Sauna Nordic Cube | TheNordicSauna","isPartOf":{"@id":"https:\/\/thenordicsauna.com\/pl\/#website"},"primaryImageOfPage":{"@id":"https:\/\/thenordicsauna.com\/pl\/shop\/sauna-nordic-cube\/#primaryimage"},"image":{"@id":"https:\/\/thenordicsauna.com\/pl\/shop\/sauna-nordic-cube\/#primaryimage"},"thumbnailUrl":"https:\/\/thenordicsauna.com\/wp-content\/uploads\/2025\/05\/Nordic-Cube-14-Hero-1-scaled.webp","datePublished":"2025-05-22T05:41:29+00:00","dateModified":"2025-12-17T04:33:36+00:00","breadcrumb":{"@id":"https:\/\/thenordicsauna.com\/pl\/shop\/sauna-nordic-cube\/#breadcrumb"},"inLanguage":"pl-PL","potentialAction":[{"@type":"ReadAction","target":["https:\/\/thenordicsauna.com\/pl\/shop\/sauna-nordic-cube\/"]}]},{"@type":"ImageObject","inLanguage":"pl-PL","@id":"https:\/\/thenordicsauna.com\/pl\/shop\/sauna-nordic-cube\/#primaryimage","url":"https:\/\/thenordicsauna.com\/wp-content\/uploads\/2025\/05\/Nordic-Cube-14-Hero-1-scaled.webp","contentUrl":"https:\/\/thenordicsauna.com\/wp-content\/uploads\/2025\/05\/Nordic-Cube-14-Hero-1-scaled.webp","width":2560,"height":1707,"caption":"TheNordicSauna Nordic Cube Sauna fi\u0144ska"},{"@type":"BreadcrumbList","@id":"https:\/\/thenordicsauna.com\/pl\/shop\/sauna-nordic-cube\/#breadcrumb","itemListElement":[{"@type":"ListItem","position":1,"name":"Home","item":"https:\/\/thenordicsauna.com\/pl\/strona-glowna\/"},{"@type":"ListItem","position":2,"name":"Sklep","item":"https:\/\/thenordicsauna.com\/shop\/"},{"@type":"ListItem","position":3,"name":"Sauny","item":"https:\/\/thenordicsauna.com\/pl\/kategoria-produktu\/sauna\/"},{"@type":"ListItem","position":4,"name":"Sauna Nordic Cube"}]},{"@type":"WebSite","@id":"https:\/\/thenordicsauna.com\/pl\/#website","url":"https:\/\/thenordicsauna.com\/pl\/","name":"TheNordicSauna","description":"Ultimate Outdoor SPA experience","publisher":{"@id":"https:\/\/thenordicsauna.com\/pl\/#organization"},"alternateName":"TNS","potentialAction":[{"@type":"SearchAction","target":{"@type":"EntryPoint","urlTemplate":"https:\/\/thenordicsauna.com\/pl\/?s={search_term_string}"},"query-input":{"@type":"PropertyValueSpecification","valueRequired":true,"valueName":"search_term_string"}}],"inLanguage":"pl-PL"},{"@type":"Organization","@id":"https:\/\/thenordicsauna.com\/pl\/#organization","name":"TheNordicSauna","alternateName":"TNS","url":"https:\/\/thenordicsauna.com\/pl\/","logo":{"@type":"ImageObject","inLanguage":"pl-PL","@id":"https:\/\/thenordicsauna.com\/pl\/#\/schema\/logo\/image\/","url":"https:\/\/thenordicsauna.com\/wp-content\/uploads\/2025\/04\/TheNordicSauna-logo-white.svg","contentUrl":"https:\/\/thenordicsauna.com\/wp-content\/uploads\/2025\/04\/TheNordicSauna-logo-white.svg","width":203,"height":203,"caption":"TheNordicSauna"},"image":{"@id":"https:\/\/thenordicsauna.com\/pl\/#\/schema\/logo\/image\/"},"sameAs":["https:\/\/www.facebook.com\/TheNordicSauna\/","https:\/\/www.instagram.com\/thenordicsauna"]}]}},"_links":{"self":[{"href":"https:\/\/thenordicsauna.com\/pl\/wp-json\/wp\/v2\/product\/8464","targetHints":{"allow":["GET"]}}],"collection":[{"href":"https:\/\/thenordicsauna.com\/pl\/wp-json\/wp\/v2\/product"}],"about":[{"href":"https:\/\/thenordicsauna.com\/pl\/wp-json\/wp\/v2\/types\/product"}],"version-history":[{"count":1,"href":"https:\/\/thenordicsauna.com\/pl\/wp-json\/wp\/v2\/product\/8464\/revisions"}],"predecessor-version":[{"id":9499,"href":"https:\/\/thenordicsauna.com\/pl\/wp-json\/wp\/v2\/product\/8464\/revisions\/9499"}],"wp:featuredmedia":[{"embeddable":true,"href":"https:\/\/thenordicsauna.com\/pl\/wp-json\/wp\/v2\/media\/6301"}],"wp:attachment":[{"href":"https:\/\/thenordicsauna.com\/pl\/wp-json\/wp\/v2\/media?parent=8464"}],"wp:term":[{"taxonomy":"product_brand","embeddable":true,"href":"https:\/\/thenordicsauna.com\/pl\/wp-json\/wp\/v2\/product_brand?post=8464"},{"taxonomy":"product_cat","embeddable":true,"href":"https:\/\/thenordicsauna.com\/pl\/wp-json\/wp\/v2\/product_cat?post=8464"},{"taxonomy":"product_tag","embeddable":true,"href":"https:\/\/thenordicsauna.com\/pl\/wp-json\/wp\/v2\/product_tag?post=8464"}],"curies":[{"name":"wp","href":"https:\/\/api.w.org\/{rel}","templated":true}]}}