{"id":8465,"date":"2025-05-22T05:46:30","date_gmt":"2025-05-22T05:46:30","guid":{"rendered":"https:\/\/thenordicsauna.com\/shop\/sauna-nordic-moon\/"},"modified":"2025-05-22T05:46:30","modified_gmt":"2025-05-22T05:46:30","slug":"sauna-nordic-moon","status":"publish","type":"product","link":"https:\/\/thenordicsauna.com\/pl\/shop\/sauna-nordic-moon\/","title":{"rendered":"Sauna Nordic Moon"},"content":{"rendered":"<p class=\"p1\"><b>Informacje o dostawie:<\/b><b><\/b><\/p>\n<ul>\n<li class=\"p2\">Koszty wysy\u0142ki s\u0105 obliczane po dokonaniu p\u0142atno\u015bci. Wy\u015blemy ci dok\u0142adn\u0105 wycen\u0119 kuriersk\u0105 od naszego partnera <span class=\"s1\">MyDello.com<\/span> &#8211; bez doliczania mar\u017cy. <\/li>\n<li class=\"p2\">Typowa dostawa w Europie: <span class=\"s1\" style=\"font-family: -apple-system, BlinkMacSystemFont, 'Segoe UI', Roboto, 'Helvetica Neue', Arial, 'Noto Sans', sans-serif, 'Apple Color Emoji', 'Segoe UI Emoji', 'Segoe UI Symbol', 'Noto Color Emoji';\">\u20ac500-1,500<\/span><\/li>\n<li class=\"p2\">Ten model jest <span class=\"s1\" style=\"font-family: -apple-system, BlinkMacSystemFont, 'Segoe UI', Roboto, 'Helvetica Neue', Arial, 'Noto Sans', sans-serif, 'Apple Color Emoji', 'Segoe UI Emoji', 'Segoe UI Symbol', 'Noto Color Emoji';\">dostarczany w pe\u0142ni zmontowany<\/span> <span style=\"font-family: -apple-system, BlinkMacSystemFont, 'Segoe UI', Roboto, 'Helvetica Neue', Arial, 'Noto Sans', sans-serif, 'Apple Color Emoji', 'Segoe UI Emoji', 'Segoe UI Symbol', 'Noto Color Emoji';\">aby zapewni\u0107, \u017ce wszystkie fabryczne po\u0142\u0105czenia i warstwy izolacyjne pozostan\u0105 idealnie uszczelnione i profesjonalnie zainstalowane.<\/span><\/li>\n<\/ul>\n","protected":false},"excerpt":{"rendered":"<p class=\"p1\">Charakterystyczna owalna sauna z odrobin\u0105 architektonicznego uroku. NordicMoon \u0142\u0105czy w sobie uroczy design i praktyczny komfort &#8211; wykonana z trwa\u0142ego CLT i zbudowana tak, aby si\u0119 wyr\u00f3\u017cnia\u0107. <\/p>\n<p>Podstawowe funkcje:<\/p>\n<ul>\n<li>Pasuje dla 4-6 os\u00f3b<\/li>\n<li>Przyci\u0105gaj\u0105ca wzrok owalna konstrukcja z 14 okr\u0105g\u0142ymi okienkami<\/li>\n<li>Wykonane z CLT i termo drewna<\/li>\n<li>Piecyk Harvia M3 w zestawie (kamienie nie wchodz\u0105 w sk\u0142ad zestawu)<\/li>\n<li>Dostarczany w pe\u0142ni zmontowany<\/li>\n<li>Waga: approx. 1400 kg<\/li>\n<li>Czas realizacji: 60 dni<\/li>\n<\/ul>\n<p>Pe\u0142n\u0105 specyfikacj\u0119 i zdj\u0119cia mo\u017cna znale\u017a\u0107 na <a href=\"https:\/\/thenordicsauna.com\/saunas\/nordic-moon\/\">stronie Nordic Moon Landing<\/a>.<\/p>\n","protected":false},"featured_media":6317,"template":"","meta":{"_acf_changed":false},"product_brand":[],"product_cat":[133],"product_tag":[],"class_list":{"0":"post-8465","1":"product","2":"type-product","3":"status-publish","4":"has-post-thumbnail","6":"product_cat-sauna","8":"first","9":"instock","10":"taxable","11":"shipping-taxable","12":"purchasable","13":"product-type-simple"},"acf":[],"yoast_head":"<!-- This site is optimized with the Yoast SEO plugin v26.6 - https:\/\/yoast.com\/wordpress\/plugins\/seo\/ -->\n<title>Sauna Nordic Moon | TheNordicSauna<\/title>\n<meta name=\"description\" content=\"Charakterystyczna owalna sauna z odrobin\u0105 architektonicznego uroku. Nordic Moon jest wykonana z wytrzyma\u0142ego CLT i zbudowana tak, aby si\u0119 wyr\u00f3\u017cnia\u0107.\" \/>\n<meta name=\"robots\" content=\"index, follow, max-snippet:-1, max-image-preview:large, max-video-preview:-1\" \/>\n<link rel=\"canonical\" href=\"https:\/\/thenordicsauna.com\/pl\/shop\/sauna-nordic-moon\/\" \/>\n<meta property=\"og:locale\" content=\"pl_PL\" \/>\n<meta property=\"og:type\" content=\"article\" \/>\n<meta property=\"og:title\" content=\"Sauna Nordic Moon | TheNordicSauna\" \/>\n<meta property=\"og:description\" content=\"Charakterystyczna owalna sauna z odrobin\u0105 architektonicznego uroku. Nordic Moon jest wykonana z wytrzyma\u0142ego CLT i zbudowana tak, aby si\u0119 wyr\u00f3\u017cnia\u0107.\" \/>\n<meta property=\"og:url\" content=\"https:\/\/thenordicsauna.com\/pl\/shop\/sauna-nordic-moon\/\" \/>\n<meta property=\"og:site_name\" content=\"TheNordicSauna\" \/>\n<meta property=\"article:publisher\" content=\"https:\/\/www.facebook.com\/TheNordicSauna\/\" \/>\n<meta property=\"og:image\" content=\"https:\/\/thenordicsauna.com\/wp-content\/uploads\/2025\/05\/Nordic-Moon-Gallery-2.jpg\" \/>\n\t<meta property=\"og:image:width\" content=\"2560\" \/>\n\t<meta property=\"og:image:height\" content=\"1720\" \/>\n\t<meta property=\"og:image:type\" content=\"image\/jpeg\" \/>\n<meta name=\"twitter:card\" content=\"summary_large_image\" \/>\n<script type=\"application\/ld+json\" class=\"yoast-schema-graph\">{\"@context\":\"https:\/\/schema.org\",\"@graph\":[{\"@type\":\"WebPage\",\"@id\":\"https:\/\/thenordicsauna.com\/pl\/shop\/sauna-nordic-moon\/\",\"url\":\"https:\/\/thenordicsauna.com\/pl\/shop\/sauna-nordic-moon\/\",\"name\":\"Sauna Nordic Moon | TheNordicSauna\",\"isPartOf\":{\"@id\":\"https:\/\/thenordicsauna.com\/pl\/#website\"},\"primaryImageOfPage\":{\"@id\":\"https:\/\/thenordicsauna.com\/pl\/shop\/sauna-nordic-moon\/#primaryimage\"},\"image\":{\"@id\":\"https:\/\/thenordicsauna.com\/pl\/shop\/sauna-nordic-moon\/#primaryimage\"},\"thumbnailUrl\":\"https:\/\/thenordicsauna.com\/wp-content\/uploads\/2025\/05\/Nordic-Moon-Gallery-2.jpg\",\"datePublished\":\"2025-05-22T05:46:30+00:00\",\"description\":\"Charakterystyczna owalna sauna z odrobin\u0105 architektonicznego uroku. Nordic Moon jest wykonana z wytrzyma\u0142ego CLT i zbudowana tak, aby si\u0119 wyr\u00f3\u017cnia\u0107.\",\"breadcrumb\":{\"@id\":\"https:\/\/thenordicsauna.com\/pl\/shop\/sauna-nordic-moon\/#breadcrumb\"},\"inLanguage\":\"pl-PL\",\"potentialAction\":[{\"@type\":\"ReadAction\",\"target\":[\"https:\/\/thenordicsauna.com\/pl\/shop\/sauna-nordic-moon\/\"]}]},{\"@type\":\"ImageObject\",\"inLanguage\":\"pl-PL\",\"@id\":\"https:\/\/thenordicsauna.com\/pl\/shop\/sauna-nordic-moon\/#primaryimage\",\"url\":\"https:\/\/thenordicsauna.com\/wp-content\/uploads\/2025\/05\/Nordic-Moon-Gallery-2.jpg\",\"contentUrl\":\"https:\/\/thenordicsauna.com\/wp-content\/uploads\/2025\/05\/Nordic-Moon-Gallery-2.jpg\",\"width\":2560,\"height\":1720,\"caption\":\"TheNordicSauna Nordic Barrel Sauna fi\u0144ska\"},{\"@type\":\"BreadcrumbList\",\"@id\":\"https:\/\/thenordicsauna.com\/pl\/shop\/sauna-nordic-moon\/#breadcrumb\",\"itemListElement\":[{\"@type\":\"ListItem\",\"position\":1,\"name\":\"Home\",\"item\":\"https:\/\/thenordicsauna.com\/pl\/strona-glowna\/\"},{\"@type\":\"ListItem\",\"position\":2,\"name\":\"Sklep\",\"item\":\"https:\/\/thenordicsauna.com\/shop\/\"},{\"@type\":\"ListItem\",\"position\":3,\"name\":\"Sauny\",\"item\":\"https:\/\/thenordicsauna.com\/pl\/kategoria-produktu\/sauna\/\"},{\"@type\":\"ListItem\",\"position\":4,\"name\":\"Sauna Nordic Moon\"}]},{\"@type\":\"WebSite\",\"@id\":\"https:\/\/thenordicsauna.com\/pl\/#website\",\"url\":\"https:\/\/thenordicsauna.com\/pl\/\",\"name\":\"TheNordicSauna\",\"description\":\"Ultimate Outdoor SPA experience\",\"publisher\":{\"@id\":\"https:\/\/thenordicsauna.com\/pl\/#organization\"},\"alternateName\":\"TNS\",\"potentialAction\":[{\"@type\":\"SearchAction\",\"target\":{\"@type\":\"EntryPoint\",\"urlTemplate\":\"https:\/\/thenordicsauna.com\/pl\/?s={search_term_string}\"},\"query-input\":{\"@type\":\"PropertyValueSpecification\",\"valueRequired\":true,\"valueName\":\"search_term_string\"}}],\"inLanguage\":\"pl-PL\"},{\"@type\":\"Organization\",\"@id\":\"https:\/\/thenordicsauna.com\/pl\/#organization\",\"name\":\"TheNordicSauna\",\"alternateName\":\"TNS\",\"url\":\"https:\/\/thenordicsauna.com\/pl\/\",\"logo\":{\"@type\":\"ImageObject\",\"inLanguage\":\"pl-PL\",\"@id\":\"https:\/\/thenordicsauna.com\/pl\/#\/schema\/logo\/image\/\",\"url\":\"https:\/\/thenordicsauna.com\/wp-content\/uploads\/2025\/04\/TheNordicSauna-logo-white.svg\",\"contentUrl\":\"https:\/\/thenordicsauna.com\/wp-content\/uploads\/2025\/04\/TheNordicSauna-logo-white.svg\",\"width\":203,\"height\":203,\"caption\":\"TheNordicSauna\"},\"image\":{\"@id\":\"https:\/\/thenordicsauna.com\/pl\/#\/schema\/logo\/image\/\"},\"sameAs\":[\"https:\/\/www.facebook.com\/TheNordicSauna\/\",\"https:\/\/www.instagram.com\/thenordicsauna\"]}]}<\/script>\n<!-- \/ Yoast SEO plugin. -->","yoast_head_json":{"title":"Sauna Nordic Moon | TheNordicSauna","description":"Charakterystyczna owalna sauna z odrobin\u0105 architektonicznego uroku. Nordic Moon jest wykonana z wytrzyma\u0142ego CLT i zbudowana tak, aby si\u0119 wyr\u00f3\u017cnia\u0107.","robots":{"index":"index","follow":"follow","max-snippet":"max-snippet:-1","max-image-preview":"max-image-preview:large","max-video-preview":"max-video-preview:-1"},"canonical":"https:\/\/thenordicsauna.com\/pl\/shop\/sauna-nordic-moon\/","og_locale":"pl_PL","og_type":"article","og_title":"Sauna Nordic Moon | TheNordicSauna","og_description":"Charakterystyczna owalna sauna z odrobin\u0105 architektonicznego uroku. Nordic Moon jest wykonana z wytrzyma\u0142ego CLT i zbudowana tak, aby si\u0119 wyr\u00f3\u017cnia\u0107.","og_url":"https:\/\/thenordicsauna.com\/pl\/shop\/sauna-nordic-moon\/","og_site_name":"TheNordicSauna","article_publisher":"https:\/\/www.facebook.com\/TheNordicSauna\/","og_image":[{"width":2560,"height":1720,"url":"https:\/\/thenordicsauna.com\/wp-content\/uploads\/2025\/05\/Nordic-Moon-Gallery-2.jpg","type":"image\/jpeg"}],"twitter_card":"summary_large_image","schema":{"@context":"https:\/\/schema.org","@graph":[{"@type":"WebPage","@id":"https:\/\/thenordicsauna.com\/pl\/shop\/sauna-nordic-moon\/","url":"https:\/\/thenordicsauna.com\/pl\/shop\/sauna-nordic-moon\/","name":"Sauna Nordic Moon | TheNordicSauna","isPartOf":{"@id":"https:\/\/thenordicsauna.com\/pl\/#website"},"primaryImageOfPage":{"@id":"https:\/\/thenordicsauna.com\/pl\/shop\/sauna-nordic-moon\/#primaryimage"},"image":{"@id":"https:\/\/thenordicsauna.com\/pl\/shop\/sauna-nordic-moon\/#primaryimage"},"thumbnailUrl":"https:\/\/thenordicsauna.com\/wp-content\/uploads\/2025\/05\/Nordic-Moon-Gallery-2.jpg","datePublished":"2025-05-22T05:46:30+00:00","description":"Charakterystyczna owalna sauna z odrobin\u0105 architektonicznego uroku. Nordic Moon jest wykonana z wytrzyma\u0142ego CLT i zbudowana tak, aby si\u0119 wyr\u00f3\u017cnia\u0107.","breadcrumb":{"@id":"https:\/\/thenordicsauna.com\/pl\/shop\/sauna-nordic-moon\/#breadcrumb"},"inLanguage":"pl-PL","potentialAction":[{"@type":"ReadAction","target":["https:\/\/thenordicsauna.com\/pl\/shop\/sauna-nordic-moon\/"]}]},{"@type":"ImageObject","inLanguage":"pl-PL","@id":"https:\/\/thenordicsauna.com\/pl\/shop\/sauna-nordic-moon\/#primaryimage","url":"https:\/\/thenordicsauna.com\/wp-content\/uploads\/2025\/05\/Nordic-Moon-Gallery-2.jpg","contentUrl":"https:\/\/thenordicsauna.com\/wp-content\/uploads\/2025\/05\/Nordic-Moon-Gallery-2.jpg","width":2560,"height":1720,"caption":"TheNordicSauna Nordic Barrel Sauna fi\u0144ska"},{"@type":"BreadcrumbList","@id":"https:\/\/thenordicsauna.com\/pl\/shop\/sauna-nordic-moon\/#breadcrumb","itemListElement":[{"@type":"ListItem","position":1,"name":"Home","item":"https:\/\/thenordicsauna.com\/pl\/strona-glowna\/"},{"@type":"ListItem","position":2,"name":"Sklep","item":"https:\/\/thenordicsauna.com\/shop\/"},{"@type":"ListItem","position":3,"name":"Sauny","item":"https:\/\/thenordicsauna.com\/pl\/kategoria-produktu\/sauna\/"},{"@type":"ListItem","position":4,"name":"Sauna Nordic Moon"}]},{"@type":"WebSite","@id":"https:\/\/thenordicsauna.com\/pl\/#website","url":"https:\/\/thenordicsauna.com\/pl\/","name":"TheNordicSauna","description":"Ultimate Outdoor SPA experience","publisher":{"@id":"https:\/\/thenordicsauna.com\/pl\/#organization"},"alternateName":"TNS","potentialAction":[{"@type":"SearchAction","target":{"@type":"EntryPoint","urlTemplate":"https:\/\/thenordicsauna.com\/pl\/?s={search_term_string}"},"query-input":{"@type":"PropertyValueSpecification","valueRequired":true,"valueName":"search_term_string"}}],"inLanguage":"pl-PL"},{"@type":"Organization","@id":"https:\/\/thenordicsauna.com\/pl\/#organization","name":"TheNordicSauna","alternateName":"TNS","url":"https:\/\/thenordicsauna.com\/pl\/","logo":{"@type":"ImageObject","inLanguage":"pl-PL","@id":"https:\/\/thenordicsauna.com\/pl\/#\/schema\/logo\/image\/","url":"https:\/\/thenordicsauna.com\/wp-content\/uploads\/2025\/04\/TheNordicSauna-logo-white.svg","contentUrl":"https:\/\/thenordicsauna.com\/wp-content\/uploads\/2025\/04\/TheNordicSauna-logo-white.svg","width":203,"height":203,"caption":"TheNordicSauna"},"image":{"@id":"https:\/\/thenordicsauna.com\/pl\/#\/schema\/logo\/image\/"},"sameAs":["https:\/\/www.facebook.com\/TheNordicSauna\/","https:\/\/www.instagram.com\/thenordicsauna"]}]}},"_links":{"self":[{"href":"https:\/\/thenordicsauna.com\/pl\/wp-json\/wp\/v2\/product\/8465","targetHints":{"allow":["GET"]}}],"collection":[{"href":"https:\/\/thenordicsauna.com\/pl\/wp-json\/wp\/v2\/product"}],"about":[{"href":"https:\/\/thenordicsauna.com\/pl\/wp-json\/wp\/v2\/types\/product"}],"version-history":[{"count":0,"href":"https:\/\/thenordicsauna.com\/pl\/wp-json\/wp\/v2\/product\/8465\/revisions"}],"wp:featuredmedia":[{"embeddable":true,"href":"https:\/\/thenordicsauna.com\/pl\/wp-json\/wp\/v2\/media\/6317"}],"wp:attachment":[{"href":"https:\/\/thenordicsauna.com\/pl\/wp-json\/wp\/v2\/media?parent=8465"}],"wp:term":[{"taxonomy":"product_brand","embeddable":true,"href":"https:\/\/thenordicsauna.com\/pl\/wp-json\/wp\/v2\/product_brand?post=8465"},{"taxonomy":"product_cat","embeddable":true,"href":"https:\/\/thenordicsauna.com\/pl\/wp-json\/wp\/v2\/product_cat?post=8465"},{"taxonomy":"product_tag","embeddable":true,"href":"https:\/\/thenordicsauna.com\/pl\/wp-json\/wp\/v2\/product_tag?post=8465"}],"curies":[{"name":"wp","href":"https:\/\/api.w.org\/{rel}","templated":true}]}}