{"id":8466,"date":"2025-05-22T06:00:19","date_gmt":"2025-05-22T06:00:19","guid":{"rendered":"https:\/\/thenordicsauna.com\/shop\/nordic-barrel-2\/"},"modified":"2025-05-22T06:00:19","modified_gmt":"2025-05-22T06:00:19","slug":"nordic-barrel-2","status":"publish","type":"product","link":"https:\/\/thenordicsauna.com\/pl\/shop\/nordic-barrel-2\/","title":{"rendered":"Nordic Barrel"},"content":{"rendered":"<p><b>Informacje o dostawie:<\/b><\/p>\n<ul>\n<li class=\"p1\">Koszt wysy\u0142ki obliczany jest po sfinalizowaniu transakcji. <span class=\"s1\">Dok\u0142adn\u0105 wycen\u0119 us\u0142ugi kurierskiej prze\u015blemy Ci od naszego partnera MyDello.com<\/span> \u2014 bez mar\u017cy! <\/li>\n<li class=\"p1\">Typowa dostawa w Europie: <span class=\"s1\" style=\"font-family: -apple-system, BlinkMacSystemFont, 'Segoe UI', Roboto, 'Helvetica Neue', Arial, 'Noto Sans', sans-serif, 'Apple Color Emoji', 'Segoe UI Emoji', 'Segoe UI Symbol', 'Noto Color Emoji';\">\u20ac500-1,500<\/span><\/li>\n<li class=\"p1\">Wybierz <span class=\"s1\" style=\"font-family: -apple-system, BlinkMacSystemFont, 'Segoe UI', Roboto, 'Helvetica Neue', Arial, 'Noto Sans', sans-serif, 'Apple Color Emoji', 'Segoe UI Emoji', 'Segoe UI Symbol', 'Noto Color Emoji';\">w pe\u0142ni zmontowany<\/span> <span style=\"font-family: -apple-system, BlinkMacSystemFont, 'Segoe UI', Roboto, 'Helvetica Neue', Arial, 'Noto Sans', sans-serif, 'Apple Color Emoji', 'Segoe UI Emoji', 'Segoe UI Symbol', 'Noto Color Emoji';\">lub<\/span> <span class=\"s1\" style=\"font-family: -apple-system, BlinkMacSystemFont, 'Segoe UI', Roboto, 'Helvetica Neue', Arial, 'Noto Sans', sans-serif, 'Apple Color Emoji', 'Segoe UI Emoji', 'Segoe UI Symbol', 'Noto Color Emoji';\">zapakowane na p\u0142asko<\/span> <span style=\"font-family: -apple-system, BlinkMacSystemFont, 'Segoe UI', Roboto, 'Helvetica Neue', Arial, 'Noto Sans', sans-serif, 'Apple Color Emoji', 'Segoe UI Emoji', 'Segoe UI Symbol', 'Noto Color Emoji';\">aby obni\u017cy\u0107 koszty transportu.<\/span><\/li>\n<\/ul>\n","protected":false},"excerpt":{"rendered":"<p class=\"p1\">Ponadczasowa sauna beczkowa z nordyckim akcentem. NordicBarrel wnosi przytulny urok g\u00f3rskiej chaty i pi\u0119knie pasuje do ka\u017cdego ogrodu. <\/p>\n<p class=\"p3\"><b>Podstawowe funkcje:<\/b><b><\/b><\/p>\n<ul>\n<li class=\"p1\">Dla 6-8 os\u00f3b<\/li>\n<li class=\"p1\">Klasyczna zaokr\u0105glona konstrukcja z przedni\u0105 os\u0142on\u0105 przeciwdeszczow\u0105<\/li>\n<li class=\"p1\">Wykonane z termo drewna o grubo\u015bci 45 mm \u015bciany zewn\u0119trzne<\/li>\n<li class=\"p1\">Piecyk Harvia M3 w zestawie (kamienie nie wchodz\u0105 w sk\u0142ad zestawu)<\/li>\n<li class=\"p1\">Modu\u0142owy komin i 25-litrowy zbiornik na wod\u0119 w zestawie<\/li>\n<li class=\"p1\">Dostarczany w pe\u0142ni zmontowany<\/li>\n<li class=\"p1\">Waga: approx. 1200 kg<\/li>\n<li class=\"p1\">Czas realizacji: 60 dni<\/li>\n<\/ul>\n<p>&nbsp;<\/p>\n<p>Pe\u0142n\u0105 specyfikacj\u0119 i zdj\u0119cia mo\u017cna znale\u017a\u0107 na <a href=\"https:\/\/thenordicsauna.com\/saunas\/nordic-barrel\/\">stronie Nordic Barrel<\/a>.<\/p>\n","protected":false},"featured_media":6083,"template":"","meta":{"_acf_changed":false},"product_brand":[],"product_cat":[133],"product_tag":[],"class_list":{"0":"post-8466","1":"product","2":"type-product","3":"status-publish","4":"has-post-thumbnail","6":"product_cat-sauna","8":"first","9":"instock","10":"taxable","11":"shipping-taxable","12":"purchasable","13":"product-type-simple"},"acf":[],"yoast_head":"<!-- This site is optimized with the Yoast SEO plugin v26.6 - https:\/\/yoast.com\/wordpress\/plugins\/seo\/ -->\n<title>Nordic Barrel | TheNordicSauna<\/title>\n<meta name=\"description\" content=\"Ponadczasowa sauna beczkowa z nordyckim akcentem. Sauna fi\u0144ska Nordic Barrel wnosi przytulny urok g\u00f3rskiej chaty i pi\u0119knie pasuje do ka\u017cdego ogrodu.\" \/>\n<meta name=\"robots\" content=\"index, follow, max-snippet:-1, max-image-preview:large, max-video-preview:-1\" \/>\n<link rel=\"canonical\" href=\"https:\/\/thenordicsauna.com\/pl\/shop\/nordic-barrel-2\/\" \/>\n<meta property=\"og:locale\" content=\"pl_PL\" \/>\n<meta property=\"og:type\" content=\"article\" \/>\n<meta property=\"og:title\" content=\"Nordic Barrel | TheNordicSauna\" \/>\n<meta property=\"og:description\" content=\"Ponadczasowa sauna beczkowa z nordyckim akcentem. Sauna fi\u0144ska Nordic Barrel wnosi przytulny urok g\u00f3rskiej chaty i pi\u0119knie pasuje do ka\u017cdego ogrodu.\" \/>\n<meta property=\"og:url\" content=\"https:\/\/thenordicsauna.com\/pl\/shop\/nordic-barrel-2\/\" \/>\n<meta property=\"og:site_name\" content=\"TheNordicSauna\" \/>\n<meta property=\"article:publisher\" content=\"https:\/\/www.facebook.com\/TheNordicSauna\/\" \/>\n<meta property=\"og:image\" content=\"https:\/\/thenordicsauna.com\/wp-content\/uploads\/2025\/04\/1-Nordic-Barrel-scaled-1.jpg\" \/>\n\t<meta property=\"og:image:width\" content=\"2560\" \/>\n\t<meta property=\"og:image:height\" content=\"1707\" \/>\n\t<meta property=\"og:image:type\" content=\"image\/jpeg\" \/>\n<meta name=\"twitter:card\" content=\"summary_large_image\" \/>\n<script type=\"application\/ld+json\" class=\"yoast-schema-graph\">{\"@context\":\"https:\/\/schema.org\",\"@graph\":[{\"@type\":\"WebPage\",\"@id\":\"https:\/\/thenordicsauna.com\/pl\/shop\/nordic-barrel-2\/\",\"url\":\"https:\/\/thenordicsauna.com\/pl\/shop\/nordic-barrel-2\/\",\"name\":\"Nordic Barrel | TheNordicSauna\",\"isPartOf\":{\"@id\":\"https:\/\/thenordicsauna.com\/pl\/#website\"},\"primaryImageOfPage\":{\"@id\":\"https:\/\/thenordicsauna.com\/pl\/shop\/nordic-barrel-2\/#primaryimage\"},\"image\":{\"@id\":\"https:\/\/thenordicsauna.com\/pl\/shop\/nordic-barrel-2\/#primaryimage\"},\"thumbnailUrl\":\"https:\/\/thenordicsauna.com\/wp-content\/uploads\/2025\/04\/1-Nordic-Barrel-scaled-1.jpg\",\"datePublished\":\"2025-05-22T06:00:19+00:00\",\"description\":\"Ponadczasowa sauna beczkowa z nordyckim akcentem. Sauna fi\u0144ska Nordic Barrel wnosi przytulny urok g\u00f3rskiej chaty i pi\u0119knie pasuje do ka\u017cdego ogrodu.\",\"breadcrumb\":{\"@id\":\"https:\/\/thenordicsauna.com\/pl\/shop\/nordic-barrel-2\/#breadcrumb\"},\"inLanguage\":\"pl-PL\",\"potentialAction\":[{\"@type\":\"ReadAction\",\"target\":[\"https:\/\/thenordicsauna.com\/pl\/shop\/nordic-barrel-2\/\"]}]},{\"@type\":\"ImageObject\",\"inLanguage\":\"pl-PL\",\"@id\":\"https:\/\/thenordicsauna.com\/pl\/shop\/nordic-barrel-2\/#primaryimage\",\"url\":\"https:\/\/thenordicsauna.com\/wp-content\/uploads\/2025\/04\/1-Nordic-Barrel-scaled-1.jpg\",\"contentUrl\":\"https:\/\/thenordicsauna.com\/wp-content\/uploads\/2025\/04\/1-Nordic-Barrel-scaled-1.jpg\",\"width\":2560,\"height\":1707,\"caption\":\"Sauna nordycka Sauna fi\u0144ska Nordic Barrel\"},{\"@type\":\"BreadcrumbList\",\"@id\":\"https:\/\/thenordicsauna.com\/pl\/shop\/nordic-barrel-2\/#breadcrumb\",\"itemListElement\":[{\"@type\":\"ListItem\",\"position\":1,\"name\":\"Home\",\"item\":\"https:\/\/thenordicsauna.com\/pl\/strona-glowna\/\"},{\"@type\":\"ListItem\",\"position\":2,\"name\":\"Sklep\",\"item\":\"https:\/\/thenordicsauna.com\/shop\/\"},{\"@type\":\"ListItem\",\"position\":3,\"name\":\"Sauny\",\"item\":\"https:\/\/thenordicsauna.com\/pl\/kategoria-produktu\/sauna\/\"},{\"@type\":\"ListItem\",\"position\":4,\"name\":\"Nordic Barrel\"}]},{\"@type\":\"WebSite\",\"@id\":\"https:\/\/thenordicsauna.com\/pl\/#website\",\"url\":\"https:\/\/thenordicsauna.com\/pl\/\",\"name\":\"TheNordicSauna\",\"description\":\"Ultimate Outdoor SPA experience\",\"publisher\":{\"@id\":\"https:\/\/thenordicsauna.com\/pl\/#organization\"},\"alternateName\":\"TNS\",\"potentialAction\":[{\"@type\":\"SearchAction\",\"target\":{\"@type\":\"EntryPoint\",\"urlTemplate\":\"https:\/\/thenordicsauna.com\/pl\/?s={search_term_string}\"},\"query-input\":{\"@type\":\"PropertyValueSpecification\",\"valueRequired\":true,\"valueName\":\"search_term_string\"}}],\"inLanguage\":\"pl-PL\"},{\"@type\":\"Organization\",\"@id\":\"https:\/\/thenordicsauna.com\/pl\/#organization\",\"name\":\"TheNordicSauna\",\"alternateName\":\"TNS\",\"url\":\"https:\/\/thenordicsauna.com\/pl\/\",\"logo\":{\"@type\":\"ImageObject\",\"inLanguage\":\"pl-PL\",\"@id\":\"https:\/\/thenordicsauna.com\/pl\/#\/schema\/logo\/image\/\",\"url\":\"https:\/\/thenordicsauna.com\/wp-content\/uploads\/2025\/04\/TheNordicSauna-logo-white.svg\",\"contentUrl\":\"https:\/\/thenordicsauna.com\/wp-content\/uploads\/2025\/04\/TheNordicSauna-logo-white.svg\",\"width\":203,\"height\":203,\"caption\":\"TheNordicSauna\"},\"image\":{\"@id\":\"https:\/\/thenordicsauna.com\/pl\/#\/schema\/logo\/image\/\"},\"sameAs\":[\"https:\/\/www.facebook.com\/TheNordicSauna\/\",\"https:\/\/www.instagram.com\/thenordicsauna\"]}]}<\/script>\n<!-- \/ Yoast SEO plugin. -->","yoast_head_json":{"title":"Nordic Barrel | TheNordicSauna","description":"Ponadczasowa sauna beczkowa z nordyckim akcentem. Sauna fi\u0144ska Nordic Barrel wnosi przytulny urok g\u00f3rskiej chaty i pi\u0119knie pasuje do ka\u017cdego ogrodu.","robots":{"index":"index","follow":"follow","max-snippet":"max-snippet:-1","max-image-preview":"max-image-preview:large","max-video-preview":"max-video-preview:-1"},"canonical":"https:\/\/thenordicsauna.com\/pl\/shop\/nordic-barrel-2\/","og_locale":"pl_PL","og_type":"article","og_title":"Nordic Barrel | TheNordicSauna","og_description":"Ponadczasowa sauna beczkowa z nordyckim akcentem. Sauna fi\u0144ska Nordic Barrel wnosi przytulny urok g\u00f3rskiej chaty i pi\u0119knie pasuje do ka\u017cdego ogrodu.","og_url":"https:\/\/thenordicsauna.com\/pl\/shop\/nordic-barrel-2\/","og_site_name":"TheNordicSauna","article_publisher":"https:\/\/www.facebook.com\/TheNordicSauna\/","og_image":[{"width":2560,"height":1707,"url":"https:\/\/thenordicsauna.com\/wp-content\/uploads\/2025\/04\/1-Nordic-Barrel-scaled-1.jpg","type":"image\/jpeg"}],"twitter_card":"summary_large_image","schema":{"@context":"https:\/\/schema.org","@graph":[{"@type":"WebPage","@id":"https:\/\/thenordicsauna.com\/pl\/shop\/nordic-barrel-2\/","url":"https:\/\/thenordicsauna.com\/pl\/shop\/nordic-barrel-2\/","name":"Nordic Barrel | TheNordicSauna","isPartOf":{"@id":"https:\/\/thenordicsauna.com\/pl\/#website"},"primaryImageOfPage":{"@id":"https:\/\/thenordicsauna.com\/pl\/shop\/nordic-barrel-2\/#primaryimage"},"image":{"@id":"https:\/\/thenordicsauna.com\/pl\/shop\/nordic-barrel-2\/#primaryimage"},"thumbnailUrl":"https:\/\/thenordicsauna.com\/wp-content\/uploads\/2025\/04\/1-Nordic-Barrel-scaled-1.jpg","datePublished":"2025-05-22T06:00:19+00:00","description":"Ponadczasowa sauna beczkowa z nordyckim akcentem. Sauna fi\u0144ska Nordic Barrel wnosi przytulny urok g\u00f3rskiej chaty i pi\u0119knie pasuje do ka\u017cdego ogrodu.","breadcrumb":{"@id":"https:\/\/thenordicsauna.com\/pl\/shop\/nordic-barrel-2\/#breadcrumb"},"inLanguage":"pl-PL","potentialAction":[{"@type":"ReadAction","target":["https:\/\/thenordicsauna.com\/pl\/shop\/nordic-barrel-2\/"]}]},{"@type":"ImageObject","inLanguage":"pl-PL","@id":"https:\/\/thenordicsauna.com\/pl\/shop\/nordic-barrel-2\/#primaryimage","url":"https:\/\/thenordicsauna.com\/wp-content\/uploads\/2025\/04\/1-Nordic-Barrel-scaled-1.jpg","contentUrl":"https:\/\/thenordicsauna.com\/wp-content\/uploads\/2025\/04\/1-Nordic-Barrel-scaled-1.jpg","width":2560,"height":1707,"caption":"Sauna nordycka Sauna fi\u0144ska Nordic Barrel"},{"@type":"BreadcrumbList","@id":"https:\/\/thenordicsauna.com\/pl\/shop\/nordic-barrel-2\/#breadcrumb","itemListElement":[{"@type":"ListItem","position":1,"name":"Home","item":"https:\/\/thenordicsauna.com\/pl\/strona-glowna\/"},{"@type":"ListItem","position":2,"name":"Sklep","item":"https:\/\/thenordicsauna.com\/shop\/"},{"@type":"ListItem","position":3,"name":"Sauny","item":"https:\/\/thenordicsauna.com\/pl\/kategoria-produktu\/sauna\/"},{"@type":"ListItem","position":4,"name":"Nordic Barrel"}]},{"@type":"WebSite","@id":"https:\/\/thenordicsauna.com\/pl\/#website","url":"https:\/\/thenordicsauna.com\/pl\/","name":"TheNordicSauna","description":"Ultimate Outdoor SPA experience","publisher":{"@id":"https:\/\/thenordicsauna.com\/pl\/#organization"},"alternateName":"TNS","potentialAction":[{"@type":"SearchAction","target":{"@type":"EntryPoint","urlTemplate":"https:\/\/thenordicsauna.com\/pl\/?s={search_term_string}"},"query-input":{"@type":"PropertyValueSpecification","valueRequired":true,"valueName":"search_term_string"}}],"inLanguage":"pl-PL"},{"@type":"Organization","@id":"https:\/\/thenordicsauna.com\/pl\/#organization","name":"TheNordicSauna","alternateName":"TNS","url":"https:\/\/thenordicsauna.com\/pl\/","logo":{"@type":"ImageObject","inLanguage":"pl-PL","@id":"https:\/\/thenordicsauna.com\/pl\/#\/schema\/logo\/image\/","url":"https:\/\/thenordicsauna.com\/wp-content\/uploads\/2025\/04\/TheNordicSauna-logo-white.svg","contentUrl":"https:\/\/thenordicsauna.com\/wp-content\/uploads\/2025\/04\/TheNordicSauna-logo-white.svg","width":203,"height":203,"caption":"TheNordicSauna"},"image":{"@id":"https:\/\/thenordicsauna.com\/pl\/#\/schema\/logo\/image\/"},"sameAs":["https:\/\/www.facebook.com\/TheNordicSauna\/","https:\/\/www.instagram.com\/thenordicsauna"]}]}},"_links":{"self":[{"href":"https:\/\/thenordicsauna.com\/pl\/wp-json\/wp\/v2\/product\/8466","targetHints":{"allow":["GET"]}}],"collection":[{"href":"https:\/\/thenordicsauna.com\/pl\/wp-json\/wp\/v2\/product"}],"about":[{"href":"https:\/\/thenordicsauna.com\/pl\/wp-json\/wp\/v2\/types\/product"}],"version-history":[{"count":0,"href":"https:\/\/thenordicsauna.com\/pl\/wp-json\/wp\/v2\/product\/8466\/revisions"}],"wp:featuredmedia":[{"embeddable":true,"href":"https:\/\/thenordicsauna.com\/pl\/wp-json\/wp\/v2\/media\/6083"}],"wp:attachment":[{"href":"https:\/\/thenordicsauna.com\/pl\/wp-json\/wp\/v2\/media?parent=8466"}],"wp:term":[{"taxonomy":"product_brand","embeddable":true,"href":"https:\/\/thenordicsauna.com\/pl\/wp-json\/wp\/v2\/product_brand?post=8466"},{"taxonomy":"product_cat","embeddable":true,"href":"https:\/\/thenordicsauna.com\/pl\/wp-json\/wp\/v2\/product_cat?post=8466"},{"taxonomy":"product_tag","embeddable":true,"href":"https:\/\/thenordicsauna.com\/pl\/wp-json\/wp\/v2\/product_tag?post=8466"}],"curies":[{"name":"wp","href":"https:\/\/api.w.org\/{rel}","templated":true}]}}