{"id":8467,"date":"2025-05-26T19:54:13","date_gmt":"2025-05-26T19:54:13","guid":{"rendered":"https:\/\/thenordicsauna.com\/shop\/zewnetrzne-diody-led-dla-nordic-moon\/"},"modified":"2025-12-17T04:33:20","modified_gmt":"2025-12-17T04:33:20","slug":"zewnetrzne-diody-led-dla-nordic-moon","status":"publish","type":"product","link":"https:\/\/thenordicsauna.com\/pl\/shop\/zewnetrzne-diody-led-dla-nordic-moon\/","title":{"rendered":"Zewn\u0119trzne diody LED dla Nordic Moon"},"content":{"rendered":"","protected":false},"excerpt":{"rendered":"<p>To odporny na warunki atmosferyczne, zewn\u0119trzny system o\u015bwietlenia LED w formie ta\u015bm, idealnie wkomponowany w zakrzywion\u0105 lini\u0119 dachu sauny. Zapewnia on delikatne, po\u015brednie o\u015bwietlenie, kt\u00f3re podkre\u015bla kszta\u0142t architektoniczny, nie b\u0119d\u0105c przy tym zbyt jaskrawe.  Idealne do tworzenia przytulnej i zach\u0119caj\u0105cej atmosfery, tego typu o\u015bwietlenie LED jest zar\u00f3wno energooszcz\u0119dne, jak i \u0142atwe w utrzymaniu, odpowiednie do ca\u0142orocznego u\u017cytku na zewn\u0105trz.<\/p>\n","protected":false},"featured_media":6339,"template":"","meta":{"_acf_changed":false},"product_brand":[],"product_cat":[132],"product_tag":[],"class_list":{"0":"post-8467","1":"product","2":"type-product","3":"status-publish","4":"has-post-thumbnail","6":"product_cat-akcesoria-do-sauny","8":"first","9":"instock","10":"taxable","11":"shipping-taxable","12":"purchasable","13":"product-type-simple"},"acf":[],"yoast_head":"<!-- This site is optimized with the Yoast SEO plugin v26.6 - https:\/\/yoast.com\/wordpress\/plugins\/seo\/ -->\n<title>Zewn\u0119trzne diody LED dla Nordic Moon | TheNordicSauna<\/title>\n<meta name=\"description\" content=\"Idealne do tworzenia przytulnej i zach\u0119caj\u0105cej atmosfery, tego typu o\u015bwietlenie LED jest zar\u00f3wno energooszcz\u0119dne, jak i \u0142atwe w utrzymaniu, odpowiednie do ca\u0142orocznego u\u017cytku na zewn\u0105trz.\" \/>\n<meta name=\"robots\" content=\"index, follow, max-snippet:-1, max-image-preview:large, max-video-preview:-1\" \/>\n<link rel=\"canonical\" href=\"https:\/\/thenordicsauna.com\/pl\/shop\/zewnetrzne-diody-led-dla-nordic-moon\/\" \/>\n<meta property=\"og:locale\" content=\"pl_PL\" \/>\n<meta property=\"og:type\" content=\"article\" \/>\n<meta property=\"og:title\" content=\"Zewn\u0119trzne diody LED dla Nordic Moon | TheNordicSauna\" \/>\n<meta property=\"og:description\" content=\"Idealne do tworzenia przytulnej i zach\u0119caj\u0105cej atmosfery, tego typu o\u015bwietlenie LED jest zar\u00f3wno energooszcz\u0119dne, jak i \u0142atwe w utrzymaniu, odpowiednie do ca\u0142orocznego u\u017cytku na zewn\u0105trz.\" \/>\n<meta property=\"og:url\" content=\"https:\/\/thenordicsauna.com\/pl\/shop\/zewnetrzne-diody-led-dla-nordic-moon\/\" \/>\n<meta property=\"og:site_name\" content=\"TheNordicSauna\" \/>\n<meta property=\"article:publisher\" content=\"https:\/\/www.facebook.com\/TheNordicSauna\/\" \/>\n<meta property=\"article:modified_time\" content=\"2025-12-17T04:33:20+00:00\" \/>\n<meta property=\"og:image\" content=\"https:\/\/thenordicsauna.com\/wp-content\/uploads\/2025\/05\/Nordic-Moon-Lisa-2-LED.jpg\" \/>\n\t<meta property=\"og:image:width\" content=\"2400\" \/>\n\t<meta property=\"og:image:height\" content=\"1615\" \/>\n\t<meta property=\"og:image:type\" content=\"image\/jpeg\" \/>\n<meta name=\"twitter:card\" content=\"summary_large_image\" \/>\n<script type=\"application\/ld+json\" class=\"yoast-schema-graph\">{\"@context\":\"https:\/\/schema.org\",\"@graph\":[{\"@type\":\"WebPage\",\"@id\":\"https:\/\/thenordicsauna.com\/pl\/shop\/zewnetrzne-diody-led-dla-nordic-moon\/\",\"url\":\"https:\/\/thenordicsauna.com\/pl\/shop\/zewnetrzne-diody-led-dla-nordic-moon\/\",\"name\":\"Zewn\u0119trzne diody LED dla Nordic Moon | TheNordicSauna\",\"isPartOf\":{\"@id\":\"https:\/\/thenordicsauna.com\/pl\/#website\"},\"primaryImageOfPage\":{\"@id\":\"https:\/\/thenordicsauna.com\/pl\/shop\/zewnetrzne-diody-led-dla-nordic-moon\/#primaryimage\"},\"image\":{\"@id\":\"https:\/\/thenordicsauna.com\/pl\/shop\/zewnetrzne-diody-led-dla-nordic-moon\/#primaryimage\"},\"thumbnailUrl\":\"https:\/\/thenordicsauna.com\/wp-content\/uploads\/2025\/05\/Nordic-Moon-Lisa-2-LED.jpg\",\"datePublished\":\"2025-05-26T19:54:13+00:00\",\"dateModified\":\"2025-12-17T04:33:20+00:00\",\"description\":\"Idealne do tworzenia przytulnej i zach\u0119caj\u0105cej atmosfery, tego typu o\u015bwietlenie LED jest zar\u00f3wno energooszcz\u0119dne, jak i \u0142atwe w utrzymaniu, odpowiednie do ca\u0142orocznego u\u017cytku na zewn\u0105trz.\",\"breadcrumb\":{\"@id\":\"https:\/\/thenordicsauna.com\/pl\/shop\/zewnetrzne-diody-led-dla-nordic-moon\/#breadcrumb\"},\"inLanguage\":\"pl-PL\",\"potentialAction\":[{\"@type\":\"ReadAction\",\"target\":[\"https:\/\/thenordicsauna.com\/pl\/shop\/zewnetrzne-diody-led-dla-nordic-moon\/\"]}]},{\"@type\":\"ImageObject\",\"inLanguage\":\"pl-PL\",\"@id\":\"https:\/\/thenordicsauna.com\/pl\/shop\/zewnetrzne-diody-led-dla-nordic-moon\/#primaryimage\",\"url\":\"https:\/\/thenordicsauna.com\/wp-content\/uploads\/2025\/05\/Nordic-Moon-Lisa-2-LED.jpg\",\"contentUrl\":\"https:\/\/thenordicsauna.com\/wp-content\/uploads\/2025\/05\/Nordic-Moon-Lisa-2-LED.jpg\",\"width\":2400,\"height\":1615,\"caption\":\"TheNordicSauna Nordic Moon LED\"},{\"@type\":\"BreadcrumbList\",\"@id\":\"https:\/\/thenordicsauna.com\/pl\/shop\/zewnetrzne-diody-led-dla-nordic-moon\/#breadcrumb\",\"itemListElement\":[{\"@type\":\"ListItem\",\"position\":1,\"name\":\"Home\",\"item\":\"https:\/\/thenordicsauna.com\/pl\/strona-glowna\/\"},{\"@type\":\"ListItem\",\"position\":2,\"name\":\"Sklep\",\"item\":\"https:\/\/thenordicsauna.com\/shop\/\"},{\"@type\":\"ListItem\",\"position\":3,\"name\":\"Akcesoria do sauny\",\"item\":\"https:\/\/thenordicsauna.com\/pl\/kategoria-produktu\/akcesoria-do-sauny\/\"},{\"@type\":\"ListItem\",\"position\":4,\"name\":\"Zewn\u0119trzne diody LED dla Nordic Moon\"}]},{\"@type\":\"WebSite\",\"@id\":\"https:\/\/thenordicsauna.com\/pl\/#website\",\"url\":\"https:\/\/thenordicsauna.com\/pl\/\",\"name\":\"TheNordicSauna\",\"description\":\"Ultimate Outdoor SPA experience\",\"publisher\":{\"@id\":\"https:\/\/thenordicsauna.com\/pl\/#organization\"},\"alternateName\":\"TNS\",\"potentialAction\":[{\"@type\":\"SearchAction\",\"target\":{\"@type\":\"EntryPoint\",\"urlTemplate\":\"https:\/\/thenordicsauna.com\/pl\/?s={search_term_string}\"},\"query-input\":{\"@type\":\"PropertyValueSpecification\",\"valueRequired\":true,\"valueName\":\"search_term_string\"}}],\"inLanguage\":\"pl-PL\"},{\"@type\":\"Organization\",\"@id\":\"https:\/\/thenordicsauna.com\/pl\/#organization\",\"name\":\"TheNordicSauna\",\"alternateName\":\"TNS\",\"url\":\"https:\/\/thenordicsauna.com\/pl\/\",\"logo\":{\"@type\":\"ImageObject\",\"inLanguage\":\"pl-PL\",\"@id\":\"https:\/\/thenordicsauna.com\/pl\/#\/schema\/logo\/image\/\",\"url\":\"https:\/\/thenordicsauna.com\/wp-content\/uploads\/2025\/04\/TheNordicSauna-logo-white.svg\",\"contentUrl\":\"https:\/\/thenordicsauna.com\/wp-content\/uploads\/2025\/04\/TheNordicSauna-logo-white.svg\",\"width\":203,\"height\":203,\"caption\":\"TheNordicSauna\"},\"image\":{\"@id\":\"https:\/\/thenordicsauna.com\/pl\/#\/schema\/logo\/image\/\"},\"sameAs\":[\"https:\/\/www.facebook.com\/TheNordicSauna\/\",\"https:\/\/www.instagram.com\/thenordicsauna\"]}]}<\/script>\n<!-- \/ Yoast SEO plugin. -->","yoast_head_json":{"title":"Zewn\u0119trzne diody LED dla Nordic Moon | TheNordicSauna","description":"Idealne do tworzenia przytulnej i zach\u0119caj\u0105cej atmosfery, tego typu o\u015bwietlenie LED jest zar\u00f3wno energooszcz\u0119dne, jak i \u0142atwe w utrzymaniu, odpowiednie do ca\u0142orocznego u\u017cytku na zewn\u0105trz.","robots":{"index":"index","follow":"follow","max-snippet":"max-snippet:-1","max-image-preview":"max-image-preview:large","max-video-preview":"max-video-preview:-1"},"canonical":"https:\/\/thenordicsauna.com\/pl\/shop\/zewnetrzne-diody-led-dla-nordic-moon\/","og_locale":"pl_PL","og_type":"article","og_title":"Zewn\u0119trzne diody LED dla Nordic Moon | TheNordicSauna","og_description":"Idealne do tworzenia przytulnej i zach\u0119caj\u0105cej atmosfery, tego typu o\u015bwietlenie LED jest zar\u00f3wno energooszcz\u0119dne, jak i \u0142atwe w utrzymaniu, odpowiednie do ca\u0142orocznego u\u017cytku na zewn\u0105trz.","og_url":"https:\/\/thenordicsauna.com\/pl\/shop\/zewnetrzne-diody-led-dla-nordic-moon\/","og_site_name":"TheNordicSauna","article_publisher":"https:\/\/www.facebook.com\/TheNordicSauna\/","article_modified_time":"2025-12-17T04:33:20+00:00","og_image":[{"width":2400,"height":1615,"url":"https:\/\/thenordicsauna.com\/wp-content\/uploads\/2025\/05\/Nordic-Moon-Lisa-2-LED.jpg","type":"image\/jpeg"}],"twitter_card":"summary_large_image","schema":{"@context":"https:\/\/schema.org","@graph":[{"@type":"WebPage","@id":"https:\/\/thenordicsauna.com\/pl\/shop\/zewnetrzne-diody-led-dla-nordic-moon\/","url":"https:\/\/thenordicsauna.com\/pl\/shop\/zewnetrzne-diody-led-dla-nordic-moon\/","name":"Zewn\u0119trzne diody LED dla Nordic Moon | TheNordicSauna","isPartOf":{"@id":"https:\/\/thenordicsauna.com\/pl\/#website"},"primaryImageOfPage":{"@id":"https:\/\/thenordicsauna.com\/pl\/shop\/zewnetrzne-diody-led-dla-nordic-moon\/#primaryimage"},"image":{"@id":"https:\/\/thenordicsauna.com\/pl\/shop\/zewnetrzne-diody-led-dla-nordic-moon\/#primaryimage"},"thumbnailUrl":"https:\/\/thenordicsauna.com\/wp-content\/uploads\/2025\/05\/Nordic-Moon-Lisa-2-LED.jpg","datePublished":"2025-05-26T19:54:13+00:00","dateModified":"2025-12-17T04:33:20+00:00","description":"Idealne do tworzenia przytulnej i zach\u0119caj\u0105cej atmosfery, tego typu o\u015bwietlenie LED jest zar\u00f3wno energooszcz\u0119dne, jak i \u0142atwe w utrzymaniu, odpowiednie do ca\u0142orocznego u\u017cytku na zewn\u0105trz.","breadcrumb":{"@id":"https:\/\/thenordicsauna.com\/pl\/shop\/zewnetrzne-diody-led-dla-nordic-moon\/#breadcrumb"},"inLanguage":"pl-PL","potentialAction":[{"@type":"ReadAction","target":["https:\/\/thenordicsauna.com\/pl\/shop\/zewnetrzne-diody-led-dla-nordic-moon\/"]}]},{"@type":"ImageObject","inLanguage":"pl-PL","@id":"https:\/\/thenordicsauna.com\/pl\/shop\/zewnetrzne-diody-led-dla-nordic-moon\/#primaryimage","url":"https:\/\/thenordicsauna.com\/wp-content\/uploads\/2025\/05\/Nordic-Moon-Lisa-2-LED.jpg","contentUrl":"https:\/\/thenordicsauna.com\/wp-content\/uploads\/2025\/05\/Nordic-Moon-Lisa-2-LED.jpg","width":2400,"height":1615,"caption":"TheNordicSauna Nordic Moon LED"},{"@type":"BreadcrumbList","@id":"https:\/\/thenordicsauna.com\/pl\/shop\/zewnetrzne-diody-led-dla-nordic-moon\/#breadcrumb","itemListElement":[{"@type":"ListItem","position":1,"name":"Home","item":"https:\/\/thenordicsauna.com\/pl\/strona-glowna\/"},{"@type":"ListItem","position":2,"name":"Sklep","item":"https:\/\/thenordicsauna.com\/shop\/"},{"@type":"ListItem","position":3,"name":"Akcesoria do sauny","item":"https:\/\/thenordicsauna.com\/pl\/kategoria-produktu\/akcesoria-do-sauny\/"},{"@type":"ListItem","position":4,"name":"Zewn\u0119trzne diody LED dla Nordic Moon"}]},{"@type":"WebSite","@id":"https:\/\/thenordicsauna.com\/pl\/#website","url":"https:\/\/thenordicsauna.com\/pl\/","name":"TheNordicSauna","description":"Ultimate Outdoor SPA experience","publisher":{"@id":"https:\/\/thenordicsauna.com\/pl\/#organization"},"alternateName":"TNS","potentialAction":[{"@type":"SearchAction","target":{"@type":"EntryPoint","urlTemplate":"https:\/\/thenordicsauna.com\/pl\/?s={search_term_string}"},"query-input":{"@type":"PropertyValueSpecification","valueRequired":true,"valueName":"search_term_string"}}],"inLanguage":"pl-PL"},{"@type":"Organization","@id":"https:\/\/thenordicsauna.com\/pl\/#organization","name":"TheNordicSauna","alternateName":"TNS","url":"https:\/\/thenordicsauna.com\/pl\/","logo":{"@type":"ImageObject","inLanguage":"pl-PL","@id":"https:\/\/thenordicsauna.com\/pl\/#\/schema\/logo\/image\/","url":"https:\/\/thenordicsauna.com\/wp-content\/uploads\/2025\/04\/TheNordicSauna-logo-white.svg","contentUrl":"https:\/\/thenordicsauna.com\/wp-content\/uploads\/2025\/04\/TheNordicSauna-logo-white.svg","width":203,"height":203,"caption":"TheNordicSauna"},"image":{"@id":"https:\/\/thenordicsauna.com\/pl\/#\/schema\/logo\/image\/"},"sameAs":["https:\/\/www.facebook.com\/TheNordicSauna\/","https:\/\/www.instagram.com\/thenordicsauna"]}]}},"_links":{"self":[{"href":"https:\/\/thenordicsauna.com\/pl\/wp-json\/wp\/v2\/product\/8467","targetHints":{"allow":["GET"]}}],"collection":[{"href":"https:\/\/thenordicsauna.com\/pl\/wp-json\/wp\/v2\/product"}],"about":[{"href":"https:\/\/thenordicsauna.com\/pl\/wp-json\/wp\/v2\/types\/product"}],"version-history":[{"count":1,"href":"https:\/\/thenordicsauna.com\/pl\/wp-json\/wp\/v2\/product\/8467\/revisions"}],"predecessor-version":[{"id":9498,"href":"https:\/\/thenordicsauna.com\/pl\/wp-json\/wp\/v2\/product\/8467\/revisions\/9498"}],"wp:featuredmedia":[{"embeddable":true,"href":"https:\/\/thenordicsauna.com\/pl\/wp-json\/wp\/v2\/media\/6339"}],"wp:attachment":[{"href":"https:\/\/thenordicsauna.com\/pl\/wp-json\/wp\/v2\/media?parent=8467"}],"wp:term":[{"taxonomy":"product_brand","embeddable":true,"href":"https:\/\/thenordicsauna.com\/pl\/wp-json\/wp\/v2\/product_brand?post=8467"},{"taxonomy":"product_cat","embeddable":true,"href":"https:\/\/thenordicsauna.com\/pl\/wp-json\/wp\/v2\/product_cat?post=8467"},{"taxonomy":"product_tag","embeddable":true,"href":"https:\/\/thenordicsauna.com\/pl\/wp-json\/wp\/v2\/product_tag?post=8467"}],"curies":[{"name":"wp","href":"https:\/\/api.w.org\/{rel}","templated":true}]}}