{"id":8469,"date":"2025-05-27T12:10:32","date_gmt":"2025-05-27T12:10:32","guid":{"rendered":"https:\/\/thenordicsauna.com\/shop\/zewnetrznie-ladowany-piec-na-drewno-do-nordic-barrel\/"},"modified":"2025-12-17T04:33:24","modified_gmt":"2025-12-17T04:33:24","slug":"zewnetrznie-ladowany-piec-na-drewno-do-nordic-barrel","status":"publish","type":"product","link":"https:\/\/thenordicsauna.com\/pl\/shop\/zewnetrznie-ladowany-piec-na-drewno-do-nordic-barrel\/","title":{"rendered":"Zewn\u0119trznie \u0142adowany piec na drewno do Nordic Barrel"},"content":{"rendered":"","protected":false},"excerpt":{"rendered":"<p class=\"p1\">Za dodatkow\u0105 op\u0142at\u0105 mo\u017cna wymieni\u0107 standardowy piec Stoveman 13 na model Stoveman 13LS. Ta aktualizacja pozwala na podawanie drewna opa\u0142owego spoza sauny, utrzymuj\u0105c \u0142a\u017ani\u0119 parow\u0105 w czysto\u015bci i bez dymu &#8211; praktyczne rozwi\u0105zanie, kt\u00f3re dodaje zar\u00f3wno wygody, jak i tradycyjnej atmosfery sauny. <\/p>\n","protected":false},"featured_media":6429,"template":"","meta":{"_acf_changed":false},"product_brand":[],"product_cat":[132],"product_tag":[],"class_list":{"0":"post-8469","1":"product","2":"type-product","3":"status-publish","4":"has-post-thumbnail","6":"product_cat-akcesoria-do-sauny","8":"first","9":"instock","10":"taxable","11":"shipping-taxable","12":"purchasable","13":"product-type-simple"},"acf":[],"yoast_head":"<!-- This site is optimized with the Yoast SEO plugin v26.6 - https:\/\/yoast.com\/wordpress\/plugins\/seo\/ -->\n<title>Zewn\u0119trznie \u0142adowany piec na drewno do Nordic Barrel | TheNordicSauna<\/title>\n<meta name=\"robots\" content=\"index, follow, max-snippet:-1, max-image-preview:large, max-video-preview:-1\" \/>\n<link rel=\"canonical\" href=\"https:\/\/thenordicsauna.com\/pl\/shop\/zewnetrznie-ladowany-piec-na-drewno-do-nordic-barrel\/\" \/>\n<meta property=\"og:locale\" content=\"pl_PL\" \/>\n<meta property=\"og:type\" content=\"article\" \/>\n<meta property=\"og:title\" content=\"Zewn\u0119trznie \u0142adowany piec na drewno do Nordic Barrel | TheNordicSauna\" \/>\n<meta property=\"og:description\" content=\"Za dodatkow\u0105 op\u0142at\u0105 mo\u017cna wymieni\u0107 standardowy piec Stoveman 13 na model Stoveman 13LS. Ta aktualizacja pozwala na podawanie drewna opa\u0142owego spoza sauny, utrzymuj\u0105c \u0142a\u017ani\u0119 parow\u0105 w czysto\u015bci i bez dymu - praktyczne rozwi\u0105zanie, kt\u00f3re dodaje zar\u00f3wno wygody, jak i tradycyjnej atmosfery sauny.\" \/>\n<meta property=\"og:url\" content=\"https:\/\/thenordicsauna.com\/pl\/shop\/zewnetrznie-ladowany-piec-na-drewno-do-nordic-barrel\/\" \/>\n<meta property=\"og:site_name\" content=\"TheNordicSauna\" \/>\n<meta property=\"article:publisher\" content=\"https:\/\/www.facebook.com\/TheNordicSauna\/\" \/>\n<meta property=\"article:modified_time\" content=\"2025-12-17T04:33:24+00:00\" \/>\n<meta property=\"og:image\" content=\"https:\/\/thenordicsauna.com\/wp-content\/uploads\/2025\/05\/Nordic-Barrel-Lisa-3-valjast-koetav-keris2.jpg\" \/>\n\t<meta property=\"og:image:width\" content=\"2400\" \/>\n\t<meta property=\"og:image:height\" content=\"2400\" \/>\n\t<meta property=\"og:image:type\" content=\"image\/jpeg\" \/>\n<meta name=\"twitter:card\" content=\"summary_large_image\" \/>\n<script type=\"application\/ld+json\" class=\"yoast-schema-graph\">{\"@context\":\"https:\/\/schema.org\",\"@graph\":[{\"@type\":\"WebPage\",\"@id\":\"https:\/\/thenordicsauna.com\/pl\/shop\/zewnetrznie-ladowany-piec-na-drewno-do-nordic-barrel\/\",\"url\":\"https:\/\/thenordicsauna.com\/pl\/shop\/zewnetrznie-ladowany-piec-na-drewno-do-nordic-barrel\/\",\"name\":\"Zewn\u0119trznie \u0142adowany piec na drewno do Nordic Barrel | TheNordicSauna\",\"isPartOf\":{\"@id\":\"https:\/\/thenordicsauna.com\/pl\/#website\"},\"primaryImageOfPage\":{\"@id\":\"https:\/\/thenordicsauna.com\/pl\/shop\/zewnetrznie-ladowany-piec-na-drewno-do-nordic-barrel\/#primaryimage\"},\"image\":{\"@id\":\"https:\/\/thenordicsauna.com\/pl\/shop\/zewnetrznie-ladowany-piec-na-drewno-do-nordic-barrel\/#primaryimage\"},\"thumbnailUrl\":\"https:\/\/thenordicsauna.com\/wp-content\/uploads\/2025\/05\/Nordic-Barrel-Lisa-3-valjast-koetav-keris2.jpg\",\"datePublished\":\"2025-05-27T12:10:32+00:00\",\"dateModified\":\"2025-12-17T04:33:24+00:00\",\"breadcrumb\":{\"@id\":\"https:\/\/thenordicsauna.com\/pl\/shop\/zewnetrznie-ladowany-piec-na-drewno-do-nordic-barrel\/#breadcrumb\"},\"inLanguage\":\"pl-PL\",\"potentialAction\":[{\"@type\":\"ReadAction\",\"target\":[\"https:\/\/thenordicsauna.com\/pl\/shop\/zewnetrznie-ladowany-piec-na-drewno-do-nordic-barrel\/\"]}]},{\"@type\":\"ImageObject\",\"inLanguage\":\"pl-PL\",\"@id\":\"https:\/\/thenordicsauna.com\/pl\/shop\/zewnetrznie-ladowany-piec-na-drewno-do-nordic-barrel\/#primaryimage\",\"url\":\"https:\/\/thenordicsauna.com\/wp-content\/uploads\/2025\/05\/Nordic-Barrel-Lisa-3-valjast-koetav-keris2.jpg\",\"contentUrl\":\"https:\/\/thenordicsauna.com\/wp-content\/uploads\/2025\/05\/Nordic-Barrel-Lisa-3-valjast-koetav-keris2.jpg\",\"width\":2400,\"height\":2400,\"caption\":\"\u0141adowany od zewn\u0105trz piec na drewno do Nordic Barrel\"},{\"@type\":\"BreadcrumbList\",\"@id\":\"https:\/\/thenordicsauna.com\/pl\/shop\/zewnetrznie-ladowany-piec-na-drewno-do-nordic-barrel\/#breadcrumb\",\"itemListElement\":[{\"@type\":\"ListItem\",\"position\":1,\"name\":\"Home\",\"item\":\"https:\/\/thenordicsauna.com\/pl\/strona-glowna\/\"},{\"@type\":\"ListItem\",\"position\":2,\"name\":\"Sklep\",\"item\":\"https:\/\/thenordicsauna.com\/shop\/\"},{\"@type\":\"ListItem\",\"position\":3,\"name\":\"Akcesoria do sauny\",\"item\":\"https:\/\/thenordicsauna.com\/pl\/kategoria-produktu\/akcesoria-do-sauny\/\"},{\"@type\":\"ListItem\",\"position\":4,\"name\":\"Zewn\u0119trznie \u0142adowany piec na drewno do Nordic Barrel\"}]},{\"@type\":\"WebSite\",\"@id\":\"https:\/\/thenordicsauna.com\/pl\/#website\",\"url\":\"https:\/\/thenordicsauna.com\/pl\/\",\"name\":\"TheNordicSauna\",\"description\":\"Ultimate Outdoor SPA experience\",\"publisher\":{\"@id\":\"https:\/\/thenordicsauna.com\/pl\/#organization\"},\"alternateName\":\"TNS\",\"potentialAction\":[{\"@type\":\"SearchAction\",\"target\":{\"@type\":\"EntryPoint\",\"urlTemplate\":\"https:\/\/thenordicsauna.com\/pl\/?s={search_term_string}\"},\"query-input\":{\"@type\":\"PropertyValueSpecification\",\"valueRequired\":true,\"valueName\":\"search_term_string\"}}],\"inLanguage\":\"pl-PL\"},{\"@type\":\"Organization\",\"@id\":\"https:\/\/thenordicsauna.com\/pl\/#organization\",\"name\":\"TheNordicSauna\",\"alternateName\":\"TNS\",\"url\":\"https:\/\/thenordicsauna.com\/pl\/\",\"logo\":{\"@type\":\"ImageObject\",\"inLanguage\":\"pl-PL\",\"@id\":\"https:\/\/thenordicsauna.com\/pl\/#\/schema\/logo\/image\/\",\"url\":\"https:\/\/thenordicsauna.com\/wp-content\/uploads\/2025\/04\/TheNordicSauna-logo-white.svg\",\"contentUrl\":\"https:\/\/thenordicsauna.com\/wp-content\/uploads\/2025\/04\/TheNordicSauna-logo-white.svg\",\"width\":203,\"height\":203,\"caption\":\"TheNordicSauna\"},\"image\":{\"@id\":\"https:\/\/thenordicsauna.com\/pl\/#\/schema\/logo\/image\/\"},\"sameAs\":[\"https:\/\/www.facebook.com\/TheNordicSauna\/\",\"https:\/\/www.instagram.com\/thenordicsauna\"]}]}<\/script>\n<!-- \/ Yoast SEO plugin. -->","yoast_head_json":{"title":"Zewn\u0119trznie \u0142adowany piec na drewno do Nordic Barrel | TheNordicSauna","robots":{"index":"index","follow":"follow","max-snippet":"max-snippet:-1","max-image-preview":"max-image-preview:large","max-video-preview":"max-video-preview:-1"},"canonical":"https:\/\/thenordicsauna.com\/pl\/shop\/zewnetrznie-ladowany-piec-na-drewno-do-nordic-barrel\/","og_locale":"pl_PL","og_type":"article","og_title":"Zewn\u0119trznie \u0142adowany piec na drewno do Nordic Barrel | TheNordicSauna","og_description":"Za dodatkow\u0105 op\u0142at\u0105 mo\u017cna wymieni\u0107 standardowy piec Stoveman 13 na model Stoveman 13LS. Ta aktualizacja pozwala na podawanie drewna opa\u0142owego spoza sauny, utrzymuj\u0105c \u0142a\u017ani\u0119 parow\u0105 w czysto\u015bci i bez dymu - praktyczne rozwi\u0105zanie, kt\u00f3re dodaje zar\u00f3wno wygody, jak i tradycyjnej atmosfery sauny.","og_url":"https:\/\/thenordicsauna.com\/pl\/shop\/zewnetrznie-ladowany-piec-na-drewno-do-nordic-barrel\/","og_site_name":"TheNordicSauna","article_publisher":"https:\/\/www.facebook.com\/TheNordicSauna\/","article_modified_time":"2025-12-17T04:33:24+00:00","og_image":[{"width":2400,"height":2400,"url":"https:\/\/thenordicsauna.com\/wp-content\/uploads\/2025\/05\/Nordic-Barrel-Lisa-3-valjast-koetav-keris2.jpg","type":"image\/jpeg"}],"twitter_card":"summary_large_image","schema":{"@context":"https:\/\/schema.org","@graph":[{"@type":"WebPage","@id":"https:\/\/thenordicsauna.com\/pl\/shop\/zewnetrznie-ladowany-piec-na-drewno-do-nordic-barrel\/","url":"https:\/\/thenordicsauna.com\/pl\/shop\/zewnetrznie-ladowany-piec-na-drewno-do-nordic-barrel\/","name":"Zewn\u0119trznie \u0142adowany piec na drewno do Nordic Barrel | TheNordicSauna","isPartOf":{"@id":"https:\/\/thenordicsauna.com\/pl\/#website"},"primaryImageOfPage":{"@id":"https:\/\/thenordicsauna.com\/pl\/shop\/zewnetrznie-ladowany-piec-na-drewno-do-nordic-barrel\/#primaryimage"},"image":{"@id":"https:\/\/thenordicsauna.com\/pl\/shop\/zewnetrznie-ladowany-piec-na-drewno-do-nordic-barrel\/#primaryimage"},"thumbnailUrl":"https:\/\/thenordicsauna.com\/wp-content\/uploads\/2025\/05\/Nordic-Barrel-Lisa-3-valjast-koetav-keris2.jpg","datePublished":"2025-05-27T12:10:32+00:00","dateModified":"2025-12-17T04:33:24+00:00","breadcrumb":{"@id":"https:\/\/thenordicsauna.com\/pl\/shop\/zewnetrznie-ladowany-piec-na-drewno-do-nordic-barrel\/#breadcrumb"},"inLanguage":"pl-PL","potentialAction":[{"@type":"ReadAction","target":["https:\/\/thenordicsauna.com\/pl\/shop\/zewnetrznie-ladowany-piec-na-drewno-do-nordic-barrel\/"]}]},{"@type":"ImageObject","inLanguage":"pl-PL","@id":"https:\/\/thenordicsauna.com\/pl\/shop\/zewnetrznie-ladowany-piec-na-drewno-do-nordic-barrel\/#primaryimage","url":"https:\/\/thenordicsauna.com\/wp-content\/uploads\/2025\/05\/Nordic-Barrel-Lisa-3-valjast-koetav-keris2.jpg","contentUrl":"https:\/\/thenordicsauna.com\/wp-content\/uploads\/2025\/05\/Nordic-Barrel-Lisa-3-valjast-koetav-keris2.jpg","width":2400,"height":2400,"caption":"\u0141adowany od zewn\u0105trz piec na drewno do Nordic Barrel"},{"@type":"BreadcrumbList","@id":"https:\/\/thenordicsauna.com\/pl\/shop\/zewnetrznie-ladowany-piec-na-drewno-do-nordic-barrel\/#breadcrumb","itemListElement":[{"@type":"ListItem","position":1,"name":"Home","item":"https:\/\/thenordicsauna.com\/pl\/strona-glowna\/"},{"@type":"ListItem","position":2,"name":"Sklep","item":"https:\/\/thenordicsauna.com\/shop\/"},{"@type":"ListItem","position":3,"name":"Akcesoria do sauny","item":"https:\/\/thenordicsauna.com\/pl\/kategoria-produktu\/akcesoria-do-sauny\/"},{"@type":"ListItem","position":4,"name":"Zewn\u0119trznie \u0142adowany piec na drewno do Nordic Barrel"}]},{"@type":"WebSite","@id":"https:\/\/thenordicsauna.com\/pl\/#website","url":"https:\/\/thenordicsauna.com\/pl\/","name":"TheNordicSauna","description":"Ultimate Outdoor SPA experience","publisher":{"@id":"https:\/\/thenordicsauna.com\/pl\/#organization"},"alternateName":"TNS","potentialAction":[{"@type":"SearchAction","target":{"@type":"EntryPoint","urlTemplate":"https:\/\/thenordicsauna.com\/pl\/?s={search_term_string}"},"query-input":{"@type":"PropertyValueSpecification","valueRequired":true,"valueName":"search_term_string"}}],"inLanguage":"pl-PL"},{"@type":"Organization","@id":"https:\/\/thenordicsauna.com\/pl\/#organization","name":"TheNordicSauna","alternateName":"TNS","url":"https:\/\/thenordicsauna.com\/pl\/","logo":{"@type":"ImageObject","inLanguage":"pl-PL","@id":"https:\/\/thenordicsauna.com\/pl\/#\/schema\/logo\/image\/","url":"https:\/\/thenordicsauna.com\/wp-content\/uploads\/2025\/04\/TheNordicSauna-logo-white.svg","contentUrl":"https:\/\/thenordicsauna.com\/wp-content\/uploads\/2025\/04\/TheNordicSauna-logo-white.svg","width":203,"height":203,"caption":"TheNordicSauna"},"image":{"@id":"https:\/\/thenordicsauna.com\/pl\/#\/schema\/logo\/image\/"},"sameAs":["https:\/\/www.facebook.com\/TheNordicSauna\/","https:\/\/www.instagram.com\/thenordicsauna"]}]}},"_links":{"self":[{"href":"https:\/\/thenordicsauna.com\/pl\/wp-json\/wp\/v2\/product\/8469","targetHints":{"allow":["GET"]}}],"collection":[{"href":"https:\/\/thenordicsauna.com\/pl\/wp-json\/wp\/v2\/product"}],"about":[{"href":"https:\/\/thenordicsauna.com\/pl\/wp-json\/wp\/v2\/types\/product"}],"version-history":[{"count":1,"href":"https:\/\/thenordicsauna.com\/pl\/wp-json\/wp\/v2\/product\/8469\/revisions"}],"predecessor-version":[{"id":8730,"href":"https:\/\/thenordicsauna.com\/pl\/wp-json\/wp\/v2\/product\/8469\/revisions\/8730"}],"wp:featuredmedia":[{"embeddable":true,"href":"https:\/\/thenordicsauna.com\/pl\/wp-json\/wp\/v2\/media\/6429"}],"wp:attachment":[{"href":"https:\/\/thenordicsauna.com\/pl\/wp-json\/wp\/v2\/media?parent=8469"}],"wp:term":[{"taxonomy":"product_brand","embeddable":true,"href":"https:\/\/thenordicsauna.com\/pl\/wp-json\/wp\/v2\/product_brand?post=8469"},{"taxonomy":"product_cat","embeddable":true,"href":"https:\/\/thenordicsauna.com\/pl\/wp-json\/wp\/v2\/product_cat?post=8469"},{"taxonomy":"product_tag","embeddable":true,"href":"https:\/\/thenordicsauna.com\/pl\/wp-json\/wp\/v2\/product_tag?post=8469"}],"curies":[{"name":"wp","href":"https:\/\/api.w.org\/{rel}","templated":true}]}}