{"id":8474,"date":"2025-05-27T14:10:47","date_gmt":"2025-05-27T14:10:47","guid":{"rendered":"https:\/\/thenordicsauna.com\/shop\/impregnat-zewnetrzny-do-saun-teknos-woodex-wood-oil\/"},"modified":"2025-12-17T04:30:37","modified_gmt":"2025-12-17T04:30:37","slug":"impregnat-zewnetrzny-do-saun-teknos-woodex-wood-oil","status":"publish","type":"product","link":"https:\/\/thenordicsauna.com\/pl\/shop\/impregnat-zewnetrzny-do-saun-teknos-woodex-wood-oil\/","title":{"rendered":"Impregnat zewn\u0119trzny do saun &#8211; Teknos Woodex Wood Oil"},"content":{"rendered":"","protected":false},"excerpt":{"rendered":"<p>Zabezpiecz zewn\u0119trzn\u0105 powierzchni\u0119 swojej sauny profesjonalnym olejem do drewna Teknos Woodex. Olej ten zwi\u0119ksza odporno\u015b\u0107 na warunki atmosferyczne, chroni przed uszkodzeniami spowodowanymi promieniowaniem UV i zachowuje naturalne pi\u0119kno drewna. Idealny do ekspozycji na zewn\u0105trz.  <\/p>\n<p>Nak\u0142adamy przed dostaw\u0105.<\/p>\n<p>Standardowe opcje ton\u00f3w:<\/p>\n<ul>\n<li>Bezbarwny (naturalny wygl\u0105d)<\/li>\n<li>Br\u0105zowy (ciep\u0142y odcie\u0144)<\/li>\n<li>Szary (efekt zwietrzenia)<\/li>\n<li>Czarny (odwa\u017cne, nowoczesne wyko\u0144czenie)<\/li>\n<\/ul>\n<p><strong>Prosimy o podanie preferowanego odcienia w sekcji komentarzy w koszyku.<\/strong><\/p>\n","protected":false},"featured_media":6447,"template":"","meta":{"_acf_changed":false},"product_brand":[],"product_cat":[132],"product_tag":[],"class_list":{"0":"post-8474","1":"product","2":"type-product","3":"status-publish","4":"has-post-thumbnail","6":"product_cat-akcesoria-do-sauny","8":"first","9":"instock","10":"taxable","11":"shipping-taxable","12":"purchasable","13":"product-type-simple"},"acf":[],"yoast_head":"<!-- This site is optimized with the Yoast SEO plugin v26.6 - https:\/\/yoast.com\/wordpress\/plugins\/seo\/ -->\n<title>Impregnat zewn\u0119trzny do saun - Teknos Woodex Wood Oil | TheNordicSauna<\/title>\n<meta name=\"robots\" content=\"index, follow, max-snippet:-1, max-image-preview:large, max-video-preview:-1\" \/>\n<link rel=\"canonical\" href=\"https:\/\/thenordicsauna.com\/pl\/shop\/impregnat-zewnetrzny-do-saun-teknos-woodex-wood-oil\/\" \/>\n<meta property=\"og:locale\" content=\"pl_PL\" \/>\n<meta property=\"og:type\" content=\"article\" \/>\n<meta property=\"og:title\" content=\"Impregnat zewn\u0119trzny do saun - Teknos Woodex Wood Oil | TheNordicSauna\" \/>\n<meta property=\"og:description\" content=\"Zabezpiecz zewn\u0119trzn\u0105 powierzchni\u0119 swojej sauny profesjonalnym olejem do drewna Teknos Woodex. Olej ten zwi\u0119ksza odporno\u015b\u0107 na warunki atmosferyczne, chroni przed uszkodzeniami spowodowanymi promieniowaniem UV i zachowuje naturalne pi\u0119kno drewna. Idealny do ekspozycji na zewn\u0105trz.  Nak\u0142adamy przed dostaw\u0105. Standardowe opcje ton\u00f3w:  Bezbarwny (naturalny wygl\u0105d)  Br\u0105zowy (ciep\u0142y odcie\u0144)  Szary (efekt zwietrzenia)  Czarny (odwa\u017cne, nowoczesne wyko\u0144czenie) Prosimy o podanie preferowanego odcienia w sekcji komentarzy w koszyku.\" \/>\n<meta property=\"og:url\" content=\"https:\/\/thenordicsauna.com\/pl\/shop\/impregnat-zewnetrzny-do-saun-teknos-woodex-wood-oil\/\" \/>\n<meta property=\"og:site_name\" content=\"TheNordicSauna\" \/>\n<meta property=\"article:publisher\" content=\"https:\/\/www.facebook.com\/TheNordicSauna\/\" \/>\n<meta property=\"article:modified_time\" content=\"2025-12-17T04:30:37+00:00\" \/>\n<meta property=\"og:image\" content=\"https:\/\/thenordicsauna.com\/wp-content\/uploads\/2025\/05\/TEKNOS-Woodec-Wood-Oil.png\" \/>\n\t<meta property=\"og:image:width\" content=\"580\" \/>\n\t<meta property=\"og:image:height\" content=\"580\" \/>\n\t<meta property=\"og:image:type\" content=\"image\/png\" \/>\n<meta name=\"twitter:card\" content=\"summary_large_image\" \/>\n<script type=\"application\/ld+json\" class=\"yoast-schema-graph\">{\"@context\":\"https:\/\/schema.org\",\"@graph\":[{\"@type\":\"WebPage\",\"@id\":\"https:\/\/thenordicsauna.com\/pl\/shop\/impregnat-zewnetrzny-do-saun-teknos-woodex-wood-oil\/\",\"url\":\"https:\/\/thenordicsauna.com\/pl\/shop\/impregnat-zewnetrzny-do-saun-teknos-woodex-wood-oil\/\",\"name\":\"Impregnat zewn\u0119trzny do saun - Teknos Woodex Wood Oil | TheNordicSauna\",\"isPartOf\":{\"@id\":\"https:\/\/thenordicsauna.com\/pl\/#website\"},\"primaryImageOfPage\":{\"@id\":\"https:\/\/thenordicsauna.com\/pl\/shop\/impregnat-zewnetrzny-do-saun-teknos-woodex-wood-oil\/#primaryimage\"},\"image\":{\"@id\":\"https:\/\/thenordicsauna.com\/pl\/shop\/impregnat-zewnetrzny-do-saun-teknos-woodex-wood-oil\/#primaryimage\"},\"thumbnailUrl\":\"https:\/\/thenordicsauna.com\/wp-content\/uploads\/2025\/05\/TEKNOS-Woodec-Wood-Oil.png\",\"datePublished\":\"2025-05-27T14:10:47+00:00\",\"dateModified\":\"2025-12-17T04:30:37+00:00\",\"breadcrumb\":{\"@id\":\"https:\/\/thenordicsauna.com\/pl\/shop\/impregnat-zewnetrzny-do-saun-teknos-woodex-wood-oil\/#breadcrumb\"},\"inLanguage\":\"pl-PL\",\"potentialAction\":[{\"@type\":\"ReadAction\",\"target\":[\"https:\/\/thenordicsauna.com\/pl\/shop\/impregnat-zewnetrzny-do-saun-teknos-woodex-wood-oil\/\"]}]},{\"@type\":\"ImageObject\",\"inLanguage\":\"pl-PL\",\"@id\":\"https:\/\/thenordicsauna.com\/pl\/shop\/impregnat-zewnetrzny-do-saun-teknos-woodex-wood-oil\/#primaryimage\",\"url\":\"https:\/\/thenordicsauna.com\/wp-content\/uploads\/2025\/05\/TEKNOS-Woodec-Wood-Oil.png\",\"contentUrl\":\"https:\/\/thenordicsauna.com\/wp-content\/uploads\/2025\/05\/TEKNOS-Woodec-Wood-Oil.png\",\"width\":580,\"height\":580,\"caption\":\"TEKNOS Woodec Olej do drewna\"},{\"@type\":\"BreadcrumbList\",\"@id\":\"https:\/\/thenordicsauna.com\/pl\/shop\/impregnat-zewnetrzny-do-saun-teknos-woodex-wood-oil\/#breadcrumb\",\"itemListElement\":[{\"@type\":\"ListItem\",\"position\":1,\"name\":\"Home\",\"item\":\"https:\/\/thenordicsauna.com\/pl\/strona-glowna\/\"},{\"@type\":\"ListItem\",\"position\":2,\"name\":\"Sklep\",\"item\":\"https:\/\/thenordicsauna.com\/shop\/\"},{\"@type\":\"ListItem\",\"position\":3,\"name\":\"Akcesoria do sauny\",\"item\":\"https:\/\/thenordicsauna.com\/pl\/kategoria-produktu\/akcesoria-do-sauny\/\"},{\"@type\":\"ListItem\",\"position\":4,\"name\":\"Impregnat zewn\u0119trzny do saun &#8211; Teknos Woodex Wood Oil\"}]},{\"@type\":\"WebSite\",\"@id\":\"https:\/\/thenordicsauna.com\/pl\/#website\",\"url\":\"https:\/\/thenordicsauna.com\/pl\/\",\"name\":\"TheNordicSauna\",\"description\":\"Ultimate Outdoor SPA experience\",\"publisher\":{\"@id\":\"https:\/\/thenordicsauna.com\/pl\/#organization\"},\"alternateName\":\"TNS\",\"potentialAction\":[{\"@type\":\"SearchAction\",\"target\":{\"@type\":\"EntryPoint\",\"urlTemplate\":\"https:\/\/thenordicsauna.com\/pl\/?s={search_term_string}\"},\"query-input\":{\"@type\":\"PropertyValueSpecification\",\"valueRequired\":true,\"valueName\":\"search_term_string\"}}],\"inLanguage\":\"pl-PL\"},{\"@type\":\"Organization\",\"@id\":\"https:\/\/thenordicsauna.com\/pl\/#organization\",\"name\":\"TheNordicSauna\",\"alternateName\":\"TNS\",\"url\":\"https:\/\/thenordicsauna.com\/pl\/\",\"logo\":{\"@type\":\"ImageObject\",\"inLanguage\":\"pl-PL\",\"@id\":\"https:\/\/thenordicsauna.com\/pl\/#\/schema\/logo\/image\/\",\"url\":\"https:\/\/thenordicsauna.com\/wp-content\/uploads\/2025\/04\/TheNordicSauna-logo-white.svg\",\"contentUrl\":\"https:\/\/thenordicsauna.com\/wp-content\/uploads\/2025\/04\/TheNordicSauna-logo-white.svg\",\"width\":203,\"height\":203,\"caption\":\"TheNordicSauna\"},\"image\":{\"@id\":\"https:\/\/thenordicsauna.com\/pl\/#\/schema\/logo\/image\/\"},\"sameAs\":[\"https:\/\/www.facebook.com\/TheNordicSauna\/\",\"https:\/\/www.instagram.com\/thenordicsauna\"]}]}<\/script>\n<!-- \/ Yoast SEO plugin. -->","yoast_head_json":{"title":"Impregnat zewn\u0119trzny do saun - Teknos Woodex Wood Oil | TheNordicSauna","robots":{"index":"index","follow":"follow","max-snippet":"max-snippet:-1","max-image-preview":"max-image-preview:large","max-video-preview":"max-video-preview:-1"},"canonical":"https:\/\/thenordicsauna.com\/pl\/shop\/impregnat-zewnetrzny-do-saun-teknos-woodex-wood-oil\/","og_locale":"pl_PL","og_type":"article","og_title":"Impregnat zewn\u0119trzny do saun - Teknos Woodex Wood Oil | TheNordicSauna","og_description":"Zabezpiecz zewn\u0119trzn\u0105 powierzchni\u0119 swojej sauny profesjonalnym olejem do drewna Teknos Woodex. Olej ten zwi\u0119ksza odporno\u015b\u0107 na warunki atmosferyczne, chroni przed uszkodzeniami spowodowanymi promieniowaniem UV i zachowuje naturalne pi\u0119kno drewna. Idealny do ekspozycji na zewn\u0105trz.  Nak\u0142adamy przed dostaw\u0105. Standardowe opcje ton\u00f3w:  Bezbarwny (naturalny wygl\u0105d)  Br\u0105zowy (ciep\u0142y odcie\u0144)  Szary (efekt zwietrzenia)  Czarny (odwa\u017cne, nowoczesne wyko\u0144czenie) Prosimy o podanie preferowanego odcienia w sekcji komentarzy w koszyku.","og_url":"https:\/\/thenordicsauna.com\/pl\/shop\/impregnat-zewnetrzny-do-saun-teknos-woodex-wood-oil\/","og_site_name":"TheNordicSauna","article_publisher":"https:\/\/www.facebook.com\/TheNordicSauna\/","article_modified_time":"2025-12-17T04:30:37+00:00","og_image":[{"width":580,"height":580,"url":"https:\/\/thenordicsauna.com\/wp-content\/uploads\/2025\/05\/TEKNOS-Woodec-Wood-Oil.png","type":"image\/png"}],"twitter_card":"summary_large_image","schema":{"@context":"https:\/\/schema.org","@graph":[{"@type":"WebPage","@id":"https:\/\/thenordicsauna.com\/pl\/shop\/impregnat-zewnetrzny-do-saun-teknos-woodex-wood-oil\/","url":"https:\/\/thenordicsauna.com\/pl\/shop\/impregnat-zewnetrzny-do-saun-teknos-woodex-wood-oil\/","name":"Impregnat zewn\u0119trzny do saun - Teknos Woodex Wood Oil | TheNordicSauna","isPartOf":{"@id":"https:\/\/thenordicsauna.com\/pl\/#website"},"primaryImageOfPage":{"@id":"https:\/\/thenordicsauna.com\/pl\/shop\/impregnat-zewnetrzny-do-saun-teknos-woodex-wood-oil\/#primaryimage"},"image":{"@id":"https:\/\/thenordicsauna.com\/pl\/shop\/impregnat-zewnetrzny-do-saun-teknos-woodex-wood-oil\/#primaryimage"},"thumbnailUrl":"https:\/\/thenordicsauna.com\/wp-content\/uploads\/2025\/05\/TEKNOS-Woodec-Wood-Oil.png","datePublished":"2025-05-27T14:10:47+00:00","dateModified":"2025-12-17T04:30:37+00:00","breadcrumb":{"@id":"https:\/\/thenordicsauna.com\/pl\/shop\/impregnat-zewnetrzny-do-saun-teknos-woodex-wood-oil\/#breadcrumb"},"inLanguage":"pl-PL","potentialAction":[{"@type":"ReadAction","target":["https:\/\/thenordicsauna.com\/pl\/shop\/impregnat-zewnetrzny-do-saun-teknos-woodex-wood-oil\/"]}]},{"@type":"ImageObject","inLanguage":"pl-PL","@id":"https:\/\/thenordicsauna.com\/pl\/shop\/impregnat-zewnetrzny-do-saun-teknos-woodex-wood-oil\/#primaryimage","url":"https:\/\/thenordicsauna.com\/wp-content\/uploads\/2025\/05\/TEKNOS-Woodec-Wood-Oil.png","contentUrl":"https:\/\/thenordicsauna.com\/wp-content\/uploads\/2025\/05\/TEKNOS-Woodec-Wood-Oil.png","width":580,"height":580,"caption":"TEKNOS Woodec Olej do drewna"},{"@type":"BreadcrumbList","@id":"https:\/\/thenordicsauna.com\/pl\/shop\/impregnat-zewnetrzny-do-saun-teknos-woodex-wood-oil\/#breadcrumb","itemListElement":[{"@type":"ListItem","position":1,"name":"Home","item":"https:\/\/thenordicsauna.com\/pl\/strona-glowna\/"},{"@type":"ListItem","position":2,"name":"Sklep","item":"https:\/\/thenordicsauna.com\/shop\/"},{"@type":"ListItem","position":3,"name":"Akcesoria do sauny","item":"https:\/\/thenordicsauna.com\/pl\/kategoria-produktu\/akcesoria-do-sauny\/"},{"@type":"ListItem","position":4,"name":"Impregnat zewn\u0119trzny do saun &#8211; Teknos Woodex Wood Oil"}]},{"@type":"WebSite","@id":"https:\/\/thenordicsauna.com\/pl\/#website","url":"https:\/\/thenordicsauna.com\/pl\/","name":"TheNordicSauna","description":"Ultimate Outdoor SPA experience","publisher":{"@id":"https:\/\/thenordicsauna.com\/pl\/#organization"},"alternateName":"TNS","potentialAction":[{"@type":"SearchAction","target":{"@type":"EntryPoint","urlTemplate":"https:\/\/thenordicsauna.com\/pl\/?s={search_term_string}"},"query-input":{"@type":"PropertyValueSpecification","valueRequired":true,"valueName":"search_term_string"}}],"inLanguage":"pl-PL"},{"@type":"Organization","@id":"https:\/\/thenordicsauna.com\/pl\/#organization","name":"TheNordicSauna","alternateName":"TNS","url":"https:\/\/thenordicsauna.com\/pl\/","logo":{"@type":"ImageObject","inLanguage":"pl-PL","@id":"https:\/\/thenordicsauna.com\/pl\/#\/schema\/logo\/image\/","url":"https:\/\/thenordicsauna.com\/wp-content\/uploads\/2025\/04\/TheNordicSauna-logo-white.svg","contentUrl":"https:\/\/thenordicsauna.com\/wp-content\/uploads\/2025\/04\/TheNordicSauna-logo-white.svg","width":203,"height":203,"caption":"TheNordicSauna"},"image":{"@id":"https:\/\/thenordicsauna.com\/pl\/#\/schema\/logo\/image\/"},"sameAs":["https:\/\/www.facebook.com\/TheNordicSauna\/","https:\/\/www.instagram.com\/thenordicsauna"]}]}},"_links":{"self":[{"href":"https:\/\/thenordicsauna.com\/pl\/wp-json\/wp\/v2\/product\/8474","targetHints":{"allow":["GET"]}}],"collection":[{"href":"https:\/\/thenordicsauna.com\/pl\/wp-json\/wp\/v2\/product"}],"about":[{"href":"https:\/\/thenordicsauna.com\/pl\/wp-json\/wp\/v2\/types\/product"}],"version-history":[{"count":1,"href":"https:\/\/thenordicsauna.com\/pl\/wp-json\/wp\/v2\/product\/8474\/revisions"}],"predecessor-version":[{"id":8776,"href":"https:\/\/thenordicsauna.com\/pl\/wp-json\/wp\/v2\/product\/8474\/revisions\/8776"}],"wp:featuredmedia":[{"embeddable":true,"href":"https:\/\/thenordicsauna.com\/pl\/wp-json\/wp\/v2\/media\/6447"}],"wp:attachment":[{"href":"https:\/\/thenordicsauna.com\/pl\/wp-json\/wp\/v2\/media?parent=8474"}],"wp:term":[{"taxonomy":"product_brand","embeddable":true,"href":"https:\/\/thenordicsauna.com\/pl\/wp-json\/wp\/v2\/product_brand?post=8474"},{"taxonomy":"product_cat","embeddable":true,"href":"https:\/\/thenordicsauna.com\/pl\/wp-json\/wp\/v2\/product_cat?post=8474"},{"taxonomy":"product_tag","embeddable":true,"href":"https:\/\/thenordicsauna.com\/pl\/wp-json\/wp\/v2\/product_tag?post=8474"}],"curies":[{"name":"wp","href":"https:\/\/api.w.org\/{rel}","templated":true}]}}