{"id":8479,"date":"2025-05-28T21:24:34","date_gmt":"2025-05-28T21:24:34","guid":{"rendered":"https:\/\/thenordicsauna.com\/shop\/dodatkowe-drzwiczki-do-nordic-dome\/"},"modified":"2025-10-06T17:54:52","modified_gmt":"2025-10-06T17:54:52","slug":"dodatkowe-drzwiczki-do-nordic-dome","status":"publish","type":"product","link":"https:\/\/thenordicsauna.com\/pl\/shop\/dodatkowe-drzwiczki-do-nordic-dome\/","title":{"rendered":"Dodatkowe drzwiczki do Nordic Dome"},"content":{"rendered":"","protected":false},"excerpt":{"rendered":"<p>Rozbuduj swoj\u0105 kopu\u0142\u0119 Nordic Dome o dodatkowe drzwi przesuwne. Domy\u015blnie w zestawie znajduj\u0105 si\u0119 jedne drzwi, ale mo\u017cna doda\u0107 do trzech dodatkowych drzwi, aby uzyska\u0107 \u0142\u0105cznie cztery. Idealne do poprawy dost\u0119pu, przep\u0142ywu powietrza lub wszechstronnych konfiguracji w przestrzeniach wsp\u00f3lnych lub publicznych.  <\/p>\n","protected":false},"featured_media":6519,"template":"","meta":{"_acf_changed":false},"product_brand":[],"product_cat":[132],"product_tag":[],"class_list":{"0":"post-8479","1":"product","2":"type-product","3":"status-publish","4":"has-post-thumbnail","6":"product_cat-akcesoria-do-sauny","8":"first","9":"instock","10":"taxable","11":"shipping-taxable","12":"purchasable","13":"product-type-simple"},"acf":[],"yoast_head":"<!-- This site is optimized with the Yoast SEO plugin v26.6 - https:\/\/yoast.com\/wordpress\/plugins\/seo\/ -->\n<title>Dodatkowe drzwiczki do Nordic Dome | TheNordicSauna<\/title>\n<meta name=\"robots\" content=\"index, follow, max-snippet:-1, max-image-preview:large, max-video-preview:-1\" \/>\n<link rel=\"canonical\" href=\"https:\/\/thenordicsauna.com\/pl\/shop\/dodatkowe-drzwiczki-do-nordic-dome\/\" \/>\n<meta property=\"og:locale\" content=\"pl_PL\" \/>\n<meta property=\"og:type\" content=\"article\" \/>\n<meta property=\"og:title\" content=\"Dodatkowe drzwiczki do Nordic Dome | TheNordicSauna\" \/>\n<meta property=\"og:description\" content=\"Rozbuduj swoj\u0105 kopu\u0142\u0119 Nordic Dome o dodatkowe drzwi przesuwne. Domy\u015blnie w zestawie znajduj\u0105 si\u0119 jedne drzwi, ale mo\u017cna doda\u0107 do trzech dodatkowych drzwi, aby uzyska\u0107 \u0142\u0105cznie cztery. Idealne do poprawy dost\u0119pu, przep\u0142ywu powietrza lub wszechstronnych konfiguracji w przestrzeniach wsp\u00f3lnych lub publicznych.\" \/>\n<meta property=\"og:url\" content=\"https:\/\/thenordicsauna.com\/pl\/shop\/dodatkowe-drzwiczki-do-nordic-dome\/\" \/>\n<meta property=\"og:site_name\" content=\"TheNordicSauna\" \/>\n<meta property=\"article:publisher\" content=\"https:\/\/www.facebook.com\/TheNordicSauna\/\" \/>\n<meta property=\"article:modified_time\" content=\"2025-10-06T17:54:52+00:00\" \/>\n<meta property=\"og:image\" content=\"https:\/\/thenordicsauna.com\/wp-content\/uploads\/2025\/05\/1dooreach.png.webp\" \/>\n\t<meta property=\"og:image:width\" content=\"400\" \/>\n\t<meta property=\"og:image:height\" content=\"400\" \/>\n\t<meta property=\"og:image:type\" content=\"image\/webp\" \/>\n<meta name=\"twitter:card\" content=\"summary_large_image\" \/>\n<script type=\"application\/ld+json\" class=\"yoast-schema-graph\">{\"@context\":\"https:\/\/schema.org\",\"@graph\":[{\"@type\":\"WebPage\",\"@id\":\"https:\/\/thenordicsauna.com\/pl\/shop\/dodatkowe-drzwiczki-do-nordic-dome\/\",\"url\":\"https:\/\/thenordicsauna.com\/pl\/shop\/dodatkowe-drzwiczki-do-nordic-dome\/\",\"name\":\"Dodatkowe drzwiczki do Nordic Dome | TheNordicSauna\",\"isPartOf\":{\"@id\":\"https:\/\/thenordicsauna.com\/pl\/#website\"},\"primaryImageOfPage\":{\"@id\":\"https:\/\/thenordicsauna.com\/pl\/shop\/dodatkowe-drzwiczki-do-nordic-dome\/#primaryimage\"},\"image\":{\"@id\":\"https:\/\/thenordicsauna.com\/pl\/shop\/dodatkowe-drzwiczki-do-nordic-dome\/#primaryimage\"},\"thumbnailUrl\":\"https:\/\/thenordicsauna.com\/wp-content\/uploads\/2025\/05\/1dooreach.png.webp\",\"datePublished\":\"2025-05-28T21:24:34+00:00\",\"dateModified\":\"2025-10-06T17:54:52+00:00\",\"breadcrumb\":{\"@id\":\"https:\/\/thenordicsauna.com\/pl\/shop\/dodatkowe-drzwiczki-do-nordic-dome\/#breadcrumb\"},\"inLanguage\":\"pl-PL\",\"potentialAction\":[{\"@type\":\"ReadAction\",\"target\":[\"https:\/\/thenordicsauna.com\/pl\/shop\/dodatkowe-drzwiczki-do-nordic-dome\/\"]}]},{\"@type\":\"ImageObject\",\"inLanguage\":\"pl-PL\",\"@id\":\"https:\/\/thenordicsauna.com\/pl\/shop\/dodatkowe-drzwiczki-do-nordic-dome\/#primaryimage\",\"url\":\"https:\/\/thenordicsauna.com\/wp-content\/uploads\/2025\/05\/1dooreach.png.webp\",\"contentUrl\":\"https:\/\/thenordicsauna.com\/wp-content\/uploads\/2025\/05\/1dooreach.png.webp\",\"width\":400,\"height\":400,\"caption\":\"Nordic Dome extra door\"},{\"@type\":\"BreadcrumbList\",\"@id\":\"https:\/\/thenordicsauna.com\/pl\/shop\/dodatkowe-drzwiczki-do-nordic-dome\/#breadcrumb\",\"itemListElement\":[{\"@type\":\"ListItem\",\"position\":1,\"name\":\"Home\",\"item\":\"https:\/\/thenordicsauna.com\/pl\/strona-glowna\/\"},{\"@type\":\"ListItem\",\"position\":2,\"name\":\"Sklep\",\"item\":\"https:\/\/thenordicsauna.com\/shop\/\"},{\"@type\":\"ListItem\",\"position\":3,\"name\":\"Akcesoria do sauny\",\"item\":\"https:\/\/thenordicsauna.com\/pl\/kategoria-produktu\/akcesoria-do-sauny\/\"},{\"@type\":\"ListItem\",\"position\":4,\"name\":\"Dodatkowe drzwiczki do Nordic Dome\"}]},{\"@type\":\"WebSite\",\"@id\":\"https:\/\/thenordicsauna.com\/pl\/#website\",\"url\":\"https:\/\/thenordicsauna.com\/pl\/\",\"name\":\"TheNordicSauna\",\"description\":\"Ultimate Outdoor SPA experience\",\"publisher\":{\"@id\":\"https:\/\/thenordicsauna.com\/pl\/#organization\"},\"alternateName\":\"TNS\",\"potentialAction\":[{\"@type\":\"SearchAction\",\"target\":{\"@type\":\"EntryPoint\",\"urlTemplate\":\"https:\/\/thenordicsauna.com\/pl\/?s={search_term_string}\"},\"query-input\":{\"@type\":\"PropertyValueSpecification\",\"valueRequired\":true,\"valueName\":\"search_term_string\"}}],\"inLanguage\":\"pl-PL\"},{\"@type\":\"Organization\",\"@id\":\"https:\/\/thenordicsauna.com\/pl\/#organization\",\"name\":\"TheNordicSauna\",\"alternateName\":\"TNS\",\"url\":\"https:\/\/thenordicsauna.com\/pl\/\",\"logo\":{\"@type\":\"ImageObject\",\"inLanguage\":\"pl-PL\",\"@id\":\"https:\/\/thenordicsauna.com\/pl\/#\/schema\/logo\/image\/\",\"url\":\"https:\/\/thenordicsauna.com\/wp-content\/uploads\/2025\/04\/TheNordicSauna-logo-white.svg\",\"contentUrl\":\"https:\/\/thenordicsauna.com\/wp-content\/uploads\/2025\/04\/TheNordicSauna-logo-white.svg\",\"width\":203,\"height\":203,\"caption\":\"TheNordicSauna\"},\"image\":{\"@id\":\"https:\/\/thenordicsauna.com\/pl\/#\/schema\/logo\/image\/\"},\"sameAs\":[\"https:\/\/www.facebook.com\/TheNordicSauna\/\",\"https:\/\/www.instagram.com\/thenordicsauna\"]}]}<\/script>\n<!-- \/ Yoast SEO plugin. -->","yoast_head_json":{"title":"Dodatkowe drzwiczki do Nordic Dome | TheNordicSauna","robots":{"index":"index","follow":"follow","max-snippet":"max-snippet:-1","max-image-preview":"max-image-preview:large","max-video-preview":"max-video-preview:-1"},"canonical":"https:\/\/thenordicsauna.com\/pl\/shop\/dodatkowe-drzwiczki-do-nordic-dome\/","og_locale":"pl_PL","og_type":"article","og_title":"Dodatkowe drzwiczki do Nordic Dome | TheNordicSauna","og_description":"Rozbuduj swoj\u0105 kopu\u0142\u0119 Nordic Dome o dodatkowe drzwi przesuwne. Domy\u015blnie w zestawie znajduj\u0105 si\u0119 jedne drzwi, ale mo\u017cna doda\u0107 do trzech dodatkowych drzwi, aby uzyska\u0107 \u0142\u0105cznie cztery. Idealne do poprawy dost\u0119pu, przep\u0142ywu powietrza lub wszechstronnych konfiguracji w przestrzeniach wsp\u00f3lnych lub publicznych.","og_url":"https:\/\/thenordicsauna.com\/pl\/shop\/dodatkowe-drzwiczki-do-nordic-dome\/","og_site_name":"TheNordicSauna","article_publisher":"https:\/\/www.facebook.com\/TheNordicSauna\/","article_modified_time":"2025-10-06T17:54:52+00:00","og_image":[{"width":400,"height":400,"url":"https:\/\/thenordicsauna.com\/wp-content\/uploads\/2025\/05\/1dooreach.png.webp","type":"image\/webp"}],"twitter_card":"summary_large_image","schema":{"@context":"https:\/\/schema.org","@graph":[{"@type":"WebPage","@id":"https:\/\/thenordicsauna.com\/pl\/shop\/dodatkowe-drzwiczki-do-nordic-dome\/","url":"https:\/\/thenordicsauna.com\/pl\/shop\/dodatkowe-drzwiczki-do-nordic-dome\/","name":"Dodatkowe drzwiczki do Nordic Dome | TheNordicSauna","isPartOf":{"@id":"https:\/\/thenordicsauna.com\/pl\/#website"},"primaryImageOfPage":{"@id":"https:\/\/thenordicsauna.com\/pl\/shop\/dodatkowe-drzwiczki-do-nordic-dome\/#primaryimage"},"image":{"@id":"https:\/\/thenordicsauna.com\/pl\/shop\/dodatkowe-drzwiczki-do-nordic-dome\/#primaryimage"},"thumbnailUrl":"https:\/\/thenordicsauna.com\/wp-content\/uploads\/2025\/05\/1dooreach.png.webp","datePublished":"2025-05-28T21:24:34+00:00","dateModified":"2025-10-06T17:54:52+00:00","breadcrumb":{"@id":"https:\/\/thenordicsauna.com\/pl\/shop\/dodatkowe-drzwiczki-do-nordic-dome\/#breadcrumb"},"inLanguage":"pl-PL","potentialAction":[{"@type":"ReadAction","target":["https:\/\/thenordicsauna.com\/pl\/shop\/dodatkowe-drzwiczki-do-nordic-dome\/"]}]},{"@type":"ImageObject","inLanguage":"pl-PL","@id":"https:\/\/thenordicsauna.com\/pl\/shop\/dodatkowe-drzwiczki-do-nordic-dome\/#primaryimage","url":"https:\/\/thenordicsauna.com\/wp-content\/uploads\/2025\/05\/1dooreach.png.webp","contentUrl":"https:\/\/thenordicsauna.com\/wp-content\/uploads\/2025\/05\/1dooreach.png.webp","width":400,"height":400,"caption":"Nordic Dome extra door"},{"@type":"BreadcrumbList","@id":"https:\/\/thenordicsauna.com\/pl\/shop\/dodatkowe-drzwiczki-do-nordic-dome\/#breadcrumb","itemListElement":[{"@type":"ListItem","position":1,"name":"Home","item":"https:\/\/thenordicsauna.com\/pl\/strona-glowna\/"},{"@type":"ListItem","position":2,"name":"Sklep","item":"https:\/\/thenordicsauna.com\/shop\/"},{"@type":"ListItem","position":3,"name":"Akcesoria do sauny","item":"https:\/\/thenordicsauna.com\/pl\/kategoria-produktu\/akcesoria-do-sauny\/"},{"@type":"ListItem","position":4,"name":"Dodatkowe drzwiczki do Nordic Dome"}]},{"@type":"WebSite","@id":"https:\/\/thenordicsauna.com\/pl\/#website","url":"https:\/\/thenordicsauna.com\/pl\/","name":"TheNordicSauna","description":"Ultimate Outdoor SPA experience","publisher":{"@id":"https:\/\/thenordicsauna.com\/pl\/#organization"},"alternateName":"TNS","potentialAction":[{"@type":"SearchAction","target":{"@type":"EntryPoint","urlTemplate":"https:\/\/thenordicsauna.com\/pl\/?s={search_term_string}"},"query-input":{"@type":"PropertyValueSpecification","valueRequired":true,"valueName":"search_term_string"}}],"inLanguage":"pl-PL"},{"@type":"Organization","@id":"https:\/\/thenordicsauna.com\/pl\/#organization","name":"TheNordicSauna","alternateName":"TNS","url":"https:\/\/thenordicsauna.com\/pl\/","logo":{"@type":"ImageObject","inLanguage":"pl-PL","@id":"https:\/\/thenordicsauna.com\/pl\/#\/schema\/logo\/image\/","url":"https:\/\/thenordicsauna.com\/wp-content\/uploads\/2025\/04\/TheNordicSauna-logo-white.svg","contentUrl":"https:\/\/thenordicsauna.com\/wp-content\/uploads\/2025\/04\/TheNordicSauna-logo-white.svg","width":203,"height":203,"caption":"TheNordicSauna"},"image":{"@id":"https:\/\/thenordicsauna.com\/pl\/#\/schema\/logo\/image\/"},"sameAs":["https:\/\/www.facebook.com\/TheNordicSauna\/","https:\/\/www.instagram.com\/thenordicsauna"]}]}},"_links":{"self":[{"href":"https:\/\/thenordicsauna.com\/pl\/wp-json\/wp\/v2\/product\/8479","targetHints":{"allow":["GET"]}}],"collection":[{"href":"https:\/\/thenordicsauna.com\/pl\/wp-json\/wp\/v2\/product"}],"about":[{"href":"https:\/\/thenordicsauna.com\/pl\/wp-json\/wp\/v2\/types\/product"}],"version-history":[{"count":1,"href":"https:\/\/thenordicsauna.com\/pl\/wp-json\/wp\/v2\/product\/8479\/revisions"}],"predecessor-version":[{"id":8767,"href":"https:\/\/thenordicsauna.com\/pl\/wp-json\/wp\/v2\/product\/8479\/revisions\/8767"}],"wp:featuredmedia":[{"embeddable":true,"href":"https:\/\/thenordicsauna.com\/pl\/wp-json\/wp\/v2\/media\/6519"}],"wp:attachment":[{"href":"https:\/\/thenordicsauna.com\/pl\/wp-json\/wp\/v2\/media?parent=8479"}],"wp:term":[{"taxonomy":"product_brand","embeddable":true,"href":"https:\/\/thenordicsauna.com\/pl\/wp-json\/wp\/v2\/product_brand?post=8479"},{"taxonomy":"product_cat","embeddable":true,"href":"https:\/\/thenordicsauna.com\/pl\/wp-json\/wp\/v2\/product_cat?post=8479"},{"taxonomy":"product_tag","embeddable":true,"href":"https:\/\/thenordicsauna.com\/pl\/wp-json\/wp\/v2\/product_tag?post=8479"}],"curies":[{"name":"wp","href":"https:\/\/api.w.org\/{rel}","templated":true}]}}