{"id":8480,"date":"2025-09-05T00:20:23","date_gmt":"2025-09-05T00:20:23","guid":{"rendered":"https:\/\/thenordicsauna.com\/shop\/tabletki-aktywnego-tlenku-20-szt\/"},"modified":"2025-10-06T17:53:17","modified_gmt":"2025-10-06T17:53:17","slug":"tabletki-aktywnego-tlenku-20-szt","status":"publish","type":"product","link":"https:\/\/thenordicsauna.com\/pl\/shop\/tabletki-aktywnego-tlenku-20-szt\/","title":{"rendered":"Tabletki Aktywnego Tlenku 20 szt."},"content":{"rendered":"","protected":false},"excerpt":{"rendered":"<ul>\n<li class=\"p1\"><span class=\"s1\"><br \/>\n  <b>Krystalicznie czysta woda:<\/b><br \/>\n<\/span> Aktywny tlen sprawia, \u017ce \u200b\u200bwoda w wannie z hydromasa\u017cem lub w k\u0105pieli lodowej jest \u015bwie\u017ca i l\u015bni\u0105ca, bez u\u017cycia szkodliwych \u015brodk\u00f3w chemicznych.<\/li>\n<li class=\"p1\"><span class=\"s1\"><br \/>\n  <b>Przyjazny dla sk\u00f3ry<\/b><br \/>\n<\/span>: delikatny dla wra\u017cliwej sk\u00f3ry, nie powoduje podra\u017cnie\u0144 ani nie ma zapachu chloru.<\/li>\n<li class=\"p1\"><span class=\"s1\"><br \/>\n  <b>S\u0142aby zapach<\/b><br \/>\n<\/span>: Czystsza i \u015bwie\u017csza w por\u00f3wnaniu do tradycyjnego uzdatniania wody w wannie z hydromasa\u017cem.<\/li>\n<li class=\"p1\"><span class=\"s1\"><br \/>\n  <b>\u0141atwa rutyna:<\/b><br \/>\n<\/span> Stosuj raz w tygodniu, aby zachowa\u0107 przejrzysto\u015b\u0107 i higien\u0119.<\/li>\n<li class=\"p1\"><span class=\"s1\"><br \/>\n  <b>Elastyczne zastosowanie:<\/b><br \/>\n<\/span> Idealne do uzdatniania wody w wannach z hydromasa\u017cem i k\u0105pielach lodowych.<\/li>\n<li class=\"p1\"><span class=\"s1\"><br \/>\n  <b>Bez chloru:<\/b><br \/>\n<\/span> 100% bez chloru \u2014 nowoczesna, delikatna alternatywa.<\/li>\n<li><strong>Opakowanie<\/strong>: Zawiera 20 tabletek po 20 g, co wystarcza na maksymalnie 20 tygodni stosowania.<\/li>\n<\/ul>\n","protected":false},"featured_media":8481,"template":"","meta":{"_acf_changed":false},"product_brand":[],"product_cat":[131,127],"product_tag":[],"class_list":{"0":"post-8480","1":"product","2":"type-product","3":"status-publish","4":"has-post-thumbnail","6":"product_cat-akcesoria-nordicsix","7":"product_cat-kontrola-wody","9":"first","10":"instock","11":"taxable","12":"shipping-taxable","13":"purchasable","14":"product-type-simple"},"acf":[],"yoast_head":"<!-- This site is optimized with the Yoast SEO plugin v26.6 - https:\/\/yoast.com\/wordpress\/plugins\/seo\/ -->\n<title>Tabletki Aktywnego Tlenku 20 szt. | TheNordicSauna<\/title>\n<meta name=\"robots\" content=\"index, follow, max-snippet:-1, max-image-preview:large, max-video-preview:-1\" \/>\n<link rel=\"canonical\" href=\"https:\/\/thenordicsauna.com\/pl\/shop\/tabletki-aktywnego-tlenku-20-szt\/\" \/>\n<meta property=\"og:locale\" content=\"pl_PL\" \/>\n<meta property=\"og:type\" content=\"article\" \/>\n<meta property=\"og:title\" content=\"Tabletki Aktywnego Tlenku 20 szt. | TheNordicSauna\" \/>\n<meta property=\"og:description\" content=\"Krystalicznie czysta woda: Aktywny tlen sprawia, \u017ce \u200b\u200bwoda w wannie z hydromasa\u017cem lub w k\u0105pieli lodowej jest \u015bwie\u017ca i l\u015bni\u0105ca, bez u\u017cycia szkodliwych \u015brodk\u00f3w chemicznych.   Przyjazny dla sk\u00f3ry : delikatny dla wra\u017cliwej sk\u00f3ry, nie powoduje podra\u017cnie\u0144 ani nie ma zapachu chloru.   S\u0142aby zapach : Czystsza i \u015bwie\u017csza w por\u00f3wnaniu do tradycyjnego uzdatniania wody w wannie z hydromasa\u017cem.   \u0141atwa rutyna: Stosuj raz w tygodniu, aby zachowa\u0107 przejrzysto\u015b\u0107 i higien\u0119.   Elastyczne zastosowanie: Idealne do uzdatniania wody w wannach z hydromasa\u017cem i k\u0105pielach lodowych.   Bez chloru: 100% bez chloru \u2014 nowoczesna, delikatna alternatywa.  Opakowanie: Zawiera 20 tabletek po 20 g, co wystarcza na maksymalnie 20 tygodni stosowania.\" \/>\n<meta property=\"og:url\" content=\"https:\/\/thenordicsauna.com\/pl\/shop\/tabletki-aktywnego-tlenku-20-szt\/\" \/>\n<meta property=\"og:site_name\" content=\"TheNordicSauna\" \/>\n<meta property=\"article:publisher\" content=\"https:\/\/www.facebook.com\/TheNordicSauna\/\" \/>\n<meta property=\"article:modified_time\" content=\"2025-10-06T17:53:17+00:00\" \/>\n<meta property=\"og:image\" content=\"https:\/\/thenordicsauna.com\/wp-content\/uploads\/2025\/09\/Active-Oxygen.jpg\" \/>\n\t<meta property=\"og:image:width\" content=\"800\" \/>\n\t<meta property=\"og:image:height\" content=\"533\" \/>\n\t<meta property=\"og:image:type\" content=\"image\/jpeg\" \/>\n<meta name=\"twitter:card\" content=\"summary_large_image\" \/>\n<script type=\"application\/ld+json\" class=\"yoast-schema-graph\">{\"@context\":\"https:\/\/schema.org\",\"@graph\":[{\"@type\":\"WebPage\",\"@id\":\"https:\/\/thenordicsauna.com\/pl\/shop\/tabletki-aktywnego-tlenku-20-szt\/\",\"url\":\"https:\/\/thenordicsauna.com\/pl\/shop\/tabletki-aktywnego-tlenku-20-szt\/\",\"name\":\"Tabletki Aktywnego Tlenku 20 szt. | TheNordicSauna\",\"isPartOf\":{\"@id\":\"https:\/\/thenordicsauna.com\/pl\/#website\"},\"primaryImageOfPage\":{\"@id\":\"https:\/\/thenordicsauna.com\/pl\/shop\/tabletki-aktywnego-tlenku-20-szt\/#primaryimage\"},\"image\":{\"@id\":\"https:\/\/thenordicsauna.com\/pl\/shop\/tabletki-aktywnego-tlenku-20-szt\/#primaryimage\"},\"thumbnailUrl\":\"https:\/\/thenordicsauna.com\/wp-content\/uploads\/2025\/09\/Active-Oxygen.jpg\",\"datePublished\":\"2025-09-05T00:20:23+00:00\",\"dateModified\":\"2025-10-06T17:53:17+00:00\",\"breadcrumb\":{\"@id\":\"https:\/\/thenordicsauna.com\/pl\/shop\/tabletki-aktywnego-tlenku-20-szt\/#breadcrumb\"},\"inLanguage\":\"pl-PL\",\"potentialAction\":[{\"@type\":\"ReadAction\",\"target\":[\"https:\/\/thenordicsauna.com\/pl\/shop\/tabletki-aktywnego-tlenku-20-szt\/\"]}]},{\"@type\":\"ImageObject\",\"inLanguage\":\"pl-PL\",\"@id\":\"https:\/\/thenordicsauna.com\/pl\/shop\/tabletki-aktywnego-tlenku-20-szt\/#primaryimage\",\"url\":\"https:\/\/thenordicsauna.com\/wp-content\/uploads\/2025\/09\/Active-Oxygen.jpg\",\"contentUrl\":\"https:\/\/thenordicsauna.com\/wp-content\/uploads\/2025\/09\/Active-Oxygen.jpg\",\"width\":800,\"height\":533,\"caption\":\"Active Oxygen\"},{\"@type\":\"BreadcrumbList\",\"@id\":\"https:\/\/thenordicsauna.com\/pl\/shop\/tabletki-aktywnego-tlenku-20-szt\/#breadcrumb\",\"itemListElement\":[{\"@type\":\"ListItem\",\"position\":1,\"name\":\"Home\",\"item\":\"https:\/\/thenordicsauna.com\/pl\/strona-glowna\/\"},{\"@type\":\"ListItem\",\"position\":2,\"name\":\"Sklep\",\"item\":\"https:\/\/thenordicsauna.com\/shop\/\"},{\"@type\":\"ListItem\",\"position\":3,\"name\":\"Ogrzewanie, ch\u0142odzenie i filtracja\",\"item\":\"https:\/\/thenordicsauna.com\/pl\/kategoria-produktu\/kontrola-wody\/\"},{\"@type\":\"ListItem\",\"position\":4,\"name\":\"Tabletki Aktywnego Tlenku 20 szt.\"}]},{\"@type\":\"WebSite\",\"@id\":\"https:\/\/thenordicsauna.com\/pl\/#website\",\"url\":\"https:\/\/thenordicsauna.com\/pl\/\",\"name\":\"TheNordicSauna\",\"description\":\"Ultimate Outdoor SPA experience\",\"publisher\":{\"@id\":\"https:\/\/thenordicsauna.com\/pl\/#organization\"},\"alternateName\":\"TNS\",\"potentialAction\":[{\"@type\":\"SearchAction\",\"target\":{\"@type\":\"EntryPoint\",\"urlTemplate\":\"https:\/\/thenordicsauna.com\/pl\/?s={search_term_string}\"},\"query-input\":{\"@type\":\"PropertyValueSpecification\",\"valueRequired\":true,\"valueName\":\"search_term_string\"}}],\"inLanguage\":\"pl-PL\"},{\"@type\":\"Organization\",\"@id\":\"https:\/\/thenordicsauna.com\/pl\/#organization\",\"name\":\"TheNordicSauna\",\"alternateName\":\"TNS\",\"url\":\"https:\/\/thenordicsauna.com\/pl\/\",\"logo\":{\"@type\":\"ImageObject\",\"inLanguage\":\"pl-PL\",\"@id\":\"https:\/\/thenordicsauna.com\/pl\/#\/schema\/logo\/image\/\",\"url\":\"https:\/\/thenordicsauna.com\/wp-content\/uploads\/2025\/04\/TheNordicSauna-logo-white.svg\",\"contentUrl\":\"https:\/\/thenordicsauna.com\/wp-content\/uploads\/2025\/04\/TheNordicSauna-logo-white.svg\",\"width\":203,\"height\":203,\"caption\":\"TheNordicSauna\"},\"image\":{\"@id\":\"https:\/\/thenordicsauna.com\/pl\/#\/schema\/logo\/image\/\"},\"sameAs\":[\"https:\/\/www.facebook.com\/TheNordicSauna\/\",\"https:\/\/www.instagram.com\/thenordicsauna\"]}]}<\/script>\n<!-- \/ Yoast SEO plugin. -->","yoast_head_json":{"title":"Tabletki Aktywnego Tlenku 20 szt. | TheNordicSauna","robots":{"index":"index","follow":"follow","max-snippet":"max-snippet:-1","max-image-preview":"max-image-preview:large","max-video-preview":"max-video-preview:-1"},"canonical":"https:\/\/thenordicsauna.com\/pl\/shop\/tabletki-aktywnego-tlenku-20-szt\/","og_locale":"pl_PL","og_type":"article","og_title":"Tabletki Aktywnego Tlenku 20 szt. | TheNordicSauna","og_description":"Krystalicznie czysta woda: Aktywny tlen sprawia, \u017ce \u200b\u200bwoda w wannie z hydromasa\u017cem lub w k\u0105pieli lodowej jest \u015bwie\u017ca i l\u015bni\u0105ca, bez u\u017cycia szkodliwych \u015brodk\u00f3w chemicznych.   Przyjazny dla sk\u00f3ry : delikatny dla wra\u017cliwej sk\u00f3ry, nie powoduje podra\u017cnie\u0144 ani nie ma zapachu chloru.   S\u0142aby zapach : Czystsza i \u015bwie\u017csza w por\u00f3wnaniu do tradycyjnego uzdatniania wody w wannie z hydromasa\u017cem.   \u0141atwa rutyna: Stosuj raz w tygodniu, aby zachowa\u0107 przejrzysto\u015b\u0107 i higien\u0119.   Elastyczne zastosowanie: Idealne do uzdatniania wody w wannach z hydromasa\u017cem i k\u0105pielach lodowych.   Bez chloru: 100% bez chloru \u2014 nowoczesna, delikatna alternatywa.  Opakowanie: Zawiera 20 tabletek po 20 g, co wystarcza na maksymalnie 20 tygodni stosowania.","og_url":"https:\/\/thenordicsauna.com\/pl\/shop\/tabletki-aktywnego-tlenku-20-szt\/","og_site_name":"TheNordicSauna","article_publisher":"https:\/\/www.facebook.com\/TheNordicSauna\/","article_modified_time":"2025-10-06T17:53:17+00:00","og_image":[{"width":800,"height":533,"url":"https:\/\/thenordicsauna.com\/wp-content\/uploads\/2025\/09\/Active-Oxygen.jpg","type":"image\/jpeg"}],"twitter_card":"summary_large_image","schema":{"@context":"https:\/\/schema.org","@graph":[{"@type":"WebPage","@id":"https:\/\/thenordicsauna.com\/pl\/shop\/tabletki-aktywnego-tlenku-20-szt\/","url":"https:\/\/thenordicsauna.com\/pl\/shop\/tabletki-aktywnego-tlenku-20-szt\/","name":"Tabletki Aktywnego Tlenku 20 szt. | TheNordicSauna","isPartOf":{"@id":"https:\/\/thenordicsauna.com\/pl\/#website"},"primaryImageOfPage":{"@id":"https:\/\/thenordicsauna.com\/pl\/shop\/tabletki-aktywnego-tlenku-20-szt\/#primaryimage"},"image":{"@id":"https:\/\/thenordicsauna.com\/pl\/shop\/tabletki-aktywnego-tlenku-20-szt\/#primaryimage"},"thumbnailUrl":"https:\/\/thenordicsauna.com\/wp-content\/uploads\/2025\/09\/Active-Oxygen.jpg","datePublished":"2025-09-05T00:20:23+00:00","dateModified":"2025-10-06T17:53:17+00:00","breadcrumb":{"@id":"https:\/\/thenordicsauna.com\/pl\/shop\/tabletki-aktywnego-tlenku-20-szt\/#breadcrumb"},"inLanguage":"pl-PL","potentialAction":[{"@type":"ReadAction","target":["https:\/\/thenordicsauna.com\/pl\/shop\/tabletki-aktywnego-tlenku-20-szt\/"]}]},{"@type":"ImageObject","inLanguage":"pl-PL","@id":"https:\/\/thenordicsauna.com\/pl\/shop\/tabletki-aktywnego-tlenku-20-szt\/#primaryimage","url":"https:\/\/thenordicsauna.com\/wp-content\/uploads\/2025\/09\/Active-Oxygen.jpg","contentUrl":"https:\/\/thenordicsauna.com\/wp-content\/uploads\/2025\/09\/Active-Oxygen.jpg","width":800,"height":533,"caption":"Active Oxygen"},{"@type":"BreadcrumbList","@id":"https:\/\/thenordicsauna.com\/pl\/shop\/tabletki-aktywnego-tlenku-20-szt\/#breadcrumb","itemListElement":[{"@type":"ListItem","position":1,"name":"Home","item":"https:\/\/thenordicsauna.com\/pl\/strona-glowna\/"},{"@type":"ListItem","position":2,"name":"Sklep","item":"https:\/\/thenordicsauna.com\/shop\/"},{"@type":"ListItem","position":3,"name":"Ogrzewanie, ch\u0142odzenie i filtracja","item":"https:\/\/thenordicsauna.com\/pl\/kategoria-produktu\/kontrola-wody\/"},{"@type":"ListItem","position":4,"name":"Tabletki Aktywnego Tlenku 20 szt."}]},{"@type":"WebSite","@id":"https:\/\/thenordicsauna.com\/pl\/#website","url":"https:\/\/thenordicsauna.com\/pl\/","name":"TheNordicSauna","description":"Ultimate Outdoor SPA experience","publisher":{"@id":"https:\/\/thenordicsauna.com\/pl\/#organization"},"alternateName":"TNS","potentialAction":[{"@type":"SearchAction","target":{"@type":"EntryPoint","urlTemplate":"https:\/\/thenordicsauna.com\/pl\/?s={search_term_string}"},"query-input":{"@type":"PropertyValueSpecification","valueRequired":true,"valueName":"search_term_string"}}],"inLanguage":"pl-PL"},{"@type":"Organization","@id":"https:\/\/thenordicsauna.com\/pl\/#organization","name":"TheNordicSauna","alternateName":"TNS","url":"https:\/\/thenordicsauna.com\/pl\/","logo":{"@type":"ImageObject","inLanguage":"pl-PL","@id":"https:\/\/thenordicsauna.com\/pl\/#\/schema\/logo\/image\/","url":"https:\/\/thenordicsauna.com\/wp-content\/uploads\/2025\/04\/TheNordicSauna-logo-white.svg","contentUrl":"https:\/\/thenordicsauna.com\/wp-content\/uploads\/2025\/04\/TheNordicSauna-logo-white.svg","width":203,"height":203,"caption":"TheNordicSauna"},"image":{"@id":"https:\/\/thenordicsauna.com\/pl\/#\/schema\/logo\/image\/"},"sameAs":["https:\/\/www.facebook.com\/TheNordicSauna\/","https:\/\/www.instagram.com\/thenordicsauna"]}]}},"_links":{"self":[{"href":"https:\/\/thenordicsauna.com\/pl\/wp-json\/wp\/v2\/product\/8480","targetHints":{"allow":["GET"]}}],"collection":[{"href":"https:\/\/thenordicsauna.com\/pl\/wp-json\/wp\/v2\/product"}],"about":[{"href":"https:\/\/thenordicsauna.com\/pl\/wp-json\/wp\/v2\/types\/product"}],"version-history":[{"count":1,"href":"https:\/\/thenordicsauna.com\/pl\/wp-json\/wp\/v2\/product\/8480\/revisions"}],"predecessor-version":[{"id":8766,"href":"https:\/\/thenordicsauna.com\/pl\/wp-json\/wp\/v2\/product\/8480\/revisions\/8766"}],"wp:featuredmedia":[{"embeddable":true,"href":"https:\/\/thenordicsauna.com\/pl\/wp-json\/wp\/v2\/media\/8481"}],"wp:attachment":[{"href":"https:\/\/thenordicsauna.com\/pl\/wp-json\/wp\/v2\/media?parent=8480"}],"wp:term":[{"taxonomy":"product_brand","embeddable":true,"href":"https:\/\/thenordicsauna.com\/pl\/wp-json\/wp\/v2\/product_brand?post=8480"},{"taxonomy":"product_cat","embeddable":true,"href":"https:\/\/thenordicsauna.com\/pl\/wp-json\/wp\/v2\/product_cat?post=8480"},{"taxonomy":"product_tag","embeddable":true,"href":"https:\/\/thenordicsauna.com\/pl\/wp-json\/wp\/v2\/product_tag?post=8480"}],"curies":[{"name":"wp","href":"https:\/\/api.w.org\/{rel}","templated":true}]}}