{"id":8508,"date":"2025-05-27T19:26:45","date_gmt":"2025-05-27T19:26:45","guid":{"rendered":"https:\/\/thenordicsauna.com\/shop\/waz-basenowy-8m-o38-mm\/"},"modified":"2025-05-27T19:26:45","modified_gmt":"2025-05-27T19:26:45","slug":"waz-basenowy-8m-o38-mm","status":"publish","type":"product","link":"https:\/\/thenordicsauna.com\/pl\/shop\/waz-basenowy-8m-o38-mm\/","title":{"rendered":"W\u0105\u017c basenowy 8m, \u00d838 mm"},"content":{"rendered":"<p class=\"p1\"><b>W\u0105\u017c basenowy 38 mm &#8211; 9 m (szary)<\/b><b><\/b><\/p>\n<p class=\"p3\">Ten elastyczny, wytrzyma\u0142y w\u0105\u017c jest idealny do \u0142\u0105czenia <span class=\"s1\"><br \/>\n  <b>system\u00f3w filtracji<\/b><br \/>\n<\/span>, <span class=\"s1\"><br \/>\n  <b>pompy ciep\u0142a <\/b><br \/>\n<\/span>i <span class=\"s1\"><br \/>\n  <b>system\u00f3w cyrkulacji<\/b><br \/>\n<\/span> do wanien z hydromasa\u017cem i k\u0105pieli lodowych.<\/p>\n<p class=\"p3\">Standardowa \u015brednica \u00d838 mm oraz wst\u0119pnie uformowane sekcje tulejowe co 1 metr u\u0142atwiaj\u0105 ci\u0119cie i monta\u017c w wi\u0119kszo\u015bci urz\u0105dze\u0144 spa i ch\u0142odziarek.<\/p>\n<p class=\"p1\"><b>Idealny dla:<\/b><b><\/b><\/p>\n<ul>\n<li>\n<p class=\"p1\">Po\u0142\u0105czenia filtra wanny z hydromasa\u017cem i spa<\/p>\n<\/li>\n<li>\n<p class=\"p1\">Systemy cyrkulacji agregat\u00f3w wody lodowej<\/p>\n<\/li>\n<li>\n<p class=\"p1\">Konfiguracje pomp ciep\u0142a i O&#8217;Spa<\/p>\n<\/li>\n<li>\n<p class=\"p1\">Odwadnianie basenu lub transfer wody<\/p>\n<\/li>\n<\/ul>\n<p class=\"p1\"><b>Kluczowe cechy:<\/b><b><\/b><\/p>\n<ul>\n<li>\n<p class=\"p1\">\u015arednica \u00d838 mm \u2013 kompatybilna z wi\u0119kszo\u015bci\u0105 urz\u0105dze\u0144 do wanien z hydromasa\u017cem, k\u0105pieli lodowych i basen\u00f3w.<\/p>\n<\/li>\n<li>Kompatybilny ze wszystkimi systemami filtracji nakr\u0119canymi, a tak\u017ce z <br \/><g id=\"gid_0\">FilterMax <\/g>&#8211; nie ma potrzeby u\u017cywania opasek zaciskowych do pod\u0142\u0105czenia systemu filtracji!<\/li>\n<li>Bardzo wytrzyma\u0142y, gramatura materia\u0142u 190 g\/m\u00b2.<\/li>\n<li>\n<p class=\"p1\">8 metr\u00f3w ca\u0142kowitej d\u0142ugo\u015bci<\/p>\n<\/li>\n<li>\n<p class=\"p1\">Wst\u0119pnie uformowane tuleje co 1 metr &#8211; umo\u017cliwiaj\u0105 czyste, precyzyjne ci\u0119cie<\/p>\n<\/li>\n<li>\n<p class=\"p1\">Wysoka elastyczno\u015b\u0107 &#8211; odporno\u015b\u0107 na skr\u0119canie lub zapadanie si\u0119<\/p>\n<\/li>\n<li>\n<p class=\"p1\">Odporny na promieniowanie UV i chemikalia &#8211; nadaje si\u0119 do instalacji na zewn\u0105trz<\/p>\n<\/li>\n<li>\n<p class=\"p1\">Pasuje do wszystkich standardowych zacisk\u00f3w i z\u0142\u0105czek \u00d838 mm<\/p>\n<\/li>\n<\/ul>\n<p class=\"p1\"><b>Pod\u0142\u0105czanie do z\u0142\u0105czek \u00d832 mm?<\/b><b><\/b><\/p>\n<p class=\"p3\">Dodaj nasz <a href=\"https:\/\/thenordicsauna.com\/shop\/hose-reduction-unit-rubber-32-38-mm\/\" target=\"_blank\" rel=\"noopener\"><br \/>\n  <span class=\"s1\">Gumowy reduktor w\u0119\u017ca \u00d832\/38 mm (2 szt.)<\/span><br \/>\n<\/a> w celu dostosowania tego w\u0119\u017ca do agregat\u00f3w ch\u0142odniczych lub pomp z mniejszymi wlotami.<\/p>\n<p class=\"p1\"><b>Kolor:<\/b><span class=\"s3\"> Szary<\/span><\/p>\n<p class=\"p3\"><span class=\"s1\"><br \/>\n  <b>Materia\u0142<\/b><br \/>\n<\/span>: Elastyczny plastik PE poddany obr\u00f3bce UV<\/p>\n","protected":false},"excerpt":{"rendered":"<p class=\"p1\"><b>FlexiElastyczny w\u0105\u017c basenowy 38 mm \u2013 8 metr\u00f3w<\/b><b><\/b><\/p>\n<ul>\n<li class=\"p2\">Trwa\u0142y i odporny na z\u0142amania w\u0105\u017c do pod\u0142\u0105czania pomp, filtr\u00f3w, wanien z lodem, wanien z hydromasa\u017cem lub ch\u0142odziarek spa.<\/li>\n<li class=\"p2\">Potrzebujesz pod\u0142\u0105czy\u0107 do z\u0142\u0105czek \u00d832 mm? Dodaj nasz <g id=\"gid_0\">zestaw reduktor\u00f3w do w\u0119\u017cy \u00d832\/38 mm.<\/g>\n<\/li>\n<\/ul>\n","protected":false},"featured_media":8509,"template":"","meta":{"_acf_changed":false},"product_brand":[],"product_cat":[127],"product_tag":[],"class_list":{"0":"post-8508","1":"product","2":"type-product","3":"status-publish","4":"has-post-thumbnail","6":"product_cat-kontrola-wody","8":"first","9":"instock","10":"taxable","11":"shipping-taxable","12":"purchasable","13":"product-type-simple"},"acf":[],"yoast_head":"<!-- This site is optimized with the Yoast SEO plugin v26.6 - https:\/\/yoast.com\/wordpress\/plugins\/seo\/ -->\n<title>W\u0105\u017c basenowy 38 mm - do wanien z hydromasa\u017cem, wanien z lodem i filtr\u00f3w | TheNordicSauna<\/title>\n<meta name=\"description\" content=\"Wytrzyma\u0142y w\u0105\u017c elastyczny 38 mm do wanien z hydromasa\u017cem, wanien z lodem, pomp i filtr\u00f3w. D\u0142ugo\u015b\u0107 9 m, mo\u017cliwo\u015b\u0107 ci\u0119cia, odporno\u015b\u0107 na promieniowanie UV. Pasuje do \u00d838 mm lub \u00d832 mm z reduktorem.\" \/>\n<meta name=\"robots\" content=\"index, follow, max-snippet:-1, max-image-preview:large, max-video-preview:-1\" \/>\n<link rel=\"canonical\" href=\"https:\/\/thenordicsauna.com\/pl\/shop\/waz-basenowy-8m-o38-mm\/\" \/>\n<meta property=\"og:locale\" content=\"pl_PL\" \/>\n<meta property=\"og:type\" content=\"article\" \/>\n<meta property=\"og:title\" content=\"W\u0105\u017c basenowy 38 mm - do wanien z hydromasa\u017cem, wanien z lodem i filtr\u00f3w | TheNordicSauna\" \/>\n<meta property=\"og:description\" content=\"Wytrzyma\u0142y w\u0105\u017c elastyczny 38 mm do wanien z hydromasa\u017cem, wanien z lodem, pomp i filtr\u00f3w. D\u0142ugo\u015b\u0107 9 m, mo\u017cliwo\u015b\u0107 ci\u0119cia, odporno\u015b\u0107 na promieniowanie UV. Pasuje do \u00d838 mm lub \u00d832 mm z reduktorem.\" \/>\n<meta property=\"og:url\" content=\"https:\/\/thenordicsauna.com\/pl\/shop\/waz-basenowy-8m-o38-mm\/\" \/>\n<meta property=\"og:site_name\" content=\"TheNordicSauna\" \/>\n<meta property=\"article:publisher\" content=\"https:\/\/www.facebook.com\/TheNordicSauna\/\" \/>\n<meta property=\"og:image\" content=\"https:\/\/thenordicsauna.com\/wp-content\/uploads\/2025\/05\/Universal-replacement-hose-8m-sectionable-O38mm-2-scaled.jpg\" \/>\n\t<meta property=\"og:image:width\" content=\"2560\" \/>\n\t<meta property=\"og:image:height\" content=\"1707\" \/>\n\t<meta property=\"og:image:type\" content=\"image\/jpeg\" \/>\n<meta name=\"twitter:card\" content=\"summary_large_image\" \/>\n<meta name=\"twitter:label1\" content=\"Szacowany czas czytania\" \/>\n\t<meta name=\"twitter:data1\" content=\"1 minuta\" \/>\n<script type=\"application\/ld+json\" class=\"yoast-schema-graph\">{\"@context\":\"https:\/\/schema.org\",\"@graph\":[{\"@type\":\"WebPage\",\"@id\":\"https:\/\/thenordicsauna.com\/pl\/shop\/waz-basenowy-8m-o38-mm\/\",\"url\":\"https:\/\/thenordicsauna.com\/pl\/shop\/waz-basenowy-8m-o38-mm\/\",\"name\":\"W\u0105\u017c basenowy 38 mm - do wanien z hydromasa\u017cem, wanien z lodem i filtr\u00f3w | TheNordicSauna\",\"isPartOf\":{\"@id\":\"https:\/\/thenordicsauna.com\/pl\/#website\"},\"primaryImageOfPage\":{\"@id\":\"https:\/\/thenordicsauna.com\/pl\/shop\/waz-basenowy-8m-o38-mm\/#primaryimage\"},\"image\":{\"@id\":\"https:\/\/thenordicsauna.com\/pl\/shop\/waz-basenowy-8m-o38-mm\/#primaryimage\"},\"thumbnailUrl\":\"https:\/\/thenordicsauna.com\/wp-content\/uploads\/2025\/05\/Universal-replacement-hose-8m-sectionable-O38mm-2-scaled.jpg\",\"datePublished\":\"2025-05-27T19:26:45+00:00\",\"description\":\"Wytrzyma\u0142y w\u0105\u017c elastyczny 38 mm do wanien z hydromasa\u017cem, wanien z lodem, pomp i filtr\u00f3w. D\u0142ugo\u015b\u0107 9 m, mo\u017cliwo\u015b\u0107 ci\u0119cia, odporno\u015b\u0107 na promieniowanie UV. Pasuje do \u00d838 mm lub \u00d832 mm z reduktorem.\",\"breadcrumb\":{\"@id\":\"https:\/\/thenordicsauna.com\/pl\/shop\/waz-basenowy-8m-o38-mm\/#breadcrumb\"},\"inLanguage\":\"pl-PL\",\"potentialAction\":[{\"@type\":\"ReadAction\",\"target\":[\"https:\/\/thenordicsauna.com\/pl\/shop\/waz-basenowy-8m-o38-mm\/\"]}]},{\"@type\":\"ImageObject\",\"inLanguage\":\"pl-PL\",\"@id\":\"https:\/\/thenordicsauna.com\/pl\/shop\/waz-basenowy-8m-o38-mm\/#primaryimage\",\"url\":\"https:\/\/thenordicsauna.com\/wp-content\/uploads\/2025\/05\/Universal-replacement-hose-8m-sectionable-O38mm-2-scaled.jpg\",\"contentUrl\":\"https:\/\/thenordicsauna.com\/wp-content\/uploads\/2025\/05\/Universal-replacement-hose-8m-sectionable-O38mm-2-scaled.jpg\",\"width\":2560,\"height\":1707,\"caption\":\"W\u0105\u017c \u00d838mm do k\u0105pieli lodowej w wannie z hydromasa\u017cem\"},{\"@type\":\"BreadcrumbList\",\"@id\":\"https:\/\/thenordicsauna.com\/pl\/shop\/waz-basenowy-8m-o38-mm\/#breadcrumb\",\"itemListElement\":[{\"@type\":\"ListItem\",\"position\":1,\"name\":\"Home\",\"item\":\"https:\/\/thenordicsauna.com\/pl\/strona-glowna\/\"},{\"@type\":\"ListItem\",\"position\":2,\"name\":\"Sklep\",\"item\":\"https:\/\/thenordicsauna.com\/shop\/\"},{\"@type\":\"ListItem\",\"position\":3,\"name\":\"Ogrzewanie, ch\u0142odzenie i filtracja\",\"item\":\"https:\/\/thenordicsauna.com\/pl\/kategoria-produktu\/kontrola-wody\/\"},{\"@type\":\"ListItem\",\"position\":4,\"name\":\"W\u0105\u017c basenowy 8m, \u00d838 mm\"}]},{\"@type\":\"WebSite\",\"@id\":\"https:\/\/thenordicsauna.com\/pl\/#website\",\"url\":\"https:\/\/thenordicsauna.com\/pl\/\",\"name\":\"TheNordicSauna\",\"description\":\"Ultimate Outdoor SPA experience\",\"publisher\":{\"@id\":\"https:\/\/thenordicsauna.com\/pl\/#organization\"},\"alternateName\":\"TNS\",\"potentialAction\":[{\"@type\":\"SearchAction\",\"target\":{\"@type\":\"EntryPoint\",\"urlTemplate\":\"https:\/\/thenordicsauna.com\/pl\/?s={search_term_string}\"},\"query-input\":{\"@type\":\"PropertyValueSpecification\",\"valueRequired\":true,\"valueName\":\"search_term_string\"}}],\"inLanguage\":\"pl-PL\"},{\"@type\":\"Organization\",\"@id\":\"https:\/\/thenordicsauna.com\/pl\/#organization\",\"name\":\"TheNordicSauna\",\"alternateName\":\"TNS\",\"url\":\"https:\/\/thenordicsauna.com\/pl\/\",\"logo\":{\"@type\":\"ImageObject\",\"inLanguage\":\"pl-PL\",\"@id\":\"https:\/\/thenordicsauna.com\/pl\/#\/schema\/logo\/image\/\",\"url\":\"https:\/\/thenordicsauna.com\/wp-content\/uploads\/2025\/04\/TheNordicSauna-logo-white.svg\",\"contentUrl\":\"https:\/\/thenordicsauna.com\/wp-content\/uploads\/2025\/04\/TheNordicSauna-logo-white.svg\",\"width\":203,\"height\":203,\"caption\":\"TheNordicSauna\"},\"image\":{\"@id\":\"https:\/\/thenordicsauna.com\/pl\/#\/schema\/logo\/image\/\"},\"sameAs\":[\"https:\/\/www.facebook.com\/TheNordicSauna\/\",\"https:\/\/www.instagram.com\/thenordicsauna\"]}]}<\/script>\n<!-- \/ Yoast SEO plugin. -->","yoast_head_json":{"title":"W\u0105\u017c basenowy 38 mm - do wanien z hydromasa\u017cem, wanien z lodem i filtr\u00f3w | TheNordicSauna","description":"Wytrzyma\u0142y w\u0105\u017c elastyczny 38 mm do wanien z hydromasa\u017cem, wanien z lodem, pomp i filtr\u00f3w. D\u0142ugo\u015b\u0107 9 m, mo\u017cliwo\u015b\u0107 ci\u0119cia, odporno\u015b\u0107 na promieniowanie UV. Pasuje do \u00d838 mm lub \u00d832 mm z reduktorem.","robots":{"index":"index","follow":"follow","max-snippet":"max-snippet:-1","max-image-preview":"max-image-preview:large","max-video-preview":"max-video-preview:-1"},"canonical":"https:\/\/thenordicsauna.com\/pl\/shop\/waz-basenowy-8m-o38-mm\/","og_locale":"pl_PL","og_type":"article","og_title":"W\u0105\u017c basenowy 38 mm - do wanien z hydromasa\u017cem, wanien z lodem i filtr\u00f3w | TheNordicSauna","og_description":"Wytrzyma\u0142y w\u0105\u017c elastyczny 38 mm do wanien z hydromasa\u017cem, wanien z lodem, pomp i filtr\u00f3w. D\u0142ugo\u015b\u0107 9 m, mo\u017cliwo\u015b\u0107 ci\u0119cia, odporno\u015b\u0107 na promieniowanie UV. Pasuje do \u00d838 mm lub \u00d832 mm z reduktorem.","og_url":"https:\/\/thenordicsauna.com\/pl\/shop\/waz-basenowy-8m-o38-mm\/","og_site_name":"TheNordicSauna","article_publisher":"https:\/\/www.facebook.com\/TheNordicSauna\/","og_image":[{"width":2560,"height":1707,"url":"https:\/\/thenordicsauna.com\/wp-content\/uploads\/2025\/05\/Universal-replacement-hose-8m-sectionable-O38mm-2-scaled.jpg","type":"image\/jpeg"}],"twitter_card":"summary_large_image","twitter_misc":{"Szacowany czas czytania":"1 minuta"},"schema":{"@context":"https:\/\/schema.org","@graph":[{"@type":"WebPage","@id":"https:\/\/thenordicsauna.com\/pl\/shop\/waz-basenowy-8m-o38-mm\/","url":"https:\/\/thenordicsauna.com\/pl\/shop\/waz-basenowy-8m-o38-mm\/","name":"W\u0105\u017c basenowy 38 mm - do wanien z hydromasa\u017cem, wanien z lodem i filtr\u00f3w | TheNordicSauna","isPartOf":{"@id":"https:\/\/thenordicsauna.com\/pl\/#website"},"primaryImageOfPage":{"@id":"https:\/\/thenordicsauna.com\/pl\/shop\/waz-basenowy-8m-o38-mm\/#primaryimage"},"image":{"@id":"https:\/\/thenordicsauna.com\/pl\/shop\/waz-basenowy-8m-o38-mm\/#primaryimage"},"thumbnailUrl":"https:\/\/thenordicsauna.com\/wp-content\/uploads\/2025\/05\/Universal-replacement-hose-8m-sectionable-O38mm-2-scaled.jpg","datePublished":"2025-05-27T19:26:45+00:00","description":"Wytrzyma\u0142y w\u0105\u017c elastyczny 38 mm do wanien z hydromasa\u017cem, wanien z lodem, pomp i filtr\u00f3w. D\u0142ugo\u015b\u0107 9 m, mo\u017cliwo\u015b\u0107 ci\u0119cia, odporno\u015b\u0107 na promieniowanie UV. Pasuje do \u00d838 mm lub \u00d832 mm z reduktorem.","breadcrumb":{"@id":"https:\/\/thenordicsauna.com\/pl\/shop\/waz-basenowy-8m-o38-mm\/#breadcrumb"},"inLanguage":"pl-PL","potentialAction":[{"@type":"ReadAction","target":["https:\/\/thenordicsauna.com\/pl\/shop\/waz-basenowy-8m-o38-mm\/"]}]},{"@type":"ImageObject","inLanguage":"pl-PL","@id":"https:\/\/thenordicsauna.com\/pl\/shop\/waz-basenowy-8m-o38-mm\/#primaryimage","url":"https:\/\/thenordicsauna.com\/wp-content\/uploads\/2025\/05\/Universal-replacement-hose-8m-sectionable-O38mm-2-scaled.jpg","contentUrl":"https:\/\/thenordicsauna.com\/wp-content\/uploads\/2025\/05\/Universal-replacement-hose-8m-sectionable-O38mm-2-scaled.jpg","width":2560,"height":1707,"caption":"W\u0105\u017c \u00d838mm do k\u0105pieli lodowej w wannie z hydromasa\u017cem"},{"@type":"BreadcrumbList","@id":"https:\/\/thenordicsauna.com\/pl\/shop\/waz-basenowy-8m-o38-mm\/#breadcrumb","itemListElement":[{"@type":"ListItem","position":1,"name":"Home","item":"https:\/\/thenordicsauna.com\/pl\/strona-glowna\/"},{"@type":"ListItem","position":2,"name":"Sklep","item":"https:\/\/thenordicsauna.com\/shop\/"},{"@type":"ListItem","position":3,"name":"Ogrzewanie, ch\u0142odzenie i filtracja","item":"https:\/\/thenordicsauna.com\/pl\/kategoria-produktu\/kontrola-wody\/"},{"@type":"ListItem","position":4,"name":"W\u0105\u017c basenowy 8m, \u00d838 mm"}]},{"@type":"WebSite","@id":"https:\/\/thenordicsauna.com\/pl\/#website","url":"https:\/\/thenordicsauna.com\/pl\/","name":"TheNordicSauna","description":"Ultimate Outdoor SPA experience","publisher":{"@id":"https:\/\/thenordicsauna.com\/pl\/#organization"},"alternateName":"TNS","potentialAction":[{"@type":"SearchAction","target":{"@type":"EntryPoint","urlTemplate":"https:\/\/thenordicsauna.com\/pl\/?s={search_term_string}"},"query-input":{"@type":"PropertyValueSpecification","valueRequired":true,"valueName":"search_term_string"}}],"inLanguage":"pl-PL"},{"@type":"Organization","@id":"https:\/\/thenordicsauna.com\/pl\/#organization","name":"TheNordicSauna","alternateName":"TNS","url":"https:\/\/thenordicsauna.com\/pl\/","logo":{"@type":"ImageObject","inLanguage":"pl-PL","@id":"https:\/\/thenordicsauna.com\/pl\/#\/schema\/logo\/image\/","url":"https:\/\/thenordicsauna.com\/wp-content\/uploads\/2025\/04\/TheNordicSauna-logo-white.svg","contentUrl":"https:\/\/thenordicsauna.com\/wp-content\/uploads\/2025\/04\/TheNordicSauna-logo-white.svg","width":203,"height":203,"caption":"TheNordicSauna"},"image":{"@id":"https:\/\/thenordicsauna.com\/pl\/#\/schema\/logo\/image\/"},"sameAs":["https:\/\/www.facebook.com\/TheNordicSauna\/","https:\/\/www.instagram.com\/thenordicsauna"]}]}},"_links":{"self":[{"href":"https:\/\/thenordicsauna.com\/pl\/wp-json\/wp\/v2\/product\/8508","targetHints":{"allow":["GET"]}}],"collection":[{"href":"https:\/\/thenordicsauna.com\/pl\/wp-json\/wp\/v2\/product"}],"about":[{"href":"https:\/\/thenordicsauna.com\/pl\/wp-json\/wp\/v2\/types\/product"}],"version-history":[{"count":0,"href":"https:\/\/thenordicsauna.com\/pl\/wp-json\/wp\/v2\/product\/8508\/revisions"}],"wp:featuredmedia":[{"embeddable":true,"href":"https:\/\/thenordicsauna.com\/pl\/wp-json\/wp\/v2\/media\/8509"}],"wp:attachment":[{"href":"https:\/\/thenordicsauna.com\/pl\/wp-json\/wp\/v2\/media?parent=8508"}],"wp:term":[{"taxonomy":"product_brand","embeddable":true,"href":"https:\/\/thenordicsauna.com\/pl\/wp-json\/wp\/v2\/product_brand?post=8508"},{"taxonomy":"product_cat","embeddable":true,"href":"https:\/\/thenordicsauna.com\/pl\/wp-json\/wp\/v2\/product_cat?post=8508"},{"taxonomy":"product_tag","embeddable":true,"href":"https:\/\/thenordicsauna.com\/pl\/wp-json\/wp\/v2\/product_tag?post=8508"}],"curies":[{"name":"wp","href":"https:\/\/api.w.org\/{rel}","templated":true}]}}