{"id":8513,"date":"2025-04-26T00:47:07","date_gmt":"2025-04-26T00:47:07","guid":{"rendered":"https:\/\/thenordicsauna.com\/shop\/izolowana-oslona-wanny-z-hydromasazem\/"},"modified":"2025-04-26T00:47:07","modified_gmt":"2025-04-26T00:47:07","slug":"izolowana-oslona-wanny-z-hydromasazem","status":"publish","type":"product","link":"https:\/\/thenordicsauna.com\/pl\/shop\/izolowana-oslona-wanny-z-hydromasazem\/","title":{"rendered":"Izolowana os\u0142ona wanny z hydromasa\u017cem"},"content":{"rendered":"","protected":false},"excerpt":{"rendered":"<ul>\n<li>Zmniejszenie zu\u017cycia energii i d\u0142u\u017csze utrzymanie ciep\u0142a wody.<\/li>\n<li>Doskonale nadaje si\u0119 do ca\u0142orocznego stosowania, chroni wann\u0119 z hydromasa\u017cem przed zanieczyszczeniami, deszczem i \u015bniegiem, utrzymuj\u0105c jednocze\u015bnie jej optymaln\u0105 temperatur\u0119.<\/li>\n<li>Lekka, a jednocze\u015bnie wytrzyma\u0142a, \u0142atwa w obs\u0142udze i trwa\u0142a.<\/li>\n<li>\u015arednica 200 cm, idealnie pasuje do naszej<br \/>\n  <a href=\"https:\/\/www.thenordicsauna.com\/hot-tub\/nordicsix\/\">wanny z hydromasa\u017cem NordicSix<\/a>\n<\/li>\n<\/ul>\n","protected":false},"featured_media":6177,"template":"","meta":{"_acf_changed":false},"product_brand":[],"product_cat":[128,131],"product_tag":[],"class_list":{"0":"post-8513","1":"product","2":"type-product","3":"status-publish","4":"has-post-thumbnail","6":"product_cat-akcesoria-do-balii-do-kapieli","7":"product_cat-akcesoria-nordicsix","9":"first","10":"instock","11":"purchasable","12":"product-type-simple"},"acf":[],"yoast_head":"<!-- This site is optimized with the Yoast SEO plugin v26.6 - https:\/\/yoast.com\/wordpress\/plugins\/seo\/ -->\n<title>Izolowana os\u0142ona wanny z hydromasa\u017cem | TheNordicSauna<\/title>\n<meta name=\"description\" content=\"Ulepsz swoje doznania podczas korzystania z jacuzzi dzi\u0119ki naszej najwy\u017cszej jako\u015bci izolowanej os\u0142onie, kt\u00f3ra zatrzymuje ciep\u0142o i chroni wann\u0119 przed czynnikami atmosferycznymi.\" \/>\n<meta name=\"robots\" content=\"index, follow, max-snippet:-1, max-image-preview:large, max-video-preview:-1\" \/>\n<link rel=\"canonical\" href=\"https:\/\/thenordicsauna.com\/pl\/shop\/izolowana-oslona-wanny-z-hydromasazem\/\" \/>\n<meta property=\"og:locale\" content=\"pl_PL\" \/>\n<meta property=\"og:type\" content=\"article\" \/>\n<meta property=\"og:title\" content=\"Izolowana os\u0142ona wanny z hydromasa\u017cem | TheNordicSauna\" \/>\n<meta property=\"og:description\" content=\"Ulepsz swoje doznania podczas korzystania z jacuzzi dzi\u0119ki naszej najwy\u017cszej jako\u015bci izolowanej os\u0142onie, kt\u00f3ra zatrzymuje ciep\u0142o i chroni wann\u0119 przed czynnikami atmosferycznymi.\" \/>\n<meta property=\"og:url\" content=\"https:\/\/thenordicsauna.com\/pl\/shop\/izolowana-oslona-wanny-z-hydromasazem\/\" \/>\n<meta property=\"og:site_name\" content=\"TheNordicSauna\" \/>\n<meta property=\"article:publisher\" content=\"https:\/\/www.facebook.com\/TheNordicSauna\/\" \/>\n<meta property=\"og:image\" content=\"https:\/\/thenordicsauna.com\/wp-content\/uploads\/2025\/04\/kate-1-e1730987271907.jpg\" \/>\n\t<meta property=\"og:image:width\" content=\"800\" \/>\n\t<meta property=\"og:image:height\" content=\"450\" \/>\n\t<meta property=\"og:image:type\" content=\"image\/jpeg\" \/>\n<meta name=\"twitter:card\" content=\"summary_large_image\" \/>\n<script type=\"application\/ld+json\" class=\"yoast-schema-graph\">{\"@context\":\"https:\/\/schema.org\",\"@graph\":[{\"@type\":\"WebPage\",\"@id\":\"https:\/\/thenordicsauna.com\/pl\/shop\/izolowana-oslona-wanny-z-hydromasazem\/\",\"url\":\"https:\/\/thenordicsauna.com\/pl\/shop\/izolowana-oslona-wanny-z-hydromasazem\/\",\"name\":\"Izolowana os\u0142ona wanny z hydromasa\u017cem | TheNordicSauna\",\"isPartOf\":{\"@id\":\"https:\/\/thenordicsauna.com\/pl\/#website\"},\"primaryImageOfPage\":{\"@id\":\"https:\/\/thenordicsauna.com\/pl\/shop\/izolowana-oslona-wanny-z-hydromasazem\/#primaryimage\"},\"image\":{\"@id\":\"https:\/\/thenordicsauna.com\/pl\/shop\/izolowana-oslona-wanny-z-hydromasazem\/#primaryimage\"},\"thumbnailUrl\":\"https:\/\/thenordicsauna.com\/wp-content\/uploads\/2025\/04\/kate-1-e1730987271907.jpg\",\"datePublished\":\"2025-04-26T00:47:07+00:00\",\"description\":\"Ulepsz swoje doznania podczas korzystania z jacuzzi dzi\u0119ki naszej najwy\u017cszej jako\u015bci izolowanej os\u0142onie, kt\u00f3ra zatrzymuje ciep\u0142o i chroni wann\u0119 przed czynnikami atmosferycznymi.\",\"breadcrumb\":{\"@id\":\"https:\/\/thenordicsauna.com\/pl\/shop\/izolowana-oslona-wanny-z-hydromasazem\/#breadcrumb\"},\"inLanguage\":\"pl-PL\",\"potentialAction\":[{\"@type\":\"ReadAction\",\"target\":[\"https:\/\/thenordicsauna.com\/pl\/shop\/izolowana-oslona-wanny-z-hydromasazem\/\"]}]},{\"@type\":\"ImageObject\",\"inLanguage\":\"pl-PL\",\"@id\":\"https:\/\/thenordicsauna.com\/pl\/shop\/izolowana-oslona-wanny-z-hydromasazem\/#primaryimage\",\"url\":\"https:\/\/thenordicsauna.com\/wp-content\/uploads\/2025\/04\/kate-1-e1730987271907.jpg\",\"contentUrl\":\"https:\/\/thenordicsauna.com\/wp-content\/uploads\/2025\/04\/kate-1-e1730987271907.jpg\",\"width\":800,\"height\":450,\"caption\":\"Izolowana os\u0142ona wanny z hydromasa\u017cem\"},{\"@type\":\"BreadcrumbList\",\"@id\":\"https:\/\/thenordicsauna.com\/pl\/shop\/izolowana-oslona-wanny-z-hydromasazem\/#breadcrumb\",\"itemListElement\":[{\"@type\":\"ListItem\",\"position\":1,\"name\":\"Home\",\"item\":\"https:\/\/thenordicsauna.com\/pl\/strona-glowna\/\"},{\"@type\":\"ListItem\",\"position\":2,\"name\":\"Sklep\",\"item\":\"https:\/\/thenordicsauna.com\/shop\/\"},{\"@type\":\"ListItem\",\"position\":3,\"name\":\"Akcesoria do balii do k\u0105pieli\",\"item\":\"https:\/\/thenordicsauna.com\/pl\/kategoria-produktu\/akcesoria-do-balii-do-kapieli\/\"},{\"@type\":\"ListItem\",\"position\":4,\"name\":\"Izolowana os\u0142ona wanny z hydromasa\u017cem\"}]},{\"@type\":\"WebSite\",\"@id\":\"https:\/\/thenordicsauna.com\/pl\/#website\",\"url\":\"https:\/\/thenordicsauna.com\/pl\/\",\"name\":\"TheNordicSauna\",\"description\":\"Ultimate Outdoor SPA experience\",\"publisher\":{\"@id\":\"https:\/\/thenordicsauna.com\/pl\/#organization\"},\"alternateName\":\"TNS\",\"potentialAction\":[{\"@type\":\"SearchAction\",\"target\":{\"@type\":\"EntryPoint\",\"urlTemplate\":\"https:\/\/thenordicsauna.com\/pl\/?s={search_term_string}\"},\"query-input\":{\"@type\":\"PropertyValueSpecification\",\"valueRequired\":true,\"valueName\":\"search_term_string\"}}],\"inLanguage\":\"pl-PL\"},{\"@type\":\"Organization\",\"@id\":\"https:\/\/thenordicsauna.com\/pl\/#organization\",\"name\":\"TheNordicSauna\",\"alternateName\":\"TNS\",\"url\":\"https:\/\/thenordicsauna.com\/pl\/\",\"logo\":{\"@type\":\"ImageObject\",\"inLanguage\":\"pl-PL\",\"@id\":\"https:\/\/thenordicsauna.com\/pl\/#\/schema\/logo\/image\/\",\"url\":\"https:\/\/thenordicsauna.com\/wp-content\/uploads\/2025\/04\/TheNordicSauna-logo-white.svg\",\"contentUrl\":\"https:\/\/thenordicsauna.com\/wp-content\/uploads\/2025\/04\/TheNordicSauna-logo-white.svg\",\"width\":203,\"height\":203,\"caption\":\"TheNordicSauna\"},\"image\":{\"@id\":\"https:\/\/thenordicsauna.com\/pl\/#\/schema\/logo\/image\/\"},\"sameAs\":[\"https:\/\/www.facebook.com\/TheNordicSauna\/\",\"https:\/\/www.instagram.com\/thenordicsauna\"]}]}<\/script>\n<!-- \/ Yoast SEO plugin. -->","yoast_head_json":{"title":"Izolowana os\u0142ona wanny z hydromasa\u017cem | TheNordicSauna","description":"Ulepsz swoje doznania podczas korzystania z jacuzzi dzi\u0119ki naszej najwy\u017cszej jako\u015bci izolowanej os\u0142onie, kt\u00f3ra zatrzymuje ciep\u0142o i chroni wann\u0119 przed czynnikami atmosferycznymi.","robots":{"index":"index","follow":"follow","max-snippet":"max-snippet:-1","max-image-preview":"max-image-preview:large","max-video-preview":"max-video-preview:-1"},"canonical":"https:\/\/thenordicsauna.com\/pl\/shop\/izolowana-oslona-wanny-z-hydromasazem\/","og_locale":"pl_PL","og_type":"article","og_title":"Izolowana os\u0142ona wanny z hydromasa\u017cem | TheNordicSauna","og_description":"Ulepsz swoje doznania podczas korzystania z jacuzzi dzi\u0119ki naszej najwy\u017cszej jako\u015bci izolowanej os\u0142onie, kt\u00f3ra zatrzymuje ciep\u0142o i chroni wann\u0119 przed czynnikami atmosferycznymi.","og_url":"https:\/\/thenordicsauna.com\/pl\/shop\/izolowana-oslona-wanny-z-hydromasazem\/","og_site_name":"TheNordicSauna","article_publisher":"https:\/\/www.facebook.com\/TheNordicSauna\/","og_image":[{"width":800,"height":450,"url":"https:\/\/thenordicsauna.com\/wp-content\/uploads\/2025\/04\/kate-1-e1730987271907.jpg","type":"image\/jpeg"}],"twitter_card":"summary_large_image","schema":{"@context":"https:\/\/schema.org","@graph":[{"@type":"WebPage","@id":"https:\/\/thenordicsauna.com\/pl\/shop\/izolowana-oslona-wanny-z-hydromasazem\/","url":"https:\/\/thenordicsauna.com\/pl\/shop\/izolowana-oslona-wanny-z-hydromasazem\/","name":"Izolowana os\u0142ona wanny z hydromasa\u017cem | TheNordicSauna","isPartOf":{"@id":"https:\/\/thenordicsauna.com\/pl\/#website"},"primaryImageOfPage":{"@id":"https:\/\/thenordicsauna.com\/pl\/shop\/izolowana-oslona-wanny-z-hydromasazem\/#primaryimage"},"image":{"@id":"https:\/\/thenordicsauna.com\/pl\/shop\/izolowana-oslona-wanny-z-hydromasazem\/#primaryimage"},"thumbnailUrl":"https:\/\/thenordicsauna.com\/wp-content\/uploads\/2025\/04\/kate-1-e1730987271907.jpg","datePublished":"2025-04-26T00:47:07+00:00","description":"Ulepsz swoje doznania podczas korzystania z jacuzzi dzi\u0119ki naszej najwy\u017cszej jako\u015bci izolowanej os\u0142onie, kt\u00f3ra zatrzymuje ciep\u0142o i chroni wann\u0119 przed czynnikami atmosferycznymi.","breadcrumb":{"@id":"https:\/\/thenordicsauna.com\/pl\/shop\/izolowana-oslona-wanny-z-hydromasazem\/#breadcrumb"},"inLanguage":"pl-PL","potentialAction":[{"@type":"ReadAction","target":["https:\/\/thenordicsauna.com\/pl\/shop\/izolowana-oslona-wanny-z-hydromasazem\/"]}]},{"@type":"ImageObject","inLanguage":"pl-PL","@id":"https:\/\/thenordicsauna.com\/pl\/shop\/izolowana-oslona-wanny-z-hydromasazem\/#primaryimage","url":"https:\/\/thenordicsauna.com\/wp-content\/uploads\/2025\/04\/kate-1-e1730987271907.jpg","contentUrl":"https:\/\/thenordicsauna.com\/wp-content\/uploads\/2025\/04\/kate-1-e1730987271907.jpg","width":800,"height":450,"caption":"Izolowana os\u0142ona wanny z hydromasa\u017cem"},{"@type":"BreadcrumbList","@id":"https:\/\/thenordicsauna.com\/pl\/shop\/izolowana-oslona-wanny-z-hydromasazem\/#breadcrumb","itemListElement":[{"@type":"ListItem","position":1,"name":"Home","item":"https:\/\/thenordicsauna.com\/pl\/strona-glowna\/"},{"@type":"ListItem","position":2,"name":"Sklep","item":"https:\/\/thenordicsauna.com\/shop\/"},{"@type":"ListItem","position":3,"name":"Akcesoria do balii do k\u0105pieli","item":"https:\/\/thenordicsauna.com\/pl\/kategoria-produktu\/akcesoria-do-balii-do-kapieli\/"},{"@type":"ListItem","position":4,"name":"Izolowana os\u0142ona wanny z hydromasa\u017cem"}]},{"@type":"WebSite","@id":"https:\/\/thenordicsauna.com\/pl\/#website","url":"https:\/\/thenordicsauna.com\/pl\/","name":"TheNordicSauna","description":"Ultimate Outdoor SPA experience","publisher":{"@id":"https:\/\/thenordicsauna.com\/pl\/#organization"},"alternateName":"TNS","potentialAction":[{"@type":"SearchAction","target":{"@type":"EntryPoint","urlTemplate":"https:\/\/thenordicsauna.com\/pl\/?s={search_term_string}"},"query-input":{"@type":"PropertyValueSpecification","valueRequired":true,"valueName":"search_term_string"}}],"inLanguage":"pl-PL"},{"@type":"Organization","@id":"https:\/\/thenordicsauna.com\/pl\/#organization","name":"TheNordicSauna","alternateName":"TNS","url":"https:\/\/thenordicsauna.com\/pl\/","logo":{"@type":"ImageObject","inLanguage":"pl-PL","@id":"https:\/\/thenordicsauna.com\/pl\/#\/schema\/logo\/image\/","url":"https:\/\/thenordicsauna.com\/wp-content\/uploads\/2025\/04\/TheNordicSauna-logo-white.svg","contentUrl":"https:\/\/thenordicsauna.com\/wp-content\/uploads\/2025\/04\/TheNordicSauna-logo-white.svg","width":203,"height":203,"caption":"TheNordicSauna"},"image":{"@id":"https:\/\/thenordicsauna.com\/pl\/#\/schema\/logo\/image\/"},"sameAs":["https:\/\/www.facebook.com\/TheNordicSauna\/","https:\/\/www.instagram.com\/thenordicsauna"]}]}},"_links":{"self":[{"href":"https:\/\/thenordicsauna.com\/pl\/wp-json\/wp\/v2\/product\/8513","targetHints":{"allow":["GET"]}}],"collection":[{"href":"https:\/\/thenordicsauna.com\/pl\/wp-json\/wp\/v2\/product"}],"about":[{"href":"https:\/\/thenordicsauna.com\/pl\/wp-json\/wp\/v2\/types\/product"}],"version-history":[{"count":0,"href":"https:\/\/thenordicsauna.com\/pl\/wp-json\/wp\/v2\/product\/8513\/revisions"}],"wp:featuredmedia":[{"embeddable":true,"href":"https:\/\/thenordicsauna.com\/pl\/wp-json\/wp\/v2\/media\/6177"}],"wp:attachment":[{"href":"https:\/\/thenordicsauna.com\/pl\/wp-json\/wp\/v2\/media?parent=8513"}],"wp:term":[{"taxonomy":"product_brand","embeddable":true,"href":"https:\/\/thenordicsauna.com\/pl\/wp-json\/wp\/v2\/product_brand?post=8513"},{"taxonomy":"product_cat","embeddable":true,"href":"https:\/\/thenordicsauna.com\/pl\/wp-json\/wp\/v2\/product_cat?post=8513"},{"taxonomy":"product_tag","embeddable":true,"href":"https:\/\/thenordicsauna.com\/pl\/wp-json\/wp\/v2\/product_tag?post=8513"}],"curies":[{"name":"wp","href":"https:\/\/api.w.org\/{rel}","templated":true}]}}