{"id":8632,"date":"2025-05-27T18:24:46","date_gmt":"2025-05-27T18:24:46","guid":{"rendered":"https:\/\/thenordicsauna.com\/shop\/filtermax-filtr-wody-do-wanny-z-hydromasazem-i-kapieli-lodowej\/"},"modified":"2025-10-06T18:35:33","modified_gmt":"2025-10-06T18:35:33","slug":"filtermax-filtr-wody-do-wanny-z-hydromasazem-i-kapieli-lodowej","status":"publish","type":"product","link":"https:\/\/thenordicsauna.com\/pl\/shop\/filtermax-filtr-wody-do-wanny-z-hydromasazem-i-kapieli-lodowej\/","title":{"rendered":"FilterMax &#8211; Filtr wody do wanny z hydromasa\u017cem i k\u0105pieli lodowej"},"content":{"rendered":"<p class=\"p1\"><b>FilterMax &#8211; nowy standard filtracji wody w wannach z hydromasa\u017cem i \u0142a\u017aniach lodowych<\/b><b><\/b><\/p>\n<p class=\"p3\">Po wielu latach pracy z r\u00f3\u017cnymi systemami filtracji zar\u00f3wno w prywatnych, jak i wynajmowanych wannach z hydromasa\u017cem, natkn\u0119li\u015bmy si\u0119 na wszystkie typowe frustracje: kr\u00f3tkie przewody zasilaj\u0105ce, brak wy\u0142\u0105cznik\u00f3w bezpiecze\u0144stwa, niechlujna obs\u0142uga piasku lub wacik\u00f3w, brak filtracji wst\u0119pnej i filtry wymagaj\u0105ce narz\u0119dzi do czyszczenia.<\/p>\n<p class=\"p3\">FilterMax to pierwszy system, jaki widzieli\u015bmy, kt\u00f3ry faktycznie rozwi\u0105zuje wszystkie te problemy w jednej kompaktowej i przyjaznej dla u\u017cytkownika konstrukcji.<\/p>\n<p class=\"p3\">W przeciwie\u0144stwie do tradycyjnych filtr\u00f3w piaskowych, FilterMax wykorzystuje nadaj\u0105ce si\u0119 do prania bawe\u0142niane kulki filtracyjne &#8211; wielokrotnego u\u017cytku, higieniczne i \u0142atwe w utrzymaniu. Bez nabierania, bez pozosta\u0142o\u015bci chemicznych, bez skomplikowanego demonta\u017cu. <\/p>\n<p class=\"p1\"><b>Co wyr\u00f3\u017cnia FilterMax:<\/b><b><\/b><\/p>\n<ul>\n<li> <strong> Bardzo dok\u0142adna filtracja<\/strong> &#8211; filtruje cz\u0105steczki o wielko\u015bci do 3 mikron\u00f3w (czyli zaledwie 0,003 mm), usuwaj\u0105c oleje, brud, a nawet drobne zanieczyszczenia, kt\u00f3rych nie dostrzegaj\u0105 typowe filtry.<\/li>\n<li>\n<p class=\"p1\"><span class=\"s1\"><br \/>\n  <b>Do\u0142\u0105czony filtr wst\u0119pny<\/b><br \/>\n<\/span> &#8211; wychwytuje wi\u0119ksze zanieczyszczenia <i>, zanim<\/i> dotr\u0105 one do g\u0142\u00f3wnego medium filtracyjnego, co jest niezwykle rzadkie w systemach typu plug-and-play<\/p>\n<\/li>\n<li>\n<p class=\"p1\"><span class=\"s1\"><br \/>\n  <b>Konserwacja bez u\u017cycia narz\u0119dzi<\/b><br \/>\n<\/span> &#8211; pokrywa otwierana r\u0119cznie za pomoc\u0105 mechanizmu blokuj\u0105cego, nie wymaga klucza sze\u015bciok\u0105tnego<\/p>\n<\/li>\n<li>\n<p class=\"p1\"><span class=\"s1\"><br \/>\n  <b>Wyjmowany koszyk wewn\u0119trzny<\/b><br \/>\n<\/span> &#8211; u\u0142atwia wyjmowanie wszystkich kulek filtruj\u0105cych na raz bez moczenia r\u0105k<\/p>\n<\/li>\n<li>\n<p class=\"p1\"><span class=\"s1\"><br \/>\n  <b>Wbudowany wy\u0142\u0105cznik bezpiecze\u0144stwa RCD<\/b><br \/>\n<\/span> &#8211; chroni u\u017cytkownika w mokrym \u015brodowisku, czego brakuje wi\u0119kszo\u015bci filtr\u00f3w dost\u0119pnych na rynku<\/p>\n<\/li>\n<li>\n<p class=\"p1\"><span class=\"s1\"><br \/>\n  <b>Przew\u00f3d zasilaj\u0105cy 3,5 m<\/b><br \/>\n<\/span> &#8211; wystarczaj\u0105co d\u0142ugi, aby unikn\u0105\u0107 ryzykownych kabli przed\u0142u\u017caj\u0105cych w pobli\u017cu lub pod wann\u0105<\/p>\n<\/li>\n<li>\n<p class=\"p1\"><span class=\"s1\"><br \/>\n  <b>Niskie zu\u017cycie energii<\/b><br \/>\n<\/span> &#8211; Pobiera tylko 80 W, dzi\u0119ki czemu jest op\u0142acalny w codziennym u\u017cytkowaniu<\/p>\n<\/li>\n<li>\n<p class=\"p1\"><span class=\"s1\"><br \/>\n  <b>Zmywalny bawe\u0142niany materia\u0142 filtracyjny<\/b><br \/>\n<\/span> &#8211; \u0142atwe do czyszczenia w zwyk\u0142ej pralce<\/p>\n<\/li>\n<li>\n<p class=\"p1\"><span class=\"s1\"><br \/>\n  <b>Wbudowany manometr<\/b><br \/>\n<\/span> \u2013 manometr na pokrywie FilterMax wskazuje, kiedy kulki filtruj\u0105ce s\u0105 zabrudzone i wymagaj\u0105 umycia. Je\u015bli woda przep\u0142ywa zbyt wolno przez filtr, ci\u015bnienie wzrasta, a manometr ostrzega o konieczno\u015bci konserwacji. <\/p>\n<\/li>\n<li>\n<p class=\"p1\"><span class=\"s1\"><br \/>\n  <b>Wydajny przep\u0142yw<\/b><br \/>\n<\/span> \u2013 do 4,8 m\u00b3\/h, zapewniaj\u0105cy szybk\u0105 i r\u00f3wnomiern\u0105 cyrkulacj\u0119 wody. Nadaje si\u0119 do wanien z hydromasa\u017cem i \u0142a\u017ani lodowych o dowolnej wielko\u015bci, a tak\u017ce basen\u00f3w o pojemno\u015bci do 30 m\u00b3. <\/p>\n<\/li>\n<\/ul>\n<p class=\"p1\"><b>W zestawie:<\/b><b><\/b><\/p>\n<ul>\n<li>\n<p class=\"p1\">Jednostka filtruj\u0105ca FilterMax<\/p>\n<\/li>\n<li>\n<p class=\"p1\">250 g kulek filtruj\u0105cych (zainstalowanych fabrycznie)<\/p>\n<\/li>\n<li>\n<p class=\"p1\">Z\u0142\u0105czki do w\u0119\u017cy (32\/38 mm)<\/p>\n<\/li>\n<li>\n<p class=\"p1\">Podr\u0119cznik u\u017cytkownika<\/p>\n<\/li>\n<\/ul>\n<p class=\"p1\"><b>Dlaczego warto wybra\u0107 FilterMax?<\/b><b><\/b><\/p>\n<p class=\"p3\">Niezale\u017cnie od tego, czy korzystasz z wanny z hydromasa\u017cem, k\u0105pieli lodowej czy zimnego zanurzenia, FilterMax zosta\u0142 stworzony, aby rozwi\u0105za\u0107 problemy, kt\u00f3re wi\u0119kszo\u015b\u0107 innych filtr\u00f3w ignoruje.<\/p>\n<p class=\"p3\">Je\u015bli jeste\u015b zm\u0119czony zbyt skomplikowan\u0105 konserwacj\u0105, delikatnymi komponentami i systemami, kt\u00f3re po prostu nie s\u0105 trwa\u0142e &#8211; to jest aktualizacja, na kt\u00f3r\u0105 czeka\u0142e\u015b.<\/p>\n<p><strong>Wskaz\u00f3wka dotycz\u0105ca pod\u0142\u0105czenia:<\/strong><br \/>\nZalecamy stosowanie <a href=\"https:\/\/thenordicsauna.com\/shop\/38mm-pool-hose-hot-tub-ice-bath\/\" target=\"_blank\" rel=\"noopener\">w\u0119\u017cyk\u00f3w 38 mm<\/a> na do\u0142\u0105czonych wlot\u00f3w 32 mm wraz z <br \/><a href=\"https:\/\/thenordicsauna.com\/shop\/hose-reduction-unit-rubber-32-38-mm\/\" target=\"_blank\" rel=\"noopener\">gumowymi reduktorami<\/a>. Elastyczna warstwa gumy pomi\u0119dzy w\u0119\u017cem z tworzywa sztucznego a z\u0142\u0105czk\u0105 znacznie poprawia uszczelnienie i pomaga zapobiega\u0107 wyciekom. <\/p>\n<p>Aby uzyska\u0107 najlepsze rezultaty, zawsze u\u017cywaj mocnych metalowych opasek zaciskowych \u2013 dokr\u0119caj je delikatnie na pocz\u0105tku i dokr\u0119caj dopiero po uruchomieniu pompy obiegowej, na tyle, aby zatamowa\u0107 wszelkie widoczne wycieki. Takie podej\u015bcie pomaga zapobiec uszkodzeniu zar\u00f3wno z\u0142\u0105czki, jak i w\u0119\u017ca. <\/p>\n","protected":false},"excerpt":{"rendered":"<p class=\"p1\"><b>Nowa generacja filtracji dla wanien z hydromasa\u017cem i \u0142a\u017ani lodowych<\/b><\/p>\n<p>Po latach testowania r\u00f3\u017cnych system\u00f3w w ko\u0144cu znale\u017ali\u015bmy taki, kt\u00f3ry rozwi\u0105zuje wszystkie typowe bol\u0105czki.<\/p>\n<p>Beznarz\u0119dziowa, bezpieczna, cicha i \u0142atwa w konserwacji.<\/p>\n<p>FilterMax wykorzystuje nadaj\u0105ce si\u0119 do prania bawe\u0142niane kulki filtracyjne &#8211; bez piasku, bez ba\u0142aganu, po prostu czysta woda przy minimalnym wysi\u0142ku.<\/p>\n<p><a href=\"https:\/\/thenordicsauna.com\/files\/Equipment\/FilterMax.pdf\" target=\"_blank\" rel=\"noopener\">Pobierz pe\u0142n\u0105 kart\u0119 produktu (PDF)<\/a><\/p>\n<p>Przewi\u0144 w d\u00f3\u0142, aby uzyska\u0107 wi\u0119cej szczeg\u00f3\u0142\u00f3w.<\/p>\n","protected":false},"featured_media":7344,"template":"","meta":{"_acf_changed":false},"product_brand":[],"product_cat":[128,127],"product_tag":[],"class_list":{"0":"post-8632","1":"product","2":"type-product","3":"status-publish","4":"has-post-thumbnail","6":"product_cat-akcesoria-do-balii-do-kapieli","7":"product_cat-kontrola-wody","8":"product_shipping_class-srednie-przedmioty-schowek-na-paczki","10":"first","11":"instock","12":"sale","13":"taxable","14":"shipping-taxable","15":"purchasable","16":"product-type-variable","17":"has-default-attributes"},"acf":[],"yoast_head":"<!-- This site is optimized with the Yoast SEO plugin v26.6 - https:\/\/yoast.com\/wordpress\/plugins\/seo\/ -->\n<title>Filtr wody FilterMax do wanien z hydromasa\u017cem i wanien do lodu - beznarz\u0119dziowy, 80 W<\/title>\n<meta name=\"description\" content=\"Po\u017cegnaj si\u0119 z brudnymi filtrami. FilterMax to jedyny filtr do wanny z hydromasa\u017cem i k\u0105pieli lodowej o mocy 80 W z dost\u0119pem bez u\u017cycia narz\u0119dzi, d\u0142ugim kablem, zabezpieczeniem RCD i zmywalnym wk\u0142adem.\" \/>\n<meta name=\"robots\" content=\"index, follow, max-snippet:-1, max-image-preview:large, max-video-preview:-1\" \/>\n<link rel=\"canonical\" href=\"https:\/\/thenordicsauna.com\/pl\/shop\/filtermax-filtr-wody-do-wanny-z-hydromasazem-i-kapieli-lodowej\/\" \/>\n<meta property=\"og:locale\" content=\"pl_PL\" \/>\n<meta property=\"og:type\" content=\"article\" \/>\n<meta property=\"og:title\" content=\"Filtr wody FilterMax do wanien z hydromasa\u017cem i wanien do lodu - beznarz\u0119dziowy, 80 W\" \/>\n<meta property=\"og:description\" content=\"Po\u017cegnaj si\u0119 z brudnymi filtrami. FilterMax to jedyny filtr do wanny z hydromasa\u017cem i k\u0105pieli lodowej o mocy 80 W z dost\u0119pem bez u\u017cycia narz\u0119dzi, d\u0142ugim kablem, zabezpieczeniem RCD i zmywalnym wk\u0142adem.\" \/>\n<meta property=\"og:url\" content=\"https:\/\/thenordicsauna.com\/pl\/shop\/filtermax-filtr-wody-do-wanny-z-hydromasazem-i-kapieli-lodowej\/\" \/>\n<meta property=\"og:site_name\" content=\"TheNordicSauna\" \/>\n<meta property=\"article:publisher\" content=\"https:\/\/www.facebook.com\/TheNordicSauna\/\" \/>\n<meta property=\"article:modified_time\" content=\"2025-10-06T18:35:33+00:00\" \/>\n<meta property=\"og:image\" content=\"https:\/\/thenordicsauna.com\/wp-content\/uploads\/2025\/05\/FilterMax-1-web.jpg\" \/>\n\t<meta property=\"og:image:width\" content=\"800\" \/>\n\t<meta property=\"og:image:height\" content=\"533\" \/>\n\t<meta property=\"og:image:type\" content=\"image\/jpeg\" \/>\n<meta name=\"twitter:card\" content=\"summary_large_image\" \/>\n<meta name=\"twitter:label1\" content=\"Szacowany czas czytania\" \/>\n\t<meta name=\"twitter:data1\" content=\"3 minuty\" \/>\n<script type=\"application\/ld+json\" class=\"yoast-schema-graph\">{\"@context\":\"https:\/\/schema.org\",\"@graph\":[{\"@type\":\"WebPage\",\"@id\":\"https:\/\/thenordicsauna.com\/pl\/shop\/filtermax-filtr-wody-do-wanny-z-hydromasazem-i-kapieli-lodowej\/\",\"url\":\"https:\/\/thenordicsauna.com\/pl\/shop\/filtermax-filtr-wody-do-wanny-z-hydromasazem-i-kapieli-lodowej\/\",\"name\":\"Filtr wody FilterMax do wanien z hydromasa\u017cem i wanien do lodu - beznarz\u0119dziowy, 80 W\",\"isPartOf\":{\"@id\":\"https:\/\/thenordicsauna.com\/pl\/#website\"},\"primaryImageOfPage\":{\"@id\":\"https:\/\/thenordicsauna.com\/pl\/shop\/filtermax-filtr-wody-do-wanny-z-hydromasazem-i-kapieli-lodowej\/#primaryimage\"},\"image\":{\"@id\":\"https:\/\/thenordicsauna.com\/pl\/shop\/filtermax-filtr-wody-do-wanny-z-hydromasazem-i-kapieli-lodowej\/#primaryimage\"},\"thumbnailUrl\":\"https:\/\/thenordicsauna.com\/wp-content\/uploads\/2025\/05\/FilterMax-1-web.jpg\",\"datePublished\":\"2025-05-27T18:24:46+00:00\",\"dateModified\":\"2025-10-06T18:35:33+00:00\",\"description\":\"Po\u017cegnaj si\u0119 z brudnymi filtrami. FilterMax to jedyny filtr do wanny z hydromasa\u017cem i k\u0105pieli lodowej o mocy 80 W z dost\u0119pem bez u\u017cycia narz\u0119dzi, d\u0142ugim kablem, zabezpieczeniem RCD i zmywalnym wk\u0142adem.\",\"breadcrumb\":{\"@id\":\"https:\/\/thenordicsauna.com\/pl\/shop\/filtermax-filtr-wody-do-wanny-z-hydromasazem-i-kapieli-lodowej\/#breadcrumb\"},\"inLanguage\":\"pl-PL\",\"potentialAction\":[{\"@type\":\"ReadAction\",\"target\":[\"https:\/\/thenordicsauna.com\/pl\/shop\/filtermax-filtr-wody-do-wanny-z-hydromasazem-i-kapieli-lodowej\/\"]}]},{\"@type\":\"ImageObject\",\"inLanguage\":\"pl-PL\",\"@id\":\"https:\/\/thenordicsauna.com\/pl\/shop\/filtermax-filtr-wody-do-wanny-z-hydromasazem-i-kapieli-lodowej\/#primaryimage\",\"url\":\"https:\/\/thenordicsauna.com\/wp-content\/uploads\/2025\/05\/FilterMax-1-web.jpg\",\"contentUrl\":\"https:\/\/thenordicsauna.com\/wp-content\/uploads\/2025\/05\/FilterMax-1-web.jpg\",\"width\":800,\"height\":533,\"caption\":\"Filtracja FilterMax do wanien z hydromasa\u017cem i k\u0105pieli lodowych\"},{\"@type\":\"BreadcrumbList\",\"@id\":\"https:\/\/thenordicsauna.com\/pl\/shop\/filtermax-filtr-wody-do-wanny-z-hydromasazem-i-kapieli-lodowej\/#breadcrumb\",\"itemListElement\":[{\"@type\":\"ListItem\",\"position\":1,\"name\":\"Home\",\"item\":\"https:\/\/thenordicsauna.com\/pl\/strona-glowna\/\"},{\"@type\":\"ListItem\",\"position\":2,\"name\":\"Sklep\",\"item\":\"https:\/\/thenordicsauna.com\/shop\/\"},{\"@type\":\"ListItem\",\"position\":3,\"name\":\"Akcesoria do balii do k\u0105pieli\",\"item\":\"https:\/\/thenordicsauna.com\/pl\/kategoria-produktu\/akcesoria-do-balii-do-kapieli\/\"},{\"@type\":\"ListItem\",\"position\":4,\"name\":\"FilterMax &#8211; Filtr wody do wanny z hydromasa\u017cem i k\u0105pieli lodowej\"}]},{\"@type\":\"WebSite\",\"@id\":\"https:\/\/thenordicsauna.com\/pl\/#website\",\"url\":\"https:\/\/thenordicsauna.com\/pl\/\",\"name\":\"TheNordicSauna\",\"description\":\"Ultimate Outdoor SPA experience\",\"publisher\":{\"@id\":\"https:\/\/thenordicsauna.com\/pl\/#organization\"},\"alternateName\":\"TNS\",\"potentialAction\":[{\"@type\":\"SearchAction\",\"target\":{\"@type\":\"EntryPoint\",\"urlTemplate\":\"https:\/\/thenordicsauna.com\/pl\/?s={search_term_string}\"},\"query-input\":{\"@type\":\"PropertyValueSpecification\",\"valueRequired\":true,\"valueName\":\"search_term_string\"}}],\"inLanguage\":\"pl-PL\"},{\"@type\":\"Organization\",\"@id\":\"https:\/\/thenordicsauna.com\/pl\/#organization\",\"name\":\"TheNordicSauna\",\"alternateName\":\"TNS\",\"url\":\"https:\/\/thenordicsauna.com\/pl\/\",\"logo\":{\"@type\":\"ImageObject\",\"inLanguage\":\"pl-PL\",\"@id\":\"https:\/\/thenordicsauna.com\/pl\/#\/schema\/logo\/image\/\",\"url\":\"https:\/\/thenordicsauna.com\/wp-content\/uploads\/2025\/04\/TheNordicSauna-logo-white.svg\",\"contentUrl\":\"https:\/\/thenordicsauna.com\/wp-content\/uploads\/2025\/04\/TheNordicSauna-logo-white.svg\",\"width\":203,\"height\":203,\"caption\":\"TheNordicSauna\"},\"image\":{\"@id\":\"https:\/\/thenordicsauna.com\/pl\/#\/schema\/logo\/image\/\"},\"sameAs\":[\"https:\/\/www.facebook.com\/TheNordicSauna\/\",\"https:\/\/www.instagram.com\/thenordicsauna\"]}]}<\/script>\n<!-- \/ Yoast SEO plugin. -->","yoast_head_json":{"title":"Filtr wody FilterMax do wanien z hydromasa\u017cem i wanien do lodu - beznarz\u0119dziowy, 80 W","description":"Po\u017cegnaj si\u0119 z brudnymi filtrami. FilterMax to jedyny filtr do wanny z hydromasa\u017cem i k\u0105pieli lodowej o mocy 80 W z dost\u0119pem bez u\u017cycia narz\u0119dzi, d\u0142ugim kablem, zabezpieczeniem RCD i zmywalnym wk\u0142adem.","robots":{"index":"index","follow":"follow","max-snippet":"max-snippet:-1","max-image-preview":"max-image-preview:large","max-video-preview":"max-video-preview:-1"},"canonical":"https:\/\/thenordicsauna.com\/pl\/shop\/filtermax-filtr-wody-do-wanny-z-hydromasazem-i-kapieli-lodowej\/","og_locale":"pl_PL","og_type":"article","og_title":"Filtr wody FilterMax do wanien z hydromasa\u017cem i wanien do lodu - beznarz\u0119dziowy, 80 W","og_description":"Po\u017cegnaj si\u0119 z brudnymi filtrami. FilterMax to jedyny filtr do wanny z hydromasa\u017cem i k\u0105pieli lodowej o mocy 80 W z dost\u0119pem bez u\u017cycia narz\u0119dzi, d\u0142ugim kablem, zabezpieczeniem RCD i zmywalnym wk\u0142adem.","og_url":"https:\/\/thenordicsauna.com\/pl\/shop\/filtermax-filtr-wody-do-wanny-z-hydromasazem-i-kapieli-lodowej\/","og_site_name":"TheNordicSauna","article_publisher":"https:\/\/www.facebook.com\/TheNordicSauna\/","article_modified_time":"2025-10-06T18:35:33+00:00","og_image":[{"width":800,"height":533,"url":"https:\/\/thenordicsauna.com\/wp-content\/uploads\/2025\/05\/FilterMax-1-web.jpg","type":"image\/jpeg"}],"twitter_card":"summary_large_image","twitter_misc":{"Szacowany czas czytania":"3 minuty"},"schema":{"@context":"https:\/\/schema.org","@graph":[{"@type":"WebPage","@id":"https:\/\/thenordicsauna.com\/pl\/shop\/filtermax-filtr-wody-do-wanny-z-hydromasazem-i-kapieli-lodowej\/","url":"https:\/\/thenordicsauna.com\/pl\/shop\/filtermax-filtr-wody-do-wanny-z-hydromasazem-i-kapieli-lodowej\/","name":"Filtr wody FilterMax do wanien z hydromasa\u017cem i wanien do lodu - beznarz\u0119dziowy, 80 W","isPartOf":{"@id":"https:\/\/thenordicsauna.com\/pl\/#website"},"primaryImageOfPage":{"@id":"https:\/\/thenordicsauna.com\/pl\/shop\/filtermax-filtr-wody-do-wanny-z-hydromasazem-i-kapieli-lodowej\/#primaryimage"},"image":{"@id":"https:\/\/thenordicsauna.com\/pl\/shop\/filtermax-filtr-wody-do-wanny-z-hydromasazem-i-kapieli-lodowej\/#primaryimage"},"thumbnailUrl":"https:\/\/thenordicsauna.com\/wp-content\/uploads\/2025\/05\/FilterMax-1-web.jpg","datePublished":"2025-05-27T18:24:46+00:00","dateModified":"2025-10-06T18:35:33+00:00","description":"Po\u017cegnaj si\u0119 z brudnymi filtrami. FilterMax to jedyny filtr do wanny z hydromasa\u017cem i k\u0105pieli lodowej o mocy 80 W z dost\u0119pem bez u\u017cycia narz\u0119dzi, d\u0142ugim kablem, zabezpieczeniem RCD i zmywalnym wk\u0142adem.","breadcrumb":{"@id":"https:\/\/thenordicsauna.com\/pl\/shop\/filtermax-filtr-wody-do-wanny-z-hydromasazem-i-kapieli-lodowej\/#breadcrumb"},"inLanguage":"pl-PL","potentialAction":[{"@type":"ReadAction","target":["https:\/\/thenordicsauna.com\/pl\/shop\/filtermax-filtr-wody-do-wanny-z-hydromasazem-i-kapieli-lodowej\/"]}]},{"@type":"ImageObject","inLanguage":"pl-PL","@id":"https:\/\/thenordicsauna.com\/pl\/shop\/filtermax-filtr-wody-do-wanny-z-hydromasazem-i-kapieli-lodowej\/#primaryimage","url":"https:\/\/thenordicsauna.com\/wp-content\/uploads\/2025\/05\/FilterMax-1-web.jpg","contentUrl":"https:\/\/thenordicsauna.com\/wp-content\/uploads\/2025\/05\/FilterMax-1-web.jpg","width":800,"height":533,"caption":"Filtracja FilterMax do wanien z hydromasa\u017cem i k\u0105pieli lodowych"},{"@type":"BreadcrumbList","@id":"https:\/\/thenordicsauna.com\/pl\/shop\/filtermax-filtr-wody-do-wanny-z-hydromasazem-i-kapieli-lodowej\/#breadcrumb","itemListElement":[{"@type":"ListItem","position":1,"name":"Home","item":"https:\/\/thenordicsauna.com\/pl\/strona-glowna\/"},{"@type":"ListItem","position":2,"name":"Sklep","item":"https:\/\/thenordicsauna.com\/shop\/"},{"@type":"ListItem","position":3,"name":"Akcesoria do balii do k\u0105pieli","item":"https:\/\/thenordicsauna.com\/pl\/kategoria-produktu\/akcesoria-do-balii-do-kapieli\/"},{"@type":"ListItem","position":4,"name":"FilterMax &#8211; Filtr wody do wanny z hydromasa\u017cem i k\u0105pieli lodowej"}]},{"@type":"WebSite","@id":"https:\/\/thenordicsauna.com\/pl\/#website","url":"https:\/\/thenordicsauna.com\/pl\/","name":"TheNordicSauna","description":"Ultimate Outdoor SPA experience","publisher":{"@id":"https:\/\/thenordicsauna.com\/pl\/#organization"},"alternateName":"TNS","potentialAction":[{"@type":"SearchAction","target":{"@type":"EntryPoint","urlTemplate":"https:\/\/thenordicsauna.com\/pl\/?s={search_term_string}"},"query-input":{"@type":"PropertyValueSpecification","valueRequired":true,"valueName":"search_term_string"}}],"inLanguage":"pl-PL"},{"@type":"Organization","@id":"https:\/\/thenordicsauna.com\/pl\/#organization","name":"TheNordicSauna","alternateName":"TNS","url":"https:\/\/thenordicsauna.com\/pl\/","logo":{"@type":"ImageObject","inLanguage":"pl-PL","@id":"https:\/\/thenordicsauna.com\/pl\/#\/schema\/logo\/image\/","url":"https:\/\/thenordicsauna.com\/wp-content\/uploads\/2025\/04\/TheNordicSauna-logo-white.svg","contentUrl":"https:\/\/thenordicsauna.com\/wp-content\/uploads\/2025\/04\/TheNordicSauna-logo-white.svg","width":203,"height":203,"caption":"TheNordicSauna"},"image":{"@id":"https:\/\/thenordicsauna.com\/pl\/#\/schema\/logo\/image\/"},"sameAs":["https:\/\/www.facebook.com\/TheNordicSauna\/","https:\/\/www.instagram.com\/thenordicsauna"]}]}},"_links":{"self":[{"href":"https:\/\/thenordicsauna.com\/pl\/wp-json\/wp\/v2\/product\/8632","targetHints":{"allow":["GET"]}}],"collection":[{"href":"https:\/\/thenordicsauna.com\/pl\/wp-json\/wp\/v2\/product"}],"about":[{"href":"https:\/\/thenordicsauna.com\/pl\/wp-json\/wp\/v2\/types\/product"}],"version-history":[{"count":1,"href":"https:\/\/thenordicsauna.com\/pl\/wp-json\/wp\/v2\/product\/8632\/revisions"}],"predecessor-version":[{"id":8769,"href":"https:\/\/thenordicsauna.com\/pl\/wp-json\/wp\/v2\/product\/8632\/revisions\/8769"}],"wp:featuredmedia":[{"embeddable":true,"href":"https:\/\/thenordicsauna.com\/pl\/wp-json\/wp\/v2\/media\/7344"}],"wp:attachment":[{"href":"https:\/\/thenordicsauna.com\/pl\/wp-json\/wp\/v2\/media?parent=8632"}],"wp:term":[{"taxonomy":"product_brand","embeddable":true,"href":"https:\/\/thenordicsauna.com\/pl\/wp-json\/wp\/v2\/product_brand?post=8632"},{"taxonomy":"product_cat","embeddable":true,"href":"https:\/\/thenordicsauna.com\/pl\/wp-json\/wp\/v2\/product_cat?post=8632"},{"taxonomy":"product_tag","embeddable":true,"href":"https:\/\/thenordicsauna.com\/pl\/wp-json\/wp\/v2\/product_tag?post=8632"}],"curies":[{"name":"wp","href":"https:\/\/api.w.org\/{rel}","templated":true}]}}