{"id":8647,"date":"2025-04-26T00:47:06","date_gmt":"2025-04-26T00:47:06","guid":{"rendered":"https:\/\/thenordicsauna.com\/shop\/spersonalizowanie-nordicsix\/"},"modified":"2025-04-26T00:47:06","modified_gmt":"2025-04-26T00:47:06","slug":"spersonalizowanie-nordicsix","status":"publish","type":"product","link":"https:\/\/thenordicsauna.com\/pl\/shop\/spersonalizowanie-nordicsix\/","title":{"rendered":"Spersonalizowanie NordicSix"},"content":{"rendered":"","protected":false},"excerpt":{"rendered":"<ul>\n<li>Zintegrowany piec aluminiowy klasy morskiej<\/li>\n<li>Wanna z hydromasa\u017cem mo\u017ce pomie\u015bci\u0107 6 lub wi\u0119cej os\u00f3b<\/li>\n<li>\u015arednica zewn\u0119trzna 200 cm, \u015brednica wewn\u0119trzna 180 cm<\/li>\n<li>Ergonomiczne wn\u0119trze z w\u0142\u00f3kna szklanego<\/li>\n<li>Ochrona cieplna i os\u0142ona przeciwdeszczowa komina<\/li>\n<li>Miesi\u0119czna rata zaczyna si\u0119 od 41 EUR<\/li>\n<li>2 lata gwarancji!<\/li>\n<\/ul>\n<p>Pe\u0142n\u0105 specyfikacj\u0119 i zdj\u0119cia znajdziesz na <a href=\"https:\/\/thenordicsauna.com\/hot-tubs\/nordic-six\/\" target=\"_blank\" rel=\"noopener\">stronie g\u0142\u00f3wnej NordicSix<\/a>.<\/p>\n","protected":false},"featured_media":6211,"template":"","meta":{"_acf_changed":false},"product_brand":[],"product_cat":[129],"product_tag":[],"class_list":{"0":"post-8647","1":"product","2":"type-product","3":"status-publish","4":"has-post-thumbnail","6":"product_cat-balia-do-kapieli","8":"first","9":"instock","10":"taxable","11":"shipping-taxable","12":"purchasable","13":"product-type-variable","14":"has-default-attributes"},"acf":[],"yoast_head":"<!-- This site is optimized with the Yoast SEO plugin v26.6 - https:\/\/yoast.com\/wordpress\/plugins\/seo\/ -->\n<title>Spersonalizowanie NordicSix | TheNordicSauna<\/title>\n<meta name=\"robots\" content=\"index, follow, max-snippet:-1, max-image-preview:large, max-video-preview:-1\" \/>\n<link rel=\"canonical\" href=\"https:\/\/thenordicsauna.com\/pl\/shop\/spersonalizowanie-nordicsix\/\" \/>\n<meta property=\"og:locale\" content=\"pl_PL\" \/>\n<meta property=\"og:type\" content=\"article\" \/>\n<meta property=\"og:title\" content=\"Spersonalizowanie NordicSix | TheNordicSauna\" \/>\n<meta property=\"og:description\" content=\"Zintegrowany piec aluminiowy klasy morskiej  Wanna z hydromasa\u017cem mo\u017ce pomie\u015bci\u0107 6 lub wi\u0119cej os\u00f3b  \u015arednica zewn\u0119trzna 200 cm, \u015brednica wewn\u0119trzna 180 cm  Ergonomiczne wn\u0119trze z w\u0142\u00f3kna szklanego  Ochrona cieplna i os\u0142ona przeciwdeszczowa komina  Miesi\u0119czna rata zaczyna si\u0119 od 41 EUR  2 lata gwarancji! Pe\u0142n\u0105 specyfikacj\u0119 i zdj\u0119cia znajdziesz na stronie g\u0142\u00f3wnej NordicSix.\" \/>\n<meta property=\"og:url\" content=\"https:\/\/thenordicsauna.com\/pl\/shop\/spersonalizowanie-nordicsix\/\" \/>\n<meta property=\"og:site_name\" content=\"TheNordicSauna\" \/>\n<meta property=\"article:publisher\" content=\"https:\/\/www.facebook.com\/TheNordicSauna\/\" \/>\n<meta property=\"og:image\" content=\"https:\/\/thenordicsauna.com\/wp-content\/uploads\/2025\/04\/Kumblustunn-valge-sisu-naturaalne-pruun-roostevaba-plekk.jpg\" \/>\n\t<meta property=\"og:image:width\" content=\"800\" \/>\n\t<meta property=\"og:image:height\" content=\"450\" \/>\n\t<meta property=\"og:image:type\" content=\"image\/jpeg\" \/>\n<meta name=\"twitter:card\" content=\"summary_large_image\" \/>\n<script type=\"application\/ld+json\" class=\"yoast-schema-graph\">{\"@context\":\"https:\/\/schema.org\",\"@graph\":[{\"@type\":\"WebPage\",\"@id\":\"https:\/\/thenordicsauna.com\/pl\/shop\/spersonalizowanie-nordicsix\/\",\"url\":\"https:\/\/thenordicsauna.com\/pl\/shop\/spersonalizowanie-nordicsix\/\",\"name\":\"Spersonalizowanie NordicSix | TheNordicSauna\",\"isPartOf\":{\"@id\":\"https:\/\/thenordicsauna.com\/pl\/#website\"},\"primaryImageOfPage\":{\"@id\":\"https:\/\/thenordicsauna.com\/pl\/shop\/spersonalizowanie-nordicsix\/#primaryimage\"},\"image\":{\"@id\":\"https:\/\/thenordicsauna.com\/pl\/shop\/spersonalizowanie-nordicsix\/#primaryimage\"},\"thumbnailUrl\":\"https:\/\/thenordicsauna.com\/wp-content\/uploads\/2025\/04\/Kumblustunn-valge-sisu-naturaalne-pruun-roostevaba-plekk.jpg\",\"datePublished\":\"2025-04-26T00:47:06+00:00\",\"breadcrumb\":{\"@id\":\"https:\/\/thenordicsauna.com\/pl\/shop\/spersonalizowanie-nordicsix\/#breadcrumb\"},\"inLanguage\":\"pl-PL\",\"potentialAction\":[{\"@type\":\"ReadAction\",\"target\":[\"https:\/\/thenordicsauna.com\/pl\/shop\/spersonalizowanie-nordicsix\/\"]}]},{\"@type\":\"ImageObject\",\"inLanguage\":\"pl-PL\",\"@id\":\"https:\/\/thenordicsauna.com\/pl\/shop\/spersonalizowanie-nordicsix\/#primaryimage\",\"url\":\"https:\/\/thenordicsauna.com\/wp-content\/uploads\/2025\/04\/Kumblustunn-valge-sisu-naturaalne-pruun-roostevaba-plekk.jpg\",\"contentUrl\":\"https:\/\/thenordicsauna.com\/wp-content\/uploads\/2025\/04\/Kumblustunn-valge-sisu-naturaalne-pruun-roostevaba-plekk.jpg\",\"width\":800,\"height\":450,\"caption\":\"NordicSix custom Hot Tub white interior\"},{\"@type\":\"BreadcrumbList\",\"@id\":\"https:\/\/thenordicsauna.com\/pl\/shop\/spersonalizowanie-nordicsix\/#breadcrumb\",\"itemListElement\":[{\"@type\":\"ListItem\",\"position\":1,\"name\":\"Home\",\"item\":\"https:\/\/thenordicsauna.com\/pl\/strona-glowna\/\"},{\"@type\":\"ListItem\",\"position\":2,\"name\":\"Sklep\",\"item\":\"https:\/\/thenordicsauna.com\/shop\/\"},{\"@type\":\"ListItem\",\"position\":3,\"name\":\"Balie do k\u0105pieli\",\"item\":\"https:\/\/thenordicsauna.com\/pl\/kategoria-produktu\/balia-do-kapieli\/\"},{\"@type\":\"ListItem\",\"position\":4,\"name\":\"Spersonalizowanie NordicSix\"}]},{\"@type\":\"WebSite\",\"@id\":\"https:\/\/thenordicsauna.com\/pl\/#website\",\"url\":\"https:\/\/thenordicsauna.com\/pl\/\",\"name\":\"TheNordicSauna\",\"description\":\"Ultimate Outdoor SPA experience\",\"publisher\":{\"@id\":\"https:\/\/thenordicsauna.com\/pl\/#organization\"},\"alternateName\":\"TNS\",\"potentialAction\":[{\"@type\":\"SearchAction\",\"target\":{\"@type\":\"EntryPoint\",\"urlTemplate\":\"https:\/\/thenordicsauna.com\/pl\/?s={search_term_string}\"},\"query-input\":{\"@type\":\"PropertyValueSpecification\",\"valueRequired\":true,\"valueName\":\"search_term_string\"}}],\"inLanguage\":\"pl-PL\"},{\"@type\":\"Organization\",\"@id\":\"https:\/\/thenordicsauna.com\/pl\/#organization\",\"name\":\"TheNordicSauna\",\"alternateName\":\"TNS\",\"url\":\"https:\/\/thenordicsauna.com\/pl\/\",\"logo\":{\"@type\":\"ImageObject\",\"inLanguage\":\"pl-PL\",\"@id\":\"https:\/\/thenordicsauna.com\/pl\/#\/schema\/logo\/image\/\",\"url\":\"https:\/\/thenordicsauna.com\/wp-content\/uploads\/2025\/04\/TheNordicSauna-logo-white.svg\",\"contentUrl\":\"https:\/\/thenordicsauna.com\/wp-content\/uploads\/2025\/04\/TheNordicSauna-logo-white.svg\",\"width\":203,\"height\":203,\"caption\":\"TheNordicSauna\"},\"image\":{\"@id\":\"https:\/\/thenordicsauna.com\/pl\/#\/schema\/logo\/image\/\"},\"sameAs\":[\"https:\/\/www.facebook.com\/TheNordicSauna\/\",\"https:\/\/www.instagram.com\/thenordicsauna\"]}]}<\/script>\n<!-- \/ Yoast SEO plugin. -->","yoast_head_json":{"title":"Spersonalizowanie NordicSix | TheNordicSauna","robots":{"index":"index","follow":"follow","max-snippet":"max-snippet:-1","max-image-preview":"max-image-preview:large","max-video-preview":"max-video-preview:-1"},"canonical":"https:\/\/thenordicsauna.com\/pl\/shop\/spersonalizowanie-nordicsix\/","og_locale":"pl_PL","og_type":"article","og_title":"Spersonalizowanie NordicSix | TheNordicSauna","og_description":"Zintegrowany piec aluminiowy klasy morskiej  Wanna z hydromasa\u017cem mo\u017ce pomie\u015bci\u0107 6 lub wi\u0119cej os\u00f3b  \u015arednica zewn\u0119trzna 200 cm, \u015brednica wewn\u0119trzna 180 cm  Ergonomiczne wn\u0119trze z w\u0142\u00f3kna szklanego  Ochrona cieplna i os\u0142ona przeciwdeszczowa komina  Miesi\u0119czna rata zaczyna si\u0119 od 41 EUR  2 lata gwarancji! Pe\u0142n\u0105 specyfikacj\u0119 i zdj\u0119cia znajdziesz na stronie g\u0142\u00f3wnej NordicSix.","og_url":"https:\/\/thenordicsauna.com\/pl\/shop\/spersonalizowanie-nordicsix\/","og_site_name":"TheNordicSauna","article_publisher":"https:\/\/www.facebook.com\/TheNordicSauna\/","og_image":[{"width":800,"height":450,"url":"https:\/\/thenordicsauna.com\/wp-content\/uploads\/2025\/04\/Kumblustunn-valge-sisu-naturaalne-pruun-roostevaba-plekk.jpg","type":"image\/jpeg"}],"twitter_card":"summary_large_image","schema":{"@context":"https:\/\/schema.org","@graph":[{"@type":"WebPage","@id":"https:\/\/thenordicsauna.com\/pl\/shop\/spersonalizowanie-nordicsix\/","url":"https:\/\/thenordicsauna.com\/pl\/shop\/spersonalizowanie-nordicsix\/","name":"Spersonalizowanie NordicSix | TheNordicSauna","isPartOf":{"@id":"https:\/\/thenordicsauna.com\/pl\/#website"},"primaryImageOfPage":{"@id":"https:\/\/thenordicsauna.com\/pl\/shop\/spersonalizowanie-nordicsix\/#primaryimage"},"image":{"@id":"https:\/\/thenordicsauna.com\/pl\/shop\/spersonalizowanie-nordicsix\/#primaryimage"},"thumbnailUrl":"https:\/\/thenordicsauna.com\/wp-content\/uploads\/2025\/04\/Kumblustunn-valge-sisu-naturaalne-pruun-roostevaba-plekk.jpg","datePublished":"2025-04-26T00:47:06+00:00","breadcrumb":{"@id":"https:\/\/thenordicsauna.com\/pl\/shop\/spersonalizowanie-nordicsix\/#breadcrumb"},"inLanguage":"pl-PL","potentialAction":[{"@type":"ReadAction","target":["https:\/\/thenordicsauna.com\/pl\/shop\/spersonalizowanie-nordicsix\/"]}]},{"@type":"ImageObject","inLanguage":"pl-PL","@id":"https:\/\/thenordicsauna.com\/pl\/shop\/spersonalizowanie-nordicsix\/#primaryimage","url":"https:\/\/thenordicsauna.com\/wp-content\/uploads\/2025\/04\/Kumblustunn-valge-sisu-naturaalne-pruun-roostevaba-plekk.jpg","contentUrl":"https:\/\/thenordicsauna.com\/wp-content\/uploads\/2025\/04\/Kumblustunn-valge-sisu-naturaalne-pruun-roostevaba-plekk.jpg","width":800,"height":450,"caption":"NordicSix custom Hot Tub white interior"},{"@type":"BreadcrumbList","@id":"https:\/\/thenordicsauna.com\/pl\/shop\/spersonalizowanie-nordicsix\/#breadcrumb","itemListElement":[{"@type":"ListItem","position":1,"name":"Home","item":"https:\/\/thenordicsauna.com\/pl\/strona-glowna\/"},{"@type":"ListItem","position":2,"name":"Sklep","item":"https:\/\/thenordicsauna.com\/shop\/"},{"@type":"ListItem","position":3,"name":"Balie do k\u0105pieli","item":"https:\/\/thenordicsauna.com\/pl\/kategoria-produktu\/balia-do-kapieli\/"},{"@type":"ListItem","position":4,"name":"Spersonalizowanie NordicSix"}]},{"@type":"WebSite","@id":"https:\/\/thenordicsauna.com\/pl\/#website","url":"https:\/\/thenordicsauna.com\/pl\/","name":"TheNordicSauna","description":"Ultimate Outdoor SPA experience","publisher":{"@id":"https:\/\/thenordicsauna.com\/pl\/#organization"},"alternateName":"TNS","potentialAction":[{"@type":"SearchAction","target":{"@type":"EntryPoint","urlTemplate":"https:\/\/thenordicsauna.com\/pl\/?s={search_term_string}"},"query-input":{"@type":"PropertyValueSpecification","valueRequired":true,"valueName":"search_term_string"}}],"inLanguage":"pl-PL"},{"@type":"Organization","@id":"https:\/\/thenordicsauna.com\/pl\/#organization","name":"TheNordicSauna","alternateName":"TNS","url":"https:\/\/thenordicsauna.com\/pl\/","logo":{"@type":"ImageObject","inLanguage":"pl-PL","@id":"https:\/\/thenordicsauna.com\/pl\/#\/schema\/logo\/image\/","url":"https:\/\/thenordicsauna.com\/wp-content\/uploads\/2025\/04\/TheNordicSauna-logo-white.svg","contentUrl":"https:\/\/thenordicsauna.com\/wp-content\/uploads\/2025\/04\/TheNordicSauna-logo-white.svg","width":203,"height":203,"caption":"TheNordicSauna"},"image":{"@id":"https:\/\/thenordicsauna.com\/pl\/#\/schema\/logo\/image\/"},"sameAs":["https:\/\/www.facebook.com\/TheNordicSauna\/","https:\/\/www.instagram.com\/thenordicsauna"]}]}},"_links":{"self":[{"href":"https:\/\/thenordicsauna.com\/pl\/wp-json\/wp\/v2\/product\/8647","targetHints":{"allow":["GET"]}}],"collection":[{"href":"https:\/\/thenordicsauna.com\/pl\/wp-json\/wp\/v2\/product"}],"about":[{"href":"https:\/\/thenordicsauna.com\/pl\/wp-json\/wp\/v2\/types\/product"}],"version-history":[{"count":0,"href":"https:\/\/thenordicsauna.com\/pl\/wp-json\/wp\/v2\/product\/8647\/revisions"}],"wp:featuredmedia":[{"embeddable":true,"href":"https:\/\/thenordicsauna.com\/pl\/wp-json\/wp\/v2\/media\/6211"}],"wp:attachment":[{"href":"https:\/\/thenordicsauna.com\/pl\/wp-json\/wp\/v2\/media?parent=8647"}],"wp:term":[{"taxonomy":"product_brand","embeddable":true,"href":"https:\/\/thenordicsauna.com\/pl\/wp-json\/wp\/v2\/product_brand?post=8647"},{"taxonomy":"product_cat","embeddable":true,"href":"https:\/\/thenordicsauna.com\/pl\/wp-json\/wp\/v2\/product_cat?post=8647"},{"taxonomy":"product_tag","embeddable":true,"href":"https:\/\/thenordicsauna.com\/pl\/wp-json\/wp\/v2\/product_tag?post=8647"}],"curies":[{"name":"wp","href":"https:\/\/api.w.org\/{rel}","templated":true}]}}