{"id":8668,"date":"2025-04-26T00:47:07","date_gmt":"2025-04-26T00:47:07","guid":{"rendered":"https:\/\/thenordicsauna.com\/shop\/system-babelkowy-dla-nordicsix\/"},"modified":"2025-04-26T00:47:07","modified_gmt":"2025-04-26T00:47:07","slug":"system-babelkowy-dla-nordicsix","status":"publish","type":"product","link":"https:\/\/thenordicsauna.com\/pl\/shop\/system-babelkowy-dla-nordicsix\/","title":{"rendered":"System b\u0105belkowy dla NordicSix"},"content":{"rendered":"","protected":false},"excerpt":{"rendered":"<p>System b\u0105belkowy dodaje do wanny z hydromasa\u017cem funkcj\u0119 relaksuj\u0105cego masa\u017cu powietrznego \u2013 idealnego sposobu na odpr\u0119\u017cenie si\u0119 po d\u0142ugim dniu.<\/p>\n<ul>\n<li>System sk\u0142ada si\u0119 z 8 dysz powietrznych, z kt\u00f3rych ka\u017cda jest podzielona na cztery otwory, co zapewnia r\u00f3wnomierny przep\u0142yw b\u0105belk\u00f3w w ca\u0142ej wannie.<\/li>\n<li>Zintegrowana pompa powietrza jest wbudowana w konstrukcj\u0119 wanny, co pozwala zachowa\u0107 jej smuk\u0142\u0105 i kompaktow\u0105 konstrukcj\u0119.<\/li>\n<li>Wykonane z materia\u0142\u00f3w odpornych na zim\u0119, co zapewnia niezawodn\u0105 prac\u0119 w niskich temperaturach.<\/li>\n<li>Opr\u00f3cz dzia\u0142ania relaksuj\u0105cego system b\u0105belkowy wspomaga cyrkulacj\u0119 wody podczas podgrzewania, przyspieszaj\u0105c proces \u2013 nie jest wymagane mieszad\u0142o<\/li>\n<li>Wskaz\u00f3wka dotycz\u0105ca konserwacji: Podobnie jak w przypadku domowych system\u00f3w SPA, po opr\u00f3\u017cnieniu wanny, system b\u0105belkowy nale\u017cy uruchomi\u0107 na 10\u201320 sekund, a\u017c z dysz przestanie wydobywa\u0107 si\u0119 woda. Zapobiega to gromadzeniu si\u0119 bakterii w dyszach i zapobiega uszkodzeniom spowodowanym zamarzaniem. Prawid\u0142owo u\u017cytkowany system b\u0119dzie niezawodnie s\u0142u\u017cy\u0142 przez wiele lat.  <\/li>\n<li>\n<p class=\"p1\"><strong>To akcesorium jest sprzedawane wy\u0142\u0105cznie wraz z zakupem wanny z hydromasa\u017cem.<\/strong><\/p>\n<\/li>\n<\/ul>\n","protected":false},"featured_media":6185,"template":"","meta":{"_acf_changed":false},"product_brand":[],"product_cat":[131],"product_tag":[],"class_list":{"0":"post-8668","1":"product","2":"type-product","3":"status-publish","4":"has-post-thumbnail","6":"product_cat-akcesoria-nordicsix","8":"first","9":"instock","10":"purchasable","11":"product-type-simple"},"acf":[],"yoast_head":"<!-- This site is optimized with the Yoast SEO plugin v26.6 - https:\/\/yoast.com\/wordpress\/plugins\/seo\/ -->\n<title>System b\u0105belkowy dla NordicSix | TheNordicSauna<\/title>\n<meta name=\"description\" content=\"Precyzyjnie monitoruj temperatur\u0119 swojej wanny z hydromasa\u017cem. Nasz cyfrowy termometr integruje si\u0119 bezproblemowo, oferuj\u0105c dok\u0142adne odczyty, trwa\u0142o\u015b\u0107 i \u0142atwo\u015b\u0107 u\u017cytkowania.\" \/>\n<meta name=\"robots\" content=\"index, follow, max-snippet:-1, max-image-preview:large, max-video-preview:-1\" \/>\n<link rel=\"canonical\" href=\"https:\/\/thenordicsauna.com\/pl\/shop\/system-babelkowy-dla-nordicsix\/\" \/>\n<meta property=\"og:locale\" content=\"pl_PL\" \/>\n<meta property=\"og:type\" content=\"article\" \/>\n<meta property=\"og:title\" content=\"System b\u0105belkowy dla NordicSix | TheNordicSauna\" \/>\n<meta property=\"og:description\" content=\"Precyzyjnie monitoruj temperatur\u0119 swojej wanny z hydromasa\u017cem. Nasz cyfrowy termometr integruje si\u0119 bezproblemowo, oferuj\u0105c dok\u0142adne odczyty, trwa\u0142o\u015b\u0107 i \u0142atwo\u015b\u0107 u\u017cytkowania.\" \/>\n<meta property=\"og:url\" content=\"https:\/\/thenordicsauna.com\/pl\/shop\/system-babelkowy-dla-nordicsix\/\" \/>\n<meta property=\"og:site_name\" content=\"TheNordicSauna\" \/>\n<meta property=\"article:publisher\" content=\"https:\/\/www.facebook.com\/TheNordicSauna\/\" \/>\n<meta property=\"og:image\" content=\"https:\/\/thenordicsauna.com\/wp-content\/uploads\/2025\/04\/Lisa-3-mullisusteem-e1730994632279.jpg\" \/>\n\t<meta property=\"og:image:width\" content=\"800\" \/>\n\t<meta property=\"og:image:height\" content=\"450\" \/>\n\t<meta property=\"og:image:type\" content=\"image\/jpeg\" \/>\n<meta name=\"twitter:card\" content=\"summary_large_image\" \/>\n<script type=\"application\/ld+json\" class=\"yoast-schema-graph\">{\"@context\":\"https:\/\/schema.org\",\"@graph\":[{\"@type\":\"WebPage\",\"@id\":\"https:\/\/thenordicsauna.com\/pl\/shop\/system-babelkowy-dla-nordicsix\/\",\"url\":\"https:\/\/thenordicsauna.com\/pl\/shop\/system-babelkowy-dla-nordicsix\/\",\"name\":\"System b\u0105belkowy dla NordicSix | TheNordicSauna\",\"isPartOf\":{\"@id\":\"https:\/\/thenordicsauna.com\/pl\/#website\"},\"primaryImageOfPage\":{\"@id\":\"https:\/\/thenordicsauna.com\/pl\/shop\/system-babelkowy-dla-nordicsix\/#primaryimage\"},\"image\":{\"@id\":\"https:\/\/thenordicsauna.com\/pl\/shop\/system-babelkowy-dla-nordicsix\/#primaryimage\"},\"thumbnailUrl\":\"https:\/\/thenordicsauna.com\/wp-content\/uploads\/2025\/04\/Lisa-3-mullisusteem-e1730994632279.jpg\",\"datePublished\":\"2025-04-26T00:47:07+00:00\",\"description\":\"Precyzyjnie monitoruj temperatur\u0119 swojej wanny z hydromasa\u017cem. Nasz cyfrowy termometr integruje si\u0119 bezproblemowo, oferuj\u0105c dok\u0142adne odczyty, trwa\u0142o\u015b\u0107 i \u0142atwo\u015b\u0107 u\u017cytkowania.\",\"breadcrumb\":{\"@id\":\"https:\/\/thenordicsauna.com\/pl\/shop\/system-babelkowy-dla-nordicsix\/#breadcrumb\"},\"inLanguage\":\"pl-PL\",\"potentialAction\":[{\"@type\":\"ReadAction\",\"target\":[\"https:\/\/thenordicsauna.com\/pl\/shop\/system-babelkowy-dla-nordicsix\/\"]}]},{\"@type\":\"ImageObject\",\"inLanguage\":\"pl-PL\",\"@id\":\"https:\/\/thenordicsauna.com\/pl\/shop\/system-babelkowy-dla-nordicsix\/#primaryimage\",\"url\":\"https:\/\/thenordicsauna.com\/wp-content\/uploads\/2025\/04\/Lisa-3-mullisusteem-e1730994632279.jpg\",\"contentUrl\":\"https:\/\/thenordicsauna.com\/wp-content\/uploads\/2025\/04\/Lisa-3-mullisusteem-e1730994632279.jpg\",\"width\":800,\"height\":450,\"caption\":\"NordicSix Extra bubble system\"},{\"@type\":\"BreadcrumbList\",\"@id\":\"https:\/\/thenordicsauna.com\/pl\/shop\/system-babelkowy-dla-nordicsix\/#breadcrumb\",\"itemListElement\":[{\"@type\":\"ListItem\",\"position\":1,\"name\":\"Home\",\"item\":\"https:\/\/thenordicsauna.com\/pl\/strona-glowna\/\"},{\"@type\":\"ListItem\",\"position\":2,\"name\":\"Sklep\",\"item\":\"https:\/\/thenordicsauna.com\/shop\/\"},{\"@type\":\"ListItem\",\"position\":3,\"name\":\"Akcesoria NordicSix\",\"item\":\"https:\/\/thenordicsauna.com\/pl\/kategoria-produktu\/akcesoria-nordicsix\/\"},{\"@type\":\"ListItem\",\"position\":4,\"name\":\"System b\u0105belkowy dla NordicSix\"}]},{\"@type\":\"WebSite\",\"@id\":\"https:\/\/thenordicsauna.com\/pl\/#website\",\"url\":\"https:\/\/thenordicsauna.com\/pl\/\",\"name\":\"TheNordicSauna\",\"description\":\"Ultimate Outdoor SPA experience\",\"publisher\":{\"@id\":\"https:\/\/thenordicsauna.com\/pl\/#organization\"},\"alternateName\":\"TNS\",\"potentialAction\":[{\"@type\":\"SearchAction\",\"target\":{\"@type\":\"EntryPoint\",\"urlTemplate\":\"https:\/\/thenordicsauna.com\/pl\/?s={search_term_string}\"},\"query-input\":{\"@type\":\"PropertyValueSpecification\",\"valueRequired\":true,\"valueName\":\"search_term_string\"}}],\"inLanguage\":\"pl-PL\"},{\"@type\":\"Organization\",\"@id\":\"https:\/\/thenordicsauna.com\/pl\/#organization\",\"name\":\"TheNordicSauna\",\"alternateName\":\"TNS\",\"url\":\"https:\/\/thenordicsauna.com\/pl\/\",\"logo\":{\"@type\":\"ImageObject\",\"inLanguage\":\"pl-PL\",\"@id\":\"https:\/\/thenordicsauna.com\/pl\/#\/schema\/logo\/image\/\",\"url\":\"https:\/\/thenordicsauna.com\/wp-content\/uploads\/2025\/04\/TheNordicSauna-logo-white.svg\",\"contentUrl\":\"https:\/\/thenordicsauna.com\/wp-content\/uploads\/2025\/04\/TheNordicSauna-logo-white.svg\",\"width\":203,\"height\":203,\"caption\":\"TheNordicSauna\"},\"image\":{\"@id\":\"https:\/\/thenordicsauna.com\/pl\/#\/schema\/logo\/image\/\"},\"sameAs\":[\"https:\/\/www.facebook.com\/TheNordicSauna\/\",\"https:\/\/www.instagram.com\/thenordicsauna\"]}]}<\/script>\n<!-- \/ Yoast SEO plugin. -->","yoast_head_json":{"title":"System b\u0105belkowy dla NordicSix | TheNordicSauna","description":"Precyzyjnie monitoruj temperatur\u0119 swojej wanny z hydromasa\u017cem. Nasz cyfrowy termometr integruje si\u0119 bezproblemowo, oferuj\u0105c dok\u0142adne odczyty, trwa\u0142o\u015b\u0107 i \u0142atwo\u015b\u0107 u\u017cytkowania.","robots":{"index":"index","follow":"follow","max-snippet":"max-snippet:-1","max-image-preview":"max-image-preview:large","max-video-preview":"max-video-preview:-1"},"canonical":"https:\/\/thenordicsauna.com\/pl\/shop\/system-babelkowy-dla-nordicsix\/","og_locale":"pl_PL","og_type":"article","og_title":"System b\u0105belkowy dla NordicSix | TheNordicSauna","og_description":"Precyzyjnie monitoruj temperatur\u0119 swojej wanny z hydromasa\u017cem. Nasz cyfrowy termometr integruje si\u0119 bezproblemowo, oferuj\u0105c dok\u0142adne odczyty, trwa\u0142o\u015b\u0107 i \u0142atwo\u015b\u0107 u\u017cytkowania.","og_url":"https:\/\/thenordicsauna.com\/pl\/shop\/system-babelkowy-dla-nordicsix\/","og_site_name":"TheNordicSauna","article_publisher":"https:\/\/www.facebook.com\/TheNordicSauna\/","og_image":[{"width":800,"height":450,"url":"https:\/\/thenordicsauna.com\/wp-content\/uploads\/2025\/04\/Lisa-3-mullisusteem-e1730994632279.jpg","type":"image\/jpeg"}],"twitter_card":"summary_large_image","schema":{"@context":"https:\/\/schema.org","@graph":[{"@type":"WebPage","@id":"https:\/\/thenordicsauna.com\/pl\/shop\/system-babelkowy-dla-nordicsix\/","url":"https:\/\/thenordicsauna.com\/pl\/shop\/system-babelkowy-dla-nordicsix\/","name":"System b\u0105belkowy dla NordicSix | TheNordicSauna","isPartOf":{"@id":"https:\/\/thenordicsauna.com\/pl\/#website"},"primaryImageOfPage":{"@id":"https:\/\/thenordicsauna.com\/pl\/shop\/system-babelkowy-dla-nordicsix\/#primaryimage"},"image":{"@id":"https:\/\/thenordicsauna.com\/pl\/shop\/system-babelkowy-dla-nordicsix\/#primaryimage"},"thumbnailUrl":"https:\/\/thenordicsauna.com\/wp-content\/uploads\/2025\/04\/Lisa-3-mullisusteem-e1730994632279.jpg","datePublished":"2025-04-26T00:47:07+00:00","description":"Precyzyjnie monitoruj temperatur\u0119 swojej wanny z hydromasa\u017cem. Nasz cyfrowy termometr integruje si\u0119 bezproblemowo, oferuj\u0105c dok\u0142adne odczyty, trwa\u0142o\u015b\u0107 i \u0142atwo\u015b\u0107 u\u017cytkowania.","breadcrumb":{"@id":"https:\/\/thenordicsauna.com\/pl\/shop\/system-babelkowy-dla-nordicsix\/#breadcrumb"},"inLanguage":"pl-PL","potentialAction":[{"@type":"ReadAction","target":["https:\/\/thenordicsauna.com\/pl\/shop\/system-babelkowy-dla-nordicsix\/"]}]},{"@type":"ImageObject","inLanguage":"pl-PL","@id":"https:\/\/thenordicsauna.com\/pl\/shop\/system-babelkowy-dla-nordicsix\/#primaryimage","url":"https:\/\/thenordicsauna.com\/wp-content\/uploads\/2025\/04\/Lisa-3-mullisusteem-e1730994632279.jpg","contentUrl":"https:\/\/thenordicsauna.com\/wp-content\/uploads\/2025\/04\/Lisa-3-mullisusteem-e1730994632279.jpg","width":800,"height":450,"caption":"NordicSix Extra bubble system"},{"@type":"BreadcrumbList","@id":"https:\/\/thenordicsauna.com\/pl\/shop\/system-babelkowy-dla-nordicsix\/#breadcrumb","itemListElement":[{"@type":"ListItem","position":1,"name":"Home","item":"https:\/\/thenordicsauna.com\/pl\/strona-glowna\/"},{"@type":"ListItem","position":2,"name":"Sklep","item":"https:\/\/thenordicsauna.com\/shop\/"},{"@type":"ListItem","position":3,"name":"Akcesoria NordicSix","item":"https:\/\/thenordicsauna.com\/pl\/kategoria-produktu\/akcesoria-nordicsix\/"},{"@type":"ListItem","position":4,"name":"System b\u0105belkowy dla NordicSix"}]},{"@type":"WebSite","@id":"https:\/\/thenordicsauna.com\/pl\/#website","url":"https:\/\/thenordicsauna.com\/pl\/","name":"TheNordicSauna","description":"Ultimate Outdoor SPA experience","publisher":{"@id":"https:\/\/thenordicsauna.com\/pl\/#organization"},"alternateName":"TNS","potentialAction":[{"@type":"SearchAction","target":{"@type":"EntryPoint","urlTemplate":"https:\/\/thenordicsauna.com\/pl\/?s={search_term_string}"},"query-input":{"@type":"PropertyValueSpecification","valueRequired":true,"valueName":"search_term_string"}}],"inLanguage":"pl-PL"},{"@type":"Organization","@id":"https:\/\/thenordicsauna.com\/pl\/#organization","name":"TheNordicSauna","alternateName":"TNS","url":"https:\/\/thenordicsauna.com\/pl\/","logo":{"@type":"ImageObject","inLanguage":"pl-PL","@id":"https:\/\/thenordicsauna.com\/pl\/#\/schema\/logo\/image\/","url":"https:\/\/thenordicsauna.com\/wp-content\/uploads\/2025\/04\/TheNordicSauna-logo-white.svg","contentUrl":"https:\/\/thenordicsauna.com\/wp-content\/uploads\/2025\/04\/TheNordicSauna-logo-white.svg","width":203,"height":203,"caption":"TheNordicSauna"},"image":{"@id":"https:\/\/thenordicsauna.com\/pl\/#\/schema\/logo\/image\/"},"sameAs":["https:\/\/www.facebook.com\/TheNordicSauna\/","https:\/\/www.instagram.com\/thenordicsauna"]}]}},"_links":{"self":[{"href":"https:\/\/thenordicsauna.com\/pl\/wp-json\/wp\/v2\/product\/8668","targetHints":{"allow":["GET"]}}],"collection":[{"href":"https:\/\/thenordicsauna.com\/pl\/wp-json\/wp\/v2\/product"}],"about":[{"href":"https:\/\/thenordicsauna.com\/pl\/wp-json\/wp\/v2\/types\/product"}],"version-history":[{"count":0,"href":"https:\/\/thenordicsauna.com\/pl\/wp-json\/wp\/v2\/product\/8668\/revisions"}],"wp:featuredmedia":[{"embeddable":true,"href":"https:\/\/thenordicsauna.com\/pl\/wp-json\/wp\/v2\/media\/6185"}],"wp:attachment":[{"href":"https:\/\/thenordicsauna.com\/pl\/wp-json\/wp\/v2\/media?parent=8668"}],"wp:term":[{"taxonomy":"product_brand","embeddable":true,"href":"https:\/\/thenordicsauna.com\/pl\/wp-json\/wp\/v2\/product_brand?post=8668"},{"taxonomy":"product_cat","embeddable":true,"href":"https:\/\/thenordicsauna.com\/pl\/wp-json\/wp\/v2\/product_cat?post=8668"},{"taxonomy":"product_tag","embeddable":true,"href":"https:\/\/thenordicsauna.com\/pl\/wp-json\/wp\/v2\/product_tag?post=8668"}],"curies":[{"name":"wp","href":"https:\/\/api.w.org\/{rel}","templated":true}]}}