{"id":8669,"date":"2025-04-26T00:47:07","date_gmt":"2025-04-26T00:47:07","guid":{"rendered":"https:\/\/thenordicsauna.com\/shop\/nordicsix-black-edition-2\/"},"modified":"2025-04-26T00:47:07","modified_gmt":"2025-04-26T00:47:07","slug":"nordicsix-black-edition-2","status":"publish","type":"product","link":"https:\/\/thenordicsauna.com\/pl\/shop\/nordicsix-black-edition-2\/","title":{"rendered":"NordicSix Black Edition"},"content":{"rendered":"<ul>\n<li>Zintegrowany piec aluminiowy klasy morskiej.<\/li>\n<li>W wannie z hydromasa\u017cem mo\u017ce przebywa\u0107 6 lub wi\u0119cej os\u00f3b.<\/li>\n<li>\u015arednica zewn\u0119trzna 200cm, \u015brednica wewn\u0119trzna 180cm.<\/li>\n<li>Ergonomiczne wn\u0119trze z w\u0142\u00f3kna szklanego o g\u0142\u0119boko\u015bci 1 m zapewniaj\u0105ce wyj\u0105tkowy komfort.<\/li>\n<li>Os\u0142ona przeciwdeszczowa i ochrona przed ciep\u0142em na komin.<\/li>\n<li>Miesi\u0119czna rata od 41 EUR.<\/li>\n<li>Wykonane r\u0119cznie w krajach nordyckich dla zapewnienia autentyczno\u015bci i trwa\u0142o\u015bci.<\/li>\n<li>W zestawie 2-letnia gwarancja, kt\u00f3ra zapewni Ci spok\u00f3j ducha.<\/li>\n<li>Dost\u0119pne s\u0105 opcje personalizacji kolor\u00f3w obudowy wewn\u0119trznej i zewn\u0119trznej. <a href=\"https:\/\/thenordicsauna.com\/shop\/nordic-six\/\">Spersonalizuj tutaj.<\/a><\/li>\n<\/ul>\n<ul>\n<li>Aby uzyska\u0107 wi\u0119cej informacji, odwied\u017a <a href=\"https:\/\/thenordicsauna.com\/products\/nordicsix-black-edition\/\" target=\"_blank\" rel=\"noopener\">stron\u0119 produktu NordicSix Black Edition<\/a>.<\/li>\n<\/ul>\n","protected":false},"excerpt":{"rendered":"<ul class=\"elementor-icon-list-items\">\n<li class=\"elementor-icon-list-item\"><span class=\"elementor-icon-list-text\">Zintegrowany piec aluminiowy klasy morskiej.<\/span><\/li>\n<li class=\"elementor-icon-list-item\"><i class=\"fas fa-check\" aria-hidden=\"true\"><\/i><span class=\"elementor-icon-list-text\">Wanna z hydromasa\u017cem mo\u017ce pomie\u015bci\u0107 6 lub wi\u0119cej os\u00f3b<\/span><\/li>\n<li class=\"elementor-icon-list-item\"><i class=\"fas fa-check\" aria-hidden=\"true\"><\/i><span class=\"elementor-icon-list-text\">\u015arednica zewn\u0119trzna 200 cm, \u015brednica wewn\u0119trzna 180 cm<\/span><\/li>\n<li class=\"elementor-icon-list-item\"><i class=\"fas fa-check\" aria-hidden=\"true\"><\/i><span class=\"elementor-icon-list-text\">Ergonomiczne wn\u0119trze z w\u0142\u00f3kna szklanego<\/span><\/li>\n<li class=\"elementor-icon-list-item\"><i class=\"fas fa-check\" aria-hidden=\"true\"><\/i><span class=\"elementor-icon-list-text\">Ochrona cieplna i os\u0142ona przeciwdeszczowa komina<\/span><\/li>\n<\/ul>\n","protected":false},"featured_media":6159,"template":"","meta":{"_acf_changed":false},"product_brand":[],"product_cat":[129],"product_tag":[],"class_list":{"0":"post-8669","1":"product","2":"type-product","3":"status-publish","4":"has-post-thumbnail","6":"product_cat-balia-do-kapieli","8":"first","9":"instock","10":"purchasable","11":"product-type-simple"},"acf":[],"yoast_head":"<!-- This site is optimized with the Yoast SEO plugin v26.6 - https:\/\/yoast.com\/wordpress\/plugins\/seo\/ -->\n<title>NordicSix Black Edition | Nowoczesna wanna z hydromasa\u017cem dla 6+ os\u00f3b | TheNordicSauna<\/title>\n<meta name=\"description\" content=\"Do\u015bwiadcz luksusu z NordicSix Black Edition, wanna z hydromasa\u017cem opalana drewnem, zaprojektowana z my\u015bl\u0105 o trwa\u0142o\u015bci, stylu i relaksie. Pomie\u015bci wygodnie 6 lub wi\u0119cej os\u00f3b.\" \/>\n<meta name=\"robots\" content=\"index, follow, max-snippet:-1, max-image-preview:large, max-video-preview:-1\" \/>\n<link rel=\"canonical\" href=\"https:\/\/thenordicsauna.com\/pl\/shop\/nordicsix-black-edition-2\/\" \/>\n<meta property=\"og:locale\" content=\"pl_PL\" \/>\n<meta property=\"og:type\" content=\"article\" \/>\n<meta property=\"og:title\" content=\"NordicSix Black Edition | Nowoczesna wanna z hydromasa\u017cem dla 6+ os\u00f3b | TheNordicSauna\" \/>\n<meta property=\"og:description\" content=\"Do\u015bwiadcz luksusu z NordicSix Black Edition, wanna z hydromasa\u017cem opalana drewnem, zaprojektowana z my\u015bl\u0105 o trwa\u0142o\u015bci, stylu i relaksie. Pomie\u015bci wygodnie 6 lub wi\u0119cej os\u00f3b.\" \/>\n<meta property=\"og:url\" content=\"https:\/\/thenordicsauna.com\/pl\/shop\/nordicsix-black-edition-2\/\" \/>\n<meta property=\"og:site_name\" content=\"TheNordicSauna\" \/>\n<meta property=\"article:publisher\" content=\"https:\/\/www.facebook.com\/TheNordicSauna\/\" \/>\n<meta property=\"og:image\" content=\"https:\/\/thenordicsauna.com\/wp-content\/uploads\/2025\/04\/Kumblustunn-must-sisu-must-must-plekk.jpg\" \/>\n\t<meta property=\"og:image:width\" content=\"800\" \/>\n\t<meta property=\"og:image:height\" content=\"450\" \/>\n\t<meta property=\"og:image:type\" content=\"image\/jpeg\" \/>\n<meta name=\"twitter:card\" content=\"summary_large_image\" \/>\n<meta name=\"twitter:label1\" content=\"Szacowany czas czytania\" \/>\n\t<meta name=\"twitter:data1\" content=\"1 minuta\" \/>\n<script type=\"application\/ld+json\" class=\"yoast-schema-graph\">{\"@context\":\"https:\/\/schema.org\",\"@graph\":[{\"@type\":\"WebPage\",\"@id\":\"https:\/\/thenordicsauna.com\/pl\/shop\/nordicsix-black-edition-2\/\",\"url\":\"https:\/\/thenordicsauna.com\/pl\/shop\/nordicsix-black-edition-2\/\",\"name\":\"NordicSix Black Edition | Nowoczesna wanna z hydromasa\u017cem dla 6+ os\u00f3b | TheNordicSauna\",\"isPartOf\":{\"@id\":\"https:\/\/thenordicsauna.com\/pl\/#website\"},\"primaryImageOfPage\":{\"@id\":\"https:\/\/thenordicsauna.com\/pl\/shop\/nordicsix-black-edition-2\/#primaryimage\"},\"image\":{\"@id\":\"https:\/\/thenordicsauna.com\/pl\/shop\/nordicsix-black-edition-2\/#primaryimage\"},\"thumbnailUrl\":\"https:\/\/thenordicsauna.com\/wp-content\/uploads\/2025\/04\/Kumblustunn-must-sisu-must-must-plekk.jpg\",\"datePublished\":\"2025-04-26T00:47:07+00:00\",\"description\":\"Do\u015bwiadcz luksusu z NordicSix Black Edition, wanna z hydromasa\u017cem opalana drewnem, zaprojektowana z my\u015bl\u0105 o trwa\u0142o\u015bci, stylu i relaksie. Pomie\u015bci wygodnie 6 lub wi\u0119cej os\u00f3b.\",\"breadcrumb\":{\"@id\":\"https:\/\/thenordicsauna.com\/pl\/shop\/nordicsix-black-edition-2\/#breadcrumb\"},\"inLanguage\":\"pl-PL\",\"potentialAction\":[{\"@type\":\"ReadAction\",\"target\":[\"https:\/\/thenordicsauna.com\/pl\/shop\/nordicsix-black-edition-2\/\"]}]},{\"@type\":\"ImageObject\",\"inLanguage\":\"pl-PL\",\"@id\":\"https:\/\/thenordicsauna.com\/pl\/shop\/nordicsix-black-edition-2\/#primaryimage\",\"url\":\"https:\/\/thenordicsauna.com\/wp-content\/uploads\/2025\/04\/Kumblustunn-must-sisu-must-must-plekk.jpg\",\"contentUrl\":\"https:\/\/thenordicsauna.com\/wp-content\/uploads\/2025\/04\/Kumblustunn-must-sisu-must-must-plekk.jpg\",\"width\":800,\"height\":450,\"caption\":\"NordicSix Custom with Black interior\"},{\"@type\":\"BreadcrumbList\",\"@id\":\"https:\/\/thenordicsauna.com\/pl\/shop\/nordicsix-black-edition-2\/#breadcrumb\",\"itemListElement\":[{\"@type\":\"ListItem\",\"position\":1,\"name\":\"Home\",\"item\":\"https:\/\/thenordicsauna.com\/pl\/strona-glowna\/\"},{\"@type\":\"ListItem\",\"position\":2,\"name\":\"Sklep\",\"item\":\"https:\/\/thenordicsauna.com\/shop\/\"},{\"@type\":\"ListItem\",\"position\":3,\"name\":\"Balie do k\u0105pieli\",\"item\":\"https:\/\/thenordicsauna.com\/pl\/kategoria-produktu\/balia-do-kapieli\/\"},{\"@type\":\"ListItem\",\"position\":4,\"name\":\"NordicSix Black Edition\"}]},{\"@type\":\"WebSite\",\"@id\":\"https:\/\/thenordicsauna.com\/pl\/#website\",\"url\":\"https:\/\/thenordicsauna.com\/pl\/\",\"name\":\"TheNordicSauna\",\"description\":\"Ultimate Outdoor SPA experience\",\"publisher\":{\"@id\":\"https:\/\/thenordicsauna.com\/pl\/#organization\"},\"alternateName\":\"TNS\",\"potentialAction\":[{\"@type\":\"SearchAction\",\"target\":{\"@type\":\"EntryPoint\",\"urlTemplate\":\"https:\/\/thenordicsauna.com\/pl\/?s={search_term_string}\"},\"query-input\":{\"@type\":\"PropertyValueSpecification\",\"valueRequired\":true,\"valueName\":\"search_term_string\"}}],\"inLanguage\":\"pl-PL\"},{\"@type\":\"Organization\",\"@id\":\"https:\/\/thenordicsauna.com\/pl\/#organization\",\"name\":\"TheNordicSauna\",\"alternateName\":\"TNS\",\"url\":\"https:\/\/thenordicsauna.com\/pl\/\",\"logo\":{\"@type\":\"ImageObject\",\"inLanguage\":\"pl-PL\",\"@id\":\"https:\/\/thenordicsauna.com\/pl\/#\/schema\/logo\/image\/\",\"url\":\"https:\/\/thenordicsauna.com\/wp-content\/uploads\/2025\/04\/TheNordicSauna-logo-white.svg\",\"contentUrl\":\"https:\/\/thenordicsauna.com\/wp-content\/uploads\/2025\/04\/TheNordicSauna-logo-white.svg\",\"width\":203,\"height\":203,\"caption\":\"TheNordicSauna\"},\"image\":{\"@id\":\"https:\/\/thenordicsauna.com\/pl\/#\/schema\/logo\/image\/\"},\"sameAs\":[\"https:\/\/www.facebook.com\/TheNordicSauna\/\",\"https:\/\/www.instagram.com\/thenordicsauna\"]}]}<\/script>\n<!-- \/ Yoast SEO plugin. -->","yoast_head_json":{"title":"NordicSix Black Edition | Nowoczesna wanna z hydromasa\u017cem dla 6+ os\u00f3b | TheNordicSauna","description":"Do\u015bwiadcz luksusu z NordicSix Black Edition, wanna z hydromasa\u017cem opalana drewnem, zaprojektowana z my\u015bl\u0105 o trwa\u0142o\u015bci, stylu i relaksie. Pomie\u015bci wygodnie 6 lub wi\u0119cej os\u00f3b.","robots":{"index":"index","follow":"follow","max-snippet":"max-snippet:-1","max-image-preview":"max-image-preview:large","max-video-preview":"max-video-preview:-1"},"canonical":"https:\/\/thenordicsauna.com\/pl\/shop\/nordicsix-black-edition-2\/","og_locale":"pl_PL","og_type":"article","og_title":"NordicSix Black Edition | Nowoczesna wanna z hydromasa\u017cem dla 6+ os\u00f3b | TheNordicSauna","og_description":"Do\u015bwiadcz luksusu z NordicSix Black Edition, wanna z hydromasa\u017cem opalana drewnem, zaprojektowana z my\u015bl\u0105 o trwa\u0142o\u015bci, stylu i relaksie. Pomie\u015bci wygodnie 6 lub wi\u0119cej os\u00f3b.","og_url":"https:\/\/thenordicsauna.com\/pl\/shop\/nordicsix-black-edition-2\/","og_site_name":"TheNordicSauna","article_publisher":"https:\/\/www.facebook.com\/TheNordicSauna\/","og_image":[{"width":800,"height":450,"url":"https:\/\/thenordicsauna.com\/wp-content\/uploads\/2025\/04\/Kumblustunn-must-sisu-must-must-plekk.jpg","type":"image\/jpeg"}],"twitter_card":"summary_large_image","twitter_misc":{"Szacowany czas czytania":"1 minuta"},"schema":{"@context":"https:\/\/schema.org","@graph":[{"@type":"WebPage","@id":"https:\/\/thenordicsauna.com\/pl\/shop\/nordicsix-black-edition-2\/","url":"https:\/\/thenordicsauna.com\/pl\/shop\/nordicsix-black-edition-2\/","name":"NordicSix Black Edition | Nowoczesna wanna z hydromasa\u017cem dla 6+ os\u00f3b | TheNordicSauna","isPartOf":{"@id":"https:\/\/thenordicsauna.com\/pl\/#website"},"primaryImageOfPage":{"@id":"https:\/\/thenordicsauna.com\/pl\/shop\/nordicsix-black-edition-2\/#primaryimage"},"image":{"@id":"https:\/\/thenordicsauna.com\/pl\/shop\/nordicsix-black-edition-2\/#primaryimage"},"thumbnailUrl":"https:\/\/thenordicsauna.com\/wp-content\/uploads\/2025\/04\/Kumblustunn-must-sisu-must-must-plekk.jpg","datePublished":"2025-04-26T00:47:07+00:00","description":"Do\u015bwiadcz luksusu z NordicSix Black Edition, wanna z hydromasa\u017cem opalana drewnem, zaprojektowana z my\u015bl\u0105 o trwa\u0142o\u015bci, stylu i relaksie. Pomie\u015bci wygodnie 6 lub wi\u0119cej os\u00f3b.","breadcrumb":{"@id":"https:\/\/thenordicsauna.com\/pl\/shop\/nordicsix-black-edition-2\/#breadcrumb"},"inLanguage":"pl-PL","potentialAction":[{"@type":"ReadAction","target":["https:\/\/thenordicsauna.com\/pl\/shop\/nordicsix-black-edition-2\/"]}]},{"@type":"ImageObject","inLanguage":"pl-PL","@id":"https:\/\/thenordicsauna.com\/pl\/shop\/nordicsix-black-edition-2\/#primaryimage","url":"https:\/\/thenordicsauna.com\/wp-content\/uploads\/2025\/04\/Kumblustunn-must-sisu-must-must-plekk.jpg","contentUrl":"https:\/\/thenordicsauna.com\/wp-content\/uploads\/2025\/04\/Kumblustunn-must-sisu-must-must-plekk.jpg","width":800,"height":450,"caption":"NordicSix Custom with Black interior"},{"@type":"BreadcrumbList","@id":"https:\/\/thenordicsauna.com\/pl\/shop\/nordicsix-black-edition-2\/#breadcrumb","itemListElement":[{"@type":"ListItem","position":1,"name":"Home","item":"https:\/\/thenordicsauna.com\/pl\/strona-glowna\/"},{"@type":"ListItem","position":2,"name":"Sklep","item":"https:\/\/thenordicsauna.com\/shop\/"},{"@type":"ListItem","position":3,"name":"Balie do k\u0105pieli","item":"https:\/\/thenordicsauna.com\/pl\/kategoria-produktu\/balia-do-kapieli\/"},{"@type":"ListItem","position":4,"name":"NordicSix Black Edition"}]},{"@type":"WebSite","@id":"https:\/\/thenordicsauna.com\/pl\/#website","url":"https:\/\/thenordicsauna.com\/pl\/","name":"TheNordicSauna","description":"Ultimate Outdoor SPA experience","publisher":{"@id":"https:\/\/thenordicsauna.com\/pl\/#organization"},"alternateName":"TNS","potentialAction":[{"@type":"SearchAction","target":{"@type":"EntryPoint","urlTemplate":"https:\/\/thenordicsauna.com\/pl\/?s={search_term_string}"},"query-input":{"@type":"PropertyValueSpecification","valueRequired":true,"valueName":"search_term_string"}}],"inLanguage":"pl-PL"},{"@type":"Organization","@id":"https:\/\/thenordicsauna.com\/pl\/#organization","name":"TheNordicSauna","alternateName":"TNS","url":"https:\/\/thenordicsauna.com\/pl\/","logo":{"@type":"ImageObject","inLanguage":"pl-PL","@id":"https:\/\/thenordicsauna.com\/pl\/#\/schema\/logo\/image\/","url":"https:\/\/thenordicsauna.com\/wp-content\/uploads\/2025\/04\/TheNordicSauna-logo-white.svg","contentUrl":"https:\/\/thenordicsauna.com\/wp-content\/uploads\/2025\/04\/TheNordicSauna-logo-white.svg","width":203,"height":203,"caption":"TheNordicSauna"},"image":{"@id":"https:\/\/thenordicsauna.com\/pl\/#\/schema\/logo\/image\/"},"sameAs":["https:\/\/www.facebook.com\/TheNordicSauna\/","https:\/\/www.instagram.com\/thenordicsauna"]}]}},"_links":{"self":[{"href":"https:\/\/thenordicsauna.com\/pl\/wp-json\/wp\/v2\/product\/8669","targetHints":{"allow":["GET"]}}],"collection":[{"href":"https:\/\/thenordicsauna.com\/pl\/wp-json\/wp\/v2\/product"}],"about":[{"href":"https:\/\/thenordicsauna.com\/pl\/wp-json\/wp\/v2\/types\/product"}],"version-history":[{"count":0,"href":"https:\/\/thenordicsauna.com\/pl\/wp-json\/wp\/v2\/product\/8669\/revisions"}],"wp:featuredmedia":[{"embeddable":true,"href":"https:\/\/thenordicsauna.com\/pl\/wp-json\/wp\/v2\/media\/6159"}],"wp:attachment":[{"href":"https:\/\/thenordicsauna.com\/pl\/wp-json\/wp\/v2\/media?parent=8669"}],"wp:term":[{"taxonomy":"product_brand","embeddable":true,"href":"https:\/\/thenordicsauna.com\/pl\/wp-json\/wp\/v2\/product_brand?post=8669"},{"taxonomy":"product_cat","embeddable":true,"href":"https:\/\/thenordicsauna.com\/pl\/wp-json\/wp\/v2\/product_cat?post=8669"},{"taxonomy":"product_tag","embeddable":true,"href":"https:\/\/thenordicsauna.com\/pl\/wp-json\/wp\/v2\/product_tag?post=8669"}],"curies":[{"name":"wp","href":"https:\/\/api.w.org\/{rel}","templated":true}]}}