{"id":8670,"date":"2025-08-22T21:12:12","date_gmt":"2025-08-22T21:12:12","guid":{"rendered":"https:\/\/thenordicsauna.com\/shop\/redukcja-weza-o32-38-mm-2-szt\/"},"modified":"2025-10-06T15:16:17","modified_gmt":"2025-10-06T15:16:17","slug":"redukcja-weza-o32-38-mm-2-szt","status":"publish","type":"product","link":"https:\/\/thenordicsauna.com\/pl\/shop\/redukcja-weza-o32-38-mm-2-szt\/","title":{"rendered":"Redukcja w\u0119\u017ca \u00d832\/38 mm, 2 szt."},"content":{"rendered":"","protected":false},"excerpt":{"rendered":"<p>Zalecamy stosowanie w\u0119\u017ca 38 mm wraz z gumow\u0105 redukcj\u0105, nawet je\u015bli urz\u0105dzenie posiada r\u00f3wnie\u017c przy\u0142\u0105cze 38 mm opr\u00f3cz przy\u0142\u0105cza 32 mm. Pod\u0142\u0105czenie w\u0119\u017ca do przy\u0142\u0105cza 32 mm za pomoc\u0105 redukcji powoduje powstanie elastycznej warstwy mi\u0119dzy w\u0119\u017cem a urz\u0105dzeniem, co poprawia uszczelnienie i zmniejsza ryzyko wyciek\u00f3w. <\/p>\n<p>Kr\u00f3tko m\u00f3wi\u0105c: chocia\u017c Twoje urz\u0105dzenie obs\u0142uguje bezpo\u015brednie po\u0142\u0105czenie 38 mm, uzyskasz bardziej niezawodne i szczelne uszczelnienie, pod\u0142\u0105czaj\u0105c w\u0105\u017c 38 mm do przy\u0142\u0105cza 32 mm za pomoc\u0105 gumowego reduktora.<\/p>\n<p><strong>Wskaz\u00f3wka dotycz\u0105ca pod\u0142\u0105czania:<\/strong><br \/>\nZawsze u\u017cywaj mocnych metalowych opasek zaciskowych. Chocia\u017c wiele urz\u0105dze\u0144 jest wyposa\u017conych w plastikowe lub gorszej jako\u015bci opaski, cz\u0119sto nie zapewniaj\u0105 one wystarczaj\u0105cej si\u0142y docisku i wytrzyma\u0142o\u015bci, aby zapewni\u0107 bezpieczne i d\u0142ugotrwa\u0142e dopasowanie. Unikaj nadmiernego dokr\u0119cania opasek, gdy system jest suchy. Najpierw dokr\u0119\u0107 je z umiarkowan\u0105 si\u0142\u0105, a nast\u0119pnie dokr\u0119\u0107 je dopiero po uruchomieniu pompy obiegowej \u2014 na tyle, aby zatamowa\u0107 wszelkie widoczne wycieki. Zapewnia to lepsze uszczelnienie i zapobiega uszkodzeniom z\u0142\u0105czki lub w\u0119\u017ca.    <\/p>\n","protected":false},"featured_media":7332,"template":"","meta":{"_acf_changed":false},"product_brand":[],"product_cat":[127],"product_tag":[],"class_list":{"0":"post-8670","1":"product","2":"type-product","3":"status-publish","4":"has-post-thumbnail","6":"product_cat-kontrola-wody","7":"product_shipping_class-male-przedmioty","9":"first","10":"instock","11":"taxable","12":"shipping-taxable","13":"purchasable","14":"product-type-simple"},"acf":[],"yoast_head":"<!-- This site is optimized with the Yoast SEO plugin v26.6 - https:\/\/yoast.com\/wordpress\/plugins\/seo\/ -->\n<title>Redukcja w\u0119\u017ca \u00d832\/38 mm, 2 szt. | TheNordicSauna<\/title>\n<meta name=\"robots\" content=\"index, follow, max-snippet:-1, max-image-preview:large, max-video-preview:-1\" \/>\n<link rel=\"canonical\" href=\"https:\/\/thenordicsauna.com\/pl\/shop\/redukcja-weza-o32-38-mm-2-szt\/\" \/>\n<meta property=\"og:locale\" content=\"pl_PL\" \/>\n<meta property=\"og:type\" content=\"article\" \/>\n<meta property=\"og:title\" content=\"Redukcja w\u0119\u017ca \u00d832\/38 mm, 2 szt. | TheNordicSauna\" \/>\n<meta property=\"og:description\" content=\"Zalecamy stosowanie w\u0119\u017ca 38 mm wraz z gumow\u0105 redukcj\u0105, nawet je\u015bli urz\u0105dzenie posiada r\u00f3wnie\u017c przy\u0142\u0105cze 38 mm opr\u00f3cz przy\u0142\u0105cza 32 mm. Pod\u0142\u0105czenie w\u0119\u017ca do przy\u0142\u0105cza 32 mm za pomoc\u0105 redukcji powoduje powstanie elastycznej warstwy mi\u0119dzy w\u0119\u017cem a urz\u0105dzeniem, co poprawia uszczelnienie i zmniejsza ryzyko wyciek\u00f3w.  Kr\u00f3tko m\u00f3wi\u0105c: chocia\u017c Twoje urz\u0105dzenie obs\u0142uguje bezpo\u015brednie po\u0142\u0105czenie 38 mm, uzyskasz bardziej niezawodne i szczelne uszczelnienie, pod\u0142\u0105czaj\u0105c w\u0105\u017c 38 mm do przy\u0142\u0105cza 32 mm za pomoc\u0105 gumowego reduktora. Wskaz\u00f3wka dotycz\u0105ca pod\u0142\u0105czania: Zawsze u\u017cywaj mocnych metalowych opasek zaciskowych. Chocia\u017c wiele urz\u0105dze\u0144 jest wyposa\u017conych w plastikowe lub gorszej jako\u015bci opaski, cz\u0119sto nie zapewniaj\u0105 one wystarczaj\u0105cej si\u0142y docisku i wytrzyma\u0142o\u015bci, aby zapewni\u0107 bezpieczne i d\u0142ugotrwa\u0142e dopasowanie. Unikaj nadmiernego dokr\u0119cania opasek, gdy system jest suchy. Najpierw dokr\u0119\u0107 je z umiarkowan\u0105 si\u0142\u0105, a nast\u0119pnie dokr\u0119\u0107 je dopiero po uruchomieniu pompy obiegowej \u2014 na tyle, aby zatamowa\u0107 wszelkie widoczne wycieki. Zapewnia to lepsze uszczelnienie i zapobiega uszkodzeniom z\u0142\u0105czki lub w\u0119\u017ca.\" \/>\n<meta property=\"og:url\" content=\"https:\/\/thenordicsauna.com\/pl\/shop\/redukcja-weza-o32-38-mm-2-szt\/\" \/>\n<meta property=\"og:site_name\" content=\"TheNordicSauna\" \/>\n<meta property=\"article:publisher\" content=\"https:\/\/www.facebook.com\/TheNordicSauna\/\" \/>\n<meta property=\"article:modified_time\" content=\"2025-10-06T15:16:17+00:00\" \/>\n<meta property=\"og:image\" content=\"https:\/\/thenordicsauna.com\/wp-content\/uploads\/2025\/08\/Hose-reduction-unit.png\" \/>\n\t<meta property=\"og:image:width\" content=\"800\" \/>\n\t<meta property=\"og:image:height\" content=\"531\" \/>\n\t<meta property=\"og:image:type\" content=\"image\/png\" \/>\n<meta name=\"twitter:card\" content=\"summary_large_image\" \/>\n<script type=\"application\/ld+json\" class=\"yoast-schema-graph\">{\"@context\":\"https:\/\/schema.org\",\"@graph\":[{\"@type\":\"WebPage\",\"@id\":\"https:\/\/thenordicsauna.com\/pl\/shop\/redukcja-weza-o32-38-mm-2-szt\/\",\"url\":\"https:\/\/thenordicsauna.com\/pl\/shop\/redukcja-weza-o32-38-mm-2-szt\/\",\"name\":\"Redukcja w\u0119\u017ca \u00d832\/38 mm, 2 szt. | TheNordicSauna\",\"isPartOf\":{\"@id\":\"https:\/\/thenordicsauna.com\/pl\/#website\"},\"primaryImageOfPage\":{\"@id\":\"https:\/\/thenordicsauna.com\/pl\/shop\/redukcja-weza-o32-38-mm-2-szt\/#primaryimage\"},\"image\":{\"@id\":\"https:\/\/thenordicsauna.com\/pl\/shop\/redukcja-weza-o32-38-mm-2-szt\/#primaryimage\"},\"thumbnailUrl\":\"https:\/\/thenordicsauna.com\/wp-content\/uploads\/2025\/08\/Hose-reduction-unit.png\",\"datePublished\":\"2025-08-22T21:12:12+00:00\",\"dateModified\":\"2025-10-06T15:16:17+00:00\",\"breadcrumb\":{\"@id\":\"https:\/\/thenordicsauna.com\/pl\/shop\/redukcja-weza-o32-38-mm-2-szt\/#breadcrumb\"},\"inLanguage\":\"pl-PL\",\"potentialAction\":[{\"@type\":\"ReadAction\",\"target\":[\"https:\/\/thenordicsauna.com\/pl\/shop\/redukcja-weza-o32-38-mm-2-szt\/\"]}]},{\"@type\":\"ImageObject\",\"inLanguage\":\"pl-PL\",\"@id\":\"https:\/\/thenordicsauna.com\/pl\/shop\/redukcja-weza-o32-38-mm-2-szt\/#primaryimage\",\"url\":\"https:\/\/thenordicsauna.com\/wp-content\/uploads\/2025\/08\/Hose-reduction-unit.png\",\"contentUrl\":\"https:\/\/thenordicsauna.com\/wp-content\/uploads\/2025\/08\/Hose-reduction-unit.png\",\"width\":800,\"height\":531,\"caption\":\"Redukcja w\u0119\u017ca gumowa, \u00d832:38 mm\"},{\"@type\":\"BreadcrumbList\",\"@id\":\"https:\/\/thenordicsauna.com\/pl\/shop\/redukcja-weza-o32-38-mm-2-szt\/#breadcrumb\",\"itemListElement\":[{\"@type\":\"ListItem\",\"position\":1,\"name\":\"Home\",\"item\":\"https:\/\/thenordicsauna.com\/pl\/strona-glowna\/\"},{\"@type\":\"ListItem\",\"position\":2,\"name\":\"Sklep\",\"item\":\"https:\/\/thenordicsauna.com\/shop\/\"},{\"@type\":\"ListItem\",\"position\":3,\"name\":\"Ogrzewanie, ch\u0142odzenie i filtracja\",\"item\":\"https:\/\/thenordicsauna.com\/pl\/kategoria-produktu\/kontrola-wody\/\"},{\"@type\":\"ListItem\",\"position\":4,\"name\":\"Redukcja w\u0119\u017ca \u00d832\/38 mm, 2 szt.\"}]},{\"@type\":\"WebSite\",\"@id\":\"https:\/\/thenordicsauna.com\/pl\/#website\",\"url\":\"https:\/\/thenordicsauna.com\/pl\/\",\"name\":\"TheNordicSauna\",\"description\":\"Ultimate Outdoor SPA experience\",\"publisher\":{\"@id\":\"https:\/\/thenordicsauna.com\/pl\/#organization\"},\"alternateName\":\"TNS\",\"potentialAction\":[{\"@type\":\"SearchAction\",\"target\":{\"@type\":\"EntryPoint\",\"urlTemplate\":\"https:\/\/thenordicsauna.com\/pl\/?s={search_term_string}\"},\"query-input\":{\"@type\":\"PropertyValueSpecification\",\"valueRequired\":true,\"valueName\":\"search_term_string\"}}],\"inLanguage\":\"pl-PL\"},{\"@type\":\"Organization\",\"@id\":\"https:\/\/thenordicsauna.com\/pl\/#organization\",\"name\":\"TheNordicSauna\",\"alternateName\":\"TNS\",\"url\":\"https:\/\/thenordicsauna.com\/pl\/\",\"logo\":{\"@type\":\"ImageObject\",\"inLanguage\":\"pl-PL\",\"@id\":\"https:\/\/thenordicsauna.com\/pl\/#\/schema\/logo\/image\/\",\"url\":\"https:\/\/thenordicsauna.com\/wp-content\/uploads\/2025\/04\/TheNordicSauna-logo-white.svg\",\"contentUrl\":\"https:\/\/thenordicsauna.com\/wp-content\/uploads\/2025\/04\/TheNordicSauna-logo-white.svg\",\"width\":203,\"height\":203,\"caption\":\"TheNordicSauna\"},\"image\":{\"@id\":\"https:\/\/thenordicsauna.com\/pl\/#\/schema\/logo\/image\/\"},\"sameAs\":[\"https:\/\/www.facebook.com\/TheNordicSauna\/\",\"https:\/\/www.instagram.com\/thenordicsauna\"]}]}<\/script>\n<!-- \/ Yoast SEO plugin. -->","yoast_head_json":{"title":"Redukcja w\u0119\u017ca \u00d832\/38 mm, 2 szt. | TheNordicSauna","robots":{"index":"index","follow":"follow","max-snippet":"max-snippet:-1","max-image-preview":"max-image-preview:large","max-video-preview":"max-video-preview:-1"},"canonical":"https:\/\/thenordicsauna.com\/pl\/shop\/redukcja-weza-o32-38-mm-2-szt\/","og_locale":"pl_PL","og_type":"article","og_title":"Redukcja w\u0119\u017ca \u00d832\/38 mm, 2 szt. | TheNordicSauna","og_description":"Zalecamy stosowanie w\u0119\u017ca 38 mm wraz z gumow\u0105 redukcj\u0105, nawet je\u015bli urz\u0105dzenie posiada r\u00f3wnie\u017c przy\u0142\u0105cze 38 mm opr\u00f3cz przy\u0142\u0105cza 32 mm. Pod\u0142\u0105czenie w\u0119\u017ca do przy\u0142\u0105cza 32 mm za pomoc\u0105 redukcji powoduje powstanie elastycznej warstwy mi\u0119dzy w\u0119\u017cem a urz\u0105dzeniem, co poprawia uszczelnienie i zmniejsza ryzyko wyciek\u00f3w.  Kr\u00f3tko m\u00f3wi\u0105c: chocia\u017c Twoje urz\u0105dzenie obs\u0142uguje bezpo\u015brednie po\u0142\u0105czenie 38 mm, uzyskasz bardziej niezawodne i szczelne uszczelnienie, pod\u0142\u0105czaj\u0105c w\u0105\u017c 38 mm do przy\u0142\u0105cza 32 mm za pomoc\u0105 gumowego reduktora. Wskaz\u00f3wka dotycz\u0105ca pod\u0142\u0105czania: Zawsze u\u017cywaj mocnych metalowych opasek zaciskowych. Chocia\u017c wiele urz\u0105dze\u0144 jest wyposa\u017conych w plastikowe lub gorszej jako\u015bci opaski, cz\u0119sto nie zapewniaj\u0105 one wystarczaj\u0105cej si\u0142y docisku i wytrzyma\u0142o\u015bci, aby zapewni\u0107 bezpieczne i d\u0142ugotrwa\u0142e dopasowanie. Unikaj nadmiernego dokr\u0119cania opasek, gdy system jest suchy. Najpierw dokr\u0119\u0107 je z umiarkowan\u0105 si\u0142\u0105, a nast\u0119pnie dokr\u0119\u0107 je dopiero po uruchomieniu pompy obiegowej \u2014 na tyle, aby zatamowa\u0107 wszelkie widoczne wycieki. Zapewnia to lepsze uszczelnienie i zapobiega uszkodzeniom z\u0142\u0105czki lub w\u0119\u017ca.","og_url":"https:\/\/thenordicsauna.com\/pl\/shop\/redukcja-weza-o32-38-mm-2-szt\/","og_site_name":"TheNordicSauna","article_publisher":"https:\/\/www.facebook.com\/TheNordicSauna\/","article_modified_time":"2025-10-06T15:16:17+00:00","og_image":[{"width":800,"height":531,"url":"https:\/\/thenordicsauna.com\/wp-content\/uploads\/2025\/08\/Hose-reduction-unit.png","type":"image\/png"}],"twitter_card":"summary_large_image","schema":{"@context":"https:\/\/schema.org","@graph":[{"@type":"WebPage","@id":"https:\/\/thenordicsauna.com\/pl\/shop\/redukcja-weza-o32-38-mm-2-szt\/","url":"https:\/\/thenordicsauna.com\/pl\/shop\/redukcja-weza-o32-38-mm-2-szt\/","name":"Redukcja w\u0119\u017ca \u00d832\/38 mm, 2 szt. | TheNordicSauna","isPartOf":{"@id":"https:\/\/thenordicsauna.com\/pl\/#website"},"primaryImageOfPage":{"@id":"https:\/\/thenordicsauna.com\/pl\/shop\/redukcja-weza-o32-38-mm-2-szt\/#primaryimage"},"image":{"@id":"https:\/\/thenordicsauna.com\/pl\/shop\/redukcja-weza-o32-38-mm-2-szt\/#primaryimage"},"thumbnailUrl":"https:\/\/thenordicsauna.com\/wp-content\/uploads\/2025\/08\/Hose-reduction-unit.png","datePublished":"2025-08-22T21:12:12+00:00","dateModified":"2025-10-06T15:16:17+00:00","breadcrumb":{"@id":"https:\/\/thenordicsauna.com\/pl\/shop\/redukcja-weza-o32-38-mm-2-szt\/#breadcrumb"},"inLanguage":"pl-PL","potentialAction":[{"@type":"ReadAction","target":["https:\/\/thenordicsauna.com\/pl\/shop\/redukcja-weza-o32-38-mm-2-szt\/"]}]},{"@type":"ImageObject","inLanguage":"pl-PL","@id":"https:\/\/thenordicsauna.com\/pl\/shop\/redukcja-weza-o32-38-mm-2-szt\/#primaryimage","url":"https:\/\/thenordicsauna.com\/wp-content\/uploads\/2025\/08\/Hose-reduction-unit.png","contentUrl":"https:\/\/thenordicsauna.com\/wp-content\/uploads\/2025\/08\/Hose-reduction-unit.png","width":800,"height":531,"caption":"Redukcja w\u0119\u017ca gumowa, \u00d832:38 mm"},{"@type":"BreadcrumbList","@id":"https:\/\/thenordicsauna.com\/pl\/shop\/redukcja-weza-o32-38-mm-2-szt\/#breadcrumb","itemListElement":[{"@type":"ListItem","position":1,"name":"Home","item":"https:\/\/thenordicsauna.com\/pl\/strona-glowna\/"},{"@type":"ListItem","position":2,"name":"Sklep","item":"https:\/\/thenordicsauna.com\/shop\/"},{"@type":"ListItem","position":3,"name":"Ogrzewanie, ch\u0142odzenie i filtracja","item":"https:\/\/thenordicsauna.com\/pl\/kategoria-produktu\/kontrola-wody\/"},{"@type":"ListItem","position":4,"name":"Redukcja w\u0119\u017ca \u00d832\/38 mm, 2 szt."}]},{"@type":"WebSite","@id":"https:\/\/thenordicsauna.com\/pl\/#website","url":"https:\/\/thenordicsauna.com\/pl\/","name":"TheNordicSauna","description":"Ultimate Outdoor SPA experience","publisher":{"@id":"https:\/\/thenordicsauna.com\/pl\/#organization"},"alternateName":"TNS","potentialAction":[{"@type":"SearchAction","target":{"@type":"EntryPoint","urlTemplate":"https:\/\/thenordicsauna.com\/pl\/?s={search_term_string}"},"query-input":{"@type":"PropertyValueSpecification","valueRequired":true,"valueName":"search_term_string"}}],"inLanguage":"pl-PL"},{"@type":"Organization","@id":"https:\/\/thenordicsauna.com\/pl\/#organization","name":"TheNordicSauna","alternateName":"TNS","url":"https:\/\/thenordicsauna.com\/pl\/","logo":{"@type":"ImageObject","inLanguage":"pl-PL","@id":"https:\/\/thenordicsauna.com\/pl\/#\/schema\/logo\/image\/","url":"https:\/\/thenordicsauna.com\/wp-content\/uploads\/2025\/04\/TheNordicSauna-logo-white.svg","contentUrl":"https:\/\/thenordicsauna.com\/wp-content\/uploads\/2025\/04\/TheNordicSauna-logo-white.svg","width":203,"height":203,"caption":"TheNordicSauna"},"image":{"@id":"https:\/\/thenordicsauna.com\/pl\/#\/schema\/logo\/image\/"},"sameAs":["https:\/\/www.facebook.com\/TheNordicSauna\/","https:\/\/www.instagram.com\/thenordicsauna"]}]}},"_links":{"self":[{"href":"https:\/\/thenordicsauna.com\/pl\/wp-json\/wp\/v2\/product\/8670","targetHints":{"allow":["GET"]}}],"collection":[{"href":"https:\/\/thenordicsauna.com\/pl\/wp-json\/wp\/v2\/product"}],"about":[{"href":"https:\/\/thenordicsauna.com\/pl\/wp-json\/wp\/v2\/types\/product"}],"version-history":[{"count":1,"href":"https:\/\/thenordicsauna.com\/pl\/wp-json\/wp\/v2\/product\/8670\/revisions"}],"predecessor-version":[{"id":8706,"href":"https:\/\/thenordicsauna.com\/pl\/wp-json\/wp\/v2\/product\/8670\/revisions\/8706"}],"wp:featuredmedia":[{"embeddable":true,"href":"https:\/\/thenordicsauna.com\/pl\/wp-json\/wp\/v2\/media\/7332"}],"wp:attachment":[{"href":"https:\/\/thenordicsauna.com\/pl\/wp-json\/wp\/v2\/media?parent=8670"}],"wp:term":[{"taxonomy":"product_brand","embeddable":true,"href":"https:\/\/thenordicsauna.com\/pl\/wp-json\/wp\/v2\/product_brand?post=8670"},{"taxonomy":"product_cat","embeddable":true,"href":"https:\/\/thenordicsauna.com\/pl\/wp-json\/wp\/v2\/product_cat?post=8670"},{"taxonomy":"product_tag","embeddable":true,"href":"https:\/\/thenordicsauna.com\/pl\/wp-json\/wp\/v2\/product_tag?post=8670"}],"curies":[{"name":"wp","href":"https:\/\/api.w.org\/{rel}","templated":true}]}}