{"id":8671,"date":"2025-05-28T21:19:41","date_gmt":"2025-05-28T21:19:41","guid":{"rendered":"https:\/\/thenordicsauna.com\/shop\/nordic-dome-2\/"},"modified":"2025-10-06T18:18:38","modified_gmt":"2025-10-06T18:18:38","slug":"nordic-dome-2","status":"publish","type":"product","link":"https:\/\/thenordicsauna.com\/pl\/shop\/nordic-dome-2\/","title":{"rendered":"Nordic Dome"},"content":{"rendered":"<p class=\"p1\">Nordic Dome to nowoczesna, geodezyjna os\u0142ona, kt\u00f3ra przekszta\u0142ci Twoj\u0105 przestrze\u0144 zewn\u0119trzn\u0105 w oaz\u0119 spokoju i ochrony przed niepogod\u0105. Niezale\u017cnie od tego, czy delektujesz si\u0119 porann\u0105 kaw\u0105, organizujesz kolacj\u0119, czy \u0107wiczysz jog\u0119, ta kopu\u0142a tworzy przytulne i efektowne otoczenie na ka\u017cd\u0105 por\u0119 roku. <\/p>\n<p class=\"p3\"><b>Kluczowe cechy:<\/b><b><\/b><\/p>\n<ul>\n<li>\n<p class=\"p1\"><span class=\"s1\"><br \/>\n  <b>Spacious Design<\/b><br \/>\n<\/span>: Przy powierzchni 10,9 m\u00b2 i wysoko\u015bci 2,3 metra wygodnie pomie\u015bci 4-6 os\u00f3b.<\/p>\n<\/li>\n<li>\n<p class=\"p1\"><span class=\"s1\"><br \/>\n  <b>Trwa\u0142a konstrukcja:<\/b><br \/>\n<\/span> Wykonana z odpornej na wilgo\u0107 sklejki o grubo\u015bci 24 mm, wyko\u0144czona pow\u0142okami odpornymi na promieniowanie UV i wyposa\u017cona w 4-milimetrowe okna z poliw\u0119glanu odpornego na st\u0142uczenia.<\/p>\n<\/li>\n<li>\n<p class=\"p1\"><strong>Uniwersalne zastosowanie<\/strong>: Idealne do ogrod\u00f3w przydomowych, obiekt\u00f3w noclegowych, restauracji na \u015bwie\u017cym powietrzu, sesji jogi, warsztat\u00f3w i innych zastosowa\u0144.<\/p>\n<\/li>\n<li>\n<p class=\"p1\"><span class=\"s1\"><br \/>\n  <b>Konfigurowalny dost\u0119p<\/b><br \/>\n<\/span>: Dost\u0119pne z 1 do 4 przesuwanymi drzwiami na metalowych prowadnicach dla \u0142atwego dost\u0119pu i wentylacji.<\/p>\n<\/li>\n<li>\n<p class=\"p1\"><strong>Zintegrowane o\u015bwietlenie<\/strong>: Zawiera programowaln\u0105, sterowan\u0105 zdalnie okr\u0105g\u0142\u0105 lamp\u0119 LED na suficie.<\/p>\n<\/li>\n<li>\n<p class=\"p1\"><b>Do u\u017cycia w ka\u017cdych warunkach pogodowych<\/b>: Zaprojektowane tak, aby radzi\u0107 sobie w ka\u017cdych warunkach pogodowych \u2014 od surowych zim po gor\u0105ce lata \u2014 bez konieczno\u015bci demonta\u017cu.<\/p>\n<\/li>\n<li>\n<p class=\"p1\"><span class=\"s1\">\u0141atwy monta\u017c<\/span>: W zestawie znajdziesz pe\u0142n\u0105 instrukcj\u0119 i niezb\u0119dne narz\u0119dzia umo\u017cliwiaj\u0105ce \u0142atwe zamontowanie.<\/p>\n<\/li>\n<li>\n<p class=\"p1\"><span class=\"s1\"><br \/>\n  <b>Nie jest wymagane pozwolenie na budow\u0119<\/b><br \/>\n<\/span>: Instalacja zazwyczaj nie wymaga pozwolenia na budow\u0119 w wi\u0119kszo\u015bci kraj\u00f3w.<\/p>\n<\/li>\n<\/ul>\n<p class=\"p1\"><strong>Nordic Dome<\/strong> \u2013 miejsce, gdzie funkcjonalno\u015b\u0107 na \u015bwie\u017cym powietrzu spotyka si\u0119 z pi\u0119knem architektury.<\/p>\n","protected":false},"excerpt":{"rendered":"<p class=\"p1\">Nordic Dome to stylowa, geodezyjna altana ogrodowa, kt\u00f3ra pozwoli Ci cieszy\u0107 si\u0119 \u015bwie\u017cym powietrzem bez wiatru, deszczu i owad\u00f3w. Idealna do spo\u017cywania posi\u0142k\u00f3w w ogrodzie, uprawiania jogi lub po prostu relaksu o ka\u017cdej porze roku. <\/p>\n<p class=\"p1\">Pe\u0142n\u0105 specyfikacj\u0119 i galeri\u0119 zdj\u0119\u0107 znajdziesz na <a href=\"https:\/\/thenordicsauna.com\/garden\/nordic-dome\/\" target=\"_blank\" rel=\"noopener\">stronie produktu Nordic Dome.<\/a><\/p>\n","protected":false},"featured_media":6505,"template":"","meta":{"_acf_changed":false},"product_brand":[],"product_cat":[133],"product_tag":[],"class_list":{"0":"post-8671","1":"product","2":"type-product","3":"status-publish","4":"has-post-thumbnail","6":"product_cat-sauna","8":"first","9":"instock","10":"taxable","11":"shipping-taxable","12":"purchasable","13":"product-type-simple"},"acf":[],"yoast_head":"<!-- This site is optimized with the Yoast SEO plugin v26.6 - https:\/\/yoast.com\/wordpress\/plugins\/seo\/ -->\n<title>Nordic Dome - Geodezyjna os\u0142ona ogrodowa do ca\u0142orocznego u\u017cytku | TheNordicSauna<\/title>\n<meta name=\"description\" content=\"Nordic Dome to stylowa, geodezyjna os\u0142ona zewn\u0119trzna do ogrod\u00f3w, taras\u00f3w i przestrzeni wellness. Odporna na warunki atmosferyczne, trwa\u0142a i elegancka \u2013 idealna do ca\u0142orocznego u\u017cytkowania.\" \/>\n<meta name=\"robots\" content=\"index, follow, max-snippet:-1, max-image-preview:large, max-video-preview:-1\" \/>\n<link rel=\"canonical\" href=\"https:\/\/thenordicsauna.com\/pl\/shop\/nordic-dome-2\/\" \/>\n<meta property=\"og:locale\" content=\"pl_PL\" \/>\n<meta property=\"og:type\" content=\"article\" \/>\n<meta property=\"og:title\" content=\"Nordic Dome - Geodezyjna os\u0142ona ogrodowa do ca\u0142orocznego u\u017cytku | TheNordicSauna\" \/>\n<meta property=\"og:description\" content=\"Nordic Dome to stylowa, geodezyjna os\u0142ona zewn\u0119trzna do ogrod\u00f3w, taras\u00f3w i przestrzeni wellness. Odporna na warunki atmosferyczne, trwa\u0142a i elegancka \u2013 idealna do ca\u0142orocznego u\u017cytkowania.\" \/>\n<meta property=\"og:url\" content=\"https:\/\/thenordicsauna.com\/pl\/shop\/nordic-dome-2\/\" \/>\n<meta property=\"og:site_name\" content=\"TheNordicSauna\" \/>\n<meta property=\"article:publisher\" content=\"https:\/\/www.facebook.com\/TheNordicSauna\/\" \/>\n<meta property=\"article:modified_time\" content=\"2025-10-06T18:18:38+00:00\" \/>\n<meta property=\"og:image\" content=\"https:\/\/thenordicsauna.com\/wp-content\/uploads\/2025\/05\/Nordic-Dome-3D-1.jpg\" \/>\n\t<meta property=\"og:image:width\" content=\"2400\" \/>\n\t<meta property=\"og:image:height\" content=\"1920\" \/>\n\t<meta property=\"og:image:type\" content=\"image\/jpeg\" \/>\n<meta name=\"twitter:card\" content=\"summary_large_image\" \/>\n<meta name=\"twitter:label1\" content=\"Szacowany czas czytania\" \/>\n\t<meta name=\"twitter:data1\" content=\"1 minuta\" \/>\n<script type=\"application\/ld+json\" class=\"yoast-schema-graph\">{\"@context\":\"https:\/\/schema.org\",\"@graph\":[{\"@type\":\"WebPage\",\"@id\":\"https:\/\/thenordicsauna.com\/pl\/shop\/nordic-dome-2\/\",\"url\":\"https:\/\/thenordicsauna.com\/pl\/shop\/nordic-dome-2\/\",\"name\":\"Nordic Dome - Geodezyjna os\u0142ona ogrodowa do ca\u0142orocznego u\u017cytku | TheNordicSauna\",\"isPartOf\":{\"@id\":\"https:\/\/thenordicsauna.com\/pl\/#website\"},\"primaryImageOfPage\":{\"@id\":\"https:\/\/thenordicsauna.com\/pl\/shop\/nordic-dome-2\/#primaryimage\"},\"image\":{\"@id\":\"https:\/\/thenordicsauna.com\/pl\/shop\/nordic-dome-2\/#primaryimage\"},\"thumbnailUrl\":\"https:\/\/thenordicsauna.com\/wp-content\/uploads\/2025\/05\/Nordic-Dome-3D-1.jpg\",\"datePublished\":\"2025-05-28T21:19:41+00:00\",\"dateModified\":\"2025-10-06T18:18:38+00:00\",\"description\":\"Nordic Dome to stylowa, geodezyjna os\u0142ona zewn\u0119trzna do ogrod\u00f3w, taras\u00f3w i przestrzeni wellness. Odporna na warunki atmosferyczne, trwa\u0142a i elegancka \u2013 idealna do ca\u0142orocznego u\u017cytkowania.\",\"breadcrumb\":{\"@id\":\"https:\/\/thenordicsauna.com\/pl\/shop\/nordic-dome-2\/#breadcrumb\"},\"inLanguage\":\"pl-PL\",\"potentialAction\":[{\"@type\":\"ReadAction\",\"target\":[\"https:\/\/thenordicsauna.com\/pl\/shop\/nordic-dome-2\/\"]}]},{\"@type\":\"ImageObject\",\"inLanguage\":\"pl-PL\",\"@id\":\"https:\/\/thenordicsauna.com\/pl\/shop\/nordic-dome-2\/#primaryimage\",\"url\":\"https:\/\/thenordicsauna.com\/wp-content\/uploads\/2025\/05\/Nordic-Dome-3D-1.jpg\",\"contentUrl\":\"https:\/\/thenordicsauna.com\/wp-content\/uploads\/2025\/05\/Nordic-Dome-3D-1.jpg\",\"width\":2400,\"height\":1920,\"caption\":\"Odporne na wiatr zadaszenie kopu\u0142owe dla tarasu nadmorskiej restauracji\"},{\"@type\":\"BreadcrumbList\",\"@id\":\"https:\/\/thenordicsauna.com\/pl\/shop\/nordic-dome-2\/#breadcrumb\",\"itemListElement\":[{\"@type\":\"ListItem\",\"position\":1,\"name\":\"Home\",\"item\":\"https:\/\/thenordicsauna.com\/pl\/strona-glowna\/\"},{\"@type\":\"ListItem\",\"position\":2,\"name\":\"Sklep\",\"item\":\"https:\/\/thenordicsauna.com\/shop\/\"},{\"@type\":\"ListItem\",\"position\":3,\"name\":\"Sauny\",\"item\":\"https:\/\/thenordicsauna.com\/pl\/kategoria-produktu\/sauna\/\"},{\"@type\":\"ListItem\",\"position\":4,\"name\":\"Nordic Dome\"}]},{\"@type\":\"WebSite\",\"@id\":\"https:\/\/thenordicsauna.com\/pl\/#website\",\"url\":\"https:\/\/thenordicsauna.com\/pl\/\",\"name\":\"TheNordicSauna\",\"description\":\"Ultimate Outdoor SPA experience\",\"publisher\":{\"@id\":\"https:\/\/thenordicsauna.com\/pl\/#organization\"},\"alternateName\":\"TNS\",\"potentialAction\":[{\"@type\":\"SearchAction\",\"target\":{\"@type\":\"EntryPoint\",\"urlTemplate\":\"https:\/\/thenordicsauna.com\/pl\/?s={search_term_string}\"},\"query-input\":{\"@type\":\"PropertyValueSpecification\",\"valueRequired\":true,\"valueName\":\"search_term_string\"}}],\"inLanguage\":\"pl-PL\"},{\"@type\":\"Organization\",\"@id\":\"https:\/\/thenordicsauna.com\/pl\/#organization\",\"name\":\"TheNordicSauna\",\"alternateName\":\"TNS\",\"url\":\"https:\/\/thenordicsauna.com\/pl\/\",\"logo\":{\"@type\":\"ImageObject\",\"inLanguage\":\"pl-PL\",\"@id\":\"https:\/\/thenordicsauna.com\/pl\/#\/schema\/logo\/image\/\",\"url\":\"https:\/\/thenordicsauna.com\/wp-content\/uploads\/2025\/04\/TheNordicSauna-logo-white.svg\",\"contentUrl\":\"https:\/\/thenordicsauna.com\/wp-content\/uploads\/2025\/04\/TheNordicSauna-logo-white.svg\",\"width\":203,\"height\":203,\"caption\":\"TheNordicSauna\"},\"image\":{\"@id\":\"https:\/\/thenordicsauna.com\/pl\/#\/schema\/logo\/image\/\"},\"sameAs\":[\"https:\/\/www.facebook.com\/TheNordicSauna\/\",\"https:\/\/www.instagram.com\/thenordicsauna\"]}]}<\/script>\n<!-- \/ Yoast SEO plugin. -->","yoast_head_json":{"title":"Nordic Dome - Geodezyjna os\u0142ona ogrodowa do ca\u0142orocznego u\u017cytku | TheNordicSauna","description":"Nordic Dome to stylowa, geodezyjna os\u0142ona zewn\u0119trzna do ogrod\u00f3w, taras\u00f3w i przestrzeni wellness. Odporna na warunki atmosferyczne, trwa\u0142a i elegancka \u2013 idealna do ca\u0142orocznego u\u017cytkowania.","robots":{"index":"index","follow":"follow","max-snippet":"max-snippet:-1","max-image-preview":"max-image-preview:large","max-video-preview":"max-video-preview:-1"},"canonical":"https:\/\/thenordicsauna.com\/pl\/shop\/nordic-dome-2\/","og_locale":"pl_PL","og_type":"article","og_title":"Nordic Dome - Geodezyjna os\u0142ona ogrodowa do ca\u0142orocznego u\u017cytku | TheNordicSauna","og_description":"Nordic Dome to stylowa, geodezyjna os\u0142ona zewn\u0119trzna do ogrod\u00f3w, taras\u00f3w i przestrzeni wellness. Odporna na warunki atmosferyczne, trwa\u0142a i elegancka \u2013 idealna do ca\u0142orocznego u\u017cytkowania.","og_url":"https:\/\/thenordicsauna.com\/pl\/shop\/nordic-dome-2\/","og_site_name":"TheNordicSauna","article_publisher":"https:\/\/www.facebook.com\/TheNordicSauna\/","article_modified_time":"2025-10-06T18:18:38+00:00","og_image":[{"width":2400,"height":1920,"url":"https:\/\/thenordicsauna.com\/wp-content\/uploads\/2025\/05\/Nordic-Dome-3D-1.jpg","type":"image\/jpeg"}],"twitter_card":"summary_large_image","twitter_misc":{"Szacowany czas czytania":"1 minuta"},"schema":{"@context":"https:\/\/schema.org","@graph":[{"@type":"WebPage","@id":"https:\/\/thenordicsauna.com\/pl\/shop\/nordic-dome-2\/","url":"https:\/\/thenordicsauna.com\/pl\/shop\/nordic-dome-2\/","name":"Nordic Dome - Geodezyjna os\u0142ona ogrodowa do ca\u0142orocznego u\u017cytku | TheNordicSauna","isPartOf":{"@id":"https:\/\/thenordicsauna.com\/pl\/#website"},"primaryImageOfPage":{"@id":"https:\/\/thenordicsauna.com\/pl\/shop\/nordic-dome-2\/#primaryimage"},"image":{"@id":"https:\/\/thenordicsauna.com\/pl\/shop\/nordic-dome-2\/#primaryimage"},"thumbnailUrl":"https:\/\/thenordicsauna.com\/wp-content\/uploads\/2025\/05\/Nordic-Dome-3D-1.jpg","datePublished":"2025-05-28T21:19:41+00:00","dateModified":"2025-10-06T18:18:38+00:00","description":"Nordic Dome to stylowa, geodezyjna os\u0142ona zewn\u0119trzna do ogrod\u00f3w, taras\u00f3w i przestrzeni wellness. Odporna na warunki atmosferyczne, trwa\u0142a i elegancka \u2013 idealna do ca\u0142orocznego u\u017cytkowania.","breadcrumb":{"@id":"https:\/\/thenordicsauna.com\/pl\/shop\/nordic-dome-2\/#breadcrumb"},"inLanguage":"pl-PL","potentialAction":[{"@type":"ReadAction","target":["https:\/\/thenordicsauna.com\/pl\/shop\/nordic-dome-2\/"]}]},{"@type":"ImageObject","inLanguage":"pl-PL","@id":"https:\/\/thenordicsauna.com\/pl\/shop\/nordic-dome-2\/#primaryimage","url":"https:\/\/thenordicsauna.com\/wp-content\/uploads\/2025\/05\/Nordic-Dome-3D-1.jpg","contentUrl":"https:\/\/thenordicsauna.com\/wp-content\/uploads\/2025\/05\/Nordic-Dome-3D-1.jpg","width":2400,"height":1920,"caption":"Odporne na wiatr zadaszenie kopu\u0142owe dla tarasu nadmorskiej restauracji"},{"@type":"BreadcrumbList","@id":"https:\/\/thenordicsauna.com\/pl\/shop\/nordic-dome-2\/#breadcrumb","itemListElement":[{"@type":"ListItem","position":1,"name":"Home","item":"https:\/\/thenordicsauna.com\/pl\/strona-glowna\/"},{"@type":"ListItem","position":2,"name":"Sklep","item":"https:\/\/thenordicsauna.com\/shop\/"},{"@type":"ListItem","position":3,"name":"Sauny","item":"https:\/\/thenordicsauna.com\/pl\/kategoria-produktu\/sauna\/"},{"@type":"ListItem","position":4,"name":"Nordic Dome"}]},{"@type":"WebSite","@id":"https:\/\/thenordicsauna.com\/pl\/#website","url":"https:\/\/thenordicsauna.com\/pl\/","name":"TheNordicSauna","description":"Ultimate Outdoor SPA experience","publisher":{"@id":"https:\/\/thenordicsauna.com\/pl\/#organization"},"alternateName":"TNS","potentialAction":[{"@type":"SearchAction","target":{"@type":"EntryPoint","urlTemplate":"https:\/\/thenordicsauna.com\/pl\/?s={search_term_string}"},"query-input":{"@type":"PropertyValueSpecification","valueRequired":true,"valueName":"search_term_string"}}],"inLanguage":"pl-PL"},{"@type":"Organization","@id":"https:\/\/thenordicsauna.com\/pl\/#organization","name":"TheNordicSauna","alternateName":"TNS","url":"https:\/\/thenordicsauna.com\/pl\/","logo":{"@type":"ImageObject","inLanguage":"pl-PL","@id":"https:\/\/thenordicsauna.com\/pl\/#\/schema\/logo\/image\/","url":"https:\/\/thenordicsauna.com\/wp-content\/uploads\/2025\/04\/TheNordicSauna-logo-white.svg","contentUrl":"https:\/\/thenordicsauna.com\/wp-content\/uploads\/2025\/04\/TheNordicSauna-logo-white.svg","width":203,"height":203,"caption":"TheNordicSauna"},"image":{"@id":"https:\/\/thenordicsauna.com\/pl\/#\/schema\/logo\/image\/"},"sameAs":["https:\/\/www.facebook.com\/TheNordicSauna\/","https:\/\/www.instagram.com\/thenordicsauna"]}]}},"_links":{"self":[{"href":"https:\/\/thenordicsauna.com\/pl\/wp-json\/wp\/v2\/product\/8671","targetHints":{"allow":["GET"]}}],"collection":[{"href":"https:\/\/thenordicsauna.com\/pl\/wp-json\/wp\/v2\/product"}],"about":[{"href":"https:\/\/thenordicsauna.com\/pl\/wp-json\/wp\/v2\/types\/product"}],"version-history":[{"count":1,"href":"https:\/\/thenordicsauna.com\/pl\/wp-json\/wp\/v2\/product\/8671\/revisions"}],"predecessor-version":[{"id":8768,"href":"https:\/\/thenordicsauna.com\/pl\/wp-json\/wp\/v2\/product\/8671\/revisions\/8768"}],"wp:featuredmedia":[{"embeddable":true,"href":"https:\/\/thenordicsauna.com\/pl\/wp-json\/wp\/v2\/media\/6505"}],"wp:attachment":[{"href":"https:\/\/thenordicsauna.com\/pl\/wp-json\/wp\/v2\/media?parent=8671"}],"wp:term":[{"taxonomy":"product_brand","embeddable":true,"href":"https:\/\/thenordicsauna.com\/pl\/wp-json\/wp\/v2\/product_brand?post=8671"},{"taxonomy":"product_cat","embeddable":true,"href":"https:\/\/thenordicsauna.com\/pl\/wp-json\/wp\/v2\/product_cat?post=8671"},{"taxonomy":"product_tag","embeddable":true,"href":"https:\/\/thenordicsauna.com\/pl\/wp-json\/wp\/v2\/product_tag?post=8671"}],"curies":[{"name":"wp","href":"https:\/\/api.w.org\/{rel}","templated":true}]}}