{"id":8672,"date":"2025-04-26T00:47:18","date_gmt":"2025-04-26T00:47:18","guid":{"rendered":"https:\/\/thenordicsauna.com\/shop\/zamienny-piec-do-wanny-z-hydromasazem-nordicsix\/"},"modified":"2025-04-26T00:47:18","modified_gmt":"2025-04-26T00:47:18","slug":"zamienny-piec-do-wanny-z-hydromasazem-nordicsix","status":"publish","type":"product","link":"https:\/\/thenordicsauna.com\/pl\/shop\/zamienny-piec-do-wanny-z-hydromasazem-nordicsix\/","title":{"rendered":"Zamienny piec do wanny z hydromasa\u017cem NordicSix"},"content":{"rendered":"","protected":false},"excerpt":{"rendered":"<p>Zbudowany, by s\u0142u\u017cy\u0107 przez dziesi\u0119ciolecia \u2013 chyba \u017ce kto\u015b zapomni o z\u0142otej zasadzie: zawsze nape\u0142niaj wann\u0119 wod\u0105 przed rozpaleniem ognia. Je\u015bli tak si\u0119 stanie, nie martw si\u0119 \u2013 piecyk mo\u017cna wymieni\u0107. <\/p>\n<ul>\n<li>Wykonane z wysokiej jako\u015bci, 3-milimetrowego aluminium morskiego, co zapewnia trwa\u0142o\u015b\u0107.<\/li>\n<li>Zaprojektowany specjalnie do wanny z hydromasa\u017cem NordicSix i niekompatybilny z wannami z hydromasa\u017cem innych producent\u00f3w!<\/li>\n<li>Przewodzi ciep\u0142o do 15 razy wydajniej ni\u017c stal nierdzewna.<\/li>\n<li>Minimalizuje rozszerzalno\u015b\u0107 ciepln\u0105 w por\u00f3wnaniu do piec\u00f3w ze stali nierdzewnej o grubo\u015bci 1,5 mm.<\/li>\n<li>W zestawie znajduj\u0105 si\u0119 dwa w\u0119\u017ce i cztery zaciski do monta\u017cu.<\/li>\n<li>Wyposa\u017cony w ruszt i zaw\u00f3r spustowy z przy\u0142\u0105czem do w\u0119\u017ca o \u015brednicy 32 mm.<\/li>\n<li>Szacowana moc 25+ kW.<\/li>\n<li>Elementy komina nie s\u0105 zawarte w zestawie.<\/li>\n<\/ul>\n","protected":false},"featured_media":6223,"template":"","meta":{"_acf_changed":false},"product_brand":[],"product_cat":[128],"product_tag":[],"class_list":{"0":"post-8672","1":"product","2":"type-product","3":"status-publish","4":"has-post-thumbnail","6":"product_cat-akcesoria-do-balii-do-kapieli","7":"product_shipping_class-duze-przedmioty-kurier","9":"first","10":"instock","11":"taxable","12":"shipping-taxable","13":"purchasable","14":"product-type-simple"},"acf":[],"yoast_head":"<!-- This site is optimized with the Yoast SEO plugin v26.6 - https:\/\/yoast.com\/wordpress\/plugins\/seo\/ -->\n<title>Zamienny piec do wanny z hydromasa\u017cem NordicSix | TheNordicSauna<\/title>\n<meta name=\"description\" content=\"Wymienny piecyk do wanny z hydromasa\u017cem NordicSix. Wykonany z wysokiej jako\u015bci aluminium morskiego o grubo\u015bci 3 mm, przewodzi ciep\u0142o 15 razy lepiej ni\u017c stal nierdzewna i minimalizuje rozszerzalno\u015b\u0107 ciepln\u0105. W zestawie w\u0119\u017ce, zaciski i ruszt na popi\u00f3\u0142.\" \/>\n<meta name=\"robots\" content=\"index, follow, max-snippet:-1, max-image-preview:large, max-video-preview:-1\" \/>\n<link rel=\"canonical\" href=\"https:\/\/thenordicsauna.com\/pl\/shop\/zamienny-piec-do-wanny-z-hydromasazem-nordicsix\/\" \/>\n<meta property=\"og:locale\" content=\"pl_PL\" \/>\n<meta property=\"og:type\" content=\"article\" \/>\n<meta property=\"og:title\" content=\"Zamienny piec do wanny z hydromasa\u017cem NordicSix | TheNordicSauna\" \/>\n<meta property=\"og:description\" content=\"Wymienny piecyk do wanny z hydromasa\u017cem NordicSix. Wykonany z wysokiej jako\u015bci aluminium morskiego o grubo\u015bci 3 mm, przewodzi ciep\u0142o 15 razy lepiej ni\u017c stal nierdzewna i minimalizuje rozszerzalno\u015b\u0107 ciepln\u0105. W zestawie w\u0119\u017ce, zaciski i ruszt na popi\u00f3\u0142.\" \/>\n<meta property=\"og:url\" content=\"https:\/\/thenordicsauna.com\/pl\/shop\/zamienny-piec-do-wanny-z-hydromasazem-nordicsix\/\" \/>\n<meta property=\"og:site_name\" content=\"TheNordicSauna\" \/>\n<meta property=\"article:publisher\" content=\"https:\/\/www.facebook.com\/TheNordicSauna\/\" \/>\n<meta property=\"og:image\" content=\"https:\/\/thenordicsauna.com\/wp-content\/uploads\/2025\/04\/integreeritud-ahi-web5.jpg\" \/>\n\t<meta property=\"og:image:width\" content=\"1000\" \/>\n\t<meta property=\"og:image:height\" content=\"667\" \/>\n\t<meta property=\"og:image:type\" content=\"image\/jpeg\" \/>\n<meta name=\"twitter:card\" content=\"summary_large_image\" \/>\n<script type=\"application\/ld+json\" class=\"yoast-schema-graph\">{\"@context\":\"https:\/\/schema.org\",\"@graph\":[{\"@type\":\"WebPage\",\"@id\":\"https:\/\/thenordicsauna.com\/pl\/shop\/zamienny-piec-do-wanny-z-hydromasazem-nordicsix\/\",\"url\":\"https:\/\/thenordicsauna.com\/pl\/shop\/zamienny-piec-do-wanny-z-hydromasazem-nordicsix\/\",\"name\":\"Zamienny piec do wanny z hydromasa\u017cem NordicSix | TheNordicSauna\",\"isPartOf\":{\"@id\":\"https:\/\/thenordicsauna.com\/pl\/#website\"},\"primaryImageOfPage\":{\"@id\":\"https:\/\/thenordicsauna.com\/pl\/shop\/zamienny-piec-do-wanny-z-hydromasazem-nordicsix\/#primaryimage\"},\"image\":{\"@id\":\"https:\/\/thenordicsauna.com\/pl\/shop\/zamienny-piec-do-wanny-z-hydromasazem-nordicsix\/#primaryimage\"},\"thumbnailUrl\":\"https:\/\/thenordicsauna.com\/wp-content\/uploads\/2025\/04\/integreeritud-ahi-web5.jpg\",\"datePublished\":\"2025-04-26T00:47:18+00:00\",\"description\":\"Wymienny piecyk do wanny z hydromasa\u017cem NordicSix. Wykonany z wysokiej jako\u015bci aluminium morskiego o grubo\u015bci 3 mm, przewodzi ciep\u0142o 15 razy lepiej ni\u017c stal nierdzewna i minimalizuje rozszerzalno\u015b\u0107 ciepln\u0105. W zestawie w\u0119\u017ce, zaciski i ruszt na popi\u00f3\u0142.\",\"breadcrumb\":{\"@id\":\"https:\/\/thenordicsauna.com\/pl\/shop\/zamienny-piec-do-wanny-z-hydromasazem-nordicsix\/#breadcrumb\"},\"inLanguage\":\"pl-PL\",\"potentialAction\":[{\"@type\":\"ReadAction\",\"target\":[\"https:\/\/thenordicsauna.com\/pl\/shop\/zamienny-piec-do-wanny-z-hydromasazem-nordicsix\/\"]}]},{\"@type\":\"ImageObject\",\"inLanguage\":\"pl-PL\",\"@id\":\"https:\/\/thenordicsauna.com\/pl\/shop\/zamienny-piec-do-wanny-z-hydromasazem-nordicsix\/#primaryimage\",\"url\":\"https:\/\/thenordicsauna.com\/wp-content\/uploads\/2025\/04\/integreeritud-ahi-web5.jpg\",\"contentUrl\":\"https:\/\/thenordicsauna.com\/wp-content\/uploads\/2025\/04\/integreeritud-ahi-web5.jpg\",\"width\":1000,\"height\":667,\"caption\":\"Integrated Stove for NordicSix Hot Tub\"},{\"@type\":\"BreadcrumbList\",\"@id\":\"https:\/\/thenordicsauna.com\/pl\/shop\/zamienny-piec-do-wanny-z-hydromasazem-nordicsix\/#breadcrumb\",\"itemListElement\":[{\"@type\":\"ListItem\",\"position\":1,\"name\":\"Home\",\"item\":\"https:\/\/thenordicsauna.com\/pl\/strona-glowna\/\"},{\"@type\":\"ListItem\",\"position\":2,\"name\":\"Sklep\",\"item\":\"https:\/\/thenordicsauna.com\/shop\/\"},{\"@type\":\"ListItem\",\"position\":3,\"name\":\"Akcesoria do balii do k\u0105pieli\",\"item\":\"https:\/\/thenordicsauna.com\/pl\/kategoria-produktu\/akcesoria-do-balii-do-kapieli\/\"},{\"@type\":\"ListItem\",\"position\":4,\"name\":\"Zamienny piec do wanny z hydromasa\u017cem NordicSix\"}]},{\"@type\":\"WebSite\",\"@id\":\"https:\/\/thenordicsauna.com\/pl\/#website\",\"url\":\"https:\/\/thenordicsauna.com\/pl\/\",\"name\":\"TheNordicSauna\",\"description\":\"Ultimate Outdoor SPA experience\",\"publisher\":{\"@id\":\"https:\/\/thenordicsauna.com\/pl\/#organization\"},\"alternateName\":\"TNS\",\"potentialAction\":[{\"@type\":\"SearchAction\",\"target\":{\"@type\":\"EntryPoint\",\"urlTemplate\":\"https:\/\/thenordicsauna.com\/pl\/?s={search_term_string}\"},\"query-input\":{\"@type\":\"PropertyValueSpecification\",\"valueRequired\":true,\"valueName\":\"search_term_string\"}}],\"inLanguage\":\"pl-PL\"},{\"@type\":\"Organization\",\"@id\":\"https:\/\/thenordicsauna.com\/pl\/#organization\",\"name\":\"TheNordicSauna\",\"alternateName\":\"TNS\",\"url\":\"https:\/\/thenordicsauna.com\/pl\/\",\"logo\":{\"@type\":\"ImageObject\",\"inLanguage\":\"pl-PL\",\"@id\":\"https:\/\/thenordicsauna.com\/pl\/#\/schema\/logo\/image\/\",\"url\":\"https:\/\/thenordicsauna.com\/wp-content\/uploads\/2025\/04\/TheNordicSauna-logo-white.svg\",\"contentUrl\":\"https:\/\/thenordicsauna.com\/wp-content\/uploads\/2025\/04\/TheNordicSauna-logo-white.svg\",\"width\":203,\"height\":203,\"caption\":\"TheNordicSauna\"},\"image\":{\"@id\":\"https:\/\/thenordicsauna.com\/pl\/#\/schema\/logo\/image\/\"},\"sameAs\":[\"https:\/\/www.facebook.com\/TheNordicSauna\/\",\"https:\/\/www.instagram.com\/thenordicsauna\"]}]}<\/script>\n<!-- \/ Yoast SEO plugin. -->","yoast_head_json":{"title":"Zamienny piec do wanny z hydromasa\u017cem NordicSix | TheNordicSauna","description":"Wymienny piecyk do wanny z hydromasa\u017cem NordicSix. Wykonany z wysokiej jako\u015bci aluminium morskiego o grubo\u015bci 3 mm, przewodzi ciep\u0142o 15 razy lepiej ni\u017c stal nierdzewna i minimalizuje rozszerzalno\u015b\u0107 ciepln\u0105. W zestawie w\u0119\u017ce, zaciski i ruszt na popi\u00f3\u0142.","robots":{"index":"index","follow":"follow","max-snippet":"max-snippet:-1","max-image-preview":"max-image-preview:large","max-video-preview":"max-video-preview:-1"},"canonical":"https:\/\/thenordicsauna.com\/pl\/shop\/zamienny-piec-do-wanny-z-hydromasazem-nordicsix\/","og_locale":"pl_PL","og_type":"article","og_title":"Zamienny piec do wanny z hydromasa\u017cem NordicSix | TheNordicSauna","og_description":"Wymienny piecyk do wanny z hydromasa\u017cem NordicSix. Wykonany z wysokiej jako\u015bci aluminium morskiego o grubo\u015bci 3 mm, przewodzi ciep\u0142o 15 razy lepiej ni\u017c stal nierdzewna i minimalizuje rozszerzalno\u015b\u0107 ciepln\u0105. W zestawie w\u0119\u017ce, zaciski i ruszt na popi\u00f3\u0142.","og_url":"https:\/\/thenordicsauna.com\/pl\/shop\/zamienny-piec-do-wanny-z-hydromasazem-nordicsix\/","og_site_name":"TheNordicSauna","article_publisher":"https:\/\/www.facebook.com\/TheNordicSauna\/","og_image":[{"width":1000,"height":667,"url":"https:\/\/thenordicsauna.com\/wp-content\/uploads\/2025\/04\/integreeritud-ahi-web5.jpg","type":"image\/jpeg"}],"twitter_card":"summary_large_image","schema":{"@context":"https:\/\/schema.org","@graph":[{"@type":"WebPage","@id":"https:\/\/thenordicsauna.com\/pl\/shop\/zamienny-piec-do-wanny-z-hydromasazem-nordicsix\/","url":"https:\/\/thenordicsauna.com\/pl\/shop\/zamienny-piec-do-wanny-z-hydromasazem-nordicsix\/","name":"Zamienny piec do wanny z hydromasa\u017cem NordicSix | TheNordicSauna","isPartOf":{"@id":"https:\/\/thenordicsauna.com\/pl\/#website"},"primaryImageOfPage":{"@id":"https:\/\/thenordicsauna.com\/pl\/shop\/zamienny-piec-do-wanny-z-hydromasazem-nordicsix\/#primaryimage"},"image":{"@id":"https:\/\/thenordicsauna.com\/pl\/shop\/zamienny-piec-do-wanny-z-hydromasazem-nordicsix\/#primaryimage"},"thumbnailUrl":"https:\/\/thenordicsauna.com\/wp-content\/uploads\/2025\/04\/integreeritud-ahi-web5.jpg","datePublished":"2025-04-26T00:47:18+00:00","description":"Wymienny piecyk do wanny z hydromasa\u017cem NordicSix. Wykonany z wysokiej jako\u015bci aluminium morskiego o grubo\u015bci 3 mm, przewodzi ciep\u0142o 15 razy lepiej ni\u017c stal nierdzewna i minimalizuje rozszerzalno\u015b\u0107 ciepln\u0105. W zestawie w\u0119\u017ce, zaciski i ruszt na popi\u00f3\u0142.","breadcrumb":{"@id":"https:\/\/thenordicsauna.com\/pl\/shop\/zamienny-piec-do-wanny-z-hydromasazem-nordicsix\/#breadcrumb"},"inLanguage":"pl-PL","potentialAction":[{"@type":"ReadAction","target":["https:\/\/thenordicsauna.com\/pl\/shop\/zamienny-piec-do-wanny-z-hydromasazem-nordicsix\/"]}]},{"@type":"ImageObject","inLanguage":"pl-PL","@id":"https:\/\/thenordicsauna.com\/pl\/shop\/zamienny-piec-do-wanny-z-hydromasazem-nordicsix\/#primaryimage","url":"https:\/\/thenordicsauna.com\/wp-content\/uploads\/2025\/04\/integreeritud-ahi-web5.jpg","contentUrl":"https:\/\/thenordicsauna.com\/wp-content\/uploads\/2025\/04\/integreeritud-ahi-web5.jpg","width":1000,"height":667,"caption":"Integrated Stove for NordicSix Hot Tub"},{"@type":"BreadcrumbList","@id":"https:\/\/thenordicsauna.com\/pl\/shop\/zamienny-piec-do-wanny-z-hydromasazem-nordicsix\/#breadcrumb","itemListElement":[{"@type":"ListItem","position":1,"name":"Home","item":"https:\/\/thenordicsauna.com\/pl\/strona-glowna\/"},{"@type":"ListItem","position":2,"name":"Sklep","item":"https:\/\/thenordicsauna.com\/shop\/"},{"@type":"ListItem","position":3,"name":"Akcesoria do balii do k\u0105pieli","item":"https:\/\/thenordicsauna.com\/pl\/kategoria-produktu\/akcesoria-do-balii-do-kapieli\/"},{"@type":"ListItem","position":4,"name":"Zamienny piec do wanny z hydromasa\u017cem NordicSix"}]},{"@type":"WebSite","@id":"https:\/\/thenordicsauna.com\/pl\/#website","url":"https:\/\/thenordicsauna.com\/pl\/","name":"TheNordicSauna","description":"Ultimate Outdoor SPA experience","publisher":{"@id":"https:\/\/thenordicsauna.com\/pl\/#organization"},"alternateName":"TNS","potentialAction":[{"@type":"SearchAction","target":{"@type":"EntryPoint","urlTemplate":"https:\/\/thenordicsauna.com\/pl\/?s={search_term_string}"},"query-input":{"@type":"PropertyValueSpecification","valueRequired":true,"valueName":"search_term_string"}}],"inLanguage":"pl-PL"},{"@type":"Organization","@id":"https:\/\/thenordicsauna.com\/pl\/#organization","name":"TheNordicSauna","alternateName":"TNS","url":"https:\/\/thenordicsauna.com\/pl\/","logo":{"@type":"ImageObject","inLanguage":"pl-PL","@id":"https:\/\/thenordicsauna.com\/pl\/#\/schema\/logo\/image\/","url":"https:\/\/thenordicsauna.com\/wp-content\/uploads\/2025\/04\/TheNordicSauna-logo-white.svg","contentUrl":"https:\/\/thenordicsauna.com\/wp-content\/uploads\/2025\/04\/TheNordicSauna-logo-white.svg","width":203,"height":203,"caption":"TheNordicSauna"},"image":{"@id":"https:\/\/thenordicsauna.com\/pl\/#\/schema\/logo\/image\/"},"sameAs":["https:\/\/www.facebook.com\/TheNordicSauna\/","https:\/\/www.instagram.com\/thenordicsauna"]}]}},"_links":{"self":[{"href":"https:\/\/thenordicsauna.com\/pl\/wp-json\/wp\/v2\/product\/8672","targetHints":{"allow":["GET"]}}],"collection":[{"href":"https:\/\/thenordicsauna.com\/pl\/wp-json\/wp\/v2\/product"}],"about":[{"href":"https:\/\/thenordicsauna.com\/pl\/wp-json\/wp\/v2\/types\/product"}],"version-history":[{"count":0,"href":"https:\/\/thenordicsauna.com\/pl\/wp-json\/wp\/v2\/product\/8672\/revisions"}],"wp:featuredmedia":[{"embeddable":true,"href":"https:\/\/thenordicsauna.com\/pl\/wp-json\/wp\/v2\/media\/6223"}],"wp:attachment":[{"href":"https:\/\/thenordicsauna.com\/pl\/wp-json\/wp\/v2\/media?parent=8672"}],"wp:term":[{"taxonomy":"product_brand","embeddable":true,"href":"https:\/\/thenordicsauna.com\/pl\/wp-json\/wp\/v2\/product_brand?post=8672"},{"taxonomy":"product_cat","embeddable":true,"href":"https:\/\/thenordicsauna.com\/pl\/wp-json\/wp\/v2\/product_cat?post=8672"},{"taxonomy":"product_tag","embeddable":true,"href":"https:\/\/thenordicsauna.com\/pl\/wp-json\/wp\/v2\/product_tag?post=8672"}],"curies":[{"name":"wp","href":"https:\/\/api.w.org\/{rel}","templated":true}]}}