{"id":8673,"date":"2025-04-26T00:47:07","date_gmt":"2025-04-26T00:47:07","guid":{"rendered":"https:\/\/thenordicsauna.com\/shop\/pompa-ciepla-agregat-chlodniczy-poolex-ospa-5kw\/"},"modified":"2025-12-17T04:35:18","modified_gmt":"2025-12-17T04:35:18","slug":"pompa-ciepla-agregat-chlodniczy-poolex-ospa-5kw","status":"publish","type":"product","link":"https:\/\/thenordicsauna.com\/pl\/shop\/pompa-ciepla-agregat-chlodniczy-poolex-ospa-5kw\/","title":{"rendered":"Pompa ciep\u0142a \/ agregat wody lodowej Poolex O&#8217;Spa 3kW \/ 5kW"},"content":{"rendered":"","protected":false},"excerpt":{"rendered":"<ul>\n<li>Energooszcz\u0119dne ogrzewanie: Zmniejsza zu\u017cycie energii nawet o 75%, oferuj\u0105c znaczne oszcz\u0119dno\u015bci na rachunkach za energi\u0119 elektryczn\u0105 w por\u00f3wnaniu z tradycyjnymi systemami grzewczymi.<\/li>\n<li>Zdalne sterowanie za pomoc\u0105 aplikacji mobilnej: Wyposa\u017cony w aplikacj\u0119 Smartlife, umo\u017cliwiaj\u0105c\u0105 regulacj\u0119 temperatury i ustawie\u0144 z dowolnego miejsca dla maksymalnej wygody.<\/li>\n<li>Odwracalna funkcja: Zapewnia zar\u00f3wno tryb ogrzewania, jak i ch\u0142odzenia, zapewniaj\u0105c komfort przez ca\u0142y rok, niezale\u017cnie od tego, czy chcesz mie\u0107 ciep\u0142e spa zim\u0105, czy ch\u0142odne zanurzenie latem.<\/li>\n<li>Funkcja ch\u0142odzenia: Obni\u017ca temperatur\u0119 wody nawet o 3\u00b0C, dzi\u0119ki czemu idealnie nadaje si\u0119 do zanurzania si\u0119 w zimnej wodzie podczas upa\u0142\u00f3w.<\/li>\n<li>Bezproblemowa integracja: Wsp\u00f3\u0142pracuje z istniej\u0105c\u0105 grza\u0142k\u0105 spa i pomp\u0105 cyrkulacyjn\u0105, optymalizuj\u0105c wydajno\u015b\u0107 energetyczn\u0105 i kontrol\u0119 temperatury dzi\u0119ki wbudowanym przeka\u017anikom.<\/li>\n<li>Model O&#8217;Spa jest idealny na okres od wiosny do jesieni, ale nie nadaje si\u0119 do pracy w ujemnych temperaturach; w ch\u0142odniejszym klimacie nale\u017cy u\u017cywa\u0107 <a href=\"https:\/\/thenordicsauna.com\/shop\/ice-spa-5kw-heat-pump\/\">modelu Ice<\/a> Spa.<\/li>\n<li>Dowiedz si\u0119 wi\u0119cej o pompie ciep\u0142a O&#8217;Spa <a href=\"https:\/\/thenordicsauna.com\/equipment\/spawer-ospa\/\" target=\"_blank\" rel=\"noopener\">tutaj<\/a>.<\/li>\n<li>Dowiedz si\u0119 wi\u0119cej o pompach ciep\u0142a O&#8217;Spa i Ice Spa w naszym <a href=\"https:\/\/soundcloud.com\/thenordicsauna\/heat_pumps_and_hot_tubs\" target=\"_blank\" rel=\"noopener\">podca\u015bcie<\/a>.<\/li>\n<li>Dostarczamy ten produkt do ca\u0142ej Europy, z wyj\u0105tkiem Anglii.<\/li>\n<\/ul>\n","protected":false},"featured_media":7681,"template":"","meta":{"_acf_changed":false},"product_brand":[],"product_cat":[128,131,127],"product_tag":[],"class_list":{"0":"post-8673","1":"product","2":"type-product","3":"status-publish","4":"has-post-thumbnail","6":"product_cat-akcesoria-do-balii-do-kapieli","7":"product_cat-akcesoria-nordicsix","8":"product_cat-kontrola-wody","9":"product_shipping_class-pompa-ciepla","11":"first","12":"instock","13":"purchasable","14":"product-type-variable","15":"has-default-attributes"},"acf":[],"yoast_head":"<!-- This site is optimized with the Yoast SEO plugin v26.6 - https:\/\/yoast.com\/wordpress\/plugins\/seo\/ -->\n<title>Pompa ciep\u0142a \/ agregat wody lodowej Poolex O&#039;Spa 3kW \/ 5kW | TheNordicSauna<\/title>\n<meta name=\"description\" content=\"Dostawa na terenie ca\u0142ej Europy! Pompa ciep\u0142a Poolex Spawer O&#039;Spa oszcz\u0119dza 75% energii i charakteryzuje si\u0119 kompaktow\u0105 konstrukcj\u0105, idealn\u0105 jako podgrzewacz do wanny z hydromasa\u017cem lub ch\u0142odziarka do k\u0105pieli lodowej.\" \/>\n<meta name=\"robots\" content=\"index, follow, max-snippet:-1, max-image-preview:large, max-video-preview:-1\" \/>\n<link rel=\"canonical\" href=\"https:\/\/thenordicsauna.com\/pl\/shop\/pompa-ciepla-agregat-chlodniczy-poolex-ospa-5kw\/\" \/>\n<meta property=\"og:locale\" content=\"pl_PL\" \/>\n<meta property=\"og:type\" content=\"article\" \/>\n<meta property=\"og:title\" content=\"Pompa ciep\u0142a \/ agregat wody lodowej Poolex O&#039;Spa 3kW \/ 5kW | TheNordicSauna\" \/>\n<meta property=\"og:description\" content=\"Dostawa na terenie ca\u0142ej Europy! Pompa ciep\u0142a Poolex Spawer O&#039;Spa oszcz\u0119dza 75% energii i charakteryzuje si\u0119 kompaktow\u0105 konstrukcj\u0105, idealn\u0105 jako podgrzewacz do wanny z hydromasa\u017cem lub ch\u0142odziarka do k\u0105pieli lodowej.\" \/>\n<meta property=\"og:url\" content=\"https:\/\/thenordicsauna.com\/pl\/shop\/pompa-ciepla-agregat-chlodniczy-poolex-ospa-5kw\/\" \/>\n<meta property=\"og:site_name\" content=\"TheNordicSauna\" \/>\n<meta property=\"article:publisher\" content=\"https:\/\/www.facebook.com\/TheNordicSauna\/\" \/>\n<meta property=\"article:modified_time\" content=\"2025-12-17T04:35:18+00:00\" \/>\n<meta property=\"og:image\" content=\"https:\/\/thenordicsauna.com\/wp-content\/uploads\/2025\/09\/Poolex-OSpa-featured-image_web2.png\" \/>\n\t<meta property=\"og:image:width\" content=\"800\" \/>\n\t<meta property=\"og:image:height\" content=\"534\" \/>\n\t<meta property=\"og:image:type\" content=\"image\/png\" \/>\n<meta name=\"twitter:card\" content=\"summary_large_image\" \/>\n<script type=\"application\/ld+json\" class=\"yoast-schema-graph\">{\"@context\":\"https:\/\/schema.org\",\"@graph\":[{\"@type\":\"WebPage\",\"@id\":\"https:\/\/thenordicsauna.com\/pl\/shop\/pompa-ciepla-agregat-chlodniczy-poolex-ospa-5kw\/\",\"url\":\"https:\/\/thenordicsauna.com\/pl\/shop\/pompa-ciepla-agregat-chlodniczy-poolex-ospa-5kw\/\",\"name\":\"Pompa ciep\u0142a \/ agregat wody lodowej Poolex O'Spa 3kW \/ 5kW | TheNordicSauna\",\"isPartOf\":{\"@id\":\"https:\/\/thenordicsauna.com\/pl\/#website\"},\"primaryImageOfPage\":{\"@id\":\"https:\/\/thenordicsauna.com\/pl\/shop\/pompa-ciepla-agregat-chlodniczy-poolex-ospa-5kw\/#primaryimage\"},\"image\":{\"@id\":\"https:\/\/thenordicsauna.com\/pl\/shop\/pompa-ciepla-agregat-chlodniczy-poolex-ospa-5kw\/#primaryimage\"},\"thumbnailUrl\":\"https:\/\/thenordicsauna.com\/wp-content\/uploads\/2025\/09\/Poolex-OSpa-featured-image_web2.png\",\"datePublished\":\"2025-04-26T00:47:07+00:00\",\"dateModified\":\"2025-12-17T04:35:18+00:00\",\"description\":\"Dostawa na terenie ca\u0142ej Europy! Pompa ciep\u0142a Poolex Spawer O'Spa oszcz\u0119dza 75% energii i charakteryzuje si\u0119 kompaktow\u0105 konstrukcj\u0105, idealn\u0105 jako podgrzewacz do wanny z hydromasa\u017cem lub ch\u0142odziarka do k\u0105pieli lodowej.\",\"breadcrumb\":{\"@id\":\"https:\/\/thenordicsauna.com\/pl\/shop\/pompa-ciepla-agregat-chlodniczy-poolex-ospa-5kw\/#breadcrumb\"},\"inLanguage\":\"pl-PL\",\"potentialAction\":[{\"@type\":\"ReadAction\",\"target\":[\"https:\/\/thenordicsauna.com\/pl\/shop\/pompa-ciepla-agregat-chlodniczy-poolex-ospa-5kw\/\"]}]},{\"@type\":\"ImageObject\",\"inLanguage\":\"pl-PL\",\"@id\":\"https:\/\/thenordicsauna.com\/pl\/shop\/pompa-ciepla-agregat-chlodniczy-poolex-ospa-5kw\/#primaryimage\",\"url\":\"https:\/\/thenordicsauna.com\/wp-content\/uploads\/2025\/09\/Poolex-OSpa-featured-image_web2.png\",\"contentUrl\":\"https:\/\/thenordicsauna.com\/wp-content\/uploads\/2025\/09\/Poolex-OSpa-featured-image_web2.png\",\"width\":800,\"height\":534,\"caption\":\"Poolex O'Spa\"},{\"@type\":\"BreadcrumbList\",\"@id\":\"https:\/\/thenordicsauna.com\/pl\/shop\/pompa-ciepla-agregat-chlodniczy-poolex-ospa-5kw\/#breadcrumb\",\"itemListElement\":[{\"@type\":\"ListItem\",\"position\":1,\"name\":\"Home\",\"item\":\"https:\/\/thenordicsauna.com\/pl\/strona-glowna\/\"},{\"@type\":\"ListItem\",\"position\":2,\"name\":\"Sklep\",\"item\":\"https:\/\/thenordicsauna.com\/shop\/\"},{\"@type\":\"ListItem\",\"position\":3,\"name\":\"Ogrzewanie, ch\u0142odzenie i filtracja\",\"item\":\"https:\/\/thenordicsauna.com\/pl\/kategoria-produktu\/kontrola-wody\/\"},{\"@type\":\"ListItem\",\"position\":4,\"name\":\"Pompa ciep\u0142a \/ agregat wody lodowej Poolex O&#8217;Spa 3kW \/ 5kW\"}]},{\"@type\":\"WebSite\",\"@id\":\"https:\/\/thenordicsauna.com\/pl\/#website\",\"url\":\"https:\/\/thenordicsauna.com\/pl\/\",\"name\":\"TheNordicSauna\",\"description\":\"Ultimate Outdoor SPA experience\",\"publisher\":{\"@id\":\"https:\/\/thenordicsauna.com\/pl\/#organization\"},\"alternateName\":\"TNS\",\"potentialAction\":[{\"@type\":\"SearchAction\",\"target\":{\"@type\":\"EntryPoint\",\"urlTemplate\":\"https:\/\/thenordicsauna.com\/pl\/?s={search_term_string}\"},\"query-input\":{\"@type\":\"PropertyValueSpecification\",\"valueRequired\":true,\"valueName\":\"search_term_string\"}}],\"inLanguage\":\"pl-PL\"},{\"@type\":\"Organization\",\"@id\":\"https:\/\/thenordicsauna.com\/pl\/#organization\",\"name\":\"TheNordicSauna\",\"alternateName\":\"TNS\",\"url\":\"https:\/\/thenordicsauna.com\/pl\/\",\"logo\":{\"@type\":\"ImageObject\",\"inLanguage\":\"pl-PL\",\"@id\":\"https:\/\/thenordicsauna.com\/pl\/#\/schema\/logo\/image\/\",\"url\":\"https:\/\/thenordicsauna.com\/wp-content\/uploads\/2025\/04\/TheNordicSauna-logo-white.svg\",\"contentUrl\":\"https:\/\/thenordicsauna.com\/wp-content\/uploads\/2025\/04\/TheNordicSauna-logo-white.svg\",\"width\":203,\"height\":203,\"caption\":\"TheNordicSauna\"},\"image\":{\"@id\":\"https:\/\/thenordicsauna.com\/pl\/#\/schema\/logo\/image\/\"},\"sameAs\":[\"https:\/\/www.facebook.com\/TheNordicSauna\/\",\"https:\/\/www.instagram.com\/thenordicsauna\"]}]}<\/script>\n<!-- \/ Yoast SEO plugin. -->","yoast_head_json":{"title":"Pompa ciep\u0142a \/ agregat wody lodowej Poolex O'Spa 3kW \/ 5kW | TheNordicSauna","description":"Dostawa na terenie ca\u0142ej Europy! Pompa ciep\u0142a Poolex Spawer O'Spa oszcz\u0119dza 75% energii i charakteryzuje si\u0119 kompaktow\u0105 konstrukcj\u0105, idealn\u0105 jako podgrzewacz do wanny z hydromasa\u017cem lub ch\u0142odziarka do k\u0105pieli lodowej.","robots":{"index":"index","follow":"follow","max-snippet":"max-snippet:-1","max-image-preview":"max-image-preview:large","max-video-preview":"max-video-preview:-1"},"canonical":"https:\/\/thenordicsauna.com\/pl\/shop\/pompa-ciepla-agregat-chlodniczy-poolex-ospa-5kw\/","og_locale":"pl_PL","og_type":"article","og_title":"Pompa ciep\u0142a \/ agregat wody lodowej Poolex O'Spa 3kW \/ 5kW | TheNordicSauna","og_description":"Dostawa na terenie ca\u0142ej Europy! Pompa ciep\u0142a Poolex Spawer O'Spa oszcz\u0119dza 75% energii i charakteryzuje si\u0119 kompaktow\u0105 konstrukcj\u0105, idealn\u0105 jako podgrzewacz do wanny z hydromasa\u017cem lub ch\u0142odziarka do k\u0105pieli lodowej.","og_url":"https:\/\/thenordicsauna.com\/pl\/shop\/pompa-ciepla-agregat-chlodniczy-poolex-ospa-5kw\/","og_site_name":"TheNordicSauna","article_publisher":"https:\/\/www.facebook.com\/TheNordicSauna\/","article_modified_time":"2025-12-17T04:35:18+00:00","og_image":[{"width":800,"height":534,"url":"https:\/\/thenordicsauna.com\/wp-content\/uploads\/2025\/09\/Poolex-OSpa-featured-image_web2.png","type":"image\/png"}],"twitter_card":"summary_large_image","schema":{"@context":"https:\/\/schema.org","@graph":[{"@type":"WebPage","@id":"https:\/\/thenordicsauna.com\/pl\/shop\/pompa-ciepla-agregat-chlodniczy-poolex-ospa-5kw\/","url":"https:\/\/thenordicsauna.com\/pl\/shop\/pompa-ciepla-agregat-chlodniczy-poolex-ospa-5kw\/","name":"Pompa ciep\u0142a \/ agregat wody lodowej Poolex O'Spa 3kW \/ 5kW | TheNordicSauna","isPartOf":{"@id":"https:\/\/thenordicsauna.com\/pl\/#website"},"primaryImageOfPage":{"@id":"https:\/\/thenordicsauna.com\/pl\/shop\/pompa-ciepla-agregat-chlodniczy-poolex-ospa-5kw\/#primaryimage"},"image":{"@id":"https:\/\/thenordicsauna.com\/pl\/shop\/pompa-ciepla-agregat-chlodniczy-poolex-ospa-5kw\/#primaryimage"},"thumbnailUrl":"https:\/\/thenordicsauna.com\/wp-content\/uploads\/2025\/09\/Poolex-OSpa-featured-image_web2.png","datePublished":"2025-04-26T00:47:07+00:00","dateModified":"2025-12-17T04:35:18+00:00","description":"Dostawa na terenie ca\u0142ej Europy! Pompa ciep\u0142a Poolex Spawer O'Spa oszcz\u0119dza 75% energii i charakteryzuje si\u0119 kompaktow\u0105 konstrukcj\u0105, idealn\u0105 jako podgrzewacz do wanny z hydromasa\u017cem lub ch\u0142odziarka do k\u0105pieli lodowej.","breadcrumb":{"@id":"https:\/\/thenordicsauna.com\/pl\/shop\/pompa-ciepla-agregat-chlodniczy-poolex-ospa-5kw\/#breadcrumb"},"inLanguage":"pl-PL","potentialAction":[{"@type":"ReadAction","target":["https:\/\/thenordicsauna.com\/pl\/shop\/pompa-ciepla-agregat-chlodniczy-poolex-ospa-5kw\/"]}]},{"@type":"ImageObject","inLanguage":"pl-PL","@id":"https:\/\/thenordicsauna.com\/pl\/shop\/pompa-ciepla-agregat-chlodniczy-poolex-ospa-5kw\/#primaryimage","url":"https:\/\/thenordicsauna.com\/wp-content\/uploads\/2025\/09\/Poolex-OSpa-featured-image_web2.png","contentUrl":"https:\/\/thenordicsauna.com\/wp-content\/uploads\/2025\/09\/Poolex-OSpa-featured-image_web2.png","width":800,"height":534,"caption":"Poolex O'Spa"},{"@type":"BreadcrumbList","@id":"https:\/\/thenordicsauna.com\/pl\/shop\/pompa-ciepla-agregat-chlodniczy-poolex-ospa-5kw\/#breadcrumb","itemListElement":[{"@type":"ListItem","position":1,"name":"Home","item":"https:\/\/thenordicsauna.com\/pl\/strona-glowna\/"},{"@type":"ListItem","position":2,"name":"Sklep","item":"https:\/\/thenordicsauna.com\/shop\/"},{"@type":"ListItem","position":3,"name":"Ogrzewanie, ch\u0142odzenie i filtracja","item":"https:\/\/thenordicsauna.com\/pl\/kategoria-produktu\/kontrola-wody\/"},{"@type":"ListItem","position":4,"name":"Pompa ciep\u0142a \/ agregat wody lodowej Poolex O&#8217;Spa 3kW \/ 5kW"}]},{"@type":"WebSite","@id":"https:\/\/thenordicsauna.com\/pl\/#website","url":"https:\/\/thenordicsauna.com\/pl\/","name":"TheNordicSauna","description":"Ultimate Outdoor SPA experience","publisher":{"@id":"https:\/\/thenordicsauna.com\/pl\/#organization"},"alternateName":"TNS","potentialAction":[{"@type":"SearchAction","target":{"@type":"EntryPoint","urlTemplate":"https:\/\/thenordicsauna.com\/pl\/?s={search_term_string}"},"query-input":{"@type":"PropertyValueSpecification","valueRequired":true,"valueName":"search_term_string"}}],"inLanguage":"pl-PL"},{"@type":"Organization","@id":"https:\/\/thenordicsauna.com\/pl\/#organization","name":"TheNordicSauna","alternateName":"TNS","url":"https:\/\/thenordicsauna.com\/pl\/","logo":{"@type":"ImageObject","inLanguage":"pl-PL","@id":"https:\/\/thenordicsauna.com\/pl\/#\/schema\/logo\/image\/","url":"https:\/\/thenordicsauna.com\/wp-content\/uploads\/2025\/04\/TheNordicSauna-logo-white.svg","contentUrl":"https:\/\/thenordicsauna.com\/wp-content\/uploads\/2025\/04\/TheNordicSauna-logo-white.svg","width":203,"height":203,"caption":"TheNordicSauna"},"image":{"@id":"https:\/\/thenordicsauna.com\/pl\/#\/schema\/logo\/image\/"},"sameAs":["https:\/\/www.facebook.com\/TheNordicSauna\/","https:\/\/www.instagram.com\/thenordicsauna"]}]}},"_links":{"self":[{"href":"https:\/\/thenordicsauna.com\/pl\/wp-json\/wp\/v2\/product\/8673","targetHints":{"allow":["GET"]}}],"collection":[{"href":"https:\/\/thenordicsauna.com\/pl\/wp-json\/wp\/v2\/product"}],"about":[{"href":"https:\/\/thenordicsauna.com\/pl\/wp-json\/wp\/v2\/types\/product"}],"version-history":[{"count":1,"href":"https:\/\/thenordicsauna.com\/pl\/wp-json\/wp\/v2\/product\/8673\/revisions"}],"predecessor-version":[{"id":9502,"href":"https:\/\/thenordicsauna.com\/pl\/wp-json\/wp\/v2\/product\/8673\/revisions\/9502"}],"wp:featuredmedia":[{"embeddable":true,"href":"https:\/\/thenordicsauna.com\/pl\/wp-json\/wp\/v2\/media\/7681"}],"wp:attachment":[{"href":"https:\/\/thenordicsauna.com\/pl\/wp-json\/wp\/v2\/media?parent=8673"}],"wp:term":[{"taxonomy":"product_brand","embeddable":true,"href":"https:\/\/thenordicsauna.com\/pl\/wp-json\/wp\/v2\/product_brand?post=8673"},{"taxonomy":"product_cat","embeddable":true,"href":"https:\/\/thenordicsauna.com\/pl\/wp-json\/wp\/v2\/product_cat?post=8673"},{"taxonomy":"product_tag","embeddable":true,"href":"https:\/\/thenordicsauna.com\/pl\/wp-json\/wp\/v2\/product_tag?post=8673"}],"curies":[{"name":"wp","href":"https:\/\/api.w.org\/{rel}","templated":true}]}}