{"id":8674,"date":"2025-04-26T00:47:07","date_gmt":"2025-04-26T00:47:07","guid":{"rendered":"https:\/\/thenordicsauna.com\/shop\/pompa-ciepla-agregat-chlodniczy-poolex-ice-spa-7kw\/"},"modified":"2025-04-26T00:47:07","modified_gmt":"2025-04-26T00:47:07","slug":"pompa-ciepla-agregat-chlodniczy-poolex-ice-spa-7kw","status":"publish","type":"product","link":"https:\/\/thenordicsauna.com\/pl\/shop\/pompa-ciepla-agregat-chlodniczy-poolex-ice-spa-7kw\/","title":{"rendered":"Pompa ciep\u0142a \/ agregat ch\u0142odniczy Poolex Ice Spa 7kW"},"content":{"rendered":"","protected":false},"excerpt":{"rendered":"<ul>\n<li>\n<p class=\"p1\">To jest <span class=\"s1\"><br \/>\n  <b>NOWO\u015a\u0106<\/b><br \/>\n<\/span> drugiej generacji <span class=\"s1\"><br \/>\n  <b>Ice Spa<\/b><br \/>\n<\/span>znacznie ulepszone w stosunku do poprzedniego modelu <span class=\"s1\"><br \/>\n  <b>modelu 5kW<\/b><br \/>\n<\/span> do bardziej wydajnego <span class=\"s1\"><br \/>\n  <b>7kW<\/b><br \/>\n<\/span>. Pomimo zwi\u0119kszonej mocy, zosta\u0142 zaprojektowany tak, aby <span class=\"s1\"><br \/>\n  <b>zu\u017cywa\u0107 mniej energii<\/b><br \/>\n<\/span>dzia\u0142a\u0107 <span class=\"s1\"><br \/>\n  <b>ciszej<\/b><br \/>\n<\/span>i osi\u0105gn\u0105\u0107 <span class=\"s1\"><br \/>\n  <b>wi\u0119ksz\u0105 wydajno\u015b\u0107.<\/b><br \/>\n<\/span>. <\/p>\n<\/li>\n<li>Wydajno\u015b\u0107 w ekstremalnych warunkach klimatycznych: Dzia\u0142a wydajnie w temperaturach do -25\u00b0C, co czyni j\u0105 najlepsz\u0105 pomp\u0105 ciep\u0142a do wanien z hydromasa\u017cem w zimnych regionach.<\/li>\n<li>Zdalne sterowanie: Zarz\u0105dzaj ustawieniami pompy ciep\u0142a Poolstar w dowolnym miejscu i czasie za pomoc\u0105 aplikacji Smartlife.<\/li>\n<li>Technologia Full Inverter: Zapewnia stabiln\u0105 kontrol\u0119 temperatury i maksymalizuje oszcz\u0119dno\u015b\u0107 energii dzi\u0119ki inteligentnej regulacji pr\u0119dko\u015bci spr\u0119\u017carki w pompie ciep\u0142a Spawer Ice Spa.<\/li>\n<li>Technologia EVI: Enhanced Vapor Injection zapewnia wysok\u0105 wydajno\u015b\u0107 nawet w ekstremalnych warunkach pogodowych.<\/li>\n<li>Odwracalna funkcjonalno\u015b\u0107: Oferuje zar\u00f3wno tryb ogrzewania, jak i ch\u0142odzenia, zapewniaj\u0105c komfort o ka\u017cdej porze roku.<\/li>\n<li>Szeroka kompatybilno\u015b\u0107: Bezproblemowa integracja z r\u00f3\u017cnymi spa, wannami z hydromasa\u017cem i istniej\u0105cymi systemami grzewczymi, takimi jak piece opalane drewnem lub grzejniki elektryczne.<\/li>\n<li>Pompa ciep\u0142a Poolstar Spawer Ice Spa zosta\u0142a zaprojektowana z my\u015bl\u0105 o ekstremalnych warunkach klimatycznych, zapewniaj\u0105c niezawodn\u0105 prac\u0119 przez ca\u0142y rok, nawet w ujemnych temperaturach. W przypadku umiarkowanego klimatu lub u\u017cytku sezonowego, <a href=\"https:\/\/thenordicsauna.com\/shop\/poolex-ospa-5kw-heat-pump\/\">pompa ciep\u0142a Spawer O&#8217;Spa<\/a> stanowi ta\u0144sze rozwi\u0105zanie, idealne do u\u017cytku od wiosny do jesieni. <\/li>\n<li>Dowiedz si\u0119 wi\u0119cej o pompie ciep\u0142a Ice Spa <a href=\"https:\/\/thenordicsauna.com\/et\/equipment\/spawer-icespa\/\" target=\"_blank\" rel=\"noopener\">tutaj<\/a>.<\/li>\n<li>Dowiedz si\u0119 wi\u0119cej o pompach ciep\u0142a O&#8217;Spa i Ice Spa w naszym <a href=\"https:\/\/soundcloud.com\/thenordicsauna\/heat_pumps_and_hot_tubs\" target=\"_blank\" rel=\"noopener\">podca\u015bcie<\/a>.<\/li>\n<li>\n<p class=\"p1\">Dostarczamy ten produkt do ca\u0142ej Europy, z wyj\u0105tkiem Anglii.<\/p>\n<\/li>\n<\/ul>\n","protected":false},"featured_media":6551,"template":"","meta":{"_acf_changed":false},"product_brand":[],"product_cat":[128,131,127],"product_tag":[],"class_list":{"0":"post-8674","1":"product","2":"type-product","3":"status-publish","4":"has-post-thumbnail","6":"product_cat-akcesoria-do-balii-do-kapieli","7":"product_cat-akcesoria-nordicsix","8":"product_cat-kontrola-wody","9":"product_shipping_class-pompa-ciepla","11":"first","12":"instock","13":"purchasable","14":"product-type-simple"},"acf":[],"yoast_head":"<!-- This site is optimized with the Yoast SEO plugin v26.6 - https:\/\/yoast.com\/wordpress\/plugins\/seo\/ -->\n<title>Pompa ciep\u0142a \/ agregat ch\u0142odniczy Poolex Ice Spa 7kW | TheNordicSauna<\/title>\n<meta name=\"description\" content=\"Dostawa na terenie ca\u0142ej Europy! Poolstar Spawer IceSpa podgrzewa i ch\u0142odzi wanny z hydromasa\u017cem i wanny lodowe, utrzymuj\u0105c idealn\u0105 wod\u0119 nawet w mro\u017anym klimacie do -25\u00b0C.\" \/>\n<meta name=\"robots\" content=\"index, follow, max-snippet:-1, max-image-preview:large, max-video-preview:-1\" \/>\n<link rel=\"canonical\" href=\"https:\/\/thenordicsauna.com\/pl\/shop\/pompa-ciepla-agregat-chlodniczy-poolex-ice-spa-7kw\/\" \/>\n<meta property=\"og:locale\" content=\"pl_PL\" \/>\n<meta property=\"og:type\" content=\"article\" \/>\n<meta property=\"og:title\" content=\"Pompa ciep\u0142a \/ agregat ch\u0142odniczy Poolex Ice Spa 7kW | TheNordicSauna\" \/>\n<meta property=\"og:description\" content=\"Dostawa na terenie ca\u0142ej Europy! Poolstar Spawer IceSpa podgrzewa i ch\u0142odzi wanny z hydromasa\u017cem i wanny lodowe, utrzymuj\u0105c idealn\u0105 wod\u0119 nawet w mro\u017anym klimacie do -25\u00b0C.\" \/>\n<meta property=\"og:url\" content=\"https:\/\/thenordicsauna.com\/pl\/shop\/pompa-ciepla-agregat-chlodniczy-poolex-ice-spa-7kw\/\" \/>\n<meta property=\"og:site_name\" content=\"TheNordicSauna\" \/>\n<meta property=\"article:publisher\" content=\"https:\/\/www.facebook.com\/TheNordicSauna\/\" \/>\n<meta property=\"og:image\" content=\"https:\/\/thenordicsauna.com\/wp-content\/uploads\/2025\/04\/IMG_4740-1024x768.jpg\" \/>\n\t<meta property=\"og:image:width\" content=\"1024\" \/>\n\t<meta property=\"og:image:height\" content=\"768\" \/>\n\t<meta property=\"og:image:type\" content=\"image\/jpeg\" \/>\n<meta name=\"twitter:card\" content=\"summary_large_image\" \/>\n<script type=\"application\/ld+json\" class=\"yoast-schema-graph\">{\"@context\":\"https:\/\/schema.org\",\"@graph\":[{\"@type\":\"WebPage\",\"@id\":\"https:\/\/thenordicsauna.com\/pl\/shop\/pompa-ciepla-agregat-chlodniczy-poolex-ice-spa-7kw\/\",\"url\":\"https:\/\/thenordicsauna.com\/pl\/shop\/pompa-ciepla-agregat-chlodniczy-poolex-ice-spa-7kw\/\",\"name\":\"Pompa ciep\u0142a \/ agregat ch\u0142odniczy Poolex Ice Spa 7kW | TheNordicSauna\",\"isPartOf\":{\"@id\":\"https:\/\/thenordicsauna.com\/pl\/#website\"},\"primaryImageOfPage\":{\"@id\":\"https:\/\/thenordicsauna.com\/pl\/shop\/pompa-ciepla-agregat-chlodniczy-poolex-ice-spa-7kw\/#primaryimage\"},\"image\":{\"@id\":\"https:\/\/thenordicsauna.com\/pl\/shop\/pompa-ciepla-agregat-chlodniczy-poolex-ice-spa-7kw\/#primaryimage\"},\"thumbnailUrl\":\"https:\/\/thenordicsauna.com\/wp-content\/uploads\/2025\/05\/Poolstar-Poolex-Ice-Spa-7kw-web.png\",\"datePublished\":\"2025-04-26T00:47:07+00:00\",\"description\":\"Dostawa na terenie ca\u0142ej Europy! Poolstar Spawer IceSpa podgrzewa i ch\u0142odzi wanny z hydromasa\u017cem i wanny lodowe, utrzymuj\u0105c idealn\u0105 wod\u0119 nawet w mro\u017anym klimacie do -25\u00b0C.\",\"breadcrumb\":{\"@id\":\"https:\/\/thenordicsauna.com\/pl\/shop\/pompa-ciepla-agregat-chlodniczy-poolex-ice-spa-7kw\/#breadcrumb\"},\"inLanguage\":\"pl-PL\",\"potentialAction\":[{\"@type\":\"ReadAction\",\"target\":[\"https:\/\/thenordicsauna.com\/pl\/shop\/pompa-ciepla-agregat-chlodniczy-poolex-ice-spa-7kw\/\"]}]},{\"@type\":\"ImageObject\",\"inLanguage\":\"pl-PL\",\"@id\":\"https:\/\/thenordicsauna.com\/pl\/shop\/pompa-ciepla-agregat-chlodniczy-poolex-ice-spa-7kw\/#primaryimage\",\"url\":\"https:\/\/thenordicsauna.com\/wp-content\/uploads\/2025\/05\/Poolstar-Poolex-Ice-Spa-7kw-web.png\",\"contentUrl\":\"https:\/\/thenordicsauna.com\/wp-content\/uploads\/2025\/05\/Poolstar-Poolex-Ice-Spa-7kw-web.png\",\"width\":1200,\"height\":925,\"caption\":\"Poolex Ice Spa\"},{\"@type\":\"BreadcrumbList\",\"@id\":\"https:\/\/thenordicsauna.com\/pl\/shop\/pompa-ciepla-agregat-chlodniczy-poolex-ice-spa-7kw\/#breadcrumb\",\"itemListElement\":[{\"@type\":\"ListItem\",\"position\":1,\"name\":\"Home\",\"item\":\"https:\/\/thenordicsauna.com\/pl\/strona-glowna\/\"},{\"@type\":\"ListItem\",\"position\":2,\"name\":\"Sklep\",\"item\":\"https:\/\/thenordicsauna.com\/shop\/\"},{\"@type\":\"ListItem\",\"position\":3,\"name\":\"Akcesoria do balii do k\u0105pieli\",\"item\":\"https:\/\/thenordicsauna.com\/pl\/kategoria-produktu\/akcesoria-do-balii-do-kapieli\/\"},{\"@type\":\"ListItem\",\"position\":4,\"name\":\"Pompa ciep\u0142a \/ agregat ch\u0142odniczy Poolex Ice Spa 7kW\"}]},{\"@type\":\"WebSite\",\"@id\":\"https:\/\/thenordicsauna.com\/pl\/#website\",\"url\":\"https:\/\/thenordicsauna.com\/pl\/\",\"name\":\"TheNordicSauna\",\"description\":\"Ultimate Outdoor SPA experience\",\"publisher\":{\"@id\":\"https:\/\/thenordicsauna.com\/pl\/#organization\"},\"alternateName\":\"TNS\",\"potentialAction\":[{\"@type\":\"SearchAction\",\"target\":{\"@type\":\"EntryPoint\",\"urlTemplate\":\"https:\/\/thenordicsauna.com\/pl\/?s={search_term_string}\"},\"query-input\":{\"@type\":\"PropertyValueSpecification\",\"valueRequired\":true,\"valueName\":\"search_term_string\"}}],\"inLanguage\":\"pl-PL\"},{\"@type\":\"Organization\",\"@id\":\"https:\/\/thenordicsauna.com\/pl\/#organization\",\"name\":\"TheNordicSauna\",\"alternateName\":\"TNS\",\"url\":\"https:\/\/thenordicsauna.com\/pl\/\",\"logo\":{\"@type\":\"ImageObject\",\"inLanguage\":\"pl-PL\",\"@id\":\"https:\/\/thenordicsauna.com\/pl\/#\/schema\/logo\/image\/\",\"url\":\"https:\/\/thenordicsauna.com\/wp-content\/uploads\/2025\/04\/TheNordicSauna-logo-white.svg\",\"contentUrl\":\"https:\/\/thenordicsauna.com\/wp-content\/uploads\/2025\/04\/TheNordicSauna-logo-white.svg\",\"width\":203,\"height\":203,\"caption\":\"TheNordicSauna\"},\"image\":{\"@id\":\"https:\/\/thenordicsauna.com\/pl\/#\/schema\/logo\/image\/\"},\"sameAs\":[\"https:\/\/www.facebook.com\/TheNordicSauna\/\",\"https:\/\/www.instagram.com\/thenordicsauna\"]}]}<\/script>\n<!-- \/ Yoast SEO plugin. -->","yoast_head_json":{"title":"Pompa ciep\u0142a \/ agregat ch\u0142odniczy Poolex Ice Spa 7kW | TheNordicSauna","description":"Dostawa na terenie ca\u0142ej Europy! Poolstar Spawer IceSpa podgrzewa i ch\u0142odzi wanny z hydromasa\u017cem i wanny lodowe, utrzymuj\u0105c idealn\u0105 wod\u0119 nawet w mro\u017anym klimacie do -25\u00b0C.","robots":{"index":"index","follow":"follow","max-snippet":"max-snippet:-1","max-image-preview":"max-image-preview:large","max-video-preview":"max-video-preview:-1"},"canonical":"https:\/\/thenordicsauna.com\/pl\/shop\/pompa-ciepla-agregat-chlodniczy-poolex-ice-spa-7kw\/","og_locale":"pl_PL","og_type":"article","og_title":"Pompa ciep\u0142a \/ agregat ch\u0142odniczy Poolex Ice Spa 7kW | TheNordicSauna","og_description":"Dostawa na terenie ca\u0142ej Europy! Poolstar Spawer IceSpa podgrzewa i ch\u0142odzi wanny z hydromasa\u017cem i wanny lodowe, utrzymuj\u0105c idealn\u0105 wod\u0119 nawet w mro\u017anym klimacie do -25\u00b0C.","og_url":"https:\/\/thenordicsauna.com\/pl\/shop\/pompa-ciepla-agregat-chlodniczy-poolex-ice-spa-7kw\/","og_site_name":"TheNordicSauna","article_publisher":"https:\/\/www.facebook.com\/TheNordicSauna\/","og_image":[{"width":1024,"height":768,"url":"https:\/\/thenordicsauna.com\/wp-content\/uploads\/2025\/04\/IMG_4740-1024x768.jpg","type":"image\/jpeg"}],"twitter_card":"summary_large_image","schema":{"@context":"https:\/\/schema.org","@graph":[{"@type":"WebPage","@id":"https:\/\/thenordicsauna.com\/pl\/shop\/pompa-ciepla-agregat-chlodniczy-poolex-ice-spa-7kw\/","url":"https:\/\/thenordicsauna.com\/pl\/shop\/pompa-ciepla-agregat-chlodniczy-poolex-ice-spa-7kw\/","name":"Pompa ciep\u0142a \/ agregat ch\u0142odniczy Poolex Ice Spa 7kW | TheNordicSauna","isPartOf":{"@id":"https:\/\/thenordicsauna.com\/pl\/#website"},"primaryImageOfPage":{"@id":"https:\/\/thenordicsauna.com\/pl\/shop\/pompa-ciepla-agregat-chlodniczy-poolex-ice-spa-7kw\/#primaryimage"},"image":{"@id":"https:\/\/thenordicsauna.com\/pl\/shop\/pompa-ciepla-agregat-chlodniczy-poolex-ice-spa-7kw\/#primaryimage"},"thumbnailUrl":"https:\/\/thenordicsauna.com\/wp-content\/uploads\/2025\/05\/Poolstar-Poolex-Ice-Spa-7kw-web.png","datePublished":"2025-04-26T00:47:07+00:00","description":"Dostawa na terenie ca\u0142ej Europy! Poolstar Spawer IceSpa podgrzewa i ch\u0142odzi wanny z hydromasa\u017cem i wanny lodowe, utrzymuj\u0105c idealn\u0105 wod\u0119 nawet w mro\u017anym klimacie do -25\u00b0C.","breadcrumb":{"@id":"https:\/\/thenordicsauna.com\/pl\/shop\/pompa-ciepla-agregat-chlodniczy-poolex-ice-spa-7kw\/#breadcrumb"},"inLanguage":"pl-PL","potentialAction":[{"@type":"ReadAction","target":["https:\/\/thenordicsauna.com\/pl\/shop\/pompa-ciepla-agregat-chlodniczy-poolex-ice-spa-7kw\/"]}]},{"@type":"ImageObject","inLanguage":"pl-PL","@id":"https:\/\/thenordicsauna.com\/pl\/shop\/pompa-ciepla-agregat-chlodniczy-poolex-ice-spa-7kw\/#primaryimage","url":"https:\/\/thenordicsauna.com\/wp-content\/uploads\/2025\/05\/Poolstar-Poolex-Ice-Spa-7kw-web.png","contentUrl":"https:\/\/thenordicsauna.com\/wp-content\/uploads\/2025\/05\/Poolstar-Poolex-Ice-Spa-7kw-web.png","width":1200,"height":925,"caption":"Poolex Ice Spa"},{"@type":"BreadcrumbList","@id":"https:\/\/thenordicsauna.com\/pl\/shop\/pompa-ciepla-agregat-chlodniczy-poolex-ice-spa-7kw\/#breadcrumb","itemListElement":[{"@type":"ListItem","position":1,"name":"Home","item":"https:\/\/thenordicsauna.com\/pl\/strona-glowna\/"},{"@type":"ListItem","position":2,"name":"Sklep","item":"https:\/\/thenordicsauna.com\/shop\/"},{"@type":"ListItem","position":3,"name":"Akcesoria do balii do k\u0105pieli","item":"https:\/\/thenordicsauna.com\/pl\/kategoria-produktu\/akcesoria-do-balii-do-kapieli\/"},{"@type":"ListItem","position":4,"name":"Pompa ciep\u0142a \/ agregat ch\u0142odniczy Poolex Ice Spa 7kW"}]},{"@type":"WebSite","@id":"https:\/\/thenordicsauna.com\/pl\/#website","url":"https:\/\/thenordicsauna.com\/pl\/","name":"TheNordicSauna","description":"Ultimate Outdoor SPA experience","publisher":{"@id":"https:\/\/thenordicsauna.com\/pl\/#organization"},"alternateName":"TNS","potentialAction":[{"@type":"SearchAction","target":{"@type":"EntryPoint","urlTemplate":"https:\/\/thenordicsauna.com\/pl\/?s={search_term_string}"},"query-input":{"@type":"PropertyValueSpecification","valueRequired":true,"valueName":"search_term_string"}}],"inLanguage":"pl-PL"},{"@type":"Organization","@id":"https:\/\/thenordicsauna.com\/pl\/#organization","name":"TheNordicSauna","alternateName":"TNS","url":"https:\/\/thenordicsauna.com\/pl\/","logo":{"@type":"ImageObject","inLanguage":"pl-PL","@id":"https:\/\/thenordicsauna.com\/pl\/#\/schema\/logo\/image\/","url":"https:\/\/thenordicsauna.com\/wp-content\/uploads\/2025\/04\/TheNordicSauna-logo-white.svg","contentUrl":"https:\/\/thenordicsauna.com\/wp-content\/uploads\/2025\/04\/TheNordicSauna-logo-white.svg","width":203,"height":203,"caption":"TheNordicSauna"},"image":{"@id":"https:\/\/thenordicsauna.com\/pl\/#\/schema\/logo\/image\/"},"sameAs":["https:\/\/www.facebook.com\/TheNordicSauna\/","https:\/\/www.instagram.com\/thenordicsauna"]}]}},"_links":{"self":[{"href":"https:\/\/thenordicsauna.com\/pl\/wp-json\/wp\/v2\/product\/8674","targetHints":{"allow":["GET"]}}],"collection":[{"href":"https:\/\/thenordicsauna.com\/pl\/wp-json\/wp\/v2\/product"}],"about":[{"href":"https:\/\/thenordicsauna.com\/pl\/wp-json\/wp\/v2\/types\/product"}],"version-history":[{"count":0,"href":"https:\/\/thenordicsauna.com\/pl\/wp-json\/wp\/v2\/product\/8674\/revisions"}],"wp:featuredmedia":[{"embeddable":true,"href":"https:\/\/thenordicsauna.com\/pl\/wp-json\/wp\/v2\/media\/6551"}],"wp:attachment":[{"href":"https:\/\/thenordicsauna.com\/pl\/wp-json\/wp\/v2\/media?parent=8674"}],"wp:term":[{"taxonomy":"product_brand","embeddable":true,"href":"https:\/\/thenordicsauna.com\/pl\/wp-json\/wp\/v2\/product_brand?post=8674"},{"taxonomy":"product_cat","embeddable":true,"href":"https:\/\/thenordicsauna.com\/pl\/wp-json\/wp\/v2\/product_cat?post=8674"},{"taxonomy":"product_tag","embeddable":true,"href":"https:\/\/thenordicsauna.com\/pl\/wp-json\/wp\/v2\/product_tag?post=8674"}],"curies":[{"name":"wp","href":"https:\/\/api.w.org\/{rel}","templated":true}]}}